{"id":270754,"date":"2023-09-04T16:33:44","date_gmt":"2023-09-04T20:33:44","guid":{"rendered":"https:\/\/www.miamibeachfl.gov\/?page_id=270754"},"modified":"2025-07-15T15:35:31","modified_gmt":"2025-07-15T19:35:31","slug":"records-management","status":"publish","type":"page","link":"https:\/\/www.miamibeachfl.gov\/fr\/city-hall\/building\/records-management\/","title":{"rendered":"Gestion des dossiers du b\u00e2timent"},"content":{"rendered":"<h1>\n\t\t\tGestion des documents\t<\/h1>\nMenu du b\u00e2timent\t\t\t\n\t\t\t\t\t<ul id=\"menu-building-department\"><li id=\"menu-item-270333\" aria-haspopup=\"true\"><a aria-expanded=\"false\" href=\"\/fr\/city-hall\/building\/permits\/\">Demande de permis<\/a>\n<ul>\n\t<li id=\"menu-item-286727\"><a href=\"\/fr\/city-hall\/building\/permits\/\">Le processus d&#039;autorisation \u2013 Comment postuler<\/a><\/li>\n\t<li id=\"menu-item-271067\"><a href=\"\/fr\/city-hall\/building\/permits\/permitchecklists\/\">Listes de contr\u00f4le des permis<\/a><\/li>\n\t<li id=\"menu-item-322770\"><a href=\"\/fr\/city-hall\/building\/permits\/same-day-services\/\">Service le jour m\u00eame<\/a><\/li>\n\t<li id=\"menu-item-270341\"><a href=\"\/fr\/city-hall\/building\/onlinepermits\/\">Centre de ressources pour les permis en ligne \u2013 Postulez en ligne<\/a><\/li>\n\t<li id=\"menu-item-270340\"><a href=\"\/fr\/city-hall\/building\/permits\/interactive-permit-guide\/\">Guide interactif des permis<\/a><\/li>\n\t<li id=\"menu-item-340585\"><a href=\"\/fr\/city-hall\/building\/permits\/expired-permits-and-permit-renewals\/\">Permis expir\u00e9s et renouvellements de permis<\/a><\/li>\n<\/ul>\n<\/li>\n<li id=\"menu-item-312699\" aria-haspopup=\"true\"><a aria-expanded=\"false\" href=\"#\">Ressources relatives aux permis<\/a>\n<ul>\n\t<li id=\"menu-item-280603\"><a href=\"https:\/\/www.miamibeachfl.gov\/wp-content\/uploads\/2025\/03\/Fee-Schedule-10.01.2024_Update-3.3.2025.pdf\">Grille tarifaire<\/a><\/li>\n\t<li id=\"menu-item-272445\"><a href=\"\/fr\/city-hall\/building\/permits\/building-permits-not-required-work-list\/\">Liste des permis non requis<\/a><\/li>\n\t<li id=\"menu-item-285785\"><a href=\"\/fr\/city-hall\/building\/permits\/permit-refunds\/\">Remboursements de permis<\/a><\/li>\n\t<li id=\"menu-item-285786\"><a href=\"\/fr\/city-hall\/building\/permits\/building-permit-reprieve-program\/\">Programme d&#039;amnistie pour les violations du code du b\u00e2timent<\/a><\/li>\n\t<li id=\"menu-item-270348\"><a href=\"\/fr\/city-hall\/building\/building-recert\/\">Recertification des b\u00e2timents<\/a><\/li>\n\t<li id=\"menu-item-298042\"><a href=\"\/fr\/city-hall\/building\/permits\/fema-50-rule\/\">R\u00e8gle Fema 50%<\/a><\/li>\n\t<li id=\"menu-item-270344\"><a href=\"\/fr\/city-hall\/building\/permits\/mdc\/\">Comt\u00e9 de Miami-Dade<\/a><\/li>\n\t<li id=\"menu-item-270345\"><a href=\"\/fr\/city-hall\/building\/permits\/phased-permits\/\">Permis \u00e9chelonn\u00e9s<\/a><\/li>\n\t<li id=\"menu-item-270342\"><a href=\"\/fr\/city-hall\/building\/permits\/green\/\">Permis verts<\/a><\/li>\n\t<li id=\"menu-item-270346\"><a href=\"\/fr\/city-hall\/building\/statistics\/\">Tableaux de bord statistiques<\/a><\/li>\n\t<li id=\"menu-item-286018\"><a href=\"\/fr\/permits-search-dashboard\/\">Recherche de permis d&#039;archivage<\/a><\/li>\n<\/ul>\n<\/li>\n<li id=\"menu-item-270334\"><a href=\"\/fr\/city-hall\/building\/forms\/\">Formulaires<\/a><\/li>\n<li id=\"menu-item-270335\"><a href=\"\/fr\/city-hall\/building\/inspections\/\">Inspections<\/a><\/li>\n<li id=\"menu-item-270336\"><a href=\"\/fr\/city-hall\/building\/violations\/\">Infractions<\/a><\/li>\n<li id=\"menu-item-270339\"><a href=\"\/fr\/city-hall\/building\/contractors\/\">Entrepreneurs<\/a><\/li>\n<li id=\"menu-item-270338\" aria-haspopup=\"true\"><a aria-expanded=\"false\" href=\"\/fr\/city-hall\/building\/contact-us\/\">Contactez-nous<\/a>\n<ul>\n\t<li id=\"menu-item-270351\"><a href=\"\/fr\/city-hall\/building\/web-booking-terms\/\">Prise de rendez-vous en ligne<\/a><\/li>\n<\/ul>\n<\/li>\n<li id=\"menu-item-270337\" aria-haspopup=\"true\"><a aria-expanded=\"false\" href=\"#\">Plus de liens<\/a>\n<ul>\n\t<li id=\"menu-item-270352\"><a href=\"\/fr\/city-hall\/building\/faq\/\">FAQ<\/a><\/li>\n\t<li id=\"menu-item-270350\"><a href=\"\/fr\/city-hall\/building\/events\/\">\u00c9v\u00e9nements et annonces<\/a><\/li>\n\t<li id=\"menu-item-270353\"><a href=\"\/fr\/city-hall\/building\/local-flood-hazard-info\/\">Gestion des plaines inondables<\/a><\/li>\n\t<li id=\"menu-item-270347\"><a href=\"\/fr\/city-hall\/building\/hurricane-preparedness\/\">Pr\u00e9paration aux ouragans<\/a><\/li>\n\t<li id=\"menu-item-270349\"><a href=\"\/fr\/city-hall\/building\/records-management\/\">Gestion des documents<\/a><\/li>\n\t<li id=\"menu-item-270343\"><a href=\"\/fr\/city-hall\/building\/permits\/private-provider-info\/\">Informations sur les fournisseurs priv\u00e9s<\/a><\/li>\n\t<li id=\"menu-item-280714\"><a href=\"\/fr\/city-hall\/building\/building-recert\/annual-maintenance-log\/\">Journal de maintenance annuel<\/a><\/li>\n\t<li id=\"menu-item-285447\"><a href=\"\/fr\/city-hall\/building\/sop\/\">AMADOUER<\/a><\/li>\n<\/ul>\n<\/li>\n<\/ul>\t\nMenu du b\u00e2timent \u00d7\t\t\t\t\t\t<ul id=\"menu-building-department-1\"><li id=\"menu-item-270333\" aria-haspopup=\"true\"><a aria-expanded=\"false\" href=\"\/fr\/city-hall\/building\/permits\/\">Demande de permis<\/a>\n<ul>\n\t<li id=\"menu-item-286727\"><a href=\"\/fr\/city-hall\/building\/permits\/\">Le processus d&#039;autorisation \u2013 Comment postuler<\/a><\/li>\n\t<li id=\"menu-item-271067\"><a href=\"\/fr\/city-hall\/building\/permits\/permitchecklists\/\">Listes de contr\u00f4le des permis<\/a><\/li>\n\t<li id=\"menu-item-322770\"><a href=\"\/fr\/city-hall\/building\/permits\/same-day-services\/\">Service le jour m\u00eame<\/a><\/li>\n\t<li id=\"menu-item-270341\"><a href=\"\/fr\/city-hall\/building\/onlinepermits\/\">Centre de ressources pour les permis en ligne \u2013 Postulez en ligne<\/a><\/li>\n\t<li id=\"menu-item-270340\"><a href=\"\/fr\/city-hall\/building\/permits\/interactive-permit-guide\/\">Guide interactif des permis<\/a><\/li>\n\t<li id=\"menu-item-340585\"><a href=\"\/fr\/city-hall\/building\/permits\/expired-permits-and-permit-renewals\/\">Permis expir\u00e9s et renouvellements de permis<\/a><\/li>\n<\/ul>\n<\/li>\n<li id=\"menu-item-312699\" aria-haspopup=\"true\"><a aria-expanded=\"false\" href=\"#\">Ressources relatives aux permis<\/a>\n<ul>\n\t<li id=\"menu-item-280603\"><a href=\"https:\/\/www.miamibeachfl.gov\/wp-content\/uploads\/2025\/03\/Fee-Schedule-10.01.2024_Update-3.3.2025.pdf\">Grille tarifaire<\/a><\/li>\n\t<li id=\"menu-item-272445\"><a href=\"\/fr\/city-hall\/building\/permits\/building-permits-not-required-work-list\/\">Liste des permis non requis<\/a><\/li>\n\t<li id=\"menu-item-285785\"><a href=\"\/fr\/city-hall\/building\/permits\/permit-refunds\/\">Remboursements de permis<\/a><\/li>\n\t<li id=\"menu-item-285786\"><a href=\"\/fr\/city-hall\/building\/permits\/building-permit-reprieve-program\/\">Programme d&#039;amnistie pour les violations du code du b\u00e2timent<\/a><\/li>\n\t<li id=\"menu-item-270348\"><a href=\"\/fr\/city-hall\/building\/building-recert\/\">Recertification des b\u00e2timents<\/a><\/li>\n\t<li id=\"menu-item-298042\"><a href=\"\/fr\/city-hall\/building\/permits\/fema-50-rule\/\">R\u00e8gle Fema 50%<\/a><\/li>\n\t<li id=\"menu-item-270344\"><a href=\"\/fr\/city-hall\/building\/permits\/mdc\/\">Comt\u00e9 de Miami-Dade<\/a><\/li>\n\t<li id=\"menu-item-270345\"><a href=\"\/fr\/city-hall\/building\/permits\/phased-permits\/\">Permis \u00e9chelonn\u00e9s<\/a><\/li>\n\t<li id=\"menu-item-270342\"><a href=\"\/fr\/city-hall\/building\/permits\/green\/\">Permis verts<\/a><\/li>\n\t<li id=\"menu-item-270346\"><a href=\"\/fr\/city-hall\/building\/statistics\/\">Tableaux de bord statistiques<\/a><\/li>\n\t<li id=\"menu-item-286018\"><a href=\"\/fr\/permits-search-dashboard\/\">Recherche de permis d&#039;archivage<\/a><\/li>\n<\/ul>\n<\/li>\n<li id=\"menu-item-270334\"><a href=\"\/fr\/city-hall\/building\/forms\/\">Formulaires<\/a><\/li>\n<li id=\"menu-item-270335\"><a href=\"\/fr\/city-hall\/building\/inspections\/\">Inspections<\/a><\/li>\n<li id=\"menu-item-270336\"><a href=\"\/fr\/city-hall\/building\/violations\/\">Infractions<\/a><\/li>\n<li id=\"menu-item-270339\"><a href=\"\/fr\/city-hall\/building\/contractors\/\">Entrepreneurs<\/a><\/li>\n<li id=\"menu-item-270338\" aria-haspopup=\"true\"><a aria-expanded=\"false\" href=\"\/fr\/city-hall\/building\/contact-us\/\">Contactez-nous<\/a>\n<ul>\n\t<li id=\"menu-item-270351\"><a href=\"\/fr\/city-hall\/building\/web-booking-terms\/\">Prise de rendez-vous en ligne<\/a><\/li>\n<\/ul>\n<\/li>\n<li id=\"menu-item-270337\" aria-haspopup=\"true\"><a aria-expanded=\"false\" href=\"#\">Plus de liens<\/a>\n<ul>\n\t<li id=\"menu-item-270352\"><a href=\"\/fr\/city-hall\/building\/faq\/\">FAQ<\/a><\/li>\n\t<li id=\"menu-item-270350\"><a href=\"\/fr\/city-hall\/building\/events\/\">\u00c9v\u00e9nements et annonces<\/a><\/li>\n\t<li id=\"menu-item-270353\"><a href=\"\/fr\/city-hall\/building\/local-flood-hazard-info\/\">Gestion des plaines inondables<\/a><\/li>\n\t<li id=\"menu-item-270347\"><a href=\"\/fr\/city-hall\/building\/hurricane-preparedness\/\">Pr\u00e9paration aux ouragans<\/a><\/li>\n\t<li id=\"menu-item-270349\"><a href=\"\/fr\/city-hall\/building\/records-management\/\">Gestion des documents<\/a><\/li>\n\t<li id=\"menu-item-270343\"><a href=\"\/fr\/city-hall\/building\/permits\/private-provider-info\/\">Informations sur les fournisseurs priv\u00e9s<\/a><\/li>\n\t<li id=\"menu-item-280714\"><a href=\"\/fr\/city-hall\/building\/building-recert\/annual-maintenance-log\/\">Journal de maintenance annuel<\/a><\/li>\n\t<li id=\"menu-item-285447\"><a href=\"\/fr\/city-hall\/building\/sop\/\">AMADOUER<\/a><\/li>\n<\/ul>\n<\/li>\n<\/ul>\t\t\t\t\n\t\t\t\t\t<a href=\"#\"  id=\"fl-accordion--label-0\" tabindex=\"0\" aria-controls=\"fl-accordion--panel-0\">Comment puis-je demander des dossiers ?<\/a>\n\t\t\t\t\t\t\t\t\t\t\t<a href=\"#\" id=\"fl-accordion--icon-0\"  tabindex=\"0\"><i title=\"D\u00e9velopper\">D\u00e9velopper<\/i><\/a>\n\t\t\t\t\t<p>Les demandes peuvent \u00eatre faites via le\u00a0<strong><a href=\"https:\/\/eservices.miamibeachfl.gov\/EnerGovProd\/SelfService#\/home\">Acc\u00e8s civique <\/a><\/strong> portail.\u00a0 <a href=\"http:\/\/www.miamibeachfl.gov\/wp-content\/uploads\/2021\/09\/Submitting-a-Building-Dept-Records-Request-via-CSS.pdf\"><strong>Consultez les instructions pour soumettre une demande de documents en ligne. <\/strong><\/a><\/p>\n<p>Le processus prend entre cinq et sept jours ouvrables. Les clients seront inform\u00e9s par courriel ou par t\u00e9l\u00e9phone.<\/p>\n<p>Les demandes compl\u00e9t\u00e9es seront disponibles en t\u00e9l\u00e9chargement, sur CD ou en impression. Des copies papier peuvent \u00eatre demand\u00e9es au format lettre, l\u00e9gal ou grand livre.<\/p>\n\t\t\t\t\t<a href=\"#\"  id=\"fl-accordion--label-1\" tabindex=\"0\" aria-controls=\"fl-accordion--panel-1\">Quels types de documents sont conserv\u00e9s\u00a0?<\/a>\n\t\t\t\t\t\t\t\t\t\t\t<a href=\"#\" id=\"fl-accordion--icon-1\"  tabindex=\"0\"><i title=\"D\u00e9velopper\">D\u00e9velopper<\/i><\/a>\n\t\t\t\t\t<p>Historique des permis et des inspections, dessins, demandes et divers documents li\u00e9s au b\u00e2timent.<\/p>\n\t\t\t\t\t<a href=\"#\"  id=\"fl-accordion--label-2\" tabindex=\"0\" aria-controls=\"fl-accordion--panel-2\">O\u00f9 puis-je payer la facture ?<\/a>\n\t\t\t\t\t\t\t\t\t\t\t<a href=\"#\" id=\"fl-accordion--icon-2\"  tabindex=\"0\"><i title=\"D\u00e9velopper\">D\u00e9velopper<\/i><\/a>\n\t\t\t\t\t<p><a href=\"https:\/\/secure.miamibeachfl.gov\/payments\/\"><strong>Les clients peuvent effectuer des paiements en ligne.\u00a0<\/strong><\/a> Les frais li\u00e9s aux demandes de documents publics peuvent \u00eatre trouv\u00e9s \u00e0 la page 10 du\u00a0<strong><a href=\"https:\/\/www.miamibeachfl.gov\/wp-content\/uploads\/2025\/03\/Fee-Schedule-10.01.2024_Update-3.3.2025.pdf\">Grille tarifaire <\/a>.<\/strong><\/p>","protected":false},"excerpt":{"rendered":"<p>Records Management Building Menu Permit Application The Permitting Process &#8211; How to Apply Permitting Checklists Same Day Service Online Permitting [&hellip;]<\/p>\n","protected":false},"author":222,"featured_media":0,"parent":251511,"menu_order":23,"comment_status":"closed","ping_status":"closed","template":"","meta":{"_searchwp_excluded":"","site-sidebar-layout":"default","site-content-layout":"","ast-site-content-layout":"default","site-content-style":"default","site-sidebar-style":"default","ast-global-header-display":"","ast-banner-title-visibility":"","ast-main-header-display":"","ast-hfb-above-header-display":"","ast-hfb-below-header-display":"","ast-hfb-mobile-header-display":"","site-post-title":"","ast-breadcrumbs-content":"","ast-featured-img":"","footer-sml-layout":"","theme-transparent-header-meta":"","adv-header-id-meta":"","stick-header-meta":"","header-above-stick-meta":"","header-main-stick-meta":"","header-below-stick-meta":"","astra-migrate-meta-layouts":"default","ast-page-background-enabled":"default","ast-page-background-meta":{"desktop":{"background-color":"var(--ast-global-color-5)","background-image":"","background-repeat":"repeat","background-position":"center center","background-size":"auto","background-attachment":"scroll","background-type":"","background-media":"","overlay-type":"","overlay-color":"","overlay-opacity":"","overlay-gradient":""},"tablet":{"background-color":"","background-image":"","background-repeat":"repeat","background-position":"center center","background-size":"auto","background-attachment":"scroll","background-type":"","background-media":"","overlay-type":"","overlay-color":"","overlay-opacity":"","overlay-gradient":""},"mobile":{"background-color":"","background-image":"","background-repeat":"repeat","background-position":"center center","background-size":"auto","background-attachment":"scroll","background-type":"","background-media":"","overlay-type":"","overlay-color":"","overlay-opacity":"","overlay-gradient":""}},"ast-content-background-meta":{"desktop":{"background-color":"var(--ast-global-color-4)","background-image":"","background-repeat":"repeat","background-position":"center center","background-size":"auto","background-attachment":"scroll","background-type":"","background-media":"","overlay-type":"","overlay-color":"","overlay-opacity":"","overlay-gradient":""},"tablet":{"background-color":"var(--ast-global-color-4)","background-image":"","background-repeat":"repeat","background-position":"center center","background-size":"auto","background-attachment":"scroll","background-type":"","background-media":"","overlay-type":"","overlay-color":"","overlay-opacity":"","overlay-gradient":""},"mobile":{"background-color":"var(--ast-global-color-4)","background-image":"","background-repeat":"repeat","background-position":"center center","background-size":"auto","background-attachment":"scroll","background-type":"","background-media":"","overlay-type":"","overlay-color":"","overlay-opacity":"","overlay-gradient":""}},"footnotes":""},"categories":[],"tags":[1044],"class_list":["post-270754","page","type-page","status-publish","hentry","tag-building-department"],"yoast_head":"<!-- This site is optimized with the Yoast SEO Premium plugin v27.4 (Yoast SEO v27.4) - https:\/\/yoast.com\/product\/yoast-seo-premium-wordpress\/ -->\n<title>Building Records Management - City of Miami Beach<\/title>\n<meta name=\"description\" content=\"Requests can be made via the\u00a0Civic Access portal.\u00a0 View instructions for submitting a records request online.The process takes between five to seven business days.\u00a0 Customers will be notified by email or phone.\" \/>\n<meta name=\"robots\" content=\"index, follow, max-snippet:-1, max-image-preview:large, max-video-preview:-1\" \/>\n<link rel=\"canonical\" href=\"https:\/\/www.miamibeachfl.gov\/fr\/city-hall\/building\/records-management\/\" \/>\n<meta property=\"og:locale\" content=\"fr_FR\" \/>\n<meta property=\"og:type\" content=\"article\" \/>\n<meta property=\"og:title\" content=\"Building Records Management\" \/>\n<meta property=\"og:description\" content=\"Requests can be made via the\u00a0Civic Access portal.\u00a0 View instructions for submitting a records request online.The process takes between five to seven business days.\u00a0 Customers will be notified by email or phone.\" \/>\n<meta property=\"og:url\" content=\"https:\/\/www.miamibeachfl.gov\/fr\/city-hall\/building\/records-management\/\" \/>\n<meta property=\"og:site_name\" content=\"City of Miami Beach\" \/>\n<meta property=\"article:publisher\" content=\"https:\/\/www.facebook.com\/cityofmiamibeach\" \/>\n<meta property=\"article:modified_time\" content=\"2025-07-15T19:35:31+00:00\" \/>\n<meta property=\"og:image\" content=\"https:\/\/www.miamibeachfl.gov\/wp-content\/uploads\/2023\/08\/Masterpermitcircle.jpeg\" \/>\n\t<meta property=\"og:image:width\" content=\"1200\" \/>\n\t<meta property=\"og:image:height\" content=\"1200\" \/>\n\t<meta property=\"og:image:type\" content=\"image\/jpeg\" \/>\n<meta name=\"twitter:card\" content=\"summary_large_image\" \/>\n<meta name=\"twitter:site\" content=\"@Miamibeachnews\" \/>\n<script type=\"application\/ld+json\" class=\"yoast-schema-graph\">{\"@context\":\"https:\\\/\\\/schema.org\",\"@graph\":[{\"@type\":\"WebPage\",\"@id\":\"https:\\\/\\\/www.miamibeachfl.gov\\\/city-hall\\\/building\\\/records-management\\\/\",\"url\":\"https:\\\/\\\/www.miamibeachfl.gov\\\/city-hall\\\/building\\\/records-management\\\/\",\"name\":\"Building Records Management - City of Miami Beach\",\"isPartOf\":{\"@id\":\"https:\\\/\\\/www.miamibeachfl.gov\\\/#website\"},\"datePublished\":\"2023-09-04T20:33:44+00:00\",\"dateModified\":\"2025-07-15T19:35:31+00:00\",\"description\":\"Requests can be made via the\u00a0Civic Access portal.\u00a0 View instructions for submitting a records request online.The process takes between five to seven business days.\u00a0 Customers will be notified by email or phone.\",\"breadcrumb\":{\"@id\":\"https:\\\/\\\/www.miamibeachfl.gov\\\/city-hall\\\/building\\\/records-management\\\/#breadcrumb\"},\"inLanguage\":\"fr-FR\",\"potentialAction\":[{\"@type\":\"ReadAction\",\"target\":[\"https:\\\/\\\/www.miamibeachfl.gov\\\/city-hall\\\/building\\\/records-management\\\/\"]}]},{\"@type\":\"BreadcrumbList\",\"@id\":\"https:\\\/\\\/www.miamibeachfl.gov\\\/city-hall\\\/building\\\/records-management\\\/#breadcrumb\",\"itemListElement\":[{\"@type\":\"ListItem\",\"position\":1,\"name\":\"Home\",\"item\":\"https:\\\/\\\/www.miamibeachfl.gov\\\/\"},{\"@type\":\"ListItem\",\"position\":2,\"name\":\"City Hall\",\"item\":\"https:\\\/\\\/www.miamibeachfl.gov\\\/city-hall\\\/\"},{\"@type\":\"ListItem\",\"position\":3,\"name\":\"Building\",\"item\":\"https:\\\/\\\/www.miamibeachfl.gov\\\/city-hall\\\/building\\\/\"},{\"@type\":\"ListItem\",\"position\":4,\"name\":\"Building Records Management\"}]},{\"@type\":\"WebSite\",\"@id\":\"https:\\\/\\\/www.miamibeachfl.gov\\\/#website\",\"url\":\"https:\\\/\\\/www.miamibeachfl.gov\\\/\",\"name\":\"City of Miami Beach\",\"description\":\"The official website of the City of Miami Beach. Stay informed, find important information on city services, news, alerts, events, trolley routes, government employment and more.\",\"publisher\":{\"@id\":\"https:\\\/\\\/www.miamibeachfl.gov\\\/#organization\"},\"potentialAction\":[{\"@type\":\"SearchAction\",\"target\":{\"@type\":\"EntryPoint\",\"urlTemplate\":\"https:\\\/\\\/www.miamibeachfl.gov\\\/?s={search_term_string}\"},\"query-input\":{\"@type\":\"PropertyValueSpecification\",\"valueRequired\":true,\"valueName\":\"search_term_string\"}}],\"inLanguage\":\"fr-FR\"},{\"@type\":\"Organization\",\"@id\":\"https:\\\/\\\/www.miamibeachfl.gov\\\/#organization\",\"name\":\"City of Miami Beach\",\"url\":\"https:\\\/\\\/www.miamibeachfl.gov\\\/\",\"logo\":{\"@type\":\"ImageObject\",\"inLanguage\":\"fr-FR\",\"@id\":\"https:\\\/\\\/www.miamibeachfl.gov\\\/#\\\/schema\\\/logo\\\/image\\\/\",\"url\":\"https:\\\/\\\/www.miamibeachfl.gov\\\/wp-content\\\/uploads\\\/2022\\\/06\\\/miamibeach-logoblue.png\",\"contentUrl\":\"https:\\\/\\\/www.miamibeachfl.gov\\\/wp-content\\\/uploads\\\/2022\\\/06\\\/miamibeach-logoblue.png\",\"width\":1962,\"height\":381,\"caption\":\"City of Miami Beach\"},\"image\":{\"@id\":\"https:\\\/\\\/www.miamibeachfl.gov\\\/#\\\/schema\\\/logo\\\/image\\\/\"},\"sameAs\":[\"https:\\\/\\\/www.facebook.com\\\/cityofmiamibeach\",\"https:\\\/\\\/x.com\\\/Miamibeachnews\",\"https:\\\/\\\/www.instagram.com\\\/miamibeachnews\\\/\"],\"description\":\"The official website of the City of Miami Beach. Stay informed, find important information on city services, news, alerts, events, trolley routes, government employment and more.\",\"telephone\":\"305.604.CITY(2489)\",\"legalName\":\"City of Miami Beach\"}]}<\/script>\n<!-- \/ Yoast SEO Premium plugin. -->","yoast_head_json":{"title":"Gestion des documents du b\u00e2timent \u2013 Ville de Miami Beach","description":"Les demandes peuvent \u00eatre faites via le portail Civic Access. Consultez les instructions pour soumettre une demande de documents en ligne. Le processus prend entre cinq et sept jours ouvrables. Les clients seront inform\u00e9s par courriel ou par t\u00e9l\u00e9phone.","robots":{"index":"index","follow":"follow","max-snippet":"max-snippet:-1","max-image-preview":"max-image-preview:large","max-video-preview":"max-video-preview:-1"},"canonical":"https:\/\/www.miamibeachfl.gov\/fr\/city-hall\/building\/records-management\/","og_locale":"fr_FR","og_type":"article","og_title":"Building Records Management","og_description":"Requests can be made via the\u00a0Civic Access portal.\u00a0 View instructions for submitting a records request online.The process takes between five to seven business days.\u00a0 Customers will be notified by email or phone.","og_url":"https:\/\/www.miamibeachfl.gov\/fr\/city-hall\/building\/records-management\/","og_site_name":"City of Miami Beach","article_publisher":"https:\/\/www.facebook.com\/cityofmiamibeach","article_modified_time":"2025-07-15T19:35:31+00:00","og_image":[{"width":1200,"height":1200,"url":"https:\/\/www.miamibeachfl.gov\/wp-content\/uploads\/2023\/08\/Masterpermitcircle.jpeg","type":"image\/jpeg"}],"twitter_card":"summary_large_image","twitter_site":"@Miamibeachnews","schema":{"@context":"https:\/\/schema.org","@graph":[{"@type":"WebPage","@id":"https:\/\/www.miamibeachfl.gov\/city-hall\/building\/records-management\/","url":"https:\/\/www.miamibeachfl.gov\/city-hall\/building\/records-management\/","name":"Gestion des documents du b\u00e2timent \u2013 Ville de Miami Beach","isPartOf":{"@id":"https:\/\/www.miamibeachfl.gov\/#website"},"datePublished":"2023-09-04T20:33:44+00:00","dateModified":"2025-07-15T19:35:31+00:00","description":"Les demandes peuvent \u00eatre faites via le portail Civic Access. Consultez les instructions pour soumettre une demande de documents en ligne. Le processus prend entre cinq et sept jours ouvrables. Les clients seront inform\u00e9s par courriel ou par t\u00e9l\u00e9phone.","breadcrumb":{"@id":"https:\/\/www.miamibeachfl.gov\/city-hall\/building\/records-management\/#breadcrumb"},"inLanguage":"fr-FR","potentialAction":[{"@type":"ReadAction","target":["https:\/\/www.miamibeachfl.gov\/city-hall\/building\/records-management\/"]}]},{"@type":"BreadcrumbList","@id":"https:\/\/www.miamibeachfl.gov\/city-hall\/building\/records-management\/#breadcrumb","itemListElement":[{"@type":"ListItem","position":1,"name":"Home","item":"https:\/\/www.miamibeachfl.gov\/"},{"@type":"ListItem","position":2,"name":"City Hall","item":"https:\/\/www.miamibeachfl.gov\/city-hall\/"},{"@type":"ListItem","position":3,"name":"Building","item":"https:\/\/www.miamibeachfl.gov\/city-hall\/building\/"},{"@type":"ListItem","position":4,"name":"Building Records Management"}]},{"@type":"WebSite","@id":"https:\/\/www.miamibeachfl.gov\/#website","url":"https:\/\/www.miamibeachfl.gov\/","name":"Ville de Miami Beach","description":"Site officiel de la ville de Miami Beach. Restez inform\u00e9 et trouvez des informations importantes sur les services municipaux, les actualit\u00e9s, les alertes, les \u00e9v\u00e9nements, les itin\u00e9raires de tramway, les emplois gouvernementaux et bien plus encore.","publisher":{"@id":"https:\/\/www.miamibeachfl.gov\/#organization"},"potentialAction":[{"@type":"SearchAction","target":{"@type":"EntryPoint","urlTemplate":"https:\/\/www.miamibeachfl.gov\/?s={search_term_string}"},"query-input":{"@type":"PropertyValueSpecification","valueRequired":true,"valueName":"search_term_string"}}],"inLanguage":"fr-FR"},{"@type":"Organization","@id":"https:\/\/www.miamibeachfl.gov\/#organization","name":"Ville de Miami Beach","url":"https:\/\/www.miamibeachfl.gov\/","logo":{"@type":"ImageObject","inLanguage":"fr-FR","@id":"https:\/\/www.miamibeachfl.gov\/#\/schema\/logo\/image\/","url":"https:\/\/www.miamibeachfl.gov\/wp-content\/uploads\/2022\/06\/miamibeach-logoblue.png","contentUrl":"https:\/\/www.miamibeachfl.gov\/wp-content\/uploads\/2022\/06\/miamibeach-logoblue.png","width":1962,"height":381,"caption":"City of Miami Beach"},"image":{"@id":"https:\/\/www.miamibeachfl.gov\/#\/schema\/logo\/image\/"},"sameAs":["https:\/\/www.facebook.com\/cityofmiamibeach","https:\/\/x.com\/Miamibeachnews","https:\/\/www.instagram.com\/miamibeachnews\/"],"description":"Site officiel de la ville de Miami Beach. Restez inform\u00e9 et trouvez des informations importantes sur les services municipaux, les actualit\u00e9s, les alertes, les \u00e9v\u00e9nements, les itin\u00e9raires de tramway, les emplois gouvernementaux et bien plus encore.","telephone":"305.604.CITY(2489)","legalName":"City of Miami Beach"}]}},"_links":{"self":[{"href":"https:\/\/www.miamibeachfl.gov\/fr\/wp-json\/wp\/v2\/pages\/270754","targetHints":{"allow":["GET"]}}],"collection":[{"href":"https:\/\/www.miamibeachfl.gov\/fr\/wp-json\/wp\/v2\/pages"}],"about":[{"href":"https:\/\/www.miamibeachfl.gov\/fr\/wp-json\/wp\/v2\/types\/page"}],"author":[{"embeddable":true,"href":"https:\/\/www.miamibeachfl.gov\/fr\/wp-json\/wp\/v2\/users\/222"}],"replies":[{"embeddable":true,"href":"https:\/\/www.miamibeachfl.gov\/fr\/wp-json\/wp\/v2\/comments?post=270754"}],"version-history":[{"count":1,"href":"https:\/\/www.miamibeachfl.gov\/fr\/wp-json\/wp\/v2\/pages\/270754\/revisions"}],"predecessor-version":[{"id":386778,"href":"https:\/\/www.miamibeachfl.gov\/fr\/wp-json\/wp\/v2\/pages\/270754\/revisions\/386778"}],"up":[{"embeddable":true,"href":"https:\/\/www.miamibeachfl.gov\/fr\/wp-json\/wp\/v2\/pages\/251511"}],"wp:attachment":[{"href":"https:\/\/www.miamibeachfl.gov\/fr\/wp-json\/wp\/v2\/media?parent=270754"}],"wp:term":[{"taxonomy":"category","embeddable":true,"href":"https:\/\/www.miamibeachfl.gov\/fr\/wp-json\/wp\/v2\/categories?post=270754"},{"taxonomy":"post_tag","embeddable":true,"href":"https:\/\/www.miamibeachfl.gov\/fr\/wp-json\/wp\/v2\/tags?post=270754"}],"curies":[{"name":"wp","href":"https:\/\/api.w.org\/{rel}","templated":true}]}}