{"id":275482,"date":"2023-10-18T11:34:09","date_gmt":"2023-10-18T15:34:09","guid":{"rendered":"https:\/\/www.miamibeachfl.gov\/?page_id=275482"},"modified":"2026-04-23T10:22:45","modified_gmt":"2026-04-23T14:22:45","slug":"stillwater-guardhouse","status":"publish","type":"page","link":"https:\/\/www.miamibeachfl.gov\/fr\/projects\/stillwater-guardhouse\/","title":{"rendered":"Poste de garde de Stillwater"},"content":{"rendered":"\n\n\t<p> Project Completed<\/p>\n<h3>\n\t\t\tStillwater Guard House Renovation\t<\/h3>\n\t<p>The Stillwater Drive guard house is undergoing a series of improvements including the installation of pavers, a new monument sign and an announcement board, new landscaping and the installation of new guard house equipment.<\/p>\n\t\t<h3>\t\n\tProject Updates<\/h3>\t\n\t<ul role=\"tablist\">\n\t\t\t\t\t\t\t\t<li role=\"presentation\">\t\t\t\t<button type=\"button\" id=\"fl-tabs--label-0\" data-index=\"0\" role=\"tab\" aria-selected=\"true\" aria-controls=\"fl-tabs--panel-0\">\n\t\t\t\tMOST RECENT UPDATE\t\t\t\t<\/button>\n\t\t\t\t<\/li>\t\t\t\t\t\t\t\t<li role=\"presentation\">\t\t\t\t<button type=\"button\" id=\"fl-tabs--label-1\" data-index=\"1\" role=\"tab\" aria-selected=\"false\" aria-controls=\"fl-tabs--panel-1\">\n\t\t\t\tPAST UPDATES\t\t\t\t<\/button>\n\t\t\t\t<\/li>\t\t\t\t\n\t<\/ul>\n\t\t\t\t\t<button type=\"button\" data-index=\"0\" role=\"tab\" aria-selected=\"true\" aria-controls=\"fl-tabs--panel-0\">\n\t\t\t\t\t\tMOST RECENT UPDATE\n\t\t\t\t\t<\/button>\n\t\t\t\t\t<button type=\"button\" data-index=\"1\" role=\"tab\" aria-selected=\"false\" aria-controls=\"fl-tabs--panel-1\">\n\t\t\t\t\t\tPAST UPDATES\n\t\t\t\t\t<\/button>\n\t\t<h3>\t\n\tPhoto Gallery<\/h3>\t\n<h3>\n\t\t\tProject Staff\t<\/h3>\n\t<hr \/>\n<h3><strong>Department Lead<br \/>\nCapital Improvement Projects (CIP)<\/strong><\/h3>\n<h3><strong>Department Director<br \/>\nDavid Martinez, P.E.<\/strong><\/h3>\n<h3><strong>Division Director<br \/>\nDavid Gomez<\/strong><\/h3>\n<h3><strong>Senior Project Manager<br \/>\nAriel Guitian<\/strong><\/h3>\n<hr \/>\n<h3>Neighborhood Affairs Coordinator<br \/>\nDexter Peralta<br \/>\n<a href=\"mailto:DexterPeralta@miamibeachfl.gov\">DexterPeralta@miamibeachfl.gov<\/a><br \/>\n<\/h3>\n<hr \/>\n<h3>Contractor<br \/>\nLEE Construction<\/h3>\n<h3>\n\t\t\tFunding\t<\/h3>\n\t\t<h3>\t\n\tTotal Budget: $250,000<\/h3>\t\n<h3>\n\t\t\tLocation\t<\/h3>\n\t<iframe src=\"https:\/\/www.google.com\/maps\/embed\/v1\/place?q=25.869358%2C+-80.129828&#038;key=AIzaSyD09zQ9PNDNNy9TadMuzRV_UsPUoWKntt8\" aria-hidden=\"true\" title=\"West Avenue, Miami Beach Map\"><\/iframe>\n<h3>\n\t\t\tRequest More Information\t<\/h3>\n\t<div class=\"wpforms-container wpforms-container-full\" id=\"wpforms-258000\"><form id=\"wpforms-form-258000\" class=\"wpforms-validate wpforms-form wpforms-ajax-form\" data-formid=\"258000\" method=\"post\" enctype=\"multipart\/form-data\" action=\"\/fr\/wp-json\/wp\/v2\/pages\/275482\" data-token=\"35d89aa023887a2211e8d78b01280c76\" data-token-time=\"1777579143\"><noscript class=\"wpforms-error-noscript\">Veuillez activer JavaScript dans votre navigateur pour remplir ce formulaire.<\/noscript><div class=\"wpforms-field-container\"><div id=\"wpforms-258000-field_0-container\" class=\"wpforms-field wpforms-field-name\" data-field-id=\"0\"><label class=\"wpforms-field-label\">Name <span class=\"wpforms-required-label\">*<\/span><\/label><div class=\"wpforms-field-row wpforms-field-medium\"><div class=\"wpforms-field-row-block wpforms-first wpforms-one-half\"><input type=\"text\" id=\"wpforms-258000-field_0\" class=\"wpforms-field-name-first wpforms-field-required\" name=\"wpforms[fields][0][first]\" required><label for=\"wpforms-258000-field_0\" class=\"wpforms-field-sublabel after\">Pr\u00e9nom<\/label><\/div><div class=\"wpforms-field-row-block wpforms-one-half\"><input type=\"text\" id=\"wpforms-258000-field_0-last\" class=\"wpforms-field-name-last wpforms-field-required\" name=\"wpforms[fields][0][last]\" required><label for=\"wpforms-258000-field_0-last\" class=\"wpforms-field-sublabel after\">Nom<\/label><\/div><\/div><\/div><div id=\"wpforms-258000-field_4-container\" class=\"wpforms-field wpforms-field-layout\" data-field-id=\"4\"><div class=\"wpforms-field-layout-columns wpforms-field-layout-preset-50-50\"><div class=\"wpforms-layout-column wpforms-layout-column-50\" ><div id=\"wpforms-258000-field_1-container\" class=\"wpforms-field wpforms-field-email\" data-field-id=\"1\"><label class=\"wpforms-field-label\" for=\"wpforms-258000-field_1\">Email <span class=\"wpforms-required-label\">*<\/span><\/label><input type=\"email\" id=\"wpforms-258000-field_1\" class=\"wpforms-field-medium wpforms-field-required\" name=\"wpforms[fields][1]\" spellcheck=\"false\" required><\/div><div id=\"wpforms-258000-field_7-container\" class=\"wpforms-field wpforms-field-phone\" data-field-id=\"7\"><label class=\"wpforms-field-label\" for=\"wpforms-258000-field_7\">Phone<\/label><input type=\"tel\" id=\"wpforms-258000-field_7\" class=\"wpforms-field-medium wpforms-smart-phone-field\" data-rule-smart-phone-field=\"true\" name=\"wpforms[fields][7]\" aria-label=\"Phone\" ><\/div><\/div><div class=\"wpforms-layout-column wpforms-layout-column-50\" ><div id=\"wpforms-258000-field_3-container\" class=\"wpforms-field wpforms-field-select wpforms-field-select-style-classic\" data-field-id=\"3\"><label class=\"wpforms-field-label\" for=\"wpforms-258000-field_3\">Select Area: <span class=\"wpforms-required-label\">*<\/span><\/label><select id=\"wpforms-258000-field_3\" class=\"wpforms-field-medium wpforms-field-required\" name=\"wpforms[fields][3]\" required=\"required\"><option value=\"Citywide\"  class=\"choice-1 depth-1\"  >Citywide<\/option><option value=\"South Beach\"  class=\"choice-2 depth-1\"  >South Beach<\/option><option value=\"Mid Beach\"  class=\"choice-3 depth-1\"  >Mid Beach<\/option><option value=\"North Beach\"  class=\"choice-4 depth-1\"  >North Beach<\/option><\/select><\/div><\/div><\/div><\/div><div id=\"wpforms-258000-field_2-container\" class=\"wpforms-field wpforms-field-textarea\" data-field-id=\"2\"><label class=\"wpforms-field-label\" for=\"wpforms-258000-field_2\">Comment or Message<\/label><textarea id=\"wpforms-258000-field_2\" class=\"wpforms-field-medium\" name=\"wpforms[fields][2]\" ><\/textarea><\/div><div id=\"wpforms-258000-field_6-container\" class=\"wpforms-field wpforms-field-hidden\" data-field-id=\"6\"><input type=\"hidden\" id=\"wpforms-258000-field_6\" name=\"wpforms[fields][6]\" value=\": https:\/\/www.miamibeachfl.gov\/fr\/wp-json\/wp\/v2\/pages\/275482\"><\/div><\/div><!-- .wpforms-field-container --><div class=\"wpforms-recaptcha-container wpforms-is-recaptcha wpforms-is-recaptcha-type-v2\" ><div class=\"g-recaptcha\" data-sitekey=\"6Lcwxc4pAAAAAKPjNaeWluTmul42T6sdKruYO3BQ\"><\/div><input type=\"text\" name=\"g-recaptcha-hidden\" class=\"wpforms-recaptcha-hidden\" style=\"position:absolute!important;clip:rect(0,0,0,0)!important;height:1px!important;width:1px!important;border:0!important;overflow:hidden!important;padding:0!important;margin:0!important;\" data-rule-recaptcha=\"1\"><\/div><div class=\"wpforms-submit-container\" ><input type=\"hidden\" name=\"wpforms[id]\" value=\"258000\"><input type=\"hidden\" name=\"page_title\" value=\"\"><input type=\"hidden\" name=\"page_url\" value=\"https:\/\/www.miamibeachfl.gov\/fr\/wp-json\/wp\/v2\/pages\/275482\"><input type=\"hidden\" name=\"url_referer\" value=\"\"><button type=\"submit\" name=\"wpforms[submit]\" id=\"wpforms-submit-258000\" class=\"wpforms-submit\" data-alt-text=\"Sending...\" data-submit-text=\"Submit\" aria-live=\"assertive\" value=\"wpforms-submit\">Submit<\/button><img loading=\"lazy\" decoding=\"async\" src=\"https:\/\/www.miamibeachfl.gov\/wp-content\/plugins\/wpforms\/assets\/images\/submit-spin.svg\" class=\"wpforms-submit-spinner\" style=\"display: none;\" width=\"26\" height=\"26\" alt=\"Chargement en cours\"><\/div><\/form><\/div>  <!-- .wpforms-container -->\n\t\t<h3>Last Updated<\/h3><p>October 2022<\/p>\n\n","protected":false},"excerpt":{"rendered":"<p>Project Completed Stillwater Guard House Renovation The Stillwater Drive guard house is undergoing a series of improvements including the installation [&hellip;]<\/p>\n","protected":false},"author":222,"featured_media":276570,"parent":397831,"menu_order":39,"comment_status":"closed","ping_status":"closed","template":"","meta":{"_searchwp_excluded":"","site-sidebar-layout":"default","site-content-layout":"","ast-site-content-layout":"default","site-content-style":"default","site-sidebar-style":"default","ast-global-header-display":"","ast-banner-title-visibility":"","ast-main-header-display":"","ast-hfb-above-header-display":"","ast-hfb-below-header-display":"","ast-hfb-mobile-header-display":"","site-post-title":"","ast-breadcrumbs-content":"","ast-featured-img":"","footer-sml-layout":"","theme-transparent-header-meta":"","adv-header-id-meta":"","stick-header-meta":"","header-above-stick-meta":"","header-main-stick-meta":"","header-below-stick-meta":"","astra-migrate-meta-layouts":"default","ast-page-background-enabled":"default","ast-page-background-meta":{"desktop":{"background-color":"var(--ast-global-color-5)","background-image":"","background-repeat":"repeat","background-position":"center center","background-size":"auto","background-attachment":"scroll","background-type":"","background-media":"","overlay-type":"","overlay-color":"","overlay-opacity":"","overlay-gradient":""},"tablet":{"background-color":"","background-image":"","background-repeat":"repeat","background-position":"center center","background-size":"auto","background-attachment":"scroll","background-type":"","background-media":"","overlay-type":"","overlay-color":"","overlay-opacity":"","overlay-gradient":""},"mobile":{"background-color":"","background-image":"","background-repeat":"repeat","background-position":"center center","background-size":"auto","background-attachment":"scroll","background-type":"","background-media":"","overlay-type":"","overlay-color":"","overlay-opacity":"","overlay-gradient":""}},"ast-content-background-meta":{"desktop":{"background-color":"var(--ast-global-color-4)","background-image":"","background-repeat":"repeat","background-position":"center center","background-size":"auto","background-attachment":"scroll","background-type":"","background-media":"","overlay-type":"","overlay-color":"","overlay-opacity":"","overlay-gradient":""},"tablet":{"background-color":"var(--ast-global-color-4)","background-image":"","background-repeat":"repeat","background-position":"center center","background-size":"auto","background-attachment":"scroll","background-type":"","background-media":"","overlay-type":"","overlay-color":"","overlay-opacity":"","overlay-gradient":""},"mobile":{"background-color":"var(--ast-global-color-4)","background-image":"","background-repeat":"repeat","background-position":"center center","background-size":"auto","background-attachment":"scroll","background-type":"","background-media":"","overlay-type":"","overlay-color":"","overlay-opacity":"","overlay-gradient":""}},"footnotes":""},"categories":[1888],"tags":[],"class_list":["post-275482","page","type-page","status-publish","has-post-thumbnail","hentry","category-completed-projects"],"yoast_head":"<!-- This site is optimized with the Yoast SEO Premium plugin v27.4 (Yoast SEO v27.4) - https:\/\/yoast.com\/product\/yoast-seo-premium-wordpress\/ -->\n<title>Stillwater Guardhouse - City of Miami Beach<\/title>\n<meta name=\"description\" content=\"Learn about the improvements made to the Stillwater Guardhouse, including pavers, a monument sign, and upgraded landscaping.\" \/>\n<meta name=\"robots\" content=\"index, follow, max-snippet:-1, max-image-preview:large, max-video-preview:-1\" \/>\n<link rel=\"canonical\" href=\"https:\/\/www.miamibeachfl.gov\/fr\/projects\/stillwater-guardhouse\/\" \/>\n<meta property=\"og:locale\" content=\"fr_FR\" \/>\n<meta property=\"og:type\" content=\"article\" \/>\n<meta property=\"og:title\" content=\"Stillwater Guardhouse\" \/>\n<meta property=\"og:description\" content=\"Learn about the improvements made to the Stillwater Guardhouse, including pavers, a monument sign, and upgraded landscaping.\" \/>\n<meta property=\"og:url\" content=\"https:\/\/www.miamibeachfl.gov\/fr\/projects\/stillwater-guardhouse\/\" \/>\n<meta property=\"og:site_name\" content=\"City of Miami Beach\" \/>\n<meta property=\"article:publisher\" content=\"https:\/\/www.facebook.com\/cityofmiamibeach\" \/>\n<meta property=\"article:modified_time\" content=\"2026-04-23T14:22:45+00:00\" \/>\n<meta property=\"og:image\" content=\"https:\/\/www.miamibeachfl.gov\/wp-content\/uploads\/2023\/10\/20221128-Stillwater-Renders-11-29-22-Page-011.jpg\" \/>\n\t<meta property=\"og:image:width\" content=\"1320\" \/>\n\t<meta property=\"og:image:height\" content=\"1020\" \/>\n\t<meta property=\"og:image:type\" content=\"image\/jpeg\" \/>\n<meta name=\"twitter:card\" content=\"summary_large_image\" \/>\n<meta name=\"twitter:site\" content=\"@Miamibeachnews\" \/>\n<script type=\"application\/ld+json\" class=\"yoast-schema-graph\">{\"@context\":\"https:\\\/\\\/schema.org\",\"@graph\":[{\"@type\":\"WebPage\",\"@id\":\"https:\\\/\\\/www.miamibeachfl.gov\\\/projects\\\/stillwater-guardhouse\\\/\",\"url\":\"https:\\\/\\\/www.miamibeachfl.gov\\\/projects\\\/stillwater-guardhouse\\\/\",\"name\":\"Stillwater Guardhouse - City of Miami Beach\",\"isPartOf\":{\"@id\":\"https:\\\/\\\/www.miamibeachfl.gov\\\/#website\"},\"primaryImageOfPage\":{\"@id\":\"https:\\\/\\\/www.miamibeachfl.gov\\\/projects\\\/stillwater-guardhouse\\\/#primaryimage\"},\"image\":{\"@id\":\"https:\\\/\\\/www.miamibeachfl.gov\\\/projects\\\/stillwater-guardhouse\\\/#primaryimage\"},\"thumbnailUrl\":\"https:\\\/\\\/www.miamibeachfl.gov\\\/wp-content\\\/uploads\\\/2023\\\/10\\\/20221128-Stillwater-Renders-11-29-22-Page-011.jpg\",\"datePublished\":\"2023-10-18T15:34:09+00:00\",\"dateModified\":\"2026-04-23T14:22:45+00:00\",\"description\":\"Learn about the improvements made to the Stillwater Guardhouse, including pavers, a monument sign, and upgraded landscaping.\",\"breadcrumb\":{\"@id\":\"https:\\\/\\\/www.miamibeachfl.gov\\\/projects\\\/stillwater-guardhouse\\\/#breadcrumb\"},\"inLanguage\":\"fr-FR\",\"potentialAction\":[{\"@type\":\"ReadAction\",\"target\":[\"https:\\\/\\\/www.miamibeachfl.gov\\\/projects\\\/stillwater-guardhouse\\\/\"]}]},{\"@type\":\"ImageObject\",\"inLanguage\":\"fr-FR\",\"@id\":\"https:\\\/\\\/www.miamibeachfl.gov\\\/projects\\\/stillwater-guardhouse\\\/#primaryimage\",\"url\":\"https:\\\/\\\/www.miamibeachfl.gov\\\/wp-content\\\/uploads\\\/2023\\\/10\\\/20221128-Stillwater-Renders-11-29-22-Page-011.jpg\",\"contentUrl\":\"https:\\\/\\\/www.miamibeachfl.gov\\\/wp-content\\\/uploads\\\/2023\\\/10\\\/20221128-Stillwater-Renders-11-29-22-Page-011.jpg\",\"width\":1320,\"height\":1020,\"caption\":\"stillwater guard\"},{\"@type\":\"BreadcrumbList\",\"@id\":\"https:\\\/\\\/www.miamibeachfl.gov\\\/projects\\\/stillwater-guardhouse\\\/#breadcrumb\",\"itemListElement\":[{\"@type\":\"ListItem\",\"position\":1,\"name\":\"Home\",\"item\":\"https:\\\/\\\/www.miamibeachfl.gov\\\/\"},{\"@type\":\"ListItem\",\"position\":2,\"name\":\"Projects\",\"item\":\"https:\\\/\\\/www.miamibeachfl.gov\\\/projects\\\/\"},{\"@type\":\"ListItem\",\"position\":3,\"name\":\"Stillwater Guardhouse\"}]},{\"@type\":\"WebSite\",\"@id\":\"https:\\\/\\\/www.miamibeachfl.gov\\\/#website\",\"url\":\"https:\\\/\\\/www.miamibeachfl.gov\\\/\",\"name\":\"City of Miami Beach\",\"description\":\"The official website of the City of Miami Beach. Stay informed, find important information on city services, news, alerts, events, trolley routes, government employment and more.\",\"publisher\":{\"@id\":\"https:\\\/\\\/www.miamibeachfl.gov\\\/#organization\"},\"potentialAction\":[{\"@type\":\"SearchAction\",\"target\":{\"@type\":\"EntryPoint\",\"urlTemplate\":\"https:\\\/\\\/www.miamibeachfl.gov\\\/?s={search_term_string}\"},\"query-input\":{\"@type\":\"PropertyValueSpecification\",\"valueRequired\":true,\"valueName\":\"search_term_string\"}}],\"inLanguage\":\"fr-FR\"},{\"@type\":\"Organization\",\"@id\":\"https:\\\/\\\/www.miamibeachfl.gov\\\/#organization\",\"name\":\"City of Miami Beach\",\"url\":\"https:\\\/\\\/www.miamibeachfl.gov\\\/\",\"logo\":{\"@type\":\"ImageObject\",\"inLanguage\":\"fr-FR\",\"@id\":\"https:\\\/\\\/www.miamibeachfl.gov\\\/#\\\/schema\\\/logo\\\/image\\\/\",\"url\":\"https:\\\/\\\/www.miamibeachfl.gov\\\/wp-content\\\/uploads\\\/2022\\\/06\\\/miamibeach-logoblue.png\",\"contentUrl\":\"https:\\\/\\\/www.miamibeachfl.gov\\\/wp-content\\\/uploads\\\/2022\\\/06\\\/miamibeach-logoblue.png\",\"width\":1962,\"height\":381,\"caption\":\"City of Miami Beach\"},\"image\":{\"@id\":\"https:\\\/\\\/www.miamibeachfl.gov\\\/#\\\/schema\\\/logo\\\/image\\\/\"},\"sameAs\":[\"https:\\\/\\\/www.facebook.com\\\/cityofmiamibeach\",\"https:\\\/\\\/x.com\\\/Miamibeachnews\",\"https:\\\/\\\/www.instagram.com\\\/miamibeachnews\\\/\"],\"description\":\"The official website of the City of Miami Beach. Stay informed, find important information on city services, news, alerts, events, trolley routes, government employment and more.\",\"telephone\":\"305.604.CITY(2489)\",\"legalName\":\"City of Miami Beach\"}]}<\/script>\n<!-- \/ Yoast SEO Premium plugin. -->","yoast_head_json":{"title":"Poste de garde de Stillwater \u2013 Ville de Miami Beach","description":"Learn about the improvements made to the Stillwater Guardhouse, including pavers, a monument sign, and upgraded landscaping.","robots":{"index":"index","follow":"follow","max-snippet":"max-snippet:-1","max-image-preview":"max-image-preview:large","max-video-preview":"max-video-preview:-1"},"canonical":"https:\/\/www.miamibeachfl.gov\/fr\/projects\/stillwater-guardhouse\/","og_locale":"fr_FR","og_type":"article","og_title":"Stillwater Guardhouse","og_description":"Learn about the improvements made to the Stillwater Guardhouse, including pavers, a monument sign, and upgraded landscaping.","og_url":"https:\/\/www.miamibeachfl.gov\/fr\/projects\/stillwater-guardhouse\/","og_site_name":"City of Miami Beach","article_publisher":"https:\/\/www.facebook.com\/cityofmiamibeach","article_modified_time":"2026-04-23T14:22:45+00:00","og_image":[{"width":1320,"height":1020,"url":"https:\/\/www.miamibeachfl.gov\/wp-content\/uploads\/2023\/10\/20221128-Stillwater-Renders-11-29-22-Page-011.jpg","type":"image\/jpeg"}],"twitter_card":"summary_large_image","twitter_site":"@Miamibeachnews","schema":{"@context":"https:\/\/schema.org","@graph":[{"@type":"WebPage","@id":"https:\/\/www.miamibeachfl.gov\/projects\/stillwater-guardhouse\/","url":"https:\/\/www.miamibeachfl.gov\/projects\/stillwater-guardhouse\/","name":"Poste de garde de Stillwater \u2013 Ville de Miami Beach","isPartOf":{"@id":"https:\/\/www.miamibeachfl.gov\/#website"},"primaryImageOfPage":{"@id":"https:\/\/www.miamibeachfl.gov\/projects\/stillwater-guardhouse\/#primaryimage"},"image":{"@id":"https:\/\/www.miamibeachfl.gov\/projects\/stillwater-guardhouse\/#primaryimage"},"thumbnailUrl":"https:\/\/www.miamibeachfl.gov\/wp-content\/uploads\/2023\/10\/20221128-Stillwater-Renders-11-29-22-Page-011.jpg","datePublished":"2023-10-18T15:34:09+00:00","dateModified":"2026-04-23T14:22:45+00:00","description":"Learn about the improvements made to the Stillwater Guardhouse, including pavers, a monument sign, and upgraded landscaping.","breadcrumb":{"@id":"https:\/\/www.miamibeachfl.gov\/projects\/stillwater-guardhouse\/#breadcrumb"},"inLanguage":"fr-FR","potentialAction":[{"@type":"ReadAction","target":["https:\/\/www.miamibeachfl.gov\/projects\/stillwater-guardhouse\/"]}]},{"@type":"ImageObject","inLanguage":"fr-FR","@id":"https:\/\/www.miamibeachfl.gov\/projects\/stillwater-guardhouse\/#primaryimage","url":"https:\/\/www.miamibeachfl.gov\/wp-content\/uploads\/2023\/10\/20221128-Stillwater-Renders-11-29-22-Page-011.jpg","contentUrl":"https:\/\/www.miamibeachfl.gov\/wp-content\/uploads\/2023\/10\/20221128-Stillwater-Renders-11-29-22-Page-011.jpg","width":1320,"height":1020,"caption":"stillwater guard"},{"@type":"BreadcrumbList","@id":"https:\/\/www.miamibeachfl.gov\/projects\/stillwater-guardhouse\/#breadcrumb","itemListElement":[{"@type":"ListItem","position":1,"name":"Home","item":"https:\/\/www.miamibeachfl.gov\/"},{"@type":"ListItem","position":2,"name":"Projects","item":"https:\/\/www.miamibeachfl.gov\/projects\/"},{"@type":"ListItem","position":3,"name":"Stillwater Guardhouse"}]},{"@type":"WebSite","@id":"https:\/\/www.miamibeachfl.gov\/#website","url":"https:\/\/www.miamibeachfl.gov\/","name":"Ville de Miami Beach","description":"Site officiel de la ville de Miami Beach. Restez inform\u00e9 et trouvez des informations importantes sur les services municipaux, les actualit\u00e9s, les alertes, les \u00e9v\u00e9nements, les itin\u00e9raires de tramway, les emplois gouvernementaux et bien plus encore.","publisher":{"@id":"https:\/\/www.miamibeachfl.gov\/#organization"},"potentialAction":[{"@type":"SearchAction","target":{"@type":"EntryPoint","urlTemplate":"https:\/\/www.miamibeachfl.gov\/?s={search_term_string}"},"query-input":{"@type":"PropertyValueSpecification","valueRequired":true,"valueName":"search_term_string"}}],"inLanguage":"fr-FR"},{"@type":"Organization","@id":"https:\/\/www.miamibeachfl.gov\/#organization","name":"Ville de Miami Beach","url":"https:\/\/www.miamibeachfl.gov\/","logo":{"@type":"ImageObject","inLanguage":"fr-FR","@id":"https:\/\/www.miamibeachfl.gov\/#\/schema\/logo\/image\/","url":"https:\/\/www.miamibeachfl.gov\/wp-content\/uploads\/2022\/06\/miamibeach-logoblue.png","contentUrl":"https:\/\/www.miamibeachfl.gov\/wp-content\/uploads\/2022\/06\/miamibeach-logoblue.png","width":1962,"height":381,"caption":"City of Miami Beach"},"image":{"@id":"https:\/\/www.miamibeachfl.gov\/#\/schema\/logo\/image\/"},"sameAs":["https:\/\/www.facebook.com\/cityofmiamibeach","https:\/\/x.com\/Miamibeachnews","https:\/\/www.instagram.com\/miamibeachnews\/"],"description":"Site officiel de la ville de Miami Beach. Restez inform\u00e9 et trouvez des informations importantes sur les services municipaux, les actualit\u00e9s, les alertes, les \u00e9v\u00e9nements, les itin\u00e9raires de tramway, les emplois gouvernementaux et bien plus encore.","telephone":"305.604.CITY(2489)","legalName":"City of Miami Beach"}]}},"_links":{"self":[{"href":"https:\/\/www.miamibeachfl.gov\/fr\/wp-json\/wp\/v2\/pages\/275482","targetHints":{"allow":["GET"]}}],"collection":[{"href":"https:\/\/www.miamibeachfl.gov\/fr\/wp-json\/wp\/v2\/pages"}],"about":[{"href":"https:\/\/www.miamibeachfl.gov\/fr\/wp-json\/wp\/v2\/types\/page"}],"author":[{"embeddable":true,"href":"https:\/\/www.miamibeachfl.gov\/fr\/wp-json\/wp\/v2\/users\/222"}],"replies":[{"embeddable":true,"href":"https:\/\/www.miamibeachfl.gov\/fr\/wp-json\/wp\/v2\/comments?post=275482"}],"version-history":[{"count":3,"href":"https:\/\/www.miamibeachfl.gov\/fr\/wp-json\/wp\/v2\/pages\/275482\/revisions"}],"predecessor-version":[{"id":399409,"href":"https:\/\/www.miamibeachfl.gov\/fr\/wp-json\/wp\/v2\/pages\/275482\/revisions\/399409"}],"up":[{"embeddable":true,"href":"https:\/\/www.miamibeachfl.gov\/fr\/wp-json\/wp\/v2\/pages\/397831"}],"wp:featuredmedia":[{"embeddable":true,"href":"https:\/\/www.miamibeachfl.gov\/fr\/wp-json\/wp\/v2\/media\/276570"}],"wp:attachment":[{"href":"https:\/\/www.miamibeachfl.gov\/fr\/wp-json\/wp\/v2\/media?parent=275482"}],"wp:term":[{"taxonomy":"category","embeddable":true,"href":"https:\/\/www.miamibeachfl.gov\/fr\/wp-json\/wp\/v2\/categories?post=275482"},{"taxonomy":"post_tag","embeddable":true,"href":"https:\/\/www.miamibeachfl.gov\/fr\/wp-json\/wp\/v2\/tags?post=275482"}],"curies":[{"name":"wp","href":"https:\/\/api.w.org\/{rel}","templated":true}]}}