{"id":280246,"date":"2023-11-09T15:17:03","date_gmt":"2023-11-09T20:17:03","guid":{"rendered":"https:\/\/www.miamibeachfl.gov\/city-hall\/city-attorney-new\/city-attorney\/"},"modified":"2025-12-28T07:10:58","modified_gmt":"2025-12-28T12:10:58","slug":"city-attorney","status":"publish","type":"page","link":"https:\/\/www.miamibeachfl.gov\/fr\/city-hall\/city-attorney\/","title":{"rendered":"procureur de la ville"},"content":{"rendered":"<a href=\"https:\/\/www.miamibeachfl.gov\/fr\/city-hall\/city-attorney\/attorneys\/ricardojdopico\/\" target=\"_self\" title=\"Ricardo J. Dopico, avocat municipal\">\n\t\t\t\t<img decoding=\"async\" src=\"https:\/\/www.miamibeachfl.gov\/wp-content\/uploads\/2024\/04\/RicardoJDopico-2024Circle.png\" alt=\"Ricardo J Dopico\" \/>\n\t\t\t\t<\/a>\n\t\t\t\t\t\t<h3>\n\t\t\t\t<a href=\"https:\/\/www.miamibeachfl.gov\/fr\/city-hall\/city-attorney\/attorneys\/ricardojdopico\/\" title=\"Ricardo J. Dopico, avocat municipal\">Ricardo J. Dopico <br \/> procureur de la ville<\/a>\t\t\t<\/h3>\n\t\t\t<a href=\"https:\/\/www.miamibeachfl.gov\/fr\/city-hall\/city-attorney\/attorneys\/ricardojdopico\/\" title=\"Cliquez ici\" target=\"_self\"   role=\"button\" aria-label=\"Lire la biographie\">\n\t\t\t\t\t\t\tLire la biographie\n\t\t<\/a>\n\t<p>Ricardo Dopico agit en tant que conseiller juridique de la municipalit\u00e9 et de tous ses agents dans toutes les questions relatives \u00e0 leurs pouvoirs et devoirs officiels; assiste \u00e0 toutes les r\u00e9unions de la Commission municipale; et s&#039;acquitte des t\u00e2ches qui peuvent lui \u00eatre demand\u00e9es par ordonnance ou r\u00e9solution du maire de la ville et de la Commission ou de la Charte de la ville.<\/p>\n\t<h3>\n\t\t\t\t\u00c9nonc\u00e9 de mission\n\t\t\t<\/h3>\n\t\t\t<p>Le Bureau du procureur de la ville (CAO) se consacre \u00e0 fournir des services juridiques de qualit\u00e9 au maire, aux commissaires de la ville, au directeur municipal, aux services de la ville et \u00e0 plus de quarante (40) conseils et comit\u00e9s, conform\u00e9ment aux buts et objectifs de la commission municipale.<\/p>\t\n\t<a href=\"\/fr\/city-hall\/city-attorney\/attorneys\/\" target=\"_self\"  aria-label=\"Allez dans \/city-hall\/city-attorney\/attorneys\/\"><\/a>\n\t\t<h3>avocats<\/h3>\t\t\t\n\t<a href=\"\/fr\/city-hall\/city-attorney\/internships\/\" target=\"_self\"  aria-label=\"Acc\u00e9dez \u00e0 \/city-hall\/city-attorney\/internships\/\"><\/a>\n\t\t<h3>Stages<\/h3>\t\t\t\n\t<a href=\"#cityattorneyfaqs\" target=\"_self\"  aria-label=\"Acc\u00e9der \u00e0 #cityattorneyfaqs\"><\/a>\n\t\t<h3>FAQ<\/h3>\t\t\t\n\t<a href=\"\/fr\/city-hall\/city-attorney\/history-of-previous-attorneys\/\" target=\"_self\"  aria-label=\"Acc\u00e9dez \u00e0 \/city-hall\/city-attorney\/history-of-previous-attorneys\/\"><\/a>\n\t\t<h3>Anciens avocats de la ville<\/h3>\t\t\t\n\t\t\t\t<p>Chronologie historique<\/p>\n\t\t\t\t\t\t<h3>Le procureur de la ville peut-il donner des conseils juridiques aux citoyens priv\u00e9s ?<\/h3>\n\t\t\t<p>Non. Le bureau du procureur de la ville ne peut pas fournir de conseils juridiques aux citoyens priv\u00e9s ou aux r\u00e9sidents de la ville.<\/p>\n\t\t\t\t\t\t<h3>Comment acc\u00e9der au code de la ville ?<\/h3>\n\t\t\t<p>Le Code de la ville de Miami Beach est accessible en ligne \u00e0 l&#039;adresse <a href=\"https:\/\/library.municode.com\/fl\/miami_beach\/codes\/code_of_ordinances?nodeId=COMIBEFL\">Biblioth\u00e8que Municode<\/a>, Code des ordonnances.<\/p>\n\t\t\t\t\t\t<h3>Comment puis-je demander une satisfaction\/mainlev\u00e9e de privil\u00e8ge ?<\/h3>\n\t\t\t<p><a href=\"https:\/\/lien.miamibeachfl.gov\/LienResearch\/default.aspx\">Cliquez ici pour obtenir les instructions du service des finances.<\/a><\/p>\n\t\t\t\t\t\t<h3>O\u00f9 puis-je obtenir des formulaires de demande de planification et de zonage, c&#039;est-\u00e0-dire d&#039;unit\u00e9 de titre, de clauses restrictives, etc. ?<\/h3>\n\t\t\t<p>Veuillez consulter le\u00a0<a href=\"https:\/\/www.miamibeachfl.gov\/fr\/city-hall\/planning\/forms\/\">Ressources connexes du service d&#039;urbanisme et de zonage \u2013 Formulaires<\/a>Si vous avez besoin d&#039;aide suppl\u00e9mentaire, vous pouvez visiter le\u00a0<a href=\"https:\/\/www.miamibeachfl.gov\/fr\/city-hall\/planning\/\">Page Web du d\u00e9partement de planification et de zonage<\/a>\u00a0ou contactez le service de planification en appelant le 305.673.7550.<\/p>\n\t<ul>\n\t\t<li>\t\t\t\t\n\t\t<h3>Si\u00e8ge social :<\/h3><p><strong>1700 Convention Center Drive<\/strong><br \/><strong>4e \u00e9tage<\/strong><br \/><strong>Miami Beach, FL 33139<\/strong><\/p><\/li><li>\t\t\t\t\n\t\t<h3>Num\u00e9ro principal :<\/h3><p><strong><a href=\"tel:3056737470\">305.673.7470<\/a><\/strong><\/p><\/li><li>\t\t\t\t\n\t\t<h3>E-mail:<\/h3><p><strong><a href=\"mailto:RicardoDopico@miamibeachfl.gov\">RicardoDopico@miamibeachfl.gov<\/a><\/strong><\/p><\/li><li>\t\t\t\t\n\t\t<h3>Heures d&#039;ouverture :<\/h3><p><strong>Lundi \u2013 Vendredi<\/strong><br \/>9h00 \u2013 17h00<\/p><\/li><li>\t\t\t\t\n\t\t<h3>Informations de contact suppl\u00e9mentaires<\/h3><p><strong><a href=\"\/fr\/city-hall\/city-attorney\/attorneys\/\">Cliquez ici pour consulter la page d&#039;information du procureur de la ville<\/a><\/strong><\/p><\/li>\t<\/ul>","protected":false},"excerpt":{"rendered":"<p><a href=\"tel:3056737470\" style=\"text-decoration:none; color:#004896;\"><br \/>\n    <i class=\"fa-solid fa-phone\"><\/i> 305.673.7470<br \/>\n<\/a><a href=\"\/fr\/city-hall\/city-attorney\/attorneys\/\" style=\"text-decoration:none; color:#004896;\"><br \/>\n    <i class=\"fa-solid fa-circle-info\"><\/i> Coordonn\u00e9es<br \/>\n<\/a><\/p>","protected":false},"author":222,"featured_media":260512,"parent":28206,"menu_order":17,"comment_status":"closed","ping_status":"closed","template":"","meta":{"_searchwp_excluded":"","site-sidebar-layout":"default","site-content-layout":"","ast-site-content-layout":"default","site-content-style":"default","site-sidebar-style":"default","ast-global-header-display":"","ast-banner-title-visibility":"","ast-main-header-display":"","ast-hfb-above-header-display":"","ast-hfb-below-header-display":"","ast-hfb-mobile-header-display":"","site-post-title":"","ast-breadcrumbs-content":"","ast-featured-img":"","footer-sml-layout":"","theme-transparent-header-meta":"","adv-header-id-meta":"","stick-header-meta":"","header-above-stick-meta":"","header-main-stick-meta":"","header-below-stick-meta":"","astra-migrate-meta-layouts":"default","ast-page-background-enabled":"default","ast-page-background-meta":{"desktop":{"background-color":"var(--ast-global-color-5)","background-image":"","background-repeat":"repeat","background-position":"center center","background-size":"auto","background-attachment":"scroll","background-type":"","background-media":"","overlay-type":"","overlay-color":"","overlay-opacity":"","overlay-gradient":""},"tablet":{"background-color":"","background-image":"","background-repeat":"repeat","background-position":"center center","background-size":"auto","background-attachment":"scroll","background-type":"","background-media":"","overlay-type":"","overlay-color":"","overlay-opacity":"","overlay-gradient":""},"mobile":{"background-color":"","background-image":"","background-repeat":"repeat","background-position":"center center","background-size":"auto","background-attachment":"scroll","background-type":"","background-media":"","overlay-type":"","overlay-color":"","overlay-opacity":"","overlay-gradient":""}},"ast-content-background-meta":{"desktop":{"background-color":"var(--ast-global-color-4)","background-image":"","background-repeat":"repeat","background-position":"center center","background-size":"auto","background-attachment":"scroll","background-type":"","background-media":"","overlay-type":"","overlay-color":"","overlay-opacity":"","overlay-gradient":""},"tablet":{"background-color":"var(--ast-global-color-4)","background-image":"","background-repeat":"repeat","background-position":"center center","background-size":"auto","background-attachment":"scroll","background-type":"","background-media":"","overlay-type":"","overlay-color":"","overlay-opacity":"","overlay-gradient":""},"mobile":{"background-color":"var(--ast-global-color-4)","background-image":"","background-repeat":"repeat","background-position":"center center","background-size":"auto","background-attachment":"scroll","background-type":"","background-media":"","overlay-type":"","overlay-color":"","overlay-opacity":"","overlay-gradient":""}},"footnotes":""},"categories":[],"tags":[1727,1732],"class_list":["post-280246","page","type-page","status-publish","has-post-thumbnail","hentry","tag-administrative","tag-government"],"yoast_head":"<!-- This site is optimized with the Yoast SEO Premium plugin v27.4 (Yoast SEO v27.4) - https:\/\/yoast.com\/product\/yoast-seo-premium-wordpress\/ -->\n<title>City Attorney - City of Miami Beach<\/title>\n<meta name=\"description\" content=\"The Office of the City Attorney (CAO) is dedicated to providing quality legal services to the Mayor, City Commissioners, City Manager, City departments, and over forty (40) boards and committees, consistent with the goals and objectives of the City Commission.\" \/>\n<meta name=\"robots\" content=\"index, follow, max-snippet:-1, max-image-preview:large, max-video-preview:-1\" \/>\n<link rel=\"canonical\" href=\"https:\/\/www.miamibeachfl.gov\/fr\/city-hall\/city-attorney\/\" \/>\n<meta property=\"og:locale\" content=\"fr_FR\" \/>\n<meta property=\"og:type\" content=\"article\" \/>\n<meta property=\"og:title\" content=\"City Attorney\" \/>\n<meta property=\"og:description\" content=\"The Office of the City Attorney (CAO) is dedicated to providing quality legal services to the Mayor, City Commissioners, City Manager, City departments, and over forty (40) boards and committees, consistent with the goals and objectives of the City Commission.\" \/>\n<meta property=\"og:url\" content=\"https:\/\/www.miamibeachfl.gov\/fr\/city-hall\/city-attorney\/\" \/>\n<meta property=\"og:site_name\" content=\"City of Miami Beach\" \/>\n<meta property=\"article:publisher\" content=\"https:\/\/www.facebook.com\/cityofmiamibeach\" \/>\n<meta property=\"article:modified_time\" content=\"2025-12-28T12:10:58+00:00\" \/>\n<meta property=\"og:image\" content=\"https:\/\/www.miamibeachfl.gov\/wp-content\/uploads\/2023\/05\/500sq-Attorney.jpg\" \/>\n\t<meta property=\"og:image:width\" content=\"300\" \/>\n\t<meta property=\"og:image:height\" content=\"300\" \/>\n\t<meta property=\"og:image:type\" content=\"image\/jpeg\" \/>\n<meta name=\"twitter:card\" content=\"summary_large_image\" \/>\n<meta name=\"twitter:site\" content=\"@Miamibeachnews\" \/>\n<script type=\"application\/ld+json\" class=\"yoast-schema-graph\">{\"@context\":\"https:\\\/\\\/schema.org\",\"@graph\":[{\"@type\":\"WebPage\",\"@id\":\"https:\\\/\\\/www.miamibeachfl.gov\\\/city-hall\\\/city-attorney\\\/\",\"url\":\"https:\\\/\\\/www.miamibeachfl.gov\\\/city-hall\\\/city-attorney\\\/\",\"name\":\"City Attorney - City of Miami Beach\",\"isPartOf\":{\"@id\":\"https:\\\/\\\/www.miamibeachfl.gov\\\/#website\"},\"primaryImageOfPage\":{\"@id\":\"https:\\\/\\\/www.miamibeachfl.gov\\\/city-hall\\\/city-attorney\\\/#primaryimage\"},\"image\":{\"@id\":\"https:\\\/\\\/www.miamibeachfl.gov\\\/city-hall\\\/city-attorney\\\/#primaryimage\"},\"thumbnailUrl\":\"https:\\\/\\\/www.miamibeachfl.gov\\\/wp-content\\\/uploads\\\/2023\\\/05\\\/500sq-Attorney.jpg\",\"datePublished\":\"2023-11-09T20:17:03+00:00\",\"dateModified\":\"2025-12-28T12:10:58+00:00\",\"description\":\"The Office of the City Attorney (CAO) is dedicated to providing quality legal services to the Mayor, City Commissioners, City Manager, City departments, and over forty (40) boards and committees, consistent with the goals and objectives of the City Commission.\",\"breadcrumb\":{\"@id\":\"https:\\\/\\\/www.miamibeachfl.gov\\\/city-hall\\\/city-attorney\\\/#breadcrumb\"},\"inLanguage\":\"fr-FR\",\"potentialAction\":[{\"@type\":\"ReadAction\",\"target\":[\"https:\\\/\\\/www.miamibeachfl.gov\\\/city-hall\\\/city-attorney\\\/\"]}]},{\"@type\":\"ImageObject\",\"inLanguage\":\"fr-FR\",\"@id\":\"https:\\\/\\\/www.miamibeachfl.gov\\\/city-hall\\\/city-attorney\\\/#primaryimage\",\"url\":\"https:\\\/\\\/www.miamibeachfl.gov\\\/wp-content\\\/uploads\\\/2023\\\/05\\\/500sq-Attorney.jpg\",\"contentUrl\":\"https:\\\/\\\/www.miamibeachfl.gov\\\/wp-content\\\/uploads\\\/2023\\\/05\\\/500sq-Attorney.jpg\",\"width\":300,\"height\":300,\"caption\":\"City Attorney\"},{\"@type\":\"BreadcrumbList\",\"@id\":\"https:\\\/\\\/www.miamibeachfl.gov\\\/city-hall\\\/city-attorney\\\/#breadcrumb\",\"itemListElement\":[{\"@type\":\"ListItem\",\"position\":1,\"name\":\"Home\",\"item\":\"https:\\\/\\\/www.miamibeachfl.gov\\\/\"},{\"@type\":\"ListItem\",\"position\":2,\"name\":\"City Hall\",\"item\":\"https:\\\/\\\/www.miamibeachfl.gov\\\/city-hall\\\/\"},{\"@type\":\"ListItem\",\"position\":3,\"name\":\"City Attorney\"}]},{\"@type\":\"WebSite\",\"@id\":\"https:\\\/\\\/www.miamibeachfl.gov\\\/#website\",\"url\":\"https:\\\/\\\/www.miamibeachfl.gov\\\/\",\"name\":\"City of Miami Beach\",\"description\":\"The official website of the City of Miami Beach. Stay informed, find important information on city services, news, alerts, events, trolley routes, government employment and more.\",\"publisher\":{\"@id\":\"https:\\\/\\\/www.miamibeachfl.gov\\\/#organization\"},\"potentialAction\":[{\"@type\":\"SearchAction\",\"target\":{\"@type\":\"EntryPoint\",\"urlTemplate\":\"https:\\\/\\\/www.miamibeachfl.gov\\\/?s={search_term_string}\"},\"query-input\":{\"@type\":\"PropertyValueSpecification\",\"valueRequired\":true,\"valueName\":\"search_term_string\"}}],\"inLanguage\":\"fr-FR\"},{\"@type\":\"Organization\",\"@id\":\"https:\\\/\\\/www.miamibeachfl.gov\\\/#organization\",\"name\":\"City of Miami Beach\",\"url\":\"https:\\\/\\\/www.miamibeachfl.gov\\\/\",\"logo\":{\"@type\":\"ImageObject\",\"inLanguage\":\"fr-FR\",\"@id\":\"https:\\\/\\\/www.miamibeachfl.gov\\\/#\\\/schema\\\/logo\\\/image\\\/\",\"url\":\"https:\\\/\\\/www.miamibeachfl.gov\\\/wp-content\\\/uploads\\\/2022\\\/06\\\/miamibeach-logoblue.png\",\"contentUrl\":\"https:\\\/\\\/www.miamibeachfl.gov\\\/wp-content\\\/uploads\\\/2022\\\/06\\\/miamibeach-logoblue.png\",\"width\":1962,\"height\":381,\"caption\":\"City of Miami Beach\"},\"image\":{\"@id\":\"https:\\\/\\\/www.miamibeachfl.gov\\\/#\\\/schema\\\/logo\\\/image\\\/\"},\"sameAs\":[\"https:\\\/\\\/www.facebook.com\\\/cityofmiamibeach\",\"https:\\\/\\\/x.com\\\/Miamibeachnews\",\"https:\\\/\\\/www.instagram.com\\\/miamibeachnews\\\/\"],\"description\":\"The official website of the City of Miami Beach. Stay informed, find important information on city services, news, alerts, events, trolley routes, government employment and more.\",\"telephone\":\"305.604.CITY(2489)\",\"legalName\":\"City of Miami Beach\"}]}<\/script>\n<!-- \/ Yoast SEO Premium plugin. -->","yoast_head_json":{"title":"Procureur de la ville - Ville de Miami Beach","description":"Le Bureau du procureur de la ville (CAO) se consacre \u00e0 fournir des services juridiques de qualit\u00e9 au maire, aux commissaires de la ville, au directeur municipal, aux services de la ville et \u00e0 plus de quarante (40) conseils et comit\u00e9s, conform\u00e9ment aux buts et objectifs de la commission municipale.","robots":{"index":"index","follow":"follow","max-snippet":"max-snippet:-1","max-image-preview":"max-image-preview:large","max-video-preview":"max-video-preview:-1"},"canonical":"https:\/\/www.miamibeachfl.gov\/fr\/city-hall\/city-attorney\/","og_locale":"fr_FR","og_type":"article","og_title":"City Attorney","og_description":"The Office of the City Attorney (CAO) is dedicated to providing quality legal services to the Mayor, City Commissioners, City Manager, City departments, and over forty (40) boards and committees, consistent with the goals and objectives of the City Commission.","og_url":"https:\/\/www.miamibeachfl.gov\/fr\/city-hall\/city-attorney\/","og_site_name":"City of Miami Beach","article_publisher":"https:\/\/www.facebook.com\/cityofmiamibeach","article_modified_time":"2025-12-28T12:10:58+00:00","og_image":[{"width":300,"height":300,"url":"https:\/\/www.miamibeachfl.gov\/wp-content\/uploads\/2023\/05\/500sq-Attorney.jpg","type":"image\/jpeg"}],"twitter_card":"summary_large_image","twitter_site":"@Miamibeachnews","schema":{"@context":"https:\/\/schema.org","@graph":[{"@type":"WebPage","@id":"https:\/\/www.miamibeachfl.gov\/city-hall\/city-attorney\/","url":"https:\/\/www.miamibeachfl.gov\/city-hall\/city-attorney\/","name":"Procureur de la ville - Ville de Miami Beach","isPartOf":{"@id":"https:\/\/www.miamibeachfl.gov\/#website"},"primaryImageOfPage":{"@id":"https:\/\/www.miamibeachfl.gov\/city-hall\/city-attorney\/#primaryimage"},"image":{"@id":"https:\/\/www.miamibeachfl.gov\/city-hall\/city-attorney\/#primaryimage"},"thumbnailUrl":"https:\/\/www.miamibeachfl.gov\/wp-content\/uploads\/2023\/05\/500sq-Attorney.jpg","datePublished":"2023-11-09T20:17:03+00:00","dateModified":"2025-12-28T12:10:58+00:00","description":"Le Bureau du procureur de la ville (CAO) se consacre \u00e0 fournir des services juridiques de qualit\u00e9 au maire, aux commissaires de la ville, au directeur municipal, aux services de la ville et \u00e0 plus de quarante (40) conseils et comit\u00e9s, conform\u00e9ment aux buts et objectifs de la commission municipale.","breadcrumb":{"@id":"https:\/\/www.miamibeachfl.gov\/city-hall\/city-attorney\/#breadcrumb"},"inLanguage":"fr-FR","potentialAction":[{"@type":"ReadAction","target":["https:\/\/www.miamibeachfl.gov\/city-hall\/city-attorney\/"]}]},{"@type":"ImageObject","inLanguage":"fr-FR","@id":"https:\/\/www.miamibeachfl.gov\/city-hall\/city-attorney\/#primaryimage","url":"https:\/\/www.miamibeachfl.gov\/wp-content\/uploads\/2023\/05\/500sq-Attorney.jpg","contentUrl":"https:\/\/www.miamibeachfl.gov\/wp-content\/uploads\/2023\/05\/500sq-Attorney.jpg","width":300,"height":300,"caption":"City Attorney"},{"@type":"BreadcrumbList","@id":"https:\/\/www.miamibeachfl.gov\/city-hall\/city-attorney\/#breadcrumb","itemListElement":[{"@type":"ListItem","position":1,"name":"Home","item":"https:\/\/www.miamibeachfl.gov\/"},{"@type":"ListItem","position":2,"name":"City Hall","item":"https:\/\/www.miamibeachfl.gov\/city-hall\/"},{"@type":"ListItem","position":3,"name":"City Attorney"}]},{"@type":"WebSite","@id":"https:\/\/www.miamibeachfl.gov\/#website","url":"https:\/\/www.miamibeachfl.gov\/","name":"Ville de Miami Beach","description":"Site officiel de la ville de Miami Beach. Restez inform\u00e9 et trouvez des informations importantes sur les services municipaux, les actualit\u00e9s, les alertes, les \u00e9v\u00e9nements, les itin\u00e9raires de tramway, les emplois gouvernementaux et bien plus encore.","publisher":{"@id":"https:\/\/www.miamibeachfl.gov\/#organization"},"potentialAction":[{"@type":"SearchAction","target":{"@type":"EntryPoint","urlTemplate":"https:\/\/www.miamibeachfl.gov\/?s={search_term_string}"},"query-input":{"@type":"PropertyValueSpecification","valueRequired":true,"valueName":"search_term_string"}}],"inLanguage":"fr-FR"},{"@type":"Organization","@id":"https:\/\/www.miamibeachfl.gov\/#organization","name":"Ville de Miami Beach","url":"https:\/\/www.miamibeachfl.gov\/","logo":{"@type":"ImageObject","inLanguage":"fr-FR","@id":"https:\/\/www.miamibeachfl.gov\/#\/schema\/logo\/image\/","url":"https:\/\/www.miamibeachfl.gov\/wp-content\/uploads\/2022\/06\/miamibeach-logoblue.png","contentUrl":"https:\/\/www.miamibeachfl.gov\/wp-content\/uploads\/2022\/06\/miamibeach-logoblue.png","width":1962,"height":381,"caption":"City of Miami Beach"},"image":{"@id":"https:\/\/www.miamibeachfl.gov\/#\/schema\/logo\/image\/"},"sameAs":["https:\/\/www.facebook.com\/cityofmiamibeach","https:\/\/x.com\/Miamibeachnews","https:\/\/www.instagram.com\/miamibeachnews\/"],"description":"Site officiel de la ville de Miami Beach. Restez inform\u00e9 et trouvez des informations importantes sur les services municipaux, les actualit\u00e9s, les alertes, les \u00e9v\u00e9nements, les itin\u00e9raires de tramway, les emplois gouvernementaux et bien plus encore.","telephone":"305.604.CITY(2489)","legalName":"City of Miami Beach"}]}},"_links":{"self":[{"href":"https:\/\/www.miamibeachfl.gov\/fr\/wp-json\/wp\/v2\/pages\/280246","targetHints":{"allow":["GET"]}}],"collection":[{"href":"https:\/\/www.miamibeachfl.gov\/fr\/wp-json\/wp\/v2\/pages"}],"about":[{"href":"https:\/\/www.miamibeachfl.gov\/fr\/wp-json\/wp\/v2\/types\/page"}],"author":[{"embeddable":true,"href":"https:\/\/www.miamibeachfl.gov\/fr\/wp-json\/wp\/v2\/users\/222"}],"replies":[{"embeddable":true,"href":"https:\/\/www.miamibeachfl.gov\/fr\/wp-json\/wp\/v2\/comments?post=280246"}],"version-history":[{"count":2,"href":"https:\/\/www.miamibeachfl.gov\/fr\/wp-json\/wp\/v2\/pages\/280246\/revisions"}],"predecessor-version":[{"id":393841,"href":"https:\/\/www.miamibeachfl.gov\/fr\/wp-json\/wp\/v2\/pages\/280246\/revisions\/393841"}],"up":[{"embeddable":true,"href":"https:\/\/www.miamibeachfl.gov\/fr\/wp-json\/wp\/v2\/pages\/28206"}],"wp:featuredmedia":[{"embeddable":true,"href":"https:\/\/www.miamibeachfl.gov\/fr\/wp-json\/wp\/v2\/media\/260512"}],"wp:attachment":[{"href":"https:\/\/www.miamibeachfl.gov\/fr\/wp-json\/wp\/v2\/media?parent=280246"}],"wp:term":[{"taxonomy":"category","embeddable":true,"href":"https:\/\/www.miamibeachfl.gov\/fr\/wp-json\/wp\/v2\/categories?post=280246"},{"taxonomy":"post_tag","embeddable":true,"href":"https:\/\/www.miamibeachfl.gov\/fr\/wp-json\/wp\/v2\/tags?post=280246"}],"curies":[{"name":"wp","href":"https:\/\/api.w.org\/{rel}","templated":true}]}}