{"id":281177,"date":"2023-11-28T15:27:39","date_gmt":"2023-11-28T20:27:39","guid":{"rendered":"https:\/\/www.miamibeachfl.gov\/?page_id=281177"},"modified":"2025-06-07T10:35:00","modified_gmt":"2025-06-07T14:35:00","slug":"eric-garcia","status":"publish","type":"page","link":"https:\/\/www.miamibeachfl.gov\/fr\/yourmbpd\/eric-garcia\/","title":{"rendered":"\u00c9ric Garcia"},"content":{"rendered":"<a href=\"\/fr\/yourmbpd\/\"  target=\"_self\" itemprop=\"url\">\n\t\t\t\t<img decoding=\"async\" src=\"https:\/\/www.miamibeachfl.gov\/wp-content\/uploads\/2019\/12\/badge-for-banner.png\" alt=\"badge for banner\" itemprop=\"image\" title=\"badge pour banni\u00e8re\" onerror=\"this.style.display='none'\" loading='lazy' \/>\n\t\t\t\t<\/a>\n<h3>\n\t\t<a href=\"\/fr\/yourmbpd\/leadership\/\" title=\"DIRECTION\"  target=\"_self\">\n\t\t\tDIRECTION\t\t<\/a>\n\t<\/h3>\n<h3>\n\t\t<a href=\"\/fr\/yourmbpd\/neighborhoods\/\" title=\"QUARTIERS\"  target=\"_self\">\n\t\t\tQUARTIERS\t\t<\/a>\n\t<\/h3>\n<h3>\n\t\t<a href=\"\/fr\/yourmbpd\/services\/\" title=\"SERVICES\"  target=\"_self\">\n\t\t\tSERVICES\t\t<\/a>\n\t<\/h3>\n\t\t\t\t<img decoding=\"async\" src=\"https:\/\/www.miamibeachfl.gov\/wp-content\/uploads\/2023\/11\/EricGarcia.png\" alt=\"Eric Garcia\" itemprop=\"image\" title=\"Eric Garcia\" onerror=\"this.style.display='none'\" loading='lazy' \/>\n<h1>\n\t\t\tMajor Eric Garcia\t<\/h1>\n<h2>\n\t\t\tServices techniques\t<\/h2>\n\t<p><strong>Major Eric Garcia<\/strong> Il supervise actuellement les services techniques du d\u00e9partement de police de Miami Beach. Il poss\u00e8de 26 ans d&#039;exp\u00e9rience professionnelle dans le maintien de l&#039;ordre. Le major Garcia a d\u00e9but\u00e9 sa carri\u00e8re comme policier \u00e0 Hallandale Beach en 1997 avant de rejoindre le d\u00e9partement de police de Miami Beach en 2000.<\/p>\n<p>Au cours de sa carri\u00e8re, le major Garcia a occup\u00e9 divers postes au sein des cinq divisions du MBPD. Outre ses missions professionnelles, il a \u00e9galement si\u00e9g\u00e9 \u00e0 plusieurs comit\u00e9s du FOP, notamment ceux des transferts \u00e0 domicile, des griefs et des n\u00e9gociations contractuelles, et a \u00e9t\u00e9 \u00e9lu administrateur de la Caisse de retraite des pompiers et de la police pendant deux mandats.<\/p>\n<p>Le major Garcia est n\u00e9 \u00e0 Los Angeles, en Californie, et a grandi \u00e0 Miami. Il est fier d&#039;\u00eatre dipl\u00f4m\u00e9 de la Belen Jesuit Prep School et de l&#039;Universit\u00e9 internationale de Floride, o\u00f9 il a obtenu une licence en finance.<\/p>\n<h4>\n\t\t\t1100, avenue Washington,<br \/>Miami Beach, Floride 33139\t<\/h4>\n<h4>\n\t\t\t305.673.7776 Poste : 5547\t<\/h4>\n<h4>\n\t\t<a href=\"mailto:EricGarcia@miamibeachfl.gov\" title=\"EricGarcia@miamibeachfl.gov\"  target=\"_self\">\n\t\t\tEricGarcia@miamibeachfl.gov\t\t<\/a>\n\t<\/h4>\n\t<p>\u00a9 2025 Copyright Ville de Miami Beach.<\/p>\n\t\t\t<a href=\"\/fr\/\" target=\"_self\">\n\t\t\t\t\t\t\tSite Web de la ville de Miami Beach\n\t\t\t\t\t<\/a>\n\t\t\t<a href=\"\/fr\/policies-disclaimers\/\" target=\"_self\">\n\t\t\t\t\t\t\tPolitiques et avis de non-responsabilit\u00e9\n\t\t\t\t\t<\/a>\n\t\t\t<a href=\"\/fr\/accessibility\/\" target=\"_self\">\n\t\t\t\t\t\t\tAccessibilit\u00e9\n\t\t\t\t\t<\/a>\n\t\t\t<a href=\"\/fr\/policies-disclaimers\/#cookies\" target=\"_self\">\n\t\t\t\t\t\t\tParam\u00e8tres des cookies\n\t\t\t\t\t<\/a>","protected":false},"excerpt":{"rendered":"<p>LEADERSHIP NEIGHBORHOODS SERVICES Major Eric Garcia Tech Services Major Eric Garcia currently oversees the Miami Beach Police Department&#8217;s Tech Services. [&hellip;]<\/p>\n","protected":false},"author":222,"featured_media":0,"parent":120936,"menu_order":111,"comment_status":"closed","ping_status":"closed","template":"","meta":{"_searchwp_excluded":"","site-sidebar-layout":"default","site-content-layout":"","ast-site-content-layout":"","site-content-style":"default","site-sidebar-style":"default","ast-global-header-display":"disabled","ast-banner-title-visibility":"","ast-main-header-display":"","ast-hfb-above-header-display":"","ast-hfb-below-header-display":"","ast-hfb-mobile-header-display":"","site-post-title":"","ast-breadcrumbs-content":"","ast-featured-img":"","footer-sml-layout":"disabled","theme-transparent-header-meta":"","adv-header-id-meta":"","stick-header-meta":"","header-above-stick-meta":"","header-main-stick-meta":"","header-below-stick-meta":"","astra-migrate-meta-layouts":"default","ast-page-background-enabled":"default","ast-page-background-meta":{"desktop":{"background-color":"var(--ast-global-color-5)","background-image":"","background-repeat":"repeat","background-position":"center center","background-size":"auto","background-attachment":"scroll","background-type":"","background-media":"","overlay-type":"","overlay-color":"","overlay-opacity":"","overlay-gradient":""},"tablet":{"background-color":"","background-image":"","background-repeat":"repeat","background-position":"center center","background-size":"auto","background-attachment":"scroll","background-type":"","background-media":"","overlay-type":"","overlay-color":"","overlay-opacity":"","overlay-gradient":""},"mobile":{"background-color":"","background-image":"","background-repeat":"repeat","background-position":"center center","background-size":"auto","background-attachment":"scroll","background-type":"","background-media":"","overlay-type":"","overlay-color":"","overlay-opacity":"","overlay-gradient":""}},"ast-content-background-meta":{"desktop":{"background-color":"var(--ast-global-color-4)","background-image":"","background-repeat":"repeat","background-position":"center center","background-size":"auto","background-attachment":"scroll","background-type":"","background-media":"","overlay-type":"","overlay-color":"","overlay-opacity":"","overlay-gradient":""},"tablet":{"background-color":"var(--ast-global-color-4)","background-image":"","background-repeat":"repeat","background-position":"center center","background-size":"auto","background-attachment":"scroll","background-type":"","background-media":"","overlay-type":"","overlay-color":"","overlay-opacity":"","overlay-gradient":""},"mobile":{"background-color":"var(--ast-global-color-4)","background-image":"","background-repeat":"repeat","background-position":"center center","background-size":"auto","background-attachment":"scroll","background-type":"","background-media":"","overlay-type":"","overlay-color":"","overlay-opacity":"","overlay-gradient":""}},"footnotes":""},"categories":[],"tags":[],"class_list":["post-281177","page","type-page","status-publish","hentry"],"yoast_head":"<!-- This site is optimized with the Yoast SEO Premium plugin v27.4 (Yoast SEO v27.4) - https:\/\/yoast.com\/product\/yoast-seo-premium-wordpress\/ -->\n<title>Eric Garcia - City of Miami Beach<\/title>\n<meta name=\"description\" content=\"%\" \/>\n<meta name=\"robots\" content=\"index, follow, max-snippet:-1, max-image-preview:large, max-video-preview:-1\" \/>\n<link rel=\"canonical\" href=\"https:\/\/www.miamibeachfl.gov\/fr\/yourmbpd\/eric-garcia\/\" \/>\n<meta property=\"og:locale\" content=\"fr_FR\" \/>\n<meta property=\"og:type\" content=\"article\" \/>\n<meta property=\"og:title\" content=\"Eric Garcia\" \/>\n<meta property=\"og:description\" content=\"%\" \/>\n<meta property=\"og:url\" content=\"https:\/\/www.miamibeachfl.gov\/fr\/yourmbpd\/eric-garcia\/\" \/>\n<meta property=\"og:site_name\" content=\"City of Miami Beach\" \/>\n<meta property=\"article:publisher\" content=\"https:\/\/www.facebook.com\/cityofmiamibeach\" \/>\n<meta property=\"article:modified_time\" content=\"2025-06-07T14:35:00+00:00\" \/>\n<meta property=\"og:image\" content=\"https:\/\/www.miamibeachfl.gov\/wp-content\/uploads\/2019\/12\/badge-for-banner.png\" \/>\n<meta name=\"twitter:card\" content=\"summary_large_image\" \/>\n<meta name=\"twitter:site\" content=\"@Miamibeachnews\" \/>\n<script type=\"application\/ld+json\" class=\"yoast-schema-graph\">{\"@context\":\"https:\\\/\\\/schema.org\",\"@graph\":[{\"@type\":\"WebPage\",\"@id\":\"https:\\\/\\\/www.miamibeachfl.gov\\\/yourmbpd\\\/eric-garcia\\\/\",\"url\":\"https:\\\/\\\/www.miamibeachfl.gov\\\/yourmbpd\\\/eric-garcia\\\/\",\"name\":\"Eric Garcia - City of Miami Beach\",\"isPartOf\":{\"@id\":\"https:\\\/\\\/www.miamibeachfl.gov\\\/#website\"},\"primaryImageOfPage\":{\"@id\":\"https:\\\/\\\/www.miamibeachfl.gov\\\/yourmbpd\\\/eric-garcia\\\/#primaryimage\"},\"image\":{\"@id\":\"https:\\\/\\\/www.miamibeachfl.gov\\\/yourmbpd\\\/eric-garcia\\\/#primaryimage\"},\"thumbnailUrl\":\"https:\\\/\\\/www.miamibeachfl.gov\\\/wp-content\\\/uploads\\\/2019\\\/12\\\/badge-for-banner.png\",\"datePublished\":\"2023-11-28T20:27:39+00:00\",\"dateModified\":\"2025-06-07T14:35:00+00:00\",\"description\":\"%\",\"breadcrumb\":{\"@id\":\"https:\\\/\\\/www.miamibeachfl.gov\\\/yourmbpd\\\/eric-garcia\\\/#breadcrumb\"},\"inLanguage\":\"fr-FR\",\"potentialAction\":[{\"@type\":\"ReadAction\",\"target\":[\"https:\\\/\\\/www.miamibeachfl.gov\\\/yourmbpd\\\/eric-garcia\\\/\"]}]},{\"@type\":\"ImageObject\",\"inLanguage\":\"fr-FR\",\"@id\":\"https:\\\/\\\/www.miamibeachfl.gov\\\/yourmbpd\\\/eric-garcia\\\/#primaryimage\",\"url\":\"https:\\\/\\\/www.miamibeachfl.gov\\\/wp-content\\\/uploads\\\/2019\\\/12\\\/badge-for-banner.png\",\"contentUrl\":\"https:\\\/\\\/www.miamibeachfl.gov\\\/wp-content\\\/uploads\\\/2019\\\/12\\\/badge-for-banner.png\"},{\"@type\":\"BreadcrumbList\",\"@id\":\"https:\\\/\\\/www.miamibeachfl.gov\\\/yourmbpd\\\/eric-garcia\\\/#breadcrumb\",\"itemListElement\":[{\"@type\":\"ListItem\",\"position\":1,\"name\":\"Home\",\"item\":\"https:\\\/\\\/www.miamibeachfl.gov\\\/\"},{\"@type\":\"ListItem\",\"position\":2,\"name\":\"Police\",\"item\":\"https:\\\/\\\/www.miamibeachfl.gov\\\/yourmbpd\\\/\"},{\"@type\":\"ListItem\",\"position\":3,\"name\":\"Eric Garcia\"}]},{\"@type\":\"WebSite\",\"@id\":\"https:\\\/\\\/www.miamibeachfl.gov\\\/#website\",\"url\":\"https:\\\/\\\/www.miamibeachfl.gov\\\/\",\"name\":\"City of Miami Beach\",\"description\":\"The official website of the City of Miami Beach. Stay informed, find important information on city services, news, alerts, events, trolley routes, government employment and more.\",\"publisher\":{\"@id\":\"https:\\\/\\\/www.miamibeachfl.gov\\\/#organization\"},\"potentialAction\":[{\"@type\":\"SearchAction\",\"target\":{\"@type\":\"EntryPoint\",\"urlTemplate\":\"https:\\\/\\\/www.miamibeachfl.gov\\\/?s={search_term_string}\"},\"query-input\":{\"@type\":\"PropertyValueSpecification\",\"valueRequired\":true,\"valueName\":\"search_term_string\"}}],\"inLanguage\":\"fr-FR\"},{\"@type\":\"Organization\",\"@id\":\"https:\\\/\\\/www.miamibeachfl.gov\\\/#organization\",\"name\":\"City of Miami Beach\",\"url\":\"https:\\\/\\\/www.miamibeachfl.gov\\\/\",\"logo\":{\"@type\":\"ImageObject\",\"inLanguage\":\"fr-FR\",\"@id\":\"https:\\\/\\\/www.miamibeachfl.gov\\\/#\\\/schema\\\/logo\\\/image\\\/\",\"url\":\"https:\\\/\\\/www.miamibeachfl.gov\\\/wp-content\\\/uploads\\\/2022\\\/06\\\/miamibeach-logoblue.png\",\"contentUrl\":\"https:\\\/\\\/www.miamibeachfl.gov\\\/wp-content\\\/uploads\\\/2022\\\/06\\\/miamibeach-logoblue.png\",\"width\":1962,\"height\":381,\"caption\":\"City of Miami Beach\"},\"image\":{\"@id\":\"https:\\\/\\\/www.miamibeachfl.gov\\\/#\\\/schema\\\/logo\\\/image\\\/\"},\"sameAs\":[\"https:\\\/\\\/www.facebook.com\\\/cityofmiamibeach\",\"https:\\\/\\\/x.com\\\/Miamibeachnews\",\"https:\\\/\\\/www.instagram.com\\\/miamibeachnews\\\/\"],\"description\":\"The official website of the City of Miami Beach. Stay informed, find important information on city services, news, alerts, events, trolley routes, government employment and more.\",\"telephone\":\"305.604.CITY(2489)\",\"legalName\":\"City of Miami Beach\"}]}<\/script>\n<!-- \/ Yoast SEO Premium plugin. -->","yoast_head_json":{"title":"Eric Garcia - Ville de Miami Beach","description":"%","robots":{"index":"index","follow":"follow","max-snippet":"max-snippet:-1","max-image-preview":"max-image-preview:large","max-video-preview":"max-video-preview:-1"},"canonical":"https:\/\/www.miamibeachfl.gov\/fr\/yourmbpd\/eric-garcia\/","og_locale":"fr_FR","og_type":"article","og_title":"Eric Garcia","og_description":"%","og_url":"https:\/\/www.miamibeachfl.gov\/fr\/yourmbpd\/eric-garcia\/","og_site_name":"City of Miami Beach","article_publisher":"https:\/\/www.facebook.com\/cityofmiamibeach","article_modified_time":"2025-06-07T14:35:00+00:00","og_image":[{"url":"https:\/\/www.miamibeachfl.gov\/wp-content\/uploads\/2019\/12\/badge-for-banner.png","type":"","width":"","height":""}],"twitter_card":"summary_large_image","twitter_site":"@Miamibeachnews","schema":{"@context":"https:\/\/schema.org","@graph":[{"@type":"WebPage","@id":"https:\/\/www.miamibeachfl.gov\/yourmbpd\/eric-garcia\/","url":"https:\/\/www.miamibeachfl.gov\/yourmbpd\/eric-garcia\/","name":"Eric Garcia - Ville de Miami Beach","isPartOf":{"@id":"https:\/\/www.miamibeachfl.gov\/#website"},"primaryImageOfPage":{"@id":"https:\/\/www.miamibeachfl.gov\/yourmbpd\/eric-garcia\/#primaryimage"},"image":{"@id":"https:\/\/www.miamibeachfl.gov\/yourmbpd\/eric-garcia\/#primaryimage"},"thumbnailUrl":"https:\/\/www.miamibeachfl.gov\/wp-content\/uploads\/2019\/12\/badge-for-banner.png","datePublished":"2023-11-28T20:27:39+00:00","dateModified":"2025-06-07T14:35:00+00:00","description":"%","breadcrumb":{"@id":"https:\/\/www.miamibeachfl.gov\/yourmbpd\/eric-garcia\/#breadcrumb"},"inLanguage":"fr-FR","potentialAction":[{"@type":"ReadAction","target":["https:\/\/www.miamibeachfl.gov\/yourmbpd\/eric-garcia\/"]}]},{"@type":"ImageObject","inLanguage":"fr-FR","@id":"https:\/\/www.miamibeachfl.gov\/yourmbpd\/eric-garcia\/#primaryimage","url":"https:\/\/www.miamibeachfl.gov\/wp-content\/uploads\/2019\/12\/badge-for-banner.png","contentUrl":"https:\/\/www.miamibeachfl.gov\/wp-content\/uploads\/2019\/12\/badge-for-banner.png"},{"@type":"BreadcrumbList","@id":"https:\/\/www.miamibeachfl.gov\/yourmbpd\/eric-garcia\/#breadcrumb","itemListElement":[{"@type":"ListItem","position":1,"name":"Home","item":"https:\/\/www.miamibeachfl.gov\/"},{"@type":"ListItem","position":2,"name":"Police","item":"https:\/\/www.miamibeachfl.gov\/yourmbpd\/"},{"@type":"ListItem","position":3,"name":"Eric Garcia"}]},{"@type":"WebSite","@id":"https:\/\/www.miamibeachfl.gov\/#website","url":"https:\/\/www.miamibeachfl.gov\/","name":"Ville de Miami Beach","description":"Site officiel de la ville de Miami Beach. Restez inform\u00e9 et trouvez des informations importantes sur les services municipaux, les actualit\u00e9s, les alertes, les \u00e9v\u00e9nements, les itin\u00e9raires de tramway, les emplois gouvernementaux et bien plus encore.","publisher":{"@id":"https:\/\/www.miamibeachfl.gov\/#organization"},"potentialAction":[{"@type":"SearchAction","target":{"@type":"EntryPoint","urlTemplate":"https:\/\/www.miamibeachfl.gov\/?s={search_term_string}"},"query-input":{"@type":"PropertyValueSpecification","valueRequired":true,"valueName":"search_term_string"}}],"inLanguage":"fr-FR"},{"@type":"Organization","@id":"https:\/\/www.miamibeachfl.gov\/#organization","name":"Ville de Miami Beach","url":"https:\/\/www.miamibeachfl.gov\/","logo":{"@type":"ImageObject","inLanguage":"fr-FR","@id":"https:\/\/www.miamibeachfl.gov\/#\/schema\/logo\/image\/","url":"https:\/\/www.miamibeachfl.gov\/wp-content\/uploads\/2022\/06\/miamibeach-logoblue.png","contentUrl":"https:\/\/www.miamibeachfl.gov\/wp-content\/uploads\/2022\/06\/miamibeach-logoblue.png","width":1962,"height":381,"caption":"City of Miami Beach"},"image":{"@id":"https:\/\/www.miamibeachfl.gov\/#\/schema\/logo\/image\/"},"sameAs":["https:\/\/www.facebook.com\/cityofmiamibeach","https:\/\/x.com\/Miamibeachnews","https:\/\/www.instagram.com\/miamibeachnews\/"],"description":"Site officiel de la ville de Miami Beach. Restez inform\u00e9 et trouvez des informations importantes sur les services municipaux, les actualit\u00e9s, les alertes, les \u00e9v\u00e9nements, les itin\u00e9raires de tramway, les emplois gouvernementaux et bien plus encore.","telephone":"305.604.CITY(2489)","legalName":"City of Miami Beach"}]}},"_links":{"self":[{"href":"https:\/\/www.miamibeachfl.gov\/fr\/wp-json\/wp\/v2\/pages\/281177","targetHints":{"allow":["GET"]}}],"collection":[{"href":"https:\/\/www.miamibeachfl.gov\/fr\/wp-json\/wp\/v2\/pages"}],"about":[{"href":"https:\/\/www.miamibeachfl.gov\/fr\/wp-json\/wp\/v2\/types\/page"}],"author":[{"embeddable":true,"href":"https:\/\/www.miamibeachfl.gov\/fr\/wp-json\/wp\/v2\/users\/222"}],"replies":[{"embeddable":true,"href":"https:\/\/www.miamibeachfl.gov\/fr\/wp-json\/wp\/v2\/comments?post=281177"}],"version-history":[{"count":6,"href":"https:\/\/www.miamibeachfl.gov\/fr\/wp-json\/wp\/v2\/pages\/281177\/revisions"}],"predecessor-version":[{"id":375668,"href":"https:\/\/www.miamibeachfl.gov\/fr\/wp-json\/wp\/v2\/pages\/281177\/revisions\/375668"}],"up":[{"embeddable":true,"href":"https:\/\/www.miamibeachfl.gov\/fr\/wp-json\/wp\/v2\/pages\/120936"}],"wp:attachment":[{"href":"https:\/\/www.miamibeachfl.gov\/fr\/wp-json\/wp\/v2\/media?parent=281177"}],"wp:term":[{"taxonomy":"category","embeddable":true,"href":"https:\/\/www.miamibeachfl.gov\/fr\/wp-json\/wp\/v2\/categories?post=281177"},{"taxonomy":"post_tag","embeddable":true,"href":"https:\/\/www.miamibeachfl.gov\/fr\/wp-json\/wp\/v2\/tags?post=281177"}],"curies":[{"name":"wp","href":"https:\/\/api.w.org\/{rel}","templated":true}]}}