{"id":281295,"date":"2023-11-29T14:59:10","date_gmt":"2023-11-29T19:59:10","guid":{"rendered":"https:\/\/www.miamibeachfl.gov\/?page_id=281295"},"modified":"2025-05-25T10:51:32","modified_gmt":"2025-05-25T14:51:32","slug":"internships","status":"publish","type":"page","link":"https:\/\/www.miamibeachfl.gov\/fr\/city-hall\/city-attorney\/internships\/","title":{"rendered":"Stages et bourses de la ville de Miami Beach"},"content":{"rendered":"<h1>\n\t\t\tStages\t<\/h1>\nMenu du procureur de la ville\t\t\t\n\t\t\t\t\t<ul id=\"menu-city-attorney\"><li id=\"menu-item-281297\"><a href=\"\/fr\/city-hall\/city-attorney\/\">Accueil du procureur de la ville<\/a><\/li>\n<li id=\"menu-item-281298\"><a href=\"\/fr\/city-hall\/city-attorney\/attorneys\/\">avocats<\/a><\/li>\n<li id=\"menu-item-281299\"><a href=\"\/fr\/city-hall\/city-attorney\/internships\/\">Stages<\/a><\/li>\n<li id=\"menu-item-281302\"><a href=\"\/fr\/city-hall\/city-attorney\/history-of-previous-attorneys\/\">Anciens avocats de la ville<\/a><\/li>\n<\/ul>\t\nMenu du procureur de la ville \u00d7\t\t\t\t\t\t<ul id=\"menu-city-attorney-1\"><li id=\"menu-item-281297\"><a href=\"\/fr\/city-hall\/city-attorney\/\">Accueil du procureur de la ville<\/a><\/li>\n<li id=\"menu-item-281298\"><a href=\"\/fr\/city-hall\/city-attorney\/attorneys\/\">avocats<\/a><\/li>\n<li id=\"menu-item-281299\"><a href=\"\/fr\/city-hall\/city-attorney\/internships\/\">Stages<\/a><\/li>\n<li id=\"menu-item-281302\"><a href=\"\/fr\/city-hall\/city-attorney\/history-of-previous-attorneys\/\">Anciens avocats de la ville<\/a><\/li>\n<\/ul>\t\t\t\t\n\t<p>Le bureau du procureur de la ville de Miami Beach offre aux \u00e9tudiants en droit une occasion unique d&#039;acqu\u00e9rir une exp\u00e9rience pratique au sein d&#039;un cabinet interne \u00e0 service complet, couvrant un large \u00e9ventail de domaines de pratique. Les stagiaires et les externes travaillent en \u00e9troite collaboration avec des avocats exp\u00e9riment\u00e9s sur des questions juridiques complexes touchant une administration municipale dynamique.<\/p>\n<p>Les stagiaires et les externes acqui\u00e8rent une pr\u00e9cieuse exp\u00e9rience du secteur public dans des domaines cl\u00e9s tels que le contentieux, l&#039;am\u00e9nagement du territoire et le zonage, la l\u00e9gislation, l&#039;immobilier, les questions transactionnelles, le droit constitutionnel, les conflits du travail, les dommages corporels, le droit de l&#039;environnement, la d\u00e9ontologie et le droit \u00e9lectoral. Ils effectuent des travaux juridiques de fond, notamment des recherches juridiques, la r\u00e9daction de m\u00e9moires et de requ\u00eates, l&#039;assistance aux contentieux et l&#039;assistance aux avocats lors d&#039;audiences et de proc\u00e8s devant les tribunaux d&#039;\u00c9tat et f\u00e9d\u00e9raux, ainsi que devant les commissions administratives.<\/p>\n<p>Les participants assistent \u00e9galement aux r\u00e9unions de la Commission municipale et de divers autres conseils municipaux, notamment les commissions d&#039;urbanisme, de pr\u00e9servation du patrimoine et d&#039;examen de l&#039;am\u00e9nagement, ainsi que la commission de zonage, et b\u00e9n\u00e9ficient ainsi d&#039;un aper\u00e7u direct du fonctionnement de l&#039;administration municipale. Les \u00e9tudiants en droit peuvent obtenir des cr\u00e9dits de stage dans le cadre de ce programme.<\/p>\n\t\t<h3>Les stagiaires potentiels qui souhaitent participer \u00e0 des programmes parrain\u00e9s par une facult\u00e9 de droit doivent contacter leur facult\u00e9 de droit respective pour un placement.<\/h3>\t\t\t\n\t\t\t\t<p>Les autres candidats sont invit\u00e9s \u00e0 contacter Nicholas Kallergis, procureur adjoint de la ville, qui supervise le programme de stage du bureau du procureur de la ville. Vous pouvez contacter M. Kallergis par courriel\u00a0:\u00a0<\/p>\n<p><strong><a href=\"mailto:NickKallergis@miamibeachfl.gov\">NickKallergis@miamibeachfl.gov<\/a><\/strong><br \/>ou t\u00e9l\u00e9phone : <a href=\"tel:3056737470\"><strong>(305) 673-7470<\/strong><\/a>.<\/p>\n<h2>\n\t\t\tNouveaux uniformes\t<\/h2>","protected":false},"excerpt":{"rendered":"<p>Internships City Attorney Menu City Attorney Home Attorneys Internships Past City Attorneys City Attorney Menu \u00d7 City Attorney Home Attorneys [&hellip;]<\/p>\n","protected":false},"author":222,"featured_media":0,"parent":280246,"menu_order":0,"comment_status":"closed","ping_status":"closed","template":"","meta":{"_searchwp_excluded":"","site-sidebar-layout":"default","site-content-layout":"","ast-site-content-layout":"default","site-content-style":"default","site-sidebar-style":"default","ast-global-header-display":"","ast-banner-title-visibility":"","ast-main-header-display":"","ast-hfb-above-header-display":"","ast-hfb-below-header-display":"","ast-hfb-mobile-header-display":"","site-post-title":"","ast-breadcrumbs-content":"","ast-featured-img":"","footer-sml-layout":"","theme-transparent-header-meta":"","adv-header-id-meta":"","stick-header-meta":"","header-above-stick-meta":"","header-main-stick-meta":"","header-below-stick-meta":"","astra-migrate-meta-layouts":"default","ast-page-background-enabled":"default","ast-page-background-meta":{"desktop":{"background-color":"var(--ast-global-color-5)","background-image":"","background-repeat":"repeat","background-position":"center center","background-size":"auto","background-attachment":"scroll","background-type":"","background-media":"","overlay-type":"","overlay-color":"","overlay-opacity":"","overlay-gradient":""},"tablet":{"background-color":"","background-image":"","background-repeat":"repeat","background-position":"center center","background-size":"auto","background-attachment":"scroll","background-type":"","background-media":"","overlay-type":"","overlay-color":"","overlay-opacity":"","overlay-gradient":""},"mobile":{"background-color":"","background-image":"","background-repeat":"repeat","background-position":"center center","background-size":"auto","background-attachment":"scroll","background-type":"","background-media":"","overlay-type":"","overlay-color":"","overlay-opacity":"","overlay-gradient":""}},"ast-content-background-meta":{"desktop":{"background-color":"var(--ast-global-color-4)","background-image":"","background-repeat":"repeat","background-position":"center center","background-size":"auto","background-attachment":"scroll","background-type":"","background-media":"","overlay-type":"","overlay-color":"","overlay-opacity":"","overlay-gradient":""},"tablet":{"background-color":"var(--ast-global-color-4)","background-image":"","background-repeat":"repeat","background-position":"center center","background-size":"auto","background-attachment":"scroll","background-type":"","background-media":"","overlay-type":"","overlay-color":"","overlay-opacity":"","overlay-gradient":""},"mobile":{"background-color":"var(--ast-global-color-4)","background-image":"","background-repeat":"repeat","background-position":"center center","background-size":"auto","background-attachment":"scroll","background-type":"","background-media":"","overlay-type":"","overlay-color":"","overlay-opacity":"","overlay-gradient":""}},"footnotes":""},"categories":[],"tags":[],"class_list":["post-281295","page","type-page","status-publish","hentry"],"yoast_head":"<!-- This site is optimized with the Yoast SEO Premium plugin v27.4 (Yoast SEO v27.4) - https:\/\/yoast.com\/product\/yoast-seo-premium-wordpress\/ -->\n<title>City of Miami Beach Internships\/Fellowships - City of Miami Beach<\/title>\n<meta name=\"description\" content=\"As the Code ComplianceThe Office of the City Attorney is a proud participant in the University of Miami School of Law Clinical Skills Externship Program and the Florida International University School of Law Externship Program. Department Director, he oversees the enforcement of laws and ordinances ensuring the quality of life for the people of the City of Miami Beach.\" \/>\n<meta name=\"robots\" content=\"index, follow, max-snippet:-1, max-image-preview:large, max-video-preview:-1\" \/>\n<link rel=\"canonical\" href=\"https:\/\/www.miamibeachfl.gov\/fr\/city-hall\/city-attorney\/internships\/\" \/>\n<meta property=\"og:locale\" content=\"fr_FR\" \/>\n<meta property=\"og:type\" content=\"article\" \/>\n<meta property=\"og:title\" content=\"City of Miami Beach Internships\/Fellowships\" \/>\n<meta property=\"og:description\" content=\"As the Code ComplianceThe Office of the City Attorney is a proud participant in the University of Miami School of Law Clinical Skills Externship Program and the Florida International University School of Law Externship Program. Department Director, he oversees the enforcement of laws and ordinances ensuring the quality of life for the people of the City of Miami Beach.\" \/>\n<meta property=\"og:url\" content=\"https:\/\/www.miamibeachfl.gov\/fr\/city-hall\/city-attorney\/internships\/\" \/>\n<meta property=\"og:site_name\" content=\"City of Miami Beach\" \/>\n<meta property=\"article:publisher\" content=\"https:\/\/www.facebook.com\/cityofmiamibeach\" \/>\n<meta property=\"article:modified_time\" content=\"2025-05-25T14:51:32+00:00\" \/>\n<meta property=\"og:image\" content=\"https:\/\/www.miamibeachfl.gov\/wp-content\/uploads\/2024\/01\/1000pxSquare-miamibeach-aerial-southpointview.jpeg\" \/>\n\t<meta property=\"og:image:width\" content=\"1000\" \/>\n\t<meta property=\"og:image:height\" content=\"1000\" \/>\n\t<meta property=\"og:image:type\" content=\"image\/jpeg\" \/>\n<meta name=\"twitter:card\" content=\"summary_large_image\" \/>\n<meta name=\"twitter:site\" content=\"@Miamibeachnews\" \/>\n<script type=\"application\/ld+json\" class=\"yoast-schema-graph\">{\"@context\":\"https:\\\/\\\/schema.org\",\"@graph\":[{\"@type\":\"WebPage\",\"@id\":\"https:\\\/\\\/www.miamibeachfl.gov\\\/city-hall\\\/city-attorney\\\/internships\\\/\",\"url\":\"https:\\\/\\\/www.miamibeachfl.gov\\\/city-hall\\\/city-attorney\\\/internships\\\/\",\"name\":\"City of Miami Beach Internships\\\/Fellowships - City of Miami Beach\",\"isPartOf\":{\"@id\":\"https:\\\/\\\/www.miamibeachfl.gov\\\/#website\"},\"datePublished\":\"2023-11-29T19:59:10+00:00\",\"dateModified\":\"2025-05-25T14:51:32+00:00\",\"description\":\"As the Code ComplianceThe Office of the City Attorney is a proud participant in the University of Miami School of Law Clinical Skills Externship Program and the Florida International University School of Law Externship Program. Department Director, he oversees the enforcement of laws and ordinances ensuring the quality of life for the people of the City of Miami Beach.\",\"breadcrumb\":{\"@id\":\"https:\\\/\\\/www.miamibeachfl.gov\\\/city-hall\\\/city-attorney\\\/internships\\\/#breadcrumb\"},\"inLanguage\":\"fr-FR\",\"potentialAction\":[{\"@type\":\"ReadAction\",\"target\":[\"https:\\\/\\\/www.miamibeachfl.gov\\\/city-hall\\\/city-attorney\\\/internships\\\/\"]}]},{\"@type\":\"BreadcrumbList\",\"@id\":\"https:\\\/\\\/www.miamibeachfl.gov\\\/city-hall\\\/city-attorney\\\/internships\\\/#breadcrumb\",\"itemListElement\":[{\"@type\":\"ListItem\",\"position\":1,\"name\":\"Home\",\"item\":\"https:\\\/\\\/www.miamibeachfl.gov\\\/\"},{\"@type\":\"ListItem\",\"position\":2,\"name\":\"City Hall\",\"item\":\"https:\\\/\\\/www.miamibeachfl.gov\\\/city-hall\\\/\"},{\"@type\":\"ListItem\",\"position\":3,\"name\":\"City Attorney\",\"item\":\"https:\\\/\\\/www.miamibeachfl.gov\\\/city-hall\\\/city-attorney\\\/\"},{\"@type\":\"ListItem\",\"position\":4,\"name\":\"City of Miami Beach Internships\\\/Fellowships\"}]},{\"@type\":\"WebSite\",\"@id\":\"https:\\\/\\\/www.miamibeachfl.gov\\\/#website\",\"url\":\"https:\\\/\\\/www.miamibeachfl.gov\\\/\",\"name\":\"City of Miami Beach\",\"description\":\"The official website of the City of Miami Beach. Stay informed, find important information on city services, news, alerts, events, trolley routes, government employment and more.\",\"publisher\":{\"@id\":\"https:\\\/\\\/www.miamibeachfl.gov\\\/#organization\"},\"potentialAction\":[{\"@type\":\"SearchAction\",\"target\":{\"@type\":\"EntryPoint\",\"urlTemplate\":\"https:\\\/\\\/www.miamibeachfl.gov\\\/?s={search_term_string}\"},\"query-input\":{\"@type\":\"PropertyValueSpecification\",\"valueRequired\":true,\"valueName\":\"search_term_string\"}}],\"inLanguage\":\"fr-FR\"},{\"@type\":\"Organization\",\"@id\":\"https:\\\/\\\/www.miamibeachfl.gov\\\/#organization\",\"name\":\"City of Miami Beach\",\"url\":\"https:\\\/\\\/www.miamibeachfl.gov\\\/\",\"logo\":{\"@type\":\"ImageObject\",\"inLanguage\":\"fr-FR\",\"@id\":\"https:\\\/\\\/www.miamibeachfl.gov\\\/#\\\/schema\\\/logo\\\/image\\\/\",\"url\":\"https:\\\/\\\/www.miamibeachfl.gov\\\/wp-content\\\/uploads\\\/2022\\\/06\\\/miamibeach-logoblue.png\",\"contentUrl\":\"https:\\\/\\\/www.miamibeachfl.gov\\\/wp-content\\\/uploads\\\/2022\\\/06\\\/miamibeach-logoblue.png\",\"width\":1962,\"height\":381,\"caption\":\"City of Miami Beach\"},\"image\":{\"@id\":\"https:\\\/\\\/www.miamibeachfl.gov\\\/#\\\/schema\\\/logo\\\/image\\\/\"},\"sameAs\":[\"https:\\\/\\\/www.facebook.com\\\/cityofmiamibeach\",\"https:\\\/\\\/x.com\\\/Miamibeachnews\",\"https:\\\/\\\/www.instagram.com\\\/miamibeachnews\\\/\"],\"description\":\"The official website of the City of Miami Beach. Stay informed, find important information on city services, news, alerts, events, trolley routes, government employment and more.\",\"telephone\":\"305.604.CITY(2489)\",\"legalName\":\"City of Miami Beach\"}]}<\/script>\n<!-- \/ Yoast SEO Premium plugin. -->","yoast_head_json":{"title":"Stages et bourses de la ville de Miami Beach - Ville de Miami Beach","description":"En tant que directeur du d\u00e9partement de conformit\u00e9 au code, le bureau du procureur de la ville est fier de participer au programme de stages en comp\u00e9tences cliniques de la facult\u00e9 de droit de l&#039;universit\u00e9 de Miami et au programme de stages de la facult\u00e9 de droit de l&#039;universit\u00e9 internationale de Floride. Il supervise l&#039;application des lois et des ordonnances garantissant la qualit\u00e9 de vie des habitants de la ville de Miami Beach.","robots":{"index":"index","follow":"follow","max-snippet":"max-snippet:-1","max-image-preview":"max-image-preview:large","max-video-preview":"max-video-preview:-1"},"canonical":"https:\/\/www.miamibeachfl.gov\/fr\/city-hall\/city-attorney\/internships\/","og_locale":"fr_FR","og_type":"article","og_title":"City of Miami Beach Internships\/Fellowships","og_description":"As the Code ComplianceThe Office of the City Attorney is a proud participant in the University of Miami School of Law Clinical Skills Externship Program and the Florida International University School of Law Externship Program. Department Director, he oversees the enforcement of laws and ordinances ensuring the quality of life for the people of the City of Miami Beach.","og_url":"https:\/\/www.miamibeachfl.gov\/fr\/city-hall\/city-attorney\/internships\/","og_site_name":"City of Miami Beach","article_publisher":"https:\/\/www.facebook.com\/cityofmiamibeach","article_modified_time":"2025-05-25T14:51:32+00:00","og_image":[{"width":1000,"height":1000,"url":"https:\/\/www.miamibeachfl.gov\/wp-content\/uploads\/2024\/01\/1000pxSquare-miamibeach-aerial-southpointview.jpeg","type":"image\/jpeg"}],"twitter_card":"summary_large_image","twitter_site":"@Miamibeachnews","schema":{"@context":"https:\/\/schema.org","@graph":[{"@type":"WebPage","@id":"https:\/\/www.miamibeachfl.gov\/city-hall\/city-attorney\/internships\/","url":"https:\/\/www.miamibeachfl.gov\/city-hall\/city-attorney\/internships\/","name":"Stages et bourses de la ville de Miami Beach - Ville de Miami Beach","isPartOf":{"@id":"https:\/\/www.miamibeachfl.gov\/#website"},"datePublished":"2023-11-29T19:59:10+00:00","dateModified":"2025-05-25T14:51:32+00:00","description":"En tant que directeur du d\u00e9partement de conformit\u00e9 au code, le bureau du procureur de la ville est fier de participer au programme de stages en comp\u00e9tences cliniques de la facult\u00e9 de droit de l&#039;universit\u00e9 de Miami et au programme de stages de la facult\u00e9 de droit de l&#039;universit\u00e9 internationale de Floride. Il supervise l&#039;application des lois et des ordonnances garantissant la qualit\u00e9 de vie des habitants de la ville de Miami Beach.","breadcrumb":{"@id":"https:\/\/www.miamibeachfl.gov\/city-hall\/city-attorney\/internships\/#breadcrumb"},"inLanguage":"fr-FR","potentialAction":[{"@type":"ReadAction","target":["https:\/\/www.miamibeachfl.gov\/city-hall\/city-attorney\/internships\/"]}]},{"@type":"BreadcrumbList","@id":"https:\/\/www.miamibeachfl.gov\/city-hall\/city-attorney\/internships\/#breadcrumb","itemListElement":[{"@type":"ListItem","position":1,"name":"Home","item":"https:\/\/www.miamibeachfl.gov\/"},{"@type":"ListItem","position":2,"name":"City Hall","item":"https:\/\/www.miamibeachfl.gov\/city-hall\/"},{"@type":"ListItem","position":3,"name":"City Attorney","item":"https:\/\/www.miamibeachfl.gov\/city-hall\/city-attorney\/"},{"@type":"ListItem","position":4,"name":"City of Miami Beach Internships\/Fellowships"}]},{"@type":"WebSite","@id":"https:\/\/www.miamibeachfl.gov\/#website","url":"https:\/\/www.miamibeachfl.gov\/","name":"Ville de Miami Beach","description":"Site officiel de la ville de Miami Beach. Restez inform\u00e9 et trouvez des informations importantes sur les services municipaux, les actualit\u00e9s, les alertes, les \u00e9v\u00e9nements, les itin\u00e9raires de tramway, les emplois gouvernementaux et bien plus encore.","publisher":{"@id":"https:\/\/www.miamibeachfl.gov\/#organization"},"potentialAction":[{"@type":"SearchAction","target":{"@type":"EntryPoint","urlTemplate":"https:\/\/www.miamibeachfl.gov\/?s={search_term_string}"},"query-input":{"@type":"PropertyValueSpecification","valueRequired":true,"valueName":"search_term_string"}}],"inLanguage":"fr-FR"},{"@type":"Organization","@id":"https:\/\/www.miamibeachfl.gov\/#organization","name":"Ville de Miami Beach","url":"https:\/\/www.miamibeachfl.gov\/","logo":{"@type":"ImageObject","inLanguage":"fr-FR","@id":"https:\/\/www.miamibeachfl.gov\/#\/schema\/logo\/image\/","url":"https:\/\/www.miamibeachfl.gov\/wp-content\/uploads\/2022\/06\/miamibeach-logoblue.png","contentUrl":"https:\/\/www.miamibeachfl.gov\/wp-content\/uploads\/2022\/06\/miamibeach-logoblue.png","width":1962,"height":381,"caption":"City of Miami Beach"},"image":{"@id":"https:\/\/www.miamibeachfl.gov\/#\/schema\/logo\/image\/"},"sameAs":["https:\/\/www.facebook.com\/cityofmiamibeach","https:\/\/x.com\/Miamibeachnews","https:\/\/www.instagram.com\/miamibeachnews\/"],"description":"Site officiel de la ville de Miami Beach. Restez inform\u00e9 et trouvez des informations importantes sur les services municipaux, les actualit\u00e9s, les alertes, les \u00e9v\u00e9nements, les itin\u00e9raires de tramway, les emplois gouvernementaux et bien plus encore.","telephone":"305.604.CITY(2489)","legalName":"City of Miami Beach"}]}},"_links":{"self":[{"href":"https:\/\/www.miamibeachfl.gov\/fr\/wp-json\/wp\/v2\/pages\/281295","targetHints":{"allow":["GET"]}}],"collection":[{"href":"https:\/\/www.miamibeachfl.gov\/fr\/wp-json\/wp\/v2\/pages"}],"about":[{"href":"https:\/\/www.miamibeachfl.gov\/fr\/wp-json\/wp\/v2\/types\/page"}],"author":[{"embeddable":true,"href":"https:\/\/www.miamibeachfl.gov\/fr\/wp-json\/wp\/v2\/users\/222"}],"replies":[{"embeddable":true,"href":"https:\/\/www.miamibeachfl.gov\/fr\/wp-json\/wp\/v2\/comments?post=281295"}],"version-history":[{"count":0,"href":"https:\/\/www.miamibeachfl.gov\/fr\/wp-json\/wp\/v2\/pages\/281295\/revisions"}],"up":[{"embeddable":true,"href":"https:\/\/www.miamibeachfl.gov\/fr\/wp-json\/wp\/v2\/pages\/280246"}],"wp:attachment":[{"href":"https:\/\/www.miamibeachfl.gov\/fr\/wp-json\/wp\/v2\/media?parent=281295"}],"wp:term":[{"taxonomy":"category","embeddable":true,"href":"https:\/\/www.miamibeachfl.gov\/fr\/wp-json\/wp\/v2\/categories?post=281295"},{"taxonomy":"post_tag","embeddable":true,"href":"https:\/\/www.miamibeachfl.gov\/fr\/wp-json\/wp\/v2\/tags?post=281295"}],"curies":[{"name":"wp","href":"https:\/\/api.w.org\/{rel}","templated":true}]}}