{"id":281425,"date":"2023-12-01T09:41:56","date_gmt":"2023-12-01T14:41:56","guid":{"rendered":"https:\/\/www.miamibeachfl.gov\/?page_id=281425"},"modified":"2025-05-25T10:49:47","modified_gmt":"2025-05-25T14:49:47","slug":"markafishman","status":"publish","type":"page","link":"https:\/\/www.miamibeachfl.gov\/fr\/city-hall\/city-attorney\/attorneys\/markafishman\/","title":{"rendered":"Mark A. Fishman <br> procureur adjoint de la ville"},"content":{"rendered":"<h1>\n\t\t\tMark A. Fishman\t<\/h1>\n<h1>\n\t\t\tprocureur adjoint de la ville\t<\/h1>\nprocureur de la ville\t\t\t\n\t\t\t\t\t<ul id=\"menu-city-attorney\"><li id=\"menu-item-281297\"><a href=\"\/fr\/city-hall\/city-attorney\/\">Accueil du procureur de la ville<\/a><\/li>\n<li id=\"menu-item-281298\"><a href=\"\/fr\/city-hall\/city-attorney\/attorneys\/\">avocats<\/a><\/li>\n<li id=\"menu-item-281299\"><a href=\"\/fr\/city-hall\/city-attorney\/internships\/\">Stages<\/a><\/li>\n<li id=\"menu-item-281302\"><a href=\"\/fr\/city-hall\/city-attorney\/history-of-previous-attorneys\/\">Anciens avocats de la ville<\/a><\/li>\n<\/ul>\t\nProcureur de la ville \u00d7\t\t\t\t\t\t<ul id=\"menu-city-attorney-1\"><li id=\"menu-item-281297\"><a href=\"\/fr\/city-hall\/city-attorney\/\">Accueil du procureur de la ville<\/a><\/li>\n<li id=\"menu-item-281298\"><a href=\"\/fr\/city-hall\/city-attorney\/attorneys\/\">avocats<\/a><\/li>\n<li id=\"menu-item-281299\"><a href=\"\/fr\/city-hall\/city-attorney\/internships\/\">Stages<\/a><\/li>\n<li id=\"menu-item-281302\"><a href=\"\/fr\/city-hall\/city-attorney\/history-of-previous-attorneys\/\">Anciens avocats de la ville<\/a><\/li>\n<\/ul>\t\t\t\t\n\t\t\t\t<img decoding=\"async\" src=\"https:\/\/www.miamibeachfl.gov\/wp-content\/uploads\/bb-plugin\/cache\/MarkAFishman-Circle-circle.png\" alt=\"Mark A Fishman\" title=\"Cercle de poissons MarkAFishman\" itemprop=\"image\"\/>\n\t\t<h2>\n\t\t\tNouveaux uniformes\t<\/h2>\n\t<p><strong>\u00c9ducation:<\/strong> Universit\u00e9 du Colorado\/\u00c9cole de droit de Boulder (JD 1995) ; Universit\u00e9 de Denver (BA 1992).<\/p>\n<p><strong>Membre:<\/strong> Barreau de Floride; Barreau du Nouveau-Mexique; Barreau du Colorado.<\/p>\n<p>Mark Fishman a rejoint le bureau du procureur de la ville en avril 2015. Il est \u00e9galement conseiller juridique de la police de Miami Beach. Ses responsabilit\u00e9s incluent la fourniture de conseils et de formations juridiques au service de police de Miami Beach, la r\u00e9daction et la r\u00e9vision de contrats et d&#039;accords, le contentieux des confiscations civiles devant les tribunaux de premi\u00e8re instance de l&#039;\u00c9tat et la r\u00e9solution de nombreux litiges concernant le service de police de Miami Beach.<\/p>\n<p>Avant d&#039;\u00eatre embauch\u00e9 par la ville de Miami Beach, M. Fishman \u00e9tait procureur adjoint et chef de division, charg\u00e9 des affaires d&#039;homicide au bureau du procureur du comt\u00e9 de Miami-Dade. Il a \u00e9galement \u00e9t\u00e9 pendant de nombreuses ann\u00e9es avocat superviseur au sein de la South Florida Money Laundering Strike Force, une force d&#039;intervention interinstitutions visant \u00e0 lutter contre les grandes organisations internationales de trafic de stup\u00e9fiants. Elle regroupait des organismes tels que la Drug Enforcement Agency (DEA), le Florida Department of Law Enforcement (FDLE), le Homeland Security Investigations (HSI), les services de police de la ville de Miami, de Fort Lauderdale, de Miami Beach et de Coral Gables, entre autres.<\/p>\n<p>M. Fishman \u00e9tait auparavant procureur adjoint de district affect\u00e9 \u00e0 l&#039;unit\u00e9 des gangs au bureau du procureur de district d&#039;Albuquerque, au Nouveau-Mexique, et a travaill\u00e9 pour la Kaplan Test Preparation Corporation o\u00f9 il \u00e9tait instructeur au test d&#039;admission \u00e0 la facult\u00e9 de droit (LSAT) et enseignait aux futurs \u00e9tudiants en droit comment se pr\u00e9parer et passer le LSAT.<\/p>","protected":false},"excerpt":{"rendered":"<p>Mark A. Fishman Deputy City Attorney City Attorney City Attorney Home Attorneys Internships Past City Attorneys City Attorney \u00d7 City [&hellip;]<\/p>\n","protected":false},"author":222,"featured_media":281426,"parent":281293,"menu_order":11,"comment_status":"closed","ping_status":"closed","template":"","meta":{"_searchwp_excluded":"","site-sidebar-layout":"default","site-content-layout":"","ast-site-content-layout":"default","site-content-style":"default","site-sidebar-style":"default","ast-global-header-display":"","ast-banner-title-visibility":"","ast-main-header-display":"","ast-hfb-above-header-display":"","ast-hfb-below-header-display":"","ast-hfb-mobile-header-display":"","site-post-title":"","ast-breadcrumbs-content":"","ast-featured-img":"","footer-sml-layout":"","theme-transparent-header-meta":"","adv-header-id-meta":"","stick-header-meta":"","header-above-stick-meta":"","header-main-stick-meta":"","header-below-stick-meta":"","astra-migrate-meta-layouts":"default","ast-page-background-enabled":"default","ast-page-background-meta":{"desktop":{"background-color":"var(--ast-global-color-5)","background-image":"","background-repeat":"repeat","background-position":"center center","background-size":"auto","background-attachment":"scroll","background-type":"","background-media":"","overlay-type":"","overlay-color":"","overlay-opacity":"","overlay-gradient":""},"tablet":{"background-color":"","background-image":"","background-repeat":"repeat","background-position":"center center","background-size":"auto","background-attachment":"scroll","background-type":"","background-media":"","overlay-type":"","overlay-color":"","overlay-opacity":"","overlay-gradient":""},"mobile":{"background-color":"","background-image":"","background-repeat":"repeat","background-position":"center center","background-size":"auto","background-attachment":"scroll","background-type":"","background-media":"","overlay-type":"","overlay-color":"","overlay-opacity":"","overlay-gradient":""}},"ast-content-background-meta":{"desktop":{"background-color":"var(--ast-global-color-4)","background-image":"","background-repeat":"repeat","background-position":"center center","background-size":"auto","background-attachment":"scroll","background-type":"","background-media":"","overlay-type":"","overlay-color":"","overlay-opacity":"","overlay-gradient":""},"tablet":{"background-color":"var(--ast-global-color-4)","background-image":"","background-repeat":"repeat","background-position":"center center","background-size":"auto","background-attachment":"scroll","background-type":"","background-media":"","overlay-type":"","overlay-color":"","overlay-opacity":"","overlay-gradient":""},"mobile":{"background-color":"var(--ast-global-color-4)","background-image":"","background-repeat":"repeat","background-position":"center center","background-size":"auto","background-attachment":"scroll","background-type":"","background-media":"","overlay-type":"","overlay-color":"","overlay-opacity":"","overlay-gradient":""}},"footnotes":""},"categories":[],"tags":[1132,1138],"class_list":["post-281425","page","type-page","status-publish","has-post-thumbnail","hentry","tag-city-attorneys","tag-mark-a-fishman-attorney"],"yoast_head":"<!-- This site is optimized with the Yoast SEO Premium plugin v27.4 (Yoast SEO v27.4) - https:\/\/yoast.com\/product\/yoast-seo-premium-wordpress\/ -->\n<title>Mark A. Fishman  Deputy City Attorney - City of Miami Beach<\/title>\n<meta name=\"description\" content=\"As the Code Compliance Department Director, he oversees the enforcement of laws and ordinances ensuring the quality of life for the people of the City of Miami Beach.Mark Fishman joined the City Attorney&#039;s Office in April of 2015. Mr. Fishman is also the Police Legal Advisor for the City of Miami Beach Police Department.\" \/>\n<meta name=\"robots\" content=\"index, follow, max-snippet:-1, max-image-preview:large, max-video-preview:-1\" \/>\n<link rel=\"canonical\" href=\"https:\/\/www.miamibeachfl.gov\/fr\/city-hall\/city-attorney\/attorneys\/markafishman\/\" \/>\n<meta property=\"og:locale\" content=\"fr_FR\" \/>\n<meta property=\"og:type\" content=\"article\" \/>\n<meta property=\"og:title\" content=\"Mark A. Fishman  Deputy City Attorney\" \/>\n<meta property=\"og:description\" content=\"As the Code Compliance Department Director, he oversees the enforcement of laws and ordinances ensuring the quality of life for the people of the City of Miami Beach.Mark Fishman joined the City Attorney&#039;s Office in April of 2015. Mr. Fishman is also the Police Legal Advisor for the City of Miami Beach Police Department.\" \/>\n<meta property=\"og:url\" content=\"https:\/\/www.miamibeachfl.gov\/fr\/city-hall\/city-attorney\/attorneys\/markafishman\/\" \/>\n<meta property=\"og:site_name\" content=\"City of Miami Beach\" \/>\n<meta property=\"article:publisher\" content=\"https:\/\/www.facebook.com\/cityofmiamibeach\" \/>\n<meta property=\"article:modified_time\" content=\"2025-05-25T14:49:47+00:00\" \/>\n<meta property=\"og:image\" content=\"https:\/\/www.miamibeachfl.gov\/wp-content\/uploads\/2023\/12\/MarkAFishman-Circle.png\" \/>\n\t<meta property=\"og:image:width\" content=\"250\" \/>\n\t<meta property=\"og:image:height\" content=\"250\" \/>\n\t<meta property=\"og:image:type\" content=\"image\/png\" \/>\n<meta name=\"twitter:card\" content=\"summary_large_image\" \/>\n<meta name=\"twitter:site\" content=\"@Miamibeachnews\" \/>\n<script type=\"application\/ld+json\" class=\"yoast-schema-graph\">{\"@context\":\"https:\\\/\\\/schema.org\",\"@graph\":[{\"@type\":\"WebPage\",\"@id\":\"https:\\\/\\\/www.miamibeachfl.gov\\\/city-hall\\\/city-attorney\\\/attorneys\\\/markafishman\\\/\",\"url\":\"https:\\\/\\\/www.miamibeachfl.gov\\\/city-hall\\\/city-attorney\\\/attorneys\\\/markafishman\\\/\",\"name\":\"Mark A. Fishman Deputy City Attorney - City of Miami Beach\",\"isPartOf\":{\"@id\":\"https:\\\/\\\/www.miamibeachfl.gov\\\/#website\"},\"primaryImageOfPage\":{\"@id\":\"https:\\\/\\\/www.miamibeachfl.gov\\\/city-hall\\\/city-attorney\\\/attorneys\\\/markafishman\\\/#primaryimage\"},\"image\":{\"@id\":\"https:\\\/\\\/www.miamibeachfl.gov\\\/city-hall\\\/city-attorney\\\/attorneys\\\/markafishman\\\/#primaryimage\"},\"thumbnailUrl\":\"https:\\\/\\\/www.miamibeachfl.gov\\\/wp-content\\\/uploads\\\/2023\\\/12\\\/MarkAFishman-Circle.png\",\"datePublished\":\"2023-12-01T14:41:56+00:00\",\"dateModified\":\"2025-05-25T14:49:47+00:00\",\"description\":\"As the Code Compliance Department Director, he oversees the enforcement of laws and ordinances ensuring the quality of life for the people of the City of Miami Beach.Mark Fishman joined the City Attorney's Office in April of 2015. Mr. Fishman is also the Police Legal Advisor for the City of Miami Beach Police Department.\",\"breadcrumb\":{\"@id\":\"https:\\\/\\\/www.miamibeachfl.gov\\\/city-hall\\\/city-attorney\\\/attorneys\\\/markafishman\\\/#breadcrumb\"},\"inLanguage\":\"fr-FR\",\"potentialAction\":[{\"@type\":\"ReadAction\",\"target\":[\"https:\\\/\\\/www.miamibeachfl.gov\\\/city-hall\\\/city-attorney\\\/attorneys\\\/markafishman\\\/\"]}]},{\"@type\":\"ImageObject\",\"inLanguage\":\"fr-FR\",\"@id\":\"https:\\\/\\\/www.miamibeachfl.gov\\\/city-hall\\\/city-attorney\\\/attorneys\\\/markafishman\\\/#primaryimage\",\"url\":\"https:\\\/\\\/www.miamibeachfl.gov\\\/wp-content\\\/uploads\\\/2023\\\/12\\\/MarkAFishman-Circle.png\",\"contentUrl\":\"https:\\\/\\\/www.miamibeachfl.gov\\\/wp-content\\\/uploads\\\/2023\\\/12\\\/MarkAFishman-Circle.png\",\"width\":250,\"height\":250,\"caption\":\"Mark A Fishman\"},{\"@type\":\"BreadcrumbList\",\"@id\":\"https:\\\/\\\/www.miamibeachfl.gov\\\/city-hall\\\/city-attorney\\\/attorneys\\\/markafishman\\\/#breadcrumb\",\"itemListElement\":[{\"@type\":\"ListItem\",\"position\":1,\"name\":\"Home\",\"item\":\"https:\\\/\\\/www.miamibeachfl.gov\\\/\"},{\"@type\":\"ListItem\",\"position\":2,\"name\":\"City Hall\",\"item\":\"https:\\\/\\\/www.miamibeachfl.gov\\\/city-hall\\\/\"},{\"@type\":\"ListItem\",\"position\":3,\"name\":\"City Attorney\",\"item\":\"https:\\\/\\\/www.miamibeachfl.gov\\\/city-hall\\\/city-attorney\\\/\"},{\"@type\":\"ListItem\",\"position\":4,\"name\":\"City of Miami Beach Attorneys\",\"item\":\"https:\\\/\\\/www.miamibeachfl.gov\\\/city-hall\\\/city-attorney\\\/attorneys\\\/\"},{\"@type\":\"ListItem\",\"position\":5,\"name\":\"Mark A. Fishman Deputy City Attorney\"}]},{\"@type\":\"WebSite\",\"@id\":\"https:\\\/\\\/www.miamibeachfl.gov\\\/#website\",\"url\":\"https:\\\/\\\/www.miamibeachfl.gov\\\/\",\"name\":\"City of Miami Beach\",\"description\":\"The official website of the City of Miami Beach. Stay informed, find important information on city services, news, alerts, events, trolley routes, government employment and more.\",\"publisher\":{\"@id\":\"https:\\\/\\\/www.miamibeachfl.gov\\\/#organization\"},\"potentialAction\":[{\"@type\":\"SearchAction\",\"target\":{\"@type\":\"EntryPoint\",\"urlTemplate\":\"https:\\\/\\\/www.miamibeachfl.gov\\\/?s={search_term_string}\"},\"query-input\":{\"@type\":\"PropertyValueSpecification\",\"valueRequired\":true,\"valueName\":\"search_term_string\"}}],\"inLanguage\":\"fr-FR\"},{\"@type\":\"Organization\",\"@id\":\"https:\\\/\\\/www.miamibeachfl.gov\\\/#organization\",\"name\":\"City of Miami Beach\",\"url\":\"https:\\\/\\\/www.miamibeachfl.gov\\\/\",\"logo\":{\"@type\":\"ImageObject\",\"inLanguage\":\"fr-FR\",\"@id\":\"https:\\\/\\\/www.miamibeachfl.gov\\\/#\\\/schema\\\/logo\\\/image\\\/\",\"url\":\"https:\\\/\\\/www.miamibeachfl.gov\\\/wp-content\\\/uploads\\\/2022\\\/06\\\/miamibeach-logoblue.png\",\"contentUrl\":\"https:\\\/\\\/www.miamibeachfl.gov\\\/wp-content\\\/uploads\\\/2022\\\/06\\\/miamibeach-logoblue.png\",\"width\":1962,\"height\":381,\"caption\":\"City of Miami Beach\"},\"image\":{\"@id\":\"https:\\\/\\\/www.miamibeachfl.gov\\\/#\\\/schema\\\/logo\\\/image\\\/\"},\"sameAs\":[\"https:\\\/\\\/www.facebook.com\\\/cityofmiamibeach\",\"https:\\\/\\\/x.com\\\/Miamibeachnews\",\"https:\\\/\\\/www.instagram.com\\\/miamibeachnews\\\/\"],\"description\":\"The official website of the City of Miami Beach. Stay informed, find important information on city services, news, alerts, events, trolley routes, government employment and more.\",\"telephone\":\"305.604.CITY(2489)\",\"legalName\":\"City of Miami Beach\"}]}<\/script>\n<!-- \/ Yoast SEO Premium plugin. -->","yoast_head_json":{"title":"Mark A. Fishman, procureur adjoint de la ville de Miami Beach","description":"En tant que directeur du d\u00e9partement de conformit\u00e9 au code, il supervise l&#039;application des lois et des ordonnances garantissant la qualit\u00e9 de vie des habitants de la ville de Miami Beach. Mark Fishman a rejoint le bureau du procureur de la ville en avril 2015. M. Fishman est \u00e9galement le conseiller juridique de la police pour le d\u00e9partement de police de la ville de Miami Beach.","robots":{"index":"index","follow":"follow","max-snippet":"max-snippet:-1","max-image-preview":"max-image-preview:large","max-video-preview":"max-video-preview:-1"},"canonical":"https:\/\/www.miamibeachfl.gov\/fr\/city-hall\/city-attorney\/attorneys\/markafishman\/","og_locale":"fr_FR","og_type":"article","og_title":"Mark A. Fishman  Deputy City Attorney","og_description":"As the Code Compliance Department Director, he oversees the enforcement of laws and ordinances ensuring the quality of life for the people of the City of Miami Beach.Mark Fishman joined the City Attorney's Office in April of 2015. Mr. Fishman is also the Police Legal Advisor for the City of Miami Beach Police Department.","og_url":"https:\/\/www.miamibeachfl.gov\/fr\/city-hall\/city-attorney\/attorneys\/markafishman\/","og_site_name":"City of Miami Beach","article_publisher":"https:\/\/www.facebook.com\/cityofmiamibeach","article_modified_time":"2025-05-25T14:49:47+00:00","og_image":[{"width":250,"height":250,"url":"https:\/\/www.miamibeachfl.gov\/wp-content\/uploads\/2023\/12\/MarkAFishman-Circle.png","type":"image\/png"}],"twitter_card":"summary_large_image","twitter_site":"@Miamibeachnews","schema":{"@context":"https:\/\/schema.org","@graph":[{"@type":"WebPage","@id":"https:\/\/www.miamibeachfl.gov\/city-hall\/city-attorney\/attorneys\/markafishman\/","url":"https:\/\/www.miamibeachfl.gov\/city-hall\/city-attorney\/attorneys\/markafishman\/","name":"Mark A. Fishman, procureur adjoint de la ville de Miami Beach","isPartOf":{"@id":"https:\/\/www.miamibeachfl.gov\/#website"},"primaryImageOfPage":{"@id":"https:\/\/www.miamibeachfl.gov\/city-hall\/city-attorney\/attorneys\/markafishman\/#primaryimage"},"image":{"@id":"https:\/\/www.miamibeachfl.gov\/city-hall\/city-attorney\/attorneys\/markafishman\/#primaryimage"},"thumbnailUrl":"https:\/\/www.miamibeachfl.gov\/wp-content\/uploads\/2023\/12\/MarkAFishman-Circle.png","datePublished":"2023-12-01T14:41:56+00:00","dateModified":"2025-05-25T14:49:47+00:00","description":"En tant que directeur du d\u00e9partement de conformit\u00e9 au code, il supervise l&#039;application des lois et des ordonnances garantissant la qualit\u00e9 de vie des habitants de la ville de Miami Beach. Mark Fishman a rejoint le bureau du procureur de la ville en avril 2015. M. Fishman est \u00e9galement le conseiller juridique de la police pour le d\u00e9partement de police de la ville de Miami Beach.","breadcrumb":{"@id":"https:\/\/www.miamibeachfl.gov\/city-hall\/city-attorney\/attorneys\/markafishman\/#breadcrumb"},"inLanguage":"fr-FR","potentialAction":[{"@type":"ReadAction","target":["https:\/\/www.miamibeachfl.gov\/city-hall\/city-attorney\/attorneys\/markafishman\/"]}]},{"@type":"ImageObject","inLanguage":"fr-FR","@id":"https:\/\/www.miamibeachfl.gov\/city-hall\/city-attorney\/attorneys\/markafishman\/#primaryimage","url":"https:\/\/www.miamibeachfl.gov\/wp-content\/uploads\/2023\/12\/MarkAFishman-Circle.png","contentUrl":"https:\/\/www.miamibeachfl.gov\/wp-content\/uploads\/2023\/12\/MarkAFishman-Circle.png","width":250,"height":250,"caption":"Mark A Fishman"},{"@type":"BreadcrumbList","@id":"https:\/\/www.miamibeachfl.gov\/city-hall\/city-attorney\/attorneys\/markafishman\/#breadcrumb","itemListElement":[{"@type":"ListItem","position":1,"name":"Home","item":"https:\/\/www.miamibeachfl.gov\/"},{"@type":"ListItem","position":2,"name":"City Hall","item":"https:\/\/www.miamibeachfl.gov\/city-hall\/"},{"@type":"ListItem","position":3,"name":"City Attorney","item":"https:\/\/www.miamibeachfl.gov\/city-hall\/city-attorney\/"},{"@type":"ListItem","position":4,"name":"City of Miami Beach Attorneys","item":"https:\/\/www.miamibeachfl.gov\/city-hall\/city-attorney\/attorneys\/"},{"@type":"ListItem","position":5,"name":"Mark A. Fishman Deputy City Attorney"}]},{"@type":"WebSite","@id":"https:\/\/www.miamibeachfl.gov\/#website","url":"https:\/\/www.miamibeachfl.gov\/","name":"Ville de Miami Beach","description":"Site officiel de la ville de Miami Beach. Restez inform\u00e9 et trouvez des informations importantes sur les services municipaux, les actualit\u00e9s, les alertes, les \u00e9v\u00e9nements, les itin\u00e9raires de tramway, les emplois gouvernementaux et bien plus encore.","publisher":{"@id":"https:\/\/www.miamibeachfl.gov\/#organization"},"potentialAction":[{"@type":"SearchAction","target":{"@type":"EntryPoint","urlTemplate":"https:\/\/www.miamibeachfl.gov\/?s={search_term_string}"},"query-input":{"@type":"PropertyValueSpecification","valueRequired":true,"valueName":"search_term_string"}}],"inLanguage":"fr-FR"},{"@type":"Organization","@id":"https:\/\/www.miamibeachfl.gov\/#organization","name":"Ville de Miami Beach","url":"https:\/\/www.miamibeachfl.gov\/","logo":{"@type":"ImageObject","inLanguage":"fr-FR","@id":"https:\/\/www.miamibeachfl.gov\/#\/schema\/logo\/image\/","url":"https:\/\/www.miamibeachfl.gov\/wp-content\/uploads\/2022\/06\/miamibeach-logoblue.png","contentUrl":"https:\/\/www.miamibeachfl.gov\/wp-content\/uploads\/2022\/06\/miamibeach-logoblue.png","width":1962,"height":381,"caption":"City of Miami Beach"},"image":{"@id":"https:\/\/www.miamibeachfl.gov\/#\/schema\/logo\/image\/"},"sameAs":["https:\/\/www.facebook.com\/cityofmiamibeach","https:\/\/x.com\/Miamibeachnews","https:\/\/www.instagram.com\/miamibeachnews\/"],"description":"Site officiel de la ville de Miami Beach. Restez inform\u00e9 et trouvez des informations importantes sur les services municipaux, les actualit\u00e9s, les alertes, les \u00e9v\u00e9nements, les itin\u00e9raires de tramway, les emplois gouvernementaux et bien plus encore.","telephone":"305.604.CITY(2489)","legalName":"City of Miami Beach"}]}},"_links":{"self":[{"href":"https:\/\/www.miamibeachfl.gov\/fr\/wp-json\/wp\/v2\/pages\/281425","targetHints":{"allow":["GET"]}}],"collection":[{"href":"https:\/\/www.miamibeachfl.gov\/fr\/wp-json\/wp\/v2\/pages"}],"about":[{"href":"https:\/\/www.miamibeachfl.gov\/fr\/wp-json\/wp\/v2\/types\/page"}],"author":[{"embeddable":true,"href":"https:\/\/www.miamibeachfl.gov\/fr\/wp-json\/wp\/v2\/users\/222"}],"replies":[{"embeddable":true,"href":"https:\/\/www.miamibeachfl.gov\/fr\/wp-json\/wp\/v2\/comments?post=281425"}],"version-history":[{"count":0,"href":"https:\/\/www.miamibeachfl.gov\/fr\/wp-json\/wp\/v2\/pages\/281425\/revisions"}],"up":[{"embeddable":true,"href":"https:\/\/www.miamibeachfl.gov\/fr\/wp-json\/wp\/v2\/pages\/281293"}],"wp:featuredmedia":[{"embeddable":true,"href":"https:\/\/www.miamibeachfl.gov\/fr\/wp-json\/wp\/v2\/media\/281426"}],"wp:attachment":[{"href":"https:\/\/www.miamibeachfl.gov\/fr\/wp-json\/wp\/v2\/media?parent=281425"}],"wp:term":[{"taxonomy":"category","embeddable":true,"href":"https:\/\/www.miamibeachfl.gov\/fr\/wp-json\/wp\/v2\/categories?post=281425"},{"taxonomy":"post_tag","embeddable":true,"href":"https:\/\/www.miamibeachfl.gov\/fr\/wp-json\/wp\/v2\/tags?post=281425"}],"curies":[{"name":"wp","href":"https:\/\/api.w.org\/{rel}","templated":true}]}}