{"id":281433,"date":"2023-12-01T09:48:59","date_gmt":"2023-12-01T14:48:59","guid":{"rendered":"https:\/\/www.miamibeachfl.gov\/?page_id=281433"},"modified":"2025-05-25T10:50:20","modified_gmt":"2025-05-25T14:50:20","slug":"giselantorres","status":"publish","type":"page","link":"https:\/\/www.miamibeachfl.gov\/fr\/city-hall\/city-attorney\/attorneys\/giselantorres\/","title":{"rendered":"Gisela N. Torres <br> procureur adjoint principal de la ville"},"content":{"rendered":"<h1>\n\t\t\tGisela N. Torres\t<\/h1>\n<h1>\n\t\t\tprocureur adjoint principal de la ville\t<\/h1>\nprocureur de la ville\t\t\t\n\t\t\t\t\t<ul id=\"menu-city-attorney\"><li id=\"menu-item-281297\"><a href=\"\/fr\/city-hall\/city-attorney\/\">Accueil du procureur de la ville<\/a><\/li>\n<li id=\"menu-item-281298\"><a href=\"\/fr\/city-hall\/city-attorney\/attorneys\/\">avocats<\/a><\/li>\n<li id=\"menu-item-281299\"><a href=\"\/fr\/city-hall\/city-attorney\/internships\/\">Stages<\/a><\/li>\n<li id=\"menu-item-281302\"><a href=\"\/fr\/city-hall\/city-attorney\/history-of-previous-attorneys\/\">Anciens avocats de la ville<\/a><\/li>\n<\/ul>\t\nProcureur de la ville \u00d7\t\t\t\t\t\t<ul id=\"menu-city-attorney-1\"><li id=\"menu-item-281297\"><a href=\"\/fr\/city-hall\/city-attorney\/\">Accueil du procureur de la ville<\/a><\/li>\n<li id=\"menu-item-281298\"><a href=\"\/fr\/city-hall\/city-attorney\/attorneys\/\">avocats<\/a><\/li>\n<li id=\"menu-item-281299\"><a href=\"\/fr\/city-hall\/city-attorney\/internships\/\">Stages<\/a><\/li>\n<li id=\"menu-item-281302\"><a href=\"\/fr\/city-hall\/city-attorney\/history-of-previous-attorneys\/\">Anciens avocats de la ville<\/a><\/li>\n<\/ul>\t\t\t\t\n\t\t\t\t<img decoding=\"async\" src=\"https:\/\/www.miamibeachfl.gov\/wp-content\/uploads\/bb-plugin\/cache\/GiselaTorres-Circle-circle.png\" alt=\"Gisela N. Torres\" title=\"Gisela Torres-Cercle\" itemprop=\"image\"\/>\n\t\t<h2>\n\t\t\tNouveaux uniformes\t<\/h2>\n\t<p><strong>\u00c9ducation<\/strong>: Florida International University, Miami, Floride (BA 1987) ; Nova Southeastern University, Davie, Floride (JD 1990)<\/p>\n<p><strong>Membre:<\/strong>\u00a0\u00a0Barreau de Floride<\/p>\n<p>Mme Torres a rejoint le bureau du procureur de la ville en 2014. Ses principaux domaines d&#039;intervention comprennent la n\u00e9gociation et la pr\u00e9paration d&#039;accords municipaux portant sur des transactions immobili\u00e8res, des contrats de gestion d&#039;actifs, des baux et des contrats de services. Elle est \u00e9galement charg\u00e9e de r\u00e9diger des r\u00e9solutions et de fournir des conseils juridiques au Bureau de l&#039;immobilier (D\u00e9partement du tourisme, de la culture et du d\u00e9veloppement \u00e9conomique), au Bureau du logement et des services communautaires et au Service des achats de la ville.<\/p>\n<p>Avant de rejoindre le bureau du procureur de la ville, Mme Torres a occup\u00e9 pendant un an le poste de sp\u00e9cialiste en location au sein du service de l&#039;immobilier de la ville, au sein du d\u00e9partement du tourisme, de la culture et du d\u00e9veloppement \u00e9conomique. Avant de rejoindre la ville de Miami Beach, Mme Torres exer\u00e7ait en cabinet priv\u00e9, sp\u00e9cialis\u00e9e dans les transactions immobili\u00e8res et les litiges commerciaux.<\/p>","protected":false},"excerpt":{"rendered":"<p>Gisela N. Torres Senior Assistant City Attorney City Attorney City Attorney Home Attorneys Internships Past City Attorneys City Attorney \u00d7 [&hellip;]<\/p>\n","protected":false},"author":222,"featured_media":281435,"parent":281293,"menu_order":14,"comment_status":"closed","ping_status":"closed","template":"","meta":{"_searchwp_excluded":"","site-sidebar-layout":"default","site-content-layout":"","ast-site-content-layout":"default","site-content-style":"default","site-sidebar-style":"default","ast-global-header-display":"","ast-banner-title-visibility":"","ast-main-header-display":"","ast-hfb-above-header-display":"","ast-hfb-below-header-display":"","ast-hfb-mobile-header-display":"","site-post-title":"","ast-breadcrumbs-content":"","ast-featured-img":"","footer-sml-layout":"","theme-transparent-header-meta":"","adv-header-id-meta":"","stick-header-meta":"","header-above-stick-meta":"","header-main-stick-meta":"","header-below-stick-meta":"","astra-migrate-meta-layouts":"default","ast-page-background-enabled":"default","ast-page-background-meta":{"desktop":{"background-color":"var(--ast-global-color-5)","background-image":"","background-repeat":"repeat","background-position":"center center","background-size":"auto","background-attachment":"scroll","background-type":"","background-media":"","overlay-type":"","overlay-color":"","overlay-opacity":"","overlay-gradient":""},"tablet":{"background-color":"","background-image":"","background-repeat":"repeat","background-position":"center center","background-size":"auto","background-attachment":"scroll","background-type":"","background-media":"","overlay-type":"","overlay-color":"","overlay-opacity":"","overlay-gradient":""},"mobile":{"background-color":"","background-image":"","background-repeat":"repeat","background-position":"center center","background-size":"auto","background-attachment":"scroll","background-type":"","background-media":"","overlay-type":"","overlay-color":"","overlay-opacity":"","overlay-gradient":""}},"ast-content-background-meta":{"desktop":{"background-color":"var(--ast-global-color-4)","background-image":"","background-repeat":"repeat","background-position":"center center","background-size":"auto","background-attachment":"scroll","background-type":"","background-media":"","overlay-type":"","overlay-color":"","overlay-opacity":"","overlay-gradient":""},"tablet":{"background-color":"var(--ast-global-color-4)","background-image":"","background-repeat":"repeat","background-position":"center center","background-size":"auto","background-attachment":"scroll","background-type":"","background-media":"","overlay-type":"","overlay-color":"","overlay-opacity":"","overlay-gradient":""},"mobile":{"background-color":"var(--ast-global-color-4)","background-image":"","background-repeat":"repeat","background-position":"center center","background-size":"auto","background-attachment":"scroll","background-type":"","background-media":"","overlay-type":"","overlay-color":"","overlay-opacity":"","overlay-gradient":""}},"footnotes":""},"categories":[],"tags":[1132,1140],"class_list":["post-281433","page","type-page","status-publish","has-post-thumbnail","hentry","tag-city-attorneys","tag-gisela-n-torres-attorney"],"yoast_head":"<!-- This site is optimized with the Yoast SEO Premium plugin v27.4 (Yoast SEO v27.4) - https:\/\/yoast.com\/product\/yoast-seo-premium-wordpress\/ -->\n<title>Gisela N. Torres  Senior Assistant City Attorney - City of Miami Beach<\/title>\n<meta name=\"description\" content=\"Ms. Torres joined the City Attorney&#039;s Office in 2014.\u00a0 Her principal areas of practice include the negotiation and preparation of City agreements involving real property transactions, asset management agreements, leases, and service agreements.\u00a0\" \/>\n<meta name=\"robots\" content=\"index, follow, max-snippet:-1, max-image-preview:large, max-video-preview:-1\" \/>\n<link rel=\"canonical\" href=\"https:\/\/www.miamibeachfl.gov\/fr\/city-hall\/city-attorney\/attorneys\/giselantorres\/\" \/>\n<meta property=\"og:locale\" content=\"fr_FR\" \/>\n<meta property=\"og:type\" content=\"article\" \/>\n<meta property=\"og:title\" content=\"Gisela N. Torres  Senior Assistant City Attorney\" \/>\n<meta property=\"og:description\" content=\"Ms. Torres joined the City Attorney&#039;s Office in 2014.\u00a0 Her principal areas of practice include the negotiation and preparation of City agreements involving real property transactions, asset management agreements, leases, and service agreements.\u00a0\" \/>\n<meta property=\"og:url\" content=\"https:\/\/www.miamibeachfl.gov\/fr\/city-hall\/city-attorney\/attorneys\/giselantorres\/\" \/>\n<meta property=\"og:site_name\" content=\"City of Miami Beach\" \/>\n<meta property=\"article:publisher\" content=\"https:\/\/www.facebook.com\/cityofmiamibeach\" \/>\n<meta property=\"article:modified_time\" content=\"2025-05-25T14:50:20+00:00\" \/>\n<meta property=\"og:image\" content=\"https:\/\/www.miamibeachfl.gov\/wp-content\/uploads\/2023\/12\/GiselaTorres-Circle.png\" \/>\n\t<meta property=\"og:image:width\" content=\"250\" \/>\n\t<meta property=\"og:image:height\" content=\"250\" \/>\n\t<meta property=\"og:image:type\" content=\"image\/png\" \/>\n<meta name=\"twitter:card\" content=\"summary_large_image\" \/>\n<meta name=\"twitter:site\" content=\"@Miamibeachnews\" \/>\n<script type=\"application\/ld+json\" class=\"yoast-schema-graph\">{\"@context\":\"https:\\\/\\\/schema.org\",\"@graph\":[{\"@type\":\"WebPage\",\"@id\":\"https:\\\/\\\/www.miamibeachfl.gov\\\/city-hall\\\/city-attorney\\\/attorneys\\\/giselantorres\\\/\",\"url\":\"https:\\\/\\\/www.miamibeachfl.gov\\\/city-hall\\\/city-attorney\\\/attorneys\\\/giselantorres\\\/\",\"name\":\"Gisela N. Torres Senior Assistant City Attorney - City of Miami Beach\",\"isPartOf\":{\"@id\":\"https:\\\/\\\/www.miamibeachfl.gov\\\/#website\"},\"primaryImageOfPage\":{\"@id\":\"https:\\\/\\\/www.miamibeachfl.gov\\\/city-hall\\\/city-attorney\\\/attorneys\\\/giselantorres\\\/#primaryimage\"},\"image\":{\"@id\":\"https:\\\/\\\/www.miamibeachfl.gov\\\/city-hall\\\/city-attorney\\\/attorneys\\\/giselantorres\\\/#primaryimage\"},\"thumbnailUrl\":\"https:\\\/\\\/www.miamibeachfl.gov\\\/wp-content\\\/uploads\\\/2023\\\/12\\\/GiselaTorres-Circle.png\",\"datePublished\":\"2023-12-01T14:48:59+00:00\",\"dateModified\":\"2025-05-25T14:50:20+00:00\",\"description\":\"Ms. Torres joined the City Attorney's Office in 2014.\u00a0 Her principal areas of practice include the negotiation and preparation of City agreements involving real property transactions, asset management agreements, leases, and service agreements.\u00a0\",\"breadcrumb\":{\"@id\":\"https:\\\/\\\/www.miamibeachfl.gov\\\/city-hall\\\/city-attorney\\\/attorneys\\\/giselantorres\\\/#breadcrumb\"},\"inLanguage\":\"fr-FR\",\"potentialAction\":[{\"@type\":\"ReadAction\",\"target\":[\"https:\\\/\\\/www.miamibeachfl.gov\\\/city-hall\\\/city-attorney\\\/attorneys\\\/giselantorres\\\/\"]}]},{\"@type\":\"ImageObject\",\"inLanguage\":\"fr-FR\",\"@id\":\"https:\\\/\\\/www.miamibeachfl.gov\\\/city-hall\\\/city-attorney\\\/attorneys\\\/giselantorres\\\/#primaryimage\",\"url\":\"https:\\\/\\\/www.miamibeachfl.gov\\\/wp-content\\\/uploads\\\/2023\\\/12\\\/GiselaTorres-Circle.png\",\"contentUrl\":\"https:\\\/\\\/www.miamibeachfl.gov\\\/wp-content\\\/uploads\\\/2023\\\/12\\\/GiselaTorres-Circle.png\",\"width\":250,\"height\":250,\"caption\":\"Gisela N. Torres\"},{\"@type\":\"BreadcrumbList\",\"@id\":\"https:\\\/\\\/www.miamibeachfl.gov\\\/city-hall\\\/city-attorney\\\/attorneys\\\/giselantorres\\\/#breadcrumb\",\"itemListElement\":[{\"@type\":\"ListItem\",\"position\":1,\"name\":\"Home\",\"item\":\"https:\\\/\\\/www.miamibeachfl.gov\\\/\"},{\"@type\":\"ListItem\",\"position\":2,\"name\":\"City Hall\",\"item\":\"https:\\\/\\\/www.miamibeachfl.gov\\\/city-hall\\\/\"},{\"@type\":\"ListItem\",\"position\":3,\"name\":\"City Attorney\",\"item\":\"https:\\\/\\\/www.miamibeachfl.gov\\\/city-hall\\\/city-attorney\\\/\"},{\"@type\":\"ListItem\",\"position\":4,\"name\":\"City of Miami Beach Attorneys\",\"item\":\"https:\\\/\\\/www.miamibeachfl.gov\\\/city-hall\\\/city-attorney\\\/attorneys\\\/\"},{\"@type\":\"ListItem\",\"position\":5,\"name\":\"Gisela N. Torres Senior Assistant City Attorney\"}]},{\"@type\":\"WebSite\",\"@id\":\"https:\\\/\\\/www.miamibeachfl.gov\\\/#website\",\"url\":\"https:\\\/\\\/www.miamibeachfl.gov\\\/\",\"name\":\"City of Miami Beach\",\"description\":\"The official website of the City of Miami Beach. Stay informed, find important information on city services, news, alerts, events, trolley routes, government employment and more.\",\"publisher\":{\"@id\":\"https:\\\/\\\/www.miamibeachfl.gov\\\/#organization\"},\"potentialAction\":[{\"@type\":\"SearchAction\",\"target\":{\"@type\":\"EntryPoint\",\"urlTemplate\":\"https:\\\/\\\/www.miamibeachfl.gov\\\/?s={search_term_string}\"},\"query-input\":{\"@type\":\"PropertyValueSpecification\",\"valueRequired\":true,\"valueName\":\"search_term_string\"}}],\"inLanguage\":\"fr-FR\"},{\"@type\":\"Organization\",\"@id\":\"https:\\\/\\\/www.miamibeachfl.gov\\\/#organization\",\"name\":\"City of Miami Beach\",\"url\":\"https:\\\/\\\/www.miamibeachfl.gov\\\/\",\"logo\":{\"@type\":\"ImageObject\",\"inLanguage\":\"fr-FR\",\"@id\":\"https:\\\/\\\/www.miamibeachfl.gov\\\/#\\\/schema\\\/logo\\\/image\\\/\",\"url\":\"https:\\\/\\\/www.miamibeachfl.gov\\\/wp-content\\\/uploads\\\/2022\\\/06\\\/miamibeach-logoblue.png\",\"contentUrl\":\"https:\\\/\\\/www.miamibeachfl.gov\\\/wp-content\\\/uploads\\\/2022\\\/06\\\/miamibeach-logoblue.png\",\"width\":1962,\"height\":381,\"caption\":\"City of Miami Beach\"},\"image\":{\"@id\":\"https:\\\/\\\/www.miamibeachfl.gov\\\/#\\\/schema\\\/logo\\\/image\\\/\"},\"sameAs\":[\"https:\\\/\\\/www.facebook.com\\\/cityofmiamibeach\",\"https:\\\/\\\/x.com\\\/Miamibeachnews\",\"https:\\\/\\\/www.instagram.com\\\/miamibeachnews\\\/\"],\"description\":\"The official website of the City of Miami Beach. Stay informed, find important information on city services, news, alerts, events, trolley routes, government employment and more.\",\"telephone\":\"305.604.CITY(2489)\",\"legalName\":\"City of Miami Beach\"}]}<\/script>\n<!-- \/ Yoast SEO Premium plugin. -->","yoast_head_json":{"title":"Gisela N. Torres, procureure adjointe principale de la ville de Miami Beach","description":"Mme Torres a rejoint le bureau du procureur de la ville en 2014. Ses principaux domaines de pratique comprennent la n\u00e9gociation et la pr\u00e9paration d&#039;accords municipaux impliquant des transactions immobili\u00e8res, des accords de gestion d&#039;actifs, des baux et des accords de services.\u00a0","robots":{"index":"index","follow":"follow","max-snippet":"max-snippet:-1","max-image-preview":"max-image-preview:large","max-video-preview":"max-video-preview:-1"},"canonical":"https:\/\/www.miamibeachfl.gov\/fr\/city-hall\/city-attorney\/attorneys\/giselantorres\/","og_locale":"fr_FR","og_type":"article","og_title":"Gisela N. Torres  Senior Assistant City Attorney","og_description":"Ms. Torres joined the City Attorney's Office in 2014.\u00a0 Her principal areas of practice include the negotiation and preparation of City agreements involving real property transactions, asset management agreements, leases, and service agreements.\u00a0","og_url":"https:\/\/www.miamibeachfl.gov\/fr\/city-hall\/city-attorney\/attorneys\/giselantorres\/","og_site_name":"City of Miami Beach","article_publisher":"https:\/\/www.facebook.com\/cityofmiamibeach","article_modified_time":"2025-05-25T14:50:20+00:00","og_image":[{"width":250,"height":250,"url":"https:\/\/www.miamibeachfl.gov\/wp-content\/uploads\/2023\/12\/GiselaTorres-Circle.png","type":"image\/png"}],"twitter_card":"summary_large_image","twitter_site":"@Miamibeachnews","schema":{"@context":"https:\/\/schema.org","@graph":[{"@type":"WebPage","@id":"https:\/\/www.miamibeachfl.gov\/city-hall\/city-attorney\/attorneys\/giselantorres\/","url":"https:\/\/www.miamibeachfl.gov\/city-hall\/city-attorney\/attorneys\/giselantorres\/","name":"Gisela N. Torres, procureure adjointe principale de la ville de Miami Beach","isPartOf":{"@id":"https:\/\/www.miamibeachfl.gov\/#website"},"primaryImageOfPage":{"@id":"https:\/\/www.miamibeachfl.gov\/city-hall\/city-attorney\/attorneys\/giselantorres\/#primaryimage"},"image":{"@id":"https:\/\/www.miamibeachfl.gov\/city-hall\/city-attorney\/attorneys\/giselantorres\/#primaryimage"},"thumbnailUrl":"https:\/\/www.miamibeachfl.gov\/wp-content\/uploads\/2023\/12\/GiselaTorres-Circle.png","datePublished":"2023-12-01T14:48:59+00:00","dateModified":"2025-05-25T14:50:20+00:00","description":"Mme Torres a rejoint le bureau du procureur de la ville en 2014. Ses principaux domaines de pratique comprennent la n\u00e9gociation et la pr\u00e9paration d&#039;accords municipaux impliquant des transactions immobili\u00e8res, des accords de gestion d&#039;actifs, des baux et des accords de services.\u00a0","breadcrumb":{"@id":"https:\/\/www.miamibeachfl.gov\/city-hall\/city-attorney\/attorneys\/giselantorres\/#breadcrumb"},"inLanguage":"fr-FR","potentialAction":[{"@type":"ReadAction","target":["https:\/\/www.miamibeachfl.gov\/city-hall\/city-attorney\/attorneys\/giselantorres\/"]}]},{"@type":"ImageObject","inLanguage":"fr-FR","@id":"https:\/\/www.miamibeachfl.gov\/city-hall\/city-attorney\/attorneys\/giselantorres\/#primaryimage","url":"https:\/\/www.miamibeachfl.gov\/wp-content\/uploads\/2023\/12\/GiselaTorres-Circle.png","contentUrl":"https:\/\/www.miamibeachfl.gov\/wp-content\/uploads\/2023\/12\/GiselaTorres-Circle.png","width":250,"height":250,"caption":"Gisela N. Torres"},{"@type":"BreadcrumbList","@id":"https:\/\/www.miamibeachfl.gov\/city-hall\/city-attorney\/attorneys\/giselantorres\/#breadcrumb","itemListElement":[{"@type":"ListItem","position":1,"name":"Home","item":"https:\/\/www.miamibeachfl.gov\/"},{"@type":"ListItem","position":2,"name":"City Hall","item":"https:\/\/www.miamibeachfl.gov\/city-hall\/"},{"@type":"ListItem","position":3,"name":"City Attorney","item":"https:\/\/www.miamibeachfl.gov\/city-hall\/city-attorney\/"},{"@type":"ListItem","position":4,"name":"City of Miami Beach Attorneys","item":"https:\/\/www.miamibeachfl.gov\/city-hall\/city-attorney\/attorneys\/"},{"@type":"ListItem","position":5,"name":"Gisela N. Torres Senior Assistant City Attorney"}]},{"@type":"WebSite","@id":"https:\/\/www.miamibeachfl.gov\/#website","url":"https:\/\/www.miamibeachfl.gov\/","name":"Ville de Miami Beach","description":"Site officiel de la ville de Miami Beach. Restez inform\u00e9 et trouvez des informations importantes sur les services municipaux, les actualit\u00e9s, les alertes, les \u00e9v\u00e9nements, les itin\u00e9raires de tramway, les emplois gouvernementaux et bien plus encore.","publisher":{"@id":"https:\/\/www.miamibeachfl.gov\/#organization"},"potentialAction":[{"@type":"SearchAction","target":{"@type":"EntryPoint","urlTemplate":"https:\/\/www.miamibeachfl.gov\/?s={search_term_string}"},"query-input":{"@type":"PropertyValueSpecification","valueRequired":true,"valueName":"search_term_string"}}],"inLanguage":"fr-FR"},{"@type":"Organization","@id":"https:\/\/www.miamibeachfl.gov\/#organization","name":"Ville de Miami Beach","url":"https:\/\/www.miamibeachfl.gov\/","logo":{"@type":"ImageObject","inLanguage":"fr-FR","@id":"https:\/\/www.miamibeachfl.gov\/#\/schema\/logo\/image\/","url":"https:\/\/www.miamibeachfl.gov\/wp-content\/uploads\/2022\/06\/miamibeach-logoblue.png","contentUrl":"https:\/\/www.miamibeachfl.gov\/wp-content\/uploads\/2022\/06\/miamibeach-logoblue.png","width":1962,"height":381,"caption":"City of Miami Beach"},"image":{"@id":"https:\/\/www.miamibeachfl.gov\/#\/schema\/logo\/image\/"},"sameAs":["https:\/\/www.facebook.com\/cityofmiamibeach","https:\/\/x.com\/Miamibeachnews","https:\/\/www.instagram.com\/miamibeachnews\/"],"description":"Site officiel de la ville de Miami Beach. Restez inform\u00e9 et trouvez des informations importantes sur les services municipaux, les actualit\u00e9s, les alertes, les \u00e9v\u00e9nements, les itin\u00e9raires de tramway, les emplois gouvernementaux et bien plus encore.","telephone":"305.604.CITY(2489)","legalName":"City of Miami Beach"}]}},"_links":{"self":[{"href":"https:\/\/www.miamibeachfl.gov\/fr\/wp-json\/wp\/v2\/pages\/281433","targetHints":{"allow":["GET"]}}],"collection":[{"href":"https:\/\/www.miamibeachfl.gov\/fr\/wp-json\/wp\/v2\/pages"}],"about":[{"href":"https:\/\/www.miamibeachfl.gov\/fr\/wp-json\/wp\/v2\/types\/page"}],"author":[{"embeddable":true,"href":"https:\/\/www.miamibeachfl.gov\/fr\/wp-json\/wp\/v2\/users\/222"}],"replies":[{"embeddable":true,"href":"https:\/\/www.miamibeachfl.gov\/fr\/wp-json\/wp\/v2\/comments?post=281433"}],"version-history":[{"count":0,"href":"https:\/\/www.miamibeachfl.gov\/fr\/wp-json\/wp\/v2\/pages\/281433\/revisions"}],"up":[{"embeddable":true,"href":"https:\/\/www.miamibeachfl.gov\/fr\/wp-json\/wp\/v2\/pages\/281293"}],"wp:featuredmedia":[{"embeddable":true,"href":"https:\/\/www.miamibeachfl.gov\/fr\/wp-json\/wp\/v2\/media\/281435"}],"wp:attachment":[{"href":"https:\/\/www.miamibeachfl.gov\/fr\/wp-json\/wp\/v2\/media?parent=281433"}],"wp:term":[{"taxonomy":"category","embeddable":true,"href":"https:\/\/www.miamibeachfl.gov\/fr\/wp-json\/wp\/v2\/categories?post=281433"},{"taxonomy":"post_tag","embeddable":true,"href":"https:\/\/www.miamibeachfl.gov\/fr\/wp-json\/wp\/v2\/tags?post=281433"}],"curies":[{"name":"wp","href":"https:\/\/api.w.org\/{rel}","templated":true}]}}