{"id":281710,"date":"2023-12-06T08:27:36","date_gmt":"2023-12-06T13:27:36","guid":{"rendered":"https:\/\/www.miamibeachfl.gov\/?page_id=281710"},"modified":"2026-03-30T13:17:02","modified_gmt":"2026-03-30T17:17:02","slug":"parks-and-recreation","status":"publish","type":"page","link":"https:\/\/www.miamibeachfl.gov\/fr\/city-hall\/parks-and-recreation\/","title":{"rendered":"Parcs, installations, flotte et plages"},"content":{"rendered":"<h1>\n\t\t\tParcs, installations, flotte et plages de Miami Beach\t<\/h1>\n\t<p>Avec plus de 40 parcs et installations \u00e0 d\u00e9couvrir et des centaines d&#039;activit\u00e9s diff\u00e9rentes, nous mettons tout en \u0153uvre pour vous offrir, \u00e0 vous et \u00e0 votre famille, une exp\u00e9rience inoubliable. Rejoignez une \u00e9quipe, faites-vous des amis et d\u00e9couvrez de nouvelles choses.<\/p>\n\t<meta itemprop=\"name\" content=\"Miami Beach Parks and Recreation video\" \/><meta itemprop=\"description\" content=\"Video highlighting City of Miami Beach Parks and Recreation\" \/><meta itemprop=\"uploadDate\" content=\"2025-08-07T10:00-04:00\" \/><meta itemprop=\"thumbnailUrl\" content=\"https:\/\/www.miamibeachfl.gov\/wp-content\/uploads\/2024\/02\/Parks-Gallery-52-BandshellPark.jpeg\" \/><meta itemprop=\"contentUrl\" content=\"https:\/\/miamibeach.wistia.com\/medias\/tmkw3sbgsj\" \/><meta itemprop=\"embedUrl\" content=\"https:\/\/miamibeach.wistia.com\/medias\/tmkw3sbgsj\" \/>\t\n\t<iframe allowfullscreen allow=\"autoplay\" data-src=\"https:\/\/fast.wistia.net\/embed\/iframe\/tmkw3sbgsj?controlsVisibleOnLoad=true&amp;muted=0&amp;playerColor&amp;copyLinkAndThumbnailEnabled=false\" title=\"Vid\u00e9o sur les parcs et loisirs de Miami Beach\"><\/iframe>\t\t\n\t\t\t\t\tLire la vid\u00e9o\n\t\t<a href=\"\/fr\/city-hall\/parks-and-recreation\/parks-facilities-directory\/\" target=\"_self\">\n\t\t\t\t\t\t\t\t\t\t\t<img decoding=\"async\" src=\"https:\/\/www.miamibeachfl.gov\/wp-content\/uploads\/2024\/03\/Parks-Gallery-4-NorthShoreYouthCenter.jpeg\" alt=\"NSPYC center\"\/>\n\t\t\t\t\t<p>R\u00e9pertoire des parcs et installations, vue cartographique\u2026<\/p>\t\t\t\t\t\n\t\t\t\t\t\t<h2>\n\t\t\t\t\t\tParcs et installations\t\t<\/h2>\n\t\t<\/a>\n\t\t<a href=\"\/fr\/city-hall\/parks-and-recreation\/sports-centers-fields-and-courts\/\" target=\"_self\">\n\t\t\t\t\t\t\t\t\t\t\t<img decoding=\"async\" src=\"https:\/\/www.miamibeachfl.gov\/wp-content\/uploads\/2023\/12\/Parks-Sports.jpeg\" alt=\"Sports\"\/>\n\t\t\t\t\t<p>Centres sportifs, terrains, courts et activit\u00e9s.<\/p>\t\t\t\t\t\n\t\t\t\t\t\t<h2>\n\t\t\t\t\t\tSportif\t\t<\/h2>\n\t\t<\/a>\n\t\t<a href=\"\/fr\/city-hall\/parks-and-recreation\/park-programs-classes\/\" target=\"_self\">\n\t\t\t\t\t\t\t\t\t\t\t<img decoding=\"async\" src=\"https:\/\/www.miamibeachfl.gov\/wp-content\/uploads\/2024\/02\/ParksSquare-SummerCamp.jpeg\" alt=\"After School Kids\"\/>\n\t\t\t\t\t<p>Tout-petits, jeunes, adolescents, adultes, seniors, camps, cours et plus <\/p>\t\t\t\t\t\n\t\t\t\t\t\t<h2>\n\t\t\t\t\t\tProgrammes\t\t<\/h2>\n\t\t<\/a>\n\t\t<a href=\"\/fr\/city-hall\/parks-and-recreation\/features-and-amenities\/\" target=\"_self\">\n\t\t\t\t\t\t\t\t\t\t\t<img decoding=\"async\" src=\"https:\/\/www.miamibeachfl.gov\/wp-content\/uploads\/2023\/12\/Parks-Amenities-DogPark.jpeg\" alt=\"Couple with Dog\"\/>\n\t\t\t\t\t<p>Parcs pour chiens, fitness, sports, terrains de jeux et autres commodit\u00e9s\u2026<\/p>\t\t\t\t\t\n\t\t\t\t\t\t<h2>\n\t\t\t\t\t\t\u00c9quipements\t\t<\/h2>\n\t\t<\/a>\n\t\t<a href=\"\/fr\/city-hall\/parks-and-recreation\/rentals\/\" target=\"_self\">\n\t\t\t\t\t\t\t\t\t\t\t<img decoding=\"async\" src=\"https:\/\/www.miamibeachfl.gov\/wp-content\/uploads\/2023\/12\/Park-Rentals-Pool.jpeg\" alt=\"People in Pool\"\/>\n\t\t\t\t\t<p>Installations, Pavillons, F\u00eates, Activit\u00e9s <\/p>\t\t\t\t\t\n\t\t\t\t\t\t<h2>\n\t\t\t\t\t\tLocations\t\t<\/h2>\n\t\t<\/a>\n\t\t\t\t<a href=\"https:\/\/www.miamibeachfl.gov\/fr\/city-hall\/parks-and-recreation\/sports-centers-fields-and-courts\/\"  target=\"_self\" itemprop=\"url\">\n\t\t\t\t<img decoding=\"async\" src=\"https:\/\/www.miamibeachfl.gov\/wp-content\/uploads\/2025\/08\/kidssports.png\" alt=\"kid sports photo\" itemprop=\"image\" height=\"603\" width=\"600\" title=\"sports pour enfants\" onerror=\"this.style.display='none'\" loading=\"lazy\" \/>\n\t\t\t\t<\/a>\n<h2>\n\t\t<a href=\"https:\/\/www.miamibeachfl.gov\/fr\/city-hall\/parks-and-recreation\/sports-centers-fields-and-courts\/\" title=\"JOUEZ COMME UN CHAMPION\"  target=\"_self\">\n\t\t\tJOUEZ COMME UN CHAMPION\t\t<\/a>\n\t<\/h2>\n<h3>\n\t\t<a href=\"https:\/\/www.miamibeachfl.gov\/fr\/city-hall\/parks-and-recreation\/sports-centers-fields-and-courts\/\" title=\"SPORTS POUR ENFANTS DE TOUS \u00c2GES ! Cliquez ici pour en savoir plus.\"  target=\"_self\">\n\t\t\tSPORTS POUR ENFANTS DE TOUS \u00c2GES ! Cliquez ici pour en savoir plus.\t\t<\/a>\n\t<\/h3>\n\t\t\t\t<a href=\"https:\/\/www.miamibeachfl.gov\/fr\/city-hall\/parks-and-recreation\/sports-centers-fields-and-courts\/\"  target=\"_self\" itemprop=\"url\">\n\t\t\t\t<img decoding=\"async\" src=\"https:\/\/www.miamibeachfl.gov\/wp-content\/uploads\/2025\/08\/sguiglyarrow.png\" alt=\"arrow pointing down\" itemprop=\"image\" height=\"215\" width=\"292\" title=\"sguiglyarrow\" onerror=\"this.style.display='none'\" loading=\"lazy\" \/>\n\t\t\t\t<\/a>\n\t<iframe loading=\"lazy\" src=\"https:\/\/events.miamibeachfl.gov\/parksandrec-for-embedding\/\" width=\"100%\" height=\"1200\" frameborder=\"0\" allowfullscreen title=\"\u00c9v\u00e9nements li\u00e9s aux parcs et aux loisirs\"><\/iframe>\n\t\t\t<a href=\"\/fr\/city-hall\/facilities-and-fleet-management\/facilities-management\/\" target=\"_self\">\n\t\t\t\t\t\t\tGestion des installations\n\t\t\t\t\t<\/a>\n\t\t\t<a href=\"\/fr\/city-hall\/facilities-and-fleet-management\/fleet-management\/\" target=\"_self\">\n\t\t\t\t\t\t\tGestion de flotte\n\t\t\t\t\t<\/a>\n<h3>\n\t\t\tLes plus visit\u00e9s :\t<\/h3>\n<h3>\n\t\t\tRessources suppl\u00e9mentaires :\t<\/h3>\n\t\t\t<a href=\"\/fr\/city-hall\/parks-and-recreation\/contact-us\/\" target=\"_blank\" rel=\"noopener\">\n\t\t\t\t\t\t\tContactez-nous\n\t\t\t<\/a>\n\t\t\t<a href=\"\/fr\/city-hall\/parks-and-recreation\/registration-information\/\" target=\"_blank\" rel=\"noopener\">\n\t\t\t\t\t\t\tInformations d&#039;inscription\n\t\t\t<\/a>\n\t\t\t<a href=\"\/fr\/city-hall\/parks-and-recreation\/holidays-and-teacher-planning-days\/\" target=\"_blank\" rel=\"noopener\">\n\t\t\t\t\t\t\tHoraires sp\u00e9ciaux\n\t\t\t<\/a>\n\t\t\t<a href=\"\/fr\/city-hall\/parks-and-recreation\/forms\/\" target=\"_blank\" rel=\"noopener\">\n\t\t\t\t\t\t\tFormulaires\n\t\t\t<\/a>\n\t\t\t<a href=\"\/fr\/city-hall\/parks-and-recreation\/faqs\/\" target=\"_blank\" rel=\"noopener\">\n\t\t\t\t\t\t\tFAQ\n\t\t\t<\/a>\n\t\t\t<a href=\"https:\/\/www.miamibeachfl.gov\/fr\/city-hall\/parks-and-recreation\/cofa\/\" target=\"_blank\" rel=\"noopener\">\n\t\t\t\t\t\t\tCOFA\n\t\t\t<\/a>\n\t\t\t<a href=\"https:\/\/www.miamibeachfl.gov\/fr\/city-hall\/parks-and-recreation\/leavenotrace\/\" target=\"_blank\" rel=\"noopener\">\n\t\t\t\t\t\t\tPolitique \u00ab\u00a0Ne laisser aucune trace\u00a0\u00bb\n\t\t\t<\/a>\n\t\t\t<a href=\"https:\/\/www.miamibeachfl.gov\/fr\/city-hall\/parks-and-recreation\/parks-rules-and-regulations\/\" target=\"_blank\" rel=\"noopener\">\n\t\t\t\t\t\t\tR\u00e8gles et r\u00e8glements des parcs\n\t\t\t<\/a>\n\t\t\t<a href=\"https:\/\/www.governmentjobs.com\/careers\/miamibeach?page=1\" target=\"_blank\" rel=\"noopener\">\n\t\t\t\t\t\t\tPostuler \u00e0 un emploi\n\t\t\t<\/a>\n\t\t<p>John Rebar<\/p>Directeur des parcs, des installations, de la flotte et des plages\n<h3>\n\t\t\tBureau principal\t<\/h3>\n\t1701, avenue M\u00e9ridien<br \/>\nSuite 401<br \/>\nMiami Beach, FL 33139\n<h3>\n\t\t\tNum\u00e9ro principal\t<\/h3>\n\t<p><strong><a href=\"tel:3056737730\">305.673.7730<\/a><\/strong><\/p>\n<h3>\n\t\t\tHeures d&#039;ouverture\t<\/h3>\n\tLundi \u2013 Vendredi<br \/>\n9h \u2013 17h\n<h3>\n\t\t<a href=\"\/fr\/city-hall\/parks-and-recreation\/contact-us\/\" title=\"Contactez-nous\"  target=\"_self\">\n\t\t\tContactez-nous\t\t<\/a>\n\t<\/h3>","protected":false},"excerpt":{"rendered":"<p><a href=\"tel:3056737730\" style=\"text-decoration:none; color:#004896;\"><br \/>\n    <i class=\"fa-solid fa-phone\"><\/i> 305.673.7730<br \/>\n<\/a><a href=\"https:\/\/www.miamibeachfl.gov\/fr\/city-hall\/parks-and-recreation\/contact-us\/\" style=\"text-decoration:none; color:#004896;\"><br \/>\n    <i class=\"fa-solid fa-circle-info\"><\/i> Coordonn\u00e9es<br \/>\n<\/a><\/p>","protected":false},"author":222,"featured_media":288456,"parent":28206,"menu_order":17,"comment_status":"closed","ping_status":"closed","template":"","meta":{"_searchwp_excluded":"","site-sidebar-layout":"default","site-content-layout":"","ast-site-content-layout":"default","site-content-style":"default","site-sidebar-style":"default","ast-global-header-display":"","ast-banner-title-visibility":"","ast-main-header-display":"","ast-hfb-above-header-display":"","ast-hfb-below-header-display":"","ast-hfb-mobile-header-display":"","site-post-title":"","ast-breadcrumbs-content":"","ast-featured-img":"","footer-sml-layout":"","theme-transparent-header-meta":"","adv-header-id-meta":"","stick-header-meta":"","header-above-stick-meta":"","header-main-stick-meta":"","header-below-stick-meta":"","astra-migrate-meta-layouts":"default","ast-page-background-enabled":"default","ast-page-background-meta":{"desktop":{"background-color":"var(--ast-global-color-5)","background-image":"","background-repeat":"repeat","background-position":"center center","background-size":"auto","background-attachment":"scroll","background-type":"","background-media":"","overlay-type":"","overlay-color":"","overlay-opacity":"","overlay-gradient":""},"tablet":{"background-color":"","background-image":"","background-repeat":"repeat","background-position":"center center","background-size":"auto","background-attachment":"scroll","background-type":"","background-media":"","overlay-type":"","overlay-color":"","overlay-opacity":"","overlay-gradient":""},"mobile":{"background-color":"","background-image":"","background-repeat":"repeat","background-position":"center center","background-size":"auto","background-attachment":"scroll","background-type":"","background-media":"","overlay-type":"","overlay-color":"","overlay-opacity":"","overlay-gradient":""}},"ast-content-background-meta":{"desktop":{"background-color":"var(--ast-global-color-4)","background-image":"","background-repeat":"repeat","background-position":"center center","background-size":"auto","background-attachment":"scroll","background-type":"","background-media":"","overlay-type":"","overlay-color":"","overlay-opacity":"","overlay-gradient":""},"tablet":{"background-color":"var(--ast-global-color-4)","background-image":"","background-repeat":"repeat","background-position":"center center","background-size":"auto","background-attachment":"scroll","background-type":"","background-media":"","overlay-type":"","overlay-color":"","overlay-opacity":"","overlay-gradient":""},"mobile":{"background-color":"var(--ast-global-color-4)","background-image":"","background-repeat":"repeat","background-position":"center center","background-size":"auto","background-attachment":"scroll","background-type":"","background-media":"","overlay-type":"","overlay-color":"","overlay-opacity":"","overlay-gradient":""}},"footnotes":""},"categories":[],"tags":[1729],"class_list":["post-281710","page","type-page","status-publish","has-post-thumbnail","hentry","tag-city-activities-and-amenities"],"yoast_head":"<!-- This site is optimized with the Yoast SEO Premium plugin v27.4 (Yoast SEO v27.4) - https:\/\/yoast.com\/product\/yoast-seo-premium-wordpress\/ -->\n<title>Parks, Facilities, Fleet and Beaches - City of Miami Beach<\/title>\n<meta name=\"description\" content=\"The City of Miami Beach Parks and Recreation Department prides itself on providing a fun and safe place for those who live and play in our beautiful, vibrant community. With over 40 parks and facilities to explore and hundreds of different programs, we strive to provide the best experience for you and your family. Join a team, make a friend, and discover something new with the Parks &amp; Recreation Department.\" \/>\n<meta name=\"robots\" content=\"index, follow, max-snippet:-1, max-image-preview:large, max-video-preview:-1\" \/>\n<link rel=\"canonical\" href=\"https:\/\/www.miamibeachfl.gov\/fr\/city-hall\/parks-and-recreation\/\" \/>\n<meta property=\"og:locale\" content=\"fr_FR\" \/>\n<meta property=\"og:type\" content=\"article\" \/>\n<meta property=\"og:title\" content=\"Parks, Facilities, Fleet and Beaches\" \/>\n<meta property=\"og:description\" content=\"The City of Miami Beach Parks and Recreation Department prides itself on providing a fun and safe place for those who live and play in our beautiful, vibrant community. With over 40 parks and facilities to explore and hundreds of different programs, we strive to provide the best experience for you and your family. Join a team, make a friend, and discover something new with the Parks &amp; Recreation Department.\" \/>\n<meta property=\"og:url\" content=\"https:\/\/www.miamibeachfl.gov\/fr\/city-hall\/parks-and-recreation\/\" \/>\n<meta property=\"og:site_name\" content=\"City of Miami Beach\" \/>\n<meta property=\"article:publisher\" content=\"https:\/\/www.facebook.com\/cityofmiamibeach\" \/>\n<meta property=\"article:modified_time\" content=\"2026-03-30T17:17:02+00:00\" \/>\n<meta property=\"og:image\" content=\"https:\/\/www.miamibeachfl.gov\/wp-content\/uploads\/2024\/02\/Parks-Gallery-67-IndianPark.jpeg\" \/>\n\t<meta property=\"og:image:width\" content=\"1080\" \/>\n\t<meta property=\"og:image:height\" content=\"1080\" \/>\n\t<meta property=\"og:image:type\" content=\"image\/jpeg\" \/>\n<meta name=\"twitter:card\" content=\"summary_large_image\" \/>\n<meta name=\"twitter:site\" content=\"@Miamibeachnews\" \/>\n<script type=\"application\/ld+json\" class=\"yoast-schema-graph\">{\"@context\":\"https:\\\/\\\/schema.org\",\"@graph\":[{\"@type\":\"WebPage\",\"@id\":\"https:\\\/\\\/www.miamibeachfl.gov\\\/city-hall\\\/parks-and-recreation\\\/\",\"url\":\"https:\\\/\\\/www.miamibeachfl.gov\\\/city-hall\\\/parks-and-recreation\\\/\",\"name\":\"Parks, Facilities, Fleet and Beaches - City of Miami Beach\",\"isPartOf\":{\"@id\":\"https:\\\/\\\/www.miamibeachfl.gov\\\/#website\"},\"primaryImageOfPage\":{\"@id\":\"https:\\\/\\\/www.miamibeachfl.gov\\\/city-hall\\\/parks-and-recreation\\\/#primaryimage\"},\"image\":{\"@id\":\"https:\\\/\\\/www.miamibeachfl.gov\\\/city-hall\\\/parks-and-recreation\\\/#primaryimage\"},\"thumbnailUrl\":\"https:\\\/\\\/www.miamibeachfl.gov\\\/wp-content\\\/uploads\\\/2024\\\/02\\\/Parks-Gallery-67-IndianPark.jpeg\",\"datePublished\":\"2023-12-06T13:27:36+00:00\",\"dateModified\":\"2026-03-30T17:17:02+00:00\",\"description\":\"The City of Miami Beach Parks and Recreation Department prides itself on providing a fun and safe place for those who live and play in our beautiful, vibrant community. With over 40 parks and facilities to explore and hundreds of different programs, we strive to provide the best experience for you and your family. Join a team, make a friend, and discover something new with the Parks & Recreation Department.\",\"breadcrumb\":{\"@id\":\"https:\\\/\\\/www.miamibeachfl.gov\\\/city-hall\\\/parks-and-recreation\\\/#breadcrumb\"},\"inLanguage\":\"fr-FR\",\"potentialAction\":[{\"@type\":\"ReadAction\",\"target\":[\"https:\\\/\\\/www.miamibeachfl.gov\\\/city-hall\\\/parks-and-recreation\\\/\"]}]},{\"@type\":\"ImageObject\",\"inLanguage\":\"fr-FR\",\"@id\":\"https:\\\/\\\/www.miamibeachfl.gov\\\/city-hall\\\/parks-and-recreation\\\/#primaryimage\",\"url\":\"https:\\\/\\\/www.miamibeachfl.gov\\\/wp-content\\\/uploads\\\/2024\\\/02\\\/Parks-Gallery-67-IndianPark.jpeg\",\"contentUrl\":\"https:\\\/\\\/www.miamibeachfl.gov\\\/wp-content\\\/uploads\\\/2024\\\/02\\\/Parks-Gallery-67-IndianPark.jpeg\",\"width\":1080,\"height\":1080,\"caption\":\"girls at park\"},{\"@type\":\"BreadcrumbList\",\"@id\":\"https:\\\/\\\/www.miamibeachfl.gov\\\/city-hall\\\/parks-and-recreation\\\/#breadcrumb\",\"itemListElement\":[{\"@type\":\"ListItem\",\"position\":1,\"name\":\"Home\",\"item\":\"https:\\\/\\\/www.miamibeachfl.gov\\\/\"},{\"@type\":\"ListItem\",\"position\":2,\"name\":\"City Hall\",\"item\":\"https:\\\/\\\/www.miamibeachfl.gov\\\/city-hall\\\/\"},{\"@type\":\"ListItem\",\"position\":3,\"name\":\"Parks, Facilities, Fleet and Beaches\"}]},{\"@type\":\"WebSite\",\"@id\":\"https:\\\/\\\/www.miamibeachfl.gov\\\/#website\",\"url\":\"https:\\\/\\\/www.miamibeachfl.gov\\\/\",\"name\":\"City of Miami Beach\",\"description\":\"The official website of the City of Miami Beach. Stay informed, find important information on city services, news, alerts, events, trolley routes, government employment and more.\",\"publisher\":{\"@id\":\"https:\\\/\\\/www.miamibeachfl.gov\\\/#organization\"},\"potentialAction\":[{\"@type\":\"SearchAction\",\"target\":{\"@type\":\"EntryPoint\",\"urlTemplate\":\"https:\\\/\\\/www.miamibeachfl.gov\\\/?s={search_term_string}\"},\"query-input\":{\"@type\":\"PropertyValueSpecification\",\"valueRequired\":true,\"valueName\":\"search_term_string\"}}],\"inLanguage\":\"fr-FR\"},{\"@type\":\"Organization\",\"@id\":\"https:\\\/\\\/www.miamibeachfl.gov\\\/#organization\",\"name\":\"City of Miami Beach\",\"url\":\"https:\\\/\\\/www.miamibeachfl.gov\\\/\",\"logo\":{\"@type\":\"ImageObject\",\"inLanguage\":\"fr-FR\",\"@id\":\"https:\\\/\\\/www.miamibeachfl.gov\\\/#\\\/schema\\\/logo\\\/image\\\/\",\"url\":\"https:\\\/\\\/www.miamibeachfl.gov\\\/wp-content\\\/uploads\\\/2022\\\/06\\\/miamibeach-logoblue.png\",\"contentUrl\":\"https:\\\/\\\/www.miamibeachfl.gov\\\/wp-content\\\/uploads\\\/2022\\\/06\\\/miamibeach-logoblue.png\",\"width\":1962,\"height\":381,\"caption\":\"City of Miami Beach\"},\"image\":{\"@id\":\"https:\\\/\\\/www.miamibeachfl.gov\\\/#\\\/schema\\\/logo\\\/image\\\/\"},\"sameAs\":[\"https:\\\/\\\/www.facebook.com\\\/cityofmiamibeach\",\"https:\\\/\\\/x.com\\\/Miamibeachnews\",\"https:\\\/\\\/www.instagram.com\\\/miamibeachnews\\\/\"],\"description\":\"The official website of the City of Miami Beach. Stay informed, find important information on city services, news, alerts, events, trolley routes, government employment and more.\",\"telephone\":\"305.604.CITY(2489)\",\"legalName\":\"City of Miami Beach\"}]}<\/script>\n<!-- \/ Yoast SEO Premium plugin. -->","yoast_head_json":{"title":"Parcs, installations, flotte et plages - Ville de Miami Beach","description":"Le service des parcs et loisirs de la ville de Miami Beach est fier d&#039;offrir un espace agr\u00e9able et s\u00fbr \u00e0 ceux qui vivent et s&#039;amusent dans notre belle et dynamique communaut\u00e9. Avec plus de 40 parcs et installations \u00e0 explorer et des centaines de programmes diff\u00e9rents, nous nous effor\u00e7ons de vous offrir la meilleure exp\u00e9rience possible, \u00e0 vous et \u00e0 votre famille. Rejoignez une \u00e9quipe, faites-vous des amis et d\u00e9couvrez de nouvelles choses avec le service des parcs et loisirs.","robots":{"index":"index","follow":"follow","max-snippet":"max-snippet:-1","max-image-preview":"max-image-preview:large","max-video-preview":"max-video-preview:-1"},"canonical":"https:\/\/www.miamibeachfl.gov\/fr\/city-hall\/parks-and-recreation\/","og_locale":"fr_FR","og_type":"article","og_title":"Parks, Facilities, Fleet and Beaches","og_description":"The City of Miami Beach Parks and Recreation Department prides itself on providing a fun and safe place for those who live and play in our beautiful, vibrant community. With over 40 parks and facilities to explore and hundreds of different programs, we strive to provide the best experience for you and your family. Join a team, make a friend, and discover something new with the Parks & Recreation Department.","og_url":"https:\/\/www.miamibeachfl.gov\/fr\/city-hall\/parks-and-recreation\/","og_site_name":"City of Miami Beach","article_publisher":"https:\/\/www.facebook.com\/cityofmiamibeach","article_modified_time":"2026-03-30T17:17:02+00:00","og_image":[{"width":1080,"height":1080,"url":"https:\/\/www.miamibeachfl.gov\/wp-content\/uploads\/2024\/02\/Parks-Gallery-67-IndianPark.jpeg","type":"image\/jpeg"}],"twitter_card":"summary_large_image","twitter_site":"@Miamibeachnews","schema":{"@context":"https:\/\/schema.org","@graph":[{"@type":"WebPage","@id":"https:\/\/www.miamibeachfl.gov\/city-hall\/parks-and-recreation\/","url":"https:\/\/www.miamibeachfl.gov\/city-hall\/parks-and-recreation\/","name":"Parcs, installations, flotte et plages - Ville de Miami Beach","isPartOf":{"@id":"https:\/\/www.miamibeachfl.gov\/#website"},"primaryImageOfPage":{"@id":"https:\/\/www.miamibeachfl.gov\/city-hall\/parks-and-recreation\/#primaryimage"},"image":{"@id":"https:\/\/www.miamibeachfl.gov\/city-hall\/parks-and-recreation\/#primaryimage"},"thumbnailUrl":"https:\/\/www.miamibeachfl.gov\/wp-content\/uploads\/2024\/02\/Parks-Gallery-67-IndianPark.jpeg","datePublished":"2023-12-06T13:27:36+00:00","dateModified":"2026-03-30T17:17:02+00:00","description":"Le service des parcs et loisirs de la ville de Miami Beach est fier d&#039;offrir un espace agr\u00e9able et s\u00fbr \u00e0 ceux qui vivent et s&#039;amusent dans notre belle et dynamique communaut\u00e9. Avec plus de 40 parcs et installations \u00e0 explorer et des centaines de programmes diff\u00e9rents, nous nous effor\u00e7ons de vous offrir la meilleure exp\u00e9rience possible, \u00e0 vous et \u00e0 votre famille. Rejoignez une \u00e9quipe, faites-vous des amis et d\u00e9couvrez de nouvelles choses avec le service des parcs et loisirs.","breadcrumb":{"@id":"https:\/\/www.miamibeachfl.gov\/city-hall\/parks-and-recreation\/#breadcrumb"},"inLanguage":"fr-FR","potentialAction":[{"@type":"ReadAction","target":["https:\/\/www.miamibeachfl.gov\/city-hall\/parks-and-recreation\/"]}]},{"@type":"ImageObject","inLanguage":"fr-FR","@id":"https:\/\/www.miamibeachfl.gov\/city-hall\/parks-and-recreation\/#primaryimage","url":"https:\/\/www.miamibeachfl.gov\/wp-content\/uploads\/2024\/02\/Parks-Gallery-67-IndianPark.jpeg","contentUrl":"https:\/\/www.miamibeachfl.gov\/wp-content\/uploads\/2024\/02\/Parks-Gallery-67-IndianPark.jpeg","width":1080,"height":1080,"caption":"girls at park"},{"@type":"BreadcrumbList","@id":"https:\/\/www.miamibeachfl.gov\/city-hall\/parks-and-recreation\/#breadcrumb","itemListElement":[{"@type":"ListItem","position":1,"name":"Home","item":"https:\/\/www.miamibeachfl.gov\/"},{"@type":"ListItem","position":2,"name":"City Hall","item":"https:\/\/www.miamibeachfl.gov\/city-hall\/"},{"@type":"ListItem","position":3,"name":"Parks, Facilities, Fleet and Beaches"}]},{"@type":"WebSite","@id":"https:\/\/www.miamibeachfl.gov\/#website","url":"https:\/\/www.miamibeachfl.gov\/","name":"Ville de Miami Beach","description":"Site officiel de la ville de Miami Beach. Restez inform\u00e9 et trouvez des informations importantes sur les services municipaux, les actualit\u00e9s, les alertes, les \u00e9v\u00e9nements, les itin\u00e9raires de tramway, les emplois gouvernementaux et bien plus encore.","publisher":{"@id":"https:\/\/www.miamibeachfl.gov\/#organization"},"potentialAction":[{"@type":"SearchAction","target":{"@type":"EntryPoint","urlTemplate":"https:\/\/www.miamibeachfl.gov\/?s={search_term_string}"},"query-input":{"@type":"PropertyValueSpecification","valueRequired":true,"valueName":"search_term_string"}}],"inLanguage":"fr-FR"},{"@type":"Organization","@id":"https:\/\/www.miamibeachfl.gov\/#organization","name":"Ville de Miami Beach","url":"https:\/\/www.miamibeachfl.gov\/","logo":{"@type":"ImageObject","inLanguage":"fr-FR","@id":"https:\/\/www.miamibeachfl.gov\/#\/schema\/logo\/image\/","url":"https:\/\/www.miamibeachfl.gov\/wp-content\/uploads\/2022\/06\/miamibeach-logoblue.png","contentUrl":"https:\/\/www.miamibeachfl.gov\/wp-content\/uploads\/2022\/06\/miamibeach-logoblue.png","width":1962,"height":381,"caption":"City of Miami Beach"},"image":{"@id":"https:\/\/www.miamibeachfl.gov\/#\/schema\/logo\/image\/"},"sameAs":["https:\/\/www.facebook.com\/cityofmiamibeach","https:\/\/x.com\/Miamibeachnews","https:\/\/www.instagram.com\/miamibeachnews\/"],"description":"Site officiel de la ville de Miami Beach. Restez inform\u00e9 et trouvez des informations importantes sur les services municipaux, les actualit\u00e9s, les alertes, les \u00e9v\u00e9nements, les itin\u00e9raires de tramway, les emplois gouvernementaux et bien plus encore.","telephone":"305.604.CITY(2489)","legalName":"City of Miami Beach"}]}},"_links":{"self":[{"href":"https:\/\/www.miamibeachfl.gov\/fr\/wp-json\/wp\/v2\/pages\/281710","targetHints":{"allow":["GET"]}}],"collection":[{"href":"https:\/\/www.miamibeachfl.gov\/fr\/wp-json\/wp\/v2\/pages"}],"about":[{"href":"https:\/\/www.miamibeachfl.gov\/fr\/wp-json\/wp\/v2\/types\/page"}],"author":[{"embeddable":true,"href":"https:\/\/www.miamibeachfl.gov\/fr\/wp-json\/wp\/v2\/users\/222"}],"replies":[{"embeddable":true,"href":"https:\/\/www.miamibeachfl.gov\/fr\/wp-json\/wp\/v2\/comments?post=281710"}],"version-history":[{"count":11,"href":"https:\/\/www.miamibeachfl.gov\/fr\/wp-json\/wp\/v2\/pages\/281710\/revisions"}],"predecessor-version":[{"id":398007,"href":"https:\/\/www.miamibeachfl.gov\/fr\/wp-json\/wp\/v2\/pages\/281710\/revisions\/398007"}],"up":[{"embeddable":true,"href":"https:\/\/www.miamibeachfl.gov\/fr\/wp-json\/wp\/v2\/pages\/28206"}],"wp:featuredmedia":[{"embeddable":true,"href":"https:\/\/www.miamibeachfl.gov\/fr\/wp-json\/wp\/v2\/media\/288456"}],"wp:attachment":[{"href":"https:\/\/www.miamibeachfl.gov\/fr\/wp-json\/wp\/v2\/media?parent=281710"}],"wp:term":[{"taxonomy":"category","embeddable":true,"href":"https:\/\/www.miamibeachfl.gov\/fr\/wp-json\/wp\/v2\/categories?post=281710"},{"taxonomy":"post_tag","embeddable":true,"href":"https:\/\/www.miamibeachfl.gov\/fr\/wp-json\/wp\/v2\/tags?post=281710"}],"curies":[{"name":"wp","href":"https:\/\/api.w.org\/{rel}","templated":true}]}}