{"id":28203,"date":"2017-08-11T00:01:41","date_gmt":"2017-08-11T00:01:41","guid":{"rendered":"http:\/\/www.miamibeachfl.gov\/business\/other-useful-links\/"},"modified":"2023-04-04T13:32:00","modified_gmt":"2023-04-04T17:32:00","slug":"other-useful-links","status":"publish","type":"page","link":"https:\/\/www.miamibeachfl.gov\/fr\/business\/other-useful-links\/","title":{"rendered":"Autres liens utiles"},"content":{"rendered":"<h3>\n\t\tAutres liens utiles\n\t<\/h3>\n\t<strong>Permis de construire, changement d&#039;usage<\/strong><br \/>\n<a title=\"Service des b\u00e2timents de la ville de Miami Beach\" href=\"\/fr\/building\/\" target=\"_blank\" rel=\"noopener\">Service des b\u00e2timents de la ville de Miami Beach<\/a> \u00a0305.673.7610<br \/>\n<a title=\"Service d&#039;incendie de la ville de Miami Beach\" href=\"\/fr\/fire\/\" target=\"_blank\" rel=\"noopener\">Service d&#039;incendie de la ville de Miami Beach<\/a> \u00a0305.673.7123\n<b>Concurrence<\/b><br \/>\n<a title=\"Division de la concurrence de la ville de Miami Beach\" href=\"https:\/\/www.miamibeachfl.gov\/fr\/city-hall\/transportation\/\" target=\"_blank\" rel=\"noopener\">D\u00e9partement des transports de la ville de Miami Beach<\/a>\u00a0 305.673.7514\n<b>Emploi<\/b><br \/>\n<a title=\"Bureau de signalement des nouvelles embauches en Floride\" href=\"https:\/\/fl-new-hire-form.pdffiller.com\/\" target=\"_blank\" rel=\"noopener\">Bureau de signalement des nouvelles embauches en Floride<\/a> \u00a0888.854.4791<br \/>\n<a title=\"D\u00e9partement des services financiers de Floride, Indemnisation des accidents du travail\" href=\"https:\/\/myfloridacfo.com\/Division\/wc\/\" target=\"_blank\" rel=\"noopener\">D\u00e9partement des services financiers de Floride, Indemnisation des accidents du travail<\/a> \u00a0850.488.2333\n<b>Licences<\/b><br \/>\n<a title=\"D\u00e9partement d&#039;\u00c9tat de Floride, Division des soci\u00e9t\u00e9s\" href=\"http:\/\/www.sunbiz.org\/\" target=\"_blank\" rel=\"noopener\">D\u00e9partement d&#039;\u00c9tat de Floride, Division des soci\u00e9t\u00e9s<\/a> \u00a0850.488.9000<br \/>\n<a title=\"D\u00e9partement de la r\u00e9glementation des entreprises et des professions de Floride\" href=\"http:\/\/www.myflorida.com\/dbpr\" target=\"_blank\" rel=\"noopener\">D\u00e9partement de la r\u00e9glementation des entreprises et des professions de Floride<\/a> \u00a0850.487.1395<br \/>\n<a title=\"Aucun lien disponible\" href=\"http:\/\/www.myfloridalicense.com\/DBPR\/alcoholic-beverages-and-tobacco\/#1511291460578-cbd0c2c5-52fd\" target=\"_blank\" rel=\"noopener\">Division des boissons alcoolis\u00e9es et du tabac de Floride<\/a> \u00a0305.470.6787<br \/>\n<a title=\"D\u00e9partement de la Sant\u00e9 de Floride\" href=\"http:\/\/www.doh.state.fl.us\/\" target=\"_blank\" rel=\"noopener\">D\u00e9partement de la Sant\u00e9 de Floride<\/a> \u00a0850.245.4273<br \/>\n<a title=\"D\u00e9partement de l&#039;agriculture et des services aux consommateurs de Floride\" href=\"http:\/\/www.freshfromflorida.com\/\" target=\"_blank\" rel=\"noopener\">D\u00e9partement de l&#039;agriculture et des services aux consommateurs de Floride<\/a> \u00a0850.488.3951<br \/>\n<a title=\"Bureau des permis professionnels de la ville de Miami Beach\" href=\"http:\/\/www.miamibeachfl.gov\/fr\/city-hall\/finance\/business-tax-receipts-btr\/\" target=\"_blank\" rel=\"noopener\">Re\u00e7us fiscaux de la ville de Miami Beach<\/a> \u00a0305.673.7420<br \/>\n<a title=\"Bureau des permis professionnels du comt\u00e9 de Miami-Dade\" href=\"https:\/\/www.miamidade.gov\/global\/service.page?Mduid_service=ser149979632911111\" target=\"_blank\" rel=\"noopener\">Bureau des permis professionnels du comt\u00e9 de Miami-Dade<\/a> \u00a0305.270.4949<br \/>\n<a title=\"Bureau de gestion des risques de la ville de Miami Beach\" href=\"http:\/\/www.miamibeachfl.gov\/fr\/city-hall\/human-resources\/risk-management\/\" target=\"_blank\" rel=\"noopener\">Bureau de gestion des risques de la ville de Miami Beach<\/a> \u00a0305.673.7014\n<b>Entretenir votre entreprise<\/b><br \/>\n<a title=\"Service d&#039;assainissement de la ville de Miami Beach\" href=\"\/fr\/city-hall\/public-works\/sanitation-division\/\" target=\"_blank\" rel=\"noopener\">Service d&#039;assainissement de la ville de Miami Beach<\/a> \u00a0305.673.7616<br \/>\n<a title=\"Division de la conformit\u00e9 au code de la ville de Miami Beach\" href=\"http:\/\/www.miamibeachfl.gov\/fr\/city-hall\/code-compliance\/\" target=\"_blank\" rel=\"noopener\">Division de la conformit\u00e9 au code de la ville de Miami Beach<\/a> \u00a0305.673.7555<br \/>\n<a title=\"Permis de tournage, d&#039;impression et d&#039;\u00e9v\u00e9nements sp\u00e9ciaux\" href=\"https:\/\/www.miamibeachfl.gov\/fr\/city-hall\/tourism-culture-and-economic-development\/\" target=\"_blank\" rel=\"noopener\">Permis de tournage, d&#039;impression et d&#039;\u00e9v\u00e9nements sp\u00e9ciaux<\/a> \u00a0305.673.7577\n<b>R\u00e9glementation et services aux entreprises<br \/>\n<\/b><a title=\"D\u00e9partement de l&#039;agriculture et des services aux consommateurs de Floride, Opportunit\u00e9s d&#039;affaires\" href=\"https:\/\/www.fdacs.gov\/Divisions-Offices\/Consumer-Services\" target=\"_blank\" rel=\"noopener\">D\u00e9partement de l&#039;agriculture et des services aux consommateurs de Floride, Opportunit\u00e9s d&#039;affaires<\/a> \u00a0800.435.7352<br \/>\n<a title=\"Office des brevets et des marques des \u00c9tats-Unis\" href=\"http:\/\/www.uspto.gov\/\" target=\"_blank\" rel=\"noopener\">Office des brevets et des marques des \u00c9tats-Unis<\/a> \u00a0800.786.9199\n<b>Caf\u00e9s-terrasses<br \/>\n<\/b><a href=\"http:\/\/www.miamibeachfl.gov\/fr\/city-hall\/finance\/business-tax-receipts-btr\/\">Bureau des re\u00e7us fiscaux des entreprises de la ville de Miami Beach<\/a> 305.673.7420<br \/>\n<a title=\"Service des travaux publics de la ville de Miami Beach\" href=\"\/fr\/city-hall\/public-works\/\" target=\"_blank\" rel=\"noopener\">Service des travaux publics de la ville de Miami Beach<\/a> \u00a0305.673.7080\n<b>Amendement sur le tabagisme<\/b><br \/>\n<a href=\"http:\/\/www.myfloridalicense.com\/DBPR\/contact-us\/\">D\u00e9partement de la r\u00e9glementation commerciale et professionnelle de Floride, Centre de contact client<\/a> 850.487.1395\n<b>Imp\u00f4ts<\/b><br \/>\n<a title=\"Bureau des re\u00e7us fiscaux des entreprises de la ville de Miami Beach\" href=\"http:\/\/www.miamibeachfl.gov\/fr\/\" target=\"_blank\" rel=\"noopener\">Bureau des re\u00e7us fiscaux des entreprises de la ville de Miami Beach<\/a> \u00a0305.673.7420<br \/>\n<a title=\"Service des imp\u00f4ts\" href=\"http:\/\/www.irs.gov\/\" target=\"_blank\" rel=\"noopener\">Service des imp\u00f4ts<\/a> \u00a0800.829.1040<br \/>\n<a title=\"D\u00e9partement du revenu de Floride\" href=\"https:\/\/floridarevenue.com\/pages\/default.aspx\" target=\"_blank\" rel=\"noopener\">D\u00e9partement du revenu de Floride<\/a> \u00a0800.352.3671<br \/>\n<a href=\"https:\/\/www.floridajobs.org\/Reemployment-Assistance-Service-Center\/reemployment-assistance\/claimants\/apply-for-benefits\">Prestations de ch\u00f4mage du D\u00e9partement des opportunit\u00e9s \u00e9conomiques de Floride<\/a> 800.482.8293\n<b>Zonage, usages conditionnels, signalisation, examen de la conception, peinture<\/b><br \/>\n<a title=\"Service de planification de la ville de Miami Beach\" href=\"http:\/\/www.miamibeachfl.gov\/fr\/city-hall\/planning\/\" target=\"_blank\" rel=\"noopener\">Service de planification de la ville de Miami Beach<\/a> \u00a0305.673.7550\n<b>Assistance aux entreprises<\/b><br \/>\n<a title=\"D\u00e9partement du d\u00e9veloppement \u00e9conomique de la ville de Miami Beach\" href=\"https:\/\/www.miamibeachfl.gov\/fr\/city-hall\/economic-development\/\" target=\"_blank\" rel=\"noopener\">D\u00e9partement du d\u00e9veloppement \u00e9conomique de la ville de Miami Beach<\/a> \u00a0305.673.7572<br \/>\n<a title=\"Conseil Beacon\" href=\"http:\/\/www.beaconcouncil.com\/\" target=\"_blank\" rel=\"noopener\">Conseil Beacon<\/a> \u00a0305.579.1300<br \/>\n<a title=\"Entreprise Floride\" href=\"http:\/\/www.eflorida.com\/\" target=\"_blank\" rel=\"noopener\">Entreprise Floride<\/a> \u00a0407.425.5313<br \/>\n<a title=\"Chambre de commerce de Miami Beach\" href=\"http:\/\/www.miamibeachchamber.com\/\" target=\"_blank\" rel=\"noopener\">Chambre de commerce de Miami Beach<\/a> \u00a0305.674.1300<br \/>\nChambre de commerce latine de Miami Beach 305.674.1414<br \/>\n<a title=\"Administration des petites entreprises des \u00c9tats-Unis\" href=\"http:\/\/www.sba.gov\/\" target=\"_blank\" rel=\"noopener\">Administration des petites entreprises des \u00c9tats-Unis<\/a> \u00a0305.536.5521<br \/>\n<a title=\"FAU \/ Centre de d\u00e9veloppement des petites entreprises\" href=\"http:\/\/www.fausbdc.com\/\" target=\"_blank\" rel=\"noopener\">FAU \/ Centre de d\u00e9veloppement des petites entreprises<\/a> \u00a0786.388.9040<br \/>\nSoci\u00e9t\u00e9 de d\u00e9veloppement de North Beach 305.865.4147<br \/>\n<a title=\"Soci\u00e9t\u00e9 de d\u00e9veloppement communautaire de Miami Beach\" href=\"http:\/\/www.miamibeachcdc.com\/\" target=\"_blank\" rel=\"noopener\">Soci\u00e9t\u00e9 de d\u00e9veloppement communautaire de Miami Beach<\/a> \u00a0305.538.0090<br \/>\n<a title=\"Conseil r\u00e9gional de planification du sud de la Floride\" href=\"http:\/\/sfregionalcouncil.org\/\" target=\"_blank\" rel=\"noopener\">Conseil r\u00e9gional de planification du sud de la Floride<\/a> \u00a0\u00a0800.985.4416<br \/>\n<a title=\"Centre de carri\u00e8re unique Workforce Miami Beach\" href=\"http:\/\/www.careersourcesfl.com\/\" target=\"_blank\" rel=\"noopener\">Centre de carri\u00e8re unique Workforce Miami Beach<\/a> \u00a0305.532.5350<br \/>\n<a title=\"douanes am\u00e9ricaines\" href=\"http:\/\/www.cbp.gov\/\" target=\"_blank\" rel=\"noopener\">douanes am\u00e9ricaines<\/a> \u00a0305.869.2804<br \/>\n<a title=\"Centres de d\u00e9veloppement des entreprises minoritaires\" href=\"http:\/\/www.mbda.gov\/\" target=\"_blank\" rel=\"noopener\">Centres de d\u00e9veloppement des entreprises minoritaires<\/a> \u00a0\u00a0305.591.7355\n<p>&nbsp;<\/p>","protected":false},"excerpt":{"rendered":"<p>Other Useful Links Building Permits, Change of Use City of Miami Beach Building Department \u00a0305.673.7610 City of Miami Beach Fire [&hellip;]<\/p>\n","protected":false},"author":222,"featured_media":0,"parent":196910,"menu_order":0,"comment_status":"closed","ping_status":"closed","template":"page-blank.php","meta":{"_searchwp_excluded":"","site-sidebar-layout":"default","site-content-layout":"","ast-site-content-layout":"default","site-content-style":"default","site-sidebar-style":"default","ast-global-header-display":"","ast-banner-title-visibility":"","ast-main-header-display":"","ast-hfb-above-header-display":"","ast-hfb-below-header-display":"","ast-hfb-mobile-header-display":"","site-post-title":"","ast-breadcrumbs-content":"","ast-featured-img":"","footer-sml-layout":"","theme-transparent-header-meta":"","adv-header-id-meta":"","stick-header-meta":"","header-above-stick-meta":"","header-main-stick-meta":"","header-below-stick-meta":"","astra-migrate-meta-layouts":"default","ast-page-background-enabled":"default","ast-page-background-meta":{"desktop":{"background-color":"var(--ast-global-color-5)","background-image":"","background-repeat":"repeat","background-position":"center center","background-size":"auto","background-attachment":"scroll","background-type":"","background-media":"","overlay-type":"","overlay-color":"","overlay-opacity":"","overlay-gradient":""},"tablet":{"background-color":"","background-image":"","background-repeat":"repeat","background-position":"center center","background-size":"auto","background-attachment":"scroll","background-type":"","background-media":"","overlay-type":"","overlay-color":"","overlay-opacity":"","overlay-gradient":""},"mobile":{"background-color":"","background-image":"","background-repeat":"repeat","background-position":"center center","background-size":"auto","background-attachment":"scroll","background-type":"","background-media":"","overlay-type":"","overlay-color":"","overlay-opacity":"","overlay-gradient":""}},"ast-content-background-meta":{"desktop":{"background-color":"var(--ast-global-color-4)","background-image":"","background-repeat":"repeat","background-position":"center center","background-size":"auto","background-attachment":"scroll","background-type":"","background-media":"","overlay-type":"","overlay-color":"","overlay-opacity":"","overlay-gradient":""},"tablet":{"background-color":"var(--ast-global-color-4)","background-image":"","background-repeat":"repeat","background-position":"center center","background-size":"auto","background-attachment":"scroll","background-type":"","background-media":"","overlay-type":"","overlay-color":"","overlay-opacity":"","overlay-gradient":""},"mobile":{"background-color":"var(--ast-global-color-4)","background-image":"","background-repeat":"repeat","background-position":"center center","background-size":"auto","background-attachment":"scroll","background-type":"","background-media":"","overlay-type":"","overlay-color":"","overlay-opacity":"","overlay-gradient":""}},"footnotes":""},"categories":[],"tags":[],"class_list":["post-28203","page","type-page","status-publish","hentry"],"yoast_head":"<!-- This site is optimized with the Yoast SEO Premium plugin v27.4 (Yoast SEO v27.4) - https:\/\/yoast.com\/product\/yoast-seo-premium-wordpress\/ -->\n<title>Other Useful Links - City of Miami Beach<\/title>\n<meta name=\"description\" content=\"%\" \/>\n<meta name=\"robots\" content=\"index, follow, max-snippet:-1, max-image-preview:large, max-video-preview:-1\" \/>\n<link rel=\"canonical\" href=\"https:\/\/www.miamibeachfl.gov\/fr\/business\/other-useful-links\/\" \/>\n<meta property=\"og:locale\" content=\"fr_FR\" \/>\n<meta property=\"og:type\" content=\"article\" \/>\n<meta property=\"og:title\" content=\"Other Useful Links\" \/>\n<meta property=\"og:description\" content=\"%\" \/>\n<meta property=\"og:url\" content=\"https:\/\/www.miamibeachfl.gov\/fr\/business\/other-useful-links\/\" \/>\n<meta property=\"og:site_name\" content=\"City of Miami Beach\" \/>\n<meta property=\"article:publisher\" content=\"https:\/\/www.facebook.com\/cityofmiamibeach\" \/>\n<meta property=\"article:modified_time\" content=\"2023-04-04T17:32:00+00:00\" \/>\n<meta property=\"og:image\" content=\"https:\/\/www.miamibeachfl.gov\/wp-content\/uploads\/2024\/01\/1000pxSquare-miamibeach-aerial-southpointview.jpeg\" \/>\n\t<meta property=\"og:image:width\" content=\"1000\" \/>\n\t<meta property=\"og:image:height\" content=\"1000\" \/>\n\t<meta property=\"og:image:type\" content=\"image\/jpeg\" \/>\n<meta name=\"twitter:card\" content=\"summary_large_image\" \/>\n<meta name=\"twitter:site\" content=\"@Miamibeachnews\" \/>\n<script type=\"application\/ld+json\" class=\"yoast-schema-graph\">{\"@context\":\"https:\\\/\\\/schema.org\",\"@graph\":[{\"@type\":\"WebPage\",\"@id\":\"https:\\\/\\\/www.miamibeachfl.gov\\\/business\\\/other-useful-links\\\/\",\"url\":\"https:\\\/\\\/www.miamibeachfl.gov\\\/business\\\/other-useful-links\\\/\",\"name\":\"Other Useful Links - City of Miami Beach\",\"isPartOf\":{\"@id\":\"https:\\\/\\\/www.miamibeachfl.gov\\\/#website\"},\"datePublished\":\"2017-08-11T00:01:41+00:00\",\"dateModified\":\"2023-04-04T17:32:00+00:00\",\"description\":\"%\",\"breadcrumb\":{\"@id\":\"https:\\\/\\\/www.miamibeachfl.gov\\\/business\\\/other-useful-links\\\/#breadcrumb\"},\"inLanguage\":\"fr-FR\",\"potentialAction\":[{\"@type\":\"ReadAction\",\"target\":[\"https:\\\/\\\/www.miamibeachfl.gov\\\/business\\\/other-useful-links\\\/\"]}]},{\"@type\":\"BreadcrumbList\",\"@id\":\"https:\\\/\\\/www.miamibeachfl.gov\\\/business\\\/other-useful-links\\\/#breadcrumb\",\"itemListElement\":[{\"@type\":\"ListItem\",\"position\":1,\"name\":\"Home\",\"item\":\"https:\\\/\\\/www.miamibeachfl.gov\\\/\"},{\"@type\":\"ListItem\",\"position\":2,\"name\":\"Business\",\"item\":\"https:\\\/\\\/www.miamibeachfl.gov\\\/business\\\/\"},{\"@type\":\"ListItem\",\"position\":3,\"name\":\"Other Useful Links\"}]},{\"@type\":\"WebSite\",\"@id\":\"https:\\\/\\\/www.miamibeachfl.gov\\\/#website\",\"url\":\"https:\\\/\\\/www.miamibeachfl.gov\\\/\",\"name\":\"City of Miami Beach\",\"description\":\"The official website of the City of Miami Beach. Stay informed, find important information on city services, news, alerts, events, trolley routes, government employment and more.\",\"publisher\":{\"@id\":\"https:\\\/\\\/www.miamibeachfl.gov\\\/#organization\"},\"potentialAction\":[{\"@type\":\"SearchAction\",\"target\":{\"@type\":\"EntryPoint\",\"urlTemplate\":\"https:\\\/\\\/www.miamibeachfl.gov\\\/?s={search_term_string}\"},\"query-input\":{\"@type\":\"PropertyValueSpecification\",\"valueRequired\":true,\"valueName\":\"search_term_string\"}}],\"inLanguage\":\"fr-FR\"},{\"@type\":\"Organization\",\"@id\":\"https:\\\/\\\/www.miamibeachfl.gov\\\/#organization\",\"name\":\"City of Miami Beach\",\"url\":\"https:\\\/\\\/www.miamibeachfl.gov\\\/\",\"logo\":{\"@type\":\"ImageObject\",\"inLanguage\":\"fr-FR\",\"@id\":\"https:\\\/\\\/www.miamibeachfl.gov\\\/#\\\/schema\\\/logo\\\/image\\\/\",\"url\":\"https:\\\/\\\/www.miamibeachfl.gov\\\/wp-content\\\/uploads\\\/2022\\\/06\\\/miamibeach-logoblue.png\",\"contentUrl\":\"https:\\\/\\\/www.miamibeachfl.gov\\\/wp-content\\\/uploads\\\/2022\\\/06\\\/miamibeach-logoblue.png\",\"width\":1962,\"height\":381,\"caption\":\"City of Miami Beach\"},\"image\":{\"@id\":\"https:\\\/\\\/www.miamibeachfl.gov\\\/#\\\/schema\\\/logo\\\/image\\\/\"},\"sameAs\":[\"https:\\\/\\\/www.facebook.com\\\/cityofmiamibeach\",\"https:\\\/\\\/x.com\\\/Miamibeachnews\",\"https:\\\/\\\/www.instagram.com\\\/miamibeachnews\\\/\"],\"description\":\"The official website of the City of Miami Beach. Stay informed, find important information on city services, news, alerts, events, trolley routes, government employment and more.\",\"telephone\":\"305.604.CITY(2489)\",\"legalName\":\"City of Miami Beach\"}]}<\/script>\n<!-- \/ Yoast SEO Premium plugin. -->","yoast_head_json":{"title":"Autres liens utiles - Ville de Miami Beach","description":"%","robots":{"index":"index","follow":"follow","max-snippet":"max-snippet:-1","max-image-preview":"max-image-preview:large","max-video-preview":"max-video-preview:-1"},"canonical":"https:\/\/www.miamibeachfl.gov\/fr\/business\/other-useful-links\/","og_locale":"fr_FR","og_type":"article","og_title":"Other Useful Links","og_description":"%","og_url":"https:\/\/www.miamibeachfl.gov\/fr\/business\/other-useful-links\/","og_site_name":"City of Miami Beach","article_publisher":"https:\/\/www.facebook.com\/cityofmiamibeach","article_modified_time":"2023-04-04T17:32:00+00:00","og_image":[{"width":1000,"height":1000,"url":"https:\/\/www.miamibeachfl.gov\/wp-content\/uploads\/2024\/01\/1000pxSquare-miamibeach-aerial-southpointview.jpeg","type":"image\/jpeg"}],"twitter_card":"summary_large_image","twitter_site":"@Miamibeachnews","schema":{"@context":"https:\/\/schema.org","@graph":[{"@type":"WebPage","@id":"https:\/\/www.miamibeachfl.gov\/business\/other-useful-links\/","url":"https:\/\/www.miamibeachfl.gov\/business\/other-useful-links\/","name":"Autres liens utiles - Ville de Miami Beach","isPartOf":{"@id":"https:\/\/www.miamibeachfl.gov\/#website"},"datePublished":"2017-08-11T00:01:41+00:00","dateModified":"2023-04-04T17:32:00+00:00","description":"%","breadcrumb":{"@id":"https:\/\/www.miamibeachfl.gov\/business\/other-useful-links\/#breadcrumb"},"inLanguage":"fr-FR","potentialAction":[{"@type":"ReadAction","target":["https:\/\/www.miamibeachfl.gov\/business\/other-useful-links\/"]}]},{"@type":"BreadcrumbList","@id":"https:\/\/www.miamibeachfl.gov\/business\/other-useful-links\/#breadcrumb","itemListElement":[{"@type":"ListItem","position":1,"name":"Home","item":"https:\/\/www.miamibeachfl.gov\/"},{"@type":"ListItem","position":2,"name":"Business","item":"https:\/\/www.miamibeachfl.gov\/business\/"},{"@type":"ListItem","position":3,"name":"Other Useful Links"}]},{"@type":"WebSite","@id":"https:\/\/www.miamibeachfl.gov\/#website","url":"https:\/\/www.miamibeachfl.gov\/","name":"Ville de Miami Beach","description":"Site officiel de la ville de Miami Beach. Restez inform\u00e9 et trouvez des informations importantes sur les services municipaux, les actualit\u00e9s, les alertes, les \u00e9v\u00e9nements, les itin\u00e9raires de tramway, les emplois gouvernementaux et bien plus encore.","publisher":{"@id":"https:\/\/www.miamibeachfl.gov\/#organization"},"potentialAction":[{"@type":"SearchAction","target":{"@type":"EntryPoint","urlTemplate":"https:\/\/www.miamibeachfl.gov\/?s={search_term_string}"},"query-input":{"@type":"PropertyValueSpecification","valueRequired":true,"valueName":"search_term_string"}}],"inLanguage":"fr-FR"},{"@type":"Organization","@id":"https:\/\/www.miamibeachfl.gov\/#organization","name":"Ville de Miami Beach","url":"https:\/\/www.miamibeachfl.gov\/","logo":{"@type":"ImageObject","inLanguage":"fr-FR","@id":"https:\/\/www.miamibeachfl.gov\/#\/schema\/logo\/image\/","url":"https:\/\/www.miamibeachfl.gov\/wp-content\/uploads\/2022\/06\/miamibeach-logoblue.png","contentUrl":"https:\/\/www.miamibeachfl.gov\/wp-content\/uploads\/2022\/06\/miamibeach-logoblue.png","width":1962,"height":381,"caption":"City of Miami Beach"},"image":{"@id":"https:\/\/www.miamibeachfl.gov\/#\/schema\/logo\/image\/"},"sameAs":["https:\/\/www.facebook.com\/cityofmiamibeach","https:\/\/x.com\/Miamibeachnews","https:\/\/www.instagram.com\/miamibeachnews\/"],"description":"Site officiel de la ville de Miami Beach. Restez inform\u00e9 et trouvez des informations importantes sur les services municipaux, les actualit\u00e9s, les alertes, les \u00e9v\u00e9nements, les itin\u00e9raires de tramway, les emplois gouvernementaux et bien plus encore.","telephone":"305.604.CITY(2489)","legalName":"City of Miami Beach"}]}},"_links":{"self":[{"href":"https:\/\/www.miamibeachfl.gov\/fr\/wp-json\/wp\/v2\/pages\/28203","targetHints":{"allow":["GET"]}}],"collection":[{"href":"https:\/\/www.miamibeachfl.gov\/fr\/wp-json\/wp\/v2\/pages"}],"about":[{"href":"https:\/\/www.miamibeachfl.gov\/fr\/wp-json\/wp\/v2\/types\/page"}],"author":[{"embeddable":true,"href":"https:\/\/www.miamibeachfl.gov\/fr\/wp-json\/wp\/v2\/users\/222"}],"replies":[{"embeddable":true,"href":"https:\/\/www.miamibeachfl.gov\/fr\/wp-json\/wp\/v2\/comments?post=28203"}],"version-history":[{"count":0,"href":"https:\/\/www.miamibeachfl.gov\/fr\/wp-json\/wp\/v2\/pages\/28203\/revisions"}],"up":[{"embeddable":true,"href":"https:\/\/www.miamibeachfl.gov\/fr\/wp-json\/wp\/v2\/pages\/196910"}],"wp:attachment":[{"href":"https:\/\/www.miamibeachfl.gov\/fr\/wp-json\/wp\/v2\/media?parent=28203"}],"wp:term":[{"taxonomy":"category","embeddable":true,"href":"https:\/\/www.miamibeachfl.gov\/fr\/wp-json\/wp\/v2\/categories?post=28203"},{"taxonomy":"post_tag","embeddable":true,"href":"https:\/\/www.miamibeachfl.gov\/fr\/wp-json\/wp\/v2\/tags?post=28203"}],"curies":[{"name":"wp","href":"https:\/\/api.w.org\/{rel}","templated":true}]}}