{"id":28271,"date":"2017-08-11T00:02:35","date_gmt":"2017-08-11T00:02:35","guid":{"rendered":"http:\/\/www.miamibeachfl.gov\/city-hall\/finance\/financial-documents\/management\/"},"modified":"2025-06-26T09:38:58","modified_gmt":"2025-06-26T13:38:58","slug":"management","status":"publish","type":"page","link":"https:\/\/www.miamibeachfl.gov\/fr\/city-hall\/finance\/financial-documents\/management\/","title":{"rendered":"Bureau de la gestion et du budget"},"content":{"rendered":"<img decoding=\"async\" src=\"https:\/\/www.miamibeachfl.gov\/wp-content\/uploads\/2022\/07\/hero-small.jpg\" alt=\"ocean drive art deco buildings\" itemprop=\"image\" title=\"petit h\u00e9ros\" onerror=\"this.style.display='none'\" loading='lazy' \/>\n<h1>\n\t\t\tBureau de la gestion et du budget\t<\/h1>\n\t<nav id=\"breadcrumbs\" aria-label=\"Fil d&#039;Ariane\"><a href=\"https:\/\/www.miamibeachfl.gov\/fr\/\">Maison<\/a> &gt; <a href=\"https:\/\/www.miamibeachfl.gov\/fr\/city-hall\/\">l&#039;h\u00f4tel de ville<\/a> &gt; <a href=\"https:\/\/www.miamibeachfl.gov\/fr\/city-hall\/finance\/\">Finance<\/a> &gt; <a href=\"https:\/\/www.miamibeachfl.gov\/fr\/city-hall\/finance\/financial-documents\/\">Rapports financiers<\/a> &gt; <strong>Bureau de la gestion et du budget<\/strong><\/nav>\n\t<h4><strong>BUREAU DE LA GESTION ET DU BUDGET<\/strong><\/h4>\n<p>Le Bureau de la gestion et du budget est charg\u00e9 d&#039;assurer la stabilit\u00e9 financi\u00e8re et l&#039;efficacit\u00e9 des op\u00e9rations de la Ville. Sa principale responsabilit\u00e9 consiste \u00e0 \u00e9laborer, pr\u00e9senter et suivre le budget annuel de la Ville, conform\u00e9ment aux exigences de l&#039;article 200.065 des Statuts de la Floride, commun\u00e9ment appel\u00e9 \u00ab\u00a0Truth In Millage\u00a0\u00bb (TRIM).<\/p>\n<p><b><a title=\"Projet de budget pour l&#039;exercice 2008\/2009\" href=\"http:\/\/old.miamibeachfl.gov\/docs\/08-09%20Proposed%20with%20bookmarks.pdf\" target=\"_blank\" rel=\"noopener\">Projet de budget pour l&#039;exercice 2008\/2009<\/a><\/b>\u00a0(Acrobate)<\/p>\n<p><b><a title=\"Livre budg\u00e9taire adopt\u00e9 pour l&#039;exercice 2007\/2008\" href=\"http:\/\/old.miamibeachfl.gov\/docs\/07-08%20Adopted%20Budget%20web.pdf\" target=\"_blank\" rel=\"noopener\">Livre budg\u00e9taire adopt\u00e9 pour l&#039;exercice 2007\/2008<\/a><\/b>\u00a0(Acrobate)<\/p>\n<p><b><a title=\"Livre budg\u00e9taire adopt\u00e9 pour l&#039;exercice 2006\/2007\" href=\"http:\/\/old.miamibeachfl.gov\/docs\/2007%20adopted_web.pdf\" target=\"_blank\" rel=\"noopener\">Livre budg\u00e9taire adopt\u00e9 pour l&#039;exercice 2006\/2007<\/a><\/b>\u00a0(Acrobate)<\/p>\n<p><b><a title=\"Livre budg\u00e9taire adopt\u00e9 pour l&#039;exercice 2005\/2006\" href=\"http:\/\/old.miamibeachfl.gov\/docs\/2006%20ADOPTED.pdf\" target=\"_blank\" rel=\"noopener\">Livre budg\u00e9taire adopt\u00e9 pour l&#039;exercice 2005\/2006<\/a><\/b>\u00a0(Acrobate)<\/p>\n<p><b><a title=\"Livre budg\u00e9taire adopt\u00e9 pour l&#039;exercice 2004\/2005\" href=\"http:\/\/old.miamibeachfl.gov\/docs\/Adopted%20Budget%202005.pdf\" target=\"_blank\" rel=\"noopener\">Livre budg\u00e9taire adopt\u00e9 pour l&#039;exercice 2004\/2005<\/a><\/b>\u00a0(Acrobate)<\/p>\n<p><b><a title=\"Livre budg\u00e9taire adopt\u00e9 pour l&#039;exercice 2003\/2004\" href=\"http:\/\/old.miamibeachfl.gov\/docs\/ADOPTED%20Budget%20Book%202004.pdf\" target=\"_blank\" rel=\"noopener\">Livre budg\u00e9taire adopt\u00e9 pour l&#039;exercice 2003\/2004<\/a><\/b>\u00a0(Acrobate)<\/p>\n<p><b>Livre budg\u00e9taire adopt\u00e9 pour l&#039;exercice 2002\/2003<\/b>\u00a0Pages: <a title=\"1-74\" href=\"http:\/\/old.miamibeachfl.gov\/docs\/Adopted%20Budget%20Bk%20Pgs%201-100.pdf\" target=\"_blank\" rel=\"noopener\">1-74<\/a>,\u00a0<a title=\"75-173\" href=\"http:\/\/www.miamibeachfl.gov\/fr\/docs\/Adopted%20Budget%20Bk%20Pgs%20101-200.pdf\/\" target=\"_blank\" rel=\"noopener\">75-173<\/a>,\u00a0<a title=\"174-272\" href=\"http:\/\/old.miamibeachfl.gov\/docs\/Adopted%20Budget%20Bk%20Pgs%20201-300.pdf\" target=\"_blank\" rel=\"noopener\">174-272<\/a>, <a title=\"273-372\" href=\"http:\/\/old.miamibeachfl.gov\/docs\/Adopted%20Budget%20Bk%20Pgs%20301-400.pdf\" target=\"_blank\" rel=\"noopener\">273-372<\/a>,\u00a0<a title=\"373-467\" href=\"http:\/\/old.miamibeachfl.gov\/docs\/Adopted%20Budget%20Bk%20Pgs%20401-500.pdf\" target=\"_blank\" rel=\"noopener\">373-467<\/a>, <a title=\"468-565\" href=\"http:\/\/old.miamibeachfl.gov\/docs\/Adopted%20Budget%20Bk%20Pgs%20501-600.pdf\" target=\"_blank\" rel=\"noopener\">468-565<\/a>\u00a0(Acrobate)<\/p>\n<p><a title=\"Lien\" href=\"http:\/\/www.gfoa.org\/\" target=\"_blank\" rel=\"noopener\"><img decoding=\"async\" title=\"Association des agents des finances publiques\" src=\"\/wp-content\/uploads\/2017\/09\/gfoa1.png\" alt=\"Goverment Finance Officers Association\" height=\"92\" \/><\/a><\/p>\n<p><b>La ville de Miami Beach r\u00e9compens\u00e9e pour une pr\u00e9sentation budg\u00e9taire exceptionnelle \u2013 L\u2019Association des responsables des finances publiques (GFOA) a d\u00e9cern\u00e9 \u00e0 la ville de Miami Beach son prix de pr\u00e9sentation budg\u00e9taire exceptionnel pour son budget.<\/b>\u00a0<b>pour les ann\u00e9es 2003, 2004, 2005, 2006 et 2007<\/b>Cela t\u00e9moigne de l&#039;engagement de l&#039;organisme directeur et du personnel \u00e0 respecter les principes les plus stricts en mati\u00e8re de budg\u00e9tisation gouvernementale. Les laur\u00e9ats ont \u00e9t\u00e9 les pionniers des efforts visant \u00e0 am\u00e9liorer la qualit\u00e9 de la budg\u00e9tisation et constituent un excellent exemple pour les autres gouvernements d&#039;Am\u00e9rique du Nord.<\/p>\n\t\tAcc\u00e9der \u00e0\u2026\t\t\t\n\t\t\t\t\t<ul id=\"menu-finance-reports\"><li id=\"menu-item-364745\"><a href=\"\/fr\/city-hall\/finance\/financial-documents\/comprehensive-annual-reports\/\">Rapports annuels<\/a><\/li>\n<li id=\"menu-item-364746\"><a href=\"\/fr\/city-hall\/finance\/financial-documents\/archive-financial-documents\/\">Archives des documents financiers<\/a><\/li>\n<li id=\"menu-item-364747\"><a href=\"\/fr\/city-hall\/finance\/financial-documents\/miami-beach-redevelopment-agency\/\">Agence de r\u00e9am\u00e9nagement de Miami Beach<\/a><\/li>\n<li id=\"menu-item-364748\"><a href=\"\/fr\/city-hall\/finance\/financial-documents\/management\/\">Bureau de la gestion et du budget<\/a><\/li>\n<li id=\"menu-item-364749\"><a href=\"\/fr\/city-hall\/finance\/financial-documents\/single-audit-report\/\">Rapport d&#039;audit unique<\/a><\/li>\n<\/ul>\t\n\t<div class=\"page-navigation\"><a class=\"prev-page\" href=\"https:\/\/www.miamibeachfl.gov\/fr\/city-hall\/finance\/financial-documents\/2023-financial-reports\/\">\u2190 Rapports financiers pour l&#039;exercice clos le 30 septembre 2023<\/a> <a class=\"next-page\" href=\"https:\/\/www.miamibeachfl.gov\/fr\/city-hall\/finance\/financial-documents\/archive-financial-documents\/\">Archives des documents financiers \u2192<\/a><\/div>","protected":false},"excerpt":{"rendered":"<p>Office Of Management &#038; Budget Home &gt; City Hall &gt; Finance &gt; Financial Reports &gt; Office Of Management &#038; Budget [&hellip;]<\/p>\n","protected":false},"author":222,"featured_media":0,"parent":385210,"menu_order":5,"comment_status":"closed","ping_status":"closed","template":"","meta":{"_searchwp_excluded":"","site-sidebar-layout":"default","site-content-layout":"","ast-site-content-layout":"default","site-content-style":"default","site-sidebar-style":"default","ast-global-header-display":"","ast-banner-title-visibility":"","ast-main-header-display":"","ast-hfb-above-header-display":"","ast-hfb-below-header-display":"","ast-hfb-mobile-header-display":"","site-post-title":"","ast-breadcrumbs-content":"","ast-featured-img":"","footer-sml-layout":"","theme-transparent-header-meta":"","adv-header-id-meta":"","stick-header-meta":"","header-above-stick-meta":"","header-main-stick-meta":"","header-below-stick-meta":"","astra-migrate-meta-layouts":"default","ast-page-background-enabled":"default","ast-page-background-meta":{"desktop":{"background-color":"var(--ast-global-color-5)","background-image":"","background-repeat":"repeat","background-position":"center center","background-size":"auto","background-attachment":"scroll","background-type":"","background-media":"","overlay-type":"","overlay-color":"","overlay-opacity":"","overlay-gradient":""},"tablet":{"background-color":"","background-image":"","background-repeat":"repeat","background-position":"center center","background-size":"auto","background-attachment":"scroll","background-type":"","background-media":"","overlay-type":"","overlay-color":"","overlay-opacity":"","overlay-gradient":""},"mobile":{"background-color":"","background-image":"","background-repeat":"repeat","background-position":"center center","background-size":"auto","background-attachment":"scroll","background-type":"","background-media":"","overlay-type":"","overlay-color":"","overlay-opacity":"","overlay-gradient":""}},"ast-content-background-meta":{"desktop":{"background-color":"var(--ast-global-color-4)","background-image":"","background-repeat":"repeat","background-position":"center center","background-size":"auto","background-attachment":"scroll","background-type":"","background-media":"","overlay-type":"","overlay-color":"","overlay-opacity":"","overlay-gradient":""},"tablet":{"background-color":"var(--ast-global-color-4)","background-image":"","background-repeat":"repeat","background-position":"center center","background-size":"auto","background-attachment":"scroll","background-type":"","background-media":"","overlay-type":"","overlay-color":"","overlay-opacity":"","overlay-gradient":""},"mobile":{"background-color":"var(--ast-global-color-4)","background-image":"","background-repeat":"repeat","background-position":"center center","background-size":"auto","background-attachment":"scroll","background-type":"","background-media":"","overlay-type":"","overlay-color":"","overlay-opacity":"","overlay-gradient":""}},"footnotes":""},"categories":[],"tags":[],"class_list":["post-28271","page","type-page","status-publish","hentry"],"yoast_head":"<!-- This site is optimized with the Yoast SEO Premium plugin v27.4 (Yoast SEO v27.4) - https:\/\/yoast.com\/product\/yoast-seo-premium-wordpress\/ -->\n<title>Office Of Management &amp; Budget - City of Miami Beach<\/title>\n<meta name=\"description\" content=\"%\" \/>\n<meta name=\"robots\" content=\"index, follow, max-snippet:-1, max-image-preview:large, max-video-preview:-1\" \/>\n<link rel=\"canonical\" href=\"https:\/\/www.miamibeachfl.gov\/fr\/city-hall\/finance\/financial-documents\/management\/\" \/>\n<meta property=\"og:locale\" content=\"fr_FR\" \/>\n<meta property=\"og:type\" content=\"article\" \/>\n<meta property=\"og:title\" content=\"Office Of Management &amp; Budget\" \/>\n<meta property=\"og:description\" content=\"%\" \/>\n<meta property=\"og:url\" content=\"https:\/\/www.miamibeachfl.gov\/fr\/city-hall\/finance\/financial-documents\/management\/\" \/>\n<meta property=\"og:site_name\" content=\"City of Miami Beach\" \/>\n<meta property=\"article:publisher\" content=\"https:\/\/www.facebook.com\/cityofmiamibeach\" \/>\n<meta property=\"article:modified_time\" content=\"2025-06-26T13:38:58+00:00\" \/>\n<meta property=\"og:image\" content=\"https:\/\/www.miamibeachfl.gov\/wp-content\/uploads\/2022\/07\/hero-small.jpg\" \/>\n<meta name=\"twitter:card\" content=\"summary_large_image\" \/>\n<meta name=\"twitter:site\" content=\"@Miamibeachnews\" \/>\n<script type=\"application\/ld+json\" class=\"yoast-schema-graph\">{\"@context\":\"https:\\\/\\\/schema.org\",\"@graph\":[{\"@type\":\"WebPage\",\"@id\":\"https:\\\/\\\/www.miamibeachfl.gov\\\/city-hall\\\/finance\\\/financial-documents\\\/management\\\/\",\"url\":\"https:\\\/\\\/www.miamibeachfl.gov\\\/city-hall\\\/finance\\\/financial-documents\\\/management\\\/\",\"name\":\"Office Of Management & Budget - City of Miami Beach\",\"isPartOf\":{\"@id\":\"https:\\\/\\\/www.miamibeachfl.gov\\\/#website\"},\"primaryImageOfPage\":{\"@id\":\"https:\\\/\\\/www.miamibeachfl.gov\\\/city-hall\\\/finance\\\/financial-documents\\\/management\\\/#primaryimage\"},\"image\":{\"@id\":\"https:\\\/\\\/www.miamibeachfl.gov\\\/city-hall\\\/finance\\\/financial-documents\\\/management\\\/#primaryimage\"},\"thumbnailUrl\":\"https:\\\/\\\/www.miamibeachfl.gov\\\/wp-content\\\/uploads\\\/2022\\\/07\\\/hero-small.jpg\",\"datePublished\":\"2017-08-11T00:02:35+00:00\",\"dateModified\":\"2025-06-26T13:38:58+00:00\",\"description\":\"%\",\"breadcrumb\":{\"@id\":\"https:\\\/\\\/www.miamibeachfl.gov\\\/city-hall\\\/finance\\\/financial-documents\\\/management\\\/#breadcrumb\"},\"inLanguage\":\"fr-FR\",\"potentialAction\":[{\"@type\":\"ReadAction\",\"target\":[\"https:\\\/\\\/www.miamibeachfl.gov\\\/city-hall\\\/finance\\\/financial-documents\\\/management\\\/\"]}]},{\"@type\":\"ImageObject\",\"inLanguage\":\"fr-FR\",\"@id\":\"https:\\\/\\\/www.miamibeachfl.gov\\\/city-hall\\\/finance\\\/financial-documents\\\/management\\\/#primaryimage\",\"url\":\"https:\\\/\\\/www.miamibeachfl.gov\\\/wp-content\\\/uploads\\\/2022\\\/07\\\/hero-small.jpg\",\"contentUrl\":\"https:\\\/\\\/www.miamibeachfl.gov\\\/wp-content\\\/uploads\\\/2022\\\/07\\\/hero-small.jpg\"},{\"@type\":\"BreadcrumbList\",\"@id\":\"https:\\\/\\\/www.miamibeachfl.gov\\\/city-hall\\\/finance\\\/financial-documents\\\/management\\\/#breadcrumb\",\"itemListElement\":[{\"@type\":\"ListItem\",\"position\":1,\"name\":\"Home\",\"item\":\"https:\\\/\\\/www.miamibeachfl.gov\\\/\"},{\"@type\":\"ListItem\",\"position\":2,\"name\":\"City Hall\",\"item\":\"https:\\\/\\\/www.miamibeachfl.gov\\\/city-hall\\\/\"},{\"@type\":\"ListItem\",\"position\":3,\"name\":\"Finance\",\"item\":\"https:\\\/\\\/www.miamibeachfl.gov\\\/city-hall\\\/finance\\\/\"},{\"@type\":\"ListItem\",\"position\":4,\"name\":\"Financial Reports\",\"item\":\"https:\\\/\\\/www.miamibeachfl.gov\\\/city-hall\\\/finance\\\/financial-documents\\\/\"},{\"@type\":\"ListItem\",\"position\":5,\"name\":\"Office Of Management &#038; Budget\"}]},{\"@type\":\"WebSite\",\"@id\":\"https:\\\/\\\/www.miamibeachfl.gov\\\/#website\",\"url\":\"https:\\\/\\\/www.miamibeachfl.gov\\\/\",\"name\":\"City of Miami Beach\",\"description\":\"The official website of the City of Miami Beach. Stay informed, find important information on city services, news, alerts, events, trolley routes, government employment and more.\",\"publisher\":{\"@id\":\"https:\\\/\\\/www.miamibeachfl.gov\\\/#organization\"},\"potentialAction\":[{\"@type\":\"SearchAction\",\"target\":{\"@type\":\"EntryPoint\",\"urlTemplate\":\"https:\\\/\\\/www.miamibeachfl.gov\\\/?s={search_term_string}\"},\"query-input\":{\"@type\":\"PropertyValueSpecification\",\"valueRequired\":true,\"valueName\":\"search_term_string\"}}],\"inLanguage\":\"fr-FR\"},{\"@type\":\"Organization\",\"@id\":\"https:\\\/\\\/www.miamibeachfl.gov\\\/#organization\",\"name\":\"City of Miami Beach\",\"url\":\"https:\\\/\\\/www.miamibeachfl.gov\\\/\",\"logo\":{\"@type\":\"ImageObject\",\"inLanguage\":\"fr-FR\",\"@id\":\"https:\\\/\\\/www.miamibeachfl.gov\\\/#\\\/schema\\\/logo\\\/image\\\/\",\"url\":\"https:\\\/\\\/www.miamibeachfl.gov\\\/wp-content\\\/uploads\\\/2022\\\/06\\\/miamibeach-logoblue.png\",\"contentUrl\":\"https:\\\/\\\/www.miamibeachfl.gov\\\/wp-content\\\/uploads\\\/2022\\\/06\\\/miamibeach-logoblue.png\",\"width\":1962,\"height\":381,\"caption\":\"City of Miami Beach\"},\"image\":{\"@id\":\"https:\\\/\\\/www.miamibeachfl.gov\\\/#\\\/schema\\\/logo\\\/image\\\/\"},\"sameAs\":[\"https:\\\/\\\/www.facebook.com\\\/cityofmiamibeach\",\"https:\\\/\\\/x.com\\\/Miamibeachnews\",\"https:\\\/\\\/www.instagram.com\\\/miamibeachnews\\\/\"],\"description\":\"The official website of the City of Miami Beach. Stay informed, find important information on city services, news, alerts, events, trolley routes, government employment and more.\",\"telephone\":\"305.604.CITY(2489)\",\"legalName\":\"City of Miami Beach\"}]}<\/script>\n<!-- \/ Yoast SEO Premium plugin. -->","yoast_head_json":{"title":"Bureau de la gestion et du budget - Ville de Miami Beach","description":"%","robots":{"index":"index","follow":"follow","max-snippet":"max-snippet:-1","max-image-preview":"max-image-preview:large","max-video-preview":"max-video-preview:-1"},"canonical":"https:\/\/www.miamibeachfl.gov\/fr\/city-hall\/finance\/financial-documents\/management\/","og_locale":"fr_FR","og_type":"article","og_title":"Office Of Management & Budget","og_description":"%","og_url":"https:\/\/www.miamibeachfl.gov\/fr\/city-hall\/finance\/financial-documents\/management\/","og_site_name":"City of Miami Beach","article_publisher":"https:\/\/www.facebook.com\/cityofmiamibeach","article_modified_time":"2025-06-26T13:38:58+00:00","og_image":[{"url":"https:\/\/www.miamibeachfl.gov\/wp-content\/uploads\/2022\/07\/hero-small.jpg","type":"","width":"","height":""}],"twitter_card":"summary_large_image","twitter_site":"@Miamibeachnews","schema":{"@context":"https:\/\/schema.org","@graph":[{"@type":"WebPage","@id":"https:\/\/www.miamibeachfl.gov\/city-hall\/finance\/financial-documents\/management\/","url":"https:\/\/www.miamibeachfl.gov\/city-hall\/finance\/financial-documents\/management\/","name":"Bureau de la gestion et du budget - Ville de Miami Beach","isPartOf":{"@id":"https:\/\/www.miamibeachfl.gov\/#website"},"primaryImageOfPage":{"@id":"https:\/\/www.miamibeachfl.gov\/city-hall\/finance\/financial-documents\/management\/#primaryimage"},"image":{"@id":"https:\/\/www.miamibeachfl.gov\/city-hall\/finance\/financial-documents\/management\/#primaryimage"},"thumbnailUrl":"https:\/\/www.miamibeachfl.gov\/wp-content\/uploads\/2022\/07\/hero-small.jpg","datePublished":"2017-08-11T00:02:35+00:00","dateModified":"2025-06-26T13:38:58+00:00","description":"%","breadcrumb":{"@id":"https:\/\/www.miamibeachfl.gov\/city-hall\/finance\/financial-documents\/management\/#breadcrumb"},"inLanguage":"fr-FR","potentialAction":[{"@type":"ReadAction","target":["https:\/\/www.miamibeachfl.gov\/city-hall\/finance\/financial-documents\/management\/"]}]},{"@type":"ImageObject","inLanguage":"fr-FR","@id":"https:\/\/www.miamibeachfl.gov\/city-hall\/finance\/financial-documents\/management\/#primaryimage","url":"https:\/\/www.miamibeachfl.gov\/wp-content\/uploads\/2022\/07\/hero-small.jpg","contentUrl":"https:\/\/www.miamibeachfl.gov\/wp-content\/uploads\/2022\/07\/hero-small.jpg"},{"@type":"BreadcrumbList","@id":"https:\/\/www.miamibeachfl.gov\/city-hall\/finance\/financial-documents\/management\/#breadcrumb","itemListElement":[{"@type":"ListItem","position":1,"name":"Home","item":"https:\/\/www.miamibeachfl.gov\/"},{"@type":"ListItem","position":2,"name":"City Hall","item":"https:\/\/www.miamibeachfl.gov\/city-hall\/"},{"@type":"ListItem","position":3,"name":"Finance","item":"https:\/\/www.miamibeachfl.gov\/city-hall\/finance\/"},{"@type":"ListItem","position":4,"name":"Financial Reports","item":"https:\/\/www.miamibeachfl.gov\/city-hall\/finance\/financial-documents\/"},{"@type":"ListItem","position":5,"name":"Office Of Management &#038; Budget"}]},{"@type":"WebSite","@id":"https:\/\/www.miamibeachfl.gov\/#website","url":"https:\/\/www.miamibeachfl.gov\/","name":"Ville de Miami Beach","description":"Site officiel de la ville de Miami Beach. Restez inform\u00e9 et trouvez des informations importantes sur les services municipaux, les actualit\u00e9s, les alertes, les \u00e9v\u00e9nements, les itin\u00e9raires de tramway, les emplois gouvernementaux et bien plus encore.","publisher":{"@id":"https:\/\/www.miamibeachfl.gov\/#organization"},"potentialAction":[{"@type":"SearchAction","target":{"@type":"EntryPoint","urlTemplate":"https:\/\/www.miamibeachfl.gov\/?s={search_term_string}"},"query-input":{"@type":"PropertyValueSpecification","valueRequired":true,"valueName":"search_term_string"}}],"inLanguage":"fr-FR"},{"@type":"Organization","@id":"https:\/\/www.miamibeachfl.gov\/#organization","name":"Ville de Miami Beach","url":"https:\/\/www.miamibeachfl.gov\/","logo":{"@type":"ImageObject","inLanguage":"fr-FR","@id":"https:\/\/www.miamibeachfl.gov\/#\/schema\/logo\/image\/","url":"https:\/\/www.miamibeachfl.gov\/wp-content\/uploads\/2022\/06\/miamibeach-logoblue.png","contentUrl":"https:\/\/www.miamibeachfl.gov\/wp-content\/uploads\/2022\/06\/miamibeach-logoblue.png","width":1962,"height":381,"caption":"City of Miami Beach"},"image":{"@id":"https:\/\/www.miamibeachfl.gov\/#\/schema\/logo\/image\/"},"sameAs":["https:\/\/www.facebook.com\/cityofmiamibeach","https:\/\/x.com\/Miamibeachnews","https:\/\/www.instagram.com\/miamibeachnews\/"],"description":"Site officiel de la ville de Miami Beach. Restez inform\u00e9 et trouvez des informations importantes sur les services municipaux, les actualit\u00e9s, les alertes, les \u00e9v\u00e9nements, les itin\u00e9raires de tramway, les emplois gouvernementaux et bien plus encore.","telephone":"305.604.CITY(2489)","legalName":"City of Miami Beach"}]}},"_links":{"self":[{"href":"https:\/\/www.miamibeachfl.gov\/fr\/wp-json\/wp\/v2\/pages\/28271","targetHints":{"allow":["GET"]}}],"collection":[{"href":"https:\/\/www.miamibeachfl.gov\/fr\/wp-json\/wp\/v2\/pages"}],"about":[{"href":"https:\/\/www.miamibeachfl.gov\/fr\/wp-json\/wp\/v2\/types\/page"}],"author":[{"embeddable":true,"href":"https:\/\/www.miamibeachfl.gov\/fr\/wp-json\/wp\/v2\/users\/222"}],"replies":[{"embeddable":true,"href":"https:\/\/www.miamibeachfl.gov\/fr\/wp-json\/wp\/v2\/comments?post=28271"}],"version-history":[{"count":1,"href":"https:\/\/www.miamibeachfl.gov\/fr\/wp-json\/wp\/v2\/pages\/28271\/revisions"}],"predecessor-version":[{"id":385303,"href":"https:\/\/www.miamibeachfl.gov\/fr\/wp-json\/wp\/v2\/pages\/28271\/revisions\/385303"}],"up":[{"embeddable":true,"href":"https:\/\/www.miamibeachfl.gov\/fr\/wp-json\/wp\/v2\/pages\/385210"}],"wp:attachment":[{"href":"https:\/\/www.miamibeachfl.gov\/fr\/wp-json\/wp\/v2\/media?parent=28271"}],"wp:term":[{"taxonomy":"category","embeddable":true,"href":"https:\/\/www.miamibeachfl.gov\/fr\/wp-json\/wp\/v2\/categories?post=28271"},{"taxonomy":"post_tag","embeddable":true,"href":"https:\/\/www.miamibeachfl.gov\/fr\/wp-json\/wp\/v2\/tags?post=28271"}],"curies":[{"name":"wp","href":"https:\/\/api.w.org\/{rel}","templated":true}]}}