{"id":28275,"date":"2017-08-11T00:02:37","date_gmt":"2017-08-11T00:02:37","guid":{"rendered":"http:\/\/www.miamibeachfl.gov\/city-hall\/finance\/street-performersartists-vendors-lottery\/non-profit-lottery-main-page\/"},"modified":"2025-10-08T10:50:00","modified_gmt":"2025-10-08T14:50:00","slug":"non-profit-lottery","status":"publish","type":"page","link":"https:\/\/www.miamibeachfl.gov\/fr\/non-profit-lottery\/","title":{"rendered":"Loterie \u00e0 but non lucratif"},"content":{"rendered":"<img decoding=\"async\" src=\"https:\/\/www.miamibeachfl.gov\/wp-content\/uploads\/2022\/07\/hero-small.jpg\" alt=\"ocean drive art deco buildings\" itemprop=\"image\" height=\"211\" width=\"2395\" title=\"petit h\u00e9ros\" onerror=\"this.style.display='none'\" loading=\"lazy\" \/>\n<h1>\n\t\t\tLoterie \u00e0 but non lucratif\t<\/h1>\n\t<nav id=\"breadcrumbs\" aria-label=\"Fil d&#039;Ariane\"><a href=\"https:\/\/www.miamibeachfl.gov\/fr\/\">Maison<\/a> &gt; <strong>Loterie \u00e0 but non lucratif<\/strong><\/nav>\n\t<h3><strong>Loterie \u00e0 but non lucratif<\/strong><\/h3>\n<p><b>La ville de Miami Beach propose cinq (5) emplacements pour les vendeurs\/distributeurs \u00e0 but non lucratif qui sont attribu\u00e9s par tirage au sort pour des p\u00e9riodes de trois (3) mois.<\/b><\/p>\n<p><strong>Pour postuler, les organismes \u00e0 but non lucratif doivent soumettre les \u00e9l\u00e9ments suivants :<\/strong><\/p>\n<ol>\n<li>Une demande d\u00fbment remplie et sign\u00e9e par un dirigeant ou un directeur de l&#039;organisme \u00e0 but non lucratif et les frais de demande $181.<\/li>\n<li>Lettre d\u2019autorisation si le vendeur\/distributeur n\u2019est pas un dirigeant\/directeur ou un agent enregistr\u00e9 de l\u2019organisme \u00e0 but non lucratif.<\/li>\n<li>Preuve d&#039;une organisation \u00e0 but non lucratif consid\u00e9r\u00e9e comme une organisation exon\u00e9r\u00e9e d&#039;imp\u00f4t en vertu de l&#039;article 501(c) 3 de l&#039;Internal Revenue Code enregistr\u00e9e aupr\u00e8s du D\u00e9partement d&#039;\u00c9tat de Floride, Division des soci\u00e9t\u00e9s.<\/li>\n<li>Copie de la pi\u00e8ce d&#039;identit\u00e9 avec photo du vendeur\/distributeur.<\/li>\n<li>Copie de la liste officielle de l&#039;agent enregistr\u00e9 et des dirigeants\/administrateurs de l&#039;organisme \u00e0 but non lucratif. Cette liste est disponible sur le site web de la Division des soci\u00e9t\u00e9s du D\u00e9partement d&#039;\u00c9tat de Floride\u00a0: <a title=\"http:\/\/www.sunbiz.org\/corpweb\/inquiry\/corinam.html\" href=\"http:\/\/www.sunbiz.org\/corpweb\/inquiry\/corinam.html\" target=\"_blank\" rel=\"noopener noreferrer\">http:\/\/www.sunbiz.org\/corpweb\/inquiry\/corinam.html<\/a><\/li>\n<\/ol>\n<h3><strong>Informations sur la loterie \u00e0 but non lucratif<\/strong><\/h3>\n<table width=\"709\">\n<tbody>\n<tr>\n<td width=\"223\"><strong>Quartier de la loterie<\/strong><\/td>\n<td width=\"258\"><strong>Date limite de d\u00e9p\u00f4t des candidatures : 17h00<\/strong><\/td>\n<td width=\"228\"><strong>La loterie a eu lieu<\/strong><\/td>\n<\/tr>\n<tr>\n<td width=\"223\">November &#8211; January 2026<\/td>\n<td width=\"258\">17 octobre 2025<\/td>\n<td width=\"228\">27 octobre 2025<\/td>\n<\/tr>\n<tr>\n<td width=\"223\">February &#8211; April 2026<\/td>\n<td width=\"258\">16 janvier 2026<\/td>\n<td width=\"228\">23 janvier 2026<\/td>\n<\/tr>\n<tr>\n<td width=\"223\">May &#8211; July 2026<\/td>\n<td width=\"258\">17 avril 2026<\/td>\n<td width=\"228\">24 avril 2026<\/td>\n<\/tr>\n<tr>\n<td width=\"223\">August &#8211; October 2026<\/td>\n<td width=\"258\">17 juillet 2026<\/td>\n<td width=\"228\">24 juillet 2026<\/td>\n<\/tr>\n<\/tbody>\n<\/table>\n<strong>T\u00e9l\u00e9charger les formulaires et les informations :<\/strong>\u00a0(Acrobate*)<br \/>\nVeuillez v\u00e9rifier avant de soumettre car ces \u00e9l\u00e9ments peuvent changer.\n<a href=\"https:\/\/www.miamibeachfl.gov\/wp-content\/uploads\/2025\/10\/NON-PROFIT-LOTTERY-APPLICATION.pdf\">Demande de loterie \u00e0 but non lucratif<\/a><br \/>\n<a title=\"Copie de l&#039;ordonnance 97-3094\" href=\"\/wp-content\/uploads\/2017\/08\/97-3094-20ord.pdf\" target=\"_blank\" rel=\"noopener noreferrer\">Ordonnance 97-3094<\/a>\n<ul>\n<li>La date de chaque loterie sera affich\u00e9e \u00e0 divers endroits tels que : le site Web de la ville de Miami Beach, le babillard de la ville, la cha\u00eene du gouvernement local 20 et\/ou le Miami Herald.<\/li>\n<li>Les loteries ont g\u00e9n\u00e9ralement lieu 3 jours ouvrables avant la fin de la p\u00e9riode de loterie pr\u00e9c\u00e9dente.<\/li>\n<li>Les demandes et toutes les autres informations requises doivent \u00eatre soumises au plus tard 5 jours ouvrables avant la date de la loterie.<\/li>\n<li>Les organismes \u00e0 but non lucratif ou leurs repr\u00e9sentants n\u2019ont pas besoin d\u2019\u00eatre pr\u00e9sents \u00e0 la loterie pour \u00eatre s\u00e9lectionn\u00e9s pour un emplacement.<\/li>\n<li>Contactez le centre de service client au 305-673-7000 pour toute question.<\/li>\n<\/ul>\n\t<div class=\"page-navigation\"><a class=\"prev-page\" href=\"https:\/\/www.miamibeachfl.gov\/fr\/city-hall\/city-clerk\/election-information\/cmb_election\/\">\u2190 Informations 2019<\/a> <a class=\"next-page\" href=\"https:\/\/www.miamibeachfl.gov\/fr\/city-hall\/city-clerk\/election-information\/november-6-2018-special-election\/related-resolutions\/\">R\u00e9solutions connexes \u2192<\/a><\/div>","protected":false},"excerpt":{"rendered":"<p>Non-Profit Lottery Home &gt; Non-Profit Lottery Non-Profit Lottery The City of Miami Beach offers five (5) locations for non-profit vendors\/distributors [&hellip;]<\/p>\n","protected":false},"author":222,"featured_media":0,"parent":0,"menu_order":138,"comment_status":"closed","ping_status":"closed","template":"","meta":{"_searchwp_excluded":"","site-sidebar-layout":"default","site-content-layout":"","ast-site-content-layout":"default","site-content-style":"default","site-sidebar-style":"default","ast-global-header-display":"","ast-banner-title-visibility":"","ast-main-header-display":"","ast-hfb-above-header-display":"","ast-hfb-below-header-display":"","ast-hfb-mobile-header-display":"","site-post-title":"","ast-breadcrumbs-content":"","ast-featured-img":"","footer-sml-layout":"","theme-transparent-header-meta":"","adv-header-id-meta":"","stick-header-meta":"","header-above-stick-meta":"","header-main-stick-meta":"","header-below-stick-meta":"","astra-migrate-meta-layouts":"default","ast-page-background-enabled":"default","ast-page-background-meta":{"desktop":{"background-color":"var(--ast-global-color-5)","background-image":"","background-repeat":"repeat","background-position":"center center","background-size":"auto","background-attachment":"scroll","background-type":"","background-media":"","overlay-type":"","overlay-color":"","overlay-opacity":"","overlay-gradient":""},"tablet":{"background-color":"","background-image":"","background-repeat":"repeat","background-position":"center center","background-size":"auto","background-attachment":"scroll","background-type":"","background-media":"","overlay-type":"","overlay-color":"","overlay-opacity":"","overlay-gradient":""},"mobile":{"background-color":"","background-image":"","background-repeat":"repeat","background-position":"center center","background-size":"auto","background-attachment":"scroll","background-type":"","background-media":"","overlay-type":"","overlay-color":"","overlay-opacity":"","overlay-gradient":""}},"ast-content-background-meta":{"desktop":{"background-color":"var(--ast-global-color-4)","background-image":"","background-repeat":"repeat","background-position":"center center","background-size":"auto","background-attachment":"scroll","background-type":"","background-media":"","overlay-type":"","overlay-color":"","overlay-opacity":"","overlay-gradient":""},"tablet":{"background-color":"var(--ast-global-color-4)","background-image":"","background-repeat":"repeat","background-position":"center center","background-size":"auto","background-attachment":"scroll","background-type":"","background-media":"","overlay-type":"","overlay-color":"","overlay-opacity":"","overlay-gradient":""},"mobile":{"background-color":"var(--ast-global-color-4)","background-image":"","background-repeat":"repeat","background-position":"center center","background-size":"auto","background-attachment":"scroll","background-type":"","background-media":"","overlay-type":"","overlay-color":"","overlay-opacity":"","overlay-gradient":""}},"footnotes":""},"categories":[1],"tags":[],"class_list":["post-28275","page","type-page","status-publish","hentry","category-uncategorized"],"yoast_head":"<!-- This site is optimized with the Yoast SEO Premium plugin v27.4 (Yoast SEO v27.4) - https:\/\/yoast.com\/product\/yoast-seo-premium-wordpress\/ -->\n<title>Non-Profit Lottery - City of Miami Beach<\/title>\n<meta name=\"description\" content=\"%\" \/>\n<meta name=\"robots\" content=\"index, follow, max-snippet:-1, max-image-preview:large, max-video-preview:-1\" \/>\n<link rel=\"canonical\" href=\"https:\/\/www.miamibeachfl.gov\/fr\/non-profit-lottery\/\" \/>\n<meta property=\"og:locale\" content=\"fr_FR\" \/>\n<meta property=\"og:type\" content=\"article\" \/>\n<meta property=\"og:title\" content=\"Non-Profit Lottery\" \/>\n<meta property=\"og:description\" content=\"%\" \/>\n<meta property=\"og:url\" content=\"https:\/\/www.miamibeachfl.gov\/fr\/non-profit-lottery\/\" \/>\n<meta property=\"og:site_name\" content=\"City of Miami Beach\" \/>\n<meta property=\"article:publisher\" content=\"https:\/\/www.facebook.com\/cityofmiamibeach\" \/>\n<meta property=\"article:modified_time\" content=\"2025-10-08T14:50:00+00:00\" \/>\n<meta property=\"og:image\" content=\"https:\/\/www.miamibeachfl.gov\/wp-content\/uploads\/2022\/07\/hero-small.jpg\" \/>\n<meta name=\"twitter:card\" content=\"summary_large_image\" \/>\n<meta name=\"twitter:site\" content=\"@Miamibeachnews\" \/>\n<script type=\"application\/ld+json\" class=\"yoast-schema-graph\">{\"@context\":\"https:\\\/\\\/schema.org\",\"@graph\":[{\"@type\":\"WebPage\",\"@id\":\"https:\\\/\\\/www.miamibeachfl.gov\\\/non-profit-lottery\\\/\",\"url\":\"https:\\\/\\\/www.miamibeachfl.gov\\\/non-profit-lottery\\\/\",\"name\":\"Non-Profit Lottery - City of Miami Beach\",\"isPartOf\":{\"@id\":\"https:\\\/\\\/www.miamibeachfl.gov\\\/#website\"},\"primaryImageOfPage\":{\"@id\":\"https:\\\/\\\/www.miamibeachfl.gov\\\/non-profit-lottery\\\/#primaryimage\"},\"image\":{\"@id\":\"https:\\\/\\\/www.miamibeachfl.gov\\\/non-profit-lottery\\\/#primaryimage\"},\"thumbnailUrl\":\"https:\\\/\\\/www.miamibeachfl.gov\\\/wp-content\\\/uploads\\\/2022\\\/07\\\/hero-small.jpg\",\"datePublished\":\"2017-08-11T00:02:37+00:00\",\"dateModified\":\"2025-10-08T14:50:00+00:00\",\"description\":\"%\",\"breadcrumb\":{\"@id\":\"https:\\\/\\\/www.miamibeachfl.gov\\\/non-profit-lottery\\\/#breadcrumb\"},\"inLanguage\":\"fr-FR\",\"potentialAction\":[{\"@type\":\"ReadAction\",\"target\":[\"https:\\\/\\\/www.miamibeachfl.gov\\\/non-profit-lottery\\\/\"]}]},{\"@type\":\"ImageObject\",\"inLanguage\":\"fr-FR\",\"@id\":\"https:\\\/\\\/www.miamibeachfl.gov\\\/non-profit-lottery\\\/#primaryimage\",\"url\":\"https:\\\/\\\/www.miamibeachfl.gov\\\/wp-content\\\/uploads\\\/2022\\\/07\\\/hero-small.jpg\",\"contentUrl\":\"https:\\\/\\\/www.miamibeachfl.gov\\\/wp-content\\\/uploads\\\/2022\\\/07\\\/hero-small.jpg\"},{\"@type\":\"BreadcrumbList\",\"@id\":\"https:\\\/\\\/www.miamibeachfl.gov\\\/non-profit-lottery\\\/#breadcrumb\",\"itemListElement\":[{\"@type\":\"ListItem\",\"position\":1,\"name\":\"Home\",\"item\":\"https:\\\/\\\/www.miamibeachfl.gov\\\/\"},{\"@type\":\"ListItem\",\"position\":2,\"name\":\"Non-Profit Lottery\"}]},{\"@type\":\"WebSite\",\"@id\":\"https:\\\/\\\/www.miamibeachfl.gov\\\/#website\",\"url\":\"https:\\\/\\\/www.miamibeachfl.gov\\\/\",\"name\":\"City of Miami Beach\",\"description\":\"The official website of the City of Miami Beach. Stay informed, find important information on city services, news, alerts, events, trolley routes, government employment and more.\",\"publisher\":{\"@id\":\"https:\\\/\\\/www.miamibeachfl.gov\\\/#organization\"},\"potentialAction\":[{\"@type\":\"SearchAction\",\"target\":{\"@type\":\"EntryPoint\",\"urlTemplate\":\"https:\\\/\\\/www.miamibeachfl.gov\\\/?s={search_term_string}\"},\"query-input\":{\"@type\":\"PropertyValueSpecification\",\"valueRequired\":true,\"valueName\":\"search_term_string\"}}],\"inLanguage\":\"fr-FR\"},{\"@type\":\"Organization\",\"@id\":\"https:\\\/\\\/www.miamibeachfl.gov\\\/#organization\",\"name\":\"City of Miami Beach\",\"url\":\"https:\\\/\\\/www.miamibeachfl.gov\\\/\",\"logo\":{\"@type\":\"ImageObject\",\"inLanguage\":\"fr-FR\",\"@id\":\"https:\\\/\\\/www.miamibeachfl.gov\\\/#\\\/schema\\\/logo\\\/image\\\/\",\"url\":\"https:\\\/\\\/www.miamibeachfl.gov\\\/wp-content\\\/uploads\\\/2022\\\/06\\\/miamibeach-logoblue.png\",\"contentUrl\":\"https:\\\/\\\/www.miamibeachfl.gov\\\/wp-content\\\/uploads\\\/2022\\\/06\\\/miamibeach-logoblue.png\",\"width\":1962,\"height\":381,\"caption\":\"City of Miami Beach\"},\"image\":{\"@id\":\"https:\\\/\\\/www.miamibeachfl.gov\\\/#\\\/schema\\\/logo\\\/image\\\/\"},\"sameAs\":[\"https:\\\/\\\/www.facebook.com\\\/cityofmiamibeach\",\"https:\\\/\\\/x.com\\\/Miamibeachnews\",\"https:\\\/\\\/www.instagram.com\\\/miamibeachnews\\\/\"],\"description\":\"The official website of the City of Miami Beach. Stay informed, find important information on city services, news, alerts, events, trolley routes, government employment and more.\",\"telephone\":\"305.604.CITY(2489)\",\"legalName\":\"City of Miami Beach\"}]}<\/script>\n<!-- \/ Yoast SEO Premium plugin. -->","yoast_head_json":{"title":"Loterie \u00e0 but non lucratif \u2013 Ville de Miami Beach","description":"%","robots":{"index":"index","follow":"follow","max-snippet":"max-snippet:-1","max-image-preview":"max-image-preview:large","max-video-preview":"max-video-preview:-1"},"canonical":"https:\/\/www.miamibeachfl.gov\/fr\/non-profit-lottery\/","og_locale":"fr_FR","og_type":"article","og_title":"Non-Profit Lottery","og_description":"%","og_url":"https:\/\/www.miamibeachfl.gov\/fr\/non-profit-lottery\/","og_site_name":"City of Miami Beach","article_publisher":"https:\/\/www.facebook.com\/cityofmiamibeach","article_modified_time":"2025-10-08T14:50:00+00:00","og_image":[{"url":"https:\/\/www.miamibeachfl.gov\/wp-content\/uploads\/2022\/07\/hero-small.jpg","type":"","width":"","height":""}],"twitter_card":"summary_large_image","twitter_site":"@Miamibeachnews","schema":{"@context":"https:\/\/schema.org","@graph":[{"@type":"WebPage","@id":"https:\/\/www.miamibeachfl.gov\/non-profit-lottery\/","url":"https:\/\/www.miamibeachfl.gov\/non-profit-lottery\/","name":"Loterie \u00e0 but non lucratif \u2013 Ville de Miami Beach","isPartOf":{"@id":"https:\/\/www.miamibeachfl.gov\/#website"},"primaryImageOfPage":{"@id":"https:\/\/www.miamibeachfl.gov\/non-profit-lottery\/#primaryimage"},"image":{"@id":"https:\/\/www.miamibeachfl.gov\/non-profit-lottery\/#primaryimage"},"thumbnailUrl":"https:\/\/www.miamibeachfl.gov\/wp-content\/uploads\/2022\/07\/hero-small.jpg","datePublished":"2017-08-11T00:02:37+00:00","dateModified":"2025-10-08T14:50:00+00:00","description":"%","breadcrumb":{"@id":"https:\/\/www.miamibeachfl.gov\/non-profit-lottery\/#breadcrumb"},"inLanguage":"fr-FR","potentialAction":[{"@type":"ReadAction","target":["https:\/\/www.miamibeachfl.gov\/non-profit-lottery\/"]}]},{"@type":"ImageObject","inLanguage":"fr-FR","@id":"https:\/\/www.miamibeachfl.gov\/non-profit-lottery\/#primaryimage","url":"https:\/\/www.miamibeachfl.gov\/wp-content\/uploads\/2022\/07\/hero-small.jpg","contentUrl":"https:\/\/www.miamibeachfl.gov\/wp-content\/uploads\/2022\/07\/hero-small.jpg"},{"@type":"BreadcrumbList","@id":"https:\/\/www.miamibeachfl.gov\/non-profit-lottery\/#breadcrumb","itemListElement":[{"@type":"ListItem","position":1,"name":"Home","item":"https:\/\/www.miamibeachfl.gov\/"},{"@type":"ListItem","position":2,"name":"Non-Profit Lottery"}]},{"@type":"WebSite","@id":"https:\/\/www.miamibeachfl.gov\/#website","url":"https:\/\/www.miamibeachfl.gov\/","name":"Ville de Miami Beach","description":"Site officiel de la ville de Miami Beach. Restez inform\u00e9 et trouvez des informations importantes sur les services municipaux, les actualit\u00e9s, les alertes, les \u00e9v\u00e9nements, les itin\u00e9raires de tramway, les emplois gouvernementaux et bien plus encore.","publisher":{"@id":"https:\/\/www.miamibeachfl.gov\/#organization"},"potentialAction":[{"@type":"SearchAction","target":{"@type":"EntryPoint","urlTemplate":"https:\/\/www.miamibeachfl.gov\/?s={search_term_string}"},"query-input":{"@type":"PropertyValueSpecification","valueRequired":true,"valueName":"search_term_string"}}],"inLanguage":"fr-FR"},{"@type":"Organization","@id":"https:\/\/www.miamibeachfl.gov\/#organization","name":"Ville de Miami Beach","url":"https:\/\/www.miamibeachfl.gov\/","logo":{"@type":"ImageObject","inLanguage":"fr-FR","@id":"https:\/\/www.miamibeachfl.gov\/#\/schema\/logo\/image\/","url":"https:\/\/www.miamibeachfl.gov\/wp-content\/uploads\/2022\/06\/miamibeach-logoblue.png","contentUrl":"https:\/\/www.miamibeachfl.gov\/wp-content\/uploads\/2022\/06\/miamibeach-logoblue.png","width":1962,"height":381,"caption":"City of Miami Beach"},"image":{"@id":"https:\/\/www.miamibeachfl.gov\/#\/schema\/logo\/image\/"},"sameAs":["https:\/\/www.facebook.com\/cityofmiamibeach","https:\/\/x.com\/Miamibeachnews","https:\/\/www.instagram.com\/miamibeachnews\/"],"description":"Site officiel de la ville de Miami Beach. Restez inform\u00e9 et trouvez des informations importantes sur les services municipaux, les actualit\u00e9s, les alertes, les \u00e9v\u00e9nements, les itin\u00e9raires de tramway, les emplois gouvernementaux et bien plus encore.","telephone":"305.604.CITY(2489)","legalName":"City of Miami Beach"}]}},"_links":{"self":[{"href":"https:\/\/www.miamibeachfl.gov\/fr\/wp-json\/wp\/v2\/pages\/28275","targetHints":{"allow":["GET"]}}],"collection":[{"href":"https:\/\/www.miamibeachfl.gov\/fr\/wp-json\/wp\/v2\/pages"}],"about":[{"href":"https:\/\/www.miamibeachfl.gov\/fr\/wp-json\/wp\/v2\/types\/page"}],"author":[{"embeddable":true,"href":"https:\/\/www.miamibeachfl.gov\/fr\/wp-json\/wp\/v2\/users\/222"}],"replies":[{"embeddable":true,"href":"https:\/\/www.miamibeachfl.gov\/fr\/wp-json\/wp\/v2\/comments?post=28275"}],"version-history":[{"count":3,"href":"https:\/\/www.miamibeachfl.gov\/fr\/wp-json\/wp\/v2\/pages\/28275\/revisions"}],"predecessor-version":[{"id":390051,"href":"https:\/\/www.miamibeachfl.gov\/fr\/wp-json\/wp\/v2\/pages\/28275\/revisions\/390051"}],"wp:attachment":[{"href":"https:\/\/www.miamibeachfl.gov\/fr\/wp-json\/wp\/v2\/media?parent=28275"}],"wp:term":[{"taxonomy":"category","embeddable":true,"href":"https:\/\/www.miamibeachfl.gov\/fr\/wp-json\/wp\/v2\/categories?post=28275"},{"taxonomy":"post_tag","embeddable":true,"href":"https:\/\/www.miamibeachfl.gov\/fr\/wp-json\/wp\/v2\/tags?post=28275"}],"curies":[{"name":"wp","href":"https:\/\/api.w.org\/{rel}","templated":true}]}}