{"id":28292,"date":"2017-08-11T00:02:48","date_gmt":"2017-08-11T00:02:48","guid":{"rendered":"http:\/\/www.miamibeachfl.gov\/city-hall\/office-of-budget-peformance\/budget\/financial-policies\/proposed-operating-budget-resolutions-fy-2012-2013\/"},"modified":"2025-02-21T11:22:34","modified_gmt":"2025-02-21T16:22:34","slug":"proposed-operating-budget-resolutions-fy-2012-2013","status":"publish","type":"page","link":"https:\/\/www.miamibeachfl.gov\/fr\/city-hall\/office-of-budget-peformance\/budget\/budget-archive\/proposed-operating-budget-resolutions-fy-2012-2013\/","title":{"rendered":"Propositions de r\u00e9solutions relatives au budget de fonctionnement pour l&#039;exercice 2012-2013"},"content":{"rendered":"<img loading=\"lazy\" decoding=\"async\" src=\"https:\/\/www.miamibeachfl.gov\/wp-content\/uploads\/2022\/07\/hero-small.jpg\" alt=\"ocean drive art deco buildings\" itemprop=\"image\" height=\"211\" width=\"2395\" title=\"petit h\u00e9ros\" onerror=\"this.style.display='none'\"  \/>\n<h1>\n\t\tPropositions de r\u00e9solutions relatives au budget de fonctionnement pour l&#039;exercice 2012-2013\n\t<\/h1>\n\t<nav id=\"breadcrumbs\" aria-label=\"Fil d&#039;Ariane\"><a href=\"https:\/\/www.miamibeachfl.gov\/fr\/\">Maison<\/a> &gt; <a href=\"https:\/\/www.miamibeachfl.gov\/fr\/city-hall\/\">l&#039;h\u00f4tel de ville<\/a> &gt; <a href=\"https:\/\/www.miamibeachfl.gov\/fr\/city-hall\/office-of-budget-peformance\/\">Bureau de la gestion et du budget<\/a> &gt; <a href=\"https:\/\/www.miamibeachfl.gov\/fr\/city-hall\/office-of-budget-peformance\/budget\/\">Budget<\/a> &gt; <a href=\"https:\/\/www.miamibeachfl.gov\/fr\/city-hall\/office-of-budget-peformance\/budget\/budget-archive\/\">Archives budg\u00e9taires<\/a> &gt; <strong>Propositions de r\u00e9solutions relatives au budget de fonctionnement pour l&#039;exercice 2012-2013<\/strong><\/nav>\n\t2012-27998\u00a0\u00a0\u00a0\u00a0\u00a0<a title=\"R\u00c9SOLUTION 2012-27998\" href=\"\/wp-content\/uploads\/2017\/08\/2012-27998-RESOLUTION.pdf\" target=\"_blank\" rel=\"noopener\">R\u00e9solution modifiant le taux de taxation propos\u00e9 pour l&#039;exercice 2012\/2013<\/a><br \/>\n2012-27999\u00a0\u00a0\u00a0\u00a0\u00a0<a title=\"R\u00e9solution 2012-27999\" href=\"\/wp-content\/uploads\/2017\/08\/Reso-2012-27999.pdf\" target=\"_blank\" rel=\"noopener\">R\u00e9solution adoptant les budgets provisoires pour l&#039;exercice 2012\/2013<\/a>\n\t\tAcc\u00e9der \u00e0\u2026\t\t\t\n\t\t\t\t\t<ul id=\"menu-budget-archive\"><li id=\"menu-item-363476\"><a href=\"https:\/\/www.miamibeachfl.gov\/fr\/city-hall\/office-of-budget-peformance\/budget\/budget-archive\/budget-amendments-resolutions-fy18-19\/\">Amendements et r\u00e9solutions budg\u00e9taires pour l&#039;exercice 2018\/2019<\/a><\/li>\n<li id=\"menu-item-363477\"><a href=\"https:\/\/www.miamibeachfl.gov\/fr\/city-hall\/office-of-budget-peformance\/budget\/budget-archive\/budget-resolutions-fy-2010-2011\/\">R\u00e9solutions budg\u00e9taires pour l&#039;exercice 2010-2011<\/a><\/li>\n<li id=\"menu-item-363478\"><a href=\"https:\/\/www.miamibeachfl.gov\/fr\/city-hall\/office-of-budget-peformance\/budget\/budget-archive\/budget-resolutions-fy-2012-2013\/\">R\u00e9solutions budg\u00e9taires pour l&#039;exercice 2012-2013<\/a><\/li>\n<li id=\"menu-item-363479\"><a href=\"https:\/\/www.miamibeachfl.gov\/fr\/city-hall\/office-of-budget-peformance\/budget\/budget-archive\/capital-budget-resolutions-fy-2012-2013\/\">R\u00e9solutions budg\u00e9taires d&#039;investissement pour l&#039;exercice 2012-2013<\/a><\/li>\n<li id=\"menu-item-363480\"><a href=\"https:\/\/www.miamibeachfl.gov\/fr\/city-hall\/office-of-budget-peformance\/budget\/budget-archive\/fy-2013-2014-budget-amendment\/\">Modification du budget pour l&#039;exercice 2013-2014<\/a><\/li>\n<li id=\"menu-item-363481\"><a href=\"https:\/\/www.miamibeachfl.gov\/fr\/city-hall\/office-of-budget-peformance\/budget\/budget-archive\/fy-2013-2014-final-capital-budget-amendments\/\">Modifications d\u00e9finitives du budget d&#039;investissement pour l&#039;exercice 2013-2014<\/a><\/li>\n<li id=\"menu-item-363482\"><a href=\"https:\/\/www.miamibeachfl.gov\/fr\/city-hall\/office-of-budget-peformance\/budget\/budget-archive\/fy-2014-2015-budget-amendments-resolutions\/\">R\u00e9solutions portant modification du budget de l&#039;exercice 2014-2015<\/a><\/li>\n<li id=\"menu-item-363483\"><a href=\"https:\/\/www.miamibeachfl.gov\/fr\/city-hall\/office-of-budget-peformance\/budget\/budget-archive\/fy-2015-2016-budget-amendments-resolutions\/\">R\u00e9solutions portant modification du budget de l&#039;exercice 2015-2016<\/a><\/li>\n<li id=\"menu-item-363484\"><a href=\"https:\/\/www.miamibeachfl.gov\/fr\/city-hall\/office-of-budget-peformance\/budget\/budget-archive\/fy-201718-budget-amendments-resolutions\/\">Exercice 2017\/18\u00a0: Amendements et r\u00e9solutions budg\u00e9taires<\/a><\/li>\n<li id=\"menu-item-363485\"><a href=\"https:\/\/www.miamibeachfl.gov\/fr\/city-hall\/office-of-budget-peformance\/budget\/budget-archive\/operating-budget-resolutions-fy-2012-2013\/\">R\u00e9solutions relatives au budget de fonctionnement pour l&#039;exercice 2012-2013<\/a><\/li>\n<li id=\"menu-item-363486\"><a href=\"https:\/\/www.miamibeachfl.gov\/fr\/city-hall\/office-of-budget-peformance\/budget\/budget-archive\/proposed-operating-budget-resolutions-fy-2012-2013\/\">Propositions de r\u00e9solutions relatives au budget de fonctionnement pour l&#039;exercice 2012-2013<\/a><\/li>\n<\/ul>\t\n\t<div class=\"page-navigation\"><a class=\"prev-page\" href=\"https:\/\/www.miamibeachfl.gov\/fr\/city-hall\/office-of-budget-peformance\/budget\/financial-policies\/\">\u2190 Politiques financi\u00e8res<\/a> <a class=\"next-page\" href=\"https:\/\/www.miamibeachfl.gov\/fr\/city-hall\/office-of-budget-peformance\/budget\/budget-archive\/budget-resolutions-fy-2010-2011\/\">R\u00e9solutions budg\u00e9taires pour l&#039;exercice 2010-2011 \u2192<\/a><\/div>","protected":false},"excerpt":{"rendered":"<p>Proposed Operating Budget Resolutions FY 2012 2013 Home &gt; City Hall &gt; Office of Management &amp; Budget &gt; Budget &gt; [&hellip;]<\/p>\n","protected":false},"author":222,"featured_media":0,"parent":28302,"menu_order":175,"comment_status":"closed","ping_status":"closed","template":"page-blank.php","meta":{"_searchwp_excluded":"","site-sidebar-layout":"default","site-content-layout":"","ast-site-content-layout":"default","site-content-style":"default","site-sidebar-style":"default","ast-global-header-display":"","ast-banner-title-visibility":"","ast-main-header-display":"","ast-hfb-above-header-display":"","ast-hfb-below-header-display":"","ast-hfb-mobile-header-display":"","site-post-title":"","ast-breadcrumbs-content":"","ast-featured-img":"","footer-sml-layout":"","theme-transparent-header-meta":"","adv-header-id-meta":"","stick-header-meta":"","header-above-stick-meta":"","header-main-stick-meta":"","header-below-stick-meta":"","astra-migrate-meta-layouts":"default","ast-page-background-enabled":"default","ast-page-background-meta":{"desktop":{"background-color":"var(--ast-global-color-5)","background-image":"","background-repeat":"repeat","background-position":"center center","background-size":"auto","background-attachment":"scroll","background-type":"","background-media":"","overlay-type":"","overlay-color":"","overlay-opacity":"","overlay-gradient":""},"tablet":{"background-color":"","background-image":"","background-repeat":"repeat","background-position":"center center","background-size":"auto","background-attachment":"scroll","background-type":"","background-media":"","overlay-type":"","overlay-color":"","overlay-opacity":"","overlay-gradient":""},"mobile":{"background-color":"","background-image":"","background-repeat":"repeat","background-position":"center center","background-size":"auto","background-attachment":"scroll","background-type":"","background-media":"","overlay-type":"","overlay-color":"","overlay-opacity":"","overlay-gradient":""}},"ast-content-background-meta":{"desktop":{"background-color":"var(--ast-global-color-4)","background-image":"","background-repeat":"repeat","background-position":"center center","background-size":"auto","background-attachment":"scroll","background-type":"","background-media":"","overlay-type":"","overlay-color":"","overlay-opacity":"","overlay-gradient":""},"tablet":{"background-color":"var(--ast-global-color-4)","background-image":"","background-repeat":"repeat","background-position":"center center","background-size":"auto","background-attachment":"scroll","background-type":"","background-media":"","overlay-type":"","overlay-color":"","overlay-opacity":"","overlay-gradient":""},"mobile":{"background-color":"var(--ast-global-color-4)","background-image":"","background-repeat":"repeat","background-position":"center center","background-size":"auto","background-attachment":"scroll","background-type":"","background-media":"","overlay-type":"","overlay-color":"","overlay-opacity":"","overlay-gradient":""}},"footnotes":""},"categories":[],"tags":[],"class_list":["post-28292","page","type-page","status-publish","hentry"],"yoast_head":"<!-- This site is optimized with the Yoast SEO Premium plugin v26.6 (Yoast SEO v26.6) - https:\/\/yoast.com\/wordpress\/plugins\/seo\/ -->\n<title>Proposed Operating Budget Resolutions FY 2012 2013 - City of Miami Beach<\/title>\n<meta name=\"description\" content=\"%\" \/>\n<meta name=\"robots\" content=\"index, follow, max-snippet:-1, max-image-preview:large, max-video-preview:-1\" \/>\n<link rel=\"canonical\" href=\"https:\/\/www.miamibeachfl.gov\/fr\/city-hall\/office-of-budget-peformance\/budget\/budget-archive\/proposed-operating-budget-resolutions-fy-2012-2013\/\" \/>\n<meta property=\"og:locale\" content=\"fr_FR\" \/>\n<meta property=\"og:type\" content=\"article\" \/>\n<meta property=\"og:title\" content=\"Proposed Operating Budget Resolutions FY 2012 2013\" \/>\n<meta property=\"og:description\" content=\"%\" \/>\n<meta property=\"og:url\" content=\"https:\/\/www.miamibeachfl.gov\/fr\/city-hall\/office-of-budget-peformance\/budget\/budget-archive\/proposed-operating-budget-resolutions-fy-2012-2013\/\" \/>\n<meta property=\"og:site_name\" content=\"City of Miami Beach\" \/>\n<meta property=\"article:publisher\" content=\"https:\/\/www.facebook.com\/cityofmiamibeach\" \/>\n<meta property=\"article:modified_time\" content=\"2025-02-21T16:22:34+00:00\" \/>\n<meta property=\"og:image\" content=\"https:\/\/www.miamibeachfl.gov\/wp-content\/uploads\/2022\/07\/hero-small.jpg\" \/>\n<meta name=\"twitter:card\" content=\"summary_large_image\" \/>\n<meta name=\"twitter:site\" content=\"@Miamibeachnews\" \/>\n<script type=\"application\/ld+json\" class=\"yoast-schema-graph\">{\"@context\":\"https:\/\/schema.org\",\"@graph\":[{\"@type\":\"WebPage\",\"@id\":\"https:\/\/www.miamibeachfl.gov\/city-hall\/office-of-budget-peformance\/budget\/budget-archive\/proposed-operating-budget-resolutions-fy-2012-2013\/\",\"url\":\"https:\/\/www.miamibeachfl.gov\/city-hall\/office-of-budget-peformance\/budget\/budget-archive\/proposed-operating-budget-resolutions-fy-2012-2013\/\",\"name\":\"Proposed Operating Budget Resolutions FY 2012 2013 - City of Miami Beach\",\"isPartOf\":{\"@id\":\"https:\/\/www.miamibeachfl.gov\/#website\"},\"primaryImageOfPage\":{\"@id\":\"https:\/\/www.miamibeachfl.gov\/city-hall\/office-of-budget-peformance\/budget\/budget-archive\/proposed-operating-budget-resolutions-fy-2012-2013\/#primaryimage\"},\"image\":{\"@id\":\"https:\/\/www.miamibeachfl.gov\/city-hall\/office-of-budget-peformance\/budget\/budget-archive\/proposed-operating-budget-resolutions-fy-2012-2013\/#primaryimage\"},\"thumbnailUrl\":\"https:\/\/www.miamibeachfl.gov\/wp-content\/uploads\/2022\/07\/hero-small.jpg\",\"datePublished\":\"2017-08-11T00:02:48+00:00\",\"dateModified\":\"2025-02-21T16:22:34+00:00\",\"description\":\"%\",\"breadcrumb\":{\"@id\":\"https:\/\/www.miamibeachfl.gov\/city-hall\/office-of-budget-peformance\/budget\/budget-archive\/proposed-operating-budget-resolutions-fy-2012-2013\/#breadcrumb\"},\"inLanguage\":\"fr-FR\",\"potentialAction\":[{\"@type\":\"ReadAction\",\"target\":[\"https:\/\/www.miamibeachfl.gov\/city-hall\/office-of-budget-peformance\/budget\/budget-archive\/proposed-operating-budget-resolutions-fy-2012-2013\/\"]}]},{\"@type\":\"ImageObject\",\"inLanguage\":\"fr-FR\",\"@id\":\"https:\/\/www.miamibeachfl.gov\/city-hall\/office-of-budget-peformance\/budget\/budget-archive\/proposed-operating-budget-resolutions-fy-2012-2013\/#primaryimage\",\"url\":\"https:\/\/www.miamibeachfl.gov\/wp-content\/uploads\/2022\/07\/hero-small.jpg\",\"contentUrl\":\"https:\/\/www.miamibeachfl.gov\/wp-content\/uploads\/2022\/07\/hero-small.jpg\"},{\"@type\":\"BreadcrumbList\",\"@id\":\"https:\/\/www.miamibeachfl.gov\/city-hall\/office-of-budget-peformance\/budget\/budget-archive\/proposed-operating-budget-resolutions-fy-2012-2013\/#breadcrumb\",\"itemListElement\":[{\"@type\":\"ListItem\",\"position\":1,\"name\":\"Home\",\"item\":\"https:\/\/www.miamibeachfl.gov\/\"},{\"@type\":\"ListItem\",\"position\":2,\"name\":\"City Hall\",\"item\":\"https:\/\/www.miamibeachfl.gov\/city-hall\/\"},{\"@type\":\"ListItem\",\"position\":3,\"name\":\"Management &amp; Budget\",\"item\":\"https:\/\/www.miamibeachfl.gov\/city-hall\/office-of-budget-peformance\/\"},{\"@type\":\"ListItem\",\"position\":4,\"name\":\"Budget\",\"item\":\"https:\/\/www.miamibeachfl.gov\/city-hall\/office-of-budget-peformance\/budget\/\"},{\"@type\":\"ListItem\",\"position\":5,\"name\":\"Budget Archive\",\"item\":\"https:\/\/www.miamibeachfl.gov\/city-hall\/office-of-budget-peformance\/budget\/budget-archive\/\"},{\"@type\":\"ListItem\",\"position\":6,\"name\":\"Proposed Operating Budget Resolutions FY 2012 2013\"}]},{\"@type\":\"WebSite\",\"@id\":\"https:\/\/www.miamibeachfl.gov\/#website\",\"url\":\"https:\/\/www.miamibeachfl.gov\/\",\"name\":\"City of Miami Beach\",\"description\":\"The official website of the City of Miami Beach. Stay informed, find important information on city services, news, alerts, events, trolley routes, government employment and more.\",\"publisher\":{\"@id\":\"https:\/\/www.miamibeachfl.gov\/#organization\"},\"potentialAction\":[{\"@type\":\"SearchAction\",\"target\":{\"@type\":\"EntryPoint\",\"urlTemplate\":\"https:\/\/www.miamibeachfl.gov\/?s={search_term_string}\"},\"query-input\":{\"@type\":\"PropertyValueSpecification\",\"valueRequired\":true,\"valueName\":\"search_term_string\"}}],\"inLanguage\":\"fr-FR\"},{\"@type\":\"Organization\",\"@id\":\"https:\/\/www.miamibeachfl.gov\/#organization\",\"name\":\"City of Miami Beach\",\"url\":\"https:\/\/www.miamibeachfl.gov\/\",\"logo\":{\"@type\":\"ImageObject\",\"inLanguage\":\"fr-FR\",\"@id\":\"https:\/\/www.miamibeachfl.gov\/#\/schema\/logo\/image\/\",\"url\":\"https:\/\/www.miamibeachfl.gov\/wp-content\/uploads\/2022\/06\/miamibeach-logoblue.png\",\"contentUrl\":\"https:\/\/www.miamibeachfl.gov\/wp-content\/uploads\/2022\/06\/miamibeach-logoblue.png\",\"width\":1962,\"height\":381,\"caption\":\"City of Miami Beach\"},\"image\":{\"@id\":\"https:\/\/www.miamibeachfl.gov\/#\/schema\/logo\/image\/\"},\"sameAs\":[\"https:\/\/www.facebook.com\/cityofmiamibeach\",\"https:\/\/x.com\/Miamibeachnews\",\"https:\/\/www.instagram.com\/miamibeachnews\/\"],\"description\":\"The official website of the City of Miami Beach. Stay informed, find important information on city services, news, alerts, events, trolley routes, government employment and more.\",\"telephone\":\"305.604.CITY(2489)\",\"legalName\":\"City of Miami Beach\"}]}<\/script>\n<!-- \/ Yoast SEO Premium plugin. -->","yoast_head_json":{"title":"Projet de r\u00e9solutions relatives au budget de fonctionnement pour l&#039;exercice 2012-2013 - Ville de Miami Beach","description":"%","robots":{"index":"index","follow":"follow","max-snippet":"max-snippet:-1","max-image-preview":"max-image-preview:large","max-video-preview":"max-video-preview:-1"},"canonical":"https:\/\/www.miamibeachfl.gov\/fr\/city-hall\/office-of-budget-peformance\/budget\/budget-archive\/proposed-operating-budget-resolutions-fy-2012-2013\/","og_locale":"fr_FR","og_type":"article","og_title":"Proposed Operating Budget Resolutions FY 2012 2013","og_description":"%","og_url":"https:\/\/www.miamibeachfl.gov\/fr\/city-hall\/office-of-budget-peformance\/budget\/budget-archive\/proposed-operating-budget-resolutions-fy-2012-2013\/","og_site_name":"City of Miami Beach","article_publisher":"https:\/\/www.facebook.com\/cityofmiamibeach","article_modified_time":"2025-02-21T16:22:34+00:00","og_image":[{"url":"https:\/\/www.miamibeachfl.gov\/wp-content\/uploads\/2022\/07\/hero-small.jpg","type":"","width":"","height":""}],"twitter_card":"summary_large_image","twitter_site":"@Miamibeachnews","schema":{"@context":"https:\/\/schema.org","@graph":[{"@type":"WebPage","@id":"https:\/\/www.miamibeachfl.gov\/city-hall\/office-of-budget-peformance\/budget\/budget-archive\/proposed-operating-budget-resolutions-fy-2012-2013\/","url":"https:\/\/www.miamibeachfl.gov\/city-hall\/office-of-budget-peformance\/budget\/budget-archive\/proposed-operating-budget-resolutions-fy-2012-2013\/","name":"Projet de r\u00e9solutions relatives au budget de fonctionnement pour l&#039;exercice 2012-2013 - Ville de Miami Beach","isPartOf":{"@id":"https:\/\/www.miamibeachfl.gov\/#website"},"primaryImageOfPage":{"@id":"https:\/\/www.miamibeachfl.gov\/city-hall\/office-of-budget-peformance\/budget\/budget-archive\/proposed-operating-budget-resolutions-fy-2012-2013\/#primaryimage"},"image":{"@id":"https:\/\/www.miamibeachfl.gov\/city-hall\/office-of-budget-peformance\/budget\/budget-archive\/proposed-operating-budget-resolutions-fy-2012-2013\/#primaryimage"},"thumbnailUrl":"https:\/\/www.miamibeachfl.gov\/wp-content\/uploads\/2022\/07\/hero-small.jpg","datePublished":"2017-08-11T00:02:48+00:00","dateModified":"2025-02-21T16:22:34+00:00","description":"%","breadcrumb":{"@id":"https:\/\/www.miamibeachfl.gov\/city-hall\/office-of-budget-peformance\/budget\/budget-archive\/proposed-operating-budget-resolutions-fy-2012-2013\/#breadcrumb"},"inLanguage":"fr-FR","potentialAction":[{"@type":"ReadAction","target":["https:\/\/www.miamibeachfl.gov\/city-hall\/office-of-budget-peformance\/budget\/budget-archive\/proposed-operating-budget-resolutions-fy-2012-2013\/"]}]},{"@type":"ImageObject","inLanguage":"fr-FR","@id":"https:\/\/www.miamibeachfl.gov\/city-hall\/office-of-budget-peformance\/budget\/budget-archive\/proposed-operating-budget-resolutions-fy-2012-2013\/#primaryimage","url":"https:\/\/www.miamibeachfl.gov\/wp-content\/uploads\/2022\/07\/hero-small.jpg","contentUrl":"https:\/\/www.miamibeachfl.gov\/wp-content\/uploads\/2022\/07\/hero-small.jpg"},{"@type":"BreadcrumbList","@id":"https:\/\/www.miamibeachfl.gov\/city-hall\/office-of-budget-peformance\/budget\/budget-archive\/proposed-operating-budget-resolutions-fy-2012-2013\/#breadcrumb","itemListElement":[{"@type":"ListItem","position":1,"name":"Home","item":"https:\/\/www.miamibeachfl.gov\/"},{"@type":"ListItem","position":2,"name":"City Hall","item":"https:\/\/www.miamibeachfl.gov\/city-hall\/"},{"@type":"ListItem","position":3,"name":"Management &amp; Budget","item":"https:\/\/www.miamibeachfl.gov\/city-hall\/office-of-budget-peformance\/"},{"@type":"ListItem","position":4,"name":"Budget","item":"https:\/\/www.miamibeachfl.gov\/city-hall\/office-of-budget-peformance\/budget\/"},{"@type":"ListItem","position":5,"name":"Budget Archive","item":"https:\/\/www.miamibeachfl.gov\/city-hall\/office-of-budget-peformance\/budget\/budget-archive\/"},{"@type":"ListItem","position":6,"name":"Proposed Operating Budget Resolutions FY 2012 2013"}]},{"@type":"WebSite","@id":"https:\/\/www.miamibeachfl.gov\/#website","url":"https:\/\/www.miamibeachfl.gov\/","name":"Ville de Miami Beach","description":"Site officiel de la ville de Miami Beach. Restez inform\u00e9 et trouvez des informations importantes sur les services municipaux, les actualit\u00e9s, les alertes, les \u00e9v\u00e9nements, les itin\u00e9raires de tramway, les emplois gouvernementaux et bien plus encore.","publisher":{"@id":"https:\/\/www.miamibeachfl.gov\/#organization"},"potentialAction":[{"@type":"SearchAction","target":{"@type":"EntryPoint","urlTemplate":"https:\/\/www.miamibeachfl.gov\/?s={search_term_string}"},"query-input":{"@type":"PropertyValueSpecification","valueRequired":true,"valueName":"search_term_string"}}],"inLanguage":"fr-FR"},{"@type":"Organization","@id":"https:\/\/www.miamibeachfl.gov\/#organization","name":"Ville de Miami Beach","url":"https:\/\/www.miamibeachfl.gov\/","logo":{"@type":"ImageObject","inLanguage":"fr-FR","@id":"https:\/\/www.miamibeachfl.gov\/#\/schema\/logo\/image\/","url":"https:\/\/www.miamibeachfl.gov\/wp-content\/uploads\/2022\/06\/miamibeach-logoblue.png","contentUrl":"https:\/\/www.miamibeachfl.gov\/wp-content\/uploads\/2022\/06\/miamibeach-logoblue.png","width":1962,"height":381,"caption":"City of Miami Beach"},"image":{"@id":"https:\/\/www.miamibeachfl.gov\/#\/schema\/logo\/image\/"},"sameAs":["https:\/\/www.facebook.com\/cityofmiamibeach","https:\/\/x.com\/Miamibeachnews","https:\/\/www.instagram.com\/miamibeachnews\/"],"description":"Site officiel de la ville de Miami Beach. Restez inform\u00e9 et trouvez des informations importantes sur les services municipaux, les actualit\u00e9s, les alertes, les \u00e9v\u00e9nements, les itin\u00e9raires de tramway, les emplois gouvernementaux et bien plus encore.","telephone":"305.604.CITY(2489)","legalName":"City of Miami Beach"}]}},"_links":{"self":[{"href":"https:\/\/www.miamibeachfl.gov\/fr\/wp-json\/wp\/v2\/pages\/28292","targetHints":{"allow":["GET"]}}],"collection":[{"href":"https:\/\/www.miamibeachfl.gov\/fr\/wp-json\/wp\/v2\/pages"}],"about":[{"href":"https:\/\/www.miamibeachfl.gov\/fr\/wp-json\/wp\/v2\/types\/page"}],"author":[{"embeddable":true,"href":"https:\/\/www.miamibeachfl.gov\/fr\/wp-json\/wp\/v2\/users\/222"}],"replies":[{"embeddable":true,"href":"https:\/\/www.miamibeachfl.gov\/fr\/wp-json\/wp\/v2\/comments?post=28292"}],"version-history":[{"count":0,"href":"https:\/\/www.miamibeachfl.gov\/fr\/wp-json\/wp\/v2\/pages\/28292\/revisions"}],"up":[{"embeddable":true,"href":"https:\/\/www.miamibeachfl.gov\/fr\/wp-json\/wp\/v2\/pages\/28302"}],"wp:attachment":[{"href":"https:\/\/www.miamibeachfl.gov\/fr\/wp-json\/wp\/v2\/media?parent=28292"}],"wp:term":[{"taxonomy":"category","embeddable":true,"href":"https:\/\/www.miamibeachfl.gov\/fr\/wp-json\/wp\/v2\/categories?post=28292"},{"taxonomy":"post_tag","embeddable":true,"href":"https:\/\/www.miamibeachfl.gov\/fr\/wp-json\/wp\/v2\/tags?post=28292"}],"curies":[{"name":"wp","href":"https:\/\/api.w.org\/{rel}","templated":true}]}}