{"id":28327,"date":"2017-08-11T00:03:13","date_gmt":"2017-08-11T00:03:13","guid":{"rendered":"http:\/\/www.miamibeachfl.gov\/city-hall\/city-manager\/mission-vision-and-values\/"},"modified":"2025-05-25T15:36:32","modified_gmt":"2025-05-25T19:36:32","slug":"mission-vision-and-values","status":"publish","type":"page","link":"https:\/\/www.miamibeachfl.gov\/fr\/city-hall\/city-manager\/mission-vision-and-values\/","title":{"rendered":"Mission, vision et valeurs"},"content":{"rendered":"<h1  data-animation-delay=\"0\" data-animation-duration=\"1\">\n\t\t\tNotre mission\t<\/h1>\n<h2>\n\t\t\t Nous nous engageons \u00e0 fournir un excellent service public et une s\u00e9curit\u00e9 \u00e0 tous ceux qui vivent, travaillent et jouent dans notre communaut\u00e9 dynamique, tropicale et historique.  \t<\/h2>\nMenu du gestionnaire municipal\t\t\t\n\t\t\t\t\t<ul id=\"menu-city-manager\"><li id=\"menu-item-261275\" aria-haspopup=\"true\"><a aria-expanded=\"false\" href=\"\/fr\/city-hall\/city-manager\/\">Accueil du directeur municipal<\/a>\n<ul>\n\t<li id=\"menu-item-261286\"><a href=\"\/fr\/city-hall\/city-manager\/#citymanagerteam\">\u00c9quipe<\/a><\/li>\n\t<li id=\"menu-item-261591\"><a href=\"\/fr\/city-hall\/city-manager\/organizational-chart\/\">Organigramme<\/a><\/li>\n<\/ul>\n<\/li>\n<li id=\"menu-item-261277\"><a href=\"\/fr\/city-hall\/city-manager\/mission-vision-and-values\/\">Mission\/Vision<\/a><\/li>\n<li id=\"menu-item-261276\"><a href=\"\/fr\/city-hall\/city-manager\/master-plans\/\">Plans directeurs<\/a><\/li>\n<li id=\"menu-item-261278\"><a href=\"https:\/\/www.gombinfo.com\/\">Obligations GO<\/a><\/li>\n<li id=\"menu-item-261280\"><a href=\"\/fr\/residents\/neighborhood-affairs-division\/\">Affaires de quartier<\/a><\/li>\n<\/ul>\t\nMenu du gestionnaire municipal \u00d7\t\t\t\t\t\t<ul id=\"menu-city-manager-1\"><li id=\"menu-item-261275\" aria-haspopup=\"true\"><a aria-expanded=\"false\" href=\"\/fr\/city-hall\/city-manager\/\">Accueil du directeur municipal<\/a>\n<ul>\n\t<li id=\"menu-item-261286\"><a href=\"\/fr\/city-hall\/city-manager\/#citymanagerteam\">\u00c9quipe<\/a><\/li>\n\t<li id=\"menu-item-261591\"><a href=\"\/fr\/city-hall\/city-manager\/organizational-chart\/\">Organigramme<\/a><\/li>\n<\/ul>\n<\/li>\n<li id=\"menu-item-261277\"><a href=\"\/fr\/city-hall\/city-manager\/mission-vision-and-values\/\">Mission\/Vision<\/a><\/li>\n<li id=\"menu-item-261276\"><a href=\"\/fr\/city-hall\/city-manager\/master-plans\/\">Plans directeurs<\/a><\/li>\n<li id=\"menu-item-261278\"><a href=\"https:\/\/www.gombinfo.com\/\">Obligations GO<\/a><\/li>\n<li id=\"menu-item-261280\"><a href=\"\/fr\/residents\/neighborhood-affairs-division\/\">Affaires de quartier<\/a><\/li>\n<\/ul>\t\t\t\t\n\t\t\t<h1  data-animation-delay=\"0\" data-animation-duration=\"1\">\n\t\t\tLa vision\t<\/h1>\n\t<a href=\"https:\/\/www.miamibeachfl.gov\/fr\/business\/\" target=\"_blank\" rel=\"noopener\" aria-label=\"Acc\u00e9dez \u00e0 https:\/\/www.miamibeachfl.gov\/business\"><\/a>\n\t\t\t\t<img decoding=\"async\" src=\"https:\/\/www.miamibeachfl.gov\/wp-content\/uploads\/2023\/05\/icon-vision-properous.png\" alt=\"icon-vision-properous\" title=\"ic\u00f4ne-vision-propre\" itemprop=\"image\"\/>\n\t\t<h3>Une ville prosp\u00e8re<\/h3>\t\t\t\n\t\t\t\t<p>Avec une saveur particuli\u00e8re d&#039;arts, de culture, d&#039;\u00e9ducation et d&#039;affaires.<\/p>\n\t<a href=\"https:\/\/www.miamibeachfl.gov\/fr\/residents\/\" target=\"_self\"  aria-label=\"Acc\u00e9dez \u00e0 https:\/\/www.miamibeachfl.gov\/residents\"><\/a>\n\t\t\t\t<img decoding=\"async\" src=\"https:\/\/www.miamibeachfl.gov\/wp-content\/uploads\/2023\/05\/icon-vision-safecity.png\" alt=\"icon-vision-safecity\" title=\"ic\u00f4ne-vision-s\u00e9curit\u00e9\" itemprop=\"image\"\/>\n\t\t<h3>Une ville s\u00fbre<\/h3>\t\t\t\n\t\t\t\t<p>Avec une mosa\u00efque de r\u00e9sidents profitant de la vie dans des quartiers embl\u00e9matiques et historiques <b>quartiers<\/b>.<\/p>\n\t<a href=\"https:\/\/www.mbrisingabove.com\/\" target=\"_blank\" rel=\"noopener\" aria-label=\"Allez sur https:\/\/www.mbrisingabove.com\/\"><\/a>\n\t\t\t\t<img decoding=\"async\" src=\"https:\/\/www.miamibeachfl.gov\/wp-content\/uploads\/2023\/05\/icon-resilient-resilient.png\" alt=\"icon-resilient-resilient\" title=\"ic\u00f4ne-r\u00e9siliente-r\u00e9siliente\" itemprop=\"image\"\/>\n\t\t<h3>Une ville c\u00f4ti\u00e8re r\u00e9siliente<\/h3>\t\t\t\n\t\t\t\t<p>Avec un environnement florissant et une infrastructure moderne.<\/p>\n\t<a href=\"https:\/\/www.miamibeachfl.gov\/fr\/city-hall\/\" target=\"_blank\" rel=\"noopener\" aria-label=\"Allez sur https:\/\/www.miamibeachfl.gov\/city-hall\/\"><\/a>\n\t\t\t\t<img decoding=\"async\" src=\"https:\/\/www.miamibeachfl.gov\/wp-content\/uploads\/2023\/05\/icon-vision-peoplefirst.png\" alt=\"icon-vision-peoplefirst\" title=\"ic\u00f4ne-vision-peoplefirst\" itemprop=\"image\"\/>\n\t\t<h3>Une ville o\u00f9 les gens sont les premiers<\/h3>\t\t\t\n\t\t\t\t<p>L\u00e0 o\u00f9 le pi\u00e9ton est prioritaire dans les options de mobilit\u00e9 et o\u00f9 les services communautaires sont des voies vers la prosp\u00e9rit\u00e9. <\/p>\n\t<a href=\"https:\/\/www.miamibeachfl.gov\/fr\/services\/\" target=\"_blank\" rel=\"noopener\" aria-label=\"Acc\u00e9dez \u00e0 https:\/\/www.miamibeachfl.gov\/services\/\"><\/a>\n\t\t\t\t<img decoding=\"async\" src=\"https:\/\/www.miamibeachfl.gov\/wp-content\/uploads\/2023\/05\/icon-vision-smartcity.png\" alt=\"icon-vision-smartcity\" title=\"ic\u00f4ne-vision-ville-intelligente\" itemprop=\"image\"\/>\n\t\t<h3>Une ville intelligente<\/h3>\t\t\t\n\t\t\t\t<p>Des services et des employ\u00e9s de haute qualit\u00e9 et efficaces.<\/p>\n<h2>\n\t\t\tMiami Beach \u2013 la ville qui \u00e9voque tous les sens\t<\/h2>","protected":false},"excerpt":{"rendered":"<p>Our Mission We are committed to providing excellent public service and safety to all who live, work, and play in [&hellip;]<\/p>\n","protected":false},"author":222,"featured_media":0,"parent":28325,"menu_order":0,"comment_status":"closed","ping_status":"closed","template":"","meta":{"_searchwp_excluded":"","site-sidebar-layout":"default","site-content-layout":"","ast-site-content-layout":"default","site-content-style":"default","site-sidebar-style":"default","ast-global-header-display":"","ast-banner-title-visibility":"","ast-main-header-display":"","ast-hfb-above-header-display":"","ast-hfb-below-header-display":"","ast-hfb-mobile-header-display":"","site-post-title":"","ast-breadcrumbs-content":"","ast-featured-img":"","footer-sml-layout":"","theme-transparent-header-meta":"","adv-header-id-meta":"","stick-header-meta":"","header-above-stick-meta":"","header-main-stick-meta":"","header-below-stick-meta":"","astra-migrate-meta-layouts":"default","ast-page-background-enabled":"default","ast-page-background-meta":{"desktop":{"background-color":"var(--ast-global-color-5)","background-image":"","background-repeat":"repeat","background-position":"center center","background-size":"auto","background-attachment":"scroll","background-type":"","background-media":"","overlay-type":"","overlay-color":"","overlay-opacity":"","overlay-gradient":""},"tablet":{"background-color":"","background-image":"","background-repeat":"repeat","background-position":"center center","background-size":"auto","background-attachment":"scroll","background-type":"","background-media":"","overlay-type":"","overlay-color":"","overlay-opacity":"","overlay-gradient":""},"mobile":{"background-color":"","background-image":"","background-repeat":"repeat","background-position":"center center","background-size":"auto","background-attachment":"scroll","background-type":"","background-media":"","overlay-type":"","overlay-color":"","overlay-opacity":"","overlay-gradient":""}},"ast-content-background-meta":{"desktop":{"background-color":"var(--ast-global-color-4)","background-image":"","background-repeat":"repeat","background-position":"center center","background-size":"auto","background-attachment":"scroll","background-type":"","background-media":"","overlay-type":"","overlay-color":"","overlay-opacity":"","overlay-gradient":""},"tablet":{"background-color":"var(--ast-global-color-4)","background-image":"","background-repeat":"repeat","background-position":"center center","background-size":"auto","background-attachment":"scroll","background-type":"","background-media":"","overlay-type":"","overlay-color":"","overlay-opacity":"","overlay-gradient":""},"mobile":{"background-color":"var(--ast-global-color-4)","background-image":"","background-repeat":"repeat","background-position":"center center","background-size":"auto","background-attachment":"scroll","background-type":"","background-media":"","overlay-type":"","overlay-color":"","overlay-opacity":"","overlay-gradient":""}},"footnotes":""},"categories":[],"tags":[],"class_list":["post-28327","page","type-page","status-publish","hentry"],"yoast_head":"<!-- This site is optimized with the Yoast SEO Premium plugin v27.4 (Yoast SEO v27.4) - https:\/\/yoast.com\/product\/yoast-seo-premium-wordpress\/ -->\n<title>Mission, Vision, And Values - City of Miami Beach<\/title>\n<meta name=\"description\" content=\"%\" \/>\n<meta name=\"robots\" content=\"index, follow, max-snippet:-1, max-image-preview:large, max-video-preview:-1\" \/>\n<link rel=\"canonical\" href=\"https:\/\/www.miamibeachfl.gov\/fr\/city-hall\/city-manager\/mission-vision-and-values\/\" \/>\n<meta property=\"og:locale\" content=\"fr_FR\" \/>\n<meta property=\"og:type\" content=\"article\" \/>\n<meta property=\"og:title\" content=\"Mission, Vision, And Values\" \/>\n<meta property=\"og:description\" content=\"%\" \/>\n<meta property=\"og:url\" content=\"https:\/\/www.miamibeachfl.gov\/fr\/city-hall\/city-manager\/mission-vision-and-values\/\" \/>\n<meta property=\"og:site_name\" content=\"City of Miami Beach\" \/>\n<meta property=\"article:publisher\" content=\"https:\/\/www.facebook.com\/cityofmiamibeach\" \/>\n<meta property=\"article:modified_time\" content=\"2025-05-25T19:36:32+00:00\" \/>\n<meta property=\"og:image\" content=\"https:\/\/www.miamibeachfl.gov\/wp-content\/uploads\/2023\/05\/icon-vision-properous.png\" \/>\n<meta name=\"twitter:card\" content=\"summary_large_image\" \/>\n<meta name=\"twitter:site\" content=\"@Miamibeachnews\" \/>\n<script type=\"application\/ld+json\" class=\"yoast-schema-graph\">{\"@context\":\"https:\\\/\\\/schema.org\",\"@graph\":[{\"@type\":\"WebPage\",\"@id\":\"https:\\\/\\\/www.miamibeachfl.gov\\\/city-hall\\\/city-manager\\\/mission-vision-and-values\\\/\",\"url\":\"https:\\\/\\\/www.miamibeachfl.gov\\\/city-hall\\\/city-manager\\\/mission-vision-and-values\\\/\",\"name\":\"Mission, Vision, And Values - City of Miami Beach\",\"isPartOf\":{\"@id\":\"https:\\\/\\\/www.miamibeachfl.gov\\\/#website\"},\"primaryImageOfPage\":{\"@id\":\"https:\\\/\\\/www.miamibeachfl.gov\\\/city-hall\\\/city-manager\\\/mission-vision-and-values\\\/#primaryimage\"},\"image\":{\"@id\":\"https:\\\/\\\/www.miamibeachfl.gov\\\/city-hall\\\/city-manager\\\/mission-vision-and-values\\\/#primaryimage\"},\"thumbnailUrl\":\"https:\\\/\\\/www.miamibeachfl.gov\\\/wp-content\\\/uploads\\\/2023\\\/05\\\/icon-vision-properous.png\",\"datePublished\":\"2017-08-11T00:03:13+00:00\",\"dateModified\":\"2025-05-25T19:36:32+00:00\",\"description\":\"%\",\"breadcrumb\":{\"@id\":\"https:\\\/\\\/www.miamibeachfl.gov\\\/city-hall\\\/city-manager\\\/mission-vision-and-values\\\/#breadcrumb\"},\"inLanguage\":\"fr-FR\",\"potentialAction\":[{\"@type\":\"ReadAction\",\"target\":[\"https:\\\/\\\/www.miamibeachfl.gov\\\/city-hall\\\/city-manager\\\/mission-vision-and-values\\\/\"]}]},{\"@type\":\"ImageObject\",\"inLanguage\":\"fr-FR\",\"@id\":\"https:\\\/\\\/www.miamibeachfl.gov\\\/city-hall\\\/city-manager\\\/mission-vision-and-values\\\/#primaryimage\",\"url\":\"https:\\\/\\\/www.miamibeachfl.gov\\\/wp-content\\\/uploads\\\/2023\\\/05\\\/icon-vision-properous.png\",\"contentUrl\":\"https:\\\/\\\/www.miamibeachfl.gov\\\/wp-content\\\/uploads\\\/2023\\\/05\\\/icon-vision-properous.png\"},{\"@type\":\"BreadcrumbList\",\"@id\":\"https:\\\/\\\/www.miamibeachfl.gov\\\/city-hall\\\/city-manager\\\/mission-vision-and-values\\\/#breadcrumb\",\"itemListElement\":[{\"@type\":\"ListItem\",\"position\":1,\"name\":\"Home\",\"item\":\"https:\\\/\\\/www.miamibeachfl.gov\\\/\"},{\"@type\":\"ListItem\",\"position\":2,\"name\":\"City Hall\",\"item\":\"https:\\\/\\\/www.miamibeachfl.gov\\\/city-hall\\\/\"},{\"@type\":\"ListItem\",\"position\":3,\"name\":\"City Manager\",\"item\":\"https:\\\/\\\/www.miamibeachfl.gov\\\/city-hall\\\/city-manager\\\/\"},{\"@type\":\"ListItem\",\"position\":4,\"name\":\"Mission, Vision, And Values\"}]},{\"@type\":\"WebSite\",\"@id\":\"https:\\\/\\\/www.miamibeachfl.gov\\\/#website\",\"url\":\"https:\\\/\\\/www.miamibeachfl.gov\\\/\",\"name\":\"City of Miami Beach\",\"description\":\"The official website of the City of Miami Beach. Stay informed, find important information on city services, news, alerts, events, trolley routes, government employment and more.\",\"publisher\":{\"@id\":\"https:\\\/\\\/www.miamibeachfl.gov\\\/#organization\"},\"potentialAction\":[{\"@type\":\"SearchAction\",\"target\":{\"@type\":\"EntryPoint\",\"urlTemplate\":\"https:\\\/\\\/www.miamibeachfl.gov\\\/?s={search_term_string}\"},\"query-input\":{\"@type\":\"PropertyValueSpecification\",\"valueRequired\":true,\"valueName\":\"search_term_string\"}}],\"inLanguage\":\"fr-FR\"},{\"@type\":\"Organization\",\"@id\":\"https:\\\/\\\/www.miamibeachfl.gov\\\/#organization\",\"name\":\"City of Miami Beach\",\"url\":\"https:\\\/\\\/www.miamibeachfl.gov\\\/\",\"logo\":{\"@type\":\"ImageObject\",\"inLanguage\":\"fr-FR\",\"@id\":\"https:\\\/\\\/www.miamibeachfl.gov\\\/#\\\/schema\\\/logo\\\/image\\\/\",\"url\":\"https:\\\/\\\/www.miamibeachfl.gov\\\/wp-content\\\/uploads\\\/2022\\\/06\\\/miamibeach-logoblue.png\",\"contentUrl\":\"https:\\\/\\\/www.miamibeachfl.gov\\\/wp-content\\\/uploads\\\/2022\\\/06\\\/miamibeach-logoblue.png\",\"width\":1962,\"height\":381,\"caption\":\"City of Miami Beach\"},\"image\":{\"@id\":\"https:\\\/\\\/www.miamibeachfl.gov\\\/#\\\/schema\\\/logo\\\/image\\\/\"},\"sameAs\":[\"https:\\\/\\\/www.facebook.com\\\/cityofmiamibeach\",\"https:\\\/\\\/x.com\\\/Miamibeachnews\",\"https:\\\/\\\/www.instagram.com\\\/miamibeachnews\\\/\"],\"description\":\"The official website of the City of Miami Beach. Stay informed, find important information on city services, news, alerts, events, trolley routes, government employment and more.\",\"telephone\":\"305.604.CITY(2489)\",\"legalName\":\"City of Miami Beach\"}]}<\/script>\n<!-- \/ Yoast SEO Premium plugin. -->","yoast_head_json":{"title":"Mission, vision et valeurs - Ville de Miami Beach","description":"%","robots":{"index":"index","follow":"follow","max-snippet":"max-snippet:-1","max-image-preview":"max-image-preview:large","max-video-preview":"max-video-preview:-1"},"canonical":"https:\/\/www.miamibeachfl.gov\/fr\/city-hall\/city-manager\/mission-vision-and-values\/","og_locale":"fr_FR","og_type":"article","og_title":"Mission, Vision, And Values","og_description":"%","og_url":"https:\/\/www.miamibeachfl.gov\/fr\/city-hall\/city-manager\/mission-vision-and-values\/","og_site_name":"City of Miami Beach","article_publisher":"https:\/\/www.facebook.com\/cityofmiamibeach","article_modified_time":"2025-05-25T19:36:32+00:00","og_image":[{"url":"https:\/\/www.miamibeachfl.gov\/wp-content\/uploads\/2023\/05\/icon-vision-properous.png","type":"","width":"","height":""}],"twitter_card":"summary_large_image","twitter_site":"@Miamibeachnews","schema":{"@context":"https:\/\/schema.org","@graph":[{"@type":"WebPage","@id":"https:\/\/www.miamibeachfl.gov\/city-hall\/city-manager\/mission-vision-and-values\/","url":"https:\/\/www.miamibeachfl.gov\/city-hall\/city-manager\/mission-vision-and-values\/","name":"Mission, vision et valeurs - Ville de Miami Beach","isPartOf":{"@id":"https:\/\/www.miamibeachfl.gov\/#website"},"primaryImageOfPage":{"@id":"https:\/\/www.miamibeachfl.gov\/city-hall\/city-manager\/mission-vision-and-values\/#primaryimage"},"image":{"@id":"https:\/\/www.miamibeachfl.gov\/city-hall\/city-manager\/mission-vision-and-values\/#primaryimage"},"thumbnailUrl":"https:\/\/www.miamibeachfl.gov\/wp-content\/uploads\/2023\/05\/icon-vision-properous.png","datePublished":"2017-08-11T00:03:13+00:00","dateModified":"2025-05-25T19:36:32+00:00","description":"%","breadcrumb":{"@id":"https:\/\/www.miamibeachfl.gov\/city-hall\/city-manager\/mission-vision-and-values\/#breadcrumb"},"inLanguage":"fr-FR","potentialAction":[{"@type":"ReadAction","target":["https:\/\/www.miamibeachfl.gov\/city-hall\/city-manager\/mission-vision-and-values\/"]}]},{"@type":"ImageObject","inLanguage":"fr-FR","@id":"https:\/\/www.miamibeachfl.gov\/city-hall\/city-manager\/mission-vision-and-values\/#primaryimage","url":"https:\/\/www.miamibeachfl.gov\/wp-content\/uploads\/2023\/05\/icon-vision-properous.png","contentUrl":"https:\/\/www.miamibeachfl.gov\/wp-content\/uploads\/2023\/05\/icon-vision-properous.png"},{"@type":"BreadcrumbList","@id":"https:\/\/www.miamibeachfl.gov\/city-hall\/city-manager\/mission-vision-and-values\/#breadcrumb","itemListElement":[{"@type":"ListItem","position":1,"name":"Home","item":"https:\/\/www.miamibeachfl.gov\/"},{"@type":"ListItem","position":2,"name":"City Hall","item":"https:\/\/www.miamibeachfl.gov\/city-hall\/"},{"@type":"ListItem","position":3,"name":"City Manager","item":"https:\/\/www.miamibeachfl.gov\/city-hall\/city-manager\/"},{"@type":"ListItem","position":4,"name":"Mission, Vision, And Values"}]},{"@type":"WebSite","@id":"https:\/\/www.miamibeachfl.gov\/#website","url":"https:\/\/www.miamibeachfl.gov\/","name":"Ville de Miami Beach","description":"Site officiel de la ville de Miami Beach. Restez inform\u00e9 et trouvez des informations importantes sur les services municipaux, les actualit\u00e9s, les alertes, les \u00e9v\u00e9nements, les itin\u00e9raires de tramway, les emplois gouvernementaux et bien plus encore.","publisher":{"@id":"https:\/\/www.miamibeachfl.gov\/#organization"},"potentialAction":[{"@type":"SearchAction","target":{"@type":"EntryPoint","urlTemplate":"https:\/\/www.miamibeachfl.gov\/?s={search_term_string}"},"query-input":{"@type":"PropertyValueSpecification","valueRequired":true,"valueName":"search_term_string"}}],"inLanguage":"fr-FR"},{"@type":"Organization","@id":"https:\/\/www.miamibeachfl.gov\/#organization","name":"Ville de Miami Beach","url":"https:\/\/www.miamibeachfl.gov\/","logo":{"@type":"ImageObject","inLanguage":"fr-FR","@id":"https:\/\/www.miamibeachfl.gov\/#\/schema\/logo\/image\/","url":"https:\/\/www.miamibeachfl.gov\/wp-content\/uploads\/2022\/06\/miamibeach-logoblue.png","contentUrl":"https:\/\/www.miamibeachfl.gov\/wp-content\/uploads\/2022\/06\/miamibeach-logoblue.png","width":1962,"height":381,"caption":"City of Miami Beach"},"image":{"@id":"https:\/\/www.miamibeachfl.gov\/#\/schema\/logo\/image\/"},"sameAs":["https:\/\/www.facebook.com\/cityofmiamibeach","https:\/\/x.com\/Miamibeachnews","https:\/\/www.instagram.com\/miamibeachnews\/"],"description":"Site officiel de la ville de Miami Beach. Restez inform\u00e9 et trouvez des informations importantes sur les services municipaux, les actualit\u00e9s, les alertes, les \u00e9v\u00e9nements, les itin\u00e9raires de tramway, les emplois gouvernementaux et bien plus encore.","telephone":"305.604.CITY(2489)","legalName":"City of Miami Beach"}]}},"_links":{"self":[{"href":"https:\/\/www.miamibeachfl.gov\/fr\/wp-json\/wp\/v2\/pages\/28327","targetHints":{"allow":["GET"]}}],"collection":[{"href":"https:\/\/www.miamibeachfl.gov\/fr\/wp-json\/wp\/v2\/pages"}],"about":[{"href":"https:\/\/www.miamibeachfl.gov\/fr\/wp-json\/wp\/v2\/types\/page"}],"author":[{"embeddable":true,"href":"https:\/\/www.miamibeachfl.gov\/fr\/wp-json\/wp\/v2\/users\/222"}],"replies":[{"embeddable":true,"href":"https:\/\/www.miamibeachfl.gov\/fr\/wp-json\/wp\/v2\/comments?post=28327"}],"version-history":[{"count":0,"href":"https:\/\/www.miamibeachfl.gov\/fr\/wp-json\/wp\/v2\/pages\/28327\/revisions"}],"up":[{"embeddable":true,"href":"https:\/\/www.miamibeachfl.gov\/fr\/wp-json\/wp\/v2\/pages\/28325"}],"wp:attachment":[{"href":"https:\/\/www.miamibeachfl.gov\/fr\/wp-json\/wp\/v2\/media?parent=28327"}],"wp:term":[{"taxonomy":"category","embeddable":true,"href":"https:\/\/www.miamibeachfl.gov\/fr\/wp-json\/wp\/v2\/categories?post=28327"},{"taxonomy":"post_tag","embeddable":true,"href":"https:\/\/www.miamibeachfl.gov\/fr\/wp-json\/wp\/v2\/tags?post=28327"}],"curies":[{"name":"wp","href":"https:\/\/api.w.org\/{rel}","templated":true}]}}