{"id":28331,"date":"2017-08-11T00:03:15","date_gmt":"2017-08-11T00:03:15","guid":{"rendered":"http:\/\/www.miamibeachfl.gov\/city-hall\/code-compliance\/code-violations\/appeal-violations\/"},"modified":"2025-11-18T05:49:36","modified_gmt":"2025-11-18T10:49:36","slug":"appeal-violations","status":"publish","type":"page","link":"https:\/\/www.miamibeachfl.gov\/fr\/city-hall\/code-compliance\/appeal-violations\/","title":{"rendered":"Appel des violations"},"content":{"rendered":"<h1>\n\t\t\tAppel des violations\t<\/h1>\nMenu de conformit\u00e9 au code\t\t\t\n\t\t\t\t\t<ul id=\"menu-code-compliance\"><li id=\"menu-item-257356\"><a href=\"\/fr\/city-hall\/code-compliance\/\">Conformit\u00e9 au code<\/a><\/li>\n<li id=\"menu-item-257357\"><a href=\"\/fr\/city-hall\/code-compliance\/code-violations\/\">Violations du code<\/a><\/li>\n<li id=\"menu-item-257358\"><a href=\"\/fr\/city-hall\/code-compliance\/code-invoice-request\/\">Demande de facture de code<\/a><\/li>\n<li id=\"menu-item-257359\"><a href=\"\/fr\/city-hall\/code-compliance\/appeal-violations\/\">Violation d&#039;appel<\/a><\/li>\n<li id=\"menu-item-360398\"><a href=\"https:\/\/www.miamibeachfl.gov\/fr\/city-hall\/code-compliance\/administrators\/\">Administrateurs de la conformit\u00e9 au code<\/a><\/li>\n<li id=\"menu-item-254588\"><a href=\"\/fr\/city-hall\/code-compliance\/#codecompliancehours\">Conformit\u00e9 au code de contact<\/a><\/li>\n<\/ul>\t\nMenu de conformit\u00e9 au code \u00d7\t\t\t\t\t\t<ul id=\"menu-code-compliance-1\"><li id=\"menu-item-257356\"><a href=\"\/fr\/city-hall\/code-compliance\/\">Conformit\u00e9 au code<\/a><\/li>\n<li id=\"menu-item-257357\"><a href=\"\/fr\/city-hall\/code-compliance\/code-violations\/\">Violations du code<\/a><\/li>\n<li id=\"menu-item-257358\"><a href=\"\/fr\/city-hall\/code-compliance\/code-invoice-request\/\">Demande de facture de code<\/a><\/li>\n<li id=\"menu-item-257359\"><a href=\"\/fr\/city-hall\/code-compliance\/appeal-violations\/\">Violation d&#039;appel<\/a><\/li>\n<li id=\"menu-item-360398\"><a href=\"https:\/\/www.miamibeachfl.gov\/fr\/city-hall\/code-compliance\/administrators\/\">Administrateurs de la conformit\u00e9 au code<\/a><\/li>\n<li id=\"menu-item-254588\"><a href=\"\/fr\/city-hall\/code-compliance\/#codecompliancehours\">Conformit\u00e9 au code de contact<\/a><\/li>\n<\/ul>\t\t\t\t\n\t<p>Veuillez noter qu&#039;\u00e0 partir du 2 mai 2024, toutes les audiences des magistrats sp\u00e9ciaux auront lieu en personne \u00e0 la salle de la commission du troisi\u00e8me \u00e9tage de l&#039;h\u00f4tel de ville.<\/p>\n\t<p>Toute personne l\u00e9s\u00e9e par la d\u00e9cision d&#039;un agent de conformit\u00e9 du code d&#039;\u00e9mettre une infraction peut demander une audience administrative devant le magistrat sp\u00e9cial en soumettant une demande \u00e9crite au bureau du greffier de la ville situ\u00e9 au 1700 Convention Center Drive, Miami Beach, FL 33139.<\/p>\n<p>Veuillez v\u00e9rifier l&#039;infraction pour conna\u00eetre pr\u00e9cis\u00e9ment le d\u00e9lai dont vous disposez apr\u00e8s r\u00e9ception de l&#039;infraction pour d\u00e9poser une demande d&#039;appel dans les d\u00e9lais impartis. Ce d\u00e9lai peut varier d&#039;une infraction \u00e0 l&#039;autre. Le montant du $128 doit \u00eatre joint \u00e0 la demande \u00e9crite d&#039;appel. Les paiements par ch\u00e8que, carte de cr\u00e9dit ou esp\u00e8ces sont accept\u00e9s. Si l&#039;appelant obtient gain de cause \u00e0 l&#039;audience, le $128 lui sera restitu\u00e9.<\/p>\n<p><strong>Le greffier municipal informera l&#039;appelant de la date et de l&#039;heure de l&#039;audience. Pour toute question concernant un appel concernant une infraction au code, veuillez contacter le magistrat sp\u00e9cial au\u00a0<a href=\"tel:3056737181\">305.673.7181<\/a>.\u00a0<\/strong><\/p>\n\t\t\t<a href=\"http:\/\/docmgmt.miamibeachfl.gov\/weblink\/0\/fol\/149039\/Row1.aspx\" target=\"_blank\" rel=\"noopener\">\n\t\t\t\t\t\tPour l&#039;ordre du jour du magistrat sp\u00e9cial, cliquez ici.\n\t\t\t\t\t<\/a>\n\t\t<a href=\"https:\/\/www.miamibeachfl.gov\/fr\/city-hall\/code-compliance\/hernan-cardeno\/\" target =\"_self\" aria-label=\"Acc\u00e9dez \u00e0 https:\/\/www.miamibeachfl.gov\/city-hall\/code-compliance\/hernan-cardeno\/\">\t\t\n\t\t\t\t<img decoding=\"async\" src=\"https:\/\/www.miamibeachfl.gov\/wp-content\/uploads\/bb-plugin\/cache\/HernanCordero100sq-circle.jpg\" alt=\"Hernan Cordero\" title=\"HernanCordero100sq\" itemprop=\"image\"\/>\n\t\t<\/a>\t\t \n\t\t<h3><a href=\"https:\/\/www.miamibeachfl.gov\/fr\/city-hall\/code-compliance\/hernan-cardeno\/\" target =\"_self\">Hernan D. Cardeno, Esq. | Biographie<\/a><\/h3>Le directeur de la conformit\u00e9 au code, Hernan Cardeno, est un v\u00e9t\u00e9ran de 34 ans des forces de l&#039;ordre, ayant d&#039;abord servi au sein du d\u00e9partement de police de Bal Harbour, o\u00f9 il a gravi les \u00e9chelons jusqu&#039;\u00e0 devenir chef adjoint de la police. \t\t\t\t\t\n\t<ul>\n\t\t<li><a href=\"https:\/\/goo.gl\/maps\/VnaR71PysNf7E2wy5\" target=\"_blank\" rel=\"noopener\" aria-label=\"Acc\u00e9dez \u00e0 https:\/\/goo.gl\/maps\/VnaR71PysNf7E2wy5\">\t\t\t\t\n\t\t<h3>Emplacement du bureau :<\/h3><p>1680, avenue Meridian | Suite 602<br \/>Miami Beach, FL 33139<\/p><\/a><\/li><li><a href=\"tel:3056737555\" target=\"_self\"  aria-label=\"Aller au t\u00e9l:3056737555\">\t\t\t\t\n\t\t<h3>Num\u00e9ro principal :<\/h3><p>305.673.7555<\/p><\/a><\/li>\t<\/ul>\n\t\t\t\t Horaires de la r\u00e9ception : <br \/>Du mardi au vendredi (hors jours f\u00e9ri\u00e9s) : de 8h30 \u00e0 12h00 <br \/> Et de 13h00 \u00e0 15h30 <br \/>(Ferm\u00e9 de 12h00 \u00e0 13h00) En service<br \/>Heures d&#039;application :\t\t\t\t\n\t\t\t\t <strong>Lundi, mardi, mercredi et dimanche :<\/strong><br \/>6h00 \u00e0 1h00 du matin<br \/><strong>Jeudi:<\/strong><br \/>6h00 \u00e0 3h00 du matin<br \/><strong>Vendredi et samedi :<\/strong><br \/>24 heures Pour toute question ou information pendant<br \/>heures normales de bureau :\t\t\t\t\n\t\t\t\t <strong>Appel: <a href=\"tel:3056737555\">305.673.7555<\/a><\/strong>\t\t\t\t\n\t\t\t\t Pour signaler une violation, \u00e0 tout moment :\t\t\t\t\n\t\t\t\t <strong>Appel: <a href=\"tel:3056738285\">(305) 673-8285<\/a><\/strong>\t\t\t\t\n\t\t\t\t Pour signaler une infraction ou pour parler \u00e0 un superviseur en service pendant le week-end et le soir :\t\t\t\t\n\t\t\t\t <strong>Appel: <a href=\"tel:3056738285\">(305) 673-8285<\/a><\/strong>\t\t\t\t\n\t\t\t<a href=\"https:\/\/www.miamibeachfl.gov\/wp-content\/uploads\/2024\/11\/Additional-Contact-Info.pdf\" target=\"_blank\" rel=\"noopener\">\n\t\t\t\t\t\tInformations de contact suppl\u00e9mentaires\n\t\t\t\t\t<\/a>","protected":false},"excerpt":{"rendered":"<p>Appeal Violations Code Compliance Menu Code Compliance Code Violations Code Invoice Request Appeal Violation Code Compliance Administrators Contact Code Compliance [&hellip;]<\/p>\n","protected":false},"author":222,"featured_media":0,"parent":28329,"menu_order":0,"comment_status":"closed","ping_status":"closed","template":"","meta":{"_searchwp_excluded":"","site-sidebar-layout":"default","site-content-layout":"","ast-site-content-layout":"default","site-content-style":"default","site-sidebar-style":"default","ast-global-header-display":"","ast-banner-title-visibility":"","ast-main-header-display":"","ast-hfb-above-header-display":"","ast-hfb-below-header-display":"","ast-hfb-mobile-header-display":"","site-post-title":"","ast-breadcrumbs-content":"","ast-featured-img":"","footer-sml-layout":"","theme-transparent-header-meta":"","adv-header-id-meta":"","stick-header-meta":"","header-above-stick-meta":"","header-main-stick-meta":"","header-below-stick-meta":"","astra-migrate-meta-layouts":"default","ast-page-background-enabled":"default","ast-page-background-meta":{"desktop":{"background-color":"var(--ast-global-color-5)","background-image":"","background-repeat":"repeat","background-position":"center center","background-size":"auto","background-attachment":"scroll","background-type":"","background-media":"","overlay-type":"","overlay-color":"","overlay-opacity":"","overlay-gradient":""},"tablet":{"background-color":"","background-image":"","background-repeat":"repeat","background-position":"center center","background-size":"auto","background-attachment":"scroll","background-type":"","background-media":"","overlay-type":"","overlay-color":"","overlay-opacity":"","overlay-gradient":""},"mobile":{"background-color":"","background-image":"","background-repeat":"repeat","background-position":"center center","background-size":"auto","background-attachment":"scroll","background-type":"","background-media":"","overlay-type":"","overlay-color":"","overlay-opacity":"","overlay-gradient":""}},"ast-content-background-meta":{"desktop":{"background-color":"var(--ast-global-color-4)","background-image":"","background-repeat":"repeat","background-position":"center center","background-size":"auto","background-attachment":"scroll","background-type":"","background-media":"","overlay-type":"","overlay-color":"","overlay-opacity":"","overlay-gradient":""},"tablet":{"background-color":"var(--ast-global-color-4)","background-image":"","background-repeat":"repeat","background-position":"center center","background-size":"auto","background-attachment":"scroll","background-type":"","background-media":"","overlay-type":"","overlay-color":"","overlay-opacity":"","overlay-gradient":""},"mobile":{"background-color":"var(--ast-global-color-4)","background-image":"","background-repeat":"repeat","background-position":"center center","background-size":"auto","background-attachment":"scroll","background-type":"","background-media":"","overlay-type":"","overlay-color":"","overlay-opacity":"","overlay-gradient":""}},"footnotes":""},"categories":[],"tags":[],"class_list":["post-28331","page","type-page","status-publish","hentry"],"yoast_head":"<!-- This site is optimized with the Yoast SEO Premium plugin v27.4 (Yoast SEO v27.4) - https:\/\/yoast.com\/product\/yoast-seo-premium-wordpress\/ -->\n<title>Appeal\u00a0 Violations - City of Miami Beach<\/title>\n<meta name=\"description\" content=\"Any person aggrieved by the decision of a Code Compliance officer in issuing a violation, may request an administrative hearing before the Special Magistrate by submitting a written request in the City Clerk\u2019s Office located at 1700 Convention Center Drive, Miami Beach, FL 33139.\" \/>\n<meta name=\"robots\" content=\"index, follow, max-snippet:-1, max-image-preview:large, max-video-preview:-1\" \/>\n<link rel=\"canonical\" href=\"https:\/\/www.miamibeachfl.gov\/fr\/city-hall\/code-compliance\/appeal-violations\/\" \/>\n<meta property=\"og:locale\" content=\"fr_FR\" \/>\n<meta property=\"og:type\" content=\"article\" \/>\n<meta property=\"og:title\" content=\"Appeal\u00a0 Violations\" \/>\n<meta property=\"og:description\" content=\"Any person aggrieved by the decision of a Code Compliance officer in issuing a violation, may request an administrative hearing before the Special Magistrate by submitting a written request in the City Clerk\u2019s Office located at 1700 Convention Center Drive, Miami Beach, FL 33139.\" \/>\n<meta property=\"og:url\" content=\"https:\/\/www.miamibeachfl.gov\/fr\/city-hall\/code-compliance\/appeal-violations\/\" \/>\n<meta property=\"og:site_name\" content=\"City of Miami Beach\" \/>\n<meta property=\"article:publisher\" content=\"https:\/\/www.facebook.com\/cityofmiamibeach\" \/>\n<meta property=\"article:modified_time\" content=\"2025-11-18T10:49:36+00:00\" \/>\n<meta property=\"og:image\" content=\"https:\/\/www.miamibeachfl.gov\/wp-content\/uploads\/bb-plugin\/cache\/HernanCordero100sq-circle.jpg\" \/>\n<meta name=\"twitter:card\" content=\"summary_large_image\" \/>\n<meta name=\"twitter:site\" content=\"@Miamibeachnews\" \/>\n<script type=\"application\/ld+json\" class=\"yoast-schema-graph\">{\"@context\":\"https:\\\/\\\/schema.org\",\"@graph\":[{\"@type\":\"WebPage\",\"@id\":\"https:\\\/\\\/www.miamibeachfl.gov\\\/city-hall\\\/code-compliance\\\/appeal-violations\\\/\",\"url\":\"https:\\\/\\\/www.miamibeachfl.gov\\\/city-hall\\\/code-compliance\\\/appeal-violations\\\/\",\"name\":\"Appeal\u00a0 Violations - City of Miami Beach\",\"isPartOf\":{\"@id\":\"https:\\\/\\\/www.miamibeachfl.gov\\\/#website\"},\"primaryImageOfPage\":{\"@id\":\"https:\\\/\\\/www.miamibeachfl.gov\\\/city-hall\\\/code-compliance\\\/appeal-violations\\\/#primaryimage\"},\"image\":{\"@id\":\"https:\\\/\\\/www.miamibeachfl.gov\\\/city-hall\\\/code-compliance\\\/appeal-violations\\\/#primaryimage\"},\"thumbnailUrl\":\"https:\\\/\\\/www.miamibeachfl.gov\\\/wp-content\\\/uploads\\\/bb-plugin\\\/cache\\\/HernanCordero100sq-circle.jpg\",\"datePublished\":\"2017-08-11T00:03:15+00:00\",\"dateModified\":\"2025-11-18T10:49:36+00:00\",\"description\":\"Any person aggrieved by the decision of a Code Compliance officer in issuing a violation, may request an administrative hearing before the Special Magistrate by submitting a written request in the City Clerk\u2019s Office located at 1700 Convention Center Drive, Miami Beach, FL 33139.\",\"breadcrumb\":{\"@id\":\"https:\\\/\\\/www.miamibeachfl.gov\\\/city-hall\\\/code-compliance\\\/appeal-violations\\\/#breadcrumb\"},\"inLanguage\":\"fr-FR\",\"potentialAction\":[{\"@type\":\"ReadAction\",\"target\":[\"https:\\\/\\\/www.miamibeachfl.gov\\\/city-hall\\\/code-compliance\\\/appeal-violations\\\/\"]}]},{\"@type\":\"ImageObject\",\"inLanguage\":\"fr-FR\",\"@id\":\"https:\\\/\\\/www.miamibeachfl.gov\\\/city-hall\\\/code-compliance\\\/appeal-violations\\\/#primaryimage\",\"url\":\"https:\\\/\\\/www.miamibeachfl.gov\\\/wp-content\\\/uploads\\\/bb-plugin\\\/cache\\\/HernanCordero100sq-circle.jpg\",\"contentUrl\":\"https:\\\/\\\/www.miamibeachfl.gov\\\/wp-content\\\/uploads\\\/bb-plugin\\\/cache\\\/HernanCordero100sq-circle.jpg\"},{\"@type\":\"BreadcrumbList\",\"@id\":\"https:\\\/\\\/www.miamibeachfl.gov\\\/city-hall\\\/code-compliance\\\/appeal-violations\\\/#breadcrumb\",\"itemListElement\":[{\"@type\":\"ListItem\",\"position\":1,\"name\":\"Home\",\"item\":\"https:\\\/\\\/www.miamibeachfl.gov\\\/\"},{\"@type\":\"ListItem\",\"position\":2,\"name\":\"City Hall\",\"item\":\"https:\\\/\\\/www.miamibeachfl.gov\\\/city-hall\\\/\"},{\"@type\":\"ListItem\",\"position\":3,\"name\":\"Code Compliance\",\"item\":\"https:\\\/\\\/www.miamibeachfl.gov\\\/city-hall\\\/code-compliance\\\/\"},{\"@type\":\"ListItem\",\"position\":4,\"name\":\"Appeal\u00a0 Violations\"}]},{\"@type\":\"WebSite\",\"@id\":\"https:\\\/\\\/www.miamibeachfl.gov\\\/#website\",\"url\":\"https:\\\/\\\/www.miamibeachfl.gov\\\/\",\"name\":\"City of Miami Beach\",\"description\":\"The official website of the City of Miami Beach. Stay informed, find important information on city services, news, alerts, events, trolley routes, government employment and more.\",\"publisher\":{\"@id\":\"https:\\\/\\\/www.miamibeachfl.gov\\\/#organization\"},\"potentialAction\":[{\"@type\":\"SearchAction\",\"target\":{\"@type\":\"EntryPoint\",\"urlTemplate\":\"https:\\\/\\\/www.miamibeachfl.gov\\\/?s={search_term_string}\"},\"query-input\":{\"@type\":\"PropertyValueSpecification\",\"valueRequired\":true,\"valueName\":\"search_term_string\"}}],\"inLanguage\":\"fr-FR\"},{\"@type\":\"Organization\",\"@id\":\"https:\\\/\\\/www.miamibeachfl.gov\\\/#organization\",\"name\":\"City of Miami Beach\",\"url\":\"https:\\\/\\\/www.miamibeachfl.gov\\\/\",\"logo\":{\"@type\":\"ImageObject\",\"inLanguage\":\"fr-FR\",\"@id\":\"https:\\\/\\\/www.miamibeachfl.gov\\\/#\\\/schema\\\/logo\\\/image\\\/\",\"url\":\"https:\\\/\\\/www.miamibeachfl.gov\\\/wp-content\\\/uploads\\\/2022\\\/06\\\/miamibeach-logoblue.png\",\"contentUrl\":\"https:\\\/\\\/www.miamibeachfl.gov\\\/wp-content\\\/uploads\\\/2022\\\/06\\\/miamibeach-logoblue.png\",\"width\":1962,\"height\":381,\"caption\":\"City of Miami Beach\"},\"image\":{\"@id\":\"https:\\\/\\\/www.miamibeachfl.gov\\\/#\\\/schema\\\/logo\\\/image\\\/\"},\"sameAs\":[\"https:\\\/\\\/www.facebook.com\\\/cityofmiamibeach\",\"https:\\\/\\\/x.com\\\/Miamibeachnews\",\"https:\\\/\\\/www.instagram.com\\\/miamibeachnews\\\/\"],\"description\":\"The official website of the City of Miami Beach. Stay informed, find important information on city services, news, alerts, events, trolley routes, government employment and more.\",\"telephone\":\"305.604.CITY(2489)\",\"legalName\":\"City of Miami Beach\"}]}<\/script>\n<!-- \/ Yoast SEO Premium plugin. -->","yoast_head_json":{"title":"Appel des violations - Ville de Miami Beach","description":"Toute personne l\u00e9s\u00e9e par la d\u00e9cision d&#039;un agent de conformit\u00e9 au code d&#039;\u00e9mettre une infraction peut demander une audience administrative devant le magistrat sp\u00e9cial en soumettant une demande \u00e9crite au bureau du greffier de la ville situ\u00e9 au 1700 Convention Center Drive, Miami Beach, FL 33139.","robots":{"index":"index","follow":"follow","max-snippet":"max-snippet:-1","max-image-preview":"max-image-preview:large","max-video-preview":"max-video-preview:-1"},"canonical":"https:\/\/www.miamibeachfl.gov\/fr\/city-hall\/code-compliance\/appeal-violations\/","og_locale":"fr_FR","og_type":"article","og_title":"Appeal\u00a0 Violations","og_description":"Any person aggrieved by the decision of a Code Compliance officer in issuing a violation, may request an administrative hearing before the Special Magistrate by submitting a written request in the City Clerk\u2019s Office located at 1700 Convention Center Drive, Miami Beach, FL 33139.","og_url":"https:\/\/www.miamibeachfl.gov\/fr\/city-hall\/code-compliance\/appeal-violations\/","og_site_name":"City of Miami Beach","article_publisher":"https:\/\/www.facebook.com\/cityofmiamibeach","article_modified_time":"2025-11-18T10:49:36+00:00","og_image":[{"url":"https:\/\/www.miamibeachfl.gov\/wp-content\/uploads\/bb-plugin\/cache\/HernanCordero100sq-circle.jpg","type":"","width":"","height":""}],"twitter_card":"summary_large_image","twitter_site":"@Miamibeachnews","schema":{"@context":"https:\/\/schema.org","@graph":[{"@type":"WebPage","@id":"https:\/\/www.miamibeachfl.gov\/city-hall\/code-compliance\/appeal-violations\/","url":"https:\/\/www.miamibeachfl.gov\/city-hall\/code-compliance\/appeal-violations\/","name":"Appel des violations - Ville de Miami Beach","isPartOf":{"@id":"https:\/\/www.miamibeachfl.gov\/#website"},"primaryImageOfPage":{"@id":"https:\/\/www.miamibeachfl.gov\/city-hall\/code-compliance\/appeal-violations\/#primaryimage"},"image":{"@id":"https:\/\/www.miamibeachfl.gov\/city-hall\/code-compliance\/appeal-violations\/#primaryimage"},"thumbnailUrl":"https:\/\/www.miamibeachfl.gov\/wp-content\/uploads\/bb-plugin\/cache\/HernanCordero100sq-circle.jpg","datePublished":"2017-08-11T00:03:15+00:00","dateModified":"2025-11-18T10:49:36+00:00","description":"Toute personne l\u00e9s\u00e9e par la d\u00e9cision d&#039;un agent de conformit\u00e9 au code d&#039;\u00e9mettre une infraction peut demander une audience administrative devant le magistrat sp\u00e9cial en soumettant une demande \u00e9crite au bureau du greffier de la ville situ\u00e9 au 1700 Convention Center Drive, Miami Beach, FL 33139.","breadcrumb":{"@id":"https:\/\/www.miamibeachfl.gov\/city-hall\/code-compliance\/appeal-violations\/#breadcrumb"},"inLanguage":"fr-FR","potentialAction":[{"@type":"ReadAction","target":["https:\/\/www.miamibeachfl.gov\/city-hall\/code-compliance\/appeal-violations\/"]}]},{"@type":"ImageObject","inLanguage":"fr-FR","@id":"https:\/\/www.miamibeachfl.gov\/city-hall\/code-compliance\/appeal-violations\/#primaryimage","url":"https:\/\/www.miamibeachfl.gov\/wp-content\/uploads\/bb-plugin\/cache\/HernanCordero100sq-circle.jpg","contentUrl":"https:\/\/www.miamibeachfl.gov\/wp-content\/uploads\/bb-plugin\/cache\/HernanCordero100sq-circle.jpg"},{"@type":"BreadcrumbList","@id":"https:\/\/www.miamibeachfl.gov\/city-hall\/code-compliance\/appeal-violations\/#breadcrumb","itemListElement":[{"@type":"ListItem","position":1,"name":"Home","item":"https:\/\/www.miamibeachfl.gov\/"},{"@type":"ListItem","position":2,"name":"City Hall","item":"https:\/\/www.miamibeachfl.gov\/city-hall\/"},{"@type":"ListItem","position":3,"name":"Code Compliance","item":"https:\/\/www.miamibeachfl.gov\/city-hall\/code-compliance\/"},{"@type":"ListItem","position":4,"name":"Appeal\u00a0 Violations"}]},{"@type":"WebSite","@id":"https:\/\/www.miamibeachfl.gov\/#website","url":"https:\/\/www.miamibeachfl.gov\/","name":"Ville de Miami Beach","description":"Site officiel de la ville de Miami Beach. Restez inform\u00e9 et trouvez des informations importantes sur les services municipaux, les actualit\u00e9s, les alertes, les \u00e9v\u00e9nements, les itin\u00e9raires de tramway, les emplois gouvernementaux et bien plus encore.","publisher":{"@id":"https:\/\/www.miamibeachfl.gov\/#organization"},"potentialAction":[{"@type":"SearchAction","target":{"@type":"EntryPoint","urlTemplate":"https:\/\/www.miamibeachfl.gov\/?s={search_term_string}"},"query-input":{"@type":"PropertyValueSpecification","valueRequired":true,"valueName":"search_term_string"}}],"inLanguage":"fr-FR"},{"@type":"Organization","@id":"https:\/\/www.miamibeachfl.gov\/#organization","name":"Ville de Miami Beach","url":"https:\/\/www.miamibeachfl.gov\/","logo":{"@type":"ImageObject","inLanguage":"fr-FR","@id":"https:\/\/www.miamibeachfl.gov\/#\/schema\/logo\/image\/","url":"https:\/\/www.miamibeachfl.gov\/wp-content\/uploads\/2022\/06\/miamibeach-logoblue.png","contentUrl":"https:\/\/www.miamibeachfl.gov\/wp-content\/uploads\/2022\/06\/miamibeach-logoblue.png","width":1962,"height":381,"caption":"City of Miami Beach"},"image":{"@id":"https:\/\/www.miamibeachfl.gov\/#\/schema\/logo\/image\/"},"sameAs":["https:\/\/www.facebook.com\/cityofmiamibeach","https:\/\/x.com\/Miamibeachnews","https:\/\/www.instagram.com\/miamibeachnews\/"],"description":"Site officiel de la ville de Miami Beach. Restez inform\u00e9 et trouvez des informations importantes sur les services municipaux, les actualit\u00e9s, les alertes, les \u00e9v\u00e9nements, les itin\u00e9raires de tramway, les emplois gouvernementaux et bien plus encore.","telephone":"305.604.CITY(2489)","legalName":"City of Miami Beach"}]}},"_links":{"self":[{"href":"https:\/\/www.miamibeachfl.gov\/fr\/wp-json\/wp\/v2\/pages\/28331","targetHints":{"allow":["GET"]}}],"collection":[{"href":"https:\/\/www.miamibeachfl.gov\/fr\/wp-json\/wp\/v2\/pages"}],"about":[{"href":"https:\/\/www.miamibeachfl.gov\/fr\/wp-json\/wp\/v2\/types\/page"}],"author":[{"embeddable":true,"href":"https:\/\/www.miamibeachfl.gov\/fr\/wp-json\/wp\/v2\/users\/222"}],"replies":[{"embeddable":true,"href":"https:\/\/www.miamibeachfl.gov\/fr\/wp-json\/wp\/v2\/comments?post=28331"}],"version-history":[{"count":1,"href":"https:\/\/www.miamibeachfl.gov\/fr\/wp-json\/wp\/v2\/pages\/28331\/revisions"}],"predecessor-version":[{"id":392181,"href":"https:\/\/www.miamibeachfl.gov\/fr\/wp-json\/wp\/v2\/pages\/28331\/revisions\/392181"}],"up":[{"embeddable":true,"href":"https:\/\/www.miamibeachfl.gov\/fr\/wp-json\/wp\/v2\/pages\/28329"}],"wp:attachment":[{"href":"https:\/\/www.miamibeachfl.gov\/fr\/wp-json\/wp\/v2\/media?parent=28331"}],"wp:term":[{"taxonomy":"category","embeddable":true,"href":"https:\/\/www.miamibeachfl.gov\/fr\/wp-json\/wp\/v2\/categories?post=28331"},{"taxonomy":"post_tag","embeddable":true,"href":"https:\/\/www.miamibeachfl.gov\/fr\/wp-json\/wp\/v2\/tags?post=28331"}],"curies":[{"name":"wp","href":"https:\/\/api.w.org\/{rel}","templated":true}]}}