{"id":28337,"date":"2017-08-11T00:03:18","date_gmt":"2017-08-11T00:03:18","guid":{"rendered":"http:\/\/www.miamibeachfl.gov\/city-hall\/city-clerk\/"},"modified":"2026-04-24T10:07:40","modified_gmt":"2026-04-24T14:07:40","slug":"city-clerk","status":"publish","type":"page","link":"https:\/\/www.miamibeachfl.gov\/fr\/city-hall\/city-clerk\/","title":{"rendered":"greffier de la ville"},"content":{"rendered":"<h1>\n\t\t\tgreffier de la ville\t<\/h1>\n\t<nav id=\"breadcrumbs\" aria-label=\"Fil d&#039;Ariane\"><a href=\"https:\/\/www.miamibeachfl.gov\/fr\/\">Maison<\/a> &gt; <a href=\"https:\/\/www.miamibeachfl.gov\/fr\/city-hall\/\">l&#039;h\u00f4tel de ville<\/a> &gt; <strong>greffier de la ville<\/strong><\/nav>\n\t<p>Le Bureau du greffier municipal est le secr\u00e9taire municipal de la ville, le secr\u00e9taire officiel de l&#039;organe l\u00e9gislatif et le superviseur des \u00e9lections de la ville de Miami Beach. Il est \u00e9galement le si\u00e8ge social de la ville et le d\u00e9positaire de tous les contrats et documents de l&#039;entreprise.<\/p>\n<p>Nous nous engageons \u00e0 servir de secr\u00e9taire et de gardien du sceau de la ville, \u00e0 compiler les ordres du jour et les proc\u00e8s-verbaux officiels de la Commission municipale et de l&#039;Agence de r\u00e9am\u00e9nagement, \u00e0 fournir des services d&#039;impression, de copie et de courrier de qualit\u00e9 et \u00e0 servir de facilitateur pour fournir rapidement des documents et des informations publics \u00e0 la Commission municipale, au public, au personnel de la ville et aux autres agences gouvernementales et \u00e0 tous les services de la ville.<\/p>\n<figure itemscope=\"\" itemtype=\"https:\/\/schema.org\/ImageObject\">\n\t\t\t\t<img decoding=\"async\" src=\"https:\/\/www.miamibeachfl.gov\/wp-content\/uploads\/2017\/08\/rafael-e-granado.jpg\" alt=\"Rafael Granado City Clerk\" height=\"139\" width=\"139\" title=\"Rafael E. Granado\" onerror=\"this.style.display='none'\" loading=\"lazy\">\n\t<\/figure>\n<h2>\n\t\t\tRafael E. Granado\t<\/h2>\n\t<p>Rafael E. Granado, greffier de la ville, est le secr\u00e9taire officiel de la commission municipale et de l&#039;agence de r\u00e9am\u00e9nagement de Miami Beach.<\/p>\n\t\t\t<a href=\"https:\/\/miamibeachfl.justfoia.com\/publicportal\/home\/newrequest\" target=\"_blank\" rel=\"noopener\">\n\t\t\t\t\t\t\tSoumettre une demande d&#039;acc\u00e8s aux documents publics\n\t\t\t\t\t<\/a>\n<h2>\n\t\t\tLiens principaux\t<\/h2>\n\t\t\t<a href=\"\/fr\/city-hall\/city-clerk\/boards-and-committees\/\" target=\"_self\">\n\t\t\t\t\t\t\t Conseils et comit\u00e9s\n\t\t\t<\/a>\n\t\t\t<a href=\"\/fr\/city-hall\/city-clerk\/meetings-and-agendas\/\" target=\"_self\">\n\t\t\t\t\t\t\tR\u00e9unions et ordres du jour de la ville de Miami Beach\n\t\t\t<\/a>\n\t\t\t<a href=\"\/fr\/city-hall\/city-clerk\/election-information\/\" target=\"_self\">\n\t\t\t\t\t\t\tInformations \u00e9lectorales\n\t\t\t<\/a>\n\t\t\t<a href=\"\/fr\/city-hall\/city-clerk\/forms\/\" target=\"_self\">\n\t\t\t\t\t\t\tFormulaires\n\t\t\t<\/a>\n\t\t\t<a href=\"\/fr\/city-hall\/city-clerk\/meeting-notices\/\" target=\"_self\">\n\t\t\t\t\t\t\tAnnonces l\u00e9gales et avis publics\n\t\t\t<\/a>\n\t\t\t<a href=\"https:\/\/docmgmt.miamibeachfl.gov\/WebLink\/Browse.aspx?id=315498&amp;dbid=0&amp;repo=CityClerk\" target=\"_blank\" rel=\"noopener\">\n\t\t\t\t\t\t\tLettres \u00e0 la Commission (LTC)\n\t\t\t<\/a>\n\t\t\t<a href=\"\/fr\/city-hall\/city-clerk\/lobbyist-information\/\" target=\"_self\">\n\t\t\t\t\t\t\tInformations sur les lobbyistes\n\t\t\t<\/a>\n\t\t\t<a href=\"\/fr\/city-hall\/city-clerk\/marriage-license\/\" target=\"_self\">\n\t\t\t\t\t\t\tLicence de mariage\n\t\t\t<\/a>\n\t\t\t<a href=\"\/fr\/city-hall\/city-clerk\/public-records-request\/\" target=\"_self\">\n\t\t\t\t\t\t\tRegistres publics \/ Laserfiche\n\t\t\t<\/a>\n\t\t\t<a href=\"\/fr\/city-hall\/city-clerk\/digital-archives\/\" target=\"_self\">\n\t\t\t\t\t\t\tArchives num\u00e9riques\n\t\t\t<\/a>\n\t\t\t<a href=\"\/fr\/city-hall\/city-clerk\/home-solicitation-ordinance\/\" target=\"_self\">\n\t\t\t\t\t\t\tListe de non-sollicitation de la ville\n\t\t\t<\/a>\n\t\t\t<a href=\"\/fr\/city-hall\/city-clerk\/residents-right-to-know\/\" target=\"_self\">\n\t\t\t\t\t\t\tLe droit des r\u00e9sidents \u00e0 savoir\n\t\t\t<\/a>\n\t\t\t<a href=\"\/fr\/city-hall\/city-clerk\/special-magistrate\/\" target=\"_self\">\n\t\t\t\t\t\t\tmagistrat sp\u00e9cial\n\t\t\t<\/a>\n\t\t\t<a href=\"\/fr\/city-hall\/planning\/land-development-dashboard\/\" target=\"_self\">\n\t\t\t\t\t\t\tTableau de bord de responsabilisation et d&#039;autonomisation des r\u00e9sidents\n\t\t\t<\/a>\n<h2>\n\t\t\tRessources connexes\t<\/h2>\n\t\t<ul>\n\t\t\t\t\t<li>\n\t\t\t\t\t<a href=\"http:\/\/docmgmt.miamibeachfl.gov\/weblink\/browse.aspx?id=120704&amp;dbid=0&amp;repo=CityClerk\" target=\"_self\">\n\t\t\t\t<h3>Resolutions &amp; Ordinances<\/h3>\n\t<\/a>\n\t\t\t<\/li>\n\t\t\t\t\t<li>\n\t\t\t\t\t<a href=\"https:\/\/dpanther.fiu.edu\/search?cc=City+of+Miami+Beach+Digital+Archives&amp;ln=en\" target=\"_blank\">\n\t\t\t\t<h3>Images historiques<\/h3>\n\t<\/a>\n\t\t\t<\/li>\n\t\t\t\t\t<li>\n\t\t\t\t\t<a href=\"https:\/\/miamibeachfl.justfoia.com\/publicportal\/home\/newrequest\" target=\"_blank\">\n\t\t\t\t<h3>Demander des documents publics<\/h3>\n\t<\/a>\n\t\t\t<\/li>\n\t\t\t\t\t<li>\n\t\t\t\t\t<a href=\"\/fr\/city-hall\/city-clerk\/public-records-request\/states-of-emergency\/\" target=\"_self\">\n\t\t\t\t<h3>\u00c9tat d&#039;urgence<\/h3>\n\t<\/a>\n\t\t\t<\/li>\n\t\t\t\t\t<li>\n\t\t\t\t\t<a href=\"\/fr\/city-hall\/city-clerk\/election-information\/november-2-2027-general-and-special-elections\/\" target=\"_blank\">\n\t\t\t\t<h3>2 novembre 2027 : \u00c9lections g\u00e9n\u00e9rales<\/h3>\n\t<\/a>\n\t\t\t<\/li>\n\t\t\t\t<\/ul>","protected":false},"excerpt":{"rendered":"<p><a href=\"tel:3056737411\" style=\"text-decoration:none; color:#004896;\"><br \/>\n    <i class=\"fa-solid fa-phone\"><\/i> 305.673.7411<br \/>\n<\/a><a href=\"\/fr\/city-hall\/city-clerk\/public-records-request\/additional-contacts\/\" style=\"text-decoration:none; color:#004896;\"><br \/>\n    <i class=\"fa-solid fa-circle-info\"><\/i> Coordonn\u00e9es<br \/>\n<\/a><\/p>","protected":false},"author":222,"featured_media":260519,"parent":28206,"menu_order":99,"comment_status":"closed","ping_status":"closed","template":"","meta":{"_searchwp_excluded":"","site-sidebar-layout":"default","site-content-layout":"","ast-site-content-layout":"default","site-content-style":"default","site-sidebar-style":"default","ast-global-header-display":"","ast-banner-title-visibility":"","ast-main-header-display":"","ast-hfb-above-header-display":"","ast-hfb-below-header-display":"","ast-hfb-mobile-header-display":"","site-post-title":"","ast-breadcrumbs-content":"","ast-featured-img":"","footer-sml-layout":"","ast-disable-related-posts":"","theme-transparent-header-meta":"","adv-header-id-meta":"","stick-header-meta":"","header-above-stick-meta":"","header-main-stick-meta":"","header-below-stick-meta":"","astra-migrate-meta-layouts":"default","ast-page-background-enabled":"default","ast-page-background-meta":{"desktop":{"background-color":"var(--ast-global-color-5)","background-image":"","background-repeat":"repeat","background-position":"center center","background-size":"auto","background-attachment":"scroll","background-type":"","background-media":"","overlay-type":"","overlay-color":"","overlay-opacity":"","overlay-gradient":""},"tablet":{"background-color":"","background-image":"","background-repeat":"repeat","background-position":"center center","background-size":"auto","background-attachment":"scroll","background-type":"","background-media":"","overlay-type":"","overlay-color":"","overlay-opacity":"","overlay-gradient":""},"mobile":{"background-color":"","background-image":"","background-repeat":"repeat","background-position":"center center","background-size":"auto","background-attachment":"scroll","background-type":"","background-media":"","overlay-type":"","overlay-color":"","overlay-opacity":"","overlay-gradient":""}},"ast-content-background-meta":{"desktop":{"background-color":"var(--ast-global-color-4)","background-image":"","background-repeat":"repeat","background-position":"center center","background-size":"auto","background-attachment":"scroll","background-type":"","background-media":"","overlay-type":"","overlay-color":"","overlay-opacity":"","overlay-gradient":""},"tablet":{"background-color":"var(--ast-global-color-4)","background-image":"","background-repeat":"repeat","background-position":"center center","background-size":"auto","background-attachment":"scroll","background-type":"","background-media":"","overlay-type":"","overlay-color":"","overlay-opacity":"","overlay-gradient":""},"mobile":{"background-color":"var(--ast-global-color-4)","background-image":"","background-repeat":"repeat","background-position":"center center","background-size":"auto","background-attachment":"scroll","background-type":"","background-media":"","overlay-type":"","overlay-color":"","overlay-opacity":"","overlay-gradient":""}},"footnotes":""},"categories":[1761],"tags":[1724,1732],"class_list":["post-28337","page","type-page","status-publish","has-post-thumbnail","hentry","category-government","tag-city-hall","tag-government"],"yoast_head":"<!-- This site is optimized with the Yoast SEO Premium plugin v27.4 (Yoast SEO v27.4) - https:\/\/yoast.com\/product\/yoast-seo-premium-wordpress\/ -->\n<title>City of Miami Beach City Clerk Official Duties Explained - City of Miami Beach<\/title>\n<meta name=\"description\" content=\"Learn about the City of Miami Beach City Clerk&#039;s responsibilities, including agenda compilation and public records management.\" \/>\n<meta name=\"robots\" content=\"index, follow, max-snippet:-1, max-image-preview:large, max-video-preview:-1\" \/>\n<link rel=\"canonical\" href=\"https:\/\/www.miamibeachfl.gov\/fr\/city-hall\/city-clerk\/\" \/>\n<meta property=\"og:locale\" content=\"fr_FR\" \/>\n<meta property=\"og:type\" content=\"article\" \/>\n<meta property=\"og:title\" content=\"City Clerk\" \/>\n<meta property=\"og:description\" content=\"Learn about the City of Miami Beach City Clerk&#039;s responsibilities, including agenda compilation and public records management.\" \/>\n<meta property=\"og:url\" content=\"https:\/\/www.miamibeachfl.gov\/fr\/city-hall\/city-clerk\/\" \/>\n<meta property=\"og:site_name\" content=\"City of Miami Beach\" \/>\n<meta property=\"article:publisher\" content=\"https:\/\/www.facebook.com\/cityofmiamibeach\" \/>\n<meta property=\"article:modified_time\" content=\"2026-04-24T14:07:40+00:00\" \/>\n<meta property=\"og:image\" content=\"https:\/\/www.miamibeachfl.gov\/wp-content\/uploads\/2023\/05\/500sq-PublicRecords.jpg\" \/>\n\t<meta property=\"og:image:width\" content=\"300\" \/>\n\t<meta property=\"og:image:height\" content=\"300\" \/>\n\t<meta property=\"og:image:type\" content=\"image\/jpeg\" \/>\n<meta name=\"twitter:card\" content=\"summary_large_image\" \/>\n<meta name=\"twitter:site\" content=\"@Miamibeachnews\" \/>\n<script type=\"application\/ld+json\" class=\"yoast-schema-graph\">{\"@context\":\"https:\\\/\\\/schema.org\",\"@graph\":[{\"@type\":\"WebPage\",\"@id\":\"https:\\\/\\\/www.miamibeachfl.gov\\\/city-hall\\\/city-clerk\\\/\",\"url\":\"https:\\\/\\\/www.miamibeachfl.gov\\\/city-hall\\\/city-clerk\\\/\",\"name\":\"City of Miami Beach City Clerk Official Duties Explained - City of Miami Beach\",\"isPartOf\":{\"@id\":\"https:\\\/\\\/www.miamibeachfl.gov\\\/#website\"},\"primaryImageOfPage\":{\"@id\":\"https:\\\/\\\/www.miamibeachfl.gov\\\/city-hall\\\/city-clerk\\\/#primaryimage\"},\"image\":{\"@id\":\"https:\\\/\\\/www.miamibeachfl.gov\\\/city-hall\\\/city-clerk\\\/#primaryimage\"},\"thumbnailUrl\":\"https:\\\/\\\/www.miamibeachfl.gov\\\/wp-content\\\/uploads\\\/2023\\\/05\\\/500sq-PublicRecords.jpg\",\"datePublished\":\"2017-08-11T00:03:18+00:00\",\"dateModified\":\"2026-04-24T14:07:40+00:00\",\"description\":\"Learn about the City of Miami Beach City Clerk's responsibilities, including agenda compilation and public records management.\",\"breadcrumb\":{\"@id\":\"https:\\\/\\\/www.miamibeachfl.gov\\\/city-hall\\\/city-clerk\\\/#breadcrumb\"},\"inLanguage\":\"fr-FR\",\"potentialAction\":[{\"@type\":\"ReadAction\",\"target\":[\"https:\\\/\\\/www.miamibeachfl.gov\\\/city-hall\\\/city-clerk\\\/\"]}]},{\"@type\":\"ImageObject\",\"inLanguage\":\"fr-FR\",\"@id\":\"https:\\\/\\\/www.miamibeachfl.gov\\\/city-hall\\\/city-clerk\\\/#primaryimage\",\"url\":\"https:\\\/\\\/www.miamibeachfl.gov\\\/wp-content\\\/uploads\\\/2023\\\/05\\\/500sq-PublicRecords.jpg\",\"contentUrl\":\"https:\\\/\\\/www.miamibeachfl.gov\\\/wp-content\\\/uploads\\\/2023\\\/05\\\/500sq-PublicRecords.jpg\",\"width\":300,\"height\":300,\"caption\":\"Public Records Online\"},{\"@type\":\"BreadcrumbList\",\"@id\":\"https:\\\/\\\/www.miamibeachfl.gov\\\/city-hall\\\/city-clerk\\\/#breadcrumb\",\"itemListElement\":[{\"@type\":\"ListItem\",\"position\":1,\"name\":\"Home\",\"item\":\"https:\\\/\\\/www.miamibeachfl.gov\\\/\"},{\"@type\":\"ListItem\",\"position\":2,\"name\":\"City Hall\",\"item\":\"https:\\\/\\\/www.miamibeachfl.gov\\\/city-hall\\\/\"},{\"@type\":\"ListItem\",\"position\":3,\"name\":\"City Clerk\"}]},{\"@type\":\"WebSite\",\"@id\":\"https:\\\/\\\/www.miamibeachfl.gov\\\/#website\",\"url\":\"https:\\\/\\\/www.miamibeachfl.gov\\\/\",\"name\":\"City of Miami Beach\",\"description\":\"The official website of the City of Miami Beach. Stay informed, find important information on city services, news, alerts, events, trolley routes, government employment and more.\",\"publisher\":{\"@id\":\"https:\\\/\\\/www.miamibeachfl.gov\\\/#organization\"},\"potentialAction\":[{\"@type\":\"SearchAction\",\"target\":{\"@type\":\"EntryPoint\",\"urlTemplate\":\"https:\\\/\\\/www.miamibeachfl.gov\\\/?s={search_term_string}\"},\"query-input\":{\"@type\":\"PropertyValueSpecification\",\"valueRequired\":true,\"valueName\":\"search_term_string\"}}],\"inLanguage\":\"fr-FR\"},{\"@type\":\"Organization\",\"@id\":\"https:\\\/\\\/www.miamibeachfl.gov\\\/#organization\",\"name\":\"City of Miami Beach\",\"url\":\"https:\\\/\\\/www.miamibeachfl.gov\\\/\",\"logo\":{\"@type\":\"ImageObject\",\"inLanguage\":\"fr-FR\",\"@id\":\"https:\\\/\\\/www.miamibeachfl.gov\\\/#\\\/schema\\\/logo\\\/image\\\/\",\"url\":\"https:\\\/\\\/www.miamibeachfl.gov\\\/wp-content\\\/uploads\\\/2022\\\/06\\\/miamibeach-logoblue.png\",\"contentUrl\":\"https:\\\/\\\/www.miamibeachfl.gov\\\/wp-content\\\/uploads\\\/2022\\\/06\\\/miamibeach-logoblue.png\",\"width\":1962,\"height\":381,\"caption\":\"City of Miami Beach\"},\"image\":{\"@id\":\"https:\\\/\\\/www.miamibeachfl.gov\\\/#\\\/schema\\\/logo\\\/image\\\/\"},\"sameAs\":[\"https:\\\/\\\/www.facebook.com\\\/cityofmiamibeach\",\"https:\\\/\\\/x.com\\\/Miamibeachnews\",\"https:\\\/\\\/www.instagram.com\\\/miamibeachnews\\\/\"],\"description\":\"The official website of the City of Miami Beach. Stay informed, find important information on city services, news, alerts, events, trolley routes, government employment and more.\",\"telephone\":\"305.604.CITY(2489)\",\"legalName\":\"City of Miami Beach\"}]}<\/script>\n<!-- \/ Yoast SEO Premium plugin. -->","yoast_head_json":{"title":"City of Miami Beach City Clerk Official Duties Explained - City of Miami Beach","description":"Learn about the City of Miami Beach City Clerk's responsibilities, including agenda compilation and public records management.","robots":{"index":"index","follow":"follow","max-snippet":"max-snippet:-1","max-image-preview":"max-image-preview:large","max-video-preview":"max-video-preview:-1"},"canonical":"https:\/\/www.miamibeachfl.gov\/fr\/city-hall\/city-clerk\/","og_locale":"fr_FR","og_type":"article","og_title":"City Clerk","og_description":"Learn about the City of Miami Beach City Clerk's responsibilities, including agenda compilation and public records management.","og_url":"https:\/\/www.miamibeachfl.gov\/fr\/city-hall\/city-clerk\/","og_site_name":"City of Miami Beach","article_publisher":"https:\/\/www.facebook.com\/cityofmiamibeach","article_modified_time":"2026-04-24T14:07:40+00:00","og_image":[{"width":300,"height":300,"url":"https:\/\/www.miamibeachfl.gov\/wp-content\/uploads\/2023\/05\/500sq-PublicRecords.jpg","type":"image\/jpeg"}],"twitter_card":"summary_large_image","twitter_site":"@Miamibeachnews","schema":{"@context":"https:\/\/schema.org","@graph":[{"@type":"WebPage","@id":"https:\/\/www.miamibeachfl.gov\/city-hall\/city-clerk\/","url":"https:\/\/www.miamibeachfl.gov\/city-hall\/city-clerk\/","name":"City of Miami Beach City Clerk Official Duties Explained - City of Miami Beach","isPartOf":{"@id":"https:\/\/www.miamibeachfl.gov\/#website"},"primaryImageOfPage":{"@id":"https:\/\/www.miamibeachfl.gov\/city-hall\/city-clerk\/#primaryimage"},"image":{"@id":"https:\/\/www.miamibeachfl.gov\/city-hall\/city-clerk\/#primaryimage"},"thumbnailUrl":"https:\/\/www.miamibeachfl.gov\/wp-content\/uploads\/2023\/05\/500sq-PublicRecords.jpg","datePublished":"2017-08-11T00:03:18+00:00","dateModified":"2026-04-24T14:07:40+00:00","description":"Learn about the City of Miami Beach City Clerk's responsibilities, including agenda compilation and public records management.","breadcrumb":{"@id":"https:\/\/www.miamibeachfl.gov\/city-hall\/city-clerk\/#breadcrumb"},"inLanguage":"fr-FR","potentialAction":[{"@type":"ReadAction","target":["https:\/\/www.miamibeachfl.gov\/city-hall\/city-clerk\/"]}]},{"@type":"ImageObject","inLanguage":"fr-FR","@id":"https:\/\/www.miamibeachfl.gov\/city-hall\/city-clerk\/#primaryimage","url":"https:\/\/www.miamibeachfl.gov\/wp-content\/uploads\/2023\/05\/500sq-PublicRecords.jpg","contentUrl":"https:\/\/www.miamibeachfl.gov\/wp-content\/uploads\/2023\/05\/500sq-PublicRecords.jpg","width":300,"height":300,"caption":"Public Records Online"},{"@type":"BreadcrumbList","@id":"https:\/\/www.miamibeachfl.gov\/city-hall\/city-clerk\/#breadcrumb","itemListElement":[{"@type":"ListItem","position":1,"name":"Home","item":"https:\/\/www.miamibeachfl.gov\/"},{"@type":"ListItem","position":2,"name":"City Hall","item":"https:\/\/www.miamibeachfl.gov\/city-hall\/"},{"@type":"ListItem","position":3,"name":"City Clerk"}]},{"@type":"WebSite","@id":"https:\/\/www.miamibeachfl.gov\/#website","url":"https:\/\/www.miamibeachfl.gov\/","name":"Ville de Miami Beach","description":"Site officiel de la ville de Miami Beach. Restez inform\u00e9 et trouvez des informations importantes sur les services municipaux, les actualit\u00e9s, les alertes, les \u00e9v\u00e9nements, les itin\u00e9raires de tramway, les emplois gouvernementaux et bien plus encore.","publisher":{"@id":"https:\/\/www.miamibeachfl.gov\/#organization"},"potentialAction":[{"@type":"SearchAction","target":{"@type":"EntryPoint","urlTemplate":"https:\/\/www.miamibeachfl.gov\/?s={search_term_string}"},"query-input":{"@type":"PropertyValueSpecification","valueRequired":true,"valueName":"search_term_string"}}],"inLanguage":"fr-FR"},{"@type":"Organization","@id":"https:\/\/www.miamibeachfl.gov\/#organization","name":"Ville de Miami Beach","url":"https:\/\/www.miamibeachfl.gov\/","logo":{"@type":"ImageObject","inLanguage":"fr-FR","@id":"https:\/\/www.miamibeachfl.gov\/#\/schema\/logo\/image\/","url":"https:\/\/www.miamibeachfl.gov\/wp-content\/uploads\/2022\/06\/miamibeach-logoblue.png","contentUrl":"https:\/\/www.miamibeachfl.gov\/wp-content\/uploads\/2022\/06\/miamibeach-logoblue.png","width":1962,"height":381,"caption":"City of Miami Beach"},"image":{"@id":"https:\/\/www.miamibeachfl.gov\/#\/schema\/logo\/image\/"},"sameAs":["https:\/\/www.facebook.com\/cityofmiamibeach","https:\/\/x.com\/Miamibeachnews","https:\/\/www.instagram.com\/miamibeachnews\/"],"description":"Site officiel de la ville de Miami Beach. Restez inform\u00e9 et trouvez des informations importantes sur les services municipaux, les actualit\u00e9s, les alertes, les \u00e9v\u00e9nements, les itin\u00e9raires de tramway, les emplois gouvernementaux et bien plus encore.","telephone":"305.604.CITY(2489)","legalName":"City of Miami Beach"}]}},"_links":{"self":[{"href":"https:\/\/www.miamibeachfl.gov\/fr\/wp-json\/wp\/v2\/pages\/28337","targetHints":{"allow":["GET"]}}],"collection":[{"href":"https:\/\/www.miamibeachfl.gov\/fr\/wp-json\/wp\/v2\/pages"}],"about":[{"href":"https:\/\/www.miamibeachfl.gov\/fr\/wp-json\/wp\/v2\/types\/page"}],"author":[{"embeddable":true,"href":"https:\/\/www.miamibeachfl.gov\/fr\/wp-json\/wp\/v2\/users\/222"}],"replies":[{"embeddable":true,"href":"https:\/\/www.miamibeachfl.gov\/fr\/wp-json\/wp\/v2\/comments?post=28337"}],"version-history":[{"count":14,"href":"https:\/\/www.miamibeachfl.gov\/fr\/wp-json\/wp\/v2\/pages\/28337\/revisions"}],"predecessor-version":[{"id":399464,"href":"https:\/\/www.miamibeachfl.gov\/fr\/wp-json\/wp\/v2\/pages\/28337\/revisions\/399464"}],"up":[{"embeddable":true,"href":"https:\/\/www.miamibeachfl.gov\/fr\/wp-json\/wp\/v2\/pages\/28206"}],"wp:featuredmedia":[{"embeddable":true,"href":"https:\/\/www.miamibeachfl.gov\/fr\/wp-json\/wp\/v2\/media\/260519"}],"wp:attachment":[{"href":"https:\/\/www.miamibeachfl.gov\/fr\/wp-json\/wp\/v2\/media?parent=28337"}],"wp:term":[{"taxonomy":"category","embeddable":true,"href":"https:\/\/www.miamibeachfl.gov\/fr\/wp-json\/wp\/v2\/categories?post=28337"},{"taxonomy":"post_tag","embeddable":true,"href":"https:\/\/www.miamibeachfl.gov\/fr\/wp-json\/wp\/v2\/tags?post=28337"}],"curies":[{"name":"wp","href":"https:\/\/api.w.org\/{rel}","templated":true}]}}