{"id":28391,"date":"2017-08-11T00:03:58","date_gmt":"2017-08-11T00:03:58","guid":{"rendered":"http:\/\/www.miamibeachfl.gov\/city-hall\/communications\/"},"modified":"2026-01-05T13:11:00","modified_gmt":"2026-01-05T18:11:00","slug":"communications","status":"publish","type":"page","link":"https:\/\/www.miamibeachfl.gov\/fr\/city-hall\/communications\/","title":{"rendered":"Marketing et communication"},"content":{"rendered":"<h1>\n\t\t\tMarketing et communication\t<\/h1>\n\t\t\t\t\t\t<h2>Le Bureau du marketing et de la communication est un v\u00e9ritable carrefour reliant la ville de Miami Beach aux r\u00e9sidents, aux associations, \u00e0 nos nombreux visiteurs et aux m\u00e9dias. Il prend le pouls des acteurs de la ville pour remplir son r\u00f4le d&#039;agence de marketing interne et de moteur de communication pour tous les services municipaux. En savoir plus\u2026<\/h2>\n\t\t\t<p>Le service Marketing et Communication dispose d&#039;une bo\u00eete \u00e0 outils comprenant des communiqu\u00e9s de presse, des campagnes sur les r\u00e9seaux sociaux sur de multiples plateformes, des newsletters adapt\u00e9es \u00e0 des publics cibl\u00e9s, des publications imprim\u00e9es, des campagnes t\u00e9l\u00e9vis\u00e9es, du publipostage, des alertes SMS, des interactions personnelles avec des groupes communautaires, des communications de crise et de la publicit\u00e9 ext\u00e9rieure, notamment sur des panneaux d&#039;affichage, des abribus et des habillages de trolleybus. Nous produisons des milliers de contenus cr\u00e9atifs chaque ann\u00e9e. Le bureau n&#039;est pas charg\u00e9 de promouvoir le tourisme et l&#039;h\u00f4tellerie, ces initiatives \u00e9tant sous-trait\u00e9es \u00e0 l&#039;Office de Tourisme et des Congr\u00e8s du Grand Miami. Il joue n\u00e9anmoins un r\u00f4le important dans la diffusion d&#039;informations sur les \u00e9v\u00e9nements \u00e0 forte composante touristique.<\/p>\n\t<a href=\"\/fr\/engagementtoolbox\/\" target=\"_self\"  aria-label=\"Acc\u00e9dez \u00e0 \/engagementtoolbox\/\"><\/a>\n\t\t<h3>Bo\u00eete \u00e0 outils d&#039;engagement<\/h3>\t\t\t\n\t\t\t\t<p>Toutes les mani\u00e8res de<br \/>Restez connect\u00e9<\/p>\n\t<a href=\"\/fr\/city-hall\/communications\/subscriptions\/\" target=\"_self\"  aria-label=\"Acc\u00e9dez \u00e0 \/mairie\/communications\/abonnements\"><\/a>\n\t\t<h3>E-News<\/h3>\t\t\t\n\t\t\t\t<p>Abonnez-vous pour recevoir<br \/>Mises \u00e0 jour de la ville par e-mail<\/p>\n\t<a href=\"\/fr\/city-hall\/communications\/logos\/\" target=\"_self\"  aria-label=\"Acc\u00e9dez \u00e0 \/city-hall\/communications\/logos\"><\/a>\n\t\t<h3>Logos<\/h3>\t\t\t\n\t\t\t\t<p>Demande officielle<br \/>Logos de la ville<\/p>\n\t<a href=\"\/fr\/city-hall\/communications\/advertising-rates\/\" target=\"_self\"  aria-label=\"Acc\u00e9dez \u00e0 \/city-hall\/communications\/advertising-rates\"><\/a>\n\t\t<h3>Tarifs publicitaires<\/h3>\t\t\t\n\t\t\t\t<p>Annoncer<br \/>Avec nous<\/p>\n\t<a href=\"https:\/\/www.facebook.com\/cityofmiamibeach\/\" target=\"_self\"  aria-label=\"Allez sur https:\/\/www.facebook.com\/cityofmiamibeach\/\"><\/a>\n\t\t<h3>Facebook<\/h3>\t\t\t\n<h2>\n\t\t\tDerniers communiqu\u00e9s de presse\t<\/h2>\n\t\t\t<a href=\"https:\/\/www.miamibeachfl.gov\/fr\/city-hall\/communications\/press-releases\/\" target=\"_self\">\n\t\t\t\t\t\t\tTous les communiqu\u00e9s de presse\n\t\t\t<\/a>\n\t<iframe allow=\"clipboard-write\" sandbox=\"allow-top-navigation allow-top-navigation-by-user-activation allow-downloads allow-scripts allow-same-origin allow-popups allow-modals allow-popups-to-escape-sandbox allow-forms\" allowfullscreen=\"true\" src=\"https:\/\/e.issuu.com\/embed.html?d=mb_magazine_winter_2026_volume_21_issue_number_1_&#038;u=cityofmiamibeach\"><\/iframe>\n<h2>\n\t\t\tMBTV\t<\/h2>\n<iframe loading=\"lazy\" title=\"Lecteur vid\u00e9o Swagit\" src=\"https:\/\/miamibeachfl.new.swagit.com\/views\/42?autoplay=1\" width=\"100%\" height=\"800px\" frameborder=\"0\" allowfullscreen=\"allowfullscreen\"><\/iframe>\n\t<ul>\n\t\t<li>\t\t\n\t\t\t\t<img decoding=\"async\" src=\"https:\/\/www.miamibeachfl.gov\/wp-content\/uploads\/bb-plugin\/cache\/icon-viewpayapply-circle.png\" alt=\"Permits\" title=\"ic\u00f4ne-vuepayerappliquer\" itemprop=\"image\"\/>\n\t\t<h3>Abonnez-vous \u00e0 notre newsletter \u00e9lectronique<\/h3><p><strong><a href=\"https:\/\/visitor.r20.constantcontact.com\/manage\/optin?v=001G3gQF_El_4o1UEbguheB5mmzfG7onDdMWh1j1h9a2GsYhO3lonlhDSUJFN_o5P9wC0vRAaCeLeZPSQUtU24d15ThoaXBqAVUR9PeN6M6eUc%3D\">Consultez les derniers num\u00e9ros et les anciens num\u00e9ros de la publication trimestrielle de la ville. Cliquez ici pour vous abonner.<\/a><\/strong><\/p><\/li>\t<\/ul>\n\t\t<h2>Division des affaires de quartier<\/h2>\n\t\t<p>La Division des affaires de quartier travaille en \u00e9troite collaboration avec les services op\u00e9rationnels de la ville pour coordonner une prestation am\u00e9lior\u00e9e des services municipaux d&#039;une mani\u00e8re qui r\u00e9ponde aux besoins et aux demandes sp\u00e9cifiques des quartiers de la ville.<\/p>\n\t\t\t<a href=\"\/fr\/residents\/neighborhood-affairs-division\/\" target=\"_self\">\n\t\t\t\t\t\t\tApprendre encore plus\n\t\t\t<\/a>\n\t\t<a href=\"https:\/\/www.miamibeachfl.gov\/fr\/city-hall\/communications\/melissa-berthier\/\" target =\"_self\" aria-label=\"Allez sur https:\/\/www.miamibeachfl.gov\/city-hall\/communications\/melissa-berthier\/\">\t\t\n\t\t\t\t<img decoding=\"async\" src=\"https:\/\/www.miamibeachfl.gov\/wp-content\/uploads\/bb-plugin\/cache\/IMG_1581Cropped-circle.jpg\" alt=\"Melissa Berthier\" title=\"IMG_1581Recadr\u00e9\" itemprop=\"image\"\/>\n\t\t<\/a>\t\t \n\t\t<h3><a href=\"https:\/\/www.miamibeachfl.gov\/fr\/city-hall\/communications\/melissa-berthier\/\" target =\"_self\">Melissa Berthier | Biographie<\/a><\/h3>La carri\u00e8re de la directrice Melissa Berthier s&#039;est \u00e9tendue \u00e0 une vari\u00e9t\u00e9 d&#039;industries, allant des organismes \u00e0 but non lucratif aux magazines, de la beaut\u00e9 aux transports en commun et, depuis dix ans, au gouvernement local. \t\t\t\t\t\n\t<ul>\n\t\t<li>\t\t\t\t\n\t\t<h3>Si\u00e8ge social :<\/h3><p><a href=\"https:\/\/goo.gl\/maps\/6gS89fYMKwgryvmc9\"><strong>1700 Convention Center Drive<\/strong><\/a><br \/><strong>Miami Beach, FL 33139<\/strong><\/p><\/li><li>\t\t\t\t\n\t\t<h3>Num\u00e9ro principal :<\/h3><p><strong><a href=\"tel:3056737575\">305.673.7575<\/a><\/strong><\/p><\/li><li>\t\t\t\t\n\t\t<h3>E-mail:<\/h3><p><strong><a href=\"mailto:MelissaBerthier@miamibeachfl.gov\">MelissaBerthier@miamibeachfl.gov<\/a><\/strong><\/p><\/li><li>\t\t\t\t\n\t\t<h3>Heures d&#039;ouverture :<\/h3><p><strong>Lundi \u2013 Vendredi<\/strong><br \/>9h \u2013 17h<\/p><\/li>\t<\/ul>\n\t\t\t<a href=\"#backtotop\" target=\"_self\">\n\t\t\t\t\t\tRetour en haut\n\t\t\t\t\t<\/a>","protected":false},"excerpt":{"rendered":"<p><a href=\"tel:3056737575\" style=\"text-decoration:none; color:#004896;\"><br \/>\n    <i class=\"fa-solid fa-phone\"><\/i> 305.673.7575<br \/>\n<\/a><a href=\"https:\/\/www.miamibeachfl.gov\/wp-content\/uploads\/2024\/11\/Additional-Contact-Info.pdf\" style=\"text-decoration:none; color:#004896;\"><br \/>\n    <i class=\"fa-solid fa-circle-info\"><\/i> Coordonn\u00e9es<br \/>\n<\/a><\/p>","protected":false},"author":222,"featured_media":226053,"parent":28206,"menu_order":250,"comment_status":"closed","ping_status":"closed","template":"","meta":{"_searchwp_excluded":"","site-sidebar-layout":"default","site-content-layout":"","ast-site-content-layout":"default","site-content-style":"default","site-sidebar-style":"default","ast-global-header-display":"","ast-banner-title-visibility":"","ast-main-header-display":"","ast-hfb-above-header-display":"","ast-hfb-below-header-display":"","ast-hfb-mobile-header-display":"","site-post-title":"","ast-breadcrumbs-content":"","ast-featured-img":"","footer-sml-layout":"","theme-transparent-header-meta":"","adv-header-id-meta":"","stick-header-meta":"","header-above-stick-meta":"","header-main-stick-meta":"","header-below-stick-meta":"","astra-migrate-meta-layouts":"default","ast-page-background-enabled":"default","ast-page-background-meta":{"desktop":{"background-color":"var(--ast-global-color-5)","background-image":"","background-repeat":"repeat","background-position":"center center","background-size":"auto","background-attachment":"scroll","background-type":"","background-media":"","overlay-type":"","overlay-color":"","overlay-opacity":"","overlay-gradient":""},"tablet":{"background-color":"","background-image":"","background-repeat":"repeat","background-position":"center center","background-size":"auto","background-attachment":"scroll","background-type":"","background-media":"","overlay-type":"","overlay-color":"","overlay-opacity":"","overlay-gradient":""},"mobile":{"background-color":"","background-image":"","background-repeat":"repeat","background-position":"center center","background-size":"auto","background-attachment":"scroll","background-type":"","background-media":"","overlay-type":"","overlay-color":"","overlay-opacity":"","overlay-gradient":""}},"ast-content-background-meta":{"desktop":{"background-color":"var(--ast-global-color-4)","background-image":"","background-repeat":"repeat","background-position":"center center","background-size":"auto","background-attachment":"scroll","background-type":"","background-media":"","overlay-type":"","overlay-color":"","overlay-opacity":"","overlay-gradient":""},"tablet":{"background-color":"var(--ast-global-color-4)","background-image":"","background-repeat":"repeat","background-position":"center center","background-size":"auto","background-attachment":"scroll","background-type":"","background-media":"","overlay-type":"","overlay-color":"","overlay-opacity":"","overlay-gradient":""},"mobile":{"background-color":"var(--ast-global-color-4)","background-image":"","background-repeat":"repeat","background-position":"center center","background-size":"auto","background-attachment":"scroll","background-type":"","background-media":"","overlay-type":"","overlay-color":"","overlay-opacity":"","overlay-gradient":""}},"footnotes":""},"categories":[],"tags":[1727],"class_list":["post-28391","page","type-page","status-publish","has-post-thumbnail","hentry","tag-administrative"],"yoast_head":"<!-- This site is optimized with the Yoast SEO Premium plugin v27.4 (Yoast SEO v27.4) - https:\/\/yoast.com\/product\/yoast-seo-premium-wordpress\/ -->\n<title>Marketing &amp; Communications - City of Miami Beach<\/title>\n<meta name=\"description\" content=\"The City of Miami Beach Office of Marketing &amp; Communications connects the City of Miami Beach with residents, community groups, our many visitors, and the media. The Marketing and Communications Department directs press releases, social media across multiple platforms, and email newsletters.\" \/>\n<meta name=\"robots\" content=\"index, follow, max-snippet:-1, max-image-preview:large, max-video-preview:-1\" \/>\n<link rel=\"canonical\" href=\"https:\/\/www.miamibeachfl.gov\/fr\/city-hall\/communications\/\" \/>\n<meta property=\"og:locale\" content=\"fr_FR\" \/>\n<meta property=\"og:type\" content=\"article\" \/>\n<meta property=\"og:title\" content=\"Marketing &amp; Communications\" \/>\n<meta property=\"og:description\" content=\"The City of Miami Beach Office of Marketing &amp; Communications connects the City of Miami Beach with residents, community groups, our many visitors, and the media. The Marketing and Communications Department directs press releases, social media across multiple platforms, and email newsletters.\" \/>\n<meta property=\"og:url\" content=\"https:\/\/www.miamibeachfl.gov\/fr\/city-hall\/communications\/\" \/>\n<meta property=\"og:site_name\" content=\"City of Miami Beach\" \/>\n<meta property=\"article:publisher\" content=\"https:\/\/www.facebook.com\/cityofmiamibeach\" \/>\n<meta property=\"article:modified_time\" content=\"2026-01-05T18:11:00+00:00\" \/>\n<meta property=\"og:image\" content=\"https:\/\/www.miamibeachfl.gov\/wp-content\/uploads\/2022\/10\/MiamiBeach-visitor-aerial2.jpg\" \/>\n\t<meta property=\"og:image:width\" content=\"2200\" \/>\n\t<meta property=\"og:image:height\" content=\"865\" \/>\n\t<meta property=\"og:image:type\" content=\"image\/jpeg\" \/>\n<meta name=\"twitter:card\" content=\"summary_large_image\" \/>\n<meta name=\"twitter:site\" content=\"@Miamibeachnews\" \/>\n<script type=\"application\/ld+json\" class=\"yoast-schema-graph\">{\"@context\":\"https:\\\/\\\/schema.org\",\"@graph\":[{\"@type\":\"WebPage\",\"@id\":\"https:\\\/\\\/www.miamibeachfl.gov\\\/city-hall\\\/communications\\\/\",\"url\":\"https:\\\/\\\/www.miamibeachfl.gov\\\/city-hall\\\/communications\\\/\",\"name\":\"Marketing & Communications - City of Miami Beach\",\"isPartOf\":{\"@id\":\"https:\\\/\\\/www.miamibeachfl.gov\\\/#website\"},\"primaryImageOfPage\":{\"@id\":\"https:\\\/\\\/www.miamibeachfl.gov\\\/city-hall\\\/communications\\\/#primaryimage\"},\"image\":{\"@id\":\"https:\\\/\\\/www.miamibeachfl.gov\\\/city-hall\\\/communications\\\/#primaryimage\"},\"thumbnailUrl\":\"https:\\\/\\\/www.miamibeachfl.gov\\\/wp-content\\\/uploads\\\/2022\\\/10\\\/MiamiBeach-visitor-aerial2.jpg\",\"datePublished\":\"2017-08-11T00:03:58+00:00\",\"dateModified\":\"2026-01-05T18:11:00+00:00\",\"description\":\"The City of Miami Beach Office of Marketing & Communications connects the City of Miami Beach with residents, community groups, our many visitors, and the media. The Marketing and Communications Department directs press releases, social media across multiple platforms, and email newsletters.\",\"breadcrumb\":{\"@id\":\"https:\\\/\\\/www.miamibeachfl.gov\\\/city-hall\\\/communications\\\/#breadcrumb\"},\"inLanguage\":\"fr-FR\",\"potentialAction\":[{\"@type\":\"ReadAction\",\"target\":[\"https:\\\/\\\/www.miamibeachfl.gov\\\/city-hall\\\/communications\\\/\"]}]},{\"@type\":\"ImageObject\",\"inLanguage\":\"fr-FR\",\"@id\":\"https:\\\/\\\/www.miamibeachfl.gov\\\/city-hall\\\/communications\\\/#primaryimage\",\"url\":\"https:\\\/\\\/www.miamibeachfl.gov\\\/wp-content\\\/uploads\\\/2022\\\/10\\\/MiamiBeach-visitor-aerial2.jpg\",\"contentUrl\":\"https:\\\/\\\/www.miamibeachfl.gov\\\/wp-content\\\/uploads\\\/2022\\\/10\\\/MiamiBeach-visitor-aerial2.jpg\",\"width\":2200,\"height\":865,\"caption\":\"miami Beach aerial\"},{\"@type\":\"BreadcrumbList\",\"@id\":\"https:\\\/\\\/www.miamibeachfl.gov\\\/city-hall\\\/communications\\\/#breadcrumb\",\"itemListElement\":[{\"@type\":\"ListItem\",\"position\":1,\"name\":\"Home\",\"item\":\"https:\\\/\\\/www.miamibeachfl.gov\\\/\"},{\"@type\":\"ListItem\",\"position\":2,\"name\":\"City Hall\",\"item\":\"https:\\\/\\\/www.miamibeachfl.gov\\\/city-hall\\\/\"},{\"@type\":\"ListItem\",\"position\":3,\"name\":\"Marketing &#038; Communications\"}]},{\"@type\":\"WebSite\",\"@id\":\"https:\\\/\\\/www.miamibeachfl.gov\\\/#website\",\"url\":\"https:\\\/\\\/www.miamibeachfl.gov\\\/\",\"name\":\"City of Miami Beach\",\"description\":\"The official website of the City of Miami Beach. Stay informed, find important information on city services, news, alerts, events, trolley routes, government employment and more.\",\"publisher\":{\"@id\":\"https:\\\/\\\/www.miamibeachfl.gov\\\/#organization\"},\"potentialAction\":[{\"@type\":\"SearchAction\",\"target\":{\"@type\":\"EntryPoint\",\"urlTemplate\":\"https:\\\/\\\/www.miamibeachfl.gov\\\/?s={search_term_string}\"},\"query-input\":{\"@type\":\"PropertyValueSpecification\",\"valueRequired\":true,\"valueName\":\"search_term_string\"}}],\"inLanguage\":\"fr-FR\"},{\"@type\":\"Organization\",\"@id\":\"https:\\\/\\\/www.miamibeachfl.gov\\\/#organization\",\"name\":\"City of Miami Beach\",\"url\":\"https:\\\/\\\/www.miamibeachfl.gov\\\/\",\"logo\":{\"@type\":\"ImageObject\",\"inLanguage\":\"fr-FR\",\"@id\":\"https:\\\/\\\/www.miamibeachfl.gov\\\/#\\\/schema\\\/logo\\\/image\\\/\",\"url\":\"https:\\\/\\\/www.miamibeachfl.gov\\\/wp-content\\\/uploads\\\/2022\\\/06\\\/miamibeach-logoblue.png\",\"contentUrl\":\"https:\\\/\\\/www.miamibeachfl.gov\\\/wp-content\\\/uploads\\\/2022\\\/06\\\/miamibeach-logoblue.png\",\"width\":1962,\"height\":381,\"caption\":\"City of Miami Beach\"},\"image\":{\"@id\":\"https:\\\/\\\/www.miamibeachfl.gov\\\/#\\\/schema\\\/logo\\\/image\\\/\"},\"sameAs\":[\"https:\\\/\\\/www.facebook.com\\\/cityofmiamibeach\",\"https:\\\/\\\/x.com\\\/Miamibeachnews\",\"https:\\\/\\\/www.instagram.com\\\/miamibeachnews\\\/\"],\"description\":\"The official website of the City of Miami Beach. Stay informed, find important information on city services, news, alerts, events, trolley routes, government employment and more.\",\"telephone\":\"305.604.CITY(2489)\",\"legalName\":\"City of Miami Beach\"}]}<\/script>\n<!-- \/ Yoast SEO Premium plugin. -->","yoast_head_json":{"title":"Marketing et communication - Ville de Miami Beach","description":"Le Bureau du marketing et de la communication de la Ville de Miami Beach assure le lien entre la Ville de Miami Beach, les r\u00e9sidents, les associations, nos nombreux visiteurs et les m\u00e9dias. Le service marketing et communication g\u00e8re les communiqu\u00e9s de presse, les r\u00e9seaux sociaux sur plusieurs plateformes et les newsletters.","robots":{"index":"index","follow":"follow","max-snippet":"max-snippet:-1","max-image-preview":"max-image-preview:large","max-video-preview":"max-video-preview:-1"},"canonical":"https:\/\/www.miamibeachfl.gov\/fr\/city-hall\/communications\/","og_locale":"fr_FR","og_type":"article","og_title":"Marketing & Communications","og_description":"The City of Miami Beach Office of Marketing & Communications connects the City of Miami Beach with residents, community groups, our many visitors, and the media. The Marketing and Communications Department directs press releases, social media across multiple platforms, and email newsletters.","og_url":"https:\/\/www.miamibeachfl.gov\/fr\/city-hall\/communications\/","og_site_name":"City of Miami Beach","article_publisher":"https:\/\/www.facebook.com\/cityofmiamibeach","article_modified_time":"2026-01-05T18:11:00+00:00","og_image":[{"width":2200,"height":865,"url":"https:\/\/www.miamibeachfl.gov\/wp-content\/uploads\/2022\/10\/MiamiBeach-visitor-aerial2.jpg","type":"image\/jpeg"}],"twitter_card":"summary_large_image","twitter_site":"@Miamibeachnews","schema":{"@context":"https:\/\/schema.org","@graph":[{"@type":"WebPage","@id":"https:\/\/www.miamibeachfl.gov\/city-hall\/communications\/","url":"https:\/\/www.miamibeachfl.gov\/city-hall\/communications\/","name":"Marketing et communication - Ville de Miami Beach","isPartOf":{"@id":"https:\/\/www.miamibeachfl.gov\/#website"},"primaryImageOfPage":{"@id":"https:\/\/www.miamibeachfl.gov\/city-hall\/communications\/#primaryimage"},"image":{"@id":"https:\/\/www.miamibeachfl.gov\/city-hall\/communications\/#primaryimage"},"thumbnailUrl":"https:\/\/www.miamibeachfl.gov\/wp-content\/uploads\/2022\/10\/MiamiBeach-visitor-aerial2.jpg","datePublished":"2017-08-11T00:03:58+00:00","dateModified":"2026-01-05T18:11:00+00:00","description":"Le Bureau du marketing et de la communication de la Ville de Miami Beach assure le lien entre la Ville de Miami Beach, les r\u00e9sidents, les associations, nos nombreux visiteurs et les m\u00e9dias. Le service marketing et communication g\u00e8re les communiqu\u00e9s de presse, les r\u00e9seaux sociaux sur plusieurs plateformes et les newsletters.","breadcrumb":{"@id":"https:\/\/www.miamibeachfl.gov\/city-hall\/communications\/#breadcrumb"},"inLanguage":"fr-FR","potentialAction":[{"@type":"ReadAction","target":["https:\/\/www.miamibeachfl.gov\/city-hall\/communications\/"]}]},{"@type":"ImageObject","inLanguage":"fr-FR","@id":"https:\/\/www.miamibeachfl.gov\/city-hall\/communications\/#primaryimage","url":"https:\/\/www.miamibeachfl.gov\/wp-content\/uploads\/2022\/10\/MiamiBeach-visitor-aerial2.jpg","contentUrl":"https:\/\/www.miamibeachfl.gov\/wp-content\/uploads\/2022\/10\/MiamiBeach-visitor-aerial2.jpg","width":2200,"height":865,"caption":"miami Beach aerial"},{"@type":"BreadcrumbList","@id":"https:\/\/www.miamibeachfl.gov\/city-hall\/communications\/#breadcrumb","itemListElement":[{"@type":"ListItem","position":1,"name":"Home","item":"https:\/\/www.miamibeachfl.gov\/"},{"@type":"ListItem","position":2,"name":"City Hall","item":"https:\/\/www.miamibeachfl.gov\/city-hall\/"},{"@type":"ListItem","position":3,"name":"Marketing &#038; Communications"}]},{"@type":"WebSite","@id":"https:\/\/www.miamibeachfl.gov\/#website","url":"https:\/\/www.miamibeachfl.gov\/","name":"Ville de Miami Beach","description":"Site officiel de la ville de Miami Beach. Restez inform\u00e9 et trouvez des informations importantes sur les services municipaux, les actualit\u00e9s, les alertes, les \u00e9v\u00e9nements, les itin\u00e9raires de tramway, les emplois gouvernementaux et bien plus encore.","publisher":{"@id":"https:\/\/www.miamibeachfl.gov\/#organization"},"potentialAction":[{"@type":"SearchAction","target":{"@type":"EntryPoint","urlTemplate":"https:\/\/www.miamibeachfl.gov\/?s={search_term_string}"},"query-input":{"@type":"PropertyValueSpecification","valueRequired":true,"valueName":"search_term_string"}}],"inLanguage":"fr-FR"},{"@type":"Organization","@id":"https:\/\/www.miamibeachfl.gov\/#organization","name":"Ville de Miami Beach","url":"https:\/\/www.miamibeachfl.gov\/","logo":{"@type":"ImageObject","inLanguage":"fr-FR","@id":"https:\/\/www.miamibeachfl.gov\/#\/schema\/logo\/image\/","url":"https:\/\/www.miamibeachfl.gov\/wp-content\/uploads\/2022\/06\/miamibeach-logoblue.png","contentUrl":"https:\/\/www.miamibeachfl.gov\/wp-content\/uploads\/2022\/06\/miamibeach-logoblue.png","width":1962,"height":381,"caption":"City of Miami Beach"},"image":{"@id":"https:\/\/www.miamibeachfl.gov\/#\/schema\/logo\/image\/"},"sameAs":["https:\/\/www.facebook.com\/cityofmiamibeach","https:\/\/x.com\/Miamibeachnews","https:\/\/www.instagram.com\/miamibeachnews\/"],"description":"Site officiel de la ville de Miami Beach. Restez inform\u00e9 et trouvez des informations importantes sur les services municipaux, les actualit\u00e9s, les alertes, les \u00e9v\u00e9nements, les itin\u00e9raires de tramway, les emplois gouvernementaux et bien plus encore.","telephone":"305.604.CITY(2489)","legalName":"City of Miami Beach"}]}},"_links":{"self":[{"href":"https:\/\/www.miamibeachfl.gov\/fr\/wp-json\/wp\/v2\/pages\/28391","targetHints":{"allow":["GET"]}}],"collection":[{"href":"https:\/\/www.miamibeachfl.gov\/fr\/wp-json\/wp\/v2\/pages"}],"about":[{"href":"https:\/\/www.miamibeachfl.gov\/fr\/wp-json\/wp\/v2\/types\/page"}],"author":[{"embeddable":true,"href":"https:\/\/www.miamibeachfl.gov\/fr\/wp-json\/wp\/v2\/users\/222"}],"replies":[{"embeddable":true,"href":"https:\/\/www.miamibeachfl.gov\/fr\/wp-json\/wp\/v2\/comments?post=28391"}],"version-history":[{"count":6,"href":"https:\/\/www.miamibeachfl.gov\/fr\/wp-json\/wp\/v2\/pages\/28391\/revisions"}],"predecessor-version":[{"id":394488,"href":"https:\/\/www.miamibeachfl.gov\/fr\/wp-json\/wp\/v2\/pages\/28391\/revisions\/394488"}],"up":[{"embeddable":true,"href":"https:\/\/www.miamibeachfl.gov\/fr\/wp-json\/wp\/v2\/pages\/28206"}],"wp:featuredmedia":[{"embeddable":true,"href":"https:\/\/www.miamibeachfl.gov\/fr\/wp-json\/wp\/v2\/media\/226053"}],"wp:attachment":[{"href":"https:\/\/www.miamibeachfl.gov\/fr\/wp-json\/wp\/v2\/media?parent=28391"}],"wp:term":[{"taxonomy":"category","embeddable":true,"href":"https:\/\/www.miamibeachfl.gov\/fr\/wp-json\/wp\/v2\/categories?post=28391"},{"taxonomy":"post_tag","embeddable":true,"href":"https:\/\/www.miamibeachfl.gov\/fr\/wp-json\/wp\/v2\/tags?post=28391"}],"curies":[{"name":"wp","href":"https:\/\/api.w.org\/{rel}","templated":true}]}}