{"id":284660,"date":"2024-01-10T09:15:24","date_gmt":"2024-01-10T14:15:24","guid":{"rendered":"https:\/\/www.miamibeachfl.gov\/?page_id=284660"},"modified":"2026-02-12T11:56:11","modified_gmt":"2026-02-12T16:56:11","slug":"permit-refunds","status":"publish","type":"page","link":"https:\/\/www.miamibeachfl.gov\/fr\/city-hall\/building\/permits\/permit-refunds\/","title":{"rendered":"Remboursements de permis de construire"},"content":{"rendered":"<h1>\n\t\t\tRemboursements de permis\t<\/h1>\nMenu du b\u00e2timent\t\t\t\n\t\t\t\t\t<ul id=\"menu-building-department\"><li id=\"menu-item-270333\" aria-haspopup=\"true\"><a aria-expanded=\"false\" href=\"\/fr\/city-hall\/building\/permits\/\">Demande de permis<\/a>\n<ul>\n\t<li id=\"menu-item-286727\"><a href=\"\/fr\/city-hall\/building\/permits\/\">Le processus d&#039;autorisation \u2013 Comment postuler<\/a><\/li>\n\t<li id=\"menu-item-271067\"><a href=\"\/fr\/city-hall\/building\/permits\/permitchecklists\/\">Listes de contr\u00f4le des permis<\/a><\/li>\n\t<li id=\"menu-item-322770\"><a href=\"\/fr\/city-hall\/building\/permits\/same-day-services\/\">Service le jour m\u00eame<\/a><\/li>\n\t<li id=\"menu-item-270341\"><a href=\"\/fr\/city-hall\/building\/onlinepermits\/\">Centre de ressources pour les permis en ligne \u2013 Postulez en ligne<\/a><\/li>\n\t<li id=\"menu-item-270340\"><a href=\"\/fr\/city-hall\/building\/permits\/interactive-permit-guide\/\">Guide interactif des permis<\/a><\/li>\n\t<li id=\"menu-item-340585\"><a href=\"\/fr\/city-hall\/building\/permits\/expired-permits-and-permit-renewals\/\">Permis expir\u00e9s et renouvellements de permis<\/a><\/li>\n<\/ul>\n<\/li>\n<li id=\"menu-item-312699\" aria-haspopup=\"true\"><a aria-expanded=\"false\" href=\"#\">Ressources relatives aux permis<\/a>\n<ul>\n\t<li id=\"menu-item-280603\"><a href=\"\/wp-content\/uploads\/2025\/10\/Building-Department-Fee-Guide-2025.pdf\">Grille tarifaire<\/a><\/li>\n\t<li id=\"menu-item-272445\"><a href=\"\/fr\/city-hall\/building\/permits\/building-permits-not-required-work-list\/\">Liste des permis non requis<\/a><\/li>\n\t<li id=\"menu-item-285785\"><a href=\"\/fr\/city-hall\/building\/permits\/permit-refunds\/\">Remboursements de permis<\/a><\/li>\n\t<li id=\"menu-item-285786\"><a href=\"\/fr\/city-hall\/building\/permits\/building-permit-reprieve-program\/\">Programme d&#039;amnistie pour les violations du code du b\u00e2timent<\/a><\/li>\n\t<li id=\"menu-item-270348\"><a href=\"\/fr\/city-hall\/building\/building-recert\/\">Recertification des b\u00e2timents<\/a><\/li>\n\t<li id=\"menu-item-298042\"><a href=\"\/fr\/city-hall\/building\/permits\/fema-50-rule\/\">R\u00e8gle Fema 50%<\/a><\/li>\n\t<li id=\"menu-item-270344\"><a href=\"\/fr\/city-hall\/building\/permits\/mdc\/\">Comt\u00e9 de Miami-Dade<\/a><\/li>\n\t<li id=\"menu-item-270345\"><a href=\"\/fr\/city-hall\/building\/permits\/phased-permits\/\">Permis \u00e9chelonn\u00e9s<\/a><\/li>\n\t<li id=\"menu-item-270342\"><a href=\"\/fr\/city-hall\/building\/permits\/green\/\">Permis verts<\/a><\/li>\n\t<li id=\"menu-item-270346\"><a href=\"\/fr\/city-hall\/building\/statistics\/\">Tableaux de bord statistiques<\/a><\/li>\n\t<li id=\"menu-item-286018\"><a href=\"\/fr\/permits-search-dashboard\/\">Recherche de permis d&#039;archivage<\/a><\/li>\n<\/ul>\n<\/li>\n<li id=\"menu-item-270334\"><a href=\"\/fr\/city-hall\/building\/forms\/\">Formulaires<\/a><\/li>\n<li id=\"menu-item-270335\"><a href=\"\/fr\/city-hall\/building\/inspections\/\">Inspections<\/a><\/li>\n<li id=\"menu-item-270336\"><a href=\"\/fr\/city-hall\/building\/violations\/\">Infractions<\/a><\/li>\n<li id=\"menu-item-270339\"><a href=\"\/fr\/city-hall\/building\/contractors\/\">Entrepreneurs<\/a><\/li>\n<li id=\"menu-item-270338\"><a href=\"\/fr\/city-hall\/building\/contact-us\/\">Contactez-nous<\/a><\/li>\n<li id=\"menu-item-270337\" aria-haspopup=\"true\"><a aria-expanded=\"false\" href=\"#\">Plus de liens<\/a>\n<ul>\n\t<li id=\"menu-item-270352\"><a href=\"\/fr\/city-hall\/building\/faq\/\">FAQ<\/a><\/li>\n\t<li id=\"menu-item-270350\"><a href=\"\/fr\/city-hall\/building\/events\/\">\u00c9v\u00e9nements et annonces<\/a><\/li>\n\t<li id=\"menu-item-270353\"><a href=\"\/fr\/city-hall\/building\/local-flood-hazard-info\/\">Gestion des plaines inondables<\/a><\/li>\n\t<li id=\"menu-item-270347\"><a href=\"\/fr\/city-hall\/building\/hurricane-preparedness\/\">Pr\u00e9paration aux ouragans<\/a><\/li>\n\t<li id=\"menu-item-270349\"><a href=\"\/fr\/city-hall\/building\/records-management\/\">Gestion des documents<\/a><\/li>\n\t<li id=\"menu-item-270343\"><a href=\"\/fr\/city-hall\/building\/permits\/private-provider-info\/\">Informations sur les fournisseurs priv\u00e9s<\/a><\/li>\n\t<li id=\"menu-item-280714\"><a href=\"\/fr\/city-hall\/building\/building-recert\/annual-maintenance-log\/\">Journal de maintenance annuel<\/a><\/li>\n\t<li id=\"menu-item-285447\"><a href=\"\/fr\/city-hall\/building\/sop\/\">AMADOUER<\/a><\/li>\n<\/ul>\n<\/li>\n<\/ul>\t\nMenu du b\u00e2timent \u00d7\t\t\t\t\t\t<ul id=\"menu-building-department-1\"><li id=\"menu-item-270333\" aria-haspopup=\"true\"><a aria-expanded=\"false\" href=\"\/fr\/city-hall\/building\/permits\/\">Demande de permis<\/a>\n<ul>\n\t<li id=\"menu-item-286727\"><a href=\"\/fr\/city-hall\/building\/permits\/\">Le processus d&#039;autorisation \u2013 Comment postuler<\/a><\/li>\n\t<li id=\"menu-item-271067\"><a href=\"\/fr\/city-hall\/building\/permits\/permitchecklists\/\">Listes de contr\u00f4le des permis<\/a><\/li>\n\t<li id=\"menu-item-322770\"><a href=\"\/fr\/city-hall\/building\/permits\/same-day-services\/\">Service le jour m\u00eame<\/a><\/li>\n\t<li id=\"menu-item-270341\"><a href=\"\/fr\/city-hall\/building\/onlinepermits\/\">Centre de ressources pour les permis en ligne \u2013 Postulez en ligne<\/a><\/li>\n\t<li id=\"menu-item-270340\"><a href=\"\/fr\/city-hall\/building\/permits\/interactive-permit-guide\/\">Guide interactif des permis<\/a><\/li>\n\t<li id=\"menu-item-340585\"><a href=\"\/fr\/city-hall\/building\/permits\/expired-permits-and-permit-renewals\/\">Permis expir\u00e9s et renouvellements de permis<\/a><\/li>\n<\/ul>\n<\/li>\n<li id=\"menu-item-312699\" aria-haspopup=\"true\"><a aria-expanded=\"false\" href=\"#\">Ressources relatives aux permis<\/a>\n<ul>\n\t<li id=\"menu-item-280603\"><a href=\"\/wp-content\/uploads\/2025\/10\/Building-Department-Fee-Guide-2025.pdf\">Grille tarifaire<\/a><\/li>\n\t<li id=\"menu-item-272445\"><a href=\"\/fr\/city-hall\/building\/permits\/building-permits-not-required-work-list\/\">Liste des permis non requis<\/a><\/li>\n\t<li id=\"menu-item-285785\"><a href=\"\/fr\/city-hall\/building\/permits\/permit-refunds\/\">Remboursements de permis<\/a><\/li>\n\t<li id=\"menu-item-285786\"><a href=\"\/fr\/city-hall\/building\/permits\/building-permit-reprieve-program\/\">Programme d&#039;amnistie pour les violations du code du b\u00e2timent<\/a><\/li>\n\t<li id=\"menu-item-270348\"><a href=\"\/fr\/city-hall\/building\/building-recert\/\">Recertification des b\u00e2timents<\/a><\/li>\n\t<li id=\"menu-item-298042\"><a href=\"\/fr\/city-hall\/building\/permits\/fema-50-rule\/\">R\u00e8gle Fema 50%<\/a><\/li>\n\t<li id=\"menu-item-270344\"><a href=\"\/fr\/city-hall\/building\/permits\/mdc\/\">Comt\u00e9 de Miami-Dade<\/a><\/li>\n\t<li id=\"menu-item-270345\"><a href=\"\/fr\/city-hall\/building\/permits\/phased-permits\/\">Permis \u00e9chelonn\u00e9s<\/a><\/li>\n\t<li id=\"menu-item-270342\"><a href=\"\/fr\/city-hall\/building\/permits\/green\/\">Permis verts<\/a><\/li>\n\t<li id=\"menu-item-270346\"><a href=\"\/fr\/city-hall\/building\/statistics\/\">Tableaux de bord statistiques<\/a><\/li>\n\t<li id=\"menu-item-286018\"><a href=\"\/fr\/permits-search-dashboard\/\">Recherche de permis d&#039;archivage<\/a><\/li>\n<\/ul>\n<\/li>\n<li id=\"menu-item-270334\"><a href=\"\/fr\/city-hall\/building\/forms\/\">Formulaires<\/a><\/li>\n<li id=\"menu-item-270335\"><a href=\"\/fr\/city-hall\/building\/inspections\/\">Inspections<\/a><\/li>\n<li id=\"menu-item-270336\"><a href=\"\/fr\/city-hall\/building\/violations\/\">Infractions<\/a><\/li>\n<li id=\"menu-item-270339\"><a href=\"\/fr\/city-hall\/building\/contractors\/\">Entrepreneurs<\/a><\/li>\n<li id=\"menu-item-270338\"><a href=\"\/fr\/city-hall\/building\/contact-us\/\">Contactez-nous<\/a><\/li>\n<li id=\"menu-item-270337\" aria-haspopup=\"true\"><a aria-expanded=\"false\" href=\"#\">Plus de liens<\/a>\n<ul>\n\t<li id=\"menu-item-270352\"><a href=\"\/fr\/city-hall\/building\/faq\/\">FAQ<\/a><\/li>\n\t<li id=\"menu-item-270350\"><a href=\"\/fr\/city-hall\/building\/events\/\">\u00c9v\u00e9nements et annonces<\/a><\/li>\n\t<li id=\"menu-item-270353\"><a href=\"\/fr\/city-hall\/building\/local-flood-hazard-info\/\">Gestion des plaines inondables<\/a><\/li>\n\t<li id=\"menu-item-270347\"><a href=\"\/fr\/city-hall\/building\/hurricane-preparedness\/\">Pr\u00e9paration aux ouragans<\/a><\/li>\n\t<li id=\"menu-item-270349\"><a href=\"\/fr\/city-hall\/building\/records-management\/\">Gestion des documents<\/a><\/li>\n\t<li id=\"menu-item-270343\"><a href=\"\/fr\/city-hall\/building\/permits\/private-provider-info\/\">Informations sur les fournisseurs priv\u00e9s<\/a><\/li>\n\t<li id=\"menu-item-280714\"><a href=\"\/fr\/city-hall\/building\/building-recert\/annual-maintenance-log\/\">Journal de maintenance annuel<\/a><\/li>\n\t<li id=\"menu-item-285447\"><a href=\"\/fr\/city-hall\/building\/sop\/\">AMADOUER<\/a><\/li>\n<\/ul>\n<\/li>\n<\/ul>\t\t\t\t\n\t\t\t<h2>\n\t\t\tPolitique de remboursement\t<\/h2>\n\t<p>Tous les remboursements seront effectu\u00e9s au nom du propri\u00e9taire inscrit dans le syst\u00e8me de permis.<\/p>\n<p><strong>Frais non remboursables :<\/strong><\/p>\n<ul>\n<li>Frais de permis minimum et frais initiaux<\/li>\n<li>Frais de conformit\u00e9 au code du comt\u00e9 de Miami Dade<\/li>\n<li>Frais de l&#039;\u00c9tat de Floride impos\u00e9s par les sections des statuts de Floride<strong>\u00a0<\/strong><a href=\"http:\/\/www.leg.state.fl.us\/statutes\/index.cfm?mode=View%20Statutes&amp;SubMenu=1&amp;App_mode=Display_Statute&amp;Search_String=permit+surcharge&amp;URL=0500-0599\/0553\/Sections\/0553.721.html\"><strong>553.721<\/strong><\/a>\u00a0et\u00a0<strong><a href=\"http:\/\/www.leg.state.fl.us\/statutes\/index.cfm?mode=View%20Statutes&amp;SubMenu=1&amp;App_mode=Display_Statute&amp;Search_String=permit+surcharge&amp;URL=0400-0499\/0468\/Sections\/0468.631.html\">468.631<\/a><\/strong><\/li>\n<\/ul>\n<p><strong>Les demandes de remboursement pour d\u00e9passement des frais de permis doivent r\u00e9pondre aux conditions suivantes :<\/strong><\/p>\n<ul>\n<li>Soumission d&#039;un formulaire de demande de remboursement de permis par le titulaire du permis expliquant le trop-per\u00e7u<\/li>\n<li>Le permis est toujours valable<\/li>\n<li>Le permis n&#039;a pas \u00e9t\u00e9 r\u00e9voqu\u00e9<\/li>\n<\/ul>\n<p><strong>Les demandes de remboursement ne seront pas accept\u00e9es pour les cas suivants\u00a0:<\/strong><\/p>\n<ul>\n<li>Permis pour lesquels l&#039;examen des plans a commenc\u00e9 ou des inspections ont \u00e9t\u00e9 effectu\u00e9es<\/li>\n<li>Les permis non inspect\u00e9s donnent droit \u00e0 un remboursement 50% des frais de permis de construire, sur demande dans les 90 jours suivant la d\u00e9livrance du permis. Aucun remboursement ne sera accord\u00e9 apr\u00e8s ce d\u00e9lai.<\/li>\n<li>Permis pour lesquels les travaux ont commenc\u00e9, comme en t\u00e9moigne toute inspection enregistr\u00e9e effectu\u00e9e par la Ville, \u00e0 moins que le remboursement ne soit d\u00fb \u00e0 un trop-per\u00e7u de la Ville<\/li>\n<li>Permis r\u00e9voqu\u00e9s par le responsable du b\u00e2timent en vertu de l&#039;autorit\u00e9 accord\u00e9e par le Code du b\u00e2timent de Floride<\/li>\n<li>Permis annul\u00e9s par d\u00e9cision de justice<\/li>\n<li>Permis expir\u00e9s<\/li>\n<li>Lorsqu&#039;il y a un changement d&#039;entrepreneur, le titulaire du permis initial n&#039;a pas droit \u00e0 un remboursement.<\/li>\n<li>Permis demand\u00e9 par erreur par le demandeur<\/li>\n<\/ul>\n<p>Pour demander un remboursement, veuillez soumettre un\u00a0<strong><a href=\"https:\/\/www.miamibeachfl.gov\/wp-content\/uploads\/2026\/02\/Updated-Permit-Refund-Request-Form-02.11.2026.pdf\">Formulaire de demande de remboursement de permis<\/a><\/strong>\u00a0\u00e0\u00a0<strong><a href=\"mailto:BuildingFin@miamibeachfl.gov\">BuildingFin@miamibeachfl.gov<\/a>.<\/strong><\/p>","protected":false},"excerpt":{"rendered":"<p>Permit Refunds Building Menu Permit Application The Permitting Process &#8211; How to Apply Permitting Checklists Same Day Service Online Permitting [&hellip;]<\/p>\n","protected":false},"author":222,"featured_media":0,"parent":268879,"menu_order":0,"comment_status":"closed","ping_status":"closed","template":"","meta":{"_searchwp_excluded":"","site-sidebar-layout":"default","site-content-layout":"","ast-site-content-layout":"default","site-content-style":"default","site-sidebar-style":"default","ast-global-header-display":"","ast-banner-title-visibility":"","ast-main-header-display":"","ast-hfb-above-header-display":"","ast-hfb-below-header-display":"","ast-hfb-mobile-header-display":"","site-post-title":"","ast-breadcrumbs-content":"","ast-featured-img":"","footer-sml-layout":"","theme-transparent-header-meta":"","adv-header-id-meta":"","stick-header-meta":"","header-above-stick-meta":"","header-main-stick-meta":"","header-below-stick-meta":"","astra-migrate-meta-layouts":"default","ast-page-background-enabled":"default","ast-page-background-meta":{"desktop":{"background-color":"var(--ast-global-color-5)","background-image":"","background-repeat":"repeat","background-position":"center center","background-size":"auto","background-attachment":"scroll","background-type":"","background-media":"","overlay-type":"","overlay-color":"","overlay-opacity":"","overlay-gradient":""},"tablet":{"background-color":"","background-image":"","background-repeat":"repeat","background-position":"center center","background-size":"auto","background-attachment":"scroll","background-type":"","background-media":"","overlay-type":"","overlay-color":"","overlay-opacity":"","overlay-gradient":""},"mobile":{"background-color":"","background-image":"","background-repeat":"repeat","background-position":"center center","background-size":"auto","background-attachment":"scroll","background-type":"","background-media":"","overlay-type":"","overlay-color":"","overlay-opacity":"","overlay-gradient":""}},"ast-content-background-meta":{"desktop":{"background-color":"var(--ast-global-color-4)","background-image":"","background-repeat":"repeat","background-position":"center center","background-size":"auto","background-attachment":"scroll","background-type":"","background-media":"","overlay-type":"","overlay-color":"","overlay-opacity":"","overlay-gradient":""},"tablet":{"background-color":"var(--ast-global-color-4)","background-image":"","background-repeat":"repeat","background-position":"center center","background-size":"auto","background-attachment":"scroll","background-type":"","background-media":"","overlay-type":"","overlay-color":"","overlay-opacity":"","overlay-gradient":""},"mobile":{"background-color":"var(--ast-global-color-4)","background-image":"","background-repeat":"repeat","background-position":"center center","background-size":"auto","background-attachment":"scroll","background-type":"","background-media":"","overlay-type":"","overlay-color":"","overlay-opacity":"","overlay-gradient":""}},"footnotes":""},"categories":[],"tags":[343],"class_list":["post-284660","page","type-page","status-publish","hentry","tag-building"],"yoast_head":"<!-- This site is optimized with the Yoast SEO Premium plugin v27.4 (Yoast SEO v27.4) - https:\/\/yoast.com\/product\/yoast-seo-premium-wordpress\/ -->\n<title>Building Permit Refunds - City of Miami Beach<\/title>\n<meta name=\"description\" content=\"The City of Miami Beach Building Department is dedicated to serving the public through ef\ufb01cient and effective supervision and regulation of construction activities in Miami Beach.\" \/>\n<meta name=\"robots\" content=\"index, follow, max-snippet:-1, max-image-preview:large, max-video-preview:-1\" \/>\n<link rel=\"canonical\" href=\"https:\/\/www.miamibeachfl.gov\/fr\/city-hall\/building\/permits\/permit-refunds\/\" \/>\n<meta property=\"og:locale\" content=\"fr_FR\" \/>\n<meta property=\"og:type\" content=\"article\" \/>\n<meta property=\"og:title\" content=\"Building Permit Refunds\" \/>\n<meta property=\"og:description\" content=\"The City of Miami Beach Building Department is dedicated to serving the public through ef\ufb01cient and effective supervision and regulation of construction activities in Miami Beach.\" \/>\n<meta property=\"og:url\" content=\"https:\/\/www.miamibeachfl.gov\/fr\/city-hall\/building\/permits\/permit-refunds\/\" \/>\n<meta property=\"og:site_name\" content=\"City of Miami Beach\" \/>\n<meta property=\"article:publisher\" content=\"https:\/\/www.facebook.com\/cityofmiamibeach\" \/>\n<meta property=\"article:modified_time\" content=\"2026-02-12T16:56:11+00:00\" \/>\n<meta property=\"og:image\" content=\"https:\/\/www.miamibeachfl.gov\/wp-content\/uploads\/2023\/08\/Masterpermitcircle.jpeg\" \/>\n\t<meta property=\"og:image:width\" content=\"1200\" \/>\n\t<meta property=\"og:image:height\" content=\"1200\" \/>\n\t<meta property=\"og:image:type\" content=\"image\/jpeg\" \/>\n<meta name=\"twitter:card\" content=\"summary_large_image\" \/>\n<meta name=\"twitter:site\" content=\"@Miamibeachnews\" \/>\n<script type=\"application\/ld+json\" class=\"yoast-schema-graph\">{\"@context\":\"https:\\\/\\\/schema.org\",\"@graph\":[{\"@type\":\"WebPage\",\"@id\":\"https:\\\/\\\/www.miamibeachfl.gov\\\/city-hall\\\/building\\\/permits\\\/permit-refunds\\\/\",\"url\":\"https:\\\/\\\/www.miamibeachfl.gov\\\/city-hall\\\/building\\\/permits\\\/permit-refunds\\\/\",\"name\":\"Building Permit Refunds - City of Miami Beach\",\"isPartOf\":{\"@id\":\"https:\\\/\\\/www.miamibeachfl.gov\\\/#website\"},\"datePublished\":\"2024-01-10T14:15:24+00:00\",\"dateModified\":\"2026-02-12T16:56:11+00:00\",\"description\":\"The City of Miami Beach Building Department is dedicated to serving the public through ef\ufb01cient and effective supervision and regulation of construction activities in Miami Beach.\",\"breadcrumb\":{\"@id\":\"https:\\\/\\\/www.miamibeachfl.gov\\\/city-hall\\\/building\\\/permits\\\/permit-refunds\\\/#breadcrumb\"},\"inLanguage\":\"fr-FR\",\"potentialAction\":[{\"@type\":\"ReadAction\",\"target\":[\"https:\\\/\\\/www.miamibeachfl.gov\\\/city-hall\\\/building\\\/permits\\\/permit-refunds\\\/\"]}]},{\"@type\":\"BreadcrumbList\",\"@id\":\"https:\\\/\\\/www.miamibeachfl.gov\\\/city-hall\\\/building\\\/permits\\\/permit-refunds\\\/#breadcrumb\",\"itemListElement\":[{\"@type\":\"ListItem\",\"position\":1,\"name\":\"Home\",\"item\":\"https:\\\/\\\/www.miamibeachfl.gov\\\/\"},{\"@type\":\"ListItem\",\"position\":2,\"name\":\"City Hall\",\"item\":\"https:\\\/\\\/www.miamibeachfl.gov\\\/city-hall\\\/\"},{\"@type\":\"ListItem\",\"position\":3,\"name\":\"Building\",\"item\":\"https:\\\/\\\/www.miamibeachfl.gov\\\/city-hall\\\/building\\\/\"},{\"@type\":\"ListItem\",\"position\":4,\"name\":\"Building Permits\",\"item\":\"https:\\\/\\\/www.miamibeachfl.gov\\\/city-hall\\\/building\\\/permits\\\/\"},{\"@type\":\"ListItem\",\"position\":5,\"name\":\"Building Permit Refunds\"}]},{\"@type\":\"WebSite\",\"@id\":\"https:\\\/\\\/www.miamibeachfl.gov\\\/#website\",\"url\":\"https:\\\/\\\/www.miamibeachfl.gov\\\/\",\"name\":\"City of Miami Beach\",\"description\":\"The official website of the City of Miami Beach. Stay informed, find important information on city services, news, alerts, events, trolley routes, government employment and more.\",\"publisher\":{\"@id\":\"https:\\\/\\\/www.miamibeachfl.gov\\\/#organization\"},\"potentialAction\":[{\"@type\":\"SearchAction\",\"target\":{\"@type\":\"EntryPoint\",\"urlTemplate\":\"https:\\\/\\\/www.miamibeachfl.gov\\\/?s={search_term_string}\"},\"query-input\":{\"@type\":\"PropertyValueSpecification\",\"valueRequired\":true,\"valueName\":\"search_term_string\"}}],\"inLanguage\":\"fr-FR\"},{\"@type\":\"Organization\",\"@id\":\"https:\\\/\\\/www.miamibeachfl.gov\\\/#organization\",\"name\":\"City of Miami Beach\",\"url\":\"https:\\\/\\\/www.miamibeachfl.gov\\\/\",\"logo\":{\"@type\":\"ImageObject\",\"inLanguage\":\"fr-FR\",\"@id\":\"https:\\\/\\\/www.miamibeachfl.gov\\\/#\\\/schema\\\/logo\\\/image\\\/\",\"url\":\"https:\\\/\\\/www.miamibeachfl.gov\\\/wp-content\\\/uploads\\\/2022\\\/06\\\/miamibeach-logoblue.png\",\"contentUrl\":\"https:\\\/\\\/www.miamibeachfl.gov\\\/wp-content\\\/uploads\\\/2022\\\/06\\\/miamibeach-logoblue.png\",\"width\":1962,\"height\":381,\"caption\":\"City of Miami Beach\"},\"image\":{\"@id\":\"https:\\\/\\\/www.miamibeachfl.gov\\\/#\\\/schema\\\/logo\\\/image\\\/\"},\"sameAs\":[\"https:\\\/\\\/www.facebook.com\\\/cityofmiamibeach\",\"https:\\\/\\\/x.com\\\/Miamibeachnews\",\"https:\\\/\\\/www.instagram.com\\\/miamibeachnews\\\/\"],\"description\":\"The official website of the City of Miami Beach. Stay informed, find important information on city services, news, alerts, events, trolley routes, government employment and more.\",\"telephone\":\"305.604.CITY(2489)\",\"legalName\":\"City of Miami Beach\"}]}<\/script>\n<!-- \/ Yoast SEO Premium plugin. -->","yoast_head_json":{"title":"Remboursement des permis de construire \u2013 Ville de Miami Beach","description":"Le d\u00e9partement des b\u00e2timents de la ville de Miami Beach se consacre \u00e0 servir le public gr\u00e2ce \u00e0 une supervision et une r\u00e9glementation efficaces et efficientes des activit\u00e9s de construction \u00e0 Miami Beach.","robots":{"index":"index","follow":"follow","max-snippet":"max-snippet:-1","max-image-preview":"max-image-preview:large","max-video-preview":"max-video-preview:-1"},"canonical":"https:\/\/www.miamibeachfl.gov\/fr\/city-hall\/building\/permits\/permit-refunds\/","og_locale":"fr_FR","og_type":"article","og_title":"Building Permit Refunds","og_description":"The City of Miami Beach Building Department is dedicated to serving the public through ef\ufb01cient and effective supervision and regulation of construction activities in Miami Beach.","og_url":"https:\/\/www.miamibeachfl.gov\/fr\/city-hall\/building\/permits\/permit-refunds\/","og_site_name":"City of Miami Beach","article_publisher":"https:\/\/www.facebook.com\/cityofmiamibeach","article_modified_time":"2026-02-12T16:56:11+00:00","og_image":[{"width":1200,"height":1200,"url":"https:\/\/www.miamibeachfl.gov\/wp-content\/uploads\/2023\/08\/Masterpermitcircle.jpeg","type":"image\/jpeg"}],"twitter_card":"summary_large_image","twitter_site":"@Miamibeachnews","schema":{"@context":"https:\/\/schema.org","@graph":[{"@type":"WebPage","@id":"https:\/\/www.miamibeachfl.gov\/city-hall\/building\/permits\/permit-refunds\/","url":"https:\/\/www.miamibeachfl.gov\/city-hall\/building\/permits\/permit-refunds\/","name":"Remboursement des permis de construire \u2013 Ville de Miami Beach","isPartOf":{"@id":"https:\/\/www.miamibeachfl.gov\/#website"},"datePublished":"2024-01-10T14:15:24+00:00","dateModified":"2026-02-12T16:56:11+00:00","description":"Le d\u00e9partement des b\u00e2timents de la ville de Miami Beach se consacre \u00e0 servir le public gr\u00e2ce \u00e0 une supervision et une r\u00e9glementation efficaces et efficientes des activit\u00e9s de construction \u00e0 Miami Beach.","breadcrumb":{"@id":"https:\/\/www.miamibeachfl.gov\/city-hall\/building\/permits\/permit-refunds\/#breadcrumb"},"inLanguage":"fr-FR","potentialAction":[{"@type":"ReadAction","target":["https:\/\/www.miamibeachfl.gov\/city-hall\/building\/permits\/permit-refunds\/"]}]},{"@type":"BreadcrumbList","@id":"https:\/\/www.miamibeachfl.gov\/city-hall\/building\/permits\/permit-refunds\/#breadcrumb","itemListElement":[{"@type":"ListItem","position":1,"name":"Home","item":"https:\/\/www.miamibeachfl.gov\/"},{"@type":"ListItem","position":2,"name":"City Hall","item":"https:\/\/www.miamibeachfl.gov\/city-hall\/"},{"@type":"ListItem","position":3,"name":"Building","item":"https:\/\/www.miamibeachfl.gov\/city-hall\/building\/"},{"@type":"ListItem","position":4,"name":"Building Permits","item":"https:\/\/www.miamibeachfl.gov\/city-hall\/building\/permits\/"},{"@type":"ListItem","position":5,"name":"Building Permit Refunds"}]},{"@type":"WebSite","@id":"https:\/\/www.miamibeachfl.gov\/#website","url":"https:\/\/www.miamibeachfl.gov\/","name":"Ville de Miami Beach","description":"Site officiel de la ville de Miami Beach. Restez inform\u00e9 et trouvez des informations importantes sur les services municipaux, les actualit\u00e9s, les alertes, les \u00e9v\u00e9nements, les itin\u00e9raires de tramway, les emplois gouvernementaux et bien plus encore.","publisher":{"@id":"https:\/\/www.miamibeachfl.gov\/#organization"},"potentialAction":[{"@type":"SearchAction","target":{"@type":"EntryPoint","urlTemplate":"https:\/\/www.miamibeachfl.gov\/?s={search_term_string}"},"query-input":{"@type":"PropertyValueSpecification","valueRequired":true,"valueName":"search_term_string"}}],"inLanguage":"fr-FR"},{"@type":"Organization","@id":"https:\/\/www.miamibeachfl.gov\/#organization","name":"Ville de Miami Beach","url":"https:\/\/www.miamibeachfl.gov\/","logo":{"@type":"ImageObject","inLanguage":"fr-FR","@id":"https:\/\/www.miamibeachfl.gov\/#\/schema\/logo\/image\/","url":"https:\/\/www.miamibeachfl.gov\/wp-content\/uploads\/2022\/06\/miamibeach-logoblue.png","contentUrl":"https:\/\/www.miamibeachfl.gov\/wp-content\/uploads\/2022\/06\/miamibeach-logoblue.png","width":1962,"height":381,"caption":"City of Miami Beach"},"image":{"@id":"https:\/\/www.miamibeachfl.gov\/#\/schema\/logo\/image\/"},"sameAs":["https:\/\/www.facebook.com\/cityofmiamibeach","https:\/\/x.com\/Miamibeachnews","https:\/\/www.instagram.com\/miamibeachnews\/"],"description":"Site officiel de la ville de Miami Beach. Restez inform\u00e9 et trouvez des informations importantes sur les services municipaux, les actualit\u00e9s, les alertes, les \u00e9v\u00e9nements, les itin\u00e9raires de tramway, les emplois gouvernementaux et bien plus encore.","telephone":"305.604.CITY(2489)","legalName":"City of Miami Beach"}]}},"_links":{"self":[{"href":"https:\/\/www.miamibeachfl.gov\/fr\/wp-json\/wp\/v2\/pages\/284660","targetHints":{"allow":["GET"]}}],"collection":[{"href":"https:\/\/www.miamibeachfl.gov\/fr\/wp-json\/wp\/v2\/pages"}],"about":[{"href":"https:\/\/www.miamibeachfl.gov\/fr\/wp-json\/wp\/v2\/types\/page"}],"author":[{"embeddable":true,"href":"https:\/\/www.miamibeachfl.gov\/fr\/wp-json\/wp\/v2\/users\/222"}],"replies":[{"embeddable":true,"href":"https:\/\/www.miamibeachfl.gov\/fr\/wp-json\/wp\/v2\/comments?post=284660"}],"version-history":[{"count":1,"href":"https:\/\/www.miamibeachfl.gov\/fr\/wp-json\/wp\/v2\/pages\/284660\/revisions"}],"predecessor-version":[{"id":396409,"href":"https:\/\/www.miamibeachfl.gov\/fr\/wp-json\/wp\/v2\/pages\/284660\/revisions\/396409"}],"up":[{"embeddable":true,"href":"https:\/\/www.miamibeachfl.gov\/fr\/wp-json\/wp\/v2\/pages\/268879"}],"wp:attachment":[{"href":"https:\/\/www.miamibeachfl.gov\/fr\/wp-json\/wp\/v2\/media?parent=284660"}],"wp:term":[{"taxonomy":"category","embeddable":true,"href":"https:\/\/www.miamibeachfl.gov\/fr\/wp-json\/wp\/v2\/categories?post=284660"},{"taxonomy":"post_tag","embeddable":true,"href":"https:\/\/www.miamibeachfl.gov\/fr\/wp-json\/wp\/v2\/tags?post=284660"}],"curies":[{"name":"wp","href":"https:\/\/api.w.org\/{rel}","templated":true}]}}