{"id":28598,"date":"2017-08-11T00:06:23","date_gmt":"2017-08-11T00:06:23","guid":{"rendered":"http:\/\/www.miamibeachfl.gov\/city-hall\/environmental-sustainability\/"},"modified":"2025-12-30T12:00:42","modified_gmt":"2025-12-30T17:00:42","slug":"environmental-sustainability","status":"publish","type":"page","link":"https:\/\/www.miamibeachfl.gov\/fr\/city-hall\/environmental-sustainability\/","title":{"rendered":"Environnement et durabilit\u00e9"},"content":{"rendered":"<img decoding=\"async\" src=\"https:\/\/www.miamibeachfl.gov\/wp-content\/uploads\/2022\/07\/hero-small.jpg\" alt=\"ocean drive art deco buildings\" itemprop=\"image\" height=\"211\" width=\"2395\" title=\"petit h\u00e9ros\" onerror=\"this.style.display='none'\" loading=\"lazy\" \/>\n<h1>\n\t\t\tEnvironnement et durabilit\u00e9\t<\/h1>\n\t<nav id=\"breadcrumbs\" aria-label=\"Fil d&#039;Ariane\"><a href=\"https:\/\/www.miamibeachfl.gov\/fr\/\">Maison<\/a> &gt; <a href=\"https:\/\/www.miamibeachfl.gov\/fr\/city-hall\/\">l&#039;h\u00f4tel de ville<\/a> &gt; <strong>Environnement et durabilit\u00e9<\/strong><\/nav>\n\t<p>\u00ab Nous nous engageons \u00e0 fournir des services de la plus haute qualit\u00e9 \u00e0 notre communaut\u00e9 en \u00e9laborant et en mettant en \u0153uvre des initiatives d\u2019adaptation et d\u2019att\u00e9nuation pour pr\u00e9server, prot\u00e9ger et am\u00e9liorer nos ressources naturelles. \u00bb<\/p>\n<p>Le d\u00e9partement Environnement et D\u00e9veloppement Durable est repr\u00e9sent\u00e9 par des disciplines professionnelles et agr\u00e9\u00e9es travaillant dans les domaines de l&#039;administration, des ressources environnementales, de la durabilit\u00e9 et de la r\u00e9silience et de la foresterie urbaine.<\/p>\n<p>Explorer <a href=\"http:\/\/MBRisingAbove.com\"><strong>MBRisingAbove.com<\/strong><\/a> pour d\u00e9couvrir comment notre \u00e9quipe d\u00e9vou\u00e9e de professionnels travaille activement sur des projets d&#039;adaptation et d&#039;att\u00e9nuation du changement climatique qui ont un impact positif sur notre environnement<\/p>\n<strong>Division de la gestion des ressources environnementales<\/strong><br \/>\nFournit un soutien interne aux services municipaux afin de garantir que tous les projets publics, et pas seulement ceux qualifi\u00e9s d&#039;environnementaux, \u00e9vitent, minimisent et att\u00e9nuent leurs impacts environnementaux, tout en am\u00e9liorant l&#039;environnement naturel d\u00e8s leur conception. Cette division fait office de consultant environnemental interne de la Ville et assure la liaison entre la Ville et les autres organismes gouvernementaux pour les questions environnementales.\n<strong>Division Durabilit\u00e9 et R\u00e9silience<br \/>\n<\/strong>Collabore avec les services municipaux, les partenaires gouvernementaux et les acteurs locaux pour aider la Ville \u00e0 relever les d\u00e9fis pos\u00e9s par le changement climatique gr\u00e2ce \u00e0 des strat\u00e9gies d&#039;att\u00e9nuation et d&#039;adaptation. L&#039;\u00e9quipe D\u00e9veloppement durable se concentre sur les programmes, politiques et plans d&#039;att\u00e9nuation qui r\u00e9duisent l&#039;impact environnemental des activit\u00e9s municipales et communautaires. Ses strat\u00e9gies sont ax\u00e9es sur la r\u00e9duction des d\u00e9chets, la promotion de l&#039;efficacit\u00e9 \u00e9nerg\u00e9tique et la mise en place d&#039;actions de sensibilisation et d&#039;\u00e9ducation citoyennes. L&#039;\u00e9quipe R\u00e9silience se concentre sur les programmes, politiques et plans d&#039;adaptation qui aident la Ville et la communaut\u00e9 \u00e0 anticiper et \u00e0 s&#039;adapter aux chocs soudains et aux stress \u00e0 long terme exacerb\u00e9s par le changement climatique. Ces activit\u00e9s sont ax\u00e9es sur l&#039;att\u00e9nuation des risques d&#039;inondation dans les secteurs public et priv\u00e9, avec un int\u00e9r\u00eat particulier pour les chaleurs extr\u00eames.\n<strong>Division de la foresterie urbaine<\/strong><br \/>\nSupervise la for\u00eat urbaine en assurant la supervision et la gestion r\u00e9glementaires. Cette division d\u00e9livre les permis d&#039;exploitation foresti\u00e8re, supervise les mesures d&#039;att\u00e9nuation, effectue des \u00e9valuations des arbres patrimoniaux, effectue des inspections des barri\u00e8res de protection des arbres, fournit des \u00e9valuations des risques li\u00e9s aux arbres et examine les plans de s\u00e9lection et d&#039;installation d&#039;arbres \u00e0 l&#039;\u00e9chelle de la ville. La division supervise \u00e9galement le Plan directeur de foresterie urbaine, le Plan des rues du projet GOB #33 et le Programme des arbres patrimoniaux.\n<p><strong><a href=\"\/wp-content\/uploads\/2022\/10\/QUALITY_POLICY_Signage-003.pdf\">Politique de qualit\u00e9<\/a><\/strong><\/p>\n\t\t\t\t<img decoding=\"async\" src=\"https:\/\/www.miamibeachfl.gov\/wp-content\/uploads\/2020\/08\/AmyKnowles-WEB-2.jpg\" alt=\"AmyKnowles-WEB (2)\" itemprop=\"image\" height=\"1000\" width=\"1000\" title=\"AmyKnowles-WEB (2)\" onerror=\"this.style.display='none'\" loading=\"lazy\" \/>\n<h2>\n\t\t\tAmy Knowles\t<\/h2>\n\t<p>Amy Knowles est directrice de la r\u00e9silience et directrice de l&#039;environnement et du d\u00e9veloppement durable de la ville de Miami Beach. Elle travaille en \u00e9troite collaboration avec une \u00e9quipe de direction holistique en r\u00e9silience pour mettre en \u0153uvre des politiques et des projets visant \u00e0 b\u00e2tir une ville r\u00e9siliente.\u00a0<strong><a href=\"\/fr\/staff\/amy-knowles\/\">En savoir plus\u2026<\/a><\/strong><\/p>\n<h2>\n\t\t\tLiens principaux\t<\/h2>\n\t\t\t<a href=\"\/fr\/city-hall\/environmental-sustainability\/contact-us\/\" target=\"_self\">\n\t\t\t\t\t\t\tContactez-nous\n\t\t\t\t\t<\/a>\n\t\t\t<a href=\"\/fr\/city-hall\/environmental-sustainability\/environmental-resources\/\" target=\"_self\">\n\t\t\t\t\t\t\tRessources environnementales\n\t\t\t\t\t<\/a>\n\t\t\t<a href=\"\/fr\/city-hall\/environmental-sustainability\/events\/\" target=\"_self\">\n\t\t\t\t\t\t\t\u00c9v\u00e9nements\n\t\t\t\t\t<\/a>\n\t\t\t<a href=\"\/fr\/city-hall\/environmental-sustainability\/faqs\/\" target=\"_self\">\n\t\t\t\t\t\t\tFAQ\n\t\t\t\t\t<\/a>\n\t\t\t<a href=\"https:\/\/www.mbrisingabove.com\/\" target=\"_self\">\n\t\t\t\t\t\t\tEn savoir plus sur la r\u00e9silience au changement climatique\n\t\t\t\t\t<\/a>\n\t\t\t<a href=\"\/fr\/city-hall\/environmental-sustainability\/sustainability\/\" target=\"_self\">\n\t\t\t\t\t\t\tDivision Durabilit\u00e9 et R\u00e9silience\n\t\t\t\t\t<\/a>\n\t\t\t<a href=\"\/fr\/city-hall\/environmental-sustainability\/urban-forestry\/\" target=\"_self\">\n\t\t\t\t\t\t\tForesterie urbaine\n\t\t\t\t\t<\/a>\n\t\t\t<a href=\"\/fr\/city-hall\/city-clerk\/boards-and-committees\/sustainability-resiliency-committee\/\" target=\"_self\">\n\t\t\t\t\t\t\tComit\u00e9 d&#039;am\u00e9nagement du territoire et de d\u00e9veloppement durable\n\t\t\t\t\t<\/a>","protected":false},"excerpt":{"rendered":"<p><a href=\"tel:3056737084\" style=\"text-decoration:none; color:#004896;\"><br \/>\n    <i class=\"fa-solid fa-phone\"><\/i> 305.673.7084<br \/>\n<\/a><a href=\"https:\/\/www.miamibeachfl.gov\/fr\/city-hall\/environmental-sustainability\/contact-us\/\" style=\"text-decoration:none; color:#004896;\"><br \/>\n    <i class=\"fa-solid fa-circle-info\"><\/i> Coordonn\u00e9es<br \/>\n<\/a><\/p>","protected":false},"author":222,"featured_media":260864,"parent":28206,"menu_order":164,"comment_status":"closed","ping_status":"closed","template":"","meta":{"_searchwp_excluded":"","site-sidebar-layout":"default","site-content-layout":"","ast-site-content-layout":"default","site-content-style":"default","site-sidebar-style":"default","ast-global-header-display":"","ast-banner-title-visibility":"","ast-main-header-display":"","ast-hfb-above-header-display":"","ast-hfb-below-header-display":"","ast-hfb-mobile-header-display":"","site-post-title":"","ast-breadcrumbs-content":"","ast-featured-img":"","footer-sml-layout":"","theme-transparent-header-meta":"","adv-header-id-meta":"","stick-header-meta":"","header-above-stick-meta":"","header-main-stick-meta":"","header-below-stick-meta":"","astra-migrate-meta-layouts":"default","ast-page-background-enabled":"default","ast-page-background-meta":{"desktop":{"background-color":"var(--ast-global-color-5)","background-image":"","background-repeat":"repeat","background-position":"center center","background-size":"auto","background-attachment":"scroll","background-type":"","background-media":"","overlay-type":"","overlay-color":"","overlay-opacity":"","overlay-gradient":""},"tablet":{"background-color":"","background-image":"","background-repeat":"repeat","background-position":"center center","background-size":"auto","background-attachment":"scroll","background-type":"","background-media":"","overlay-type":"","overlay-color":"","overlay-opacity":"","overlay-gradient":""},"mobile":{"background-color":"","background-image":"","background-repeat":"repeat","background-position":"center center","background-size":"auto","background-attachment":"scroll","background-type":"","background-media":"","overlay-type":"","overlay-color":"","overlay-opacity":"","overlay-gradient":""}},"ast-content-background-meta":{"desktop":{"background-color":"var(--ast-global-color-4)","background-image":"","background-repeat":"repeat","background-position":"center center","background-size":"auto","background-attachment":"scroll","background-type":"","background-media":"","overlay-type":"","overlay-color":"","overlay-opacity":"","overlay-gradient":""},"tablet":{"background-color":"var(--ast-global-color-4)","background-image":"","background-repeat":"repeat","background-position":"center center","background-size":"auto","background-attachment":"scroll","background-type":"","background-media":"","overlay-type":"","overlay-color":"","overlay-opacity":"","overlay-gradient":""},"mobile":{"background-color":"var(--ast-global-color-4)","background-image":"","background-repeat":"repeat","background-position":"center center","background-size":"auto","background-attachment":"scroll","background-type":"","background-media":"","overlay-type":"","overlay-color":"","overlay-opacity":"","overlay-gradient":""}},"footnotes":""},"categories":[],"tags":[1730],"class_list":["post-28598","page","type-page","status-publish","has-post-thumbnail","hentry","tag-city-services"],"yoast_head":"<!-- This site is optimized with the Yoast SEO Premium plugin v27.4 (Yoast SEO v27.4) - https:\/\/yoast.com\/product\/yoast-seo-premium-wordpress\/ -->\n<title>Environment &amp; Sustainability - City of Miami Beach<\/title>\n<meta name=\"description\" content=\"The Miami Beach Environment and Sustainability Department supports public projects, avoid, minimize, and mitigate environmental impacts.\" \/>\n<meta name=\"robots\" content=\"index, follow, max-snippet:-1, max-image-preview:large, max-video-preview:-1\" \/>\n<link rel=\"canonical\" href=\"https:\/\/www.miamibeachfl.gov\/fr\/city-hall\/environmental-sustainability\/\" \/>\n<meta property=\"og:locale\" content=\"fr_FR\" \/>\n<meta property=\"og:type\" content=\"article\" \/>\n<meta property=\"og:title\" content=\"Environment &amp; Sustainability\" \/>\n<meta property=\"og:description\" content=\"The Miami Beach Environment and Sustainability Department supports public projects, avoid, minimize, and mitigate environmental impacts.\" \/>\n<meta property=\"og:url\" content=\"https:\/\/www.miamibeachfl.gov\/fr\/city-hall\/environmental-sustainability\/\" \/>\n<meta property=\"og:site_name\" content=\"City of Miami Beach\" \/>\n<meta property=\"article:publisher\" content=\"https:\/\/www.facebook.com\/cityofmiamibeach\" \/>\n<meta property=\"article:modified_time\" content=\"2025-12-30T17:00:42+00:00\" \/>\n<meta property=\"og:image\" content=\"https:\/\/www.miamibeachfl.gov\/wp-content\/uploads\/2023\/05\/SouthPointeAerial.jpg\" \/>\n\t<meta property=\"og:image:width\" content=\"500\" \/>\n\t<meta property=\"og:image:height\" content=\"500\" \/>\n\t<meta property=\"og:image:type\" content=\"image\/jpeg\" \/>\n<meta name=\"twitter:card\" content=\"summary_large_image\" \/>\n<meta name=\"twitter:site\" content=\"@Miamibeachnews\" \/>\n<script type=\"application\/ld+json\" class=\"yoast-schema-graph\">{\"@context\":\"https:\\\/\\\/schema.org\",\"@graph\":[{\"@type\":\"WebPage\",\"@id\":\"https:\\\/\\\/www.miamibeachfl.gov\\\/city-hall\\\/environmental-sustainability\\\/\",\"url\":\"https:\\\/\\\/www.miamibeachfl.gov\\\/city-hall\\\/environmental-sustainability\\\/\",\"name\":\"Environment & Sustainability - City of Miami Beach\",\"isPartOf\":{\"@id\":\"https:\\\/\\\/www.miamibeachfl.gov\\\/#website\"},\"primaryImageOfPage\":{\"@id\":\"https:\\\/\\\/www.miamibeachfl.gov\\\/city-hall\\\/environmental-sustainability\\\/#primaryimage\"},\"image\":{\"@id\":\"https:\\\/\\\/www.miamibeachfl.gov\\\/city-hall\\\/environmental-sustainability\\\/#primaryimage\"},\"thumbnailUrl\":\"https:\\\/\\\/www.miamibeachfl.gov\\\/wp-content\\\/uploads\\\/2023\\\/05\\\/SouthPointeAerial.jpg\",\"datePublished\":\"2017-08-11T00:06:23+00:00\",\"dateModified\":\"2025-12-30T17:00:42+00:00\",\"description\":\"The Miami Beach Environment and Sustainability Department supports public projects, avoid, minimize, and mitigate environmental impacts.\",\"breadcrumb\":{\"@id\":\"https:\\\/\\\/www.miamibeachfl.gov\\\/city-hall\\\/environmental-sustainability\\\/#breadcrumb\"},\"inLanguage\":\"fr-FR\",\"potentialAction\":[{\"@type\":\"ReadAction\",\"target\":[\"https:\\\/\\\/www.miamibeachfl.gov\\\/city-hall\\\/environmental-sustainability\\\/\"]}]},{\"@type\":\"ImageObject\",\"inLanguage\":\"fr-FR\",\"@id\":\"https:\\\/\\\/www.miamibeachfl.gov\\\/city-hall\\\/environmental-sustainability\\\/#primaryimage\",\"url\":\"https:\\\/\\\/www.miamibeachfl.gov\\\/wp-content\\\/uploads\\\/2023\\\/05\\\/SouthPointeAerial.jpg\",\"contentUrl\":\"https:\\\/\\\/www.miamibeachfl.gov\\\/wp-content\\\/uploads\\\/2023\\\/05\\\/SouthPointeAerial.jpg\",\"width\":500,\"height\":500,\"caption\":\"SouthPointe Environmental Aerial Shot\"},{\"@type\":\"BreadcrumbList\",\"@id\":\"https:\\\/\\\/www.miamibeachfl.gov\\\/city-hall\\\/environmental-sustainability\\\/#breadcrumb\",\"itemListElement\":[{\"@type\":\"ListItem\",\"position\":1,\"name\":\"Home\",\"item\":\"https:\\\/\\\/www.miamibeachfl.gov\\\/\"},{\"@type\":\"ListItem\",\"position\":2,\"name\":\"City Hall\",\"item\":\"https:\\\/\\\/www.miamibeachfl.gov\\\/city-hall\\\/\"},{\"@type\":\"ListItem\",\"position\":3,\"name\":\"Environment &#038; Sustainability\"}]},{\"@type\":\"WebSite\",\"@id\":\"https:\\\/\\\/www.miamibeachfl.gov\\\/#website\",\"url\":\"https:\\\/\\\/www.miamibeachfl.gov\\\/\",\"name\":\"City of Miami Beach\",\"description\":\"The official website of the City of Miami Beach. Stay informed, find important information on city services, news, alerts, events, trolley routes, government employment and more.\",\"publisher\":{\"@id\":\"https:\\\/\\\/www.miamibeachfl.gov\\\/#organization\"},\"potentialAction\":[{\"@type\":\"SearchAction\",\"target\":{\"@type\":\"EntryPoint\",\"urlTemplate\":\"https:\\\/\\\/www.miamibeachfl.gov\\\/?s={search_term_string}\"},\"query-input\":{\"@type\":\"PropertyValueSpecification\",\"valueRequired\":true,\"valueName\":\"search_term_string\"}}],\"inLanguage\":\"fr-FR\"},{\"@type\":\"Organization\",\"@id\":\"https:\\\/\\\/www.miamibeachfl.gov\\\/#organization\",\"name\":\"City of Miami Beach\",\"url\":\"https:\\\/\\\/www.miamibeachfl.gov\\\/\",\"logo\":{\"@type\":\"ImageObject\",\"inLanguage\":\"fr-FR\",\"@id\":\"https:\\\/\\\/www.miamibeachfl.gov\\\/#\\\/schema\\\/logo\\\/image\\\/\",\"url\":\"https:\\\/\\\/www.miamibeachfl.gov\\\/wp-content\\\/uploads\\\/2022\\\/06\\\/miamibeach-logoblue.png\",\"contentUrl\":\"https:\\\/\\\/www.miamibeachfl.gov\\\/wp-content\\\/uploads\\\/2022\\\/06\\\/miamibeach-logoblue.png\",\"width\":1962,\"height\":381,\"caption\":\"City of Miami Beach\"},\"image\":{\"@id\":\"https:\\\/\\\/www.miamibeachfl.gov\\\/#\\\/schema\\\/logo\\\/image\\\/\"},\"sameAs\":[\"https:\\\/\\\/www.facebook.com\\\/cityofmiamibeach\",\"https:\\\/\\\/x.com\\\/Miamibeachnews\",\"https:\\\/\\\/www.instagram.com\\\/miamibeachnews\\\/\"],\"description\":\"The official website of the City of Miami Beach. Stay informed, find important information on city services, news, alerts, events, trolley routes, government employment and more.\",\"telephone\":\"305.604.CITY(2489)\",\"legalName\":\"City of Miami Beach\"}]}<\/script>\n<!-- \/ Yoast SEO Premium plugin. -->","yoast_head_json":{"title":"Environnement et d\u00e9veloppement durable - Ville de Miami Beach","description":"Le d\u00e9partement de l&#039;environnement et du d\u00e9veloppement durable de Miami Beach soutient les projets publics, \u00e9vite, minimise et att\u00e9nue les impacts environnementaux.","robots":{"index":"index","follow":"follow","max-snippet":"max-snippet:-1","max-image-preview":"max-image-preview:large","max-video-preview":"max-video-preview:-1"},"canonical":"https:\/\/www.miamibeachfl.gov\/fr\/city-hall\/environmental-sustainability\/","og_locale":"fr_FR","og_type":"article","og_title":"Environment & Sustainability","og_description":"The Miami Beach Environment and Sustainability Department supports public projects, avoid, minimize, and mitigate environmental impacts.","og_url":"https:\/\/www.miamibeachfl.gov\/fr\/city-hall\/environmental-sustainability\/","og_site_name":"City of Miami Beach","article_publisher":"https:\/\/www.facebook.com\/cityofmiamibeach","article_modified_time":"2025-12-30T17:00:42+00:00","og_image":[{"width":500,"height":500,"url":"https:\/\/www.miamibeachfl.gov\/wp-content\/uploads\/2023\/05\/SouthPointeAerial.jpg","type":"image\/jpeg"}],"twitter_card":"summary_large_image","twitter_site":"@Miamibeachnews","schema":{"@context":"https:\/\/schema.org","@graph":[{"@type":"WebPage","@id":"https:\/\/www.miamibeachfl.gov\/city-hall\/environmental-sustainability\/","url":"https:\/\/www.miamibeachfl.gov\/city-hall\/environmental-sustainability\/","name":"Environnement et d\u00e9veloppement durable - Ville de Miami Beach","isPartOf":{"@id":"https:\/\/www.miamibeachfl.gov\/#website"},"primaryImageOfPage":{"@id":"https:\/\/www.miamibeachfl.gov\/city-hall\/environmental-sustainability\/#primaryimage"},"image":{"@id":"https:\/\/www.miamibeachfl.gov\/city-hall\/environmental-sustainability\/#primaryimage"},"thumbnailUrl":"https:\/\/www.miamibeachfl.gov\/wp-content\/uploads\/2023\/05\/SouthPointeAerial.jpg","datePublished":"2017-08-11T00:06:23+00:00","dateModified":"2025-12-30T17:00:42+00:00","description":"Le d\u00e9partement de l&#039;environnement et du d\u00e9veloppement durable de Miami Beach soutient les projets publics, \u00e9vite, minimise et att\u00e9nue les impacts environnementaux.","breadcrumb":{"@id":"https:\/\/www.miamibeachfl.gov\/city-hall\/environmental-sustainability\/#breadcrumb"},"inLanguage":"fr-FR","potentialAction":[{"@type":"ReadAction","target":["https:\/\/www.miamibeachfl.gov\/city-hall\/environmental-sustainability\/"]}]},{"@type":"ImageObject","inLanguage":"fr-FR","@id":"https:\/\/www.miamibeachfl.gov\/city-hall\/environmental-sustainability\/#primaryimage","url":"https:\/\/www.miamibeachfl.gov\/wp-content\/uploads\/2023\/05\/SouthPointeAerial.jpg","contentUrl":"https:\/\/www.miamibeachfl.gov\/wp-content\/uploads\/2023\/05\/SouthPointeAerial.jpg","width":500,"height":500,"caption":"SouthPointe Environmental Aerial Shot"},{"@type":"BreadcrumbList","@id":"https:\/\/www.miamibeachfl.gov\/city-hall\/environmental-sustainability\/#breadcrumb","itemListElement":[{"@type":"ListItem","position":1,"name":"Home","item":"https:\/\/www.miamibeachfl.gov\/"},{"@type":"ListItem","position":2,"name":"City Hall","item":"https:\/\/www.miamibeachfl.gov\/city-hall\/"},{"@type":"ListItem","position":3,"name":"Environment &#038; Sustainability"}]},{"@type":"WebSite","@id":"https:\/\/www.miamibeachfl.gov\/#website","url":"https:\/\/www.miamibeachfl.gov\/","name":"Ville de Miami Beach","description":"Site officiel de la ville de Miami Beach. Restez inform\u00e9 et trouvez des informations importantes sur les services municipaux, les actualit\u00e9s, les alertes, les \u00e9v\u00e9nements, les itin\u00e9raires de tramway, les emplois gouvernementaux et bien plus encore.","publisher":{"@id":"https:\/\/www.miamibeachfl.gov\/#organization"},"potentialAction":[{"@type":"SearchAction","target":{"@type":"EntryPoint","urlTemplate":"https:\/\/www.miamibeachfl.gov\/?s={search_term_string}"},"query-input":{"@type":"PropertyValueSpecification","valueRequired":true,"valueName":"search_term_string"}}],"inLanguage":"fr-FR"},{"@type":"Organization","@id":"https:\/\/www.miamibeachfl.gov\/#organization","name":"Ville de Miami Beach","url":"https:\/\/www.miamibeachfl.gov\/","logo":{"@type":"ImageObject","inLanguage":"fr-FR","@id":"https:\/\/www.miamibeachfl.gov\/#\/schema\/logo\/image\/","url":"https:\/\/www.miamibeachfl.gov\/wp-content\/uploads\/2022\/06\/miamibeach-logoblue.png","contentUrl":"https:\/\/www.miamibeachfl.gov\/wp-content\/uploads\/2022\/06\/miamibeach-logoblue.png","width":1962,"height":381,"caption":"City of Miami Beach"},"image":{"@id":"https:\/\/www.miamibeachfl.gov\/#\/schema\/logo\/image\/"},"sameAs":["https:\/\/www.facebook.com\/cityofmiamibeach","https:\/\/x.com\/Miamibeachnews","https:\/\/www.instagram.com\/miamibeachnews\/"],"description":"Site officiel de la ville de Miami Beach. Restez inform\u00e9 et trouvez des informations importantes sur les services municipaux, les actualit\u00e9s, les alertes, les \u00e9v\u00e9nements, les itin\u00e9raires de tramway, les emplois gouvernementaux et bien plus encore.","telephone":"305.604.CITY(2489)","legalName":"City of Miami Beach"}]}},"_links":{"self":[{"href":"https:\/\/www.miamibeachfl.gov\/fr\/wp-json\/wp\/v2\/pages\/28598","targetHints":{"allow":["GET"]}}],"collection":[{"href":"https:\/\/www.miamibeachfl.gov\/fr\/wp-json\/wp\/v2\/pages"}],"about":[{"href":"https:\/\/www.miamibeachfl.gov\/fr\/wp-json\/wp\/v2\/types\/page"}],"author":[{"embeddable":true,"href":"https:\/\/www.miamibeachfl.gov\/fr\/wp-json\/wp\/v2\/users\/222"}],"replies":[{"embeddable":true,"href":"https:\/\/www.miamibeachfl.gov\/fr\/wp-json\/wp\/v2\/comments?post=28598"}],"version-history":[{"count":2,"href":"https:\/\/www.miamibeachfl.gov\/fr\/wp-json\/wp\/v2\/pages\/28598\/revisions"}],"predecessor-version":[{"id":394001,"href":"https:\/\/www.miamibeachfl.gov\/fr\/wp-json\/wp\/v2\/pages\/28598\/revisions\/394001"}],"up":[{"embeddable":true,"href":"https:\/\/www.miamibeachfl.gov\/fr\/wp-json\/wp\/v2\/pages\/28206"}],"wp:featuredmedia":[{"embeddable":true,"href":"https:\/\/www.miamibeachfl.gov\/fr\/wp-json\/wp\/v2\/media\/260864"}],"wp:attachment":[{"href":"https:\/\/www.miamibeachfl.gov\/fr\/wp-json\/wp\/v2\/media?parent=28598"}],"wp:term":[{"taxonomy":"category","embeddable":true,"href":"https:\/\/www.miamibeachfl.gov\/fr\/wp-json\/wp\/v2\/categories?post=28598"},{"taxonomy":"post_tag","embeddable":true,"href":"https:\/\/www.miamibeachfl.gov\/fr\/wp-json\/wp\/v2\/tags?post=28598"}],"curies":[{"name":"wp","href":"https:\/\/api.w.org\/{rel}","templated":true}]}}