{"id":28604,"date":"2017-08-11T00:06:26","date_gmt":"2017-08-11T00:06:26","guid":{"rendered":"http:\/\/www.miamibeachfl.gov\/city-hall\/environmental-sustainability\/environmental-resources\/natural-resources-management\/wildlife\/turtles\/"},"modified":"2024-03-19T15:21:54","modified_gmt":"2024-03-19T19:21:54","slug":"turtles","status":"publish","type":"page","link":"https:\/\/www.miamibeachfl.gov\/fr\/city-hall\/environmental-sustainability\/environmental-resources\/natural-resources-management\/turtles\/","title":{"rendered":"Tortues"},"content":{"rendered":"<p><b>ENVIRONNEMENT \u2013 TORTUES<\/b><\/p>\n<p><b>LES TORTUES MARINES ET L&#039;\u00c9COSYST\u00c8ME DE PLAGE<\/b><\/p>\n<p>Les tortues marines sont prot\u00e9g\u00e9es par la loi am\u00e9ricaine sur les esp\u00e8ces menac\u00e9es de 1973 et le chapitre 370 de la loi de Floride. Il est ill\u00e9gal de nuire ou de harceler les tortues marines, leurs nids ou leurs nouveau-n\u00e9s. La ville de Miami Beach est un habitat de nidification pour trois esp\u00e8ces de tortues marines prot\u00e9g\u00e9es\u00a0: la caouanne, la tortue verte et la tortue luth. Chaque ann\u00e9e, d&#039;avril \u00e0 d\u00e9but novembre, les tortues marines indig\u00e8nes viennent nicher sur nos plages. Les tortues marines pondent environ 100\u00a0\u0153ufs par nid et entre 3 et 7\u00a0nids pendant la saison de nidification estivale. Il est important de ne pas d\u00e9ranger les nouveau-n\u00e9s, les \u0153ufs ou les nids, car ces derniers doivent ramper jusqu&#039;\u00e0 la mer sans entrave. Il est interdit par la loi de toucher les femelles en p\u00e9riode de nidification, de prendre des photos au flash des femelles en p\u00e9riode de nidification ou des nouveau-n\u00e9s, ou de creuser dans les nids. Si vous observez quelqu&#039;un harceler une tortue marine en train de nicher ou de na\u00eetre, contactez les forces de l&#039;ordre du FWC au 888.404.FWCC (3922) ou *FWC sur les t\u00e9l\u00e9phones portables.<\/p>\n<p><b>LA MENACE DE L&#039;\u00c9CLAIRAGE ARTIFICIEL<\/b><\/p>\n<p>La saison de nidification des tortues en Floride s&#039;\u00e9tend du 1er mai au 31 octobre. Cependant, la saison de nidification des tortues commence le <b>1er avril<\/b> \u00c0 Miami Beach, la saison de nidification des tortues luths est plus pr\u00e9coce. Dans d&#039;autres r\u00e9gions de l&#039;\u00c9tat, la nidification des tortues marines ne se produit qu&#039;aux alentours du 1er mai. Bien que les tortues pr\u00e9f\u00e8rent les plages sombres, beaucoup nichent sur des rivages \u00e9clair\u00e9s, faute de plages sombres. Cela met en danger les nouveau-n\u00e9s, instinctivement attir\u00e9s par les lumi\u00e8res vives. Normalement, la lumi\u00e8re vers laquelle ils se dirigent est cr\u00e9\u00e9e par le reflet de la lune ou des \u00e9toiles sur les vagues. Cependant, l&#039;\u00e9clairage artificiel en bord de mer repr\u00e9sente une menace s\u00e9rieuse pour les nouveau-n\u00e9s\u00a0: il les d\u00e9soriente et les pousse \u00e0 ramper loin de l&#039;oc\u00e9an pour se diriger vers la lumi\u00e8re artificielle. Sur les plages o\u00f9 l&#039;\u00e9clairage artificiel est visible, les femelles nicheuses peuvent \u00eatre dissuad\u00e9es de pondre et le voyage important des nouveau-n\u00e9s vers la mer peut \u00eatre perturb\u00e9. Afin d&#039;\u00e9viter toute d\u00e9sorientation et tout impact n\u00e9gatif sur la nidification des tortues, l&#039;installation d&#039;un \u00e9clairage ext\u00e9rieur en bord de mer perturbant les tortues marines est interdite par la loi de l&#039;\u00c9tat (Chapitre 62B-55 du Code administratif de Floride). La ville de Miami Beach a adopt\u00e9 une ordonnance de protection de la nidification des tortues afin de minimiser l&#039;impact de l&#039;\u00e9clairage artificiel sur les nouveau-n\u00e9s et les tortues marines nicheuses, et ainsi de prot\u00e9ger les esp\u00e8ces menac\u00e9es qui fr\u00e9quentent fr\u00e9quemment ses plages. Cette ordonnance encourage la gestion de la lumi\u00e8re sur les terrains priv\u00e9s et publics, pr\u00e9venant ainsi la pollution lumineuse, probl\u00e9matique pour les tortues marines et autres animaux nocturnes.<\/p>\n<p>&#8212;&#8212;&#8212;&#8212;&#8212;&#8212;&#8212;&#8212;&#8212;&#8212;&#8212;&#8212;&#8212;&#8212;&#8212;&#8212;&#8212;&#8212;&#8212;&#8212;&#8212;&#8212;&#8211;<\/p>\n<b>TORTUE VERTE<br \/>\n<\/b>Chelonia mydas\n<p><b>DESCRIPTION:<\/b> Les tortues vertes se distinguent facilement des autres tortues marines par une seule paire d&#039;\u00e9cailles, plut\u00f4t que deux, devant leurs yeux. Leur t\u00eate est petite et \u00e9mouss\u00e9e, avec une m\u00e2choire dentel\u00e9e. Leur carapace est ovale et leur couleur varie du vert p\u00e2le au vert fonc\u00e9, du jaune uni au jaune vif, et du brun au vert ray\u00e9. Les nouveau-n\u00e9s sont vert olive fonc\u00e9 ou presque noirs, avec le ventre blanc.<\/p>\n<p><b>TAILLE:<\/b> Les adultes mesurent entre 3,5 et 4 pieds de long et p\u00e8sent entre 300 et 400 livres.<\/p>\n<p><b>NIDIFICATION :<\/b> Chaque femelle niche 3 \u00e0 5 fois tous les deux ans et pond en moyenne 115 \u0153ufs par nid. L&#039;incubation dure environ 60 jours.<\/p>\n<p><b>STATUT:<\/b> En voie de disparition : Cette esp\u00e8ce est en danger d\u2019extinction dans un avenir proche.<\/p>\n<p>&#8212;&#8212;&#8212;&#8212;&#8212;&#8212;&#8212;&#8212;&#8212;&#8212;&#8212;&#8212;&#8212;&#8212;&#8212;&#8212;&#8212;&#8212;&#8212;&#8212;&#8212;&#8212;&#8211;<\/p>\n<b>CAOUANE<br \/>\n<\/b>Caretta caretta\n<p><b>DESCRIPTION:<\/b> Les tortues caouannes ont une grosse t\u00eate, des m\u00e2choires puissantes et lourdes, et une coquille en forme de c\u0153ur, sans cr\u00eate. Leur coquille est g\u00e9n\u00e9ralement brun rouge\u00e2tre, avec un ventre brun jaun\u00e2tre. Les nouveau-n\u00e9s sont g\u00e9n\u00e9ralement brun fonc\u00e9 avec une bordure brun clair sur les nageoires.<\/p>\n<p><b>TAILLE:<\/b> Les adultes mesurent entre 2,5 et 3,5 pieds de longueur et p\u00e8sent jusqu\u2019\u00e0 350 livres.<\/p>\n<p><b>NIDIFICATION :<\/b> Chaque femelle niche 5 \u00e0 7 fois tous les 2 \u00e0 3 ans et pond en moyenne 80 \u00e0 120 \u0153ufs par nid. L&#039;incubation dure environ 55 jours. La tortue caouanne est l&#039;esp\u00e8ce de tortue marine qui niche le plus fr\u00e9quemment en Floride.<\/p>\n<p><b>STATUT:<\/b> Menac\u00e9e : Cette esp\u00e8ce est susceptible d\u2019\u00eatre en danger d\u2019extinction dans un avenir proche.<\/p>\n<p>&#8212;&#8212;&#8212;&#8212;&#8212;&#8212;&#8212;&#8212;&#8212;&#8212;&#8212;&#8212;&#8212;&#8212;&#8212;&#8212;&#8212;&#8212;&#8212;&#8212;&#8212;&#8212;&#8211;<\/p>\n<b>TORTUE LUTHIER<br \/>\n<\/b>Dermochelys coriacea\n<p><b>DESCRIPTION:<\/b> Les tortues luths sont les plus grandes tortues et les plus grands reptiles vivants au monde. Elles sont les seules tortues marines d\u00e9pourvues de carapace osseuse. Les adultes sont principalement noirs, avec une carapace marbr\u00e9e de blanc ros\u00e9 et stri\u00e9 lat\u00e9ralement, et pr\u00e9sentent des taches blanc p\u00e2le et roses sur la t\u00eate. Les nouveau-n\u00e9s ont des rayures blanches sur le dos, mesurent environ 7,6 \u00e0 10 cm de long et p\u00e8sent entre 27 et 30 grammes.<\/p>\n<p><b>TAILLE:<\/b> Les adultes mesurent entre 6 et 6,5 pieds de longueur et p\u00e8sent environ 1 500 \u00e0 2 000 livres.<\/p>\n<p><b>NIDIFICATION :<\/b> Chaque femelle niche plusieurs fois par saison et pond en moyenne 80 \u00e0 100 \u0153ufs par nid. L&#039;incubation dure environ 70 jours.<\/p>\n<p><b>STATUT : EN DANGER :<\/b> Cette esp\u00e8ce est en danger d\u2019extinction dans un avenir proche.<\/p>\n<p>&#8212;&#8212;&#8212;&#8212;&#8212;&#8212;&#8212;&#8212;&#8212;&#8212;&#8212;&#8212;&#8212;&#8212;&#8212;&#8212;&#8212;&#8212;&#8212;&#8212;&#8212;&#8212;&#8211;<\/p>\n<p><b>QUOI<\/b> <b>PEUT<\/b> <b>TOI<\/b> <b>FAIRE<\/b>?<\/p>\nNe le faites pas<br \/>\nTouchez les tortues. Nous comprenons que de nombreux r\u00e9sidents soient concern\u00e9s par ce sujet.<br \/>\net je souhaite apporter mon aide, notamment pour sauver les nouveau-n\u00e9s d\u00e9sorient\u00e9s.<br \/>\nMalheureusement, les lois sur la protection des tortues marines en Floride limitent strictement la capacit\u00e9<br \/>\ndes non-titulaires de permis de participer aux efforts de conservation des tortues marines. Il est<br \/>\nIl est ill\u00e9gal pour le public de ramasser des b\u00e9b\u00e9s tortues marines, m\u00eame d\u00e9sorient\u00e9s.<br \/>\nles r\u00e9sidents qui sont passionn\u00e9s par cette question devraient signaler la pr\u00e9sence de tortues marines<br \/>\nincidents au (888) 404-FWCC (3922) ou *FWC sur les t\u00e9l\u00e9phones portables. Nous avons<br \/>\ndemand\u00e9 des conseils au comt\u00e9, au FWC et \u00e0 l&#039;USFWS sur la mani\u00e8re dont nous pouvons am\u00e9liorer<br \/>\nimpliquer nos r\u00e9sidents dans nos efforts pour am\u00e9liorer les initiatives de protection des tortues marines<br \/>\n\u00e0 Miami Beach et encourageons tous les int\u00e9ress\u00e9s \u00e0 s&#039;inscrire au<br \/>\nBulletin \u00e9lectronique sur la durabilit\u00e9 et l&#039;environnement pour recevoir plus d&#039;informations<br \/>\nil devient disponible.\n<p><b>\u00a0<\/b><b>VOUS SOUHAITEZ DES INFORMATIONS PLUS D\u00c9TAILL\u00c9ES SUR NOS EFFORTS EN 2017 ?<\/b><\/p>\n<p>Consultez la lettre \u00e0 la Commission qui a \u00e9t\u00e9 distribu\u00e9e le 4 ao\u00fbt 2017 :<strong><a title=\"Lettre de la tortue de mer\" href=\"\/wp-content\/uploads\/2017\/08\/LTC-397-2017-Sea-Turtle-Protection-in-Miami-Beach.pdf\" target=\"_blank\" rel=\"noopener\">Lettre de la tortue de mer<\/a><\/strong><\/p>\n<p><b>Links:<\/b><\/p>\n<strong><a title=\"Ordonnance de protection des tortues marines de la ville de Miami Beach\" href=\"https:\/\/library.municode.com\/fl\/miami_beach\/codes\/code_of_ordinances?nodeId=SPAGEOR_CH46EN_ARTVTUNEPR\" target=\"_blank\" rel=\"noopener\">Ordonnance de protection des tortues marines de la ville de Miami Beach<\/a>\u00a0<\/strong><br \/>\n<b><a title=\"Programme de nidification et de relocalisation des tortues marines du comt\u00e9 de Miami-Dade\" href=\"http:\/\/www.miamidade.gov\/ecoadventures\/sea-turtle-research-program.asp\" target=\"_blank\" rel=\"noopener\">Programme de protection des tortues marines du comt\u00e9 de Miami-Dade<\/a><br \/>\n<\/b><b><a title=\"Plaque d&#039;immatriculation de tortue de mer de Floride\" href=\"http:\/\/www.helpingseaturtles.org\/\" target=\"_blank\" rel=\"noopener\">Plaque d&#039;immatriculation de tortue de mer de Floride<\/a><br \/>\n<\/b><b><a title=\"Institut de recherche sur la faune et la flore de Floride\" href=\"https:\/\/myfwc.com\/research\/\" target=\"_blank\" rel=\"noopener\">Institut de recherche sur la faune et la flore de Floride<\/a>\u00a0<\/b>\n<p><b>\u00a0<\/b><\/p>","protected":false},"excerpt":{"rendered":"<p>ENVIRONMENTAL &#8211; TURTLES SEA TURTLES AND THE BEACH ECOSYSTEM Sea Turtles are protected by the US Endangered Species Act of [&hellip;]<\/p>\n","protected":false},"author":222,"featured_media":0,"parent":28600,"menu_order":0,"comment_status":"closed","ping_status":"closed","template":"","meta":{"_searchwp_excluded":"","site-sidebar-layout":"default","site-content-layout":"","ast-site-content-layout":"default","site-content-style":"default","site-sidebar-style":"default","ast-global-header-display":"","ast-banner-title-visibility":"","ast-main-header-display":"","ast-hfb-above-header-display":"","ast-hfb-below-header-display":"","ast-hfb-mobile-header-display":"","site-post-title":"","ast-breadcrumbs-content":"","ast-featured-img":"","footer-sml-layout":"","theme-transparent-header-meta":"","adv-header-id-meta":"","stick-header-meta":"","header-above-stick-meta":"","header-main-stick-meta":"","header-below-stick-meta":"","astra-migrate-meta-layouts":"default","ast-page-background-enabled":"default","ast-page-background-meta":{"desktop":{"background-color":"var(--ast-global-color-5)","background-image":"","background-repeat":"repeat","background-position":"center center","background-size":"auto","background-attachment":"scroll","background-type":"","background-media":"","overlay-type":"","overlay-color":"","overlay-opacity":"","overlay-gradient":""},"tablet":{"background-color":"","background-image":"","background-repeat":"repeat","background-position":"center center","background-size":"auto","background-attachment":"scroll","background-type":"","background-media":"","overlay-type":"","overlay-color":"","overlay-opacity":"","overlay-gradient":""},"mobile":{"background-color":"","background-image":"","background-repeat":"repeat","background-position":"center center","background-size":"auto","background-attachment":"scroll","background-type":"","background-media":"","overlay-type":"","overlay-color":"","overlay-opacity":"","overlay-gradient":""}},"ast-content-background-meta":{"desktop":{"background-color":"var(--ast-global-color-4)","background-image":"","background-repeat":"repeat","background-position":"center center","background-size":"auto","background-attachment":"scroll","background-type":"","background-media":"","overlay-type":"","overlay-color":"","overlay-opacity":"","overlay-gradient":""},"tablet":{"background-color":"var(--ast-global-color-4)","background-image":"","background-repeat":"repeat","background-position":"center center","background-size":"auto","background-attachment":"scroll","background-type":"","background-media":"","overlay-type":"","overlay-color":"","overlay-opacity":"","overlay-gradient":""},"mobile":{"background-color":"var(--ast-global-color-4)","background-image":"","background-repeat":"repeat","background-position":"center center","background-size":"auto","background-attachment":"scroll","background-type":"","background-media":"","overlay-type":"","overlay-color":"","overlay-opacity":"","overlay-gradient":""}},"footnotes":""},"categories":[],"tags":[],"class_list":["post-28604","page","type-page","status-publish","hentry"],"yoast_head":"<!-- This site is optimized with the Yoast SEO Premium plugin v27.4 (Yoast SEO v27.4) - https:\/\/yoast.com\/product\/yoast-seo-premium-wordpress\/ -->\n<title>Turtles - City of Miami Beach<\/title>\n<meta name=\"description\" content=\"%\" \/>\n<meta name=\"robots\" content=\"index, follow, max-snippet:-1, max-image-preview:large, max-video-preview:-1\" \/>\n<link rel=\"canonical\" href=\"https:\/\/www.miamibeachfl.gov\/fr\/city-hall\/environmental-sustainability\/environmental-resources\/natural-resources-management\/turtles\/\" \/>\n<meta property=\"og:locale\" content=\"fr_FR\" \/>\n<meta property=\"og:type\" content=\"article\" \/>\n<meta property=\"og:title\" content=\"Turtles\" \/>\n<meta property=\"og:description\" content=\"%\" \/>\n<meta property=\"og:url\" content=\"https:\/\/www.miamibeachfl.gov\/fr\/city-hall\/environmental-sustainability\/environmental-resources\/natural-resources-management\/turtles\/\" \/>\n<meta property=\"og:site_name\" content=\"City of Miami Beach\" \/>\n<meta property=\"article:publisher\" content=\"https:\/\/www.facebook.com\/cityofmiamibeach\" \/>\n<meta property=\"article:modified_time\" content=\"2024-03-19T19:21:54+00:00\" \/>\n<meta property=\"og:image\" content=\"https:\/\/www.miamibeachfl.gov\/wp-content\/uploads\/2024\/01\/1000pxSquare-miamibeach-aerial-southpointview.jpeg\" \/>\n\t<meta property=\"og:image:width\" content=\"1000\" \/>\n\t<meta property=\"og:image:height\" content=\"1000\" \/>\n\t<meta property=\"og:image:type\" content=\"image\/jpeg\" \/>\n<meta name=\"twitter:card\" content=\"summary_large_image\" \/>\n<meta name=\"twitter:site\" content=\"@Miamibeachnews\" \/>\n<script type=\"application\/ld+json\" class=\"yoast-schema-graph\">{\"@context\":\"https:\\\/\\\/schema.org\",\"@graph\":[{\"@type\":\"WebPage\",\"@id\":\"https:\\\/\\\/www.miamibeachfl.gov\\\/city-hall\\\/environmental-sustainability\\\/environmental-resources\\\/natural-resources-management\\\/turtles\\\/\",\"url\":\"https:\\\/\\\/www.miamibeachfl.gov\\\/city-hall\\\/environmental-sustainability\\\/environmental-resources\\\/natural-resources-management\\\/turtles\\\/\",\"name\":\"Turtles - City of Miami Beach\",\"isPartOf\":{\"@id\":\"https:\\\/\\\/www.miamibeachfl.gov\\\/#website\"},\"datePublished\":\"2017-08-11T00:06:26+00:00\",\"dateModified\":\"2024-03-19T19:21:54+00:00\",\"description\":\"%\",\"breadcrumb\":{\"@id\":\"https:\\\/\\\/www.miamibeachfl.gov\\\/city-hall\\\/environmental-sustainability\\\/environmental-resources\\\/natural-resources-management\\\/turtles\\\/#breadcrumb\"},\"inLanguage\":\"fr-FR\",\"potentialAction\":[{\"@type\":\"ReadAction\",\"target\":[\"https:\\\/\\\/www.miamibeachfl.gov\\\/city-hall\\\/environmental-sustainability\\\/environmental-resources\\\/natural-resources-management\\\/turtles\\\/\"]}]},{\"@type\":\"BreadcrumbList\",\"@id\":\"https:\\\/\\\/www.miamibeachfl.gov\\\/city-hall\\\/environmental-sustainability\\\/environmental-resources\\\/natural-resources-management\\\/turtles\\\/#breadcrumb\",\"itemListElement\":[{\"@type\":\"ListItem\",\"position\":1,\"name\":\"Home\",\"item\":\"https:\\\/\\\/www.miamibeachfl.gov\\\/\"},{\"@type\":\"ListItem\",\"position\":2,\"name\":\"City Hall\",\"item\":\"https:\\\/\\\/www.miamibeachfl.gov\\\/city-hall\\\/\"},{\"@type\":\"ListItem\",\"position\":3,\"name\":\"Environment &#038; Sustainability\",\"item\":\"https:\\\/\\\/www.miamibeachfl.gov\\\/city-hall\\\/environmental-sustainability\\\/\"},{\"@type\":\"ListItem\",\"position\":4,\"name\":\"Environmental Resources\",\"item\":\"https:\\\/\\\/www.miamibeachfl.gov\\\/city-hall\\\/environmental-sustainability\\\/environmental-resources\\\/\"},{\"@type\":\"ListItem\",\"position\":5,\"name\":\"Natural Resources Management\",\"item\":\"https:\\\/\\\/www.miamibeachfl.gov\\\/city-hall\\\/environmental-sustainability\\\/environmental-resources\\\/natural-resources-management\\\/\"},{\"@type\":\"ListItem\",\"position\":6,\"name\":\"Turtles\"}]},{\"@type\":\"WebSite\",\"@id\":\"https:\\\/\\\/www.miamibeachfl.gov\\\/#website\",\"url\":\"https:\\\/\\\/www.miamibeachfl.gov\\\/\",\"name\":\"City of Miami Beach\",\"description\":\"The official website of the City of Miami Beach. Stay informed, find important information on city services, news, alerts, events, trolley routes, government employment and more.\",\"publisher\":{\"@id\":\"https:\\\/\\\/www.miamibeachfl.gov\\\/#organization\"},\"potentialAction\":[{\"@type\":\"SearchAction\",\"target\":{\"@type\":\"EntryPoint\",\"urlTemplate\":\"https:\\\/\\\/www.miamibeachfl.gov\\\/?s={search_term_string}\"},\"query-input\":{\"@type\":\"PropertyValueSpecification\",\"valueRequired\":true,\"valueName\":\"search_term_string\"}}],\"inLanguage\":\"fr-FR\"},{\"@type\":\"Organization\",\"@id\":\"https:\\\/\\\/www.miamibeachfl.gov\\\/#organization\",\"name\":\"City of Miami Beach\",\"url\":\"https:\\\/\\\/www.miamibeachfl.gov\\\/\",\"logo\":{\"@type\":\"ImageObject\",\"inLanguage\":\"fr-FR\",\"@id\":\"https:\\\/\\\/www.miamibeachfl.gov\\\/#\\\/schema\\\/logo\\\/image\\\/\",\"url\":\"https:\\\/\\\/www.miamibeachfl.gov\\\/wp-content\\\/uploads\\\/2022\\\/06\\\/miamibeach-logoblue.png\",\"contentUrl\":\"https:\\\/\\\/www.miamibeachfl.gov\\\/wp-content\\\/uploads\\\/2022\\\/06\\\/miamibeach-logoblue.png\",\"width\":1962,\"height\":381,\"caption\":\"City of Miami Beach\"},\"image\":{\"@id\":\"https:\\\/\\\/www.miamibeachfl.gov\\\/#\\\/schema\\\/logo\\\/image\\\/\"},\"sameAs\":[\"https:\\\/\\\/www.facebook.com\\\/cityofmiamibeach\",\"https:\\\/\\\/x.com\\\/Miamibeachnews\",\"https:\\\/\\\/www.instagram.com\\\/miamibeachnews\\\/\"],\"description\":\"The official website of the City of Miami Beach. Stay informed, find important information on city services, news, alerts, events, trolley routes, government employment and more.\",\"telephone\":\"305.604.CITY(2489)\",\"legalName\":\"City of Miami Beach\"}]}<\/script>\n<!-- \/ Yoast SEO Premium plugin. -->","yoast_head_json":{"title":"Turtles - City of Miami Beach","description":"%","robots":{"index":"index","follow":"follow","max-snippet":"max-snippet:-1","max-image-preview":"max-image-preview:large","max-video-preview":"max-video-preview:-1"},"canonical":"https:\/\/www.miamibeachfl.gov\/fr\/city-hall\/environmental-sustainability\/environmental-resources\/natural-resources-management\/turtles\/","og_locale":"fr_FR","og_type":"article","og_title":"Turtles","og_description":"%","og_url":"https:\/\/www.miamibeachfl.gov\/fr\/city-hall\/environmental-sustainability\/environmental-resources\/natural-resources-management\/turtles\/","og_site_name":"City of Miami Beach","article_publisher":"https:\/\/www.facebook.com\/cityofmiamibeach","article_modified_time":"2024-03-19T19:21:54+00:00","og_image":[{"width":1000,"height":1000,"url":"https:\/\/www.miamibeachfl.gov\/wp-content\/uploads\/2024\/01\/1000pxSquare-miamibeach-aerial-southpointview.jpeg","type":"image\/jpeg"}],"twitter_card":"summary_large_image","twitter_site":"@Miamibeachnews","schema":{"@context":"https:\/\/schema.org","@graph":[{"@type":"WebPage","@id":"https:\/\/www.miamibeachfl.gov\/city-hall\/environmental-sustainability\/environmental-resources\/natural-resources-management\/turtles\/","url":"https:\/\/www.miamibeachfl.gov\/city-hall\/environmental-sustainability\/environmental-resources\/natural-resources-management\/turtles\/","name":"Turtles - City of Miami Beach","isPartOf":{"@id":"https:\/\/www.miamibeachfl.gov\/#website"},"datePublished":"2017-08-11T00:06:26+00:00","dateModified":"2024-03-19T19:21:54+00:00","description":"%","breadcrumb":{"@id":"https:\/\/www.miamibeachfl.gov\/city-hall\/environmental-sustainability\/environmental-resources\/natural-resources-management\/turtles\/#breadcrumb"},"inLanguage":"fr-FR","potentialAction":[{"@type":"ReadAction","target":["https:\/\/www.miamibeachfl.gov\/city-hall\/environmental-sustainability\/environmental-resources\/natural-resources-management\/turtles\/"]}]},{"@type":"BreadcrumbList","@id":"https:\/\/www.miamibeachfl.gov\/city-hall\/environmental-sustainability\/environmental-resources\/natural-resources-management\/turtles\/#breadcrumb","itemListElement":[{"@type":"ListItem","position":1,"name":"Home","item":"https:\/\/www.miamibeachfl.gov\/"},{"@type":"ListItem","position":2,"name":"City Hall","item":"https:\/\/www.miamibeachfl.gov\/city-hall\/"},{"@type":"ListItem","position":3,"name":"Environment &#038; Sustainability","item":"https:\/\/www.miamibeachfl.gov\/city-hall\/environmental-sustainability\/"},{"@type":"ListItem","position":4,"name":"Environmental Resources","item":"https:\/\/www.miamibeachfl.gov\/city-hall\/environmental-sustainability\/environmental-resources\/"},{"@type":"ListItem","position":5,"name":"Natural Resources Management","item":"https:\/\/www.miamibeachfl.gov\/city-hall\/environmental-sustainability\/environmental-resources\/natural-resources-management\/"},{"@type":"ListItem","position":6,"name":"Turtles"}]},{"@type":"WebSite","@id":"https:\/\/www.miamibeachfl.gov\/#website","url":"https:\/\/www.miamibeachfl.gov\/","name":"Ville de Miami Beach","description":"Site officiel de la ville de Miami Beach. Restez inform\u00e9 et trouvez des informations importantes sur les services municipaux, les actualit\u00e9s, les alertes, les \u00e9v\u00e9nements, les itin\u00e9raires de tramway, les emplois gouvernementaux et bien plus encore.","publisher":{"@id":"https:\/\/www.miamibeachfl.gov\/#organization"},"potentialAction":[{"@type":"SearchAction","target":{"@type":"EntryPoint","urlTemplate":"https:\/\/www.miamibeachfl.gov\/?s={search_term_string}"},"query-input":{"@type":"PropertyValueSpecification","valueRequired":true,"valueName":"search_term_string"}}],"inLanguage":"fr-FR"},{"@type":"Organization","@id":"https:\/\/www.miamibeachfl.gov\/#organization","name":"Ville de Miami Beach","url":"https:\/\/www.miamibeachfl.gov\/","logo":{"@type":"ImageObject","inLanguage":"fr-FR","@id":"https:\/\/www.miamibeachfl.gov\/#\/schema\/logo\/image\/","url":"https:\/\/www.miamibeachfl.gov\/wp-content\/uploads\/2022\/06\/miamibeach-logoblue.png","contentUrl":"https:\/\/www.miamibeachfl.gov\/wp-content\/uploads\/2022\/06\/miamibeach-logoblue.png","width":1962,"height":381,"caption":"City of Miami Beach"},"image":{"@id":"https:\/\/www.miamibeachfl.gov\/#\/schema\/logo\/image\/"},"sameAs":["https:\/\/www.facebook.com\/cityofmiamibeach","https:\/\/x.com\/Miamibeachnews","https:\/\/www.instagram.com\/miamibeachnews\/"],"description":"Site officiel de la ville de Miami Beach. Restez inform\u00e9 et trouvez des informations importantes sur les services municipaux, les actualit\u00e9s, les alertes, les \u00e9v\u00e9nements, les itin\u00e9raires de tramway, les emplois gouvernementaux et bien plus encore.","telephone":"305.604.CITY(2489)","legalName":"City of Miami Beach"}]}},"_links":{"self":[{"href":"https:\/\/www.miamibeachfl.gov\/fr\/wp-json\/wp\/v2\/pages\/28604","targetHints":{"allow":["GET"]}}],"collection":[{"href":"https:\/\/www.miamibeachfl.gov\/fr\/wp-json\/wp\/v2\/pages"}],"about":[{"href":"https:\/\/www.miamibeachfl.gov\/fr\/wp-json\/wp\/v2\/types\/page"}],"author":[{"embeddable":true,"href":"https:\/\/www.miamibeachfl.gov\/fr\/wp-json\/wp\/v2\/users\/222"}],"replies":[{"embeddable":true,"href":"https:\/\/www.miamibeachfl.gov\/fr\/wp-json\/wp\/v2\/comments?post=28604"}],"version-history":[{"count":0,"href":"https:\/\/www.miamibeachfl.gov\/fr\/wp-json\/wp\/v2\/pages\/28604\/revisions"}],"up":[{"embeddable":true,"href":"https:\/\/www.miamibeachfl.gov\/fr\/wp-json\/wp\/v2\/pages\/28600"}],"wp:attachment":[{"href":"https:\/\/www.miamibeachfl.gov\/fr\/wp-json\/wp\/v2\/media?parent=28604"}],"wp:term":[{"taxonomy":"category","embeddable":true,"href":"https:\/\/www.miamibeachfl.gov\/fr\/wp-json\/wp\/v2\/categories?post=28604"},{"taxonomy":"post_tag","embeddable":true,"href":"https:\/\/www.miamibeachfl.gov\/fr\/wp-json\/wp\/v2\/tags?post=28604"}],"curies":[{"name":"wp","href":"https:\/\/api.w.org\/{rel}","templated":true}]}}