{"id":28606,"date":"2017-08-11T00:06:28","date_gmt":"2017-08-11T00:06:28","guid":{"rendered":"http:\/\/www.miamibeachfl.gov\/city-hall\/environmental-sustainability\/environmental-resources\/regulatory-compliance\/for-residents\/"},"modified":"2025-05-28T10:25:09","modified_gmt":"2025-05-28T14:25:09","slug":"for-residents","status":"publish","type":"page","link":"https:\/\/www.miamibeachfl.gov\/fr\/city-hall\/environmental-sustainability\/environmental-resources\/regulatory-compliance\/for-residents\/","title":{"rendered":"R\u00e9sidents"},"content":{"rendered":"<img decoding=\"async\" src=\"https:\/\/www.miamibeachfl.gov\/wp-content\/uploads\/2022\/07\/hero-small.jpg\" alt=\"ocean drive art deco buildings\" itemprop=\"image\" title=\"petit h\u00e9ros\" onerror=\"this.style.display='none'\" loading='lazy' \/>\n<h1>\n\t\t\tR\u00e9sidents\t<\/h1>\n\t<nav id=\"breadcrumbs\" aria-label=\"Fil d&#039;Ariane\"><a href=\"https:\/\/www.miamibeachfl.gov\/fr\/\">Maison<\/a> &gt; <a href=\"https:\/\/www.miamibeachfl.gov\/fr\/city-hall\/\">l&#039;h\u00f4tel de ville<\/a> &gt; <a href=\"https:\/\/www.miamibeachfl.gov\/fr\/city-hall\/environmental-sustainability\/\">Environnement et durabilit\u00e9<\/a> &gt; <a href=\"https:\/\/www.miamibeachfl.gov\/fr\/city-hall\/environmental-sustainability\/environmental-resources\/\">Ressources environnementales<\/a> &gt; <a href=\"https:\/\/www.miamibeachfl.gov\/fr\/city-hall\/environmental-sustainability\/environmental-resources\/regulatory-compliance\/\">Conformit\u00e9 r\u00e9glementaire<\/a> &gt; <strong>R\u00e9sidents<\/strong><\/nav>\n\t<p><strong>ENVIRONNEMENT \u2013 POUR LES R\u00c9SIDENTS<\/strong><\/p>\n<p>La mission de la Division de l&#039;environnement et du d\u00e9veloppement durable est de pr\u00e9server, prot\u00e9ger, restaurer et am\u00e9liorer l&#039;environnement de la ville de Miami Beach. Elle g\u00e8re les programmes de conformit\u00e9 r\u00e9glementaire des r\u00e9seaux d&#039;eau potable et d&#039;eaux pluviales, des r\u00e9servoirs de stockage et des installations d&#039;entretien de la ville\u00a0; met en \u0153uvre des programmes de protection des ressources naturelles et de gestion des ressources c\u00f4ti\u00e8res\u00a0; m\u00e8ne des projets de restauration des cours d&#039;eau et du littoral\u00a0; et d\u00e9veloppe des projets de restauration d&#039;habitats, de cr\u00e9ation d&#039;espaces verts urbains et d&#039;am\u00e9lioration de l&#039;acc\u00e8s public. La qualit\u00e9 de vie \u00e0 Miami Beach est \u00e9troitement li\u00e9e \u00e0 notre environnement. La Division de la gestion des ressources environnementales de Miami Beach collabore r\u00e9guli\u00e8rement avec le D\u00e9partement de la gestion des ressources environnementales (DERM) du comt\u00e9 de Miami-Dade afin de maintenir les normes environnementales dans toute la ville. Pour plus d&#039;informations sur des questions ou des programmes, ou pour signaler d&#039;autres probl\u00e8mes environnementaux, veuillez contacter la Division de l&#039;environnement et du d\u00e9veloppement durable de la ville de Miami Beach \u00e0 l&#039;adresse suivante\u00a0:<\/p>\nD\u00e9partement de l&#039;environnement et du d\u00e9veloppement durable<br \/>\n1700 Convention Center Drive, 3e \u00e9tage<br \/>\nMiami Beach, Floride 33139<br \/>\nHoraires : Du lundi au vendredi, de 8h30 \u00e0 17h<br \/>\nT\u00e9l\u00e9phone : (305) 673-7084<br \/>\nE-mail:\u00a0<strong><a title=\"ypineda@miamibeachfl.gov\" href=\"mailto:environment_sustainability@miamibeachfl.gov\" target=\"_blank\" rel=\"noopener\">environment_sustainability@miamibeachfl.gov<\/a><\/strong>\n<p>Cliquez sur les agences suivantes pour en savoir plus :<\/p>\n<p><strong><em><a title=\"D\u00e9partement de gestion des ressources environnementales du comt\u00e9 de Miami-Dade (DERM)\" href=\"http:\/\/www.miamidade.gov\/environment\/\">D\u00e9partement de gestion des ressources environnementales du comt\u00e9 de Miami-Dade (DERM)<\/a><\/em><\/strong><\/p>\n<p><strong><em><a title=\"Le D\u00e9partement de la protection de l&#039;environnement de Floride (FDEP)\" href=\"https:\/\/floridadep.gov\/\">Le D\u00e9partement de la protection de l&#039;environnement de Floride (FDEP)<\/a><\/em><\/strong><\/p>\n<p><strong><em><a title=\"La Commission de conservation de la faune et de la flore de Floride (FWC)\" href=\"http:\/\/myfwc.com\/\">La Commission de conservation de la faune et de la flore de Floride (FWC)<\/a><\/em><\/strong><strong>\u00a0<\/strong><\/p>\n\t\tAcc\u00e9der \u00e0\u2026\t\t\t\n\t\t\t\t\t<ul id=\"menu-environmental-regulatory-comp\"><li id=\"menu-item-362580\"><a href=\"\/fr\/city-hall\/environmental-sustainability\/environmental-resources\/regulatory-compliance\/permitting\/\">Division des permis environnementaux<\/a><\/li>\n<li id=\"menu-item-362583\"><a href=\"\/fr\/city-hall\/environmental-sustainability\/environmental-resources\/regulatory-compliance\/for-residents\/\">R\u00e9sidents<\/a><\/li>\n<li id=\"menu-item-362584\"><a href=\"\/fr\/city-hall\/environmental-sustainability\/environmental-resources\/regulatory-compliance\/water-quality-monitoring\/\">Surveillance de la qualit\u00e9 de l&#039;eau<\/a><\/li>\n<\/ul>\t\n\t<div class=\"page-navigation\"><a class=\"prev-page\" href=\"https:\/\/www.miamibeachfl.gov\/fr\/city-hall\/environmental-sustainability\/environmental-resources\/regulatory-compliance\/\">\u2190 Conformit\u00e9 r\u00e9glementaire<\/a> <a class=\"next-page\" href=\"https:\/\/www.miamibeachfl.gov\/fr\/city-hall\/environmental-sustainability\/environmental-resources\/regulatory-compliance\/water-quality-monitoring\/\">Surveillance de la qualit\u00e9 de l&#039;eau \u2192<\/a><\/div>","protected":false},"excerpt":{"rendered":"<p>R\u00e9sidents Accueil &gt; H\u00f4tel de ville &gt; Environnement et d\u00e9veloppement durable &gt; Ressources environnementales &gt; Conformit\u00e9 r\u00e9glementaire &gt; R\u00e9sidents ENVIRONNEMENT \u2013 POUR [\u2026]<\/p>","protected":false},"author":222,"featured_media":0,"parent":28605,"menu_order":0,"comment_status":"closed","ping_status":"closed","template":"","meta":{"_searchwp_excluded":"","site-sidebar-layout":"default","site-content-layout":"","ast-site-content-layout":"default","site-content-style":"default","site-sidebar-style":"default","ast-global-header-display":"","ast-banner-title-visibility":"","ast-main-header-display":"","ast-hfb-above-header-display":"","ast-hfb-below-header-display":"","ast-hfb-mobile-header-display":"","site-post-title":"","ast-breadcrumbs-content":"","ast-featured-img":"","footer-sml-layout":"","theme-transparent-header-meta":"","adv-header-id-meta":"","stick-header-meta":"","header-above-stick-meta":"","header-main-stick-meta":"","header-below-stick-meta":"","astra-migrate-meta-layouts":"default","ast-page-background-enabled":"default","ast-page-background-meta":{"desktop":{"background-color":"var(--ast-global-color-5)","background-image":"","background-repeat":"repeat","background-position":"center center","background-size":"auto","background-attachment":"scroll","background-type":"","background-media":"","overlay-type":"","overlay-color":"","overlay-opacity":"","overlay-gradient":""},"tablet":{"background-color":"","background-image":"","background-repeat":"repeat","background-position":"center center","background-size":"auto","background-attachment":"scroll","background-type":"","background-media":"","overlay-type":"","overlay-color":"","overlay-opacity":"","overlay-gradient":""},"mobile":{"background-color":"","background-image":"","background-repeat":"repeat","background-position":"center center","background-size":"auto","background-attachment":"scroll","background-type":"","background-media":"","overlay-type":"","overlay-color":"","overlay-opacity":"","overlay-gradient":""}},"ast-content-background-meta":{"desktop":{"background-color":"var(--ast-global-color-4)","background-image":"","background-repeat":"repeat","background-position":"center center","background-size":"auto","background-attachment":"scroll","background-type":"","background-media":"","overlay-type":"","overlay-color":"","overlay-opacity":"","overlay-gradient":""},"tablet":{"background-color":"var(--ast-global-color-4)","background-image":"","background-repeat":"repeat","background-position":"center center","background-size":"auto","background-attachment":"scroll","background-type":"","background-media":"","overlay-type":"","overlay-color":"","overlay-opacity":"","overlay-gradient":""},"mobile":{"background-color":"var(--ast-global-color-4)","background-image":"","background-repeat":"repeat","background-position":"center center","background-size":"auto","background-attachment":"scroll","background-type":"","background-media":"","overlay-type":"","overlay-color":"","overlay-opacity":"","overlay-gradient":""}},"footnotes":""},"categories":[],"tags":[],"class_list":["post-28606","page","type-page","status-publish","hentry"],"yoast_head":"<!-- This site is optimized with the Yoast SEO Premium plugin v26.6 (Yoast SEO v26.6) - https:\/\/yoast.com\/wordpress\/plugins\/seo\/ -->\n<title>Residents - City of Miami Beach<\/title>\n<meta name=\"description\" content=\"%\" \/>\n<meta name=\"robots\" content=\"index, follow, max-snippet:-1, max-image-preview:large, max-video-preview:-1\" \/>\n<link rel=\"canonical\" href=\"https:\/\/www.miamibeachfl.gov\/fr\/city-hall\/environmental-sustainability\/environmental-resources\/regulatory-compliance\/for-residents\/\" \/>\n<meta property=\"og:locale\" content=\"fr_FR\" \/>\n<meta property=\"og:type\" content=\"article\" \/>\n<meta property=\"og:title\" content=\"Residents\" \/>\n<meta property=\"og:description\" content=\"%\" \/>\n<meta property=\"og:url\" content=\"https:\/\/www.miamibeachfl.gov\/fr\/city-hall\/environmental-sustainability\/environmental-resources\/regulatory-compliance\/for-residents\/\" \/>\n<meta property=\"og:site_name\" content=\"City of Miami Beach\" \/>\n<meta property=\"article:publisher\" content=\"https:\/\/www.facebook.com\/cityofmiamibeach\" \/>\n<meta property=\"article:modified_time\" content=\"2025-05-28T14:25:09+00:00\" \/>\n<meta property=\"og:image\" content=\"https:\/\/www.miamibeachfl.gov\/wp-content\/uploads\/2022\/07\/hero-small.jpg\" \/>\n<meta name=\"twitter:card\" content=\"summary_large_image\" \/>\n<meta name=\"twitter:site\" content=\"@Miamibeachnews\" \/>\n<script type=\"application\/ld+json\" class=\"yoast-schema-graph\">{\"@context\":\"https:\/\/schema.org\",\"@graph\":[{\"@type\":\"WebPage\",\"@id\":\"https:\/\/www.miamibeachfl.gov\/city-hall\/environmental-sustainability\/environmental-resources\/regulatory-compliance\/for-residents\/\",\"url\":\"https:\/\/www.miamibeachfl.gov\/city-hall\/environmental-sustainability\/environmental-resources\/regulatory-compliance\/for-residents\/\",\"name\":\"Residents - City of Miami Beach\",\"isPartOf\":{\"@id\":\"https:\/\/www.miamibeachfl.gov\/#website\"},\"primaryImageOfPage\":{\"@id\":\"https:\/\/www.miamibeachfl.gov\/city-hall\/environmental-sustainability\/environmental-resources\/regulatory-compliance\/for-residents\/#primaryimage\"},\"image\":{\"@id\":\"https:\/\/www.miamibeachfl.gov\/city-hall\/environmental-sustainability\/environmental-resources\/regulatory-compliance\/for-residents\/#primaryimage\"},\"thumbnailUrl\":\"https:\/\/www.miamibeachfl.gov\/wp-content\/uploads\/2022\/07\/hero-small.jpg\",\"datePublished\":\"2017-08-11T00:06:28+00:00\",\"dateModified\":\"2025-05-28T14:25:09+00:00\",\"description\":\"%\",\"breadcrumb\":{\"@id\":\"https:\/\/www.miamibeachfl.gov\/city-hall\/environmental-sustainability\/environmental-resources\/regulatory-compliance\/for-residents\/#breadcrumb\"},\"inLanguage\":\"fr-FR\",\"potentialAction\":[{\"@type\":\"ReadAction\",\"target\":[\"https:\/\/www.miamibeachfl.gov\/city-hall\/environmental-sustainability\/environmental-resources\/regulatory-compliance\/for-residents\/\"]}]},{\"@type\":\"ImageObject\",\"inLanguage\":\"fr-FR\",\"@id\":\"https:\/\/www.miamibeachfl.gov\/city-hall\/environmental-sustainability\/environmental-resources\/regulatory-compliance\/for-residents\/#primaryimage\",\"url\":\"https:\/\/www.miamibeachfl.gov\/wp-content\/uploads\/2022\/07\/hero-small.jpg\",\"contentUrl\":\"https:\/\/www.miamibeachfl.gov\/wp-content\/uploads\/2022\/07\/hero-small.jpg\"},{\"@type\":\"BreadcrumbList\",\"@id\":\"https:\/\/www.miamibeachfl.gov\/city-hall\/environmental-sustainability\/environmental-resources\/regulatory-compliance\/for-residents\/#breadcrumb\",\"itemListElement\":[{\"@type\":\"ListItem\",\"position\":1,\"name\":\"Home\",\"item\":\"https:\/\/www.miamibeachfl.gov\/\"},{\"@type\":\"ListItem\",\"position\":2,\"name\":\"City Hall\",\"item\":\"https:\/\/www.miamibeachfl.gov\/city-hall\/\"},{\"@type\":\"ListItem\",\"position\":3,\"name\":\"Environment &#038; Sustainability\",\"item\":\"https:\/\/www.miamibeachfl.gov\/city-hall\/environmental-sustainability\/\"},{\"@type\":\"ListItem\",\"position\":4,\"name\":\"Environmental Resources\",\"item\":\"https:\/\/www.miamibeachfl.gov\/city-hall\/environmental-sustainability\/environmental-resources\/\"},{\"@type\":\"ListItem\",\"position\":5,\"name\":\"Regulatory Compliance\",\"item\":\"https:\/\/www.miamibeachfl.gov\/city-hall\/environmental-sustainability\/environmental-resources\/regulatory-compliance\/\"},{\"@type\":\"ListItem\",\"position\":6,\"name\":\"Residents\"}]},{\"@type\":\"WebSite\",\"@id\":\"https:\/\/www.miamibeachfl.gov\/#website\",\"url\":\"https:\/\/www.miamibeachfl.gov\/\",\"name\":\"City of Miami Beach\",\"description\":\"The official website of the City of Miami Beach. Stay informed, find important information on city services, news, alerts, events, trolley routes, government employment and more.\",\"publisher\":{\"@id\":\"https:\/\/www.miamibeachfl.gov\/#organization\"},\"potentialAction\":[{\"@type\":\"SearchAction\",\"target\":{\"@type\":\"EntryPoint\",\"urlTemplate\":\"https:\/\/www.miamibeachfl.gov\/?s={search_term_string}\"},\"query-input\":{\"@type\":\"PropertyValueSpecification\",\"valueRequired\":true,\"valueName\":\"search_term_string\"}}],\"inLanguage\":\"fr-FR\"},{\"@type\":\"Organization\",\"@id\":\"https:\/\/www.miamibeachfl.gov\/#organization\",\"name\":\"City of Miami Beach\",\"url\":\"https:\/\/www.miamibeachfl.gov\/\",\"logo\":{\"@type\":\"ImageObject\",\"inLanguage\":\"fr-FR\",\"@id\":\"https:\/\/www.miamibeachfl.gov\/#\/schema\/logo\/image\/\",\"url\":\"https:\/\/www.miamibeachfl.gov\/wp-content\/uploads\/2022\/06\/miamibeach-logoblue.png\",\"contentUrl\":\"https:\/\/www.miamibeachfl.gov\/wp-content\/uploads\/2022\/06\/miamibeach-logoblue.png\",\"width\":1962,\"height\":381,\"caption\":\"City of Miami Beach\"},\"image\":{\"@id\":\"https:\/\/www.miamibeachfl.gov\/#\/schema\/logo\/image\/\"},\"sameAs\":[\"https:\/\/www.facebook.com\/cityofmiamibeach\",\"https:\/\/x.com\/Miamibeachnews\",\"https:\/\/www.instagram.com\/miamibeachnews\/\"],\"description\":\"The official website of the City of Miami Beach. Stay informed, find important information on city services, news, alerts, events, trolley routes, government employment and more.\",\"telephone\":\"305.604.CITY(2489)\",\"legalName\":\"City of Miami Beach\"}]}<\/script>\n<!-- \/ Yoast SEO Premium plugin. -->","yoast_head_json":{"title":"R\u00e9sidents - Ville de Miami Beach","description":"%","robots":{"index":"index","follow":"follow","max-snippet":"max-snippet:-1","max-image-preview":"max-image-preview:large","max-video-preview":"max-video-preview:-1"},"canonical":"https:\/\/www.miamibeachfl.gov\/fr\/city-hall\/environmental-sustainability\/environmental-resources\/regulatory-compliance\/for-residents\/","og_locale":"fr_FR","og_type":"article","og_title":"Residents","og_description":"%","og_url":"https:\/\/www.miamibeachfl.gov\/fr\/city-hall\/environmental-sustainability\/environmental-resources\/regulatory-compliance\/for-residents\/","og_site_name":"City of Miami Beach","article_publisher":"https:\/\/www.facebook.com\/cityofmiamibeach","article_modified_time":"2025-05-28T14:25:09+00:00","og_image":[{"url":"https:\/\/www.miamibeachfl.gov\/wp-content\/uploads\/2022\/07\/hero-small.jpg","type":"","width":"","height":""}],"twitter_card":"summary_large_image","twitter_site":"@Miamibeachnews","schema":{"@context":"https:\/\/schema.org","@graph":[{"@type":"WebPage","@id":"https:\/\/www.miamibeachfl.gov\/city-hall\/environmental-sustainability\/environmental-resources\/regulatory-compliance\/for-residents\/","url":"https:\/\/www.miamibeachfl.gov\/city-hall\/environmental-sustainability\/environmental-resources\/regulatory-compliance\/for-residents\/","name":"R\u00e9sidents - Ville de Miami Beach","isPartOf":{"@id":"https:\/\/www.miamibeachfl.gov\/#website"},"primaryImageOfPage":{"@id":"https:\/\/www.miamibeachfl.gov\/city-hall\/environmental-sustainability\/environmental-resources\/regulatory-compliance\/for-residents\/#primaryimage"},"image":{"@id":"https:\/\/www.miamibeachfl.gov\/city-hall\/environmental-sustainability\/environmental-resources\/regulatory-compliance\/for-residents\/#primaryimage"},"thumbnailUrl":"https:\/\/www.miamibeachfl.gov\/wp-content\/uploads\/2022\/07\/hero-small.jpg","datePublished":"2017-08-11T00:06:28+00:00","dateModified":"2025-05-28T14:25:09+00:00","description":"%","breadcrumb":{"@id":"https:\/\/www.miamibeachfl.gov\/city-hall\/environmental-sustainability\/environmental-resources\/regulatory-compliance\/for-residents\/#breadcrumb"},"inLanguage":"fr-FR","potentialAction":[{"@type":"ReadAction","target":["https:\/\/www.miamibeachfl.gov\/city-hall\/environmental-sustainability\/environmental-resources\/regulatory-compliance\/for-residents\/"]}]},{"@type":"ImageObject","inLanguage":"fr-FR","@id":"https:\/\/www.miamibeachfl.gov\/city-hall\/environmental-sustainability\/environmental-resources\/regulatory-compliance\/for-residents\/#primaryimage","url":"https:\/\/www.miamibeachfl.gov\/wp-content\/uploads\/2022\/07\/hero-small.jpg","contentUrl":"https:\/\/www.miamibeachfl.gov\/wp-content\/uploads\/2022\/07\/hero-small.jpg"},{"@type":"BreadcrumbList","@id":"https:\/\/www.miamibeachfl.gov\/city-hall\/environmental-sustainability\/environmental-resources\/regulatory-compliance\/for-residents\/#breadcrumb","itemListElement":[{"@type":"ListItem","position":1,"name":"Home","item":"https:\/\/www.miamibeachfl.gov\/"},{"@type":"ListItem","position":2,"name":"City Hall","item":"https:\/\/www.miamibeachfl.gov\/city-hall\/"},{"@type":"ListItem","position":3,"name":"Environment &#038; Sustainability","item":"https:\/\/www.miamibeachfl.gov\/city-hall\/environmental-sustainability\/"},{"@type":"ListItem","position":4,"name":"Environmental Resources","item":"https:\/\/www.miamibeachfl.gov\/city-hall\/environmental-sustainability\/environmental-resources\/"},{"@type":"ListItem","position":5,"name":"Regulatory Compliance","item":"https:\/\/www.miamibeachfl.gov\/city-hall\/environmental-sustainability\/environmental-resources\/regulatory-compliance\/"},{"@type":"ListItem","position":6,"name":"Residents"}]},{"@type":"WebSite","@id":"https:\/\/www.miamibeachfl.gov\/#website","url":"https:\/\/www.miamibeachfl.gov\/","name":"Ville de Miami Beach","description":"Site officiel de la ville de Miami Beach. Restez inform\u00e9 et trouvez des informations importantes sur les services municipaux, les actualit\u00e9s, les alertes, les \u00e9v\u00e9nements, les itin\u00e9raires de tramway, les emplois gouvernementaux et bien plus encore.","publisher":{"@id":"https:\/\/www.miamibeachfl.gov\/#organization"},"potentialAction":[{"@type":"SearchAction","target":{"@type":"EntryPoint","urlTemplate":"https:\/\/www.miamibeachfl.gov\/?s={search_term_string}"},"query-input":{"@type":"PropertyValueSpecification","valueRequired":true,"valueName":"search_term_string"}}],"inLanguage":"fr-FR"},{"@type":"Organization","@id":"https:\/\/www.miamibeachfl.gov\/#organization","name":"Ville de Miami Beach","url":"https:\/\/www.miamibeachfl.gov\/","logo":{"@type":"ImageObject","inLanguage":"fr-FR","@id":"https:\/\/www.miamibeachfl.gov\/#\/schema\/logo\/image\/","url":"https:\/\/www.miamibeachfl.gov\/wp-content\/uploads\/2022\/06\/miamibeach-logoblue.png","contentUrl":"https:\/\/www.miamibeachfl.gov\/wp-content\/uploads\/2022\/06\/miamibeach-logoblue.png","width":1962,"height":381,"caption":"City of Miami Beach"},"image":{"@id":"https:\/\/www.miamibeachfl.gov\/#\/schema\/logo\/image\/"},"sameAs":["https:\/\/www.facebook.com\/cityofmiamibeach","https:\/\/x.com\/Miamibeachnews","https:\/\/www.instagram.com\/miamibeachnews\/"],"description":"Site officiel de la ville de Miami Beach. Restez inform\u00e9 et trouvez des informations importantes sur les services municipaux, les actualit\u00e9s, les alertes, les \u00e9v\u00e9nements, les itin\u00e9raires de tramway, les emplois gouvernementaux et bien plus encore.","telephone":"305.604.CITY(2489)","legalName":"City of Miami Beach"}]}},"_links":{"self":[{"href":"https:\/\/www.miamibeachfl.gov\/fr\/wp-json\/wp\/v2\/pages\/28606","targetHints":{"allow":["GET"]}}],"collection":[{"href":"https:\/\/www.miamibeachfl.gov\/fr\/wp-json\/wp\/v2\/pages"}],"about":[{"href":"https:\/\/www.miamibeachfl.gov\/fr\/wp-json\/wp\/v2\/types\/page"}],"author":[{"embeddable":true,"href":"https:\/\/www.miamibeachfl.gov\/fr\/wp-json\/wp\/v2\/users\/222"}],"replies":[{"embeddable":true,"href":"https:\/\/www.miamibeachfl.gov\/fr\/wp-json\/wp\/v2\/comments?post=28606"}],"version-history":[{"count":0,"href":"https:\/\/www.miamibeachfl.gov\/fr\/wp-json\/wp\/v2\/pages\/28606\/revisions"}],"up":[{"embeddable":true,"href":"https:\/\/www.miamibeachfl.gov\/fr\/wp-json\/wp\/v2\/pages\/28605"}],"wp:attachment":[{"href":"https:\/\/www.miamibeachfl.gov\/fr\/wp-json\/wp\/v2\/media?parent=28606"}],"wp:term":[{"taxonomy":"category","embeddable":true,"href":"https:\/\/www.miamibeachfl.gov\/fr\/wp-json\/wp\/v2\/categories?post=28606"},{"taxonomy":"post_tag","embeddable":true,"href":"https:\/\/www.miamibeachfl.gov\/fr\/wp-json\/wp\/v2\/tags?post=28606"}],"curies":[{"name":"wp","href":"https:\/\/api.w.org\/{rel}","templated":true}]}}