{"id":28621,"date":"2017-08-11T00:06:39","date_gmt":"2017-08-11T00:06:39","guid":{"rendered":"http:\/\/www.miamibeachfl.gov\/city-hall\/environmental-sustainability\/sustainability\/recycling\/"},"modified":"2025-02-14T15:05:40","modified_gmt":"2025-02-14T20:05:40","slug":"recycling","status":"publish","type":"page","link":"https:\/\/www.miamibeachfl.gov\/fr\/city-hall\/environmental-sustainability\/sustainability\/recycling\/","title":{"rendered":"Recyclage"},"content":{"rendered":"<img loading=\"lazy\" decoding=\"async\" src=\"https:\/\/www.miamibeachfl.gov\/wp-content\/uploads\/2022\/07\/hero-small.jpg\" alt=\"hero-small\" itemprop=\"image\" height=\"211\" width=\"2395\" title=\"petit h\u00e9ros\" onerror=\"this.style.display='none'\"  \/>\n<h1>\n\t\tRecyclage\n\t<\/h1>\n\t<nav id=\"breadcrumbs\" aria-label=\"Fil d&#039;Ariane\"><a href=\"https:\/\/www.miamibeachfl.gov\/fr\/\">Maison<\/a> &gt; <a href=\"https:\/\/www.miamibeachfl.gov\/fr\/city-hall\/\">l&#039;h\u00f4tel de ville<\/a> &gt; <a href=\"https:\/\/www.miamibeachfl.gov\/fr\/city-hall\/environmental-sustainability\/\">Environnement et durabilit\u00e9<\/a> &gt; <a href=\"https:\/\/www.miamibeachfl.gov\/fr\/city-hall\/environmental-sustainability\/sustainability\/\">Durabilit\u00e9 et r\u00e9silience<\/a> &gt; <strong>Recyclage<\/strong><\/nav>\n\t<p><strong>RECYCLAGE<\/strong><\/p>\n<p>La ville de Miami Beach s&#039;engage \u00e0 am\u00e9liorer la durabilit\u00e9 environnementale de la communaut\u00e9. Le recyclage est obligatoire \u00e0 Miami Beach. Ce portail fournit des conseils utiles pour trouver des informations sur la r\u00e9duction, la r\u00e9utilisation et le recyclage de vos d\u00e9chets et faire de Miami Beach une ville plus verte.<\/p>\n<p><strong>N\u2019oubliez pas que le recyclage est la loi \u00e0 Miami Beach \u2013 toutes les propri\u00e9t\u00e9s sont tenues de mettre en place un programme de recyclage \u00e0 flux unique\u00a0!<\/strong><\/p>\n<p>Si vous souhaitez mettre en place un programme de recyclage \u00e0 flux unique, consultez notre<strong>\u00a0<\/strong><a title=\"FAQ\" href=\"\/fr\/city-hall\/environmental-sustainability\/faqs\/\"><strong>FAQ<\/strong><\/a> page pour afficher la liste des transporteurs agr\u00e9\u00e9s op\u00e9rant dans la ville de Miami Beach.<\/p>\n<p>Vous souhaitez en savoir plus sur le recyclage\u00a0? Visitez <strong><a href=\"http:\/\/www.mbrisingabove.com\/recycle\" target=\"_blank\" rel=\"noopener\">www.mbrisingabove.com\/recycle\u00a0<\/a><\/strong><\/p>\n<p>Le <strong>Division de l&#039;assainissement<\/strong> est responsable de la gestion du programme de recyclage r\u00e9sidentiel.<\/p>\n<p><strong><a href=\"https:\/\/www.miamibeachfl.gov\/fr\/city-hall\/public-works\/sanitation-division\/\">https:\/\/www.miamibeachfl.gov\/city-hall\/public-works\/sanitation-division\/<\/a><\/strong><\/p>\n<strong>Division de l&#039;assainissement du minist\u00e8re des Travaux publics<\/strong><br \/>\n1700 Convention Center Drive<br \/>\nMiami Beach, FL 33139<br \/>\nT\u00e9l\u00e9phone : 305.673.7080\n<p>Le <strong>Division Durabilit\u00e9 et R\u00e9silience<\/strong> est disponible pour r\u00e9pondre aux questions sur le recyclage et le d\u00e9tournement des d\u00e9chets.<\/p>\n<b>Division Durabilit\u00e9 et R\u00e9silience<\/b><br \/>\nD\u00e9partement de l&#039;environnement et du d\u00e9veloppement durable<br \/>\n1700 Convention Center Drive<br \/>\nMiami Beach, FL 33139<br \/>\nT\u00e9l\u00e9phone : 305.673.7084<br \/>\nE-mail: <strong><a href=\"mailto:sustainability@miamibeachfl.gov\">sustainability@miamibeachfl.gov<\/a><\/strong>\n\t\tAcc\u00e9der \u00e0\u2026\t\t\t\n\t\t\t\t\t<ul id=\"menu-environmental-recycling\"><li id=\"menu-item-362600\"><a href=\"https:\/\/www.miamibeachfl.gov\/fr\/city-hall\/environmental-sustainability\/sustainability\/recycling\/recycling-verification-form\/\">Formulaire de v\u00e9rification du recyclage<\/a><\/li>\n<li id=\"menu-item-362601\"><a href=\"https:\/\/www.miamibeachfl.gov\/fr\/city-hall\/environmental-sustainability\/sustainability\/recycling\/reduce-and-reuse\/\">R\u00e9duire et r\u00e9utiliser<\/a><\/li>\n<\/ul>\t\n\t<div class=\"page-navigation\"><a class=\"prev-page\" href=\"https:\/\/www.miamibeachfl.gov\/fr\/city-hall\/environmental-sustainability\/sustainability\/sustainability-programs\/styrofoam\/\">\u2190 Interdiction du polystyr\u00e8ne<\/a> <a class=\"next-page\" href=\"https:\/\/www.miamibeachfl.gov\/fr\/city-hall\/environmental-sustainability\/sustainability\/recycling\/reduce-and-reuse\/\">R\u00e9duire et r\u00e9utiliser \u2192<\/a><\/div>","protected":false},"excerpt":{"rendered":"<p>Recycling Home &gt; City Hall &gt; Environment &#038; Sustainability &gt; Sustainability and Resilience &gt; Recycling RECYCLING The City of Miami [&hellip;]<\/p>\n","protected":false},"author":222,"featured_media":0,"parent":28611,"menu_order":0,"comment_status":"closed","ping_status":"closed","template":"page-blank.php","meta":{"_searchwp_excluded":"","site-sidebar-layout":"default","site-content-layout":"","ast-site-content-layout":"default","site-content-style":"default","site-sidebar-style":"default","ast-global-header-display":"","ast-banner-title-visibility":"","ast-main-header-display":"","ast-hfb-above-header-display":"","ast-hfb-below-header-display":"","ast-hfb-mobile-header-display":"","site-post-title":"","ast-breadcrumbs-content":"","ast-featured-img":"","footer-sml-layout":"","theme-transparent-header-meta":"","adv-header-id-meta":"","stick-header-meta":"","header-above-stick-meta":"","header-main-stick-meta":"","header-below-stick-meta":"","astra-migrate-meta-layouts":"default","ast-page-background-enabled":"default","ast-page-background-meta":{"desktop":{"background-color":"var(--ast-global-color-5)","background-image":"","background-repeat":"repeat","background-position":"center center","background-size":"auto","background-attachment":"scroll","background-type":"","background-media":"","overlay-type":"","overlay-color":"","overlay-opacity":"","overlay-gradient":""},"tablet":{"background-color":"","background-image":"","background-repeat":"repeat","background-position":"center center","background-size":"auto","background-attachment":"scroll","background-type":"","background-media":"","overlay-type":"","overlay-color":"","overlay-opacity":"","overlay-gradient":""},"mobile":{"background-color":"","background-image":"","background-repeat":"repeat","background-position":"center center","background-size":"auto","background-attachment":"scroll","background-type":"","background-media":"","overlay-type":"","overlay-color":"","overlay-opacity":"","overlay-gradient":""}},"ast-content-background-meta":{"desktop":{"background-color":"var(--ast-global-color-4)","background-image":"","background-repeat":"repeat","background-position":"center center","background-size":"auto","background-attachment":"scroll","background-type":"","background-media":"","overlay-type":"","overlay-color":"","overlay-opacity":"","overlay-gradient":""},"tablet":{"background-color":"var(--ast-global-color-4)","background-image":"","background-repeat":"repeat","background-position":"center center","background-size":"auto","background-attachment":"scroll","background-type":"","background-media":"","overlay-type":"","overlay-color":"","overlay-opacity":"","overlay-gradient":""},"mobile":{"background-color":"var(--ast-global-color-4)","background-image":"","background-repeat":"repeat","background-position":"center center","background-size":"auto","background-attachment":"scroll","background-type":"","background-media":"","overlay-type":"","overlay-color":"","overlay-opacity":"","overlay-gradient":""}},"footnotes":""},"categories":[],"tags":[],"class_list":["post-28621","page","type-page","status-publish","hentry"],"yoast_head":"<!-- This site is optimized with the Yoast SEO Premium plugin v27.4 (Yoast SEO v27.4) - https:\/\/yoast.com\/product\/yoast-seo-premium-wordpress\/ -->\n<title>Recycling - City of Miami Beach<\/title>\n<meta name=\"description\" content=\"%\" \/>\n<meta name=\"robots\" content=\"index, follow, max-snippet:-1, max-image-preview:large, max-video-preview:-1\" \/>\n<link rel=\"canonical\" href=\"https:\/\/www.miamibeachfl.gov\/fr\/city-hall\/environmental-sustainability\/sustainability\/recycling\/\" \/>\n<meta property=\"og:locale\" content=\"fr_FR\" \/>\n<meta property=\"og:type\" content=\"article\" \/>\n<meta property=\"og:title\" content=\"Recycling\" \/>\n<meta property=\"og:description\" content=\"%\" \/>\n<meta property=\"og:url\" content=\"https:\/\/www.miamibeachfl.gov\/fr\/city-hall\/environmental-sustainability\/sustainability\/recycling\/\" \/>\n<meta property=\"og:site_name\" content=\"City of Miami Beach\" \/>\n<meta property=\"article:publisher\" content=\"https:\/\/www.facebook.com\/cityofmiamibeach\" \/>\n<meta property=\"article:modified_time\" content=\"2025-02-14T20:05:40+00:00\" \/>\n<meta property=\"og:image\" content=\"https:\/\/www.miamibeachfl.gov\/wp-content\/uploads\/2022\/07\/hero-small.jpg\" \/>\n<meta name=\"twitter:card\" content=\"summary_large_image\" \/>\n<meta name=\"twitter:site\" content=\"@Miamibeachnews\" \/>\n<script type=\"application\/ld+json\" class=\"yoast-schema-graph\">{\"@context\":\"https:\\\/\\\/schema.org\",\"@graph\":[{\"@type\":\"WebPage\",\"@id\":\"https:\\\/\\\/www.miamibeachfl.gov\\\/city-hall\\\/environmental-sustainability\\\/sustainability\\\/recycling\\\/\",\"url\":\"https:\\\/\\\/www.miamibeachfl.gov\\\/city-hall\\\/environmental-sustainability\\\/sustainability\\\/recycling\\\/\",\"name\":\"Recycling - City of Miami Beach\",\"isPartOf\":{\"@id\":\"https:\\\/\\\/www.miamibeachfl.gov\\\/#website\"},\"primaryImageOfPage\":{\"@id\":\"https:\\\/\\\/www.miamibeachfl.gov\\\/city-hall\\\/environmental-sustainability\\\/sustainability\\\/recycling\\\/#primaryimage\"},\"image\":{\"@id\":\"https:\\\/\\\/www.miamibeachfl.gov\\\/city-hall\\\/environmental-sustainability\\\/sustainability\\\/recycling\\\/#primaryimage\"},\"thumbnailUrl\":\"https:\\\/\\\/www.miamibeachfl.gov\\\/wp-content\\\/uploads\\\/2022\\\/07\\\/hero-small.jpg\",\"datePublished\":\"2017-08-11T00:06:39+00:00\",\"dateModified\":\"2025-02-14T20:05:40+00:00\",\"description\":\"%\",\"breadcrumb\":{\"@id\":\"https:\\\/\\\/www.miamibeachfl.gov\\\/city-hall\\\/environmental-sustainability\\\/sustainability\\\/recycling\\\/#breadcrumb\"},\"inLanguage\":\"fr-FR\",\"potentialAction\":[{\"@type\":\"ReadAction\",\"target\":[\"https:\\\/\\\/www.miamibeachfl.gov\\\/city-hall\\\/environmental-sustainability\\\/sustainability\\\/recycling\\\/\"]}]},{\"@type\":\"ImageObject\",\"inLanguage\":\"fr-FR\",\"@id\":\"https:\\\/\\\/www.miamibeachfl.gov\\\/city-hall\\\/environmental-sustainability\\\/sustainability\\\/recycling\\\/#primaryimage\",\"url\":\"https:\\\/\\\/www.miamibeachfl.gov\\\/wp-content\\\/uploads\\\/2022\\\/07\\\/hero-small.jpg\",\"contentUrl\":\"https:\\\/\\\/www.miamibeachfl.gov\\\/wp-content\\\/uploads\\\/2022\\\/07\\\/hero-small.jpg\"},{\"@type\":\"BreadcrumbList\",\"@id\":\"https:\\\/\\\/www.miamibeachfl.gov\\\/city-hall\\\/environmental-sustainability\\\/sustainability\\\/recycling\\\/#breadcrumb\",\"itemListElement\":[{\"@type\":\"ListItem\",\"position\":1,\"name\":\"Home\",\"item\":\"https:\\\/\\\/www.miamibeachfl.gov\\\/\"},{\"@type\":\"ListItem\",\"position\":2,\"name\":\"City Hall\",\"item\":\"https:\\\/\\\/www.miamibeachfl.gov\\\/city-hall\\\/\"},{\"@type\":\"ListItem\",\"position\":3,\"name\":\"Environment &#038; Sustainability\",\"item\":\"https:\\\/\\\/www.miamibeachfl.gov\\\/city-hall\\\/environmental-sustainability\\\/\"},{\"@type\":\"ListItem\",\"position\":4,\"name\":\"Sustainability and Resilience\",\"item\":\"https:\\\/\\\/www.miamibeachfl.gov\\\/city-hall\\\/environmental-sustainability\\\/sustainability\\\/\"},{\"@type\":\"ListItem\",\"position\":5,\"name\":\"Recycling\"}]},{\"@type\":\"WebSite\",\"@id\":\"https:\\\/\\\/www.miamibeachfl.gov\\\/#website\",\"url\":\"https:\\\/\\\/www.miamibeachfl.gov\\\/\",\"name\":\"City of Miami Beach\",\"description\":\"The official website of the City of Miami Beach. Stay informed, find important information on city services, news, alerts, events, trolley routes, government employment and more.\",\"publisher\":{\"@id\":\"https:\\\/\\\/www.miamibeachfl.gov\\\/#organization\"},\"potentialAction\":[{\"@type\":\"SearchAction\",\"target\":{\"@type\":\"EntryPoint\",\"urlTemplate\":\"https:\\\/\\\/www.miamibeachfl.gov\\\/?s={search_term_string}\"},\"query-input\":{\"@type\":\"PropertyValueSpecification\",\"valueRequired\":true,\"valueName\":\"search_term_string\"}}],\"inLanguage\":\"fr-FR\"},{\"@type\":\"Organization\",\"@id\":\"https:\\\/\\\/www.miamibeachfl.gov\\\/#organization\",\"name\":\"City of Miami Beach\",\"url\":\"https:\\\/\\\/www.miamibeachfl.gov\\\/\",\"logo\":{\"@type\":\"ImageObject\",\"inLanguage\":\"fr-FR\",\"@id\":\"https:\\\/\\\/www.miamibeachfl.gov\\\/#\\\/schema\\\/logo\\\/image\\\/\",\"url\":\"https:\\\/\\\/www.miamibeachfl.gov\\\/wp-content\\\/uploads\\\/2022\\\/06\\\/miamibeach-logoblue.png\",\"contentUrl\":\"https:\\\/\\\/www.miamibeachfl.gov\\\/wp-content\\\/uploads\\\/2022\\\/06\\\/miamibeach-logoblue.png\",\"width\":1962,\"height\":381,\"caption\":\"City of Miami Beach\"},\"image\":{\"@id\":\"https:\\\/\\\/www.miamibeachfl.gov\\\/#\\\/schema\\\/logo\\\/image\\\/\"},\"sameAs\":[\"https:\\\/\\\/www.facebook.com\\\/cityofmiamibeach\",\"https:\\\/\\\/x.com\\\/Miamibeachnews\",\"https:\\\/\\\/www.instagram.com\\\/miamibeachnews\\\/\"],\"description\":\"The official website of the City of Miami Beach. Stay informed, find important information on city services, news, alerts, events, trolley routes, government employment and more.\",\"telephone\":\"305.604.CITY(2489)\",\"legalName\":\"City of Miami Beach\"}]}<\/script>\n<!-- \/ Yoast SEO Premium plugin. -->","yoast_head_json":{"title":"Recyclage - Ville de Miami Beach","description":"%","robots":{"index":"index","follow":"follow","max-snippet":"max-snippet:-1","max-image-preview":"max-image-preview:large","max-video-preview":"max-video-preview:-1"},"canonical":"https:\/\/www.miamibeachfl.gov\/fr\/city-hall\/environmental-sustainability\/sustainability\/recycling\/","og_locale":"fr_FR","og_type":"article","og_title":"Recycling","og_description":"%","og_url":"https:\/\/www.miamibeachfl.gov\/fr\/city-hall\/environmental-sustainability\/sustainability\/recycling\/","og_site_name":"City of Miami Beach","article_publisher":"https:\/\/www.facebook.com\/cityofmiamibeach","article_modified_time":"2025-02-14T20:05:40+00:00","og_image":[{"url":"https:\/\/www.miamibeachfl.gov\/wp-content\/uploads\/2022\/07\/hero-small.jpg","type":"","width":"","height":""}],"twitter_card":"summary_large_image","twitter_site":"@Miamibeachnews","schema":{"@context":"https:\/\/schema.org","@graph":[{"@type":"WebPage","@id":"https:\/\/www.miamibeachfl.gov\/city-hall\/environmental-sustainability\/sustainability\/recycling\/","url":"https:\/\/www.miamibeachfl.gov\/city-hall\/environmental-sustainability\/sustainability\/recycling\/","name":"Recyclage - Ville de Miami Beach","isPartOf":{"@id":"https:\/\/www.miamibeachfl.gov\/#website"},"primaryImageOfPage":{"@id":"https:\/\/www.miamibeachfl.gov\/city-hall\/environmental-sustainability\/sustainability\/recycling\/#primaryimage"},"image":{"@id":"https:\/\/www.miamibeachfl.gov\/city-hall\/environmental-sustainability\/sustainability\/recycling\/#primaryimage"},"thumbnailUrl":"https:\/\/www.miamibeachfl.gov\/wp-content\/uploads\/2022\/07\/hero-small.jpg","datePublished":"2017-08-11T00:06:39+00:00","dateModified":"2025-02-14T20:05:40+00:00","description":"%","breadcrumb":{"@id":"https:\/\/www.miamibeachfl.gov\/city-hall\/environmental-sustainability\/sustainability\/recycling\/#breadcrumb"},"inLanguage":"fr-FR","potentialAction":[{"@type":"ReadAction","target":["https:\/\/www.miamibeachfl.gov\/city-hall\/environmental-sustainability\/sustainability\/recycling\/"]}]},{"@type":"ImageObject","inLanguage":"fr-FR","@id":"https:\/\/www.miamibeachfl.gov\/city-hall\/environmental-sustainability\/sustainability\/recycling\/#primaryimage","url":"https:\/\/www.miamibeachfl.gov\/wp-content\/uploads\/2022\/07\/hero-small.jpg","contentUrl":"https:\/\/www.miamibeachfl.gov\/wp-content\/uploads\/2022\/07\/hero-small.jpg"},{"@type":"BreadcrumbList","@id":"https:\/\/www.miamibeachfl.gov\/city-hall\/environmental-sustainability\/sustainability\/recycling\/#breadcrumb","itemListElement":[{"@type":"ListItem","position":1,"name":"Home","item":"https:\/\/www.miamibeachfl.gov\/"},{"@type":"ListItem","position":2,"name":"City Hall","item":"https:\/\/www.miamibeachfl.gov\/city-hall\/"},{"@type":"ListItem","position":3,"name":"Environment &#038; Sustainability","item":"https:\/\/www.miamibeachfl.gov\/city-hall\/environmental-sustainability\/"},{"@type":"ListItem","position":4,"name":"Sustainability and Resilience","item":"https:\/\/www.miamibeachfl.gov\/city-hall\/environmental-sustainability\/sustainability\/"},{"@type":"ListItem","position":5,"name":"Recycling"}]},{"@type":"WebSite","@id":"https:\/\/www.miamibeachfl.gov\/#website","url":"https:\/\/www.miamibeachfl.gov\/","name":"Ville de Miami Beach","description":"Site officiel de la ville de Miami Beach. Restez inform\u00e9 et trouvez des informations importantes sur les services municipaux, les actualit\u00e9s, les alertes, les \u00e9v\u00e9nements, les itin\u00e9raires de tramway, les emplois gouvernementaux et bien plus encore.","publisher":{"@id":"https:\/\/www.miamibeachfl.gov\/#organization"},"potentialAction":[{"@type":"SearchAction","target":{"@type":"EntryPoint","urlTemplate":"https:\/\/www.miamibeachfl.gov\/?s={search_term_string}"},"query-input":{"@type":"PropertyValueSpecification","valueRequired":true,"valueName":"search_term_string"}}],"inLanguage":"fr-FR"},{"@type":"Organization","@id":"https:\/\/www.miamibeachfl.gov\/#organization","name":"Ville de Miami Beach","url":"https:\/\/www.miamibeachfl.gov\/","logo":{"@type":"ImageObject","inLanguage":"fr-FR","@id":"https:\/\/www.miamibeachfl.gov\/#\/schema\/logo\/image\/","url":"https:\/\/www.miamibeachfl.gov\/wp-content\/uploads\/2022\/06\/miamibeach-logoblue.png","contentUrl":"https:\/\/www.miamibeachfl.gov\/wp-content\/uploads\/2022\/06\/miamibeach-logoblue.png","width":1962,"height":381,"caption":"City of Miami Beach"},"image":{"@id":"https:\/\/www.miamibeachfl.gov\/#\/schema\/logo\/image\/"},"sameAs":["https:\/\/www.facebook.com\/cityofmiamibeach","https:\/\/x.com\/Miamibeachnews","https:\/\/www.instagram.com\/miamibeachnews\/"],"description":"Site officiel de la ville de Miami Beach. Restez inform\u00e9 et trouvez des informations importantes sur les services municipaux, les actualit\u00e9s, les alertes, les \u00e9v\u00e9nements, les itin\u00e9raires de tramway, les emplois gouvernementaux et bien plus encore.","telephone":"305.604.CITY(2489)","legalName":"City of Miami Beach"}]}},"_links":{"self":[{"href":"https:\/\/www.miamibeachfl.gov\/fr\/wp-json\/wp\/v2\/pages\/28621","targetHints":{"allow":["GET"]}}],"collection":[{"href":"https:\/\/www.miamibeachfl.gov\/fr\/wp-json\/wp\/v2\/pages"}],"about":[{"href":"https:\/\/www.miamibeachfl.gov\/fr\/wp-json\/wp\/v2\/types\/page"}],"author":[{"embeddable":true,"href":"https:\/\/www.miamibeachfl.gov\/fr\/wp-json\/wp\/v2\/users\/222"}],"replies":[{"embeddable":true,"href":"https:\/\/www.miamibeachfl.gov\/fr\/wp-json\/wp\/v2\/comments?post=28621"}],"version-history":[{"count":0,"href":"https:\/\/www.miamibeachfl.gov\/fr\/wp-json\/wp\/v2\/pages\/28621\/revisions"}],"up":[{"embeddable":true,"href":"https:\/\/www.miamibeachfl.gov\/fr\/wp-json\/wp\/v2\/pages\/28611"}],"wp:attachment":[{"href":"https:\/\/www.miamibeachfl.gov\/fr\/wp-json\/wp\/v2\/media?parent=28621"}],"wp:term":[{"taxonomy":"category","embeddable":true,"href":"https:\/\/www.miamibeachfl.gov\/fr\/wp-json\/wp\/v2\/categories?post=28621"},{"taxonomy":"post_tag","embeddable":true,"href":"https:\/\/www.miamibeachfl.gov\/fr\/wp-json\/wp\/v2\/tags?post=28621"}],"curies":[{"name":"wp","href":"https:\/\/api.w.org\/{rel}","templated":true}]}}