{"id":28655,"date":"2017-08-11T00:07:06","date_gmt":"2017-08-11T00:07:06","guid":{"rendered":"http:\/\/www.miamibeachfl.gov\/city-hall\/human-resources\/benefits-compensation\/benefit-program\/employee-benefits-contact-info\/"},"modified":"2026-03-02T16:28:52","modified_gmt":"2026-03-02T21:28:52","slug":"employee-benefits-contact-info","status":"publish","type":"page","link":"https:\/\/www.miamibeachfl.gov\/fr\/city-hall\/human-resources\/benefits\/benefit-summary\/employee-benefits-contact-info\/","title":{"rendered":"Options de prestations suppl\u00e9mentaires"},"content":{"rendered":"<img decoding=\"async\" src=\"https:\/\/www.miamibeachfl.gov\/wp-content\/uploads\/2022\/07\/hero-small.jpg\" alt=\"ocean drive art deco buildings\" itemprop=\"image\" height=\"211\" width=\"2395\" title=\"petit h\u00e9ros\" onerror=\"this.style.display='none'\" loading=\"lazy\" \/>\n<h1>\n\t\t\tOptions de prestations suppl\u00e9mentaires\t<\/h1>\n\t<nav id=\"breadcrumbs\" aria-label=\"Fil d&#039;Ariane\"><a href=\"https:\/\/www.miamibeachfl.gov\/fr\/\">Maison<\/a> &gt; <a href=\"https:\/\/www.miamibeachfl.gov\/fr\/city-hall\/\">l&#039;h\u00f4tel de ville<\/a> &gt; <a href=\"https:\/\/www.miamibeachfl.gov\/fr\/city-hall\/human-resources\/\">Ressources humaines<\/a> &gt; <a href=\"https:\/\/www.miamibeachfl.gov\/fr\/city-hall\/human-resources\/benefits\/\">Avantages<\/a> &gt; <a href=\"https:\/\/www.miamibeachfl.gov\/fr\/city-hall\/human-resources\/benefits\/benefit-summary\/\">Liens rapides vers les avantages sociaux des employ\u00e9s<\/a> &gt; <strong>Options de prestations suppl\u00e9mentaires<\/strong><\/nav>\n\t<h3><b>PLAN DE VISION<\/b><\/h3>\nAdministr\u00e9 par <b>Soins de la vue EyeMed<\/b><br \/>\nService \u00e0 la client\u00e8le : 1.866.299.1358<br \/>\nSite web: <a title=\"www.eyemedvisioncare.com\" href=\"http:\/\/www.eyemedvisioncare.com\">www.eyemedvisioncare.com<\/a><br \/>\nApplication mobile\u00a0: Membres EyeMed<br \/>\n<a href=\"http:\/\/www.miamibeachfl.gov\/wp-content\/uploads\/2018\/03\/City-of-Miami-Beach-Plan-Summary.pdf\">R\u00e9sum\u00e9 des avantages du r\u00e9gime de vision EyeMed<\/a><br \/>\n<a title=\"Formulaire de r\u00e9clamation EyeMed - Hors r\u00e9seau 2016\" href=\"\/wp-content\/uploads\/2017\/08\/EyeMed-Claim-Form-Out-of-Network-2016.pdf\" target=\"_blank\" rel=\"noopener noreferrer\">Formulaire de r\u00e9clamation EyeMed \u2013 Hors r\u00e9seau<\/a>\n<h3><b>ASSURANCE VIE : VIE DE BASE, COMPL\u00c9MENTAIRE ET VIE DES PERSONNES \u00c0 CHARGE<\/b><\/h3>\nAdministr\u00e9 par <b>UNUM<\/b><br \/>\nService \u00e0 la client\u00e8le : 1.800.421.0344<br \/>\nSite web: <a title=\"www.unum.com\" href=\"http:\/\/www.unum.com\">www.unum.com<\/a><br \/>\n<a href=\"http:\/\/www.miamibeachfl.gov\/wp-content\/uploads\/2018\/04\/Life-Insurance-Plan.pdf\">Plan d&#039;assurance-vie<\/a><br \/>\nPolice d&#039;assurance-vie # 909164\n<h3><b>INVALIDIT\u00c9 : INVALIDIT\u00c9 DE COURTE ET DE LONGUE DUR\u00c9E<\/b><\/h3>\nAdministr\u00e9 par <b>UNUM<\/b><br \/>\nService \u00e0 la client\u00e8le : 1.877.217.5495<br \/>\nSite web: <a title=\"www.unum.com\" href=\"http:\/\/www.unum.com\">www.unum.com<\/a><br \/>\n<a href=\"http:\/\/www.miamibeachfl.gov\/wp-content\/uploads\/2020\/03\/Unum-STD.pdf\">R\u00e9gime d&#039;invalidit\u00e9 de courte dur\u00e9e<\/a><br \/>\n<a href=\"http:\/\/www.miamibeachfl.gov\/wp-content\/uploads\/2018\/03\/Unum-LTD-Policy.pdf\">R\u00e9gime d&#039;invalidit\u00e9 de longue dur\u00e9e<\/a><br \/>\n<a href=\"http:\/\/www.miamibeachfl.gov\/wp-content\/uploads\/2018\/03\/Unum-LTD-Policy-for-401a-emps.pdf\">R\u00e9gime d&#039;invalidit\u00e9 de longue dur\u00e9e (pour les employ\u00e9s inscrits au r\u00e9gime de retraite 401a de la Ville)<\/a><br \/>\n<a title=\"Formulaire de r\u00e9clamation FMLA STD r\u00e9vis\u00e9\" href=\"\/wp-content\/uploads\/2017\/08\/Claim-Form-FMLA-STD-Revised.pdf\" target=\"_blank\" rel=\"noopener noreferrer\">Formulaire d&#039;autorisation (pour d\u00e9poser une demande de prestations d&#039;invalidit\u00e9)<\/a>\n<h3><b>Loi sur le cong\u00e9 familial pour raison m\u00e9dicale (FMLA)<\/b><\/h3>\nAdministr\u00e9 par <b>UNUM<br \/>\n<\/b>Service \u00e0 la client\u00e8le : 1.877.217.5495<br \/>\n<a title=\"Politique FML mise \u00e0 jour\" href=\"http:\/\/www.miamibeachfl.gov\/wp-content\/uploads\/2020\/07\/Family-and-Medical-Leave-Procedure.pdf\" target=\"_blank\" rel=\"noopener noreferrer\">Politique FMLA<\/a><br \/>\n<a title=\"Formulaire de r\u00e9clamation FMLA STD r\u00e9vis\u00e9\" href=\"\/wp-content\/uploads\/2017\/08\/Claim-Form-FMLA-STD-Revised.pdf\" target=\"_blank\" rel=\"noopener noreferrer\">Formulaire d&#039;autorisation (pour initier une demande de cong\u00e9 familial pour raisons m\u00e9dicales)<\/a><br \/>\n<a href=\"http:\/\/www.miamibeachfl.gov\/wp-content\/uploads\/2018\/03\/Parental-Leave-Procedure.pdf\">Proc\u00e9dure de cong\u00e9 parental pay\u00e9<\/a><br \/>\n<a title=\"Ordonnance 2016-4049 sur les cong\u00e9s parentaux r\u00e9mun\u00e9r\u00e9s (UNCL)\" href=\"\/wp-content\/uploads\/2017\/08\/Ordinance-2016-4049-Paid-Parental-UNCL.pdf\" target=\"_blank\" rel=\"noopener noreferrer\">Ordonnance 2016-4049 sur les cong\u00e9s parentaux r\u00e9mun\u00e9r\u00e9s<\/a>\u00a0pour les groupes de salaires non class\u00e9s et autres<br \/>\n<a title=\"Ordonnance 2016-4048 sur les cong\u00e9s parentaux r\u00e9mun\u00e9r\u00e9s - Syndicats\" href=\"\/wp-content\/uploads\/2017\/08\/Ordinance-2016-4048-Paid-Parental-Unions.pdf\" target=\"_blank\" rel=\"noopener noreferrer\">Ordonnance 2016-4048 sur les cong\u00e9s parentaux r\u00e9mun\u00e9r\u00e9s<\/a>\u00a0pour les groupes de salaires des services classifi\u00e9s\n<h3><b>COMPTE DE D\u00c9PENSES FLEXIBLE (FSA) : SOINS DE SANT\u00c9 ET SOINS AUX PERSONNES \u00c0 CHARGE<\/b><\/h3>\nAdministr\u00e9 par <b>Banque HSA<\/b><br \/>\nService \u00e0 la client\u00e8le : 1.800.357.6246<br \/>\nSite Web : http:\/\/www.hsabank.com\/hsabank\/homepage<br \/>\n<a href=\"http:\/\/www.miamibeachfl.gov\/wp-content\/uploads\/2018\/04\/Healthcare-Flexible-Spending-Accounts.pdf\">Comptes de d\u00e9penses flexibles pour les soins de sant\u00e9<br \/>\n<\/a><a href=\"http:\/\/www.miamibeachfl.gov\/wp-content\/uploads\/2018\/04\/Limited-Purpose-Flexible-Spendng-Accounts.pdf\">Comptes de d\u00e9penses flexibles \u00e0 usage limit\u00e9<br \/>\n<\/a><a href=\"http:\/\/www.miamibeachfl.gov\/wp-content\/uploads\/2018\/04\/Dependent-Care-Flexible-Spending-Accounts.pdf\">Comptes de d\u00e9penses flexibles pour les soins aux personnes \u00e0 charge<br \/>\n<\/a><a href=\"http:\/\/www.miamibeachfl.gov\/wp-content\/uploads\/2018\/04\/Seeking-Reimbursement-from-your-FSA.pdf\">Demander un remboursement \u00e0 partir de votre FSA<\/a>\n<h3><b>ASSURANCE POUR ANIMAUX \u00c0 PRIX R\u00c9DUIT<\/b><\/h3>\nAdministr\u00e9 par <b>\u00c0 l&#039;\u00e9chelle nationale<\/b><br \/>\nService \u00e0 la client\u00e8le : 1.877.738.7874<br \/>\nSite web: <a title=\"www.petinsurance.com\/miamibeachfl\" href=\"http:\/\/www.petinsurance.com\/miamibeachfl\">www.petinsurance.com\/miamibeachfl<\/a>\n<h3><b>SERVICES JURIDIQUES \u00c0 PRIX R\u00c9DUIT<\/b><\/h3>\nAdministr\u00e9 par <b>Plan juridique privil\u00e9gi\u00e9<\/b><br \/>\nService client : 305.379.8438<br \/>\nSite web: <a title=\"www.preferredlegal.com\" href=\"http:\/\/www.preferredlegal.com\">www.preferredlegal.com<\/a>\n<h3><b>PROTECTION CONTRE LE VOL D&#039;IDENTIT\u00c9<\/b><\/h3>\nAdministr\u00e9 par <b>LifeLock<\/b><br \/>\nService \u00e0 la client\u00e8le : 1.866.917.2555<br \/>\nSite web: <a title=\"http:\/\/cityofmiamibeach.excelsiorenroll.com\" href=\"http:\/\/cityofmiamibeach.excelsiorenroll.com\" target=\"_blank\" rel=\"noopener noreferrer\">http:\/\/cityofmiamibeach.excelsiorenroll.com<\/a>\n<h3><b>PRESTATIONS VOLONTAIRES DE LA VIE COLONIALE<\/b><\/h3>\nAdministr\u00e9 par <b>La vie coloniale<\/b><br \/>\nService client pour les inscriptions : 1.954.616.5123<br \/>\nLigne d&#039;assistance pour les assur\u00e9s : 1.800.325.4368<br \/>\nSite web: <a title=\"www.coloniallife.com\" href=\"http:\/\/www.coloniallife.com\">www.coloniallife.com<\/a>\n<h3><b><\/b><b>PROGRAMME DE PR\u00caTS AU TRAVAIL<\/b><\/h3>\nAdministr\u00e9 par <b>Pr\u00eats BMG<\/b><br \/>\nService client : 305.675.2962<br \/>\nSite web: <a title=\"www.bmgmoney.com\" href=\"http:\/\/www.bmgmoney.com\" target=\"_blank\" rel=\"noopener noreferrer\">www.bmgmoney.com<\/a>\u00a0\n<p>&nbsp;<\/p>\n<p>&nbsp;<\/p>\n\t\tAcc\u00e9der \u00e0\u2026\t\t\t\n\t\t\t\t\t<ul id=\"menu-hr-employee-benefits-quicklinks\"><li id=\"menu-item-362888\"><a href=\"\/fr\/city-hall\/human-resources\/benefits\/benefit-summary\/employee-benefits-contact-info\/\">Options de prestations suppl\u00e9mentaires<\/a><\/li>\n<li id=\"menu-item-362889\"><a href=\"\/fr\/city-hall\/human-resources\/benefits\/benefit-summary\/employee-benefit-program\/\">Programme d&#039;avantages sociaux<\/a><\/li>\n<li id=\"menu-item-362890\"><a href=\"\/fr\/city-hall\/human-resources\/benefits\/benefit-summary\/cobra\/\">COBRA<\/a><\/li>\n<li id=\"menu-item-362892\"><a href=\"\/fr\/city-hall\/human-resources\/benefits\/benefit-summary\/employee-assistance-and-worklife-plan\/\">PAE<\/a><\/li>\n<li id=\"menu-item-362893\"><a href=\"\/fr\/city-hall\/human-resources\/benefits\/benefit-summary\/forms\/\">Formulaires<\/a><\/li>\n<li id=\"menu-item-362894\"><a href=\"\/fr\/city-hall\/human-resources\/benefits\/benefit-summary\/frequently-asked-questions\/\">Questions fr\u00e9quemment pos\u00e9es<\/a><\/li>\n<li id=\"menu-item-362895\"><a href=\"\/fr\/city-hall\/human-resources\/benefits\/benefit-summary\/health-dental-plans\/\">R\u00e9gimes de sant\u00e9 et dentaires<\/a><\/li>\n<li id=\"menu-item-362897\"><a href=\"\/fr\/city-hall\/human-resources\/benefits\/benefit-summary\/retirement-planning\/\">Planification de la retraite<\/a><\/li>\n<li id=\"menu-item-362898\"><a href=\"\/fr\/city-hall\/human-resources\/benefits\/benefit-summary\/wellness-program\/\">Programme de bien-\u00eatre<\/a><\/li>\n<\/ul>\t\n\t<div class=\"page-navigation\"><a class=\"prev-page\" href=\"https:\/\/www.miamibeachfl.gov\/fr\/city-hall\/human-resources\/benefits\/benefit-summary\/forms\/\">\u2190 Formulaires relatifs aux avantages sociaux des employ\u00e9s<\/a> <a class=\"next-page\" href=\"https:\/\/www.miamibeachfl.gov\/fr\/city-hall\/human-resources\/compensation\/ordinances\/\">Ordonnances sur les salaires \u2192<\/a><\/div>","protected":false},"excerpt":{"rendered":"<p>Options d&#039;avantages sociaux suppl\u00e9mentaires Accueil &gt; H\u00f4tel de ville &gt; Ressources humaines &gt; Avantages sociaux &gt; Liens rapides vers les avantages sociaux des employ\u00e9s &gt; Options d&#039;avantages sociaux suppl\u00e9mentaires [\u2026]<\/p>","protected":false},"author":222,"featured_media":0,"parent":46767,"menu_order":0,"comment_status":"closed","ping_status":"closed","template":"","meta":{"_searchwp_excluded":"","site-sidebar-layout":"default","site-content-layout":"","ast-site-content-layout":"default","site-content-style":"default","site-sidebar-style":"default","ast-global-header-display":"","ast-banner-title-visibility":"","ast-main-header-display":"","ast-hfb-above-header-display":"","ast-hfb-below-header-display":"","ast-hfb-mobile-header-display":"","site-post-title":"","ast-breadcrumbs-content":"","ast-featured-img":"","footer-sml-layout":"","theme-transparent-header-meta":"","adv-header-id-meta":"","stick-header-meta":"","header-above-stick-meta":"","header-main-stick-meta":"","header-below-stick-meta":"","astra-migrate-meta-layouts":"default","ast-page-background-enabled":"default","ast-page-background-meta":{"desktop":{"background-color":"var(--ast-global-color-5)","background-image":"","background-repeat":"repeat","background-position":"center center","background-size":"auto","background-attachment":"scroll","background-type":"","background-media":"","overlay-type":"","overlay-color":"","overlay-opacity":"","overlay-gradient":""},"tablet":{"background-color":"","background-image":"","background-repeat":"repeat","background-position":"center center","background-size":"auto","background-attachment":"scroll","background-type":"","background-media":"","overlay-type":"","overlay-color":"","overlay-opacity":"","overlay-gradient":""},"mobile":{"background-color":"","background-image":"","background-repeat":"repeat","background-position":"center center","background-size":"auto","background-attachment":"scroll","background-type":"","background-media":"","overlay-type":"","overlay-color":"","overlay-opacity":"","overlay-gradient":""}},"ast-content-background-meta":{"desktop":{"background-color":"var(--ast-global-color-4)","background-image":"","background-repeat":"repeat","background-position":"center center","background-size":"auto","background-attachment":"scroll","background-type":"","background-media":"","overlay-type":"","overlay-color":"","overlay-opacity":"","overlay-gradient":""},"tablet":{"background-color":"var(--ast-global-color-4)","background-image":"","background-repeat":"repeat","background-position":"center center","background-size":"auto","background-attachment":"scroll","background-type":"","background-media":"","overlay-type":"","overlay-color":"","overlay-opacity":"","overlay-gradient":""},"mobile":{"background-color":"var(--ast-global-color-4)","background-image":"","background-repeat":"repeat","background-position":"center center","background-size":"auto","background-attachment":"scroll","background-type":"","background-media":"","overlay-type":"","overlay-color":"","overlay-opacity":"","overlay-gradient":""}},"footnotes":""},"categories":[],"tags":[],"class_list":["post-28655","page","type-page","status-publish","hentry"],"yoast_head":"<!-- This site is optimized with the Yoast SEO Premium plugin v26.6 (Yoast SEO v26.6) - https:\/\/yoast.com\/wordpress\/plugins\/seo\/ -->\n<title>Additional Benefit Options - City of Miami Beach<\/title>\n<meta name=\"description\" content=\"%\" \/>\n<meta name=\"robots\" content=\"index, follow, max-snippet:-1, max-image-preview:large, max-video-preview:-1\" \/>\n<link rel=\"canonical\" href=\"https:\/\/www.miamibeachfl.gov\/fr\/city-hall\/human-resources\/benefits\/benefit-summary\/employee-benefits-contact-info\/\" \/>\n<meta property=\"og:locale\" content=\"fr_FR\" \/>\n<meta property=\"og:type\" content=\"article\" \/>\n<meta property=\"og:title\" content=\"Additional Benefit Options\" \/>\n<meta property=\"og:description\" content=\"%\" \/>\n<meta property=\"og:url\" content=\"https:\/\/www.miamibeachfl.gov\/fr\/city-hall\/human-resources\/benefits\/benefit-summary\/employee-benefits-contact-info\/\" \/>\n<meta property=\"og:site_name\" content=\"City of Miami Beach\" \/>\n<meta property=\"article:publisher\" content=\"https:\/\/www.facebook.com\/cityofmiamibeach\" \/>\n<meta property=\"article:modified_time\" content=\"2026-03-02T21:28:52+00:00\" \/>\n<meta property=\"og:image\" content=\"https:\/\/www.miamibeachfl.gov\/wp-content\/uploads\/2022\/07\/hero-small.jpg\" \/>\n<meta name=\"twitter:card\" content=\"summary_large_image\" \/>\n<meta name=\"twitter:site\" content=\"@Miamibeachnews\" \/>\n<script type=\"application\/ld+json\" class=\"yoast-schema-graph\">{\"@context\":\"https:\/\/schema.org\",\"@graph\":[{\"@type\":\"WebPage\",\"@id\":\"https:\/\/www.miamibeachfl.gov\/city-hall\/human-resources\/benefits\/benefit-summary\/employee-benefits-contact-info\/\",\"url\":\"https:\/\/www.miamibeachfl.gov\/city-hall\/human-resources\/benefits\/benefit-summary\/employee-benefits-contact-info\/\",\"name\":\"Additional Benefit Options - City of Miami Beach\",\"isPartOf\":{\"@id\":\"https:\/\/www.miamibeachfl.gov\/#website\"},\"primaryImageOfPage\":{\"@id\":\"https:\/\/www.miamibeachfl.gov\/city-hall\/human-resources\/benefits\/benefit-summary\/employee-benefits-contact-info\/#primaryimage\"},\"image\":{\"@id\":\"https:\/\/www.miamibeachfl.gov\/city-hall\/human-resources\/benefits\/benefit-summary\/employee-benefits-contact-info\/#primaryimage\"},\"thumbnailUrl\":\"https:\/\/www.miamibeachfl.gov\/wp-content\/uploads\/2022\/07\/hero-small.jpg\",\"datePublished\":\"2017-08-11T00:07:06+00:00\",\"dateModified\":\"2026-03-02T21:28:52+00:00\",\"description\":\"%\",\"breadcrumb\":{\"@id\":\"https:\/\/www.miamibeachfl.gov\/city-hall\/human-resources\/benefits\/benefit-summary\/employee-benefits-contact-info\/#breadcrumb\"},\"inLanguage\":\"fr-FR\",\"potentialAction\":[{\"@type\":\"ReadAction\",\"target\":[\"https:\/\/www.miamibeachfl.gov\/city-hall\/human-resources\/benefits\/benefit-summary\/employee-benefits-contact-info\/\"]}]},{\"@type\":\"ImageObject\",\"inLanguage\":\"fr-FR\",\"@id\":\"https:\/\/www.miamibeachfl.gov\/city-hall\/human-resources\/benefits\/benefit-summary\/employee-benefits-contact-info\/#primaryimage\",\"url\":\"https:\/\/www.miamibeachfl.gov\/wp-content\/uploads\/2022\/07\/hero-small.jpg\",\"contentUrl\":\"https:\/\/www.miamibeachfl.gov\/wp-content\/uploads\/2022\/07\/hero-small.jpg\"},{\"@type\":\"BreadcrumbList\",\"@id\":\"https:\/\/www.miamibeachfl.gov\/city-hall\/human-resources\/benefits\/benefit-summary\/employee-benefits-contact-info\/#breadcrumb\",\"itemListElement\":[{\"@type\":\"ListItem\",\"position\":1,\"name\":\"Home\",\"item\":\"https:\/\/www.miamibeachfl.gov\/\"},{\"@type\":\"ListItem\",\"position\":2,\"name\":\"City Hall\",\"item\":\"https:\/\/www.miamibeachfl.gov\/city-hall\/\"},{\"@type\":\"ListItem\",\"position\":3,\"name\":\"Human Resources\",\"item\":\"https:\/\/www.miamibeachfl.gov\/city-hall\/human-resources\/\"},{\"@type\":\"ListItem\",\"position\":4,\"name\":\"Benefits\",\"item\":\"https:\/\/www.miamibeachfl.gov\/city-hall\/human-resources\/benefits\/\"},{\"@type\":\"ListItem\",\"position\":5,\"name\":\"Employee Benefits Quicklinks\",\"item\":\"https:\/\/www.miamibeachfl.gov\/city-hall\/human-resources\/benefits\/benefit-summary\/\"},{\"@type\":\"ListItem\",\"position\":6,\"name\":\"Additional Benefit Options\"}]},{\"@type\":\"WebSite\",\"@id\":\"https:\/\/www.miamibeachfl.gov\/#website\",\"url\":\"https:\/\/www.miamibeachfl.gov\/\",\"name\":\"City of Miami Beach\",\"description\":\"The official website of the City of Miami Beach. Stay informed, find important information on city services, news, alerts, events, trolley routes, government employment and more.\",\"publisher\":{\"@id\":\"https:\/\/www.miamibeachfl.gov\/#organization\"},\"potentialAction\":[{\"@type\":\"SearchAction\",\"target\":{\"@type\":\"EntryPoint\",\"urlTemplate\":\"https:\/\/www.miamibeachfl.gov\/?s={search_term_string}\"},\"query-input\":{\"@type\":\"PropertyValueSpecification\",\"valueRequired\":true,\"valueName\":\"search_term_string\"}}],\"inLanguage\":\"fr-FR\"},{\"@type\":\"Organization\",\"@id\":\"https:\/\/www.miamibeachfl.gov\/#organization\",\"name\":\"City of Miami Beach\",\"url\":\"https:\/\/www.miamibeachfl.gov\/\",\"logo\":{\"@type\":\"ImageObject\",\"inLanguage\":\"fr-FR\",\"@id\":\"https:\/\/www.miamibeachfl.gov\/#\/schema\/logo\/image\/\",\"url\":\"https:\/\/www.miamibeachfl.gov\/wp-content\/uploads\/2022\/06\/miamibeach-logoblue.png\",\"contentUrl\":\"https:\/\/www.miamibeachfl.gov\/wp-content\/uploads\/2022\/06\/miamibeach-logoblue.png\",\"width\":1962,\"height\":381,\"caption\":\"City of Miami Beach\"},\"image\":{\"@id\":\"https:\/\/www.miamibeachfl.gov\/#\/schema\/logo\/image\/\"},\"sameAs\":[\"https:\/\/www.facebook.com\/cityofmiamibeach\",\"https:\/\/x.com\/Miamibeachnews\",\"https:\/\/www.instagram.com\/miamibeachnews\/\"],\"description\":\"The official website of the City of Miami Beach. Stay informed, find important information on city services, news, alerts, events, trolley routes, government employment and more.\",\"telephone\":\"305.604.CITY(2489)\",\"legalName\":\"City of Miami Beach\"}]}<\/script>\n<!-- \/ Yoast SEO Premium plugin. -->","yoast_head_json":{"title":"Options d&#039;avantages suppl\u00e9mentaires - Ville de Miami Beach","description":"%","robots":{"index":"index","follow":"follow","max-snippet":"max-snippet:-1","max-image-preview":"max-image-preview:large","max-video-preview":"max-video-preview:-1"},"canonical":"https:\/\/www.miamibeachfl.gov\/fr\/city-hall\/human-resources\/benefits\/benefit-summary\/employee-benefits-contact-info\/","og_locale":"fr_FR","og_type":"article","og_title":"Additional Benefit Options","og_description":"%","og_url":"https:\/\/www.miamibeachfl.gov\/fr\/city-hall\/human-resources\/benefits\/benefit-summary\/employee-benefits-contact-info\/","og_site_name":"City of Miami Beach","article_publisher":"https:\/\/www.facebook.com\/cityofmiamibeach","article_modified_time":"2026-03-02T21:28:52+00:00","og_image":[{"url":"https:\/\/www.miamibeachfl.gov\/wp-content\/uploads\/2022\/07\/hero-small.jpg","type":"","width":"","height":""}],"twitter_card":"summary_large_image","twitter_site":"@Miamibeachnews","schema":{"@context":"https:\/\/schema.org","@graph":[{"@type":"WebPage","@id":"https:\/\/www.miamibeachfl.gov\/city-hall\/human-resources\/benefits\/benefit-summary\/employee-benefits-contact-info\/","url":"https:\/\/www.miamibeachfl.gov\/city-hall\/human-resources\/benefits\/benefit-summary\/employee-benefits-contact-info\/","name":"Options d&#039;avantages suppl\u00e9mentaires - Ville de Miami Beach","isPartOf":{"@id":"https:\/\/www.miamibeachfl.gov\/#website"},"primaryImageOfPage":{"@id":"https:\/\/www.miamibeachfl.gov\/city-hall\/human-resources\/benefits\/benefit-summary\/employee-benefits-contact-info\/#primaryimage"},"image":{"@id":"https:\/\/www.miamibeachfl.gov\/city-hall\/human-resources\/benefits\/benefit-summary\/employee-benefits-contact-info\/#primaryimage"},"thumbnailUrl":"https:\/\/www.miamibeachfl.gov\/wp-content\/uploads\/2022\/07\/hero-small.jpg","datePublished":"2017-08-11T00:07:06+00:00","dateModified":"2026-03-02T21:28:52+00:00","description":"%","breadcrumb":{"@id":"https:\/\/www.miamibeachfl.gov\/city-hall\/human-resources\/benefits\/benefit-summary\/employee-benefits-contact-info\/#breadcrumb"},"inLanguage":"fr-FR","potentialAction":[{"@type":"ReadAction","target":["https:\/\/www.miamibeachfl.gov\/city-hall\/human-resources\/benefits\/benefit-summary\/employee-benefits-contact-info\/"]}]},{"@type":"ImageObject","inLanguage":"fr-FR","@id":"https:\/\/www.miamibeachfl.gov\/city-hall\/human-resources\/benefits\/benefit-summary\/employee-benefits-contact-info\/#primaryimage","url":"https:\/\/www.miamibeachfl.gov\/wp-content\/uploads\/2022\/07\/hero-small.jpg","contentUrl":"https:\/\/www.miamibeachfl.gov\/wp-content\/uploads\/2022\/07\/hero-small.jpg"},{"@type":"BreadcrumbList","@id":"https:\/\/www.miamibeachfl.gov\/city-hall\/human-resources\/benefits\/benefit-summary\/employee-benefits-contact-info\/#breadcrumb","itemListElement":[{"@type":"ListItem","position":1,"name":"Home","item":"https:\/\/www.miamibeachfl.gov\/"},{"@type":"ListItem","position":2,"name":"City Hall","item":"https:\/\/www.miamibeachfl.gov\/city-hall\/"},{"@type":"ListItem","position":3,"name":"Human Resources","item":"https:\/\/www.miamibeachfl.gov\/city-hall\/human-resources\/"},{"@type":"ListItem","position":4,"name":"Benefits","item":"https:\/\/www.miamibeachfl.gov\/city-hall\/human-resources\/benefits\/"},{"@type":"ListItem","position":5,"name":"Employee Benefits Quicklinks","item":"https:\/\/www.miamibeachfl.gov\/city-hall\/human-resources\/benefits\/benefit-summary\/"},{"@type":"ListItem","position":6,"name":"Additional Benefit Options"}]},{"@type":"WebSite","@id":"https:\/\/www.miamibeachfl.gov\/#website","url":"https:\/\/www.miamibeachfl.gov\/","name":"Ville de Miami Beach","description":"Site officiel de la ville de Miami Beach. Restez inform\u00e9 et trouvez des informations importantes sur les services municipaux, les actualit\u00e9s, les alertes, les \u00e9v\u00e9nements, les itin\u00e9raires de tramway, les emplois gouvernementaux et bien plus encore.","publisher":{"@id":"https:\/\/www.miamibeachfl.gov\/#organization"},"potentialAction":[{"@type":"SearchAction","target":{"@type":"EntryPoint","urlTemplate":"https:\/\/www.miamibeachfl.gov\/?s={search_term_string}"},"query-input":{"@type":"PropertyValueSpecification","valueRequired":true,"valueName":"search_term_string"}}],"inLanguage":"fr-FR"},{"@type":"Organization","@id":"https:\/\/www.miamibeachfl.gov\/#organization","name":"Ville de Miami Beach","url":"https:\/\/www.miamibeachfl.gov\/","logo":{"@type":"ImageObject","inLanguage":"fr-FR","@id":"https:\/\/www.miamibeachfl.gov\/#\/schema\/logo\/image\/","url":"https:\/\/www.miamibeachfl.gov\/wp-content\/uploads\/2022\/06\/miamibeach-logoblue.png","contentUrl":"https:\/\/www.miamibeachfl.gov\/wp-content\/uploads\/2022\/06\/miamibeach-logoblue.png","width":1962,"height":381,"caption":"City of Miami Beach"},"image":{"@id":"https:\/\/www.miamibeachfl.gov\/#\/schema\/logo\/image\/"},"sameAs":["https:\/\/www.facebook.com\/cityofmiamibeach","https:\/\/x.com\/Miamibeachnews","https:\/\/www.instagram.com\/miamibeachnews\/"],"description":"Site officiel de la ville de Miami Beach. Restez inform\u00e9 et trouvez des informations importantes sur les services municipaux, les actualit\u00e9s, les alertes, les \u00e9v\u00e9nements, les itin\u00e9raires de tramway, les emplois gouvernementaux et bien plus encore.","telephone":"305.604.CITY(2489)","legalName":"City of Miami Beach"}]}},"_links":{"self":[{"href":"https:\/\/www.miamibeachfl.gov\/fr\/wp-json\/wp\/v2\/pages\/28655","targetHints":{"allow":["GET"]}}],"collection":[{"href":"https:\/\/www.miamibeachfl.gov\/fr\/wp-json\/wp\/v2\/pages"}],"about":[{"href":"https:\/\/www.miamibeachfl.gov\/fr\/wp-json\/wp\/v2\/types\/page"}],"author":[{"embeddable":true,"href":"https:\/\/www.miamibeachfl.gov\/fr\/wp-json\/wp\/v2\/users\/222"}],"replies":[{"embeddable":true,"href":"https:\/\/www.miamibeachfl.gov\/fr\/wp-json\/wp\/v2\/comments?post=28655"}],"version-history":[{"count":0,"href":"https:\/\/www.miamibeachfl.gov\/fr\/wp-json\/wp\/v2\/pages\/28655\/revisions"}],"up":[{"embeddable":true,"href":"https:\/\/www.miamibeachfl.gov\/fr\/wp-json\/wp\/v2\/pages\/46767"}],"wp:attachment":[{"href":"https:\/\/www.miamibeachfl.gov\/fr\/wp-json\/wp\/v2\/media?parent=28655"}],"wp:term":[{"taxonomy":"category","embeddable":true,"href":"https:\/\/www.miamibeachfl.gov\/fr\/wp-json\/wp\/v2\/categories?post=28655"},{"taxonomy":"post_tag","embeddable":true,"href":"https:\/\/www.miamibeachfl.gov\/fr\/wp-json\/wp\/v2\/tags?post=28655"}],"curies":[{"name":"wp","href":"https:\/\/api.w.org\/{rel}","templated":true}]}}