{"id":28687,"date":"2017-08-11T00:07:29","date_gmt":"2017-08-11T00:07:29","guid":{"rendered":"http:\/\/www.miamibeachfl.gov\/city-hall\/human-resources\/employee-labor-relations\/handbook-directory\/disciplinary-actions-and-appeals\/"},"modified":"2026-03-02T16:53:02","modified_gmt":"2026-03-02T21:53:02","slug":"disciplinary-actions-and-appeals","status":"publish","type":"page","link":"https:\/\/www.miamibeachfl.gov\/fr\/city-hall\/human-resources\/employee-labor-relations\/handbook-directory\/disciplinary-actions-and-appeals\/","title":{"rendered":"Mesures disciplinaires et appels"},"content":{"rendered":"<img decoding=\"async\" src=\"https:\/\/www.miamibeachfl.gov\/wp-content\/uploads\/2022\/07\/hero-small.jpg\" alt=\"ocean drive art deco buildings\" itemprop=\"image\" height=\"211\" width=\"2395\" title=\"petit h\u00e9ros\" onerror=\"this.style.display='none'\" loading=\"lazy\" \/>\n<h1>\n\t\t\tMesures disciplinaires et appels\t<\/h1>\n\t<nav id=\"breadcrumbs\" aria-label=\"Fil d&#039;Ariane\"><a href=\"https:\/\/www.miamibeachfl.gov\/fr\/\">Maison<\/a> &gt; <a href=\"https:\/\/www.miamibeachfl.gov\/fr\/city-hall\/\">l&#039;h\u00f4tel de ville<\/a> &gt; <a href=\"https:\/\/www.miamibeachfl.gov\/fr\/city-hall\/human-resources\/\">Ressources humaines<\/a> &gt; <a href=\"https:\/\/www.miamibeachfl.gov\/fr\/city-hall\/human-resources\/employee-labor-relations\/\">Relations avec les employ\u00e9s et le travail<\/a> &gt; <a href=\"https:\/\/www.miamibeachfl.gov\/fr\/city-hall\/human-resources\/employee-labor-relations\/handbook-directory\/\">Manuel de l&#039;employ\u00e9<\/a> &gt; <strong>Mesures disciplinaires et appels<\/strong><\/nav>\n\t<p><strong>MESURES DISCIPLINAIRES ET APPELS<\/strong><\/p>\n<p>Les employ\u00e9s des unit\u00e9s de n\u00e9gociation de l&#039;AFSCME, de la CWA, de la FOP, de la GSA et de l&#039;IAFF ayant un statut r\u00e9gulier peuvent faire appel d&#039;une mesure disciplinaire par le biais de la proc\u00e9dure de r\u00e8glement des griefs. Il est recommand\u00e9 aux employ\u00e9s de consulter leur convention collective avant de d\u00e9poser un grief afin de se familiariser avec la proc\u00e9dure et les d\u00e9lais. Les formulaires de grief sont disponibles sur le site Fish Tank, dans la section Relations de travail de la page web des Ressources humaines.<\/p>\n<p>Les employ\u00e9s dont le salaire est \u00ab\u00a0Autres\u00a0\u00bb et qui ont obtenu un statut r\u00e9gulier peuvent faire appel de toute mesure disciplinaire aupr\u00e8s de la Commission du personnel en d\u00e9posant une demande \u00e9crite dans les dix (10) jours calendaires suivant la notification de la mesure. Les employ\u00e9s qui font bien leur travail et se conduisent de mani\u00e8re honorable, au travail comme en dehors, n&#039;ont gu\u00e8re \u00e0 craindre de mesures disciplinaires. La liste suivante r\u00e9pertorie les motifs courants de mesures disciplinaires, notamment le licenciement, la r\u00e9trogradation ou la suspension.<\/p>\n<ul>\n<li>Condamnation pour une infraction grave<\/li>\n<li>Actes de conduite honteuse indignes d&#039;un employ\u00e9 de la Ville, qu&#039;il soit en service ou non<\/li>\n<li>Insubordination ou violation de tout ordre ou r\u00e8glement officiel<\/li>\n<li>Boire ou \u00eatre sous l&#039;influence de substances intoxicantes ou de stup\u00e9fiants pendant le service ou en portant un uniforme fourni par la Ville, que ce soit en service ou non<\/li>\n<li>Possession, utilisation, distribution ou vente de toute drogue ill\u00e9gale ou substance contr\u00f4l\u00e9e non prescrite par un m\u00e9decin agr\u00e9\u00e9, que ce soit en service ou non.<\/li>\n<li>Consommation ou possession d&#039;alcool pendant les heures de travail<\/li>\n<li>Conduite ou langage offensant et\/ou honteux<\/li>\n<li>Dommages, gaspillage ou vol par n\u00e9gligence ou intentionnel de biens de la Ville<\/li>\n<li>Incomp\u00e9tence ou inefficacit\u00e9<\/li>\n<li>Retards ou absent\u00e9ismes habituels, ou absences sans permission<\/li>\n<li>Recours \u00e0 l&#039;influence politique pour obtenir une promotion, un cong\u00e9, une mutation ou un changement de classe, de salaire ou de nature du travail<\/li>\n<li>Violation du r\u00e8glement du personnel, du r\u00e8glement de travail ou du r\u00e8glement du service<\/li>\n<li>Une fausse d\u00e9claration sur une demande d&#039;emploi ou sur des documents pr\u00e9alables \u00e0 l&#039;emploi ; falsification des relev\u00e9s de temps ou des journaux de bord quotidiens<\/li>\n<\/ul>\n\t\tAcc\u00e9der \u00e0\u2026\t\t\t\n\t\t\t\t\t<ul id=\"menu-hr-employee-handbook\"><li id=\"menu-item-363011\"><a href=\"\/fr\/city-hall\/human-resources\/employee-labor-relations\/handbook-directory\/a-safe-and-healthful-workplace\/\">Lieu de travail s\u00fbr et sain<\/a><\/li>\n<li id=\"menu-item-363012\"><a href=\"\/fr\/city-hall\/human-resources\/employee-labor-relations\/handbook-directory\/annual-and-sick-leave\/\">Cong\u00e9s annuels et de maladie<\/a><\/li>\n<li id=\"menu-item-363013\"><a href=\"\/fr\/city-hall\/human-resources\/employee-labor-relations\/handbook-directory\/attendance\/\">Pr\u00e9sence<\/a><\/li>\n<li id=\"menu-item-363014\"><a href=\"\/fr\/city-hall\/human-resources\/employee-labor-relations\/handbook-directory\/bereavement-leave\/\">Cong\u00e9 de deuil<\/a><\/li>\n<li id=\"menu-item-363015\"><a href=\"\/fr\/city-hall\/human-resources\/employee-labor-relations\/handbook-directory\/change-of-address-and-dependents\/\">Changement d&#039;adresse et de personnes \u00e0 charge<\/a><\/li>\n<li id=\"menu-item-363016\"><a href=\"\/fr\/city-hall\/human-resources\/employee-labor-relations\/handbook-directory\/deferred-compensation-plan\/\">R\u00e9gime de r\u00e9mun\u00e9ration diff\u00e9r\u00e9e<\/a><\/li>\n<li id=\"menu-item-363017\"><a href=\"\/fr\/city-hall\/human-resources\/employee-labor-relations\/handbook-directory\/disability-insurance\/\">Assurance invalidit\u00e9<\/a><\/li>\n<li id=\"menu-item-363019\"><a href=\"\/fr\/city-hall\/human-resources\/employee-labor-relations\/handbook-directory\/disciplinary-actions-and-appeals\/\">Mesures disciplinaires et appels<\/a><\/li>\n<li id=\"menu-item-363020\"><a href=\"\/fr\/city-hall\/human-resources\/employee-labor-relations\/handbook-directory\/employee-handbook-is-a-guide\/\">Le manuel de l&#039;employ\u00e9 est un guide<\/a><\/li>\n<li id=\"menu-item-363021\"><a href=\"\/fr\/city-hall\/human-resources\/employee-labor-relations\/handbook-directory\/family-and-medical-leave\/\">Cong\u00e9 familial et m\u00e9dical<\/a><\/li>\n<li id=\"menu-item-363022\"><a href=\"\/fr\/city-hall\/human-resources\/employee-labor-relations\/handbook-directory\/general-employees-retirement-system\/\">R\u00e9gime de retraite des employ\u00e9s g\u00e9n\u00e9raux<\/a><\/li>\n<li id=\"menu-item-363023\"><a href=\"\/fr\/city-hall\/human-resources\/employee-labor-relations\/handbook-directory\/group-medical-and-dental-plans\/\">R\u00e9gimes m\u00e9dicaux et dentaires collectifs<\/a><\/li>\n<li id=\"menu-item-363024\"><a href=\"\/fr\/city-hall\/human-resources\/employee-labor-relations\/handbook-directory\/in-service-training\/\">Formation en cours d&#039;emploi<\/a><\/li>\n<li id=\"menu-item-363025\"><a href=\"\/fr\/city-hall\/human-resources\/employee-labor-relations\/handbook-directory\/insurance-benefits\/\">Avantages d&#039;assurance<\/a><\/li>\n<li id=\"menu-item-363026\"><a href=\"\/fr\/city-hall\/human-resources\/employee-labor-relations\/handbook-directory\/miami-beach-civil-service-system\/\">Syst\u00e8me de fonction publique de Miami Beach<\/a><\/li>\n<li id=\"menu-item-363027\"><a href=\"\/fr\/city-hall\/human-resources\/employee-labor-relations\/handbook-directory\/miami-beach-federal-credit-union\/\">Coop\u00e9rative de cr\u00e9dit f\u00e9d\u00e9rale de Miami Beach<\/a><\/li>\n<li id=\"menu-item-363028\"><a href=\"\/fr\/city-hall\/human-resources\/employee-labor-relations\/handbook-directory\/mission-statement\/\">\u00c9nonc\u00e9 de mission<\/a><\/li>\n<li id=\"menu-item-363029\"><a href=\"\/fr\/city-hall\/human-resources\/employee-labor-relations\/handbook-directory\/occupational-accidental-death-benefit\/\">Prestations d&#039;assurance d\u00e9c\u00e8s accidentel du travail<\/a><\/li>\n<li id=\"menu-item-363030\"><a href=\"\/fr\/city-hall\/human-resources\/employee-labor-relations\/handbook-directory\/outside-employment\/\">Emploi ext\u00e9rieur<\/a><\/li>\n<li id=\"menu-item-363031\"><a href=\"\/fr\/city-hall\/human-resources\/employee-labor-relations\/handbook-directory\/paid-holidays\/\">cong\u00e9s pay\u00e9s<\/a><\/li>\n<li id=\"menu-item-363032\"><a href=\"\/fr\/city-hall\/human-resources\/employee-labor-relations\/handbook-directory\/performance-appraisals\/\">\u00c9valuations de performance<\/a><\/li>\n<li id=\"menu-item-363033\"><a href=\"\/fr\/city-hall\/human-resources\/employee-labor-relations\/handbook-directory\/pre-tax-payroll-deductions\/\">D\u00e9ductions salariales avant imp\u00f4ts<\/a><\/li>\n<li id=\"menu-item-363034\"><a href=\"\/fr\/city-hall\/human-resources\/employee-labor-relations\/handbook-directory\/probationary-and-part-time-employees\/\">Employ\u00e9s \u00e0 l&#039;essai et \u00e0 temps partiel<\/a><\/li>\n<li id=\"menu-item-363035\"><a href=\"\/fr\/city-hall\/human-resources\/employee-labor-relations\/handbook-directory\/resigning-retiring-and-separating-from-service\/\">D\u00e9mission, retraite et cessation de service<\/a><\/li>\n<li id=\"menu-item-363036\"><a href=\"\/fr\/city-hall\/human-resources\/employee-labor-relations\/handbook-directory\/special-awards-program\/\">Programme de prix sp\u00e9ciaux<\/a><\/li>\n<li id=\"menu-item-363037\"><a href=\"\/fr\/city-hall\/human-resources\/employee-labor-relations\/handbook-directory\/suggestion-box\/\">Bo\u00eete \u00e0 suggestions<\/a><\/li>\n<li id=\"menu-item-363038\"><a href=\"\/fr\/city-hall\/human-resources\/employee-labor-relations\/handbook-directory\/the-personnel-board\/\">Le Conseil du personnel<\/a><\/li>\n<li id=\"menu-item-363039\"><a href=\"\/fr\/city-hall\/human-resources\/employee-labor-relations\/handbook-directory\/unclassified-employees-retirement-system\/\">Syst\u00e8me de retraite des employ\u00e9s non class\u00e9s<\/a><\/li>\n<li id=\"menu-item-363040\"><a href=\"\/fr\/city-hall\/human-resources\/employee-labor-relations\/handbook-directory\/united-states-savings-bonds\/\">Obligations d&#039;\u00e9pargne des \u00c9tats-Unis<\/a><\/li>\n<li id=\"menu-item-363041\"><a href=\"\/fr\/city-hall\/human-resources\/employee-labor-relations\/handbook-directory\/welcome-aboard\/\">Bienvenue \u00e0 bord<\/a><\/li>\n<li id=\"menu-item-363042\"><a href=\"\/fr\/city-hall\/human-resources\/employee-labor-relations\/handbook-directory\/your-pay\/\">Votre salaire<\/a><\/li>\n<\/ul>\t\n\t<div class=\"page-navigation\"><a class=\"prev-page\" href=\"https:\/\/www.miamibeachfl.gov\/fr\/city-hall\/human-resources\/employee-labor-relations\/handbook-directory\/special-awards-program\/\">\u2190 Programme de prix sp\u00e9ciaux<\/a> <a class=\"next-page\" href=\"https:\/\/www.miamibeachfl.gov\/fr\/city-hall\/human-resources\/employee-labor-relations\/handbook-directory\/insurance-benefits\/\">Avantages d&#039;assurance \u2192<\/a><\/div>","protected":false},"excerpt":{"rendered":"<p>Mesures disciplinaires et appels Accueil &gt; H\u00f4tel de ville &gt; Ressources humaines &gt; Relations avec les employ\u00e9s et le travail &gt; Manuel de l&#039;employ\u00e9 &gt; [\u2026]<\/p>","protected":false},"author":222,"featured_media":0,"parent":28669,"menu_order":0,"comment_status":"closed","ping_status":"closed","template":"","meta":{"_searchwp_excluded":"","site-sidebar-layout":"default","site-content-layout":"","ast-site-content-layout":"default","site-content-style":"default","site-sidebar-style":"default","ast-global-header-display":"","ast-banner-title-visibility":"","ast-main-header-display":"","ast-hfb-above-header-display":"","ast-hfb-below-header-display":"","ast-hfb-mobile-header-display":"","site-post-title":"","ast-breadcrumbs-content":"","ast-featured-img":"","footer-sml-layout":"","theme-transparent-header-meta":"","adv-header-id-meta":"","stick-header-meta":"","header-above-stick-meta":"","header-main-stick-meta":"","header-below-stick-meta":"","astra-migrate-meta-layouts":"default","ast-page-background-enabled":"default","ast-page-background-meta":{"desktop":{"background-color":"var(--ast-global-color-5)","background-image":"","background-repeat":"repeat","background-position":"center center","background-size":"auto","background-attachment":"scroll","background-type":"","background-media":"","overlay-type":"","overlay-color":"","overlay-opacity":"","overlay-gradient":""},"tablet":{"background-color":"","background-image":"","background-repeat":"repeat","background-position":"center center","background-size":"auto","background-attachment":"scroll","background-type":"","background-media":"","overlay-type":"","overlay-color":"","overlay-opacity":"","overlay-gradient":""},"mobile":{"background-color":"","background-image":"","background-repeat":"repeat","background-position":"center center","background-size":"auto","background-attachment":"scroll","background-type":"","background-media":"","overlay-type":"","overlay-color":"","overlay-opacity":"","overlay-gradient":""}},"ast-content-background-meta":{"desktop":{"background-color":"var(--ast-global-color-4)","background-image":"","background-repeat":"repeat","background-position":"center center","background-size":"auto","background-attachment":"scroll","background-type":"","background-media":"","overlay-type":"","overlay-color":"","overlay-opacity":"","overlay-gradient":""},"tablet":{"background-color":"var(--ast-global-color-4)","background-image":"","background-repeat":"repeat","background-position":"center center","background-size":"auto","background-attachment":"scroll","background-type":"","background-media":"","overlay-type":"","overlay-color":"","overlay-opacity":"","overlay-gradient":""},"mobile":{"background-color":"var(--ast-global-color-4)","background-image":"","background-repeat":"repeat","background-position":"center center","background-size":"auto","background-attachment":"scroll","background-type":"","background-media":"","overlay-type":"","overlay-color":"","overlay-opacity":"","overlay-gradient":""}},"footnotes":""},"categories":[],"tags":[],"class_list":["post-28687","page","type-page","status-publish","hentry"],"yoast_head":"<!-- This site is optimized with the Yoast SEO Premium plugin v26.6 (Yoast SEO v26.6) - https:\/\/yoast.com\/wordpress\/plugins\/seo\/ -->\n<title>Disciplinary Actions And Appeals - City of Miami Beach<\/title>\n<meta name=\"description\" content=\"%\" \/>\n<meta name=\"robots\" content=\"index, follow, max-snippet:-1, max-image-preview:large, max-video-preview:-1\" \/>\n<link rel=\"canonical\" href=\"https:\/\/www.miamibeachfl.gov\/fr\/city-hall\/human-resources\/employee-labor-relations\/handbook-directory\/disciplinary-actions-and-appeals\/\" \/>\n<meta property=\"og:locale\" content=\"fr_FR\" \/>\n<meta property=\"og:type\" content=\"article\" \/>\n<meta property=\"og:title\" content=\"Disciplinary Actions And Appeals\" \/>\n<meta property=\"og:description\" content=\"%\" \/>\n<meta property=\"og:url\" content=\"https:\/\/www.miamibeachfl.gov\/fr\/city-hall\/human-resources\/employee-labor-relations\/handbook-directory\/disciplinary-actions-and-appeals\/\" \/>\n<meta property=\"og:site_name\" content=\"City of Miami Beach\" \/>\n<meta property=\"article:publisher\" content=\"https:\/\/www.facebook.com\/cityofmiamibeach\" \/>\n<meta property=\"article:modified_time\" content=\"2026-03-02T21:53:02+00:00\" \/>\n<meta property=\"og:image\" content=\"https:\/\/www.miamibeachfl.gov\/wp-content\/uploads\/2022\/07\/hero-small.jpg\" \/>\n<meta name=\"twitter:card\" content=\"summary_large_image\" \/>\n<meta name=\"twitter:site\" content=\"@Miamibeachnews\" \/>\n<script type=\"application\/ld+json\" class=\"yoast-schema-graph\">{\"@context\":\"https:\/\/schema.org\",\"@graph\":[{\"@type\":\"WebPage\",\"@id\":\"https:\/\/www.miamibeachfl.gov\/city-hall\/human-resources\/employee-labor-relations\/handbook-directory\/disciplinary-actions-and-appeals\/\",\"url\":\"https:\/\/www.miamibeachfl.gov\/city-hall\/human-resources\/employee-labor-relations\/handbook-directory\/disciplinary-actions-and-appeals\/\",\"name\":\"Disciplinary Actions And Appeals - City of Miami Beach\",\"isPartOf\":{\"@id\":\"https:\/\/www.miamibeachfl.gov\/#website\"},\"primaryImageOfPage\":{\"@id\":\"https:\/\/www.miamibeachfl.gov\/city-hall\/human-resources\/employee-labor-relations\/handbook-directory\/disciplinary-actions-and-appeals\/#primaryimage\"},\"image\":{\"@id\":\"https:\/\/www.miamibeachfl.gov\/city-hall\/human-resources\/employee-labor-relations\/handbook-directory\/disciplinary-actions-and-appeals\/#primaryimage\"},\"thumbnailUrl\":\"https:\/\/www.miamibeachfl.gov\/wp-content\/uploads\/2022\/07\/hero-small.jpg\",\"datePublished\":\"2017-08-11T00:07:29+00:00\",\"dateModified\":\"2026-03-02T21:53:02+00:00\",\"description\":\"%\",\"breadcrumb\":{\"@id\":\"https:\/\/www.miamibeachfl.gov\/city-hall\/human-resources\/employee-labor-relations\/handbook-directory\/disciplinary-actions-and-appeals\/#breadcrumb\"},\"inLanguage\":\"fr-FR\",\"potentialAction\":[{\"@type\":\"ReadAction\",\"target\":[\"https:\/\/www.miamibeachfl.gov\/city-hall\/human-resources\/employee-labor-relations\/handbook-directory\/disciplinary-actions-and-appeals\/\"]}]},{\"@type\":\"ImageObject\",\"inLanguage\":\"fr-FR\",\"@id\":\"https:\/\/www.miamibeachfl.gov\/city-hall\/human-resources\/employee-labor-relations\/handbook-directory\/disciplinary-actions-and-appeals\/#primaryimage\",\"url\":\"https:\/\/www.miamibeachfl.gov\/wp-content\/uploads\/2022\/07\/hero-small.jpg\",\"contentUrl\":\"https:\/\/www.miamibeachfl.gov\/wp-content\/uploads\/2022\/07\/hero-small.jpg\"},{\"@type\":\"BreadcrumbList\",\"@id\":\"https:\/\/www.miamibeachfl.gov\/city-hall\/human-resources\/employee-labor-relations\/handbook-directory\/disciplinary-actions-and-appeals\/#breadcrumb\",\"itemListElement\":[{\"@type\":\"ListItem\",\"position\":1,\"name\":\"Home\",\"item\":\"https:\/\/www.miamibeachfl.gov\/\"},{\"@type\":\"ListItem\",\"position\":2,\"name\":\"City Hall\",\"item\":\"https:\/\/www.miamibeachfl.gov\/city-hall\/\"},{\"@type\":\"ListItem\",\"position\":3,\"name\":\"Human Resources\",\"item\":\"https:\/\/www.miamibeachfl.gov\/city-hall\/human-resources\/\"},{\"@type\":\"ListItem\",\"position\":4,\"name\":\"Employee &amp; Labor Relations\",\"item\":\"https:\/\/www.miamibeachfl.gov\/city-hall\/human-resources\/employee-labor-relations\/\"},{\"@type\":\"ListItem\",\"position\":5,\"name\":\"Employee Handbook\",\"item\":\"https:\/\/www.miamibeachfl.gov\/city-hall\/human-resources\/employee-labor-relations\/handbook-directory\/\"},{\"@type\":\"ListItem\",\"position\":6,\"name\":\"Disciplinary Actions And Appeals\"}]},{\"@type\":\"WebSite\",\"@id\":\"https:\/\/www.miamibeachfl.gov\/#website\",\"url\":\"https:\/\/www.miamibeachfl.gov\/\",\"name\":\"City of Miami Beach\",\"description\":\"The official website of the City of Miami Beach. Stay informed, find important information on city services, news, alerts, events, trolley routes, government employment and more.\",\"publisher\":{\"@id\":\"https:\/\/www.miamibeachfl.gov\/#organization\"},\"potentialAction\":[{\"@type\":\"SearchAction\",\"target\":{\"@type\":\"EntryPoint\",\"urlTemplate\":\"https:\/\/www.miamibeachfl.gov\/?s={search_term_string}\"},\"query-input\":{\"@type\":\"PropertyValueSpecification\",\"valueRequired\":true,\"valueName\":\"search_term_string\"}}],\"inLanguage\":\"fr-FR\"},{\"@type\":\"Organization\",\"@id\":\"https:\/\/www.miamibeachfl.gov\/#organization\",\"name\":\"City of Miami Beach\",\"url\":\"https:\/\/www.miamibeachfl.gov\/\",\"logo\":{\"@type\":\"ImageObject\",\"inLanguage\":\"fr-FR\",\"@id\":\"https:\/\/www.miamibeachfl.gov\/#\/schema\/logo\/image\/\",\"url\":\"https:\/\/www.miamibeachfl.gov\/wp-content\/uploads\/2022\/06\/miamibeach-logoblue.png\",\"contentUrl\":\"https:\/\/www.miamibeachfl.gov\/wp-content\/uploads\/2022\/06\/miamibeach-logoblue.png\",\"width\":1962,\"height\":381,\"caption\":\"City of Miami Beach\"},\"image\":{\"@id\":\"https:\/\/www.miamibeachfl.gov\/#\/schema\/logo\/image\/\"},\"sameAs\":[\"https:\/\/www.facebook.com\/cityofmiamibeach\",\"https:\/\/x.com\/Miamibeachnews\",\"https:\/\/www.instagram.com\/miamibeachnews\/\"],\"description\":\"The official website of the City of Miami Beach. Stay informed, find important information on city services, news, alerts, events, trolley routes, government employment and more.\",\"telephone\":\"305.604.CITY(2489)\",\"legalName\":\"City of Miami Beach\"}]}<\/script>\n<!-- \/ Yoast SEO Premium plugin. -->","yoast_head_json":{"title":"Mesures disciplinaires et appels \u2013 Ville de Miami Beach","description":"%","robots":{"index":"index","follow":"follow","max-snippet":"max-snippet:-1","max-image-preview":"max-image-preview:large","max-video-preview":"max-video-preview:-1"},"canonical":"https:\/\/www.miamibeachfl.gov\/fr\/city-hall\/human-resources\/employee-labor-relations\/handbook-directory\/disciplinary-actions-and-appeals\/","og_locale":"fr_FR","og_type":"article","og_title":"Disciplinary Actions And Appeals","og_description":"%","og_url":"https:\/\/www.miamibeachfl.gov\/fr\/city-hall\/human-resources\/employee-labor-relations\/handbook-directory\/disciplinary-actions-and-appeals\/","og_site_name":"City of Miami Beach","article_publisher":"https:\/\/www.facebook.com\/cityofmiamibeach","article_modified_time":"2026-03-02T21:53:02+00:00","og_image":[{"url":"https:\/\/www.miamibeachfl.gov\/wp-content\/uploads\/2022\/07\/hero-small.jpg","type":"","width":"","height":""}],"twitter_card":"summary_large_image","twitter_site":"@Miamibeachnews","schema":{"@context":"https:\/\/schema.org","@graph":[{"@type":"WebPage","@id":"https:\/\/www.miamibeachfl.gov\/city-hall\/human-resources\/employee-labor-relations\/handbook-directory\/disciplinary-actions-and-appeals\/","url":"https:\/\/www.miamibeachfl.gov\/city-hall\/human-resources\/employee-labor-relations\/handbook-directory\/disciplinary-actions-and-appeals\/","name":"Mesures disciplinaires et appels \u2013 Ville de Miami Beach","isPartOf":{"@id":"https:\/\/www.miamibeachfl.gov\/#website"},"primaryImageOfPage":{"@id":"https:\/\/www.miamibeachfl.gov\/city-hall\/human-resources\/employee-labor-relations\/handbook-directory\/disciplinary-actions-and-appeals\/#primaryimage"},"image":{"@id":"https:\/\/www.miamibeachfl.gov\/city-hall\/human-resources\/employee-labor-relations\/handbook-directory\/disciplinary-actions-and-appeals\/#primaryimage"},"thumbnailUrl":"https:\/\/www.miamibeachfl.gov\/wp-content\/uploads\/2022\/07\/hero-small.jpg","datePublished":"2017-08-11T00:07:29+00:00","dateModified":"2026-03-02T21:53:02+00:00","description":"%","breadcrumb":{"@id":"https:\/\/www.miamibeachfl.gov\/city-hall\/human-resources\/employee-labor-relations\/handbook-directory\/disciplinary-actions-and-appeals\/#breadcrumb"},"inLanguage":"fr-FR","potentialAction":[{"@type":"ReadAction","target":["https:\/\/www.miamibeachfl.gov\/city-hall\/human-resources\/employee-labor-relations\/handbook-directory\/disciplinary-actions-and-appeals\/"]}]},{"@type":"ImageObject","inLanguage":"fr-FR","@id":"https:\/\/www.miamibeachfl.gov\/city-hall\/human-resources\/employee-labor-relations\/handbook-directory\/disciplinary-actions-and-appeals\/#primaryimage","url":"https:\/\/www.miamibeachfl.gov\/wp-content\/uploads\/2022\/07\/hero-small.jpg","contentUrl":"https:\/\/www.miamibeachfl.gov\/wp-content\/uploads\/2022\/07\/hero-small.jpg"},{"@type":"BreadcrumbList","@id":"https:\/\/www.miamibeachfl.gov\/city-hall\/human-resources\/employee-labor-relations\/handbook-directory\/disciplinary-actions-and-appeals\/#breadcrumb","itemListElement":[{"@type":"ListItem","position":1,"name":"Home","item":"https:\/\/www.miamibeachfl.gov\/"},{"@type":"ListItem","position":2,"name":"City Hall","item":"https:\/\/www.miamibeachfl.gov\/city-hall\/"},{"@type":"ListItem","position":3,"name":"Human Resources","item":"https:\/\/www.miamibeachfl.gov\/city-hall\/human-resources\/"},{"@type":"ListItem","position":4,"name":"Employee &amp; Labor Relations","item":"https:\/\/www.miamibeachfl.gov\/city-hall\/human-resources\/employee-labor-relations\/"},{"@type":"ListItem","position":5,"name":"Employee Handbook","item":"https:\/\/www.miamibeachfl.gov\/city-hall\/human-resources\/employee-labor-relations\/handbook-directory\/"},{"@type":"ListItem","position":6,"name":"Disciplinary Actions And Appeals"}]},{"@type":"WebSite","@id":"https:\/\/www.miamibeachfl.gov\/#website","url":"https:\/\/www.miamibeachfl.gov\/","name":"Ville de Miami Beach","description":"Site officiel de la ville de Miami Beach. Restez inform\u00e9 et trouvez des informations importantes sur les services municipaux, les actualit\u00e9s, les alertes, les \u00e9v\u00e9nements, les itin\u00e9raires de tramway, les emplois gouvernementaux et bien plus encore.","publisher":{"@id":"https:\/\/www.miamibeachfl.gov\/#organization"},"potentialAction":[{"@type":"SearchAction","target":{"@type":"EntryPoint","urlTemplate":"https:\/\/www.miamibeachfl.gov\/?s={search_term_string}"},"query-input":{"@type":"PropertyValueSpecification","valueRequired":true,"valueName":"search_term_string"}}],"inLanguage":"fr-FR"},{"@type":"Organization","@id":"https:\/\/www.miamibeachfl.gov\/#organization","name":"Ville de Miami Beach","url":"https:\/\/www.miamibeachfl.gov\/","logo":{"@type":"ImageObject","inLanguage":"fr-FR","@id":"https:\/\/www.miamibeachfl.gov\/#\/schema\/logo\/image\/","url":"https:\/\/www.miamibeachfl.gov\/wp-content\/uploads\/2022\/06\/miamibeach-logoblue.png","contentUrl":"https:\/\/www.miamibeachfl.gov\/wp-content\/uploads\/2022\/06\/miamibeach-logoblue.png","width":1962,"height":381,"caption":"City of Miami Beach"},"image":{"@id":"https:\/\/www.miamibeachfl.gov\/#\/schema\/logo\/image\/"},"sameAs":["https:\/\/www.facebook.com\/cityofmiamibeach","https:\/\/x.com\/Miamibeachnews","https:\/\/www.instagram.com\/miamibeachnews\/"],"description":"Site officiel de la ville de Miami Beach. Restez inform\u00e9 et trouvez des informations importantes sur les services municipaux, les actualit\u00e9s, les alertes, les \u00e9v\u00e9nements, les itin\u00e9raires de tramway, les emplois gouvernementaux et bien plus encore.","telephone":"305.604.CITY(2489)","legalName":"City of Miami Beach"}]}},"_links":{"self":[{"href":"https:\/\/www.miamibeachfl.gov\/fr\/wp-json\/wp\/v2\/pages\/28687","targetHints":{"allow":["GET"]}}],"collection":[{"href":"https:\/\/www.miamibeachfl.gov\/fr\/wp-json\/wp\/v2\/pages"}],"about":[{"href":"https:\/\/www.miamibeachfl.gov\/fr\/wp-json\/wp\/v2\/types\/page"}],"author":[{"embeddable":true,"href":"https:\/\/www.miamibeachfl.gov\/fr\/wp-json\/wp\/v2\/users\/222"}],"replies":[{"embeddable":true,"href":"https:\/\/www.miamibeachfl.gov\/fr\/wp-json\/wp\/v2\/comments?post=28687"}],"version-history":[{"count":0,"href":"https:\/\/www.miamibeachfl.gov\/fr\/wp-json\/wp\/v2\/pages\/28687\/revisions"}],"up":[{"embeddable":true,"href":"https:\/\/www.miamibeachfl.gov\/fr\/wp-json\/wp\/v2\/pages\/28669"}],"wp:attachment":[{"href":"https:\/\/www.miamibeachfl.gov\/fr\/wp-json\/wp\/v2\/media?parent=28687"}],"wp:term":[{"taxonomy":"category","embeddable":true,"href":"https:\/\/www.miamibeachfl.gov\/fr\/wp-json\/wp\/v2\/categories?post=28687"},{"taxonomy":"post_tag","embeddable":true,"href":"https:\/\/www.miamibeachfl.gov\/fr\/wp-json\/wp\/v2\/tags?post=28687"}],"curies":[{"name":"wp","href":"https:\/\/api.w.org\/{rel}","templated":true}]}}