{"id":28721,"date":"2017-08-11T00:07:49","date_gmt":"2017-08-11T00:07:49","guid":{"rendered":"http:\/\/www.miamibeachfl.gov\/city-hall\/human-resources\/employee-labor-relations\/policy-directory\/drug-free-awareness-program\/"},"modified":"2026-03-30T13:47:45","modified_gmt":"2026-03-30T17:47:45","slug":"drug-free-awareness-program","status":"publish","type":"page","link":"https:\/\/www.miamibeachfl.gov\/fr\/city-hall\/human-resources\/employee-labor-relations\/policy-directory\/drug-free-awareness-program\/","title":{"rendered":"Programme de sensibilisation \u00e0 la lutte contre la drogue"},"content":{"rendered":"<img decoding=\"async\" src=\"https:\/\/www.miamibeachfl.gov\/wp-content\/uploads\/2022\/07\/hero-small.jpg\" alt=\"ocean drive art deco buildings\" itemprop=\"image\" height=\"211\" width=\"2395\" title=\"petit h\u00e9ros\" onerror=\"this.style.display='none'\" loading=\"lazy\" \/>\n<h1>\n\t\t\tProgramme de sensibilisation \u00e0 la lutte contre la drogue\t<\/h1>\n\t<nav id=\"breadcrumbs\" aria-label=\"Fil d&#039;Ariane\"><a href=\"https:\/\/www.miamibeachfl.gov\/fr\/\">Maison<\/a> &gt; <a href=\"https:\/\/www.miamibeachfl.gov\/fr\/city-hall\/\">l&#039;h\u00f4tel de ville<\/a> &gt; <a href=\"https:\/\/www.miamibeachfl.gov\/fr\/city-hall\/human-resources\/\">Ressources humaines<\/a> &gt; <a href=\"https:\/\/www.miamibeachfl.gov\/fr\/city-hall\/human-resources\/employee-labor-relations\/\">Relations avec les employ\u00e9s et le travail<\/a> &gt; <a href=\"https:\/\/www.miamibeachfl.gov\/fr\/city-hall\/human-resources\/employee-labor-relations\/policy-directory\/\">R\u00e9pertoire des politiques<\/a> &gt; <strong>Programme de sensibilisation \u00e0 la lutte contre la drogue<\/strong><\/nav>\n\t<p>La Ville s&#039;engage \u00e0 offrir un environnement s\u00e9curitaire \u00e0 ses employ\u00e9s, \u00e0 ses visiteurs et au grand public. Elle veille \u00e9galement \u00e0 la protection de ses biens et \u00e0 l&#039;interdiction, sur le lieu de travail, de toute influence susceptible de nuire \u00e0 la s\u00e9curit\u00e9 et \u00e0 la performance. Voici un r\u00e9sum\u00e9 des dispositions du Programme municipal de sensibilisation \u00e0 la lutte contre la drogue. Ce document vise \u00e0 assurer une compr\u00e9hension compl\u00e8te du programme et des cons\u00e9quences du non-respect par les employ\u00e9s. La Ville n&#039;a pas l&#039;intention de porter atteinte \u00e0 la vie priv\u00e9e des personnes.<\/p>\n<p>L&#039;objectif est simplement de garantir le respect de la loi et de pr\u00e9venir toute situation potentiellement dangereuse ou dangereuse susceptible de nuire au rendement au travail et \u00e0 la s\u00e9curit\u00e9, ou de compromettre la s\u00e9curit\u00e9 des autres employ\u00e9s, du public ou des biens de la Ville. Nous reconnaissons \u00e9galement que l&#039;abus de drogues ou d&#039;alcool peut constituer un probl\u00e8me m\u00e9dical grave et soutenons des mesures de traitement appropri\u00e9es dans certains cas. Pour toute question concernant l&#039;un ou l&#039;autre aspect du programme, veuillez contacter votre superviseur ou le service des ressources humaines.<\/p>\n<ul>\n<li>La participation des employ\u00e9s \u00e0 la vente, \u00e0 l\u2019achat, au transfert, \u00e0 la fabrication, \u00e0 l\u2019utilisation ou \u00e0 la possession de drogues ill\u00e9gales, de stup\u00e9fiants ou d\u2019autres substances et mat\u00e9riaux ill\u00e9gaux dans les locaux ou lors de l\u2019exercice d\u2019activit\u00e9s pour la Ville est interdite par la loi ainsi que par les r\u00e8gles de conduite des employ\u00e9s relatives \u00e0 la toxicomanie.<\/li>\n<li>\u00a0Conform\u00e9ment \u00e0 la Loi sur les lieux de travail sans drogue de 1988, tout employ\u00e9 fournissant des services \u00e0 la Ville doit, comme condition d&#039;emploi, signaler au service des ressources humaines de la Ville toute condamnation p\u00e9nale pour activit\u00e9 li\u00e9e \u00e0 la drogue sur le lieu de travail ou dans l&#039;exercice de ses fonctions. Cette notification doit \u00eatre effectu\u00e9e dans les cinq jours suivant la condamnation.<\/li>\n<li>Les locaux de la Ville d\u00e9signent tous les terrains, propri\u00e9t\u00e9s, b\u00e2timents, structures, installations, bateaux, a\u00e9ronefs et v\u00e9hicules appartenant \u00e0 la Ville ou lou\u00e9s \u00e0 celle-ci ou utilis\u00e9s autrement pour mener ses activit\u00e9s.<\/li>\n<li>The City recognizes that drug or alcohol misuse is a serious problem, and supports sound treatment efforts.\u00a0 Employee assistance is available from the City&#8217;s Employee Assistance Program (EAP) for employees with drug or alcohol problems.\u00a0 When\u00a0an employee contacts the EAP Coordinator on a voluntary, self-referred basis, any information concerning the employee&#8217;s condition will not be disclosed by the Coordinator and such information will remain confidential. The availability of assistance should not, however, be construed as condoning any form of substance abuse nor should it be interpreted as constituting a waiver of the City&#8217;s right to maintain discipline and a safe environment or to respond to unsatisfactory job performance or other problems that may result from substance abuse.\u00a0 Employees should contact Cigna Employee Assistance at 877.622.4327 for\u00a0an appointment with an Employee Assistance Coordinator.<\/li>\n<li>Si un employ\u00e9 enfreint le PROGRAMME DE SENSIBILISATION SANS DROGUE, il sera soumis \u00e0 des mesures disciplinaires appropri\u00e9es, y compris le licenciement de l&#039;emploi de la Ville et un \u00e9ventuel renvoi aux forces de l&#039;ordre.<\/li>\n<\/ul>\n\t\tAcc\u00e9der \u00e0\u2026\t\t\t\n\t\t\t\t\t<ul id=\"menu-hr-policy-directory\"><li id=\"menu-item-363145\"><a href=\"\/fr\/city-hall\/human-resources\/employee-labor-relations\/policy-directory\/americans-with-disabilities-act-compliance\/\">Conformit\u00e9 ADA<\/a><\/li>\n<li id=\"menu-item-363146\"><a href=\"\/fr\/city-hall\/human-resources\/employee-labor-relations\/policy-directory\/ada-grievance-procedure\/\">Proc\u00e9dure de r\u00e9clamation ADA<\/a><\/li>\n<li id=\"menu-item-363147\"><a href=\"\/fr\/city-hall\/human-resources\/employee-labor-relations\/policy-directory\/attendance\/\">Politiques de pr\u00e9sence<\/a><\/li>\n<li id=\"menu-item-363148\"><a href=\"\/fr\/city-hall\/human-resources\/employee-labor-relations\/policy-directory\/city-vehicles-and-equipment\/\">V\u00e9hicules et \u00e9quipements urbains<\/a><\/li>\n<li id=\"menu-item-363149\"><a href=\"\/fr\/city-hall\/human-resources\/employee-labor-relations\/policy-directory\/discrimination-complaint-procedure\/\">Proc\u00e9dure de plainte pour discrimination<\/a><\/li>\n<li id=\"menu-item-363150\"><a href=\"\/fr\/city-hall\/human-resources\/employee-labor-relations\/policy-directory\/diversity-management-sexual-harassment-awareness\/\">Gestion de la diversit\u00e9 Sensibilisation au harc\u00e8lement sexuel<\/a><\/li>\n<li id=\"menu-item-363151\"><a href=\"\/fr\/city-hall\/human-resources\/employee-labor-relations\/policy-directory\/drug-and-alcohol-misuse-prevention\/\">Pr\u00e9vention de l&#039;abus de drogues et d&#039;alcool<\/a><\/li>\n<li id=\"menu-item-363152\"><a href=\"\/fr\/city-hall\/human-resources\/employee-labor-relations\/policy-directory\/drug-free-awareness-program\/\">Programme de sensibilisation \u00e0 la lutte contre la drogue<\/a><\/li>\n<li id=\"menu-item-363153\"><a href=\"\/fr\/city-hall\/human-resources\/employee-labor-relations\/policy-directory\/family-and-medical-leave\/\">Cong\u00e9 familial et m\u00e9dical<\/a><\/li>\n<li id=\"menu-item-363154\"><a href=\"\/fr\/city-hall\/human-resources\/employee-labor-relations\/policy-directory\/smoke-free-workplace\/\">Lieu de travail sans fum\u00e9e<\/a><\/li>\n<li id=\"menu-item-363155\"><a href=\"\/fr\/city-hall\/human-resources\/employee-labor-relations\/policy-directory\/work-rules\/\">R\u00e8gles de travail<\/a><\/li>\n<li id=\"menu-item-363156\"><a href=\"\/fr\/city-hall\/human-resources\/employee-labor-relations\/policy-directory\/workers-compensation-guidelines\/\">Lignes directrices sur l&#039;indemnisation des accidents du travail<\/a><\/li>\n<\/ul>\t\n\t<div class=\"page-navigation\"><a class=\"prev-page\" href=\"https:\/\/www.miamibeachfl.gov\/fr\/city-hall\/human-resources\/employee-labor-relations\/policy-directory\/diversity-management-sexual-harassment-awareness\/\">\u2190 Gestion de la diversit\u00e9 Sensibilisation au harc\u00e8lement sexuel<\/a> <a class=\"next-page\" href=\"https:\/\/www.miamibeachfl.gov\/fr\/city-hall\/human-resources\/employee-labor-relations\/policy-directory\/drug-and-alcohol-misuse-prevention\/\">Pr\u00e9vention de l&#039;abus de drogues et d&#039;alcool \u2192<\/a><\/div>","protected":false},"excerpt":{"rendered":"<p>Drug Free Awareness Program Home &gt; City Hall &gt; Human Resources &gt; Employee &amp; Labor Relations &gt; Policy Directory &gt; [&hellip;]<\/p>\n","protected":false},"author":222,"featured_media":0,"parent":28713,"menu_order":0,"comment_status":"closed","ping_status":"closed","template":"","meta":{"_searchwp_excluded":"","site-sidebar-layout":"default","site-content-layout":"","ast-site-content-layout":"default","site-content-style":"default","site-sidebar-style":"default","ast-global-header-display":"","ast-banner-title-visibility":"","ast-main-header-display":"","ast-hfb-above-header-display":"","ast-hfb-below-header-display":"","ast-hfb-mobile-header-display":"","site-post-title":"","ast-breadcrumbs-content":"","ast-featured-img":"","footer-sml-layout":"","theme-transparent-header-meta":"","adv-header-id-meta":"","stick-header-meta":"","header-above-stick-meta":"","header-main-stick-meta":"","header-below-stick-meta":"","astra-migrate-meta-layouts":"default","ast-page-background-enabled":"default","ast-page-background-meta":{"desktop":{"background-color":"var(--ast-global-color-5)","background-image":"","background-repeat":"repeat","background-position":"center center","background-size":"auto","background-attachment":"scroll","background-type":"","background-media":"","overlay-type":"","overlay-color":"","overlay-opacity":"","overlay-gradient":""},"tablet":{"background-color":"","background-image":"","background-repeat":"repeat","background-position":"center center","background-size":"auto","background-attachment":"scroll","background-type":"","background-media":"","overlay-type":"","overlay-color":"","overlay-opacity":"","overlay-gradient":""},"mobile":{"background-color":"","background-image":"","background-repeat":"repeat","background-position":"center center","background-size":"auto","background-attachment":"scroll","background-type":"","background-media":"","overlay-type":"","overlay-color":"","overlay-opacity":"","overlay-gradient":""}},"ast-content-background-meta":{"desktop":{"background-color":"var(--ast-global-color-4)","background-image":"","background-repeat":"repeat","background-position":"center center","background-size":"auto","background-attachment":"scroll","background-type":"","background-media":"","overlay-type":"","overlay-color":"","overlay-opacity":"","overlay-gradient":""},"tablet":{"background-color":"var(--ast-global-color-4)","background-image":"","background-repeat":"repeat","background-position":"center center","background-size":"auto","background-attachment":"scroll","background-type":"","background-media":"","overlay-type":"","overlay-color":"","overlay-opacity":"","overlay-gradient":""},"mobile":{"background-color":"var(--ast-global-color-4)","background-image":"","background-repeat":"repeat","background-position":"center center","background-size":"auto","background-attachment":"scroll","background-type":"","background-media":"","overlay-type":"","overlay-color":"","overlay-opacity":"","overlay-gradient":""}},"footnotes":""},"categories":[],"tags":[],"class_list":["post-28721","page","type-page","status-publish","hentry"],"yoast_head":"<!-- This site is optimized with the Yoast SEO Premium plugin v27.4 (Yoast SEO v27.4) - https:\/\/yoast.com\/product\/yoast-seo-premium-wordpress\/ -->\n<title>Drug Free Awareness Program - City of Miami Beach<\/title>\n<meta name=\"description\" content=\"%\" \/>\n<meta name=\"robots\" content=\"index, follow, max-snippet:-1, max-image-preview:large, max-video-preview:-1\" \/>\n<link rel=\"canonical\" href=\"https:\/\/www.miamibeachfl.gov\/fr\/city-hall\/human-resources\/employee-labor-relations\/policy-directory\/drug-free-awareness-program\/\" \/>\n<meta property=\"og:locale\" content=\"fr_FR\" \/>\n<meta property=\"og:type\" content=\"article\" \/>\n<meta property=\"og:title\" content=\"Drug Free Awareness Program\" \/>\n<meta property=\"og:description\" content=\"%\" \/>\n<meta property=\"og:url\" content=\"https:\/\/www.miamibeachfl.gov\/fr\/city-hall\/human-resources\/employee-labor-relations\/policy-directory\/drug-free-awareness-program\/\" \/>\n<meta property=\"og:site_name\" content=\"City of Miami Beach\" \/>\n<meta property=\"article:publisher\" content=\"https:\/\/www.facebook.com\/cityofmiamibeach\" \/>\n<meta property=\"article:modified_time\" content=\"2026-03-30T17:47:45+00:00\" \/>\n<meta property=\"og:image\" content=\"https:\/\/www.miamibeachfl.gov\/wp-content\/uploads\/2022\/07\/hero-small.jpg\" \/>\n<meta name=\"twitter:card\" content=\"summary_large_image\" \/>\n<meta name=\"twitter:site\" content=\"@Miamibeachnews\" \/>\n<script type=\"application\/ld+json\" class=\"yoast-schema-graph\">{\"@context\":\"https:\\\/\\\/schema.org\",\"@graph\":[{\"@type\":\"WebPage\",\"@id\":\"https:\\\/\\\/www.miamibeachfl.gov\\\/city-hall\\\/human-resources\\\/employee-labor-relations\\\/policy-directory\\\/drug-free-awareness-program\\\/\",\"url\":\"https:\\\/\\\/www.miamibeachfl.gov\\\/city-hall\\\/human-resources\\\/employee-labor-relations\\\/policy-directory\\\/drug-free-awareness-program\\\/\",\"name\":\"Drug Free Awareness Program - City of Miami Beach\",\"isPartOf\":{\"@id\":\"https:\\\/\\\/www.miamibeachfl.gov\\\/#website\"},\"primaryImageOfPage\":{\"@id\":\"https:\\\/\\\/www.miamibeachfl.gov\\\/city-hall\\\/human-resources\\\/employee-labor-relations\\\/policy-directory\\\/drug-free-awareness-program\\\/#primaryimage\"},\"image\":{\"@id\":\"https:\\\/\\\/www.miamibeachfl.gov\\\/city-hall\\\/human-resources\\\/employee-labor-relations\\\/policy-directory\\\/drug-free-awareness-program\\\/#primaryimage\"},\"thumbnailUrl\":\"https:\\\/\\\/www.miamibeachfl.gov\\\/wp-content\\\/uploads\\\/2022\\\/07\\\/hero-small.jpg\",\"datePublished\":\"2017-08-11T00:07:49+00:00\",\"dateModified\":\"2026-03-30T17:47:45+00:00\",\"description\":\"%\",\"breadcrumb\":{\"@id\":\"https:\\\/\\\/www.miamibeachfl.gov\\\/city-hall\\\/human-resources\\\/employee-labor-relations\\\/policy-directory\\\/drug-free-awareness-program\\\/#breadcrumb\"},\"inLanguage\":\"fr-FR\",\"potentialAction\":[{\"@type\":\"ReadAction\",\"target\":[\"https:\\\/\\\/www.miamibeachfl.gov\\\/city-hall\\\/human-resources\\\/employee-labor-relations\\\/policy-directory\\\/drug-free-awareness-program\\\/\"]}]},{\"@type\":\"ImageObject\",\"inLanguage\":\"fr-FR\",\"@id\":\"https:\\\/\\\/www.miamibeachfl.gov\\\/city-hall\\\/human-resources\\\/employee-labor-relations\\\/policy-directory\\\/drug-free-awareness-program\\\/#primaryimage\",\"url\":\"https:\\\/\\\/www.miamibeachfl.gov\\\/wp-content\\\/uploads\\\/2022\\\/07\\\/hero-small.jpg\",\"contentUrl\":\"https:\\\/\\\/www.miamibeachfl.gov\\\/wp-content\\\/uploads\\\/2022\\\/07\\\/hero-small.jpg\"},{\"@type\":\"BreadcrumbList\",\"@id\":\"https:\\\/\\\/www.miamibeachfl.gov\\\/city-hall\\\/human-resources\\\/employee-labor-relations\\\/policy-directory\\\/drug-free-awareness-program\\\/#breadcrumb\",\"itemListElement\":[{\"@type\":\"ListItem\",\"position\":1,\"name\":\"Home\",\"item\":\"https:\\\/\\\/www.miamibeachfl.gov\\\/\"},{\"@type\":\"ListItem\",\"position\":2,\"name\":\"City Hall\",\"item\":\"https:\\\/\\\/www.miamibeachfl.gov\\\/city-hall\\\/\"},{\"@type\":\"ListItem\",\"position\":3,\"name\":\"Human Resources\",\"item\":\"https:\\\/\\\/www.miamibeachfl.gov\\\/city-hall\\\/human-resources\\\/\"},{\"@type\":\"ListItem\",\"position\":4,\"name\":\"Employee &amp; Labor Relations\",\"item\":\"https:\\\/\\\/www.miamibeachfl.gov\\\/city-hall\\\/human-resources\\\/employee-labor-relations\\\/\"},{\"@type\":\"ListItem\",\"position\":5,\"name\":\"Policy Directory\",\"item\":\"https:\\\/\\\/www.miamibeachfl.gov\\\/city-hall\\\/human-resources\\\/employee-labor-relations\\\/policy-directory\\\/\"},{\"@type\":\"ListItem\",\"position\":6,\"name\":\"Drug Free Awareness Program\"}]},{\"@type\":\"WebSite\",\"@id\":\"https:\\\/\\\/www.miamibeachfl.gov\\\/#website\",\"url\":\"https:\\\/\\\/www.miamibeachfl.gov\\\/\",\"name\":\"City of Miami Beach\",\"description\":\"The official website of the City of Miami Beach. Stay informed, find important information on city services, news, alerts, events, trolley routes, government employment and more.\",\"publisher\":{\"@id\":\"https:\\\/\\\/www.miamibeachfl.gov\\\/#organization\"},\"potentialAction\":[{\"@type\":\"SearchAction\",\"target\":{\"@type\":\"EntryPoint\",\"urlTemplate\":\"https:\\\/\\\/www.miamibeachfl.gov\\\/?s={search_term_string}\"},\"query-input\":{\"@type\":\"PropertyValueSpecification\",\"valueRequired\":true,\"valueName\":\"search_term_string\"}}],\"inLanguage\":\"fr-FR\"},{\"@type\":\"Organization\",\"@id\":\"https:\\\/\\\/www.miamibeachfl.gov\\\/#organization\",\"name\":\"City of Miami Beach\",\"url\":\"https:\\\/\\\/www.miamibeachfl.gov\\\/\",\"logo\":{\"@type\":\"ImageObject\",\"inLanguage\":\"fr-FR\",\"@id\":\"https:\\\/\\\/www.miamibeachfl.gov\\\/#\\\/schema\\\/logo\\\/image\\\/\",\"url\":\"https:\\\/\\\/www.miamibeachfl.gov\\\/wp-content\\\/uploads\\\/2022\\\/06\\\/miamibeach-logoblue.png\",\"contentUrl\":\"https:\\\/\\\/www.miamibeachfl.gov\\\/wp-content\\\/uploads\\\/2022\\\/06\\\/miamibeach-logoblue.png\",\"width\":1962,\"height\":381,\"caption\":\"City of Miami Beach\"},\"image\":{\"@id\":\"https:\\\/\\\/www.miamibeachfl.gov\\\/#\\\/schema\\\/logo\\\/image\\\/\"},\"sameAs\":[\"https:\\\/\\\/www.facebook.com\\\/cityofmiamibeach\",\"https:\\\/\\\/x.com\\\/Miamibeachnews\",\"https:\\\/\\\/www.instagram.com\\\/miamibeachnews\\\/\"],\"description\":\"The official website of the City of Miami Beach. Stay informed, find important information on city services, news, alerts, events, trolley routes, government employment and more.\",\"telephone\":\"305.604.CITY(2489)\",\"legalName\":\"City of Miami Beach\"}]}<\/script>\n<!-- \/ Yoast SEO Premium plugin. -->","yoast_head_json":{"title":"Programme de sensibilisation \u00e0 la lutte contre la drogue - Ville de Miami Beach","description":"%","robots":{"index":"index","follow":"follow","max-snippet":"max-snippet:-1","max-image-preview":"max-image-preview:large","max-video-preview":"max-video-preview:-1"},"canonical":"https:\/\/www.miamibeachfl.gov\/fr\/city-hall\/human-resources\/employee-labor-relations\/policy-directory\/drug-free-awareness-program\/","og_locale":"fr_FR","og_type":"article","og_title":"Drug Free Awareness Program","og_description":"%","og_url":"https:\/\/www.miamibeachfl.gov\/fr\/city-hall\/human-resources\/employee-labor-relations\/policy-directory\/drug-free-awareness-program\/","og_site_name":"City of Miami Beach","article_publisher":"https:\/\/www.facebook.com\/cityofmiamibeach","article_modified_time":"2026-03-30T17:47:45+00:00","og_image":[{"url":"https:\/\/www.miamibeachfl.gov\/wp-content\/uploads\/2022\/07\/hero-small.jpg","type":"","width":"","height":""}],"twitter_card":"summary_large_image","twitter_site":"@Miamibeachnews","schema":{"@context":"https:\/\/schema.org","@graph":[{"@type":"WebPage","@id":"https:\/\/www.miamibeachfl.gov\/city-hall\/human-resources\/employee-labor-relations\/policy-directory\/drug-free-awareness-program\/","url":"https:\/\/www.miamibeachfl.gov\/city-hall\/human-resources\/employee-labor-relations\/policy-directory\/drug-free-awareness-program\/","name":"Programme de sensibilisation \u00e0 la lutte contre la drogue - Ville de Miami Beach","isPartOf":{"@id":"https:\/\/www.miamibeachfl.gov\/#website"},"primaryImageOfPage":{"@id":"https:\/\/www.miamibeachfl.gov\/city-hall\/human-resources\/employee-labor-relations\/policy-directory\/drug-free-awareness-program\/#primaryimage"},"image":{"@id":"https:\/\/www.miamibeachfl.gov\/city-hall\/human-resources\/employee-labor-relations\/policy-directory\/drug-free-awareness-program\/#primaryimage"},"thumbnailUrl":"https:\/\/www.miamibeachfl.gov\/wp-content\/uploads\/2022\/07\/hero-small.jpg","datePublished":"2017-08-11T00:07:49+00:00","dateModified":"2026-03-30T17:47:45+00:00","description":"%","breadcrumb":{"@id":"https:\/\/www.miamibeachfl.gov\/city-hall\/human-resources\/employee-labor-relations\/policy-directory\/drug-free-awareness-program\/#breadcrumb"},"inLanguage":"fr-FR","potentialAction":[{"@type":"ReadAction","target":["https:\/\/www.miamibeachfl.gov\/city-hall\/human-resources\/employee-labor-relations\/policy-directory\/drug-free-awareness-program\/"]}]},{"@type":"ImageObject","inLanguage":"fr-FR","@id":"https:\/\/www.miamibeachfl.gov\/city-hall\/human-resources\/employee-labor-relations\/policy-directory\/drug-free-awareness-program\/#primaryimage","url":"https:\/\/www.miamibeachfl.gov\/wp-content\/uploads\/2022\/07\/hero-small.jpg","contentUrl":"https:\/\/www.miamibeachfl.gov\/wp-content\/uploads\/2022\/07\/hero-small.jpg"},{"@type":"BreadcrumbList","@id":"https:\/\/www.miamibeachfl.gov\/city-hall\/human-resources\/employee-labor-relations\/policy-directory\/drug-free-awareness-program\/#breadcrumb","itemListElement":[{"@type":"ListItem","position":1,"name":"Home","item":"https:\/\/www.miamibeachfl.gov\/"},{"@type":"ListItem","position":2,"name":"City Hall","item":"https:\/\/www.miamibeachfl.gov\/city-hall\/"},{"@type":"ListItem","position":3,"name":"Human Resources","item":"https:\/\/www.miamibeachfl.gov\/city-hall\/human-resources\/"},{"@type":"ListItem","position":4,"name":"Employee &amp; Labor Relations","item":"https:\/\/www.miamibeachfl.gov\/city-hall\/human-resources\/employee-labor-relations\/"},{"@type":"ListItem","position":5,"name":"Policy Directory","item":"https:\/\/www.miamibeachfl.gov\/city-hall\/human-resources\/employee-labor-relations\/policy-directory\/"},{"@type":"ListItem","position":6,"name":"Drug Free Awareness Program"}]},{"@type":"WebSite","@id":"https:\/\/www.miamibeachfl.gov\/#website","url":"https:\/\/www.miamibeachfl.gov\/","name":"Ville de Miami Beach","description":"Site officiel de la ville de Miami Beach. Restez inform\u00e9 et trouvez des informations importantes sur les services municipaux, les actualit\u00e9s, les alertes, les \u00e9v\u00e9nements, les itin\u00e9raires de tramway, les emplois gouvernementaux et bien plus encore.","publisher":{"@id":"https:\/\/www.miamibeachfl.gov\/#organization"},"potentialAction":[{"@type":"SearchAction","target":{"@type":"EntryPoint","urlTemplate":"https:\/\/www.miamibeachfl.gov\/?s={search_term_string}"},"query-input":{"@type":"PropertyValueSpecification","valueRequired":true,"valueName":"search_term_string"}}],"inLanguage":"fr-FR"},{"@type":"Organization","@id":"https:\/\/www.miamibeachfl.gov\/#organization","name":"Ville de Miami Beach","url":"https:\/\/www.miamibeachfl.gov\/","logo":{"@type":"ImageObject","inLanguage":"fr-FR","@id":"https:\/\/www.miamibeachfl.gov\/#\/schema\/logo\/image\/","url":"https:\/\/www.miamibeachfl.gov\/wp-content\/uploads\/2022\/06\/miamibeach-logoblue.png","contentUrl":"https:\/\/www.miamibeachfl.gov\/wp-content\/uploads\/2022\/06\/miamibeach-logoblue.png","width":1962,"height":381,"caption":"City of Miami Beach"},"image":{"@id":"https:\/\/www.miamibeachfl.gov\/#\/schema\/logo\/image\/"},"sameAs":["https:\/\/www.facebook.com\/cityofmiamibeach","https:\/\/x.com\/Miamibeachnews","https:\/\/www.instagram.com\/miamibeachnews\/"],"description":"Site officiel de la ville de Miami Beach. Restez inform\u00e9 et trouvez des informations importantes sur les services municipaux, les actualit\u00e9s, les alertes, les \u00e9v\u00e9nements, les itin\u00e9raires de tramway, les emplois gouvernementaux et bien plus encore.","telephone":"305.604.CITY(2489)","legalName":"City of Miami Beach"}]}},"_links":{"self":[{"href":"https:\/\/www.miamibeachfl.gov\/fr\/wp-json\/wp\/v2\/pages\/28721","targetHints":{"allow":["GET"]}}],"collection":[{"href":"https:\/\/www.miamibeachfl.gov\/fr\/wp-json\/wp\/v2\/pages"}],"about":[{"href":"https:\/\/www.miamibeachfl.gov\/fr\/wp-json\/wp\/v2\/types\/page"}],"author":[{"embeddable":true,"href":"https:\/\/www.miamibeachfl.gov\/fr\/wp-json\/wp\/v2\/users\/222"}],"replies":[{"embeddable":true,"href":"https:\/\/www.miamibeachfl.gov\/fr\/wp-json\/wp\/v2\/comments?post=28721"}],"version-history":[{"count":2,"href":"https:\/\/www.miamibeachfl.gov\/fr\/wp-json\/wp\/v2\/pages\/28721\/revisions"}],"predecessor-version":[{"id":398010,"href":"https:\/\/www.miamibeachfl.gov\/fr\/wp-json\/wp\/v2\/pages\/28721\/revisions\/398010"}],"up":[{"embeddable":true,"href":"https:\/\/www.miamibeachfl.gov\/fr\/wp-json\/wp\/v2\/pages\/28713"}],"wp:attachment":[{"href":"https:\/\/www.miamibeachfl.gov\/fr\/wp-json\/wp\/v2\/media?parent=28721"}],"wp:term":[{"taxonomy":"category","embeddable":true,"href":"https:\/\/www.miamibeachfl.gov\/fr\/wp-json\/wp\/v2\/categories?post=28721"},{"taxonomy":"post_tag","embeddable":true,"href":"https:\/\/www.miamibeachfl.gov\/fr\/wp-json\/wp\/v2\/tags?post=28721"}],"curies":[{"name":"wp","href":"https:\/\/api.w.org\/{rel}","templated":true}]}}