{"id":28732,"date":"2017-08-11T00:07:55","date_gmt":"2017-08-11T00:07:55","guid":{"rendered":"http:\/\/www.miamibeachfl.gov\/city-hall\/information-technology\/mobile-apps\/"},"modified":"2025-06-20T14:02:25","modified_gmt":"2025-06-20T18:02:25","slug":"mobile-apps","status":"publish","type":"page","link":"https:\/\/www.miamibeachfl.gov\/fr\/mobile-apps\/","title":{"rendered":"Applications mobiles"},"content":{"rendered":"<h2>\n\t\t\tApplications mobiles de Miami Beach\t<\/h2>\n<h2>\n\t\t\tApplications de stationnement\t<\/h2>\n\t\t\t\t<img decoding=\"async\" src=\"https:\/\/www.miamibeachfl.gov\/wp-content\/uploads\/2023\/07\/parkmobile-parking-logo.png\" alt=\"parkmobile-parking-logo\" title=\"logo-parkmobile-parking\" itemprop=\"image\"\/>\n\t\t<h3>Application ParkMobile<\/h3>\t\t\t\n\t<p>ParkMobile propose une nouvelle fa\u00e7on plus efficace de payer son stationnement depuis son t\u00e9l\u00e9phone portable. Avec l&#039;application mobile ParkMobile, d\u00e9marrer sa transaction de stationnement ne prend que quelques secondes. Si vous conduisez un v\u00e9hicule diff\u00e9rent de celui enregistr\u00e9, vous pouvez rapidement modifier le num\u00e9ro de plaque et activer votre session de stationnement. Vous pouvez \u00e9galement choisir de recevoir une notification push 15 minutes avant l&#039;expiration de votre stationnement. Vous pouvez \u00e9galement payer votre stationnement en appelant ParkMobile au\u00a0: <a href=\"tel:18777275714\">1-877-727-5714.<\/a><\/p>\n\t<a href=\"https:\/\/www2.paybyphone.com\/park-in-miami-beach\" target=\"_blank\" rel=\"noopener\" aria-label=\"Acc\u00e9dez \u00e0 https:\/\/www2.paybyphone.com\/park-in-miami-beach\"><\/a>\n\t\t\t\t<img decoding=\"async\" src=\"https:\/\/www.miamibeachfl.gov\/wp-content\/uploads\/2023\/10\/paybyphonelogo.png\" alt=\"paybyphone\" title=\"logo de paiement par t\u00e9l\u00e9phone\" itemprop=\"image\"\/>\n\t\t<h3>Payer par t\u00e9l\u00e9phone<\/h3>\t\t\t\n\t<strong>Payez votre stationnement avec l&#039;application PayByPhone \u00e0 Miami Beach !<\/strong><br \/>\nPayByPhone vous permet de payer votre stationnement en quelques secondes dans nos parkings. L&#039;application est une solution enti\u00e8rement sans esp\u00e8ces, vous avertit lorsque votre stationnement arrive \u00e0 expiration et vous permet m\u00eame de prolonger votre temps de stationnement o\u00f9 que vous soyez\u00a0! PayByPhone est pratique, simple et s\u00e9curis\u00e9.\n<h2>\n\t\t\tAutres applications\t<\/h2>\n\t\t\t\t<img decoding=\"async\" src=\"https:\/\/www.miamibeachfl.gov\/wp-content\/uploads\/2017\/08\/smalln-197.jpg\" alt=\"smalln-197\" title=\"smalln-197\" itemprop=\"image\"\/>\n\t\t<h3>Informations sur Miami Beach<\/h3>\t\t\t\n\t<p>L&#039;application Miami Beach Visitor and Convention Authority permet de visualiser les entreprises, les restaurants, les points d&#039;int\u00e9r\u00eat et les \u00e9v\u00e9nements autour de la r\u00e9gion de Miami Beach.<\/p>\n\t\t\t\t<img decoding=\"async\" src=\"https:\/\/www.miamibeachfl.gov\/wp-content\/uploads\/2023\/11\/MBtoursapp.webp\" alt=\"MBtoursapp\" title=\"MBtoursapp\" itemprop=\"image\"\/>\n\t\t<h3>D\u00e9couvrez Miami Beach Tours<\/h3>\t\t\t\n\t<p>Miami Beach est fi\u00e8re d&#039;\u00eatre un p\u00f4le artistique et culturel reconnu internationalement pour son exceptionnelle collection d&#039;exp\u00e9riences interactives et immersives. Avec plus de 15 mus\u00e9es et institutions culturelles de renomm\u00e9e mondiale, allant de l&#039;art moderne et contemporain aux \u0153uvres expos\u00e9es dans l&#039;espace public, les visiteurs peuvent facilement d\u00e9couvrir les talents cr\u00e9atifs et les communaut\u00e9s qui composent Miami Beach.<\/p>\n<p>Gr\u00e2ce \u00e0 l&#039;application EXP Miami Beach Tours, d\u00e9velopp\u00e9e par la Miami Beach Visitor and Convention Authority, les utilisateurs peuvent d\u00e9couvrir des visites \u00e0 pied et des itin\u00e9raires organis\u00e9s d\u00e9di\u00e9s \u00e0 la pr\u00e9sentation des nombreuses merveilles de Miami Beach, notamment l&#039;art dans les lieux publics, les cinq meilleurs sites LGBTQ, la visite de la vie nocturne LGBTQ, l&#039;art cach\u00e9, une journ\u00e9e \u00e0 l&#039;int\u00e9rieur des merveilles architecturales de Miami Beach, l&#039;art public et l&#039;histoire embl\u00e9matique de Miami Beach et la visite artistique \u00e0 l&#039;ext\u00e9rieur du Bass.<\/p>\n\t\t\t\t<img decoding=\"async\" src=\"https:\/\/www.miamibeachfl.gov\/wp-content\/uploads\/2017\/08\/logo_sm_mdtransitn-1849.jpg\" alt=\"logo_sm_mdtransitn-1849\" title=\"logo_sm_mdtransitn-1849\" itemprop=\"image\"\/>\n\t\t<h3>Application de transport en commun de Miami-Dade<\/h3>\t\t\t\n\t<p>Utilisez cette application mobile pour vos d\u00e9placements \u00e0 Miami Beach. Elle vous permet de suivre votre bus, de planifier vos trajets, de signaler vos r\u00e9clamations et d&#039;obtenir des informations sur les tarifs et les horaires de service, ainsi que des alertes voyageurs. L&#039;une des nouvelles fonctionnalit\u00e9s de cette application mobile est le suivi en temps r\u00e9el de la ligne 123 South Beach Local (auparavant r\u00e9serv\u00e9e aux lignes Metrorail et Kendall Cruise). Gr\u00e2ce \u00e0 cette option, les utilisateurs pourront obtenir instantan\u00e9ment des informations sur la position et l&#039;heure d&#039;arriv\u00e9e estim\u00e9e du bus.<\/p>","protected":false},"excerpt":{"rendered":"<p>Miami Beach Mobile Apps Parking Apps ParkMobile App ParkMobile provides a new and better way to pay for parking using [&hellip;]<\/p>\n","protected":false},"author":222,"featured_media":0,"parent":0,"menu_order":40,"comment_status":"closed","ping_status":"closed","template":"","meta":{"_searchwp_excluded":"","site-sidebar-layout":"default","site-content-layout":"","ast-site-content-layout":"default","site-content-style":"default","site-sidebar-style":"default","ast-global-header-display":"","ast-banner-title-visibility":"","ast-main-header-display":"","ast-hfb-above-header-display":"","ast-hfb-below-header-display":"","ast-hfb-mobile-header-display":"","site-post-title":"","ast-breadcrumbs-content":"","ast-featured-img":"","footer-sml-layout":"","theme-transparent-header-meta":"","adv-header-id-meta":"","stick-header-meta":"","header-above-stick-meta":"","header-main-stick-meta":"","header-below-stick-meta":"","astra-migrate-meta-layouts":"default","ast-page-background-enabled":"default","ast-page-background-meta":{"desktop":{"background-color":"var(--ast-global-color-5)","background-image":"","background-repeat":"repeat","background-position":"center center","background-size":"auto","background-attachment":"scroll","background-type":"","background-media":"","overlay-type":"","overlay-color":"","overlay-opacity":"","overlay-gradient":""},"tablet":{"background-color":"","background-image":"","background-repeat":"repeat","background-position":"center center","background-size":"auto","background-attachment":"scroll","background-type":"","background-media":"","overlay-type":"","overlay-color":"","overlay-opacity":"","overlay-gradient":""},"mobile":{"background-color":"","background-image":"","background-repeat":"repeat","background-position":"center center","background-size":"auto","background-attachment":"scroll","background-type":"","background-media":"","overlay-type":"","overlay-color":"","overlay-opacity":"","overlay-gradient":""}},"ast-content-background-meta":{"desktop":{"background-color":"var(--ast-global-color-4)","background-image":"","background-repeat":"repeat","background-position":"center center","background-size":"auto","background-attachment":"scroll","background-type":"","background-media":"","overlay-type":"","overlay-color":"","overlay-opacity":"","overlay-gradient":""},"tablet":{"background-color":"var(--ast-global-color-4)","background-image":"","background-repeat":"repeat","background-position":"center center","background-size":"auto","background-attachment":"scroll","background-type":"","background-media":"","overlay-type":"","overlay-color":"","overlay-opacity":"","overlay-gradient":""},"mobile":{"background-color":"var(--ast-global-color-4)","background-image":"","background-repeat":"repeat","background-position":"center center","background-size":"auto","background-attachment":"scroll","background-type":"","background-media":"","overlay-type":"","overlay-color":"","overlay-opacity":"","overlay-gradient":""}},"footnotes":""},"categories":[],"tags":[],"class_list":["post-28732","page","type-page","status-publish","hentry"],"yoast_head":"<!-- This site is optimized with the Yoast SEO Premium plugin v27.4 (Yoast SEO v27.4) - https:\/\/yoast.com\/product\/yoast-seo-premium-wordpress\/ -->\n<title>Mobile Apps - City of Miami Beach<\/title>\n<meta name=\"description\" content=\"Mobile Apps with information about the City of Miami BThe City of Miami Beach at your fingertips. Download our free mobile app to report concerns, check current beach conditions, track the free citywide trolley, pay fees, stream MBTV live, stay current on city news and view a comprehensive calendar of meetings and events.ach.\" \/>\n<meta name=\"robots\" content=\"index, follow, max-snippet:-1, max-image-preview:large, max-video-preview:-1\" \/>\n<link rel=\"canonical\" href=\"https:\/\/www.miamibeachfl.gov\/fr\/mobile-apps\/\" \/>\n<meta property=\"og:locale\" content=\"fr_FR\" \/>\n<meta property=\"og:type\" content=\"article\" \/>\n<meta property=\"og:title\" content=\"Mobile Apps\" \/>\n<meta property=\"og:description\" content=\"Mobile Apps with information about the City of Miami BThe City of Miami Beach at your fingertips. Download our free mobile app to report concerns, check current beach conditions, track the free citywide trolley, pay fees, stream MBTV live, stay current on city news and view a comprehensive calendar of meetings and events.ach.\" \/>\n<meta property=\"og:url\" content=\"https:\/\/www.miamibeachfl.gov\/fr\/mobile-apps\/\" \/>\n<meta property=\"og:site_name\" content=\"City of Miami Beach\" \/>\n<meta property=\"article:publisher\" content=\"https:\/\/www.facebook.com\/cityofmiamibeach\" \/>\n<meta property=\"article:modified_time\" content=\"2025-06-20T18:02:25+00:00\" \/>\n<meta property=\"og:image\" content=\"https:\/\/www.miamibeachfl.gov\/wp-content\/uploads\/2023\/11\/MBeGov.png\" \/>\n\t<meta property=\"og:image:width\" content=\"192\" \/>\n\t<meta property=\"og:image:height\" content=\"192\" \/>\n\t<meta property=\"og:image:type\" content=\"image\/png\" \/>\n<meta name=\"twitter:card\" content=\"summary_large_image\" \/>\n<meta name=\"twitter:site\" content=\"@Miamibeachnews\" \/>\n<script type=\"application\/ld+json\" class=\"yoast-schema-graph\">{\"@context\":\"https:\\\/\\\/schema.org\",\"@graph\":[{\"@type\":\"WebPage\",\"@id\":\"https:\\\/\\\/www.miamibeachfl.gov\\\/mobile-apps\\\/\",\"url\":\"https:\\\/\\\/www.miamibeachfl.gov\\\/mobile-apps\\\/\",\"name\":\"Mobile Apps - City of Miami Beach\",\"isPartOf\":{\"@id\":\"https:\\\/\\\/www.miamibeachfl.gov\\\/#website\"},\"primaryImageOfPage\":{\"@id\":\"https:\\\/\\\/www.miamibeachfl.gov\\\/mobile-apps\\\/#primaryimage\"},\"image\":{\"@id\":\"https:\\\/\\\/www.miamibeachfl.gov\\\/mobile-apps\\\/#primaryimage\"},\"thumbnailUrl\":\"https:\\\/\\\/www.miamibeachfl.gov\\\/wp-content\\\/uploads\\\/2023\\\/07\\\/parkmobile-parking-logo.png\",\"datePublished\":\"2017-08-11T00:07:55+00:00\",\"dateModified\":\"2025-06-20T18:02:25+00:00\",\"description\":\"Mobile Apps with information about the City of Miami BThe City of Miami Beach at your fingertips. Download our free mobile app to report concerns, check current beach conditions, track the free citywide trolley, pay fees, stream MBTV live, stay current on city news and view a comprehensive calendar of meetings and events.ach.\",\"breadcrumb\":{\"@id\":\"https:\\\/\\\/www.miamibeachfl.gov\\\/mobile-apps\\\/#breadcrumb\"},\"inLanguage\":\"fr-FR\",\"potentialAction\":[{\"@type\":\"ReadAction\",\"target\":[\"https:\\\/\\\/www.miamibeachfl.gov\\\/mobile-apps\\\/\"]}]},{\"@type\":\"ImageObject\",\"inLanguage\":\"fr-FR\",\"@id\":\"https:\\\/\\\/www.miamibeachfl.gov\\\/mobile-apps\\\/#primaryimage\",\"url\":\"https:\\\/\\\/www.miamibeachfl.gov\\\/wp-content\\\/uploads\\\/2023\\\/07\\\/parkmobile-parking-logo.png\",\"contentUrl\":\"https:\\\/\\\/www.miamibeachfl.gov\\\/wp-content\\\/uploads\\\/2023\\\/07\\\/parkmobile-parking-logo.png\"},{\"@type\":\"BreadcrumbList\",\"@id\":\"https:\\\/\\\/www.miamibeachfl.gov\\\/mobile-apps\\\/#breadcrumb\",\"itemListElement\":[{\"@type\":\"ListItem\",\"position\":1,\"name\":\"Home\",\"item\":\"https:\\\/\\\/www.miamibeachfl.gov\\\/\"},{\"@type\":\"ListItem\",\"position\":2,\"name\":\"Mobile Apps\"}]},{\"@type\":\"WebSite\",\"@id\":\"https:\\\/\\\/www.miamibeachfl.gov\\\/#website\",\"url\":\"https:\\\/\\\/www.miamibeachfl.gov\\\/\",\"name\":\"City of Miami Beach\",\"description\":\"The official website of the City of Miami Beach. Stay informed, find important information on city services, news, alerts, events, trolley routes, government employment and more.\",\"publisher\":{\"@id\":\"https:\\\/\\\/www.miamibeachfl.gov\\\/#organization\"},\"potentialAction\":[{\"@type\":\"SearchAction\",\"target\":{\"@type\":\"EntryPoint\",\"urlTemplate\":\"https:\\\/\\\/www.miamibeachfl.gov\\\/?s={search_term_string}\"},\"query-input\":{\"@type\":\"PropertyValueSpecification\",\"valueRequired\":true,\"valueName\":\"search_term_string\"}}],\"inLanguage\":\"fr-FR\"},{\"@type\":\"Organization\",\"@id\":\"https:\\\/\\\/www.miamibeachfl.gov\\\/#organization\",\"name\":\"City of Miami Beach\",\"url\":\"https:\\\/\\\/www.miamibeachfl.gov\\\/\",\"logo\":{\"@type\":\"ImageObject\",\"inLanguage\":\"fr-FR\",\"@id\":\"https:\\\/\\\/www.miamibeachfl.gov\\\/#\\\/schema\\\/logo\\\/image\\\/\",\"url\":\"https:\\\/\\\/www.miamibeachfl.gov\\\/wp-content\\\/uploads\\\/2022\\\/06\\\/miamibeach-logoblue.png\",\"contentUrl\":\"https:\\\/\\\/www.miamibeachfl.gov\\\/wp-content\\\/uploads\\\/2022\\\/06\\\/miamibeach-logoblue.png\",\"width\":1962,\"height\":381,\"caption\":\"City of Miami Beach\"},\"image\":{\"@id\":\"https:\\\/\\\/www.miamibeachfl.gov\\\/#\\\/schema\\\/logo\\\/image\\\/\"},\"sameAs\":[\"https:\\\/\\\/www.facebook.com\\\/cityofmiamibeach\",\"https:\\\/\\\/x.com\\\/Miamibeachnews\",\"https:\\\/\\\/www.instagram.com\\\/miamibeachnews\\\/\"],\"description\":\"The official website of the City of Miami Beach. Stay informed, find important information on city services, news, alerts, events, trolley routes, government employment and more.\",\"telephone\":\"305.604.CITY(2489)\",\"legalName\":\"City of Miami Beach\"}]}<\/script>\n<!-- \/ Yoast SEO Premium plugin. -->","yoast_head_json":{"title":"Applications mobiles - Ville de Miami Beach","description":"Applications mobiles avec des informations sur la ville de Miami. Miami Beach est \u00e0 port\u00e9e de main. T\u00e9l\u00e9chargez notre application mobile gratuite pour signaler un probl\u00e8me, v\u00e9rifier l&#039;\u00e9tat actuel des plages, suivre le tramway gratuit, payer les frais, regarder MBTV en direct, vous tenir au courant de l&#039;actualit\u00e9 de la ville et consulter un calendrier complet des r\u00e9unions et \u00e9v\u00e9nements.","robots":{"index":"index","follow":"follow","max-snippet":"max-snippet:-1","max-image-preview":"max-image-preview:large","max-video-preview":"max-video-preview:-1"},"canonical":"https:\/\/www.miamibeachfl.gov\/fr\/mobile-apps\/","og_locale":"fr_FR","og_type":"article","og_title":"Mobile Apps","og_description":"Mobile Apps with information about the City of Miami BThe City of Miami Beach at your fingertips. Download our free mobile app to report concerns, check current beach conditions, track the free citywide trolley, pay fees, stream MBTV live, stay current on city news and view a comprehensive calendar of meetings and events.ach.","og_url":"https:\/\/www.miamibeachfl.gov\/fr\/mobile-apps\/","og_site_name":"City of Miami Beach","article_publisher":"https:\/\/www.facebook.com\/cityofmiamibeach","article_modified_time":"2025-06-20T18:02:25+00:00","og_image":[{"width":192,"height":192,"url":"https:\/\/www.miamibeachfl.gov\/wp-content\/uploads\/2023\/11\/MBeGov.png","type":"image\/png"}],"twitter_card":"summary_large_image","twitter_site":"@Miamibeachnews","schema":{"@context":"https:\/\/schema.org","@graph":[{"@type":"WebPage","@id":"https:\/\/www.miamibeachfl.gov\/mobile-apps\/","url":"https:\/\/www.miamibeachfl.gov\/mobile-apps\/","name":"Applications mobiles - Ville de Miami Beach","isPartOf":{"@id":"https:\/\/www.miamibeachfl.gov\/#website"},"primaryImageOfPage":{"@id":"https:\/\/www.miamibeachfl.gov\/mobile-apps\/#primaryimage"},"image":{"@id":"https:\/\/www.miamibeachfl.gov\/mobile-apps\/#primaryimage"},"thumbnailUrl":"https:\/\/www.miamibeachfl.gov\/wp-content\/uploads\/2023\/07\/parkmobile-parking-logo.png","datePublished":"2017-08-11T00:07:55+00:00","dateModified":"2025-06-20T18:02:25+00:00","description":"Applications mobiles avec des informations sur la ville de Miami. Miami Beach est \u00e0 port\u00e9e de main. T\u00e9l\u00e9chargez notre application mobile gratuite pour signaler un probl\u00e8me, v\u00e9rifier l&#039;\u00e9tat actuel des plages, suivre le tramway gratuit, payer les frais, regarder MBTV en direct, vous tenir au courant de l&#039;actualit\u00e9 de la ville et consulter un calendrier complet des r\u00e9unions et \u00e9v\u00e9nements.","breadcrumb":{"@id":"https:\/\/www.miamibeachfl.gov\/mobile-apps\/#breadcrumb"},"inLanguage":"fr-FR","potentialAction":[{"@type":"ReadAction","target":["https:\/\/www.miamibeachfl.gov\/mobile-apps\/"]}]},{"@type":"ImageObject","inLanguage":"fr-FR","@id":"https:\/\/www.miamibeachfl.gov\/mobile-apps\/#primaryimage","url":"https:\/\/www.miamibeachfl.gov\/wp-content\/uploads\/2023\/07\/parkmobile-parking-logo.png","contentUrl":"https:\/\/www.miamibeachfl.gov\/wp-content\/uploads\/2023\/07\/parkmobile-parking-logo.png"},{"@type":"BreadcrumbList","@id":"https:\/\/www.miamibeachfl.gov\/mobile-apps\/#breadcrumb","itemListElement":[{"@type":"ListItem","position":1,"name":"Home","item":"https:\/\/www.miamibeachfl.gov\/"},{"@type":"ListItem","position":2,"name":"Mobile Apps"}]},{"@type":"WebSite","@id":"https:\/\/www.miamibeachfl.gov\/#website","url":"https:\/\/www.miamibeachfl.gov\/","name":"Ville de Miami Beach","description":"Site officiel de la ville de Miami Beach. Restez inform\u00e9 et trouvez des informations importantes sur les services municipaux, les actualit\u00e9s, les alertes, les \u00e9v\u00e9nements, les itin\u00e9raires de tramway, les emplois gouvernementaux et bien plus encore.","publisher":{"@id":"https:\/\/www.miamibeachfl.gov\/#organization"},"potentialAction":[{"@type":"SearchAction","target":{"@type":"EntryPoint","urlTemplate":"https:\/\/www.miamibeachfl.gov\/?s={search_term_string}"},"query-input":{"@type":"PropertyValueSpecification","valueRequired":true,"valueName":"search_term_string"}}],"inLanguage":"fr-FR"},{"@type":"Organization","@id":"https:\/\/www.miamibeachfl.gov\/#organization","name":"Ville de Miami Beach","url":"https:\/\/www.miamibeachfl.gov\/","logo":{"@type":"ImageObject","inLanguage":"fr-FR","@id":"https:\/\/www.miamibeachfl.gov\/#\/schema\/logo\/image\/","url":"https:\/\/www.miamibeachfl.gov\/wp-content\/uploads\/2022\/06\/miamibeach-logoblue.png","contentUrl":"https:\/\/www.miamibeachfl.gov\/wp-content\/uploads\/2022\/06\/miamibeach-logoblue.png","width":1962,"height":381,"caption":"City of Miami Beach"},"image":{"@id":"https:\/\/www.miamibeachfl.gov\/#\/schema\/logo\/image\/"},"sameAs":["https:\/\/www.facebook.com\/cityofmiamibeach","https:\/\/x.com\/Miamibeachnews","https:\/\/www.instagram.com\/miamibeachnews\/"],"description":"Site officiel de la ville de Miami Beach. Restez inform\u00e9 et trouvez des informations importantes sur les services municipaux, les actualit\u00e9s, les alertes, les \u00e9v\u00e9nements, les itin\u00e9raires de tramway, les emplois gouvernementaux et bien plus encore.","telephone":"305.604.CITY(2489)","legalName":"City of Miami Beach"}]}},"_links":{"self":[{"href":"https:\/\/www.miamibeachfl.gov\/fr\/wp-json\/wp\/v2\/pages\/28732","targetHints":{"allow":["GET"]}}],"collection":[{"href":"https:\/\/www.miamibeachfl.gov\/fr\/wp-json\/wp\/v2\/pages"}],"about":[{"href":"https:\/\/www.miamibeachfl.gov\/fr\/wp-json\/wp\/v2\/types\/page"}],"author":[{"embeddable":true,"href":"https:\/\/www.miamibeachfl.gov\/fr\/wp-json\/wp\/v2\/users\/222"}],"replies":[{"embeddable":true,"href":"https:\/\/www.miamibeachfl.gov\/fr\/wp-json\/wp\/v2\/comments?post=28732"}],"version-history":[{"count":3,"href":"https:\/\/www.miamibeachfl.gov\/fr\/wp-json\/wp\/v2\/pages\/28732\/revisions"}],"predecessor-version":[{"id":384398,"href":"https:\/\/www.miamibeachfl.gov\/fr\/wp-json\/wp\/v2\/pages\/28732\/revisions\/384398"}],"wp:attachment":[{"href":"https:\/\/www.miamibeachfl.gov\/fr\/wp-json\/wp\/v2\/media?parent=28732"}],"wp:term":[{"taxonomy":"category","embeddable":true,"href":"https:\/\/www.miamibeachfl.gov\/fr\/wp-json\/wp\/v2\/categories?post=28732"},{"taxonomy":"post_tag","embeddable":true,"href":"https:\/\/www.miamibeachfl.gov\/fr\/wp-json\/wp\/v2\/tags?post=28732"}],"curies":[{"name":"wp","href":"https:\/\/api.w.org\/{rel}","templated":true}]}}