{"id":28737,"date":"2017-08-11T00:07:57","date_gmt":"2017-08-11T00:07:57","guid":{"rendered":"http:\/\/www.miamibeachfl.gov\/city-hall\/mberp\/actuarial-valuation\/"},"modified":"2025-07-03T09:12:25","modified_gmt":"2025-07-03T13:12:25","slug":"actuarial-valuation","status":"publish","type":"page","link":"https:\/\/www.miamibeachfl.gov\/fr\/city-hall\/mberp\/actuarial-valuation\/","title":{"rendered":"\u00c9valuation actuarielle"},"content":{"rendered":"<img decoding=\"async\" src=\"https:\/\/www.miamibeachfl.gov\/wp-content\/uploads\/2022\/07\/hero-small.jpg\" alt=\"ocean drive art deco buildings\" itemprop=\"image\" height=\"211\" width=\"2395\" title=\"petit h\u00e9ros\" onerror=\"this.style.display='none'\" loading='lazy' \/>\n<h1>\n\t\t\t\u00c9valuation actuarielle\t<\/h1>\n\t<nav id=\"breadcrumbs\" aria-label=\"Fil d&#039;Ariane\"><a href=\"https:\/\/www.miamibeachfl.gov\/fr\/\">Maison<\/a> &gt; <a href=\"https:\/\/www.miamibeachfl.gov\/fr\/city-hall\/\">l&#039;h\u00f4tel de ville<\/a> &gt; <a href=\"https:\/\/www.miamibeachfl.gov\/fr\/city-hall\/mberp\/\">MBERP \u2013 R\u00e9gime de retraite des employ\u00e9s de Miami Beach<\/a> &gt; <strong>\u00c9valuation actuarielle<\/strong><\/nav>\n\t<p>La valeur actuarielle est un calcul math\u00e9matique, souvent utilis\u00e9 pour \u00e9valuer la situation financi\u00e8re d&#039;un r\u00e9gime de retraite. Elle inclut le calcul de la valeur mon\u00e9taire actuelle des prestations payables aux participants actuels et des cotisations futures des employeurs et des employ\u00e9s, en tenant compte de la mortalit\u00e9 des participants actifs et retrait\u00e9s, ainsi que des taux d&#039;invalidit\u00e9, de retraite, de cessation d&#039;activit\u00e9, des salaires et des int\u00e9r\u00eats. Il s&#039;agit de la valeur des liquidit\u00e9s, des placements et des autres biens appartenant \u00e0 un r\u00e9gime de retraite, telle qu&#039;utilis\u00e9e par l&#039;actuaire aux fins d&#039;une \u00e9valuation actuarielle. La valeur actuarielle des actifs peut repr\u00e9senter une valeur moyenne au fil du temps et diff\u00e8re g\u00e9n\u00e9ralement du montant d\u00e9clar\u00e9 dans les \u00e9tats financiers, qui est une mesure \u00e0 la date de l&#039;\u00e9tat de l&#039;actif net. L&#039;\u00e9valuation actuarielle du r\u00e9gime est pr\u00e9par\u00e9e par Foster &amp; Foster.<\/p>\n<h3><strong>Historique du rendement des investissements bas\u00e9 sur la valeur actuarielle des actifs <\/strong><\/h3>\n<p>Pour consulter les \u00e9valuations actuarielles actuelles et historiques du r\u00e9gime de retraite, veuillez consulter les liens ci-dessous :<\/p>\n<ul>\n<li><a href=\"https:\/\/www.miamibeachfl.gov\/wp-content\/uploads\/2025\/07\/Actuarial-Valuation-10.1.24.pdf\">\u00c9valuation actuarielle 10.1.24<\/a><\/li>\n<li><a href=\"https:\/\/www.miamibeachfl.gov\/wp-content\/uploads\/2025\/03\/2024.03.29MiamiBeachGeneral2023ActuarialValuation-005-1.pdf\">Rapport d&#039;\u00e9valuation actuarielle 10-1 2023<\/a><\/li>\n<li><a href=\"https:\/\/www.miamibeachfl.gov\/wp-content\/uploads\/2022\/08\/Actuarial-Valuation-Report-10-1-2021-1.pdf\">Rapport d&#039;\u00e9valuation actuarielle du 1er octobre 2021<\/a><\/li>\n<li><a href=\"https:\/\/www.miamibeachfl.gov\/wp-content\/uploads\/2022\/08\/Actuarial-Valuation-Report-10-1-2020.pdf\">Rapport d&#039;\u00e9valuation actuarielle 10-1-2020<\/a><\/li>\n<li><a href=\"http:\/\/www.miamibeachfl.gov\/wp-content\/uploads\/2020\/11\/Actuarial-Valuation-10-1-2019.pdf\">\u00c9valuation actuarielle 10-1-2019<\/a><\/li>\n<li><a href=\"http:\/\/www.miamibeachfl.gov\/wp-content\/uploads\/2019\/06\/Miami-Beach-Employees-Actuarial-Valuation-Report-10-1-2018.pdf\">\u00c9valuation actuarielle 10-01-2018<\/a><\/li>\n<li><a href=\"http:\/\/www.miamibeachfl.gov\/wp-content\/uploads\/2018\/05\/Actuarial-Valuation-10-01-2017.pdf\">\u00c9valuation actuarielle 10-01-2017<\/a><\/li>\n<li><a href=\"http:\/\/www.miamibeachfl.gov\/wp-content\/uploads\/2018\/03\/Miami-Beach-Employees-Actuarial-Valuation-Report-10-1-2016-Updated-5-1-2017.pdf\">\u00c9valuation actuarielle 10-01-2016<\/a><\/li>\n<li><a title=\"\u00c9valuation actuarielle 10-1-2015\" href=\"\/wp-content\/uploads\/2017\/08\/Miami-Beach-Employees-Actuarial-Valuation-Report-10-1-2015-2.pdf\" target=\"_blank\" rel=\"noopener noreferrer\">\u00c9valuation actuarielle 10-01-2015<\/a><\/li>\n<li><a title=\"Rapport d&#039;\u00e9valuation actuarielle du 1er octobre 2014\" href=\"\/wp-content\/uploads\/2017\/08\/Miami-Beach-Employees-Actuarial-Valuation-Report-10-1-2014.pdf\" target=\"_blank\" rel=\"noopener noreferrer\">\u00c9valuation actuarielle 10-01-2014<\/a><\/li>\n<li><a title=\"10-1-13 Miami Bch Gen Val\" href=\"\/wp-content\/uploads\/2017\/08\/10-1-13-Miami-Bch-Gen-Val-2.pdf\" target=\"_blank\" rel=\"noopener noreferrer\">\u00c9valuation actuarielle 10-01-2013<\/a><\/li>\n<li><a title=\"10-1-12 Miami Bch Gen Val\" href=\"\/wp-content\/uploads\/2017\/08\/10-1-12-Miami-Bch-Gen-Val.pdf\" target=\"_blank\" rel=\"noopener noreferrer\">\u00c9valuation actuarielle 10-01-2012<\/a><\/li>\n<li><a title=\"10-1-11 Miami Bch Gen Val - 5-29-12\" href=\"\/wp-content\/uploads\/2017\/08\/10-1-11-Miami-Bch-Gen-Val-5-29-12.pdf\" target=\"_blank\" rel=\"noopener noreferrer\">\u00c9valuation actuarielle 10-01-2011<\/a><\/li>\n<li><a title=\"Rapport d&#039;\u00e9tude d&#039;exp\u00e9rience\" href=\"\/wp-content\/uploads\/2017\/08\/Miami-Beach-Experience-Study-Report-5-2-11.pdf\" target=\"_blank\" rel=\"noopener noreferrer\">\u00c9tude d&#039;exp\u00e9rience actuarielle 10\/1\/00 \u2013 10\/1\/10<\/a><\/li>\n<li><a title=\"\u00c9valuation actuarielle 10-1-10\" href=\"\/wp-content\/uploads\/2017\/08\/Miami-Bch-Gen-Val-10-1-10.pdf\" target=\"_blank\" rel=\"noopener noreferrer\">\u00c9valuation actuarielle 10-01-2010<\/a><\/li>\n<li><a title=\"RAPPORT D&#039;\u00c9VALUATION ACTUARIELLE AU 1ER OCTOBRE 2009\" href=\"\/wp-content\/uploads\/2017\/08\/Act.-Val.-10-1-09.pdf\" target=\"_blank\" rel=\"noopener noreferrer\">\u00c9valuation actuarielle 10-01-2009<\/a><\/li>\n<li><a title=\"\u00c9valuation actuarielle 10-01-2008\" href=\"\/wp-content\/uploads\/2017\/08\/Actuarial-Valuation-10-01-2008.pdf\" target=\"_blank\" rel=\"noopener noreferrer\">\u00c9valuation actuarielle 10-01-2008<\/a><\/li>\n<li><a title=\"\u00c9valuation actuarielle 10-01-2007\" href=\"\/wp-content\/uploads\/2017\/08\/Actuarial-Valuation-10-01-2007.pdf\" target=\"_blank\" rel=\"noopener noreferrer\">\u00c9valuation actuarielle 10-01-2007<\/a><\/li>\n<li><a title=\"\u00c9valuation actuarielle 10-01-2006\" href=\"\/wp-content\/uploads\/2017\/08\/Actuarial-Valuation-10-01-2006.pdf\" target=\"_blank\" rel=\"noopener noreferrer\">\u00c9valuation actuarielle 10-01-2006<\/a><\/li>\n<\/ul>\n\t\tAcc\u00e9der \u00e0\u2026\t\t\t\n\t\t\t\t\t<ul id=\"menu-mberp\"><li id=\"menu-item-363202\"><a href=\"\/fr\/city-hall\/mberp\/actuarial-valuation\/\">\u00c9valuation actuarielle<\/a><\/li>\n<li id=\"menu-item-363203\"><a href=\"\/fr\/city-hall\/mberp\/agendas-minutes\/\">Ordres du jour et proc\u00e8s-verbaux<\/a><\/li>\n<li id=\"menu-item-363204\"><a href=\"\/fr\/city-hall\/mberp\/board-of-trustees\/\">Conseil d&#039;administration<\/a><\/li>\n<li id=\"menu-item-363205\"><a href=\"\/fr\/city-hall\/mberp\/deferred-retirement-option-plan\/\">BAISSE<\/a><\/li>\n<li id=\"menu-item-363206\"><a href=\"\/fr\/city-hall\/mberp\/notice-drug-coverage-and-medicare\/\">Avis concernant votre couverture des m\u00e9dicaments sur ordonnance et votre assurance-maladie<\/a><\/li>\n<li id=\"menu-item-363207\"><a href=\"\/fr\/city-hall\/mberp\/internal-audit-reports\/\">Rapports d&#039;audit des r\u00e9gimes de retraite<\/a><\/li>\n<li id=\"menu-item-363208\"><a href=\"\/fr\/city-hall\/mberp\/quarterly-investment-report\/\">Rapport d&#039;investissement trimestriel<\/a><\/li>\n<li id=\"menu-item-363209\"><a href=\"\/fr\/city-hall\/mberp\/retiree-benefit-links\/\">Liens vers les avantages sociaux pour les retrait\u00e9s<\/a><\/li>\n<li id=\"menu-item-363210\"><a href=\"\/fr\/city-hall\/mberp\/national-retirement-benefit\/\">Prestation de retraite<\/a><\/li>\n<li id=\"menu-item-363211\"><a href=\"\/fr\/city-hall\/mberp\/the-plan\/\">Le plan<\/a><\/li>\n<\/ul>\t\n\t<div class=\"page-navigation\"><a class=\"prev-page\" href=\"https:\/\/www.miamibeachfl.gov\/fr\/city-hall\/mberp\/agendas-minutes\/\">\u2190 Agendas<\/a> <a class=\"next-page\" href=\"https:\/\/www.miamibeachfl.gov\/fr\/city-hall\/mberp\/audit-report\/\">Portefeuille de fonds \u2192<\/a><\/div>","protected":false},"excerpt":{"rendered":"<p>Actuarial Valuation Home &gt; City Hall &gt; MBERP &#8211; Miami Beach Employee Retirement Plan &gt; Actuarial Valuation The actuarial value [&hellip;]<\/p>\n","protected":false},"author":222,"featured_media":0,"parent":28734,"menu_order":181,"comment_status":"closed","ping_status":"closed","template":"","meta":{"_searchwp_excluded":"","site-sidebar-layout":"default","site-content-layout":"","ast-site-content-layout":"default","site-content-style":"default","site-sidebar-style":"default","ast-global-header-display":"","ast-banner-title-visibility":"","ast-main-header-display":"","ast-hfb-above-header-display":"","ast-hfb-below-header-display":"","ast-hfb-mobile-header-display":"","site-post-title":"","ast-breadcrumbs-content":"","ast-featured-img":"","footer-sml-layout":"","theme-transparent-header-meta":"","adv-header-id-meta":"","stick-header-meta":"","header-above-stick-meta":"","header-main-stick-meta":"","header-below-stick-meta":"","astra-migrate-meta-layouts":"default","ast-page-background-enabled":"default","ast-page-background-meta":{"desktop":{"background-color":"var(--ast-global-color-5)","background-image":"","background-repeat":"repeat","background-position":"center center","background-size":"auto","background-attachment":"scroll","background-type":"","background-media":"","overlay-type":"","overlay-color":"","overlay-opacity":"","overlay-gradient":""},"tablet":{"background-color":"","background-image":"","background-repeat":"repeat","background-position":"center center","background-size":"auto","background-attachment":"scroll","background-type":"","background-media":"","overlay-type":"","overlay-color":"","overlay-opacity":"","overlay-gradient":""},"mobile":{"background-color":"","background-image":"","background-repeat":"repeat","background-position":"center center","background-size":"auto","background-attachment":"scroll","background-type":"","background-media":"","overlay-type":"","overlay-color":"","overlay-opacity":"","overlay-gradient":""}},"ast-content-background-meta":{"desktop":{"background-color":"var(--ast-global-color-4)","background-image":"","background-repeat":"repeat","background-position":"center center","background-size":"auto","background-attachment":"scroll","background-type":"","background-media":"","overlay-type":"","overlay-color":"","overlay-opacity":"","overlay-gradient":""},"tablet":{"background-color":"var(--ast-global-color-4)","background-image":"","background-repeat":"repeat","background-position":"center center","background-size":"auto","background-attachment":"scroll","background-type":"","background-media":"","overlay-type":"","overlay-color":"","overlay-opacity":"","overlay-gradient":""},"mobile":{"background-color":"var(--ast-global-color-4)","background-image":"","background-repeat":"repeat","background-position":"center center","background-size":"auto","background-attachment":"scroll","background-type":"","background-media":"","overlay-type":"","overlay-color":"","overlay-opacity":"","overlay-gradient":""}},"footnotes":""},"categories":[],"tags":[],"class_list":["post-28737","page","type-page","status-publish","hentry"],"yoast_head":"<!-- This site is optimized with the Yoast SEO Premium plugin v27.4 (Yoast SEO v27.4) - https:\/\/yoast.com\/product\/yoast-seo-premium-wordpress\/ -->\n<title>Actuarial Valuation - City of Miami Beach<\/title>\n<meta name=\"description\" content=\"%\" \/>\n<meta name=\"robots\" content=\"index, follow, max-snippet:-1, max-image-preview:large, max-video-preview:-1\" \/>\n<link rel=\"canonical\" href=\"https:\/\/www.miamibeachfl.gov\/fr\/city-hall\/mberp\/actuarial-valuation\/\" \/>\n<meta property=\"og:locale\" content=\"fr_FR\" \/>\n<meta property=\"og:type\" content=\"article\" \/>\n<meta property=\"og:title\" content=\"Actuarial Valuation\" \/>\n<meta property=\"og:description\" content=\"%\" \/>\n<meta property=\"og:url\" content=\"https:\/\/www.miamibeachfl.gov\/fr\/city-hall\/mberp\/actuarial-valuation\/\" \/>\n<meta property=\"og:site_name\" content=\"City of Miami Beach\" \/>\n<meta property=\"article:publisher\" content=\"https:\/\/www.facebook.com\/cityofmiamibeach\" \/>\n<meta property=\"article:modified_time\" content=\"2025-07-03T13:12:25+00:00\" \/>\n<meta property=\"og:image\" content=\"https:\/\/www.miamibeachfl.gov\/wp-content\/uploads\/2022\/07\/hero-small.jpg\" \/>\n<meta name=\"twitter:card\" content=\"summary_large_image\" \/>\n<meta name=\"twitter:site\" content=\"@Miamibeachnews\" \/>\n<script type=\"application\/ld+json\" class=\"yoast-schema-graph\">{\"@context\":\"https:\\\/\\\/schema.org\",\"@graph\":[{\"@type\":\"WebPage\",\"@id\":\"https:\\\/\\\/www.miamibeachfl.gov\\\/city-hall\\\/mberp\\\/actuarial-valuation\\\/\",\"url\":\"https:\\\/\\\/www.miamibeachfl.gov\\\/city-hall\\\/mberp\\\/actuarial-valuation\\\/\",\"name\":\"Actuarial Valuation - City of Miami Beach\",\"isPartOf\":{\"@id\":\"https:\\\/\\\/www.miamibeachfl.gov\\\/#website\"},\"primaryImageOfPage\":{\"@id\":\"https:\\\/\\\/www.miamibeachfl.gov\\\/city-hall\\\/mberp\\\/actuarial-valuation\\\/#primaryimage\"},\"image\":{\"@id\":\"https:\\\/\\\/www.miamibeachfl.gov\\\/city-hall\\\/mberp\\\/actuarial-valuation\\\/#primaryimage\"},\"thumbnailUrl\":\"https:\\\/\\\/www.miamibeachfl.gov\\\/wp-content\\\/uploads\\\/2022\\\/07\\\/hero-small.jpg\",\"datePublished\":\"2017-08-11T00:07:57+00:00\",\"dateModified\":\"2025-07-03T13:12:25+00:00\",\"description\":\"%\",\"breadcrumb\":{\"@id\":\"https:\\\/\\\/www.miamibeachfl.gov\\\/city-hall\\\/mberp\\\/actuarial-valuation\\\/#breadcrumb\"},\"inLanguage\":\"fr-FR\",\"potentialAction\":[{\"@type\":\"ReadAction\",\"target\":[\"https:\\\/\\\/www.miamibeachfl.gov\\\/city-hall\\\/mberp\\\/actuarial-valuation\\\/\"]}]},{\"@type\":\"ImageObject\",\"inLanguage\":\"fr-FR\",\"@id\":\"https:\\\/\\\/www.miamibeachfl.gov\\\/city-hall\\\/mberp\\\/actuarial-valuation\\\/#primaryimage\",\"url\":\"https:\\\/\\\/www.miamibeachfl.gov\\\/wp-content\\\/uploads\\\/2022\\\/07\\\/hero-small.jpg\",\"contentUrl\":\"https:\\\/\\\/www.miamibeachfl.gov\\\/wp-content\\\/uploads\\\/2022\\\/07\\\/hero-small.jpg\"},{\"@type\":\"BreadcrumbList\",\"@id\":\"https:\\\/\\\/www.miamibeachfl.gov\\\/city-hall\\\/mberp\\\/actuarial-valuation\\\/#breadcrumb\",\"itemListElement\":[{\"@type\":\"ListItem\",\"position\":1,\"name\":\"Home\",\"item\":\"https:\\\/\\\/www.miamibeachfl.gov\\\/\"},{\"@type\":\"ListItem\",\"position\":2,\"name\":\"City Hall\",\"item\":\"https:\\\/\\\/www.miamibeachfl.gov\\\/city-hall\\\/\"},{\"@type\":\"ListItem\",\"position\":3,\"name\":\"MBERP &#8211; Miami Beach Employee Retirement Plan\",\"item\":\"https:\\\/\\\/www.miamibeachfl.gov\\\/city-hall\\\/mberp\\\/\"},{\"@type\":\"ListItem\",\"position\":4,\"name\":\"Actuarial Valuation\"}]},{\"@type\":\"WebSite\",\"@id\":\"https:\\\/\\\/www.miamibeachfl.gov\\\/#website\",\"url\":\"https:\\\/\\\/www.miamibeachfl.gov\\\/\",\"name\":\"City of Miami Beach\",\"description\":\"The official website of the City of Miami Beach. Stay informed, find important information on city services, news, alerts, events, trolley routes, government employment and more.\",\"publisher\":{\"@id\":\"https:\\\/\\\/www.miamibeachfl.gov\\\/#organization\"},\"potentialAction\":[{\"@type\":\"SearchAction\",\"target\":{\"@type\":\"EntryPoint\",\"urlTemplate\":\"https:\\\/\\\/www.miamibeachfl.gov\\\/?s={search_term_string}\"},\"query-input\":{\"@type\":\"PropertyValueSpecification\",\"valueRequired\":true,\"valueName\":\"search_term_string\"}}],\"inLanguage\":\"fr-FR\"},{\"@type\":\"Organization\",\"@id\":\"https:\\\/\\\/www.miamibeachfl.gov\\\/#organization\",\"name\":\"City of Miami Beach\",\"url\":\"https:\\\/\\\/www.miamibeachfl.gov\\\/\",\"logo\":{\"@type\":\"ImageObject\",\"inLanguage\":\"fr-FR\",\"@id\":\"https:\\\/\\\/www.miamibeachfl.gov\\\/#\\\/schema\\\/logo\\\/image\\\/\",\"url\":\"https:\\\/\\\/www.miamibeachfl.gov\\\/wp-content\\\/uploads\\\/2022\\\/06\\\/miamibeach-logoblue.png\",\"contentUrl\":\"https:\\\/\\\/www.miamibeachfl.gov\\\/wp-content\\\/uploads\\\/2022\\\/06\\\/miamibeach-logoblue.png\",\"width\":1962,\"height\":381,\"caption\":\"City of Miami Beach\"},\"image\":{\"@id\":\"https:\\\/\\\/www.miamibeachfl.gov\\\/#\\\/schema\\\/logo\\\/image\\\/\"},\"sameAs\":[\"https:\\\/\\\/www.facebook.com\\\/cityofmiamibeach\",\"https:\\\/\\\/x.com\\\/Miamibeachnews\",\"https:\\\/\\\/www.instagram.com\\\/miamibeachnews\\\/\"],\"description\":\"The official website of the City of Miami Beach. Stay informed, find important information on city services, news, alerts, events, trolley routes, government employment and more.\",\"telephone\":\"305.604.CITY(2489)\",\"legalName\":\"City of Miami Beach\"}]}<\/script>\n<!-- \/ Yoast SEO Premium plugin. -->","yoast_head_json":{"title":"\u00c9valuation actuarielle \u2013 Ville de Miami Beach","description":"%","robots":{"index":"index","follow":"follow","max-snippet":"max-snippet:-1","max-image-preview":"max-image-preview:large","max-video-preview":"max-video-preview:-1"},"canonical":"https:\/\/www.miamibeachfl.gov\/fr\/city-hall\/mberp\/actuarial-valuation\/","og_locale":"fr_FR","og_type":"article","og_title":"Actuarial Valuation","og_description":"%","og_url":"https:\/\/www.miamibeachfl.gov\/fr\/city-hall\/mberp\/actuarial-valuation\/","og_site_name":"City of Miami Beach","article_publisher":"https:\/\/www.facebook.com\/cityofmiamibeach","article_modified_time":"2025-07-03T13:12:25+00:00","og_image":[{"url":"https:\/\/www.miamibeachfl.gov\/wp-content\/uploads\/2022\/07\/hero-small.jpg","type":"","width":"","height":""}],"twitter_card":"summary_large_image","twitter_site":"@Miamibeachnews","schema":{"@context":"https:\/\/schema.org","@graph":[{"@type":"WebPage","@id":"https:\/\/www.miamibeachfl.gov\/city-hall\/mberp\/actuarial-valuation\/","url":"https:\/\/www.miamibeachfl.gov\/city-hall\/mberp\/actuarial-valuation\/","name":"\u00c9valuation actuarielle \u2013 Ville de Miami Beach","isPartOf":{"@id":"https:\/\/www.miamibeachfl.gov\/#website"},"primaryImageOfPage":{"@id":"https:\/\/www.miamibeachfl.gov\/city-hall\/mberp\/actuarial-valuation\/#primaryimage"},"image":{"@id":"https:\/\/www.miamibeachfl.gov\/city-hall\/mberp\/actuarial-valuation\/#primaryimage"},"thumbnailUrl":"https:\/\/www.miamibeachfl.gov\/wp-content\/uploads\/2022\/07\/hero-small.jpg","datePublished":"2017-08-11T00:07:57+00:00","dateModified":"2025-07-03T13:12:25+00:00","description":"%","breadcrumb":{"@id":"https:\/\/www.miamibeachfl.gov\/city-hall\/mberp\/actuarial-valuation\/#breadcrumb"},"inLanguage":"fr-FR","potentialAction":[{"@type":"ReadAction","target":["https:\/\/www.miamibeachfl.gov\/city-hall\/mberp\/actuarial-valuation\/"]}]},{"@type":"ImageObject","inLanguage":"fr-FR","@id":"https:\/\/www.miamibeachfl.gov\/city-hall\/mberp\/actuarial-valuation\/#primaryimage","url":"https:\/\/www.miamibeachfl.gov\/wp-content\/uploads\/2022\/07\/hero-small.jpg","contentUrl":"https:\/\/www.miamibeachfl.gov\/wp-content\/uploads\/2022\/07\/hero-small.jpg"},{"@type":"BreadcrumbList","@id":"https:\/\/www.miamibeachfl.gov\/city-hall\/mberp\/actuarial-valuation\/#breadcrumb","itemListElement":[{"@type":"ListItem","position":1,"name":"Home","item":"https:\/\/www.miamibeachfl.gov\/"},{"@type":"ListItem","position":2,"name":"City Hall","item":"https:\/\/www.miamibeachfl.gov\/city-hall\/"},{"@type":"ListItem","position":3,"name":"MBERP &#8211; Miami Beach Employee Retirement Plan","item":"https:\/\/www.miamibeachfl.gov\/city-hall\/mberp\/"},{"@type":"ListItem","position":4,"name":"Actuarial Valuation"}]},{"@type":"WebSite","@id":"https:\/\/www.miamibeachfl.gov\/#website","url":"https:\/\/www.miamibeachfl.gov\/","name":"Ville de Miami Beach","description":"Site officiel de la ville de Miami Beach. Restez inform\u00e9 et trouvez des informations importantes sur les services municipaux, les actualit\u00e9s, les alertes, les \u00e9v\u00e9nements, les itin\u00e9raires de tramway, les emplois gouvernementaux et bien plus encore.","publisher":{"@id":"https:\/\/www.miamibeachfl.gov\/#organization"},"potentialAction":[{"@type":"SearchAction","target":{"@type":"EntryPoint","urlTemplate":"https:\/\/www.miamibeachfl.gov\/?s={search_term_string}"},"query-input":{"@type":"PropertyValueSpecification","valueRequired":true,"valueName":"search_term_string"}}],"inLanguage":"fr-FR"},{"@type":"Organization","@id":"https:\/\/www.miamibeachfl.gov\/#organization","name":"Ville de Miami Beach","url":"https:\/\/www.miamibeachfl.gov\/","logo":{"@type":"ImageObject","inLanguage":"fr-FR","@id":"https:\/\/www.miamibeachfl.gov\/#\/schema\/logo\/image\/","url":"https:\/\/www.miamibeachfl.gov\/wp-content\/uploads\/2022\/06\/miamibeach-logoblue.png","contentUrl":"https:\/\/www.miamibeachfl.gov\/wp-content\/uploads\/2022\/06\/miamibeach-logoblue.png","width":1962,"height":381,"caption":"City of Miami Beach"},"image":{"@id":"https:\/\/www.miamibeachfl.gov\/#\/schema\/logo\/image\/"},"sameAs":["https:\/\/www.facebook.com\/cityofmiamibeach","https:\/\/x.com\/Miamibeachnews","https:\/\/www.instagram.com\/miamibeachnews\/"],"description":"Site officiel de la ville de Miami Beach. Restez inform\u00e9 et trouvez des informations importantes sur les services municipaux, les actualit\u00e9s, les alertes, les \u00e9v\u00e9nements, les itin\u00e9raires de tramway, les emplois gouvernementaux et bien plus encore.","telephone":"305.604.CITY(2489)","legalName":"City of Miami Beach"}]}},"_links":{"self":[{"href":"https:\/\/www.miamibeachfl.gov\/fr\/wp-json\/wp\/v2\/pages\/28737","targetHints":{"allow":["GET"]}}],"collection":[{"href":"https:\/\/www.miamibeachfl.gov\/fr\/wp-json\/wp\/v2\/pages"}],"about":[{"href":"https:\/\/www.miamibeachfl.gov\/fr\/wp-json\/wp\/v2\/types\/page"}],"author":[{"embeddable":true,"href":"https:\/\/www.miamibeachfl.gov\/fr\/wp-json\/wp\/v2\/users\/222"}],"replies":[{"embeddable":true,"href":"https:\/\/www.miamibeachfl.gov\/fr\/wp-json\/wp\/v2\/comments?post=28737"}],"version-history":[{"count":4,"href":"https:\/\/www.miamibeachfl.gov\/fr\/wp-json\/wp\/v2\/pages\/28737\/revisions"}],"predecessor-version":[{"id":385809,"href":"https:\/\/www.miamibeachfl.gov\/fr\/wp-json\/wp\/v2\/pages\/28737\/revisions\/385809"}],"up":[{"embeddable":true,"href":"https:\/\/www.miamibeachfl.gov\/fr\/wp-json\/wp\/v2\/pages\/28734"}],"wp:attachment":[{"href":"https:\/\/www.miamibeachfl.gov\/fr\/wp-json\/wp\/v2\/media?parent=28737"}],"wp:term":[{"taxonomy":"category","embeddable":true,"href":"https:\/\/www.miamibeachfl.gov\/fr\/wp-json\/wp\/v2\/categories?post=28737"},{"taxonomy":"post_tag","embeddable":true,"href":"https:\/\/www.miamibeachfl.gov\/fr\/wp-json\/wp\/v2\/tags?post=28737"}],"curies":[{"name":"wp","href":"https:\/\/api.w.org\/{rel}","templated":true}]}}