{"id":28740,"date":"2017-08-11T00:07:59","date_gmt":"2017-08-11T00:07:59","guid":{"rendered":"http:\/\/www.miamibeachfl.gov\/city-hall\/mberp\/fl-chapter-112-664\/"},"modified":"2025-12-09T16:16:47","modified_gmt":"2025-12-09T21:16:47","slug":"fl-chapter-112-664","status":"publish","type":"page","link":"https:\/\/www.miamibeachfl.gov\/fr\/city-hall\/mberp\/fl-chapter-112-664\/","title":{"rendered":"Chapitre 112.664 de la FL"},"content":{"rendered":"<img decoding=\"async\" src=\"https:\/\/www.miamibeachfl.gov\/wp-content\/uploads\/2022\/07\/hero-small.jpg\" alt=\"ocean drive art deco buildings\" itemprop=\"image\" height=\"211\" width=\"2395\" title=\"petit h\u00e9ros\" onerror=\"this.style.display='none'\" loading=\"lazy\" \/>\n<h1>\n\t\t\tChapitre 112.664 de la FL\t<\/h1>\n\t<nav id=\"breadcrumbs\" aria-label=\"Fil d&#039;Ariane\"><a href=\"https:\/\/www.miamibeachfl.gov\/fr\/\">Maison<\/a> &gt; <a href=\"https:\/\/www.miamibeachfl.gov\/fr\/city-hall\/\">l&#039;h\u00f4tel de ville<\/a> &gt; <a href=\"https:\/\/www.miamibeachfl.gov\/fr\/city-hall\/mberp\/\">MBERP \u2013 R\u00e9gime de retraite des employ\u00e9s de Miami Beach<\/a> &gt; <strong>Chapitre 112.664 de la FL<\/strong><\/nav>\n\t<ul>\n<li><a href=\"https:\/\/www.miamibeachfl.gov\/wp-content\/uploads\/2025\/07\/112.664-2024-MiamiBeachGeneral-compliance-report.pdf\">Chapitre 112.664 Rapport de conformit\u00e9<\/a><\/li>\n<li><a href=\"https:\/\/www.miamibeachfl.gov\/wp-content\/uploads\/2025\/12\/Actuarial-Valuation-for-MBERP-as-of-10.1.24-for-Contributions-Payable-in-Fiscal-Year-25-26-FINAL.pdf\">Rapport d&#039;\u00e9valuation actuarielle<\/a><\/li>\n<li><a href=\"https:\/\/www.miamibeachfl.gov\/wp-content\/uploads\/2025\/07\/2024-Financial-Statements-Miami-Beach-Employees-Retirement-Plan.pdf\">L&#039;\u00e9tat financier du plan<\/a><\/li>\n<li><a href=\"https:\/\/www.miamibeachfl.gov\/wp-content\/uploads\/2025\/12\/2024-MBERP-Florida-Local-Government-Retirement-Systems-Actuarial-Fact-Sheet-4.pdf\">Fiche d&#039;information sommaire actuarielle de la Division de la retraite pour le r\u00e9gime<\/a><\/li>\n<li><a href=\"https:\/\/www.miamibeachfl.gov\/wp-content\/uploads\/2025\/12\/2025-09-30-MBERP-60T-Disclosure-from-BCA.pdf\">Rendements d&#039;investissement historiques r\u00e9els par rapport aux rendements pr\u00e9vus<\/a><\/li>\n<\/ul>\n\t\tAcc\u00e9der \u00e0\u2026\t\t\t\n\t\t\t\t\t<ul id=\"menu-mberp\"><li id=\"menu-item-363202\"><a href=\"\/fr\/city-hall\/mberp\/actuarial-valuation\/\">\u00c9valuation actuarielle<\/a><\/li>\n<li id=\"menu-item-363203\"><a href=\"\/fr\/city-hall\/mberp\/agendas-minutes\/\">Ordres du jour<\/a><\/li>\n<li id=\"menu-item-363204\"><a href=\"\/fr\/city-hall\/mberp\/board-of-trustees\/\">Conseil d&#039;administration<\/a><\/li>\n<li id=\"menu-item-363205\"><a href=\"\/fr\/city-hall\/mberp\/deferred-retirement-option-plan\/\">BAISSE<\/a><\/li>\n<li id=\"menu-item-363207\"><a href=\"\/fr\/city-hall\/mberp\/internal-audit-reports\/\">Rapports d&#039;audit des r\u00e9gimes de retraite<\/a><\/li>\n<li id=\"menu-item-363208\"><a href=\"\/fr\/city-hall\/mberp\/quarterly-investment-report\/\">Rapport d&#039;investissement trimestriel<\/a><\/li>\n<li id=\"menu-item-363209\"><a href=\"\/fr\/city-hall\/mberp\/retiree-benefit-links\/\">Liens vers les avantages sociaux pour les retrait\u00e9s<\/a><\/li>\n<li id=\"menu-item-363210\"><a href=\"\/fr\/city-hall\/mberp\/national-retirement-benefit\/\">Prestation de retraite<\/a><\/li>\n<li id=\"menu-item-363211\"><a href=\"\/fr\/city-hall\/mberp\/the-plan\/\">Le plan<\/a><\/li>\n<li id=\"menu-item-386061\"><a href=\"https:\/\/www.pensiontechnologygroup.com\/miamibeach\">Portail libre-service pour la retraite<\/a><\/li>\n<li id=\"menu-item-386610\"><a href=\"https:\/\/www.miamibeachfl.gov\/fr\/city-hall\/mberp\/additional-information\/\">Informations compl\u00e9mentaires sur le MBERP<\/a><\/li>\n<li id=\"menu-item-386611\"><a href=\"https:\/\/www.miamibeachfl.gov\/fr\/city-hall\/mberp\/audit-report\/\">Portefeuille de fonds<\/a><\/li>\n<li id=\"menu-item-386612\"><a href=\"https:\/\/www.miamibeachfl.gov\/fr\/city-hall\/mberp\/fl-chapter-112-664\/\">Chapitre 112.664 de la FL<\/a><\/li>\n<li id=\"menu-item-386613\"><a href=\"https:\/\/www.miamibeachfl.gov\/fr\/city-hall\/mberp\/meeting-calendar\/\">Calendrier des r\u00e9unions<\/a><\/li>\n<li id=\"menu-item-386614\"><a href=\"https:\/\/www.miamibeachfl.gov\/fr\/city-hall\/mberp\/investment-policy\/\">Politique d&#039;investissement<\/a><\/li>\n<li id=\"menu-item-386615\"><a href=\"\/fr\/city-hall\/mberp\/other-links\/\">Autres liens<\/a><\/li>\n<\/ul>\t\n\t<div class=\"page-navigation\"><a class=\"prev-page\" href=\"https:\/\/www.miamibeachfl.gov\/fr\/city-hall\/mberp\/audit-report\/\">\u2190 Portefeuille de fonds<\/a> <a class=\"next-page\" href=\"https:\/\/www.miamibeachfl.gov\/fr\/city-hall\/mberp\/meeting-calendar\/\">Calendrier des r\u00e9unions \u2192<\/a><\/div>","protected":false},"excerpt":{"rendered":"<p>FL Chapter 112.664 Home &gt; City Hall &gt; MBERP &#8211; Miami Beach Employee Retirement Plan &gt; FL Chapter 112.664 Chapter [&hellip;]<\/p>\n","protected":false},"author":222,"featured_media":0,"parent":28734,"menu_order":181,"comment_status":"closed","ping_status":"closed","template":"","meta":{"_searchwp_excluded":"","site-sidebar-layout":"default","site-content-layout":"","ast-site-content-layout":"default","site-content-style":"default","site-sidebar-style":"default","ast-global-header-display":"","ast-banner-title-visibility":"","ast-main-header-display":"","ast-hfb-above-header-display":"","ast-hfb-below-header-display":"","ast-hfb-mobile-header-display":"","site-post-title":"","ast-breadcrumbs-content":"","ast-featured-img":"","footer-sml-layout":"","theme-transparent-header-meta":"","adv-header-id-meta":"","stick-header-meta":"","header-above-stick-meta":"","header-main-stick-meta":"","header-below-stick-meta":"","astra-migrate-meta-layouts":"default","ast-page-background-enabled":"default","ast-page-background-meta":{"desktop":{"background-color":"var(--ast-global-color-5)","background-image":"","background-repeat":"repeat","background-position":"center center","background-size":"auto","background-attachment":"scroll","background-type":"","background-media":"","overlay-type":"","overlay-color":"","overlay-opacity":"","overlay-gradient":""},"tablet":{"background-color":"","background-image":"","background-repeat":"repeat","background-position":"center center","background-size":"auto","background-attachment":"scroll","background-type":"","background-media":"","overlay-type":"","overlay-color":"","overlay-opacity":"","overlay-gradient":""},"mobile":{"background-color":"","background-image":"","background-repeat":"repeat","background-position":"center center","background-size":"auto","background-attachment":"scroll","background-type":"","background-media":"","overlay-type":"","overlay-color":"","overlay-opacity":"","overlay-gradient":""}},"ast-content-background-meta":{"desktop":{"background-color":"var(--ast-global-color-4)","background-image":"","background-repeat":"repeat","background-position":"center center","background-size":"auto","background-attachment":"scroll","background-type":"","background-media":"","overlay-type":"","overlay-color":"","overlay-opacity":"","overlay-gradient":""},"tablet":{"background-color":"var(--ast-global-color-4)","background-image":"","background-repeat":"repeat","background-position":"center center","background-size":"auto","background-attachment":"scroll","background-type":"","background-media":"","overlay-type":"","overlay-color":"","overlay-opacity":"","overlay-gradient":""},"mobile":{"background-color":"var(--ast-global-color-4)","background-image":"","background-repeat":"repeat","background-position":"center center","background-size":"auto","background-attachment":"scroll","background-type":"","background-media":"","overlay-type":"","overlay-color":"","overlay-opacity":"","overlay-gradient":""}},"footnotes":""},"categories":[],"tags":[],"class_list":["post-28740","page","type-page","status-publish","hentry"],"yoast_head":"<!-- This site is optimized with the Yoast SEO Premium plugin v27.4 (Yoast SEO v27.4) - https:\/\/yoast.com\/product\/yoast-seo-premium-wordpress\/ -->\n<title>FL Chapter 112.664 - City of Miami Beach<\/title>\n<meta name=\"description\" content=\"%\" \/>\n<meta name=\"robots\" content=\"index, follow, max-snippet:-1, max-image-preview:large, max-video-preview:-1\" \/>\n<link rel=\"canonical\" href=\"https:\/\/www.miamibeachfl.gov\/fr\/city-hall\/mberp\/fl-chapter-112-664\/\" \/>\n<meta property=\"og:locale\" content=\"fr_FR\" \/>\n<meta property=\"og:type\" content=\"article\" \/>\n<meta property=\"og:title\" content=\"FL Chapter 112.664\" \/>\n<meta property=\"og:description\" content=\"%\" \/>\n<meta property=\"og:url\" content=\"https:\/\/www.miamibeachfl.gov\/fr\/city-hall\/mberp\/fl-chapter-112-664\/\" \/>\n<meta property=\"og:site_name\" content=\"City of Miami Beach\" \/>\n<meta property=\"article:publisher\" content=\"https:\/\/www.facebook.com\/cityofmiamibeach\" \/>\n<meta property=\"article:modified_time\" content=\"2025-12-09T21:16:47+00:00\" \/>\n<meta property=\"og:image\" content=\"https:\/\/www.miamibeachfl.gov\/wp-content\/uploads\/2022\/07\/hero-small.jpg\" \/>\n<meta name=\"twitter:card\" content=\"summary_large_image\" \/>\n<meta name=\"twitter:site\" content=\"@Miamibeachnews\" \/>\n<script type=\"application\/ld+json\" class=\"yoast-schema-graph\">{\"@context\":\"https:\\\/\\\/schema.org\",\"@graph\":[{\"@type\":\"WebPage\",\"@id\":\"https:\\\/\\\/www.miamibeachfl.gov\\\/city-hall\\\/mberp\\\/fl-chapter-112-664\\\/\",\"url\":\"https:\\\/\\\/www.miamibeachfl.gov\\\/city-hall\\\/mberp\\\/fl-chapter-112-664\\\/\",\"name\":\"FL Chapter 112.664 - City of Miami Beach\",\"isPartOf\":{\"@id\":\"https:\\\/\\\/www.miamibeachfl.gov\\\/#website\"},\"primaryImageOfPage\":{\"@id\":\"https:\\\/\\\/www.miamibeachfl.gov\\\/city-hall\\\/mberp\\\/fl-chapter-112-664\\\/#primaryimage\"},\"image\":{\"@id\":\"https:\\\/\\\/www.miamibeachfl.gov\\\/city-hall\\\/mberp\\\/fl-chapter-112-664\\\/#primaryimage\"},\"thumbnailUrl\":\"https:\\\/\\\/www.miamibeachfl.gov\\\/wp-content\\\/uploads\\\/2022\\\/07\\\/hero-small.jpg\",\"datePublished\":\"2017-08-11T00:07:59+00:00\",\"dateModified\":\"2025-12-09T21:16:47+00:00\",\"description\":\"%\",\"breadcrumb\":{\"@id\":\"https:\\\/\\\/www.miamibeachfl.gov\\\/city-hall\\\/mberp\\\/fl-chapter-112-664\\\/#breadcrumb\"},\"inLanguage\":\"fr-FR\",\"potentialAction\":[{\"@type\":\"ReadAction\",\"target\":[\"https:\\\/\\\/www.miamibeachfl.gov\\\/city-hall\\\/mberp\\\/fl-chapter-112-664\\\/\"]}]},{\"@type\":\"ImageObject\",\"inLanguage\":\"fr-FR\",\"@id\":\"https:\\\/\\\/www.miamibeachfl.gov\\\/city-hall\\\/mberp\\\/fl-chapter-112-664\\\/#primaryimage\",\"url\":\"https:\\\/\\\/www.miamibeachfl.gov\\\/wp-content\\\/uploads\\\/2022\\\/07\\\/hero-small.jpg\",\"contentUrl\":\"https:\\\/\\\/www.miamibeachfl.gov\\\/wp-content\\\/uploads\\\/2022\\\/07\\\/hero-small.jpg\"},{\"@type\":\"BreadcrumbList\",\"@id\":\"https:\\\/\\\/www.miamibeachfl.gov\\\/city-hall\\\/mberp\\\/fl-chapter-112-664\\\/#breadcrumb\",\"itemListElement\":[{\"@type\":\"ListItem\",\"position\":1,\"name\":\"Home\",\"item\":\"https:\\\/\\\/www.miamibeachfl.gov\\\/\"},{\"@type\":\"ListItem\",\"position\":2,\"name\":\"City Hall\",\"item\":\"https:\\\/\\\/www.miamibeachfl.gov\\\/city-hall\\\/\"},{\"@type\":\"ListItem\",\"position\":3,\"name\":\"MBERP &#8211; Miami Beach Employee Retirement Plan\",\"item\":\"https:\\\/\\\/www.miamibeachfl.gov\\\/city-hall\\\/mberp\\\/\"},{\"@type\":\"ListItem\",\"position\":4,\"name\":\"FL Chapter 112.664\"}]},{\"@type\":\"WebSite\",\"@id\":\"https:\\\/\\\/www.miamibeachfl.gov\\\/#website\",\"url\":\"https:\\\/\\\/www.miamibeachfl.gov\\\/\",\"name\":\"City of Miami Beach\",\"description\":\"The official website of the City of Miami Beach. Stay informed, find important information on city services, news, alerts, events, trolley routes, government employment and more.\",\"publisher\":{\"@id\":\"https:\\\/\\\/www.miamibeachfl.gov\\\/#organization\"},\"potentialAction\":[{\"@type\":\"SearchAction\",\"target\":{\"@type\":\"EntryPoint\",\"urlTemplate\":\"https:\\\/\\\/www.miamibeachfl.gov\\\/?s={search_term_string}\"},\"query-input\":{\"@type\":\"PropertyValueSpecification\",\"valueRequired\":true,\"valueName\":\"search_term_string\"}}],\"inLanguage\":\"fr-FR\"},{\"@type\":\"Organization\",\"@id\":\"https:\\\/\\\/www.miamibeachfl.gov\\\/#organization\",\"name\":\"City of Miami Beach\",\"url\":\"https:\\\/\\\/www.miamibeachfl.gov\\\/\",\"logo\":{\"@type\":\"ImageObject\",\"inLanguage\":\"fr-FR\",\"@id\":\"https:\\\/\\\/www.miamibeachfl.gov\\\/#\\\/schema\\\/logo\\\/image\\\/\",\"url\":\"https:\\\/\\\/www.miamibeachfl.gov\\\/wp-content\\\/uploads\\\/2022\\\/06\\\/miamibeach-logoblue.png\",\"contentUrl\":\"https:\\\/\\\/www.miamibeachfl.gov\\\/wp-content\\\/uploads\\\/2022\\\/06\\\/miamibeach-logoblue.png\",\"width\":1962,\"height\":381,\"caption\":\"City of Miami Beach\"},\"image\":{\"@id\":\"https:\\\/\\\/www.miamibeachfl.gov\\\/#\\\/schema\\\/logo\\\/image\\\/\"},\"sameAs\":[\"https:\\\/\\\/www.facebook.com\\\/cityofmiamibeach\",\"https:\\\/\\\/x.com\\\/Miamibeachnews\",\"https:\\\/\\\/www.instagram.com\\\/miamibeachnews\\\/\"],\"description\":\"The official website of the City of Miami Beach. Stay informed, find important information on city services, news, alerts, events, trolley routes, government employment and more.\",\"telephone\":\"305.604.CITY(2489)\",\"legalName\":\"City of Miami Beach\"}]}<\/script>\n<!-- \/ Yoast SEO Premium plugin. -->","yoast_head_json":{"title":"Chapitre 112.664 de la Floride \u2013 Ville de Miami Beach","description":"%","robots":{"index":"index","follow":"follow","max-snippet":"max-snippet:-1","max-image-preview":"max-image-preview:large","max-video-preview":"max-video-preview:-1"},"canonical":"https:\/\/www.miamibeachfl.gov\/fr\/city-hall\/mberp\/fl-chapter-112-664\/","og_locale":"fr_FR","og_type":"article","og_title":"FL Chapter 112.664","og_description":"%","og_url":"https:\/\/www.miamibeachfl.gov\/fr\/city-hall\/mberp\/fl-chapter-112-664\/","og_site_name":"City of Miami Beach","article_publisher":"https:\/\/www.facebook.com\/cityofmiamibeach","article_modified_time":"2025-12-09T21:16:47+00:00","og_image":[{"url":"https:\/\/www.miamibeachfl.gov\/wp-content\/uploads\/2022\/07\/hero-small.jpg","type":"","width":"","height":""}],"twitter_card":"summary_large_image","twitter_site":"@Miamibeachnews","schema":{"@context":"https:\/\/schema.org","@graph":[{"@type":"WebPage","@id":"https:\/\/www.miamibeachfl.gov\/city-hall\/mberp\/fl-chapter-112-664\/","url":"https:\/\/www.miamibeachfl.gov\/city-hall\/mberp\/fl-chapter-112-664\/","name":"Chapitre 112.664 de la Floride \u2013 Ville de Miami Beach","isPartOf":{"@id":"https:\/\/www.miamibeachfl.gov\/#website"},"primaryImageOfPage":{"@id":"https:\/\/www.miamibeachfl.gov\/city-hall\/mberp\/fl-chapter-112-664\/#primaryimage"},"image":{"@id":"https:\/\/www.miamibeachfl.gov\/city-hall\/mberp\/fl-chapter-112-664\/#primaryimage"},"thumbnailUrl":"https:\/\/www.miamibeachfl.gov\/wp-content\/uploads\/2022\/07\/hero-small.jpg","datePublished":"2017-08-11T00:07:59+00:00","dateModified":"2025-12-09T21:16:47+00:00","description":"%","breadcrumb":{"@id":"https:\/\/www.miamibeachfl.gov\/city-hall\/mberp\/fl-chapter-112-664\/#breadcrumb"},"inLanguage":"fr-FR","potentialAction":[{"@type":"ReadAction","target":["https:\/\/www.miamibeachfl.gov\/city-hall\/mberp\/fl-chapter-112-664\/"]}]},{"@type":"ImageObject","inLanguage":"fr-FR","@id":"https:\/\/www.miamibeachfl.gov\/city-hall\/mberp\/fl-chapter-112-664\/#primaryimage","url":"https:\/\/www.miamibeachfl.gov\/wp-content\/uploads\/2022\/07\/hero-small.jpg","contentUrl":"https:\/\/www.miamibeachfl.gov\/wp-content\/uploads\/2022\/07\/hero-small.jpg"},{"@type":"BreadcrumbList","@id":"https:\/\/www.miamibeachfl.gov\/city-hall\/mberp\/fl-chapter-112-664\/#breadcrumb","itemListElement":[{"@type":"ListItem","position":1,"name":"Home","item":"https:\/\/www.miamibeachfl.gov\/"},{"@type":"ListItem","position":2,"name":"City Hall","item":"https:\/\/www.miamibeachfl.gov\/city-hall\/"},{"@type":"ListItem","position":3,"name":"MBERP &#8211; Miami Beach Employee Retirement Plan","item":"https:\/\/www.miamibeachfl.gov\/city-hall\/mberp\/"},{"@type":"ListItem","position":4,"name":"FL Chapter 112.664"}]},{"@type":"WebSite","@id":"https:\/\/www.miamibeachfl.gov\/#website","url":"https:\/\/www.miamibeachfl.gov\/","name":"Ville de Miami Beach","description":"Site officiel de la ville de Miami Beach. Restez inform\u00e9 et trouvez des informations importantes sur les services municipaux, les actualit\u00e9s, les alertes, les \u00e9v\u00e9nements, les itin\u00e9raires de tramway, les emplois gouvernementaux et bien plus encore.","publisher":{"@id":"https:\/\/www.miamibeachfl.gov\/#organization"},"potentialAction":[{"@type":"SearchAction","target":{"@type":"EntryPoint","urlTemplate":"https:\/\/www.miamibeachfl.gov\/?s={search_term_string}"},"query-input":{"@type":"PropertyValueSpecification","valueRequired":true,"valueName":"search_term_string"}}],"inLanguage":"fr-FR"},{"@type":"Organization","@id":"https:\/\/www.miamibeachfl.gov\/#organization","name":"Ville de Miami Beach","url":"https:\/\/www.miamibeachfl.gov\/","logo":{"@type":"ImageObject","inLanguage":"fr-FR","@id":"https:\/\/www.miamibeachfl.gov\/#\/schema\/logo\/image\/","url":"https:\/\/www.miamibeachfl.gov\/wp-content\/uploads\/2022\/06\/miamibeach-logoblue.png","contentUrl":"https:\/\/www.miamibeachfl.gov\/wp-content\/uploads\/2022\/06\/miamibeach-logoblue.png","width":1962,"height":381,"caption":"City of Miami Beach"},"image":{"@id":"https:\/\/www.miamibeachfl.gov\/#\/schema\/logo\/image\/"},"sameAs":["https:\/\/www.facebook.com\/cityofmiamibeach","https:\/\/x.com\/Miamibeachnews","https:\/\/www.instagram.com\/miamibeachnews\/"],"description":"Site officiel de la ville de Miami Beach. Restez inform\u00e9 et trouvez des informations importantes sur les services municipaux, les actualit\u00e9s, les alertes, les \u00e9v\u00e9nements, les itin\u00e9raires de tramway, les emplois gouvernementaux et bien plus encore.","telephone":"305.604.CITY(2489)","legalName":"City of Miami Beach"}]}},"_links":{"self":[{"href":"https:\/\/www.miamibeachfl.gov\/fr\/wp-json\/wp\/v2\/pages\/28740","targetHints":{"allow":["GET"]}}],"collection":[{"href":"https:\/\/www.miamibeachfl.gov\/fr\/wp-json\/wp\/v2\/pages"}],"about":[{"href":"https:\/\/www.miamibeachfl.gov\/fr\/wp-json\/wp\/v2\/types\/page"}],"author":[{"embeddable":true,"href":"https:\/\/www.miamibeachfl.gov\/fr\/wp-json\/wp\/v2\/users\/222"}],"replies":[{"embeddable":true,"href":"https:\/\/www.miamibeachfl.gov\/fr\/wp-json\/wp\/v2\/comments?post=28740"}],"version-history":[{"count":11,"href":"https:\/\/www.miamibeachfl.gov\/fr\/wp-json\/wp\/v2\/pages\/28740\/revisions"}],"predecessor-version":[{"id":393217,"href":"https:\/\/www.miamibeachfl.gov\/fr\/wp-json\/wp\/v2\/pages\/28740\/revisions\/393217"}],"up":[{"embeddable":true,"href":"https:\/\/www.miamibeachfl.gov\/fr\/wp-json\/wp\/v2\/pages\/28734"}],"wp:attachment":[{"href":"https:\/\/www.miamibeachfl.gov\/fr\/wp-json\/wp\/v2\/media?parent=28740"}],"wp:term":[{"taxonomy":"category","embeddable":true,"href":"https:\/\/www.miamibeachfl.gov\/fr\/wp-json\/wp\/v2\/categories?post=28740"},{"taxonomy":"post_tag","embeddable":true,"href":"https:\/\/www.miamibeachfl.gov\/fr\/wp-json\/wp\/v2\/tags?post=28740"}],"curies":[{"name":"wp","href":"https:\/\/api.w.org\/{rel}","templated":true}]}}