{"id":28743,"date":"2017-08-11T00:08:00","date_gmt":"2017-08-11T00:08:00","guid":{"rendered":"http:\/\/www.miamibeachfl.gov\/city-hall\/transportation\/"},"modified":"2026-03-13T15:29:19","modified_gmt":"2026-03-13T19:29:19","slug":"transportation","status":"publish","type":"page","link":"https:\/\/www.miamibeachfl.gov\/fr\/city-hall\/transportation\/","title":{"rendered":"Transports et mobilit\u00e9"},"content":{"rendered":"<h1>\n\t\t\tTransports et mobilit\u00e9\t<\/h1>\n\t<nav id=\"breadcrumbs\" aria-label=\"Fil d&#039;Ariane\"><a href=\"https:\/\/www.miamibeachfl.gov\/fr\/\">Maison<\/a> &gt; <a href=\"https:\/\/www.miamibeachfl.gov\/fr\/city-hall\/\">l&#039;h\u00f4tel de ville<\/a> &gt; <strong>Transports et mobilit\u00e9<\/strong><\/nav>\n\t<p>Le service des transports et de la mobilit\u00e9 de la ville de Miami Beach veille \u00e0 ce que les habitants et les visiteurs de notre paradis tropical b\u00e9n\u00e9ficient d&#039;un syst\u00e8me de transport s\u00fbr, efficace, \u00e9quilibr\u00e9 et respectueux de l&#039;environnement. Sous la direction de la Commission municipale, le service contribue \u00e0 la mise en \u0153uvre des projets recommand\u00e9s dans le Plan directeur des transports adopt\u00e9, un effort visant \u00e0 d\u00e9finir une vision multimodale globale pour l&#039;avenir des transports de la ville.<\/p>\n<h2><strong>Mission<\/strong><\/h2>\n<p>\u00ab Assurer la circulation s\u00fbre, s\u00e9curis\u00e9e et efficace des personnes et des biens dans un syst\u00e8me de transport qui offre mobilit\u00e9, qualit\u00e9 de vie et accessibilit\u00e9, et favorise les modes de d\u00e9placement alternatifs, tout en garantissant la durabilit\u00e9 environnementale et \u00e9conomique, et en am\u00e9liorant la qualit\u00e9 de vie de tous ceux qui vivent, travaillent et se divertissent dans notre communaut\u00e9 tropicale, historique et dynamique. \u00bb<\/p>\n\t\t\t\t<img decoding=\"async\" src=\"https:\/\/www.miamibeachfl.gov\/wp-content\/uploads\/2017\/11\/IMG_429420JoseGonzalez.jpeg\" alt=\"JoseGonzalez\" itemprop=\"image\" height=\"602\" width=\"600\" title=\"Jos\u00e9 Gonzalez\" onerror=\"this.style.display='none'\" loading=\"lazy\" \/>\n<h2>\n\t\t\tJos\u00e9 R. Gonz\u00e1lez, ing\u00e9nieur \u00e9lectricien\t<\/h2>\n\t<p>M. Jos\u00e9 R. Gonz\u00e1lez est un leader reconnu dans le domaine des transports avec 30 ans d\u2019exp\u00e9rience dans les secteurs priv\u00e9 et public.\u00a0\u00a0<strong><a href=\"https:\/\/www.miamibeachfl.gov\/fr\/city-hall\/transportation\/jose-gonzalez-bio\/\">En savoir plus\u00a0<\/a><\/strong><\/p>\n<h2>\n\t\t\tLiens principaux\t<\/h2>\n\t\t\t<a href=\"https:\/\/www.miamibeachfl.gov\/fr\/city-hall\/transportation\/water-taxi\/\" target=\"_self\">\n\t\t\t\t\t\t\tTaxi fluvial\n\t\t\t<\/a>\n\t\t\t<a href=\"https:\/\/tinyurl.com\/yalxoejf\" target=\"_self\">\n\t\t\t\t\t\t\tProjet de corridor de transport rapide de la plage\u00a0: rapport pr\u00e9liminaire d&#039;\u00e9tude sur le d\u00e9veloppement du projet et l&#039;environnement (PD&amp;E)\n\t\t\t<\/a>\n\t\t\t<a href=\"\/wp-content\/uploads\/2023\/11\/BetterBusInformation.pdf\" target=\"_self\">\n\t\t\t\t\t\t\tMeilleures informations sur le r\u00e9seau de bus\n\t\t\t<\/a>\n\t\t\t<a href=\"\/fr\/city-hall\/transportation\/trolley\/\" target=\"_self\">\n\t\t\t\t\t\t\tTramway gratuit dans toute la ville\n\t\t\t<\/a>\n\t\t\t<a href=\"http:\/\/www.i395-miami.com\/miamibeachtrafficreport\/\/kristy-bada-bio\/\" target=\"_self\">\n\t\t\t\t\t\t\tCarte interactive des projets de construction du FDOT\n\t\t\t<\/a>\n\t\t\t<a href=\"\/fr\/city-hall\/transportation\/tracking-trolley-live\/\" target=\"_self\">\n\t\t\t\t\t\t\tSuivi des chariots en direct\n\t\t\t<\/a>\n\t\t\t<a href=\"\/fr\/city-hall\/transportation\/on-demand-transit-service\/\" target=\"_self\">\n\t\t\t\t\t\t\tService de transport \u00e0 la demande FREEBEE\n\t\t\t<\/a>\n\t\t\t<a href=\"\/fr\/city-hall\/parking\/transportation-parking-and-bicycle-pedestrian-facilities-committee\/\" target=\"_self\">\n\t\t\t\t\t\t\tComit\u00e9 des am\u00e9nagements pour le stationnement et les v\u00e9los pour pi\u00e9tons\n\t\t\t<\/a>\n\t\t\t<a href=\"\/fr\/city-hall\/transportation\/bicycle-and-pedestrians\/\" target=\"_self\">\n\t\t\t\t\t\t\tPi\u00e9tons et v\u00e9los\n\t\t\t<\/a>\n\t\t\t<a href=\"\/fr\/city-hall\/transportation\/plans-studies\/\" target=\"_self\">\n\t\t\t\t\t\t\tPlans et \u00e9tudes\n\t\t\t<\/a>","protected":false},"excerpt":{"rendered":"<p><a href=\"tel:3056737514\" style=\"text-decoration:none; color:#004896;\"><br \/>\n    <i class=\"fa-solid fa-phone\"><\/i> 305.673.7514<\/a><\/p>","protected":false},"author":222,"featured_media":223970,"parent":28206,"menu_order":371,"comment_status":"closed","ping_status":"closed","template":"","meta":{"_searchwp_excluded":"","site-sidebar-layout":"default","site-content-layout":"","ast-site-content-layout":"default","site-content-style":"default","site-sidebar-style":"default","ast-global-header-display":"","ast-banner-title-visibility":"","ast-main-header-display":"","ast-hfb-above-header-display":"","ast-hfb-below-header-display":"","ast-hfb-mobile-header-display":"","site-post-title":"","ast-breadcrumbs-content":"","ast-featured-img":"","footer-sml-layout":"","theme-transparent-header-meta":"","adv-header-id-meta":"","stick-header-meta":"","header-above-stick-meta":"","header-main-stick-meta":"","header-below-stick-meta":"","astra-migrate-meta-layouts":"default","ast-page-background-enabled":"default","ast-page-background-meta":{"desktop":{"background-color":"var(--ast-global-color-5)","background-image":"","background-repeat":"repeat","background-position":"center center","background-size":"auto","background-attachment":"scroll","background-type":"","background-media":"","overlay-type":"","overlay-color":"","overlay-opacity":"","overlay-gradient":""},"tablet":{"background-color":"","background-image":"","background-repeat":"repeat","background-position":"center center","background-size":"auto","background-attachment":"scroll","background-type":"","background-media":"","overlay-type":"","overlay-color":"","overlay-opacity":"","overlay-gradient":""},"mobile":{"background-color":"","background-image":"","background-repeat":"repeat","background-position":"center center","background-size":"auto","background-attachment":"scroll","background-type":"","background-media":"","overlay-type":"","overlay-color":"","overlay-opacity":"","overlay-gradient":""}},"ast-content-background-meta":{"desktop":{"background-color":"var(--ast-global-color-4)","background-image":"","background-repeat":"repeat","background-position":"center center","background-size":"auto","background-attachment":"scroll","background-type":"","background-media":"","overlay-type":"","overlay-color":"","overlay-opacity":"","overlay-gradient":""},"tablet":{"background-color":"var(--ast-global-color-4)","background-image":"","background-repeat":"repeat","background-position":"center center","background-size":"auto","background-attachment":"scroll","background-type":"","background-media":"","overlay-type":"","overlay-color":"","overlay-opacity":"","overlay-gradient":""},"mobile":{"background-color":"var(--ast-global-color-4)","background-image":"","background-repeat":"repeat","background-position":"center center","background-size":"auto","background-attachment":"scroll","background-type":"","background-media":"","overlay-type":"","overlay-color":"","overlay-opacity":"","overlay-gradient":""}},"footnotes":""},"categories":[],"tags":[1730,1734],"class_list":["post-28743","page","type-page","status-publish","has-post-thumbnail","hentry","tag-city-services","tag-transportation"],"yoast_head":"<!-- This site is optimized with the Yoast SEO Premium plugin v27.4 (Yoast SEO v27.4) - https:\/\/yoast.com\/product\/yoast-seo-premium-wordpress\/ -->\n<title>Transportation &amp; Mobility - City of Miami Beach<\/title>\n<meta name=\"description\" content=\"The Transportation Department ensures the safe and efficient movement of people and goods in a wide ranging public transportation system.The City of Miami Beach\u2019s Transportation and Mobility Department works to ensure city residents and guests in our tropical paradise have a safe, efficient, balanced and environmentally sound transportation system.\" \/>\n<meta name=\"robots\" content=\"index, follow, max-snippet:-1, max-image-preview:large, max-video-preview:-1\" \/>\n<link rel=\"canonical\" href=\"https:\/\/www.miamibeachfl.gov\/fr\/city-hall\/transportation\/\" \/>\n<meta property=\"og:locale\" content=\"fr_FR\" \/>\n<meta property=\"og:type\" content=\"article\" \/>\n<meta property=\"og:title\" content=\"Transportation &amp; Mobility\" \/>\n<meta property=\"og:description\" content=\"The Transportation Department ensures the safe and efficient movement of people and goods in a wide ranging public transportation system.The City of Miami Beach\u2019s Transportation and Mobility Department works to ensure city residents and guests in our tropical paradise have a safe, efficient, balanced and environmentally sound transportation system.\" \/>\n<meta property=\"og:url\" content=\"https:\/\/www.miamibeachfl.gov\/fr\/city-hall\/transportation\/\" \/>\n<meta property=\"og:site_name\" content=\"City of Miami Beach\" \/>\n<meta property=\"article:publisher\" content=\"https:\/\/www.facebook.com\/cityofmiamibeach\" \/>\n<meta property=\"article:modified_time\" content=\"2026-03-13T19:29:19+00:00\" \/>\n<meta property=\"og:image\" content=\"https:\/\/www.miamibeachfl.gov\/wp-content\/uploads\/2022\/09\/MiamiBeach-Trolley.jpg\" \/>\n\t<meta property=\"og:image:width\" content=\"1410\" \/>\n\t<meta property=\"og:image:height\" content=\"882\" \/>\n\t<meta property=\"og:image:type\" content=\"image\/jpeg\" \/>\n<meta name=\"twitter:card\" content=\"summary_large_image\" \/>\n<meta name=\"twitter:site\" content=\"@Miamibeachnews\" \/>\n<script type=\"application\/ld+json\" class=\"yoast-schema-graph\">{\"@context\":\"https:\\\/\\\/schema.org\",\"@graph\":[{\"@type\":\"WebPage\",\"@id\":\"https:\\\/\\\/www.miamibeachfl.gov\\\/city-hall\\\/transportation\\\/\",\"url\":\"https:\\\/\\\/www.miamibeachfl.gov\\\/city-hall\\\/transportation\\\/\",\"name\":\"Transportation & Mobility - City of Miami Beach\",\"isPartOf\":{\"@id\":\"https:\\\/\\\/www.miamibeachfl.gov\\\/#website\"},\"primaryImageOfPage\":{\"@id\":\"https:\\\/\\\/www.miamibeachfl.gov\\\/city-hall\\\/transportation\\\/#primaryimage\"},\"image\":{\"@id\":\"https:\\\/\\\/www.miamibeachfl.gov\\\/city-hall\\\/transportation\\\/#primaryimage\"},\"thumbnailUrl\":\"https:\\\/\\\/www.miamibeachfl.gov\\\/wp-content\\\/uploads\\\/2022\\\/09\\\/MiamiBeach-Trolley.jpg\",\"datePublished\":\"2017-08-11T00:08:00+00:00\",\"dateModified\":\"2026-03-13T19:29:19+00:00\",\"description\":\"The Transportation Department ensures the safe and efficient movement of people and goods in a wide ranging public transportation system.The City of Miami Beach\u2019s Transportation and Mobility Department works to ensure city residents and guests in our tropical paradise have a safe, efficient, balanced and environmentally sound transportation system.\",\"breadcrumb\":{\"@id\":\"https:\\\/\\\/www.miamibeachfl.gov\\\/city-hall\\\/transportation\\\/#breadcrumb\"},\"inLanguage\":\"fr-FR\",\"potentialAction\":[{\"@type\":\"ReadAction\",\"target\":[\"https:\\\/\\\/www.miamibeachfl.gov\\\/city-hall\\\/transportation\\\/\"]}]},{\"@type\":\"ImageObject\",\"inLanguage\":\"fr-FR\",\"@id\":\"https:\\\/\\\/www.miamibeachfl.gov\\\/city-hall\\\/transportation\\\/#primaryimage\",\"url\":\"https:\\\/\\\/www.miamibeachfl.gov\\\/wp-content\\\/uploads\\\/2022\\\/09\\\/MiamiBeach-Trolley.jpg\",\"contentUrl\":\"https:\\\/\\\/www.miamibeachfl.gov\\\/wp-content\\\/uploads\\\/2022\\\/09\\\/MiamiBeach-Trolley.jpg\",\"width\":1410,\"height\":882,\"caption\":\"Miami Beach Getting Around the Free Trolley\"},{\"@type\":\"BreadcrumbList\",\"@id\":\"https:\\\/\\\/www.miamibeachfl.gov\\\/city-hall\\\/transportation\\\/#breadcrumb\",\"itemListElement\":[{\"@type\":\"ListItem\",\"position\":1,\"name\":\"Home\",\"item\":\"https:\\\/\\\/www.miamibeachfl.gov\\\/\"},{\"@type\":\"ListItem\",\"position\":2,\"name\":\"City Hall\",\"item\":\"https:\\\/\\\/www.miamibeachfl.gov\\\/city-hall\\\/\"},{\"@type\":\"ListItem\",\"position\":3,\"name\":\"Transportation &#038; Mobility\"}]},{\"@type\":\"WebSite\",\"@id\":\"https:\\\/\\\/www.miamibeachfl.gov\\\/#website\",\"url\":\"https:\\\/\\\/www.miamibeachfl.gov\\\/\",\"name\":\"City of Miami Beach\",\"description\":\"The official website of the City of Miami Beach. Stay informed, find important information on city services, news, alerts, events, trolley routes, government employment and more.\",\"publisher\":{\"@id\":\"https:\\\/\\\/www.miamibeachfl.gov\\\/#organization\"},\"potentialAction\":[{\"@type\":\"SearchAction\",\"target\":{\"@type\":\"EntryPoint\",\"urlTemplate\":\"https:\\\/\\\/www.miamibeachfl.gov\\\/?s={search_term_string}\"},\"query-input\":{\"@type\":\"PropertyValueSpecification\",\"valueRequired\":true,\"valueName\":\"search_term_string\"}}],\"inLanguage\":\"fr-FR\"},{\"@type\":\"Organization\",\"@id\":\"https:\\\/\\\/www.miamibeachfl.gov\\\/#organization\",\"name\":\"City of Miami Beach\",\"url\":\"https:\\\/\\\/www.miamibeachfl.gov\\\/\",\"logo\":{\"@type\":\"ImageObject\",\"inLanguage\":\"fr-FR\",\"@id\":\"https:\\\/\\\/www.miamibeachfl.gov\\\/#\\\/schema\\\/logo\\\/image\\\/\",\"url\":\"https:\\\/\\\/www.miamibeachfl.gov\\\/wp-content\\\/uploads\\\/2022\\\/06\\\/miamibeach-logoblue.png\",\"contentUrl\":\"https:\\\/\\\/www.miamibeachfl.gov\\\/wp-content\\\/uploads\\\/2022\\\/06\\\/miamibeach-logoblue.png\",\"width\":1962,\"height\":381,\"caption\":\"City of Miami Beach\"},\"image\":{\"@id\":\"https:\\\/\\\/www.miamibeachfl.gov\\\/#\\\/schema\\\/logo\\\/image\\\/\"},\"sameAs\":[\"https:\\\/\\\/www.facebook.com\\\/cityofmiamibeach\",\"https:\\\/\\\/x.com\\\/Miamibeachnews\",\"https:\\\/\\\/www.instagram.com\\\/miamibeachnews\\\/\"],\"description\":\"The official website of the City of Miami Beach. Stay informed, find important information on city services, news, alerts, events, trolley routes, government employment and more.\",\"telephone\":\"305.604.CITY(2489)\",\"legalName\":\"City of Miami Beach\"}]}<\/script>\n<!-- \/ Yoast SEO Premium plugin. -->","yoast_head_json":{"title":"Transports et mobilit\u00e9 - Ville de Miami Beach","description":"Le d\u00e9partement des transports assure le d\u00e9placement s\u00fbr et efficace des personnes et des marchandises dans un vaste syst\u00e8me de transport public. Le d\u00e9partement des transports et de la mobilit\u00e9 de la ville de Miami Beach s&#039;efforce de garantir que les r\u00e9sidents de la ville et les invit\u00e9s de notre paradis tropical disposent d&#039;un syst\u00e8me de transport s\u00fbr, efficace, \u00e9quilibr\u00e9 et respectueux de l&#039;environnement.","robots":{"index":"index","follow":"follow","max-snippet":"max-snippet:-1","max-image-preview":"max-image-preview:large","max-video-preview":"max-video-preview:-1"},"canonical":"https:\/\/www.miamibeachfl.gov\/fr\/city-hall\/transportation\/","og_locale":"fr_FR","og_type":"article","og_title":"Transportation & Mobility","og_description":"The Transportation Department ensures the safe and efficient movement of people and goods in a wide ranging public transportation system.The City of Miami Beach\u2019s Transportation and Mobility Department works to ensure city residents and guests in our tropical paradise have a safe, efficient, balanced and environmentally sound transportation system.","og_url":"https:\/\/www.miamibeachfl.gov\/fr\/city-hall\/transportation\/","og_site_name":"City of Miami Beach","article_publisher":"https:\/\/www.facebook.com\/cityofmiamibeach","article_modified_time":"2026-03-13T19:29:19+00:00","og_image":[{"width":1410,"height":882,"url":"https:\/\/www.miamibeachfl.gov\/wp-content\/uploads\/2022\/09\/MiamiBeach-Trolley.jpg","type":"image\/jpeg"}],"twitter_card":"summary_large_image","twitter_site":"@Miamibeachnews","schema":{"@context":"https:\/\/schema.org","@graph":[{"@type":"WebPage","@id":"https:\/\/www.miamibeachfl.gov\/city-hall\/transportation\/","url":"https:\/\/www.miamibeachfl.gov\/city-hall\/transportation\/","name":"Transports et mobilit\u00e9 - Ville de Miami Beach","isPartOf":{"@id":"https:\/\/www.miamibeachfl.gov\/#website"},"primaryImageOfPage":{"@id":"https:\/\/www.miamibeachfl.gov\/city-hall\/transportation\/#primaryimage"},"image":{"@id":"https:\/\/www.miamibeachfl.gov\/city-hall\/transportation\/#primaryimage"},"thumbnailUrl":"https:\/\/www.miamibeachfl.gov\/wp-content\/uploads\/2022\/09\/MiamiBeach-Trolley.jpg","datePublished":"2017-08-11T00:08:00+00:00","dateModified":"2026-03-13T19:29:19+00:00","description":"Le d\u00e9partement des transports assure le d\u00e9placement s\u00fbr et efficace des personnes et des marchandises dans un vaste syst\u00e8me de transport public. Le d\u00e9partement des transports et de la mobilit\u00e9 de la ville de Miami Beach s&#039;efforce de garantir que les r\u00e9sidents de la ville et les invit\u00e9s de notre paradis tropical disposent d&#039;un syst\u00e8me de transport s\u00fbr, efficace, \u00e9quilibr\u00e9 et respectueux de l&#039;environnement.","breadcrumb":{"@id":"https:\/\/www.miamibeachfl.gov\/city-hall\/transportation\/#breadcrumb"},"inLanguage":"fr-FR","potentialAction":[{"@type":"ReadAction","target":["https:\/\/www.miamibeachfl.gov\/city-hall\/transportation\/"]}]},{"@type":"ImageObject","inLanguage":"fr-FR","@id":"https:\/\/www.miamibeachfl.gov\/city-hall\/transportation\/#primaryimage","url":"https:\/\/www.miamibeachfl.gov\/wp-content\/uploads\/2022\/09\/MiamiBeach-Trolley.jpg","contentUrl":"https:\/\/www.miamibeachfl.gov\/wp-content\/uploads\/2022\/09\/MiamiBeach-Trolley.jpg","width":1410,"height":882,"caption":"Miami Beach Getting Around the Free Trolley"},{"@type":"BreadcrumbList","@id":"https:\/\/www.miamibeachfl.gov\/city-hall\/transportation\/#breadcrumb","itemListElement":[{"@type":"ListItem","position":1,"name":"Home","item":"https:\/\/www.miamibeachfl.gov\/"},{"@type":"ListItem","position":2,"name":"City Hall","item":"https:\/\/www.miamibeachfl.gov\/city-hall\/"},{"@type":"ListItem","position":3,"name":"Transportation &#038; Mobility"}]},{"@type":"WebSite","@id":"https:\/\/www.miamibeachfl.gov\/#website","url":"https:\/\/www.miamibeachfl.gov\/","name":"Ville de Miami Beach","description":"Site officiel de la ville de Miami Beach. Restez inform\u00e9 et trouvez des informations importantes sur les services municipaux, les actualit\u00e9s, les alertes, les \u00e9v\u00e9nements, les itin\u00e9raires de tramway, les emplois gouvernementaux et bien plus encore.","publisher":{"@id":"https:\/\/www.miamibeachfl.gov\/#organization"},"potentialAction":[{"@type":"SearchAction","target":{"@type":"EntryPoint","urlTemplate":"https:\/\/www.miamibeachfl.gov\/?s={search_term_string}"},"query-input":{"@type":"PropertyValueSpecification","valueRequired":true,"valueName":"search_term_string"}}],"inLanguage":"fr-FR"},{"@type":"Organization","@id":"https:\/\/www.miamibeachfl.gov\/#organization","name":"Ville de Miami Beach","url":"https:\/\/www.miamibeachfl.gov\/","logo":{"@type":"ImageObject","inLanguage":"fr-FR","@id":"https:\/\/www.miamibeachfl.gov\/#\/schema\/logo\/image\/","url":"https:\/\/www.miamibeachfl.gov\/wp-content\/uploads\/2022\/06\/miamibeach-logoblue.png","contentUrl":"https:\/\/www.miamibeachfl.gov\/wp-content\/uploads\/2022\/06\/miamibeach-logoblue.png","width":1962,"height":381,"caption":"City of Miami Beach"},"image":{"@id":"https:\/\/www.miamibeachfl.gov\/#\/schema\/logo\/image\/"},"sameAs":["https:\/\/www.facebook.com\/cityofmiamibeach","https:\/\/x.com\/Miamibeachnews","https:\/\/www.instagram.com\/miamibeachnews\/"],"description":"Site officiel de la ville de Miami Beach. Restez inform\u00e9 et trouvez des informations importantes sur les services municipaux, les actualit\u00e9s, les alertes, les \u00e9v\u00e9nements, les itin\u00e9raires de tramway, les emplois gouvernementaux et bien plus encore.","telephone":"305.604.CITY(2489)","legalName":"City of Miami Beach"}]}},"_links":{"self":[{"href":"https:\/\/www.miamibeachfl.gov\/fr\/wp-json\/wp\/v2\/pages\/28743","targetHints":{"allow":["GET"]}}],"collection":[{"href":"https:\/\/www.miamibeachfl.gov\/fr\/wp-json\/wp\/v2\/pages"}],"about":[{"href":"https:\/\/www.miamibeachfl.gov\/fr\/wp-json\/wp\/v2\/types\/page"}],"author":[{"embeddable":true,"href":"https:\/\/www.miamibeachfl.gov\/fr\/wp-json\/wp\/v2\/users\/222"}],"replies":[{"embeddable":true,"href":"https:\/\/www.miamibeachfl.gov\/fr\/wp-json\/wp\/v2\/comments?post=28743"}],"version-history":[{"count":8,"href":"https:\/\/www.miamibeachfl.gov\/fr\/wp-json\/wp\/v2\/pages\/28743\/revisions"}],"predecessor-version":[{"id":397382,"href":"https:\/\/www.miamibeachfl.gov\/fr\/wp-json\/wp\/v2\/pages\/28743\/revisions\/397382"}],"up":[{"embeddable":true,"href":"https:\/\/www.miamibeachfl.gov\/fr\/wp-json\/wp\/v2\/pages\/28206"}],"wp:featuredmedia":[{"embeddable":true,"href":"https:\/\/www.miamibeachfl.gov\/fr\/wp-json\/wp\/v2\/media\/223970"}],"wp:attachment":[{"href":"https:\/\/www.miamibeachfl.gov\/fr\/wp-json\/wp\/v2\/media?parent=28743"}],"wp:term":[{"taxonomy":"category","embeddable":true,"href":"https:\/\/www.miamibeachfl.gov\/fr\/wp-json\/wp\/v2\/categories?post=28743"},{"taxonomy":"post_tag","embeddable":true,"href":"https:\/\/www.miamibeachfl.gov\/fr\/wp-json\/wp\/v2\/tags?post=28743"}],"curies":[{"name":"wp","href":"https:\/\/api.w.org\/{rel}","templated":true}]}}