{"id":28864,"date":"2017-08-11T00:09:09","date_gmt":"2017-08-11T00:09:09","guid":{"rendered":"http:\/\/www.miamibeachfl.gov\/city-hall\/planning\/"},"modified":"2025-12-19T09:59:41","modified_gmt":"2025-12-19T14:59:41","slug":"planning","status":"publish","type":"page","link":"https:\/\/www.miamibeachfl.gov\/fr\/city-hall\/planning\/","title":{"rendered":"Planification et zonage"},"content":{"rendered":"<img decoding=\"async\" src=\"https:\/\/www.miamibeachfl.gov\/wp-content\/uploads\/2022\/07\/hero-small.jpg\" alt=\"ocean drive art deco buildings\" itemprop=\"image\" height=\"211\" width=\"2395\" title=\"petit h\u00e9ros\" onerror=\"this.style.display='none'\" loading=\"lazy\" \/>\n<h1>\n\t\t\tplanification\t<\/h1>\n\tLe service d&#039;urbanisme pr\u00e9pare, administre, met \u00e0 jour et g\u00e8re les plans de quartier, les plans d&#039;urbanisme et les plans d&#039;urbanisme complets, les r\u00e8glements d&#039;am\u00e9nagement du territoire du Code municipal, ainsi que les donn\u00e9es techniques de la ville conform\u00e9ment aux lois de Floride. Le service d&#039;urbanisme se compose de quatre sections\u00a0: urbanisme, zonage, planification des quartiers, et am\u00e9nagement urbain et pr\u00e9servation du patrimoine.<br \/>\n<a href=\"http:\/\/www.miamibeachfl.gov\/fr\/city-hall\/planning\/planning-readmore\/\">En savoir plus<\/a>\n\t\t\t\t<img decoding=\"async\" src=\"https:\/\/www.miamibeachfl.gov\/wp-content\/uploads\/2017\/11\/thomas-mooney.jpg\" alt=\"thomas-mooney\" itemprop=\"image\" height=\"602\" width=\"600\" title=\"Thomas Mooney\" onerror=\"this.style.display='none'\" loading=\"lazy\" \/>\n<h2>\n\t\t\tThomas Mooney\t<\/h2>\n<h2>\n\t\t\tLiens principaux\t<\/h2>\n\t\t\t<a href=\"\/fr\/city-hall\/planning\/planning-faqs\/\" target=\"_self\">\n\t\t\t\t\t\t\tQuestions fr\u00e9quemment pos\u00e9es sur la planification (FAQ)\n\t\t\t\t\t<\/a>\n\t\t\t<a href=\"\/fr\/business\/css\/\" target=\"_self\">\n\t\t\t\t\t\t\tLibre-service citoyen\n\t\t\t\t\t<\/a>\n\t\t\t<a href=\"\/fr\/city-hall\/planning\/general-zoning-information-code-interpretation\/\" target=\"_self\">\n\t\t\t\t\t\t\tINTERPR\u00c9TATION DU ZONAGE ADMINISTRATIF\n\t\t\t\t\t<\/a>\n\t\t\t<a href=\"\/fr\/city-hall\/planning\/resiliency-code\/\" target=\"_self\">\n\t\t\t\t\t\t\tR\u00c8GLEMENT D&#039;AM\u00c9NAGEMENT DU TERRITOIRE (CODE DE ZONAGE) ET PLAN D&#039;ENSEMBLE 2040\n\t\t\t\t\t<\/a>\n\t\t\t<a href=\"https:\/\/miamibeach.maps.arcgis.com\/apps\/webappviewer\/index.html?id=c891f52b033c474daa928fa815495f91\" target=\"_self\">\n\t\t\t\t\t\t\tVISUALISEUR DE BIENS HISTORIQUES\n\t\t\t\t\t<\/a>\n\t\t\t<a href=\"\/fr\/city-hall\/planning\/land-use-boards\/\" target=\"_self\">\n\t\t\t\t\t\t\tConseils d&#039;utilisation des terres<br \/> Guides d&#039;application<br \/> Calendriers du conseil d&#039;administration\n\t\t\t\t\t<\/a>\n\t\t\t<a href=\"\/fr\/city-hall\/planning\/maps-and-guidelines\/\" target=\"_self\">\n\t\t\t\t\t\t\tCARTES ET LIGNES DIRECTRICES\n\t\t\t\t\t<\/a>\n\t\t\t<a href=\"\/fr\/historic-district-permits\/\" target=\"_self\">\n\t\t\t\t\t\t\tPERMIS D\u00c9LIVR\u00c9S DANS LES QUARTIERS HISTORIQUES\n\t\t\t\t\t<\/a>\n\t\t\t<a href=\"\/fr\/city-hall\/planning\/landscape-requirements\/\" target=\"_self\">\n\t\t\t\t\t\t\tEXIGENCES PAYSAG\u00c8RES\n\t\t\t\t\t<\/a>\n\t\t\t<a href=\"\/fr\/conditional-use-approvals\/\" target=\"_self\">\n\t\t\t\t\t\t\tTABLEAU DE BORD DES AUTORISATIONS D&#039;UTILISATION CONDITIONNELLE\n\t\t\t\t\t<\/a>\n\t\t\t<a href=\"\/fr\/city-hall\/planning\/land-development-dashboard\/\" target=\"_self\">\n\t\t\t\t\t\t\tTableau de bord de l&#039;am\u00e9nagement du territoire\n\t\t\t\t\t<\/a>\n\t\t\t<a href=\"\/fr\/city-hall\/planning\/studies\/\" target=\"_self\">\n\t\t\t\t\t\t\t\u00c9TUDES ET RAPPORTS DE D\u00c9SIGNATION\n\t\t\t\t\t<\/a>\n\t\t\t<a href=\"\/fr\/city-hall\/planning\/certificate-of-use\/\" target=\"_self\">\n\t\t\t\t\t\t\tOBTENIR UN CERTIFICAT D&#039;UTILISATION (CU)\n\t\t\t\t\t<\/a>\n\t\t\t<a href=\"\/fr\/city-hall\/planning\/planning-document-checklist\/\" target=\"_self\">\n\t\t\t\t\t\t\tDOCUMENTS DE PLANIFICATION, LISTES DE CONTR\u00d4LE ET FORMULAIRES\n\t\t\t\t\t<\/a>\n\t\t\t<a href=\"https:\/\/www.miamibeachfl.gov\/fr\/city-hall\/planning\/directory\/\" target=\"_self\">\n\t\t\t\t\t\t\tR\u00c9PERTOIRE DE CONTACTS\n\t\t\t\t\t<\/a>\n\t\t\t<a href=\"\/fr\/city-hall\/planning\/approved-live-local-act-applications\/\" target=\"_self\">\n\t\t\t\t\t\t\tApplications locales approuv\u00e9es\n\t\t\t\t\t<\/a>\n<h2>\n\t\t\tRessources connexes\t<\/h2>\n<h2>\n\t\t<a href=\"https:\/\/map.gridics.com\/us\/fl\/miami-beach#12.24\/25.80105\/-80.14071\/0\/45\" title=\"Gridics - Code de r\u00e9silience de la ville de Miami Beach\"  target=\"_blank\"  rel=\"noopener\">\n\t\t\tGridics \u2013 Code de r\u00e9silience de la ville de Miami Beach\t\t<\/a>\n\t<\/h2>\n<h2>\n\t\t<a href=\"\/fr\/business\/doing-business-with-mb\/business-concierge\/\" title=\"Guide des entreprises et programme de couverture de vitrine de la ville de Miami Beach\"  target=\"_blank\"  rel=\"noopener\">\n\t\t\tGuide des entreprises et programme de couverture de vitrine de la ville de Miami Beach\t\t<\/a>\n\t<\/h2>\n<h2>\n\t\t<a href=\"\/wp-content\/uploads\/2024\/02\/Zoning-Ordinance-89-2665.pdf\" title=\"R\u00e8glement sur l&#039;am\u00e9nagement du territoire ant\u00e9rieur (plus en vigueur)\"  target=\"_blank\"  rel=\"noopener\">\n\t\t\tR\u00e8glement sur l&#039;am\u00e9nagement du territoire ant\u00e9rieur (plus en vigueur)\t\t<\/a>\n\t<\/h2>\n<h2>\n\t\t<a href=\"\/fr\/city-hall\/planning\/forms\/\" title=\"Formulaires\"  target=\"_self\">\n\t\t\tFormulaires\t\t<\/a>\n\t<\/h2>\n<h2>\n\t\t<a href=\"\/wp-content\/uploads\/2020\/02\/AbandonedPropertiesIn2019.pdf\" title=\"Service du b\u00e2timent - Violation des normes de s\u00e9curit\u00e9 structurelle, renvoi au conseil des structures dangereuses du comt\u00e9 de Miami-Dade\"  target=\"_self\">\n\t\t\tService du b\u00e2timent - Violation des normes de s\u00e9curit\u00e9 structurelle, renvoi au conseil des structures dangereuses du comt\u00e9 de Miami-Dade\t\t<\/a>\n\t<\/h2>","protected":false},"excerpt":{"rendered":"<p><a href=\"tel:3056737550\" style=\"text-decoration:none; color:#004896;\"><br \/>\n    <i class=\"fa-solid fa-phone\"><\/i> 305.673.7550<\/p>","protected":false},"author":222,"featured_media":243911,"parent":28206,"menu_order":261,"comment_status":"closed","ping_status":"closed","template":"","meta":{"_searchwp_excluded":"","site-sidebar-layout":"default","site-content-layout":"","ast-site-content-layout":"default","site-content-style":"default","site-sidebar-style":"default","ast-global-header-display":"","ast-banner-title-visibility":"","ast-main-header-display":"","ast-hfb-above-header-display":"","ast-hfb-below-header-display":"","ast-hfb-mobile-header-display":"","site-post-title":"","ast-breadcrumbs-content":"","ast-featured-img":"","footer-sml-layout":"","theme-transparent-header-meta":"","adv-header-id-meta":"","stick-header-meta":"","header-above-stick-meta":"","header-main-stick-meta":"","header-below-stick-meta":"","astra-migrate-meta-layouts":"default","ast-page-background-enabled":"default","ast-page-background-meta":{"desktop":{"background-color":"var(--ast-global-color-5)","background-image":"","background-repeat":"repeat","background-position":"center center","background-size":"auto","background-attachment":"scroll","background-type":"","background-media":"","overlay-type":"","overlay-color":"","overlay-opacity":"","overlay-gradient":""},"tablet":{"background-color":"","background-image":"","background-repeat":"repeat","background-position":"center center","background-size":"auto","background-attachment":"scroll","background-type":"","background-media":"","overlay-type":"","overlay-color":"","overlay-opacity":"","overlay-gradient":""},"mobile":{"background-color":"","background-image":"","background-repeat":"repeat","background-position":"center center","background-size":"auto","background-attachment":"scroll","background-type":"","background-media":"","overlay-type":"","overlay-color":"","overlay-opacity":"","overlay-gradient":""}},"ast-content-background-meta":{"desktop":{"background-color":"var(--ast-global-color-4)","background-image":"","background-repeat":"repeat","background-position":"center center","background-size":"auto","background-attachment":"scroll","background-type":"","background-media":"","overlay-type":"","overlay-color":"","overlay-opacity":"","overlay-gradient":""},"tablet":{"background-color":"var(--ast-global-color-4)","background-image":"","background-repeat":"repeat","background-position":"center center","background-size":"auto","background-attachment":"scroll","background-type":"","background-media":"","overlay-type":"","overlay-color":"","overlay-opacity":"","overlay-gradient":""},"mobile":{"background-color":"var(--ast-global-color-4)","background-image":"","background-repeat":"repeat","background-position":"center center","background-size":"auto","background-attachment":"scroll","background-type":"","background-media":"","overlay-type":"","overlay-color":"","overlay-opacity":"","overlay-gradient":""}},"footnotes":""},"categories":[],"tags":[1727,1726,1730,1035],"class_list":["post-28864","page","type-page","status-publish","has-post-thumbnail","hentry","tag-administrative","tag-building-and-permits","tag-city-services","tag-planning-top-visited"],"yoast_head":"<!-- This site is optimized with the Yoast SEO Premium plugin v27.4 (Yoast SEO v27.4) - https:\/\/yoast.com\/product\/yoast-seo-premium-wordpress\/ -->\n<title>Planning &amp; Zoning - City of Miami Beach<\/title>\n<meta name=\"description\" content=\"The City of Miami Beach Planning Department administers planning, zoning, neighborhood planning and urban design and historic preservation.\" \/>\n<meta name=\"robots\" content=\"index, follow, max-snippet:-1, max-image-preview:large, max-video-preview:-1\" \/>\n<link rel=\"canonical\" href=\"https:\/\/www.miamibeachfl.gov\/fr\/city-hall\/planning\/\" \/>\n<meta property=\"og:locale\" content=\"fr_FR\" \/>\n<meta property=\"og:type\" content=\"article\" \/>\n<meta property=\"og:title\" content=\"Planning &amp; Zoning\" \/>\n<meta property=\"og:description\" content=\"The City of Miami Beach Planning Department administers planning, zoning, neighborhood planning and urban design and historic preservation.\" \/>\n<meta property=\"og:url\" content=\"https:\/\/www.miamibeachfl.gov\/fr\/city-hall\/planning\/\" \/>\n<meta property=\"og:site_name\" content=\"City of Miami Beach\" \/>\n<meta property=\"article:publisher\" content=\"https:\/\/www.facebook.com\/cityofmiamibeach\" \/>\n<meta property=\"article:modified_time\" content=\"2025-12-19T14:59:41+00:00\" \/>\n<meta property=\"og:image\" content=\"https:\/\/www.miamibeachfl.gov\/wp-content\/uploads\/2023\/01\/viewingbuildingplan.jpg\" \/>\n\t<meta property=\"og:image:width\" content=\"600\" \/>\n\t<meta property=\"og:image:height\" content=\"300\" \/>\n\t<meta property=\"og:image:type\" content=\"image\/jpeg\" \/>\n<meta name=\"twitter:card\" content=\"summary_large_image\" \/>\n<meta name=\"twitter:site\" content=\"@Miamibeachnews\" \/>\n<script type=\"application\/ld+json\" class=\"yoast-schema-graph\">{\"@context\":\"https:\\\/\\\/schema.org\",\"@graph\":[{\"@type\":\"WebPage\",\"@id\":\"https:\\\/\\\/www.miamibeachfl.gov\\\/city-hall\\\/planning\\\/\",\"url\":\"https:\\\/\\\/www.miamibeachfl.gov\\\/city-hall\\\/planning\\\/\",\"name\":\"Planning & Zoning - City of Miami Beach\",\"isPartOf\":{\"@id\":\"https:\\\/\\\/www.miamibeachfl.gov\\\/#website\"},\"primaryImageOfPage\":{\"@id\":\"https:\\\/\\\/www.miamibeachfl.gov\\\/city-hall\\\/planning\\\/#primaryimage\"},\"image\":{\"@id\":\"https:\\\/\\\/www.miamibeachfl.gov\\\/city-hall\\\/planning\\\/#primaryimage\"},\"thumbnailUrl\":\"https:\\\/\\\/www.miamibeachfl.gov\\\/wp-content\\\/uploads\\\/2023\\\/01\\\/viewingbuildingplan.jpg\",\"datePublished\":\"2017-08-11T00:09:09+00:00\",\"dateModified\":\"2025-12-19T14:59:41+00:00\",\"description\":\"The City of Miami Beach Planning Department administers planning, zoning, neighborhood planning and urban design and historic preservation.\",\"breadcrumb\":{\"@id\":\"https:\\\/\\\/www.miamibeachfl.gov\\\/city-hall\\\/planning\\\/#breadcrumb\"},\"inLanguage\":\"fr-FR\",\"potentialAction\":[{\"@type\":\"ReadAction\",\"target\":[\"https:\\\/\\\/www.miamibeachfl.gov\\\/city-hall\\\/planning\\\/\"]}]},{\"@type\":\"ImageObject\",\"inLanguage\":\"fr-FR\",\"@id\":\"https:\\\/\\\/www.miamibeachfl.gov\\\/city-hall\\\/planning\\\/#primaryimage\",\"url\":\"https:\\\/\\\/www.miamibeachfl.gov\\\/wp-content\\\/uploads\\\/2023\\\/01\\\/viewingbuildingplan.jpg\",\"contentUrl\":\"https:\\\/\\\/www.miamibeachfl.gov\\\/wp-content\\\/uploads\\\/2023\\\/01\\\/viewingbuildingplan.jpg\",\"width\":600,\"height\":300,\"caption\":\"person viewing a plan\"},{\"@type\":\"BreadcrumbList\",\"@id\":\"https:\\\/\\\/www.miamibeachfl.gov\\\/city-hall\\\/planning\\\/#breadcrumb\",\"itemListElement\":[{\"@type\":\"ListItem\",\"position\":1,\"name\":\"Home\",\"item\":\"https:\\\/\\\/www.miamibeachfl.gov\\\/\"},{\"@type\":\"ListItem\",\"position\":2,\"name\":\"City Hall\",\"item\":\"https:\\\/\\\/www.miamibeachfl.gov\\\/city-hall\\\/\"},{\"@type\":\"ListItem\",\"position\":3,\"name\":\"Planning &#038; Zoning\"}]},{\"@type\":\"WebSite\",\"@id\":\"https:\\\/\\\/www.miamibeachfl.gov\\\/#website\",\"url\":\"https:\\\/\\\/www.miamibeachfl.gov\\\/\",\"name\":\"City of Miami Beach\",\"description\":\"The official website of the City of Miami Beach. Stay informed, find important information on city services, news, alerts, events, trolley routes, government employment and more.\",\"publisher\":{\"@id\":\"https:\\\/\\\/www.miamibeachfl.gov\\\/#organization\"},\"potentialAction\":[{\"@type\":\"SearchAction\",\"target\":{\"@type\":\"EntryPoint\",\"urlTemplate\":\"https:\\\/\\\/www.miamibeachfl.gov\\\/?s={search_term_string}\"},\"query-input\":{\"@type\":\"PropertyValueSpecification\",\"valueRequired\":true,\"valueName\":\"search_term_string\"}}],\"inLanguage\":\"fr-FR\"},{\"@type\":\"Organization\",\"@id\":\"https:\\\/\\\/www.miamibeachfl.gov\\\/#organization\",\"name\":\"City of Miami Beach\",\"url\":\"https:\\\/\\\/www.miamibeachfl.gov\\\/\",\"logo\":{\"@type\":\"ImageObject\",\"inLanguage\":\"fr-FR\",\"@id\":\"https:\\\/\\\/www.miamibeachfl.gov\\\/#\\\/schema\\\/logo\\\/image\\\/\",\"url\":\"https:\\\/\\\/www.miamibeachfl.gov\\\/wp-content\\\/uploads\\\/2022\\\/06\\\/miamibeach-logoblue.png\",\"contentUrl\":\"https:\\\/\\\/www.miamibeachfl.gov\\\/wp-content\\\/uploads\\\/2022\\\/06\\\/miamibeach-logoblue.png\",\"width\":1962,\"height\":381,\"caption\":\"City of Miami Beach\"},\"image\":{\"@id\":\"https:\\\/\\\/www.miamibeachfl.gov\\\/#\\\/schema\\\/logo\\\/image\\\/\"},\"sameAs\":[\"https:\\\/\\\/www.facebook.com\\\/cityofmiamibeach\",\"https:\\\/\\\/x.com\\\/Miamibeachnews\",\"https:\\\/\\\/www.instagram.com\\\/miamibeachnews\\\/\"],\"description\":\"The official website of the City of Miami Beach. Stay informed, find important information on city services, news, alerts, events, trolley routes, government employment and more.\",\"telephone\":\"305.604.CITY(2489)\",\"legalName\":\"City of Miami Beach\"}]}<\/script>\n<!-- \/ Yoast SEO Premium plugin. -->","yoast_head_json":{"title":"Planification et zonage - Ville de Miami Beach","description":"Le d\u00e9partement de planification de la ville de Miami Beach administre la planification, le zonage, la planification des quartiers, la conception urbaine et la pr\u00e9servation historique.","robots":{"index":"index","follow":"follow","max-snippet":"max-snippet:-1","max-image-preview":"max-image-preview:large","max-video-preview":"max-video-preview:-1"},"canonical":"https:\/\/www.miamibeachfl.gov\/fr\/city-hall\/planning\/","og_locale":"fr_FR","og_type":"article","og_title":"Planning & Zoning","og_description":"The City of Miami Beach Planning Department administers planning, zoning, neighborhood planning and urban design and historic preservation.","og_url":"https:\/\/www.miamibeachfl.gov\/fr\/city-hall\/planning\/","og_site_name":"City of Miami Beach","article_publisher":"https:\/\/www.facebook.com\/cityofmiamibeach","article_modified_time":"2025-12-19T14:59:41+00:00","og_image":[{"width":600,"height":300,"url":"https:\/\/www.miamibeachfl.gov\/wp-content\/uploads\/2023\/01\/viewingbuildingplan.jpg","type":"image\/jpeg"}],"twitter_card":"summary_large_image","twitter_site":"@Miamibeachnews","schema":{"@context":"https:\/\/schema.org","@graph":[{"@type":"WebPage","@id":"https:\/\/www.miamibeachfl.gov\/city-hall\/planning\/","url":"https:\/\/www.miamibeachfl.gov\/city-hall\/planning\/","name":"Planification et zonage - Ville de Miami Beach","isPartOf":{"@id":"https:\/\/www.miamibeachfl.gov\/#website"},"primaryImageOfPage":{"@id":"https:\/\/www.miamibeachfl.gov\/city-hall\/planning\/#primaryimage"},"image":{"@id":"https:\/\/www.miamibeachfl.gov\/city-hall\/planning\/#primaryimage"},"thumbnailUrl":"https:\/\/www.miamibeachfl.gov\/wp-content\/uploads\/2023\/01\/viewingbuildingplan.jpg","datePublished":"2017-08-11T00:09:09+00:00","dateModified":"2025-12-19T14:59:41+00:00","description":"Le d\u00e9partement de planification de la ville de Miami Beach administre la planification, le zonage, la planification des quartiers, la conception urbaine et la pr\u00e9servation historique.","breadcrumb":{"@id":"https:\/\/www.miamibeachfl.gov\/city-hall\/planning\/#breadcrumb"},"inLanguage":"fr-FR","potentialAction":[{"@type":"ReadAction","target":["https:\/\/www.miamibeachfl.gov\/city-hall\/planning\/"]}]},{"@type":"ImageObject","inLanguage":"fr-FR","@id":"https:\/\/www.miamibeachfl.gov\/city-hall\/planning\/#primaryimage","url":"https:\/\/www.miamibeachfl.gov\/wp-content\/uploads\/2023\/01\/viewingbuildingplan.jpg","contentUrl":"https:\/\/www.miamibeachfl.gov\/wp-content\/uploads\/2023\/01\/viewingbuildingplan.jpg","width":600,"height":300,"caption":"person viewing a plan"},{"@type":"BreadcrumbList","@id":"https:\/\/www.miamibeachfl.gov\/city-hall\/planning\/#breadcrumb","itemListElement":[{"@type":"ListItem","position":1,"name":"Home","item":"https:\/\/www.miamibeachfl.gov\/"},{"@type":"ListItem","position":2,"name":"City Hall","item":"https:\/\/www.miamibeachfl.gov\/city-hall\/"},{"@type":"ListItem","position":3,"name":"Planning &#038; Zoning"}]},{"@type":"WebSite","@id":"https:\/\/www.miamibeachfl.gov\/#website","url":"https:\/\/www.miamibeachfl.gov\/","name":"Ville de Miami Beach","description":"Site officiel de la ville de Miami Beach. Restez inform\u00e9 et trouvez des informations importantes sur les services municipaux, les actualit\u00e9s, les alertes, les \u00e9v\u00e9nements, les itin\u00e9raires de tramway, les emplois gouvernementaux et bien plus encore.","publisher":{"@id":"https:\/\/www.miamibeachfl.gov\/#organization"},"potentialAction":[{"@type":"SearchAction","target":{"@type":"EntryPoint","urlTemplate":"https:\/\/www.miamibeachfl.gov\/?s={search_term_string}"},"query-input":{"@type":"PropertyValueSpecification","valueRequired":true,"valueName":"search_term_string"}}],"inLanguage":"fr-FR"},{"@type":"Organization","@id":"https:\/\/www.miamibeachfl.gov\/#organization","name":"Ville de Miami Beach","url":"https:\/\/www.miamibeachfl.gov\/","logo":{"@type":"ImageObject","inLanguage":"fr-FR","@id":"https:\/\/www.miamibeachfl.gov\/#\/schema\/logo\/image\/","url":"https:\/\/www.miamibeachfl.gov\/wp-content\/uploads\/2022\/06\/miamibeach-logoblue.png","contentUrl":"https:\/\/www.miamibeachfl.gov\/wp-content\/uploads\/2022\/06\/miamibeach-logoblue.png","width":1962,"height":381,"caption":"City of Miami Beach"},"image":{"@id":"https:\/\/www.miamibeachfl.gov\/#\/schema\/logo\/image\/"},"sameAs":["https:\/\/www.facebook.com\/cityofmiamibeach","https:\/\/x.com\/Miamibeachnews","https:\/\/www.instagram.com\/miamibeachnews\/"],"description":"Site officiel de la ville de Miami Beach. Restez inform\u00e9 et trouvez des informations importantes sur les services municipaux, les actualit\u00e9s, les alertes, les \u00e9v\u00e9nements, les itin\u00e9raires de tramway, les emplois gouvernementaux et bien plus encore.","telephone":"305.604.CITY(2489)","legalName":"City of Miami Beach"}]}},"_links":{"self":[{"href":"https:\/\/www.miamibeachfl.gov\/fr\/wp-json\/wp\/v2\/pages\/28864","targetHints":{"allow":["GET"]}}],"collection":[{"href":"https:\/\/www.miamibeachfl.gov\/fr\/wp-json\/wp\/v2\/pages"}],"about":[{"href":"https:\/\/www.miamibeachfl.gov\/fr\/wp-json\/wp\/v2\/types\/page"}],"author":[{"embeddable":true,"href":"https:\/\/www.miamibeachfl.gov\/fr\/wp-json\/wp\/v2\/users\/222"}],"replies":[{"embeddable":true,"href":"https:\/\/www.miamibeachfl.gov\/fr\/wp-json\/wp\/v2\/comments?post=28864"}],"version-history":[{"count":11,"href":"https:\/\/www.miamibeachfl.gov\/fr\/wp-json\/wp\/v2\/pages\/28864\/revisions"}],"predecessor-version":[{"id":393605,"href":"https:\/\/www.miamibeachfl.gov\/fr\/wp-json\/wp\/v2\/pages\/28864\/revisions\/393605"}],"up":[{"embeddable":true,"href":"https:\/\/www.miamibeachfl.gov\/fr\/wp-json\/wp\/v2\/pages\/28206"}],"wp:featuredmedia":[{"embeddable":true,"href":"https:\/\/www.miamibeachfl.gov\/fr\/wp-json\/wp\/v2\/media\/243911"}],"wp:attachment":[{"href":"https:\/\/www.miamibeachfl.gov\/fr\/wp-json\/wp\/v2\/media?parent=28864"}],"wp:term":[{"taxonomy":"category","embeddable":true,"href":"https:\/\/www.miamibeachfl.gov\/fr\/wp-json\/wp\/v2\/categories?post=28864"},{"taxonomy":"post_tag","embeddable":true,"href":"https:\/\/www.miamibeachfl.gov\/fr\/wp-json\/wp\/v2\/tags?post=28864"}],"curies":[{"name":"wp","href":"https:\/\/api.w.org\/{rel}","templated":true}]}}