{"id":28865,"date":"2017-08-11T00:09:10","date_gmt":"2017-08-11T00:09:10","guid":{"rendered":"http:\/\/www.miamibeachfl.gov\/city-hall\/planning\/land-use-boards\/"},"modified":"2025-11-05T15:08:20","modified_gmt":"2025-11-05T20:08:20","slug":"land-use-boards","status":"publish","type":"page","link":"https:\/\/www.miamibeachfl.gov\/fr\/city-hall\/planning\/land-use-boards\/","title":{"rendered":"Conseils d&#039;utilisation des terres"},"content":{"rendered":"<img decoding=\"async\" src=\"https:\/\/www.miamibeachfl.gov\/wp-content\/uploads\/2022\/07\/hero-small.jpg\" alt=\"ocean drive art deco buildings\" itemprop=\"image\" height=\"211\" width=\"2395\" title=\"petit h\u00e9ros\" onerror=\"this.style.display='none'\" loading=\"lazy\" \/>\n<h1>\n\t\t\tConseils d&#039;utilisation des terres\t<\/h1>\n\t<nav id=\"breadcrumbs\" aria-label=\"Fil d&#039;Ariane\"><a href=\"https:\/\/www.miamibeachfl.gov\/fr\/\">Maison<\/a> &gt; <a href=\"https:\/\/www.miamibeachfl.gov\/fr\/city-hall\/\">l&#039;h\u00f4tel de ville<\/a> &gt; <a href=\"https:\/\/www.miamibeachfl.gov\/fr\/city-hall\/planning\/\">Planification et zonage<\/a> &gt; <strong>Conseils d&#039;utilisation des terres<\/strong><\/nav>\n\t<ul>\n<li><a href=\"https:\/\/www.miamibeachfl.gov\/fr\/city-hall\/city-clerk\/agenda-archive-main-page-2\/\">Agendas actuels et actions ult\u00e9rieures<\/a><\/li>\n<li><a href=\"https:\/\/www.miamibeachfl.gov\/fr\/city-hall\/city-clerk\/agenda-archive-main-page-2\/archived-agendas-after-actions-schedules\/\">Ordres du jour, actions post\u00e9rieures, calendriers des r\u00e9unions avant mars 2016<\/a><\/li>\n<li><a href=\"https:\/\/www.miamibeachfl.gov\/wp-content\/uploads\/2025\/08\/2026-SCHEDULE-OF-LAND-USE-BOARD-MEETINGS-_rev-8-13-25.pdf\">Calendrier des r\u00e9unions du Conseil d&#039;am\u00e9nagement du territoire pour 2026<\/a><\/li>\n<li><a href=\"https:\/\/www.miamibeachfl.gov\/wp-content\/uploads\/2025\/08\/2025-SCHEDULE-OF-LAND-USE-BOARD-MEETINGS-_rev-7-21-25.pdf\">Calendrier des r\u00e9unions du Conseil d&#039;am\u00e9nagement du territoire pour 2025<\/a><\/li>\n<li><a href=\"https:\/\/www.miamibeachfl.gov\/wp-content\/uploads\/2025\/10\/Land-Use-Board-Application-10-28-25-AG.pdf\">Demande d&#039;inscription au Conseil d&#039;utilisation des terres<\/a><\/li>\n<\/ul>\n<strong>Comit\u00e9 d&#039;examen de la conception\u00a0<\/strong><br \/>\n<a href=\"https:\/\/www.miamibeachfl.gov\/wp-content\/uploads\/2025\/11\/2026-DRB-Application-Guide-11-4-25.pdf\">Guide de candidature DRB 2026<\/a><br \/>\n<a href=\"https:\/\/codehub.gridics.com\/us\/fl\/miami-beach#\/9e0e1745-d120-4fe6-8933-4a21c038e54d\/d81f5a0c-4641-494b-9224-56869a2344ca\/47f60ebd-fef1-47e9-8f80-cadc49e3f6e1\" target=\"_blank\" rel=\"noopener\">Fonctions et responsabilit\u00e9s<\/a>\n<strong>Conseil de pr\u00e9servation historique<\/strong><br \/>\n<a href=\"https:\/\/www.miamibeachfl.gov\/wp-content\/uploads\/2025\/11\/2026-HPB-Application-Guide-11-4-25.pdf\">Guide d&#039;application HPB 2026<\/a><br \/>\n<a href=\"https:\/\/codehub.gridics.com\/us\/fl\/miami-beach#\/9e0e1745-d120-4fe6-8933-4a21c038e54d\/d81f5a0c-4641-494b-9224-56869a2344ca\/459a0f64-d384-44df-8870-fee0248d09c3\" target=\"_blank\" rel=\"noopener\">Fonctions et responsabilit\u00e9s<\/a><br \/>\n<a href=\"https:\/\/gcc02.safelinks.protection.outlook.com\/?url=https%3A%2F%2Fwww.miamibeachfl.gov%2Fcity-hall%2Fcity-clerk%2Fboards-and-committees%2Fhistoric-preservation-board%2F&amp;data=05%7C02%7COlgaLyons%40miamibeachfl.gov%7C64082b6e96ce4401164908dd41f98f44%7C551608f948f34871808aa969ec5cf48a%7C0%7C0%7C638739262764967228%7CUnknown%7CTWFpbGZsb3d8eyJFbXB0eU1hcGkiOnRydWUsIlYiOiIwLjAuMDAwMCIsIlAiOiJXaW4zMiIsIkFOIjoiTWFpbCIsIldUIjoyfQ%3D%3D%7C0%7C%7C%7C&amp;sdata=yLjOh9sI88QRDtvQPE%2FYP23DVqanABFqU01RUOBRPMs%3D&amp;reserved=0\">Rapports de d\u00e9signation <\/a><a href=\"https:\/\/gcc02.safelinks.protection.outlook.com\/?url=https%3A%2F%2Fwww.miamibeachfl.gov%2Fcity-hall%2Fplanning%2Fstudies%2F&amp;data=05%7C02%7COlgaLyons%40miamibeachfl.gov%7C64082b6e96ce4401164908dd41f98f44%7C551608f948f34871808aa969ec5cf48a%7C0%7C0%7C638739262764980512%7CUnknown%7CTWFpbGZsb3d8eyJFbXB0eU1hcGkiOnRydWUsIlYiOiIwLjAuMDAwMCIsIlAiOiJXaW4zMiIsIkFOIjoiTWFpbCIsIldUIjoyfQ%3D%3D%7C0%7C%7C%7C&amp;sdata=bc2mdUcUJwh8JjwdBmdQwohp5J%2BvVdBKEZOERcM%2FGFc%3D&amp;reserved=0\">\u00c9tudes et rapports de d\u00e9signation \u2013 Ville de Miami Beach<\/a><br \/>\n<a href=\"https:\/\/gcc02.safelinks.protection.outlook.com\/?url=http%3A%2F%2Fwww.miamibeachfl.gov%2Fwp-content%2Fuploads%2F2019%2F07%2FLincoln-Road-Speakers-Notice-01.pdf&amp;data=05%7C02%7COlgaLyons%40miamibeachfl.gov%7C64082b6e96ce4401164908dd41f98f44%7C551608f948f34871808aa969ec5cf48a%7C0%7C0%7C638739262764993394%7CUnknown%7CTWFpbGZsb3d8eyJFbXB0eU1hcGkiOnRydWUsIlYiOiIwLjAuMDAwMCIsIlAiOiJXaW4zMiIsIkFOIjoiTWFpbCIsIldUIjoyfQ%3D%3D%7C0%7C%7C%7C&amp;sdata=FAlE2Dw2v0xYABtPYkzTmgkPzfCwapJAVjYPZjmaYL8%3D&amp;reserved=0\">Installation de haut-parleurs ext\u00e9rieurs<\/a>\n<strong>Conseil d&#039;ajustement<\/strong><br \/>\n<a href=\"https:\/\/www.miamibeachfl.gov\/wp-content\/uploads\/2025\/11\/2026-BOA-Application-Guide-11-4-25.pdf\">Guide de candidature BOA 2026<\/a><br \/>\n<a href=\"https:\/\/codehub.gridics.com\/us\/fl\/miami-beach#\/9e0e1745-d120-4fe6-8933-4a21c038e54d\/d81f5a0c-4641-494b-9224-56869a2344ca\/b65072ed-a297-421e-84d0-f3414884da12\" target=\"_blank\" rel=\"noopener\">Fonctions et responsabilit\u00e9s<\/a>\n<strong>Conseil de planification<br \/>\n<\/strong><a href=\"https:\/\/www.miamibeachfl.gov\/wp-content\/uploads\/2025\/11\/2026-PB-Application-Guide-11-4-25.pdf\">Guide de candidature PB 2026<\/a><br \/>\n<a href=\"https:\/\/codehub.gridics.com\/us\/fl\/miami-beach#\/9e0e1745-d120-4fe6-8933-4a21c038e54d\/d81f5a0c-4641-494b-9224-56869a2344ca\/b65072ed-a297-421e-84d0-f3414884da12\" target=\"_blank\" rel=\"noopener\">Fonctions et responsabilit\u00e9s<\/a>\n<strong>Lignes directrices<\/strong><br \/>\n<a title=\"dgdls-r3\" href=\"\/wp-content\/uploads\/2017\/08\/dgdls-r3.pdf\" target=\"_blank\" rel=\"noopener noreferrer\">Directives de conception<\/a><br \/>\n<a title=\"Conception de vitrine\" href=\"\/wp-content\/uploads\/2017\/08\/Storefront_Design.pdf\" target=\"_blank\" rel=\"noopener noreferrer\">Directives pour la vitrine<\/a><br \/>\n<a title=\"Normes d&#039;examen de conception TC\" href=\"\/wp-content\/uploads\/2017\/08\/TC-Design-Review-Standards.pdf\" target=\"_blank\" rel=\"noopener noreferrer\">Normes d&#039;examen de la conception du centre-ville de North Beach<\/a> pour le district TC\n<p><a href=\"https:\/\/www.miamibeachfl.gov\/wp-content\/uploads\/2023\/02\/Miami-Dade-School-Concurrency-list-2-21-23-Fillable.pdf\">Liste des \u00e9coles concurrentes de Miami Dade<\/a><\/p>\n<p><a href=\"http:\/\/www.miamibeachfl.gov\/wp-content\/uploads\/2018\/07\/Comprehensive-Plan-Updated-on-May-16-2018-Reduced.pdf\">Plan global 2025<\/a><\/p>\n\t\t\t<a href=\"https:\/\/map.gridics.com\/us\/fl\/miami-beach#12.24\/25.80105\/-80.14071\/0\/45\" target=\"_self\">\n\t\t\t\t\t\t\tR\u00e8glement sur l&#039;utilisation des terres de la ville de Miami Beach\n\t\t\t\t\t<\/a>\n\t<div class=\"page-navigation\"><a class=\"prev-page\" href=\"https:\/\/www.miamibeachfl.gov\/fr\/city-hall\/planning\/directory\/\">\u2190 Annuaire des contacts de planification<\/a> <a class=\"next-page\" href=\"https:\/\/www.miamibeachfl.gov\/fr\/city-hall\/planning\/general-zoning-information-code-interpretation\/\">Zonage g\u00e9n\u00e9ral et interpr\u00e9tation du zonage administratif \u2192<\/a><\/div>","protected":false},"excerpt":{"rendered":"<p>Land Use Boards Home &gt; City Hall &gt; Planning &#038; Zoning &gt; Land Use Boards Current Agendas &amp; After Actions [&hellip;]<\/p>\n","protected":false},"author":222,"featured_media":0,"parent":28864,"menu_order":122,"comment_status":"closed","ping_status":"closed","template":"","meta":{"_searchwp_excluded":"","site-sidebar-layout":"default","site-content-layout":"","ast-site-content-layout":"default","site-content-style":"default","site-sidebar-style":"default","ast-global-header-display":"","ast-banner-title-visibility":"","ast-main-header-display":"","ast-hfb-above-header-display":"","ast-hfb-below-header-display":"","ast-hfb-mobile-header-display":"","site-post-title":"","ast-breadcrumbs-content":"","ast-featured-img":"","footer-sml-layout":"","theme-transparent-header-meta":"","adv-header-id-meta":"","stick-header-meta":"","header-above-stick-meta":"","header-main-stick-meta":"","header-below-stick-meta":"","astra-migrate-meta-layouts":"default","ast-page-background-enabled":"default","ast-page-background-meta":{"desktop":{"background-color":"var(--ast-global-color-5)","background-image":"","background-repeat":"repeat","background-position":"center center","background-size":"auto","background-attachment":"scroll","background-type":"","background-media":"","overlay-type":"","overlay-color":"","overlay-opacity":"","overlay-gradient":""},"tablet":{"background-color":"","background-image":"","background-repeat":"repeat","background-position":"center center","background-size":"auto","background-attachment":"scroll","background-type":"","background-media":"","overlay-type":"","overlay-color":"","overlay-opacity":"","overlay-gradient":""},"mobile":{"background-color":"","background-image":"","background-repeat":"repeat","background-position":"center center","background-size":"auto","background-attachment":"scroll","background-type":"","background-media":"","overlay-type":"","overlay-color":"","overlay-opacity":"","overlay-gradient":""}},"ast-content-background-meta":{"desktop":{"background-color":"var(--ast-global-color-4)","background-image":"","background-repeat":"repeat","background-position":"center center","background-size":"auto","background-attachment":"scroll","background-type":"","background-media":"","overlay-type":"","overlay-color":"","overlay-opacity":"","overlay-gradient":""},"tablet":{"background-color":"var(--ast-global-color-4)","background-image":"","background-repeat":"repeat","background-position":"center center","background-size":"auto","background-attachment":"scroll","background-type":"","background-media":"","overlay-type":"","overlay-color":"","overlay-opacity":"","overlay-gradient":""},"mobile":{"background-color":"var(--ast-global-color-4)","background-image":"","background-repeat":"repeat","background-position":"center center","background-size":"auto","background-attachment":"scroll","background-type":"","background-media":"","overlay-type":"","overlay-color":"","overlay-opacity":"","overlay-gradient":""}},"footnotes":""},"categories":[],"tags":[1028],"class_list":["post-28865","page","type-page","status-publish","hentry","tag-permitting-planning"],"yoast_head":"<!-- This site is optimized with the Yoast SEO Premium plugin v27.4 (Yoast SEO v27.4) - https:\/\/yoast.com\/product\/yoast-seo-premium-wordpress\/ -->\n<title>Land Use Boards - City of Miami Beach<\/title>\n<meta name=\"description\" content=\"%\" \/>\n<meta name=\"robots\" content=\"index, follow, max-snippet:-1, max-image-preview:large, max-video-preview:-1\" \/>\n<link rel=\"canonical\" href=\"https:\/\/www.miamibeachfl.gov\/fr\/city-hall\/planning\/land-use-boards\/\" \/>\n<meta property=\"og:locale\" content=\"fr_FR\" \/>\n<meta property=\"og:type\" content=\"article\" \/>\n<meta property=\"og:title\" content=\"Land Use Boards\" \/>\n<meta property=\"og:description\" content=\"%\" \/>\n<meta property=\"og:url\" content=\"https:\/\/www.miamibeachfl.gov\/fr\/city-hall\/planning\/land-use-boards\/\" \/>\n<meta property=\"og:site_name\" content=\"City of Miami Beach\" \/>\n<meta property=\"article:publisher\" content=\"https:\/\/www.facebook.com\/cityofmiamibeach\" \/>\n<meta property=\"article:modified_time\" content=\"2025-11-05T20:08:20+00:00\" \/>\n<meta property=\"og:image\" content=\"https:\/\/www.miamibeachfl.gov\/wp-content\/uploads\/2022\/07\/hero-small.jpg\" \/>\n<meta name=\"twitter:card\" content=\"summary_large_image\" \/>\n<meta name=\"twitter:site\" content=\"@Miamibeachnews\" \/>\n<script type=\"application\/ld+json\" class=\"yoast-schema-graph\">{\"@context\":\"https:\\\/\\\/schema.org\",\"@graph\":[{\"@type\":\"WebPage\",\"@id\":\"https:\\\/\\\/www.miamibeachfl.gov\\\/city-hall\\\/planning\\\/land-use-boards\\\/\",\"url\":\"https:\\\/\\\/www.miamibeachfl.gov\\\/city-hall\\\/planning\\\/land-use-boards\\\/\",\"name\":\"Land Use Boards - City of Miami Beach\",\"isPartOf\":{\"@id\":\"https:\\\/\\\/www.miamibeachfl.gov\\\/#website\"},\"primaryImageOfPage\":{\"@id\":\"https:\\\/\\\/www.miamibeachfl.gov\\\/city-hall\\\/planning\\\/land-use-boards\\\/#primaryimage\"},\"image\":{\"@id\":\"https:\\\/\\\/www.miamibeachfl.gov\\\/city-hall\\\/planning\\\/land-use-boards\\\/#primaryimage\"},\"thumbnailUrl\":\"https:\\\/\\\/www.miamibeachfl.gov\\\/wp-content\\\/uploads\\\/2022\\\/07\\\/hero-small.jpg\",\"datePublished\":\"2017-08-11T00:09:10+00:00\",\"dateModified\":\"2025-11-05T20:08:20+00:00\",\"description\":\"%\",\"breadcrumb\":{\"@id\":\"https:\\\/\\\/www.miamibeachfl.gov\\\/city-hall\\\/planning\\\/land-use-boards\\\/#breadcrumb\"},\"inLanguage\":\"fr-FR\",\"potentialAction\":[{\"@type\":\"ReadAction\",\"target\":[\"https:\\\/\\\/www.miamibeachfl.gov\\\/city-hall\\\/planning\\\/land-use-boards\\\/\"]}]},{\"@type\":\"ImageObject\",\"inLanguage\":\"fr-FR\",\"@id\":\"https:\\\/\\\/www.miamibeachfl.gov\\\/city-hall\\\/planning\\\/land-use-boards\\\/#primaryimage\",\"url\":\"https:\\\/\\\/www.miamibeachfl.gov\\\/wp-content\\\/uploads\\\/2022\\\/07\\\/hero-small.jpg\",\"contentUrl\":\"https:\\\/\\\/www.miamibeachfl.gov\\\/wp-content\\\/uploads\\\/2022\\\/07\\\/hero-small.jpg\"},{\"@type\":\"BreadcrumbList\",\"@id\":\"https:\\\/\\\/www.miamibeachfl.gov\\\/city-hall\\\/planning\\\/land-use-boards\\\/#breadcrumb\",\"itemListElement\":[{\"@type\":\"ListItem\",\"position\":1,\"name\":\"Home\",\"item\":\"https:\\\/\\\/www.miamibeachfl.gov\\\/\"},{\"@type\":\"ListItem\",\"position\":2,\"name\":\"City Hall\",\"item\":\"https:\\\/\\\/www.miamibeachfl.gov\\\/city-hall\\\/\"},{\"@type\":\"ListItem\",\"position\":3,\"name\":\"Planning &#038; Zoning\",\"item\":\"https:\\\/\\\/www.miamibeachfl.gov\\\/city-hall\\\/planning\\\/\"},{\"@type\":\"ListItem\",\"position\":4,\"name\":\"Land Use Boards\"}]},{\"@type\":\"WebSite\",\"@id\":\"https:\\\/\\\/www.miamibeachfl.gov\\\/#website\",\"url\":\"https:\\\/\\\/www.miamibeachfl.gov\\\/\",\"name\":\"City of Miami Beach\",\"description\":\"The official website of the City of Miami Beach. Stay informed, find important information on city services, news, alerts, events, trolley routes, government employment and more.\",\"publisher\":{\"@id\":\"https:\\\/\\\/www.miamibeachfl.gov\\\/#organization\"},\"potentialAction\":[{\"@type\":\"SearchAction\",\"target\":{\"@type\":\"EntryPoint\",\"urlTemplate\":\"https:\\\/\\\/www.miamibeachfl.gov\\\/?s={search_term_string}\"},\"query-input\":{\"@type\":\"PropertyValueSpecification\",\"valueRequired\":true,\"valueName\":\"search_term_string\"}}],\"inLanguage\":\"fr-FR\"},{\"@type\":\"Organization\",\"@id\":\"https:\\\/\\\/www.miamibeachfl.gov\\\/#organization\",\"name\":\"City of Miami Beach\",\"url\":\"https:\\\/\\\/www.miamibeachfl.gov\\\/\",\"logo\":{\"@type\":\"ImageObject\",\"inLanguage\":\"fr-FR\",\"@id\":\"https:\\\/\\\/www.miamibeachfl.gov\\\/#\\\/schema\\\/logo\\\/image\\\/\",\"url\":\"https:\\\/\\\/www.miamibeachfl.gov\\\/wp-content\\\/uploads\\\/2022\\\/06\\\/miamibeach-logoblue.png\",\"contentUrl\":\"https:\\\/\\\/www.miamibeachfl.gov\\\/wp-content\\\/uploads\\\/2022\\\/06\\\/miamibeach-logoblue.png\",\"width\":1962,\"height\":381,\"caption\":\"City of Miami Beach\"},\"image\":{\"@id\":\"https:\\\/\\\/www.miamibeachfl.gov\\\/#\\\/schema\\\/logo\\\/image\\\/\"},\"sameAs\":[\"https:\\\/\\\/www.facebook.com\\\/cityofmiamibeach\",\"https:\\\/\\\/x.com\\\/Miamibeachnews\",\"https:\\\/\\\/www.instagram.com\\\/miamibeachnews\\\/\"],\"description\":\"The official website of the City of Miami Beach. Stay informed, find important information on city services, news, alerts, events, trolley routes, government employment and more.\",\"telephone\":\"305.604.CITY(2489)\",\"legalName\":\"City of Miami Beach\"}]}<\/script>\n<!-- \/ Yoast SEO Premium plugin. -->","yoast_head_json":{"title":"Conseils d&#039;am\u00e9nagement du territoire - Ville de Miami Beach","description":"%","robots":{"index":"index","follow":"follow","max-snippet":"max-snippet:-1","max-image-preview":"max-image-preview:large","max-video-preview":"max-video-preview:-1"},"canonical":"https:\/\/www.miamibeachfl.gov\/fr\/city-hall\/planning\/land-use-boards\/","og_locale":"fr_FR","og_type":"article","og_title":"Land Use Boards","og_description":"%","og_url":"https:\/\/www.miamibeachfl.gov\/fr\/city-hall\/planning\/land-use-boards\/","og_site_name":"City of Miami Beach","article_publisher":"https:\/\/www.facebook.com\/cityofmiamibeach","article_modified_time":"2025-11-05T20:08:20+00:00","og_image":[{"url":"https:\/\/www.miamibeachfl.gov\/wp-content\/uploads\/2022\/07\/hero-small.jpg","type":"","width":"","height":""}],"twitter_card":"summary_large_image","twitter_site":"@Miamibeachnews","schema":{"@context":"https:\/\/schema.org","@graph":[{"@type":"WebPage","@id":"https:\/\/www.miamibeachfl.gov\/city-hall\/planning\/land-use-boards\/","url":"https:\/\/www.miamibeachfl.gov\/city-hall\/planning\/land-use-boards\/","name":"Conseils d&#039;am\u00e9nagement du territoire - Ville de Miami Beach","isPartOf":{"@id":"https:\/\/www.miamibeachfl.gov\/#website"},"primaryImageOfPage":{"@id":"https:\/\/www.miamibeachfl.gov\/city-hall\/planning\/land-use-boards\/#primaryimage"},"image":{"@id":"https:\/\/www.miamibeachfl.gov\/city-hall\/planning\/land-use-boards\/#primaryimage"},"thumbnailUrl":"https:\/\/www.miamibeachfl.gov\/wp-content\/uploads\/2022\/07\/hero-small.jpg","datePublished":"2017-08-11T00:09:10+00:00","dateModified":"2025-11-05T20:08:20+00:00","description":"%","breadcrumb":{"@id":"https:\/\/www.miamibeachfl.gov\/city-hall\/planning\/land-use-boards\/#breadcrumb"},"inLanguage":"fr-FR","potentialAction":[{"@type":"ReadAction","target":["https:\/\/www.miamibeachfl.gov\/city-hall\/planning\/land-use-boards\/"]}]},{"@type":"ImageObject","inLanguage":"fr-FR","@id":"https:\/\/www.miamibeachfl.gov\/city-hall\/planning\/land-use-boards\/#primaryimage","url":"https:\/\/www.miamibeachfl.gov\/wp-content\/uploads\/2022\/07\/hero-small.jpg","contentUrl":"https:\/\/www.miamibeachfl.gov\/wp-content\/uploads\/2022\/07\/hero-small.jpg"},{"@type":"BreadcrumbList","@id":"https:\/\/www.miamibeachfl.gov\/city-hall\/planning\/land-use-boards\/#breadcrumb","itemListElement":[{"@type":"ListItem","position":1,"name":"Home","item":"https:\/\/www.miamibeachfl.gov\/"},{"@type":"ListItem","position":2,"name":"City Hall","item":"https:\/\/www.miamibeachfl.gov\/city-hall\/"},{"@type":"ListItem","position":3,"name":"Planning &#038; Zoning","item":"https:\/\/www.miamibeachfl.gov\/city-hall\/planning\/"},{"@type":"ListItem","position":4,"name":"Land Use Boards"}]},{"@type":"WebSite","@id":"https:\/\/www.miamibeachfl.gov\/#website","url":"https:\/\/www.miamibeachfl.gov\/","name":"Ville de Miami Beach","description":"Site officiel de la ville de Miami Beach. Restez inform\u00e9 et trouvez des informations importantes sur les services municipaux, les actualit\u00e9s, les alertes, les \u00e9v\u00e9nements, les itin\u00e9raires de tramway, les emplois gouvernementaux et bien plus encore.","publisher":{"@id":"https:\/\/www.miamibeachfl.gov\/#organization"},"potentialAction":[{"@type":"SearchAction","target":{"@type":"EntryPoint","urlTemplate":"https:\/\/www.miamibeachfl.gov\/?s={search_term_string}"},"query-input":{"@type":"PropertyValueSpecification","valueRequired":true,"valueName":"search_term_string"}}],"inLanguage":"fr-FR"},{"@type":"Organization","@id":"https:\/\/www.miamibeachfl.gov\/#organization","name":"Ville de Miami Beach","url":"https:\/\/www.miamibeachfl.gov\/","logo":{"@type":"ImageObject","inLanguage":"fr-FR","@id":"https:\/\/www.miamibeachfl.gov\/#\/schema\/logo\/image\/","url":"https:\/\/www.miamibeachfl.gov\/wp-content\/uploads\/2022\/06\/miamibeach-logoblue.png","contentUrl":"https:\/\/www.miamibeachfl.gov\/wp-content\/uploads\/2022\/06\/miamibeach-logoblue.png","width":1962,"height":381,"caption":"City of Miami Beach"},"image":{"@id":"https:\/\/www.miamibeachfl.gov\/#\/schema\/logo\/image\/"},"sameAs":["https:\/\/www.facebook.com\/cityofmiamibeach","https:\/\/x.com\/Miamibeachnews","https:\/\/www.instagram.com\/miamibeachnews\/"],"description":"Site officiel de la ville de Miami Beach. Restez inform\u00e9 et trouvez des informations importantes sur les services municipaux, les actualit\u00e9s, les alertes, les \u00e9v\u00e9nements, les itin\u00e9raires de tramway, les emplois gouvernementaux et bien plus encore.","telephone":"305.604.CITY(2489)","legalName":"City of Miami Beach"}]}},"_links":{"self":[{"href":"https:\/\/www.miamibeachfl.gov\/fr\/wp-json\/wp\/v2\/pages\/28865","targetHints":{"allow":["GET"]}}],"collection":[{"href":"https:\/\/www.miamibeachfl.gov\/fr\/wp-json\/wp\/v2\/pages"}],"about":[{"href":"https:\/\/www.miamibeachfl.gov\/fr\/wp-json\/wp\/v2\/types\/page"}],"author":[{"embeddable":true,"href":"https:\/\/www.miamibeachfl.gov\/fr\/wp-json\/wp\/v2\/users\/222"}],"replies":[{"embeddable":true,"href":"https:\/\/www.miamibeachfl.gov\/fr\/wp-json\/wp\/v2\/comments?post=28865"}],"version-history":[{"count":7,"href":"https:\/\/www.miamibeachfl.gov\/fr\/wp-json\/wp\/v2\/pages\/28865\/revisions"}],"predecessor-version":[{"id":391150,"href":"https:\/\/www.miamibeachfl.gov\/fr\/wp-json\/wp\/v2\/pages\/28865\/revisions\/391150"}],"up":[{"embeddable":true,"href":"https:\/\/www.miamibeachfl.gov\/fr\/wp-json\/wp\/v2\/pages\/28864"}],"wp:attachment":[{"href":"https:\/\/www.miamibeachfl.gov\/fr\/wp-json\/wp\/v2\/media?parent=28865"}],"wp:term":[{"taxonomy":"category","embeddable":true,"href":"https:\/\/www.miamibeachfl.gov\/fr\/wp-json\/wp\/v2\/categories?post=28865"},{"taxonomy":"post_tag","embeddable":true,"href":"https:\/\/www.miamibeachfl.gov\/fr\/wp-json\/wp\/v2\/tags?post=28865"}],"curies":[{"name":"wp","href":"https:\/\/api.w.org\/{rel}","templated":true}]}}