{"id":28880,"date":"2017-08-11T00:09:22","date_gmt":"2017-08-11T00:09:22","guid":{"rendered":"http:\/\/www.miamibeachfl.gov\/city-hall\/planning\/landscape-requirements\/"},"modified":"2026-03-03T10:41:21","modified_gmt":"2026-03-03T15:41:21","slug":"landscape-requirements","status":"publish","type":"page","link":"https:\/\/www.miamibeachfl.gov\/fr\/city-hall\/planning\/landscape-requirements\/","title":{"rendered":"Exigences paysag\u00e8res"},"content":{"rendered":"<img decoding=\"async\" src=\"https:\/\/www.miamibeachfl.gov\/wp-content\/uploads\/2022\/07\/hero-small.jpg\" alt=\"ocean drive art deco buildings\" itemprop=\"image\" height=\"211\" width=\"2395\" title=\"petit h\u00e9ros\" onerror=\"this.style.display='none'\" loading=\"lazy\" \/>\n<h1>\n\t\t\tExigences paysag\u00e8res\t<\/h1>\n\t<nav id=\"breadcrumbs\" aria-label=\"Fil d&#039;Ariane\"><a href=\"https:\/\/www.miamibeachfl.gov\/fr\/\">Maison<\/a> &gt; <a href=\"https:\/\/www.miamibeachfl.gov\/fr\/city-hall\/\">l&#039;h\u00f4tel de ville<\/a> &gt; <a href=\"https:\/\/www.miamibeachfl.gov\/fr\/city-hall\/planning\/\">Planification et zonage<\/a> &gt; <strong>Exigences paysag\u00e8res<\/strong><\/nav>\n\t<strong>ORDONNANCE PAYSAGISTE DE LA VILLE DE MIAMI BEACH (NOUVELLE CONSTRUCTION)<\/strong><br \/>\nLe 19 octobre 2016, la Ville de Miami Beach (CMB) a adopt\u00e9 une nouvelle ordonnance relative aux paysages, intitul\u00e9e \u00ab\u00a0Exigences paysag\u00e8res\u00a0\u00bb. Ce r\u00e8glement vise \u00e0 \u00e9tablir des normes paysag\u00e8res minimales pour la Ville de Miami Beach afin de mettre en valeur, d&#039;am\u00e9liorer et de maintenir la qualit\u00e9 du paysage. Il vise \u00e9galement \u00e0 pr\u00e9venir la destruction de la canop\u00e9e arbor\u00e9e existante et \u00e0 am\u00e9liorer l&#039;esth\u00e9tique des nouveaux am\u00e9nagements.<br \/>\nVoici des liens utiles et des r\u00e9f\u00e9rences utiles\u00a0:\n<p><strong>Ordonnances de la ville de Miami Beach<\/strong>:<\/p>\n<ul>\n<li><a href=\"https:\/\/codehub.gridics.com\/us\/fl\/miami-beach#\/3cdae951-9439-43bf-915e-a7f42b5082fd\" target=\"_blank\" rel=\"noopener\">Chapitre 4 \u2013 EXIGENCES PAYSAG\u00c8RES<\/a><\/li>\n<li><a href=\"https:\/\/library.municode.com\/fl\/miami_beach\/codes\/code_of_ordinances?nodeId=SPAGEOR_CH46EN\">Chapitre 46 - ENVIRONNEMENT<\/a><\/li>\n<li><a href=\"https:\/\/library.municode.com\/fl\/miami_beach\/codes\/code_of_ordinances?nodeId=SPAGEOR_CH46EN_ARTIICAMATRPL_DIV2TRPRPR_S46-65CIMIBETRPRTRFU\">FONDS FIDUCIAIRE POUR LES ARBRES<\/a><\/li>\n<\/ul>\n<p><strong>Formulaires<\/strong>:<\/p>\n<ul>\n<li><a href=\"https:\/\/www.miamibeachfl.gov\/wp-content\/uploads\/2025\/08\/Landscape-Legend_2025.pdf\">L\u00e9gende du paysage<\/a><\/li>\n<li><a href=\"http:\/\/www.miamibeachfl.gov\/wp-content\/uploads\/2017\/08\/CMB-Professional-Preparers-Statement-of-Landscape-Compliance-4-14-2017.pdf\">D\u00e9claration de conformit\u00e9 paysag\u00e8re du pr\u00e9parateur professionnel<\/a><\/li>\n<li><a href=\"http:\/\/www.miamibeachfl.gov\/wp-content\/uploads\/2017\/08\/CMB-Professional-Preparers-Certification-At-Time-Of-Final-Inspection-4-14-2017.pdf\">Certification du pr\u00e9parateur professionnel au moment de l&#039;inspection finale<\/a><\/li>\n<\/ul>\n<p><strong>Liens et r\u00e9f\u00e9rences<\/strong>:<\/p>\n<ul>\n<li><a href=\"http:\/\/www.miamidade.gov\/zoning\/code-landscape.asp\">Manuel d&#039;am\u00e9nagement paysager du comt\u00e9 de Miami-Dade<\/a><\/li>\n<li><a href=\"https:\/\/www.fpl.com\/reliability\/trees\/tree-location.html\">FPL - Plantez le bon arbre au bon endroit<\/a><\/li>\n<li>Normes ANSI A300 pour l&#039;entretien des arbres (consultez un arboriculteur certifi\u00e9)<\/li>\n<li><a href=\"http:\/\/www.miamidade.gov\/environment\/prohibited-plants.asp\">Liste des esp\u00e8ces interdites et contr\u00f4l\u00e9es<\/a><\/li>\n<li><a href=\"https:\/\/newfleppc.bugwoodcloud.org\/index.cfm\">Liste du Conseil de lutte contre les nuisibles exotiques de Floride<\/a><\/li>\n<li><a href=\"https:\/\/www.aslaflorida.org\/\">Soci\u00e9t\u00e9 am\u00e9ricaine des architectes paysagistes - Section de Floride<\/a><\/li>\n<li><a href=\"http:\/\/www.myfloridalicense.com\/dbpr\/pro\/larch\/index.html\">V\u00e9rification de la licence d&#039;architecte paysagiste agr\u00e9\u00e9 (DBPR)<\/a><\/li>\n<li><a href=\"http:\/\/www.isa-arbor.com\/findanarborist\/arboristsearch.aspx\">R\u00e9pertoire des arboristes certifi\u00e9s ISA<\/a><\/li>\n<\/ul>\n<p><strong>Coordonn\u00e9es des services municipaux alli\u00e9s et des organismes ext\u00e9rieurs<\/strong>:<\/p>\n<ul>\n<li><a href=\"\/fr\/city-hall\/environmental-sustainability\/urban-forestry\/\">D\u00e9partement de l&#039;environnement et du d\u00e9veloppement durable du CMB - Division de la foresterie urbaine (permis d&#039;arbres et fonds fiduciaire pour les arbres)<\/a><\/li>\n<li><a href=\"\/fr\/city-hall\/public-works\/green-space-management-division\/\">Service des travaux publics du CMB - Division de la gestion des espaces verts (permis de droit de passage)<\/a><\/li>\n<li><a href=\"http:\/\/www.miamidade.gov\/publicworks\/\">D\u00e9partement des travaux publics du comt\u00e9 de Miami-Dade (projets adjacents aux routes du comt\u00e9)<\/a><\/li>\n<li><a href=\"http:\/\/www.fdotmiamidade.com\/\">D\u00e9partement des Transports de Floride (FDOT) - District 6 (Projets adjacents aux routes nationales)<\/a><\/li>\n<\/ul>\n\t\tAcc\u00e9der \u00e0\u2026\t\t\t\n\t\t\t\t\t<ul id=\"menu-planning-main-menu\"><li id=\"menu-item-393598\"><a href=\"\/fr\/city-hall\/planning\/approved-live-local-act-applications\/\">Applications locales approuv\u00e9es<\/a><\/li>\n<li id=\"menu-item-363958\"><a href=\"\/fr\/city-hall\/planning\/general-zoning-information-code-interpretation\/\">Interpr\u00e9tation g\u00e9n\u00e9rale du zonage et du zonage administratif<\/a><\/li>\n<li id=\"menu-item-365954\"><a href=\"\/fr\/city-hall\/planning\/certificate-of-use\/\">Obtenir un certificat d&#039;utilisation (CU)<\/a><\/li>\n<li id=\"menu-item-363959\"><a href=\"\/fr\/city-hall\/planning\/land-development-dashboard\/\">Tableau de bord de l&#039;am\u00e9nagement du territoire<\/a><\/li>\n<li id=\"menu-item-363960\"><a href=\"\/fr\/city-hall\/planning\/land-use-boards\/\">Conseils d&#039;utilisation des terres<\/a><\/li>\n<li id=\"menu-item-363961\"><a href=\"\/fr\/city-hall\/planning\/landscape-requirements\/\">Exigences paysag\u00e8res<\/a><\/li>\n<li id=\"menu-item-363962\"><a href=\"\/fr\/city-hall\/planning\/planning-document-checklist\/\">Documents de planification, listes de contr\u00f4le et formulaires<\/a><\/li>\n<li id=\"menu-item-363963\"><a href=\"\/fr\/city-hall\/planning\/planning-faqs\/\">FAQ sur la planification<\/a><\/li>\n<li id=\"menu-item-363964\"><a href=\"\/fr\/city-hall\/planning\/maps-and-guidelines\/\">Cartes et lignes directrices de planification<\/a><\/li>\n<li id=\"menu-item-363965\"><a href=\"\/fr\/city-hall\/planning\/resiliency-code\/\">Code de r\u00e9silience \/ Plan global<\/a><\/li>\n<li id=\"menu-item-363966\"><a href=\"\/fr\/city-hall\/planning\/studies\/\">\u00c9tudes et rapports de d\u00e9signation<\/a><\/li>\n<\/ul>\t\n\t<div class=\"page-navigation\"><a class=\"prev-page\" href=\"https:\/\/www.miamibeachfl.gov\/fr\/city-hall\/planning\/general-zoning-information-code-interpretation\/\">\u2190 Zonage g\u00e9n\u00e9ral et interpr\u00e9tation du zonage administratif<\/a> <a class=\"next-page\" href=\"https:\/\/www.miamibeachfl.gov\/fr\/city-hall\/planning\/maps-and-guidelines\/\">Plans et lignes directrices d&#039;urbanisme \u2192<\/a><\/div>","protected":false},"excerpt":{"rendered":"<p>Ordonnance relative au paysage de la ville de Miami Beach (Nouveau [\u2026])<\/p>","protected":false},"author":222,"featured_media":0,"parent":28864,"menu_order":122,"comment_status":"closed","ping_status":"closed","template":"","meta":{"_searchwp_excluded":"","site-sidebar-layout":"default","site-content-layout":"","ast-site-content-layout":"default","site-content-style":"default","site-sidebar-style":"default","ast-global-header-display":"","ast-banner-title-visibility":"","ast-main-header-display":"","ast-hfb-above-header-display":"","ast-hfb-below-header-display":"","ast-hfb-mobile-header-display":"","site-post-title":"","ast-breadcrumbs-content":"","ast-featured-img":"","footer-sml-layout":"","theme-transparent-header-meta":"","adv-header-id-meta":"","stick-header-meta":"","header-above-stick-meta":"","header-main-stick-meta":"","header-below-stick-meta":"","astra-migrate-meta-layouts":"default","ast-page-background-enabled":"default","ast-page-background-meta":{"desktop":{"background-color":"var(--ast-global-color-5)","background-image":"","background-repeat":"repeat","background-position":"center center","background-size":"auto","background-attachment":"scroll","background-type":"","background-media":"","overlay-type":"","overlay-color":"","overlay-opacity":"","overlay-gradient":""},"tablet":{"background-color":"","background-image":"","background-repeat":"repeat","background-position":"center center","background-size":"auto","background-attachment":"scroll","background-type":"","background-media":"","overlay-type":"","overlay-color":"","overlay-opacity":"","overlay-gradient":""},"mobile":{"background-color":"","background-image":"","background-repeat":"repeat","background-position":"center center","background-size":"auto","background-attachment":"scroll","background-type":"","background-media":"","overlay-type":"","overlay-color":"","overlay-opacity":"","overlay-gradient":""}},"ast-content-background-meta":{"desktop":{"background-color":"var(--ast-global-color-4)","background-image":"","background-repeat":"repeat","background-position":"center center","background-size":"auto","background-attachment":"scroll","background-type":"","background-media":"","overlay-type":"","overlay-color":"","overlay-opacity":"","overlay-gradient":""},"tablet":{"background-color":"var(--ast-global-color-4)","background-image":"","background-repeat":"repeat","background-position":"center center","background-size":"auto","background-attachment":"scroll","background-type":"","background-media":"","overlay-type":"","overlay-color":"","overlay-opacity":"","overlay-gradient":""},"mobile":{"background-color":"var(--ast-global-color-4)","background-image":"","background-repeat":"repeat","background-position":"center center","background-size":"auto","background-attachment":"scroll","background-type":"","background-media":"","overlay-type":"","overlay-color":"","overlay-opacity":"","overlay-gradient":""}},"footnotes":""},"categories":[],"tags":[1028],"class_list":["post-28880","page","type-page","status-publish","hentry","tag-permitting-planning"],"yoast_head":"<!-- This site is optimized with the Yoast SEO Premium plugin v26.6 (Yoast SEO v26.6) - https:\/\/yoast.com\/wordpress\/plugins\/seo\/ -->\n<title>Landscape Requirements - City of Miami Beach<\/title>\n<meta name=\"description\" content=\"%\" \/>\n<meta name=\"robots\" content=\"index, follow, max-snippet:-1, max-image-preview:large, max-video-preview:-1\" \/>\n<link rel=\"canonical\" href=\"https:\/\/www.miamibeachfl.gov\/fr\/city-hall\/planning\/landscape-requirements\/\" \/>\n<meta property=\"og:locale\" content=\"fr_FR\" \/>\n<meta property=\"og:type\" content=\"article\" \/>\n<meta property=\"og:title\" content=\"Landscape Requirements\" \/>\n<meta property=\"og:description\" content=\"%\" \/>\n<meta property=\"og:url\" content=\"https:\/\/www.miamibeachfl.gov\/fr\/city-hall\/planning\/landscape-requirements\/\" \/>\n<meta property=\"og:site_name\" content=\"City of Miami Beach\" \/>\n<meta property=\"article:publisher\" content=\"https:\/\/www.facebook.com\/cityofmiamibeach\" \/>\n<meta property=\"article:modified_time\" content=\"2026-03-03T15:41:21+00:00\" \/>\n<meta property=\"og:image\" content=\"https:\/\/www.miamibeachfl.gov\/wp-content\/uploads\/2022\/07\/hero-small.jpg\" \/>\n<meta name=\"twitter:card\" content=\"summary_large_image\" \/>\n<meta name=\"twitter:site\" content=\"@Miamibeachnews\" \/>\n<script type=\"application\/ld+json\" class=\"yoast-schema-graph\">{\"@context\":\"https:\/\/schema.org\",\"@graph\":[{\"@type\":\"WebPage\",\"@id\":\"https:\/\/www.miamibeachfl.gov\/city-hall\/planning\/landscape-requirements\/\",\"url\":\"https:\/\/www.miamibeachfl.gov\/city-hall\/planning\/landscape-requirements\/\",\"name\":\"Landscape Requirements - City of Miami Beach\",\"isPartOf\":{\"@id\":\"https:\/\/www.miamibeachfl.gov\/#website\"},\"primaryImageOfPage\":{\"@id\":\"https:\/\/www.miamibeachfl.gov\/city-hall\/planning\/landscape-requirements\/#primaryimage\"},\"image\":{\"@id\":\"https:\/\/www.miamibeachfl.gov\/city-hall\/planning\/landscape-requirements\/#primaryimage\"},\"thumbnailUrl\":\"https:\/\/www.miamibeachfl.gov\/wp-content\/uploads\/2022\/07\/hero-small.jpg\",\"datePublished\":\"2017-08-11T00:09:22+00:00\",\"dateModified\":\"2026-03-03T15:41:21+00:00\",\"description\":\"%\",\"breadcrumb\":{\"@id\":\"https:\/\/www.miamibeachfl.gov\/city-hall\/planning\/landscape-requirements\/#breadcrumb\"},\"inLanguage\":\"fr-FR\",\"potentialAction\":[{\"@type\":\"ReadAction\",\"target\":[\"https:\/\/www.miamibeachfl.gov\/city-hall\/planning\/landscape-requirements\/\"]}]},{\"@type\":\"ImageObject\",\"inLanguage\":\"fr-FR\",\"@id\":\"https:\/\/www.miamibeachfl.gov\/city-hall\/planning\/landscape-requirements\/#primaryimage\",\"url\":\"https:\/\/www.miamibeachfl.gov\/wp-content\/uploads\/2022\/07\/hero-small.jpg\",\"contentUrl\":\"https:\/\/www.miamibeachfl.gov\/wp-content\/uploads\/2022\/07\/hero-small.jpg\"},{\"@type\":\"BreadcrumbList\",\"@id\":\"https:\/\/www.miamibeachfl.gov\/city-hall\/planning\/landscape-requirements\/#breadcrumb\",\"itemListElement\":[{\"@type\":\"ListItem\",\"position\":1,\"name\":\"Home\",\"item\":\"https:\/\/www.miamibeachfl.gov\/\"},{\"@type\":\"ListItem\",\"position\":2,\"name\":\"City Hall\",\"item\":\"https:\/\/www.miamibeachfl.gov\/city-hall\/\"},{\"@type\":\"ListItem\",\"position\":3,\"name\":\"Planning &#038; Zoning\",\"item\":\"https:\/\/www.miamibeachfl.gov\/city-hall\/planning\/\"},{\"@type\":\"ListItem\",\"position\":4,\"name\":\"Landscape Requirements\"}]},{\"@type\":\"WebSite\",\"@id\":\"https:\/\/www.miamibeachfl.gov\/#website\",\"url\":\"https:\/\/www.miamibeachfl.gov\/\",\"name\":\"City of Miami Beach\",\"description\":\"The official website of the City of Miami Beach. Stay informed, find important information on city services, news, alerts, events, trolley routes, government employment and more.\",\"publisher\":{\"@id\":\"https:\/\/www.miamibeachfl.gov\/#organization\"},\"potentialAction\":[{\"@type\":\"SearchAction\",\"target\":{\"@type\":\"EntryPoint\",\"urlTemplate\":\"https:\/\/www.miamibeachfl.gov\/?s={search_term_string}\"},\"query-input\":{\"@type\":\"PropertyValueSpecification\",\"valueRequired\":true,\"valueName\":\"search_term_string\"}}],\"inLanguage\":\"fr-FR\"},{\"@type\":\"Organization\",\"@id\":\"https:\/\/www.miamibeachfl.gov\/#organization\",\"name\":\"City of Miami Beach\",\"url\":\"https:\/\/www.miamibeachfl.gov\/\",\"logo\":{\"@type\":\"ImageObject\",\"inLanguage\":\"fr-FR\",\"@id\":\"https:\/\/www.miamibeachfl.gov\/#\/schema\/logo\/image\/\",\"url\":\"https:\/\/www.miamibeachfl.gov\/wp-content\/uploads\/2022\/06\/miamibeach-logoblue.png\",\"contentUrl\":\"https:\/\/www.miamibeachfl.gov\/wp-content\/uploads\/2022\/06\/miamibeach-logoblue.png\",\"width\":1962,\"height\":381,\"caption\":\"City of Miami Beach\"},\"image\":{\"@id\":\"https:\/\/www.miamibeachfl.gov\/#\/schema\/logo\/image\/\"},\"sameAs\":[\"https:\/\/www.facebook.com\/cityofmiamibeach\",\"https:\/\/x.com\/Miamibeachnews\",\"https:\/\/www.instagram.com\/miamibeachnews\/\"],\"description\":\"The official website of the City of Miami Beach. Stay informed, find important information on city services, news, alerts, events, trolley routes, government employment and more.\",\"telephone\":\"305.604.CITY(2489)\",\"legalName\":\"City of Miami Beach\"}]}<\/script>\n<!-- \/ Yoast SEO Premium plugin. -->","yoast_head_json":{"title":"Exigences en mati\u00e8re d&#039;am\u00e9nagement paysager - Ville de Miami Beach","description":"%","robots":{"index":"index","follow":"follow","max-snippet":"max-snippet:-1","max-image-preview":"max-image-preview:large","max-video-preview":"max-video-preview:-1"},"canonical":"https:\/\/www.miamibeachfl.gov\/fr\/city-hall\/planning\/landscape-requirements\/","og_locale":"fr_FR","og_type":"article","og_title":"Landscape Requirements","og_description":"%","og_url":"https:\/\/www.miamibeachfl.gov\/fr\/city-hall\/planning\/landscape-requirements\/","og_site_name":"City of Miami Beach","article_publisher":"https:\/\/www.facebook.com\/cityofmiamibeach","article_modified_time":"2026-03-03T15:41:21+00:00","og_image":[{"url":"https:\/\/www.miamibeachfl.gov\/wp-content\/uploads\/2022\/07\/hero-small.jpg","type":"","width":"","height":""}],"twitter_card":"summary_large_image","twitter_site":"@Miamibeachnews","schema":{"@context":"https:\/\/schema.org","@graph":[{"@type":"WebPage","@id":"https:\/\/www.miamibeachfl.gov\/city-hall\/planning\/landscape-requirements\/","url":"https:\/\/www.miamibeachfl.gov\/city-hall\/planning\/landscape-requirements\/","name":"Exigences en mati\u00e8re d&#039;am\u00e9nagement paysager - Ville de Miami Beach","isPartOf":{"@id":"https:\/\/www.miamibeachfl.gov\/#website"},"primaryImageOfPage":{"@id":"https:\/\/www.miamibeachfl.gov\/city-hall\/planning\/landscape-requirements\/#primaryimage"},"image":{"@id":"https:\/\/www.miamibeachfl.gov\/city-hall\/planning\/landscape-requirements\/#primaryimage"},"thumbnailUrl":"https:\/\/www.miamibeachfl.gov\/wp-content\/uploads\/2022\/07\/hero-small.jpg","datePublished":"2017-08-11T00:09:22+00:00","dateModified":"2026-03-03T15:41:21+00:00","description":"%","breadcrumb":{"@id":"https:\/\/www.miamibeachfl.gov\/city-hall\/planning\/landscape-requirements\/#breadcrumb"},"inLanguage":"fr-FR","potentialAction":[{"@type":"ReadAction","target":["https:\/\/www.miamibeachfl.gov\/city-hall\/planning\/landscape-requirements\/"]}]},{"@type":"ImageObject","inLanguage":"fr-FR","@id":"https:\/\/www.miamibeachfl.gov\/city-hall\/planning\/landscape-requirements\/#primaryimage","url":"https:\/\/www.miamibeachfl.gov\/wp-content\/uploads\/2022\/07\/hero-small.jpg","contentUrl":"https:\/\/www.miamibeachfl.gov\/wp-content\/uploads\/2022\/07\/hero-small.jpg"},{"@type":"BreadcrumbList","@id":"https:\/\/www.miamibeachfl.gov\/city-hall\/planning\/landscape-requirements\/#breadcrumb","itemListElement":[{"@type":"ListItem","position":1,"name":"Home","item":"https:\/\/www.miamibeachfl.gov\/"},{"@type":"ListItem","position":2,"name":"City Hall","item":"https:\/\/www.miamibeachfl.gov\/city-hall\/"},{"@type":"ListItem","position":3,"name":"Planning &#038; Zoning","item":"https:\/\/www.miamibeachfl.gov\/city-hall\/planning\/"},{"@type":"ListItem","position":4,"name":"Landscape Requirements"}]},{"@type":"WebSite","@id":"https:\/\/www.miamibeachfl.gov\/#website","url":"https:\/\/www.miamibeachfl.gov\/","name":"Ville de Miami Beach","description":"Site officiel de la ville de Miami Beach. Restez inform\u00e9 et trouvez des informations importantes sur les services municipaux, les actualit\u00e9s, les alertes, les \u00e9v\u00e9nements, les itin\u00e9raires de tramway, les emplois gouvernementaux et bien plus encore.","publisher":{"@id":"https:\/\/www.miamibeachfl.gov\/#organization"},"potentialAction":[{"@type":"SearchAction","target":{"@type":"EntryPoint","urlTemplate":"https:\/\/www.miamibeachfl.gov\/?s={search_term_string}"},"query-input":{"@type":"PropertyValueSpecification","valueRequired":true,"valueName":"search_term_string"}}],"inLanguage":"fr-FR"},{"@type":"Organization","@id":"https:\/\/www.miamibeachfl.gov\/#organization","name":"Ville de Miami Beach","url":"https:\/\/www.miamibeachfl.gov\/","logo":{"@type":"ImageObject","inLanguage":"fr-FR","@id":"https:\/\/www.miamibeachfl.gov\/#\/schema\/logo\/image\/","url":"https:\/\/www.miamibeachfl.gov\/wp-content\/uploads\/2022\/06\/miamibeach-logoblue.png","contentUrl":"https:\/\/www.miamibeachfl.gov\/wp-content\/uploads\/2022\/06\/miamibeach-logoblue.png","width":1962,"height":381,"caption":"City of Miami Beach"},"image":{"@id":"https:\/\/www.miamibeachfl.gov\/#\/schema\/logo\/image\/"},"sameAs":["https:\/\/www.facebook.com\/cityofmiamibeach","https:\/\/x.com\/Miamibeachnews","https:\/\/www.instagram.com\/miamibeachnews\/"],"description":"Site officiel de la ville de Miami Beach. Restez inform\u00e9 et trouvez des informations importantes sur les services municipaux, les actualit\u00e9s, les alertes, les \u00e9v\u00e9nements, les itin\u00e9raires de tramway, les emplois gouvernementaux et bien plus encore.","telephone":"305.604.CITY(2489)","legalName":"City of Miami Beach"}]}},"_links":{"self":[{"href":"https:\/\/www.miamibeachfl.gov\/fr\/wp-json\/wp\/v2\/pages\/28880","targetHints":{"allow":["GET"]}}],"collection":[{"href":"https:\/\/www.miamibeachfl.gov\/fr\/wp-json\/wp\/v2\/pages"}],"about":[{"href":"https:\/\/www.miamibeachfl.gov\/fr\/wp-json\/wp\/v2\/types\/page"}],"author":[{"embeddable":true,"href":"https:\/\/www.miamibeachfl.gov\/fr\/wp-json\/wp\/v2\/users\/222"}],"replies":[{"embeddable":true,"href":"https:\/\/www.miamibeachfl.gov\/fr\/wp-json\/wp\/v2\/comments?post=28880"}],"version-history":[{"count":0,"href":"https:\/\/www.miamibeachfl.gov\/fr\/wp-json\/wp\/v2\/pages\/28880\/revisions"}],"up":[{"embeddable":true,"href":"https:\/\/www.miamibeachfl.gov\/fr\/wp-json\/wp\/v2\/pages\/28864"}],"wp:attachment":[{"href":"https:\/\/www.miamibeachfl.gov\/fr\/wp-json\/wp\/v2\/media?parent=28880"}],"wp:term":[{"taxonomy":"category","embeddable":true,"href":"https:\/\/www.miamibeachfl.gov\/fr\/wp-json\/wp\/v2\/categories?post=28880"},{"taxonomy":"post_tag","embeddable":true,"href":"https:\/\/www.miamibeachfl.gov\/fr\/wp-json\/wp\/v2\/tags?post=28880"}],"curies":[{"name":"wp","href":"https:\/\/api.w.org\/{rel}","templated":true}]}}