{"id":28912,"date":"2017-08-11T00:09:47","date_gmt":"2017-08-11T00:09:47","guid":{"rendered":"http:\/\/www.miamibeachfl.gov\/city-hall\/procurement\/"},"modified":"2026-05-01T14:44:18","modified_gmt":"2026-05-01T18:44:18","slug":"procurement","status":"publish","type":"page","link":"https:\/\/www.miamibeachfl.gov\/fr\/city-hall\/procurement\/","title":{"rendered":"Approvisionnement"},"content":{"rendered":"<h1>\n\t\t\tApprovisionnement\t<\/h1>\n\t<nav id=\"breadcrumbs\" aria-label=\"Fil d&#039;Ariane\"><a href=\"https:\/\/www.miamibeachfl.gov\/fr\/\">Maison<\/a> &gt; <a href=\"https:\/\/www.miamibeachfl.gov\/fr\/city-hall\/\">l&#039;h\u00f4tel de ville<\/a> &gt; <strong>Approvisionnement<\/strong><\/nav><figure itemscope itemtype=\"https:\/\/schema.org\/ImageObject\">\n\t\t\t\t<img decoding=\"async\" src=\"https:\/\/www.miamibeachfl.gov\/wp-content\/uploads\/2020\/10\/image004.jpg\" alt=\"Achievement of Excellence badge\" height=\"137\" width=\"414\" title=\"image004\" onerror=\"this.style.display='none'\" loading=\"lazy\" \/>\n\t<\/figure>\n<p><em><strong>Notre mission<\/strong><\/em><\/p>\n<p><i>La mission du d\u00e9partement des achats de la ville de Miami Beach est de fournir un excellent service public \u00e0 toutes les parties prenantes de notre communaut\u00e9 tropicale dynamique en maximisant les ressources des contribuables et la confiance du public dans l&#039;acquisition de biens et de services gr\u00e2ce aux normes \u00e9thiques les plus \u00e9lev\u00e9es, \u00e0 l&#039;approvisionnement strat\u00e9gique, \u00e0 la transparence et \u00e0 l&#039;orientation client.<\/i><\/p>\n<p><em><strong>Notre vision et nos valeurs<\/strong><\/em><em>Nous sommes une \u00e9quipe de professionnels des march\u00e9s publics qui incarnent la vision et les valeurs de la Ville :<\/em><\/p>\n<ul>\n<li><em>un\u00a0<strong>VILLE PROSP\u00c8RE<\/strong>\u00a0en maximisant les ressources des contribuables.<\/em><\/li>\n<li><em>un\u00a0<strong>VILLE S\u00dbRE<\/strong>\u00a0gr\u00e2ce \u00e0 un partenariat strat\u00e9gique avec les premiers intervenants et la gestion des urgences pour acc\u00e9l\u00e9rer les services aux parties prenantes.<\/em><\/li>\n<li><em>un\u00a0<strong>VILLE C\u00d4TI\u00c8RE R\u00c9SILIENTE<\/strong> en veillant \u00e0 ce que les meilleures pratiques en mati\u00e8re de durabilit\u00e9 et de r\u00e9silience soient int\u00e9gr\u00e9es dans le travail que nous faisons.<\/em><\/li>\n<li><em>un\u00a0<strong>VILLE INTELLIGENTE<\/strong>\u00a0gr\u00e2ce \u00e0 une r\u00e9flexion innovante qui favorise l\u2019efficacit\u00e9 et la rationalisation des services aux parties prenantes.<\/em><\/li>\n<\/ul>\n<p><strong><a href=\"https:\/\/www.miamibeachfl.gov\/fr\/city-hall\/procurement\/contact-procurement\/\">Contactez-nous<\/a><\/strong>\u00a0pour toute assistance dont vous pourriez avoir besoin concernant les activit\u00e9s d\u2019approvisionnement et de passation de march\u00e9s.<\/p>\n<figure itemscope itemtype=\"https:\/\/schema.org\/ImageObject\">\n\t\t\t\t<img decoding=\"async\" src=\"https:\/\/www.miamibeachfl.gov\/wp-content\/uploads\/2017\/08\/KristyBada2.jpg\" alt=\"Krysty Bada\" height=\"600\" width=\"600\" title=\"Kristy Bada\" onerror=\"this.style.display='none'\" loading=\"lazy\" \/>\n\t<\/figure>\n<h2>\n\t\t\tKristy Bada\t<\/h2>\n\t<p>Kristy Bada a \u00e9t\u00e9 nomm\u00e9e directrice des achats du service des achats de la ville de Miami Beach en septembre 2024. \u00c0 ce titre, elle supervise l&#039;ensemble des activit\u00e9s d&#039;achat et pilote les initiatives de la ville en mati\u00e8re de passation de march\u00e9s, de conformit\u00e9 et de gestion des fournisseurs. Forte de pr\u00e8s de dix-sept ans d&#039;exp\u00e9rience dans les march\u00e9s publics en Floride du Sud, Kristy apporte une expertise approfondie dans la gestion de projets complexes et de grande envergure, notamment les appels d&#039;offres pour des travaux publics.\u00a0<a href=\"https:\/\/www.miamibeachfl.gov\/fr\/city-hall\/procurement\/kristy-bada-bio\/\">En savoir plus.<\/a><\/p>\n<h2>\n\t\t\tLiens principaux\t<\/h2>\n\t\t\t<a href=\"\/fr\/city-hall\/procurement\/bid-opportunities\/\"  target=\"_blank\" rel=\"noopener\">\n\t\t\t\t\t\t\tOpportunit\u00e9s d&#039;appel d&#039;offres\n\t\t\t<\/a>\n\t\t\t<a href=\"\/fr\/city-hall\/procurement\/contractawards\/\"  target=\"_self\">\n\t\t\t\t\t\t\tContrats\n\t\t\t<\/a>\n\t\t\t<a href=\"\/fr\/city-hall\/procurement\/how-to-become-a-vendor\/\"  target=\"_blank\" rel=\"noopener\">\n\t\t\t\t\t\t\tComment devenir vendeur ?\n\t\t\t<\/a>\n\t\t\t<a href=\"\/fr\/city-hall\/procurement\/kristy-bada-bio\/\"  target=\"_blank\" rel=\"noopener\">\n\t\t\t\t\t\t\tBiographie de Kristy Bada\n\t\t\t<\/a>\n\t\t\t<a href=\"\/fr\/city-hall\/procurement\/procurement-related-ordinance-and-procedures\/\"  target=\"_blank\" rel=\"noopener\">\n\t\t\t\t\t\t\tPolitiques et proc\u00e9dures relatives aux achats\n\t\t\t<\/a>\n\t\t\t<a href=\"https:\/\/www.miamibeachfl.gov\/wp-content\/uploads\/2026\/05\/LTC-186-2026-List-of-Projects-Covered-by-the-Cone-of-Silence-Ordinance.pdf\"  target=\"_blank\" rel=\"noopener\">\n\t\t\t\t\t\t\tProjets sous c\u00f4ne de<br \/>Silence\n\t\t\t<\/a>\n\t\t\t<a href=\"\/fr\/city-hall\/procurement\/standard-terms-and-conditions\/\"  target=\"_blank\" rel=\"noopener\">\n\t\t\t\t\t\t\tConditions g\u00e9n\u00e9rales et<br \/>Conditions\n\t\t\t<\/a>\n<h2>\n\t\t\tRessources connexes\t<\/h2>\n\t\t<ul>\n\t\t\t\t\t<li>\n\t\t\t\t\t<a href=\"\/fr\/city-hall\/city-clerk\/meeting-notices\/\" target=\"_self\">\n\t\t\t\t<h3>R\u00e9unions publiques<\/h3>\n\t<\/a>\n\t\t\t<\/li>\n\t\t\t\t\t<li>\n\t\t\t\t\t<a href=\"https:\/\/mbservices.miamibeachfl.gov\/vss\" target=\"_blank\">\n\t\t\t\t<h3>Libre-service des fournisseurs<\/h3>\n\t<\/a>\n\t\t\t<\/li>\n\t\t\t\t\t<li>\n\t\t\t\t\t<a href=\"https:\/\/bidera.com\/\" target=\"_blank\">\n\t\t\t\t<h3>Surplus<\/h3>\n\t<\/a>\n\t\t\t<\/li>\n\t\t\t\t\t<li>\n\t\t\t\t\t<a href=\"\/fr\/city-hall\/city-clerk\/public-records-request\/\" target=\"_self\">\n\t\t\t\t<h3>Demande de documents publics<\/h3>\n\t<\/a>\n\t\t\t<\/li>\n\t\t\t\t\t<li>\n\t\t\t\t\t<a href=\"\/fr\/city-hall\/procurement\/debarement-of-vendors\/\" target=\"_blank\">\n\t\t\t\t<h3>Exclusion des vendeurs<\/h3>\n\t<\/a>\n\t\t\t<\/li>\n\t\t\t\t<\/ul>\n\t\t<ul>\n\t\t\t\t\t<li>\n\t\t\t\t\t<a href=\"\/fr\/city-hall\/city-clerk\/election-information\/campaign-finance\/\" target=\"_self\">\n\t\t\t\t<h3> CONTRIBUTIONS DES CAMPAGNES DES FOURNISSEURS (G\u00c9R\u00c9ES PAR LE SERVICE DES ACHATS)<\/h3>\n\t<\/a>\n\t\t\t<\/li>\n\t\t\t\t\t<li>\n\t\t\t\t\t<a href=\"http:\/\/lcptracker.net\/\" target=\"_blank\">\n\t\t\t\t<h3>Suivi LCP<\/h3>\n\t<\/a>\n\t\t\t<\/li>\n\t\t\t\t\t<li>\n\t\t\t\t\t<a href=\"\/fr\/city-hall\/procurement\/supplier-diversity\/\" target=\"_self\">\n\t\t\t\t<h3>Diversit\u00e9 des fournisseurs<\/h3>\n\t<\/a>\n\t\t\t<\/li>\n\t\t\t\t\t<li>\n\t\t\t\t\t<a href=\"\/wp-content\/uploads\/2022\/03\/PO1901-Submittal-of-Unsolicited-Proposals.pdf\" target=\"_blank\">\n\t\t\t\t<h3>Soumission de propositions spontan\u00e9es<\/h3>\n\t<\/a>\n\t\t\t<\/li>\n\t\t\t\t<\/ul>","protected":false},"excerpt":{"rendered":"<p><a href=\"tel:3056737490\" style=\"text-decoration:none; color:#004896;\"><br \/>\n    <i class=\"fa-solid fa-phone\"><\/i> 305.673.7490<br \/>\n<\/a><a href=\"https:\/\/www.miamibeachfl.gov\/fr\/city-hall\/procurement\/contact-procurement\/\" style=\"text-decoration:none; color:#004896;\"><br \/>\n    <i class=\"fa-solid fa-circle-info\"><\/i> Coordonn\u00e9es<br \/>\n<\/a><\/p>","protected":false},"author":222,"featured_media":260861,"parent":28206,"menu_order":261,"comment_status":"closed","ping_status":"closed","template":"","meta":{"_searchwp_excluded":"","site-sidebar-layout":"default","site-content-layout":"","ast-site-content-layout":"default","site-content-style":"default","site-sidebar-style":"default","ast-global-header-display":"","ast-banner-title-visibility":"","ast-main-header-display":"","ast-hfb-above-header-display":"","ast-hfb-below-header-display":"","ast-hfb-mobile-header-display":"","site-post-title":"","ast-breadcrumbs-content":"","ast-featured-img":"","footer-sml-layout":"","ast-disable-related-posts":"","theme-transparent-header-meta":"","adv-header-id-meta":"","stick-header-meta":"","header-above-stick-meta":"","header-main-stick-meta":"","header-below-stick-meta":"","astra-migrate-meta-layouts":"default","ast-page-background-enabled":"default","ast-page-background-meta":{"desktop":{"background-color":"var(--ast-global-color-5)","background-image":"","background-repeat":"repeat","background-position":"center center","background-size":"auto","background-attachment":"scroll","background-type":"","background-media":"","overlay-type":"","overlay-color":"","overlay-opacity":"","overlay-gradient":""},"tablet":{"background-color":"","background-image":"","background-repeat":"repeat","background-position":"center center","background-size":"auto","background-attachment":"scroll","background-type":"","background-media":"","overlay-type":"","overlay-color":"","overlay-opacity":"","overlay-gradient":""},"mobile":{"background-color":"","background-image":"","background-repeat":"repeat","background-position":"center center","background-size":"auto","background-attachment":"scroll","background-type":"","background-media":"","overlay-type":"","overlay-color":"","overlay-opacity":"","overlay-gradient":""}},"ast-content-background-meta":{"desktop":{"background-color":"var(--ast-global-color-4)","background-image":"","background-repeat":"repeat","background-position":"center center","background-size":"auto","background-attachment":"scroll","background-type":"","background-media":"","overlay-type":"","overlay-color":"","overlay-opacity":"","overlay-gradient":""},"tablet":{"background-color":"var(--ast-global-color-4)","background-image":"","background-repeat":"repeat","background-position":"center center","background-size":"auto","background-attachment":"scroll","background-type":"","background-media":"","overlay-type":"","overlay-color":"","overlay-opacity":"","overlay-gradient":""},"mobile":{"background-color":"var(--ast-global-color-4)","background-image":"","background-repeat":"repeat","background-position":"center center","background-size":"auto","background-attachment":"scroll","background-type":"","background-media":"","overlay-type":"","overlay-color":"","overlay-opacity":"","overlay-gradient":""}},"footnotes":""},"categories":[1],"tags":[1727,1728],"class_list":["post-28912","page","type-page","status-publish","has-post-thumbnail","hentry","category-uncategorized","tag-administrative","tag-business"],"yoast_head":"<!-- This site is optimized with the Yoast SEO Premium plugin v27.4 (Yoast SEO v27.4) - https:\/\/yoast.com\/product\/yoast-seo-premium-wordpress\/ -->\n<title>Procurement - City of Miami Beach<\/title>\n<meta name=\"description\" content=\"Miami Beach Procurement Department manages acquisition of goods and services according to City Code, Florida State Statutes, and federal law.\" \/>\n<meta name=\"robots\" content=\"index, follow, max-snippet:-1, max-image-preview:large, max-video-preview:-1\" \/>\n<link rel=\"canonical\" href=\"https:\/\/www.miamibeachfl.gov\/fr\/city-hall\/procurement\/\" \/>\n<meta property=\"og:locale\" content=\"fr_FR\" \/>\n<meta property=\"og:type\" content=\"article\" \/>\n<meta property=\"og:title\" content=\"Procurement\" \/>\n<meta property=\"og:description\" content=\"Miami Beach Procurement Department manages acquisition of goods and services according to City Code, Florida State Statutes, and federal law.\" \/>\n<meta property=\"og:url\" content=\"https:\/\/www.miamibeachfl.gov\/fr\/city-hall\/procurement\/\" \/>\n<meta property=\"og:site_name\" content=\"City of Miami Beach\" \/>\n<meta property=\"article:publisher\" content=\"https:\/\/www.facebook.com\/cityofmiamibeach\" \/>\n<meta property=\"article:modified_time\" content=\"2026-05-01T18:44:18+00:00\" \/>\n<meta property=\"og:image\" content=\"https:\/\/www.miamibeachfl.gov\/wp-content\/uploads\/2023\/05\/businesspeople.jpg\" \/>\n\t<meta property=\"og:image:width\" content=\"299\" \/>\n\t<meta property=\"og:image:height\" content=\"299\" \/>\n\t<meta property=\"og:image:type\" content=\"image\/jpeg\" \/>\n<meta name=\"twitter:card\" content=\"summary_large_image\" \/>\n<meta name=\"twitter:site\" content=\"@Miamibeachnews\" \/>\n<script type=\"application\/ld+json\" class=\"yoast-schema-graph\">{\"@context\":\"https:\\\/\\\/schema.org\",\"@graph\":[{\"@type\":\"WebPage\",\"@id\":\"https:\\\/\\\/www.miamibeachfl.gov\\\/city-hall\\\/procurement\\\/\",\"url\":\"https:\\\/\\\/www.miamibeachfl.gov\\\/city-hall\\\/procurement\\\/\",\"name\":\"Procurement - City of Miami Beach\",\"isPartOf\":{\"@id\":\"https:\\\/\\\/www.miamibeachfl.gov\\\/#website\"},\"primaryImageOfPage\":{\"@id\":\"https:\\\/\\\/www.miamibeachfl.gov\\\/city-hall\\\/procurement\\\/#primaryimage\"},\"image\":{\"@id\":\"https:\\\/\\\/www.miamibeachfl.gov\\\/city-hall\\\/procurement\\\/#primaryimage\"},\"thumbnailUrl\":\"https:\\\/\\\/www.miamibeachfl.gov\\\/wp-content\\\/uploads\\\/2023\\\/05\\\/businesspeople.jpg\",\"datePublished\":\"2017-08-11T00:09:47+00:00\",\"dateModified\":\"2026-05-01T18:44:18+00:00\",\"description\":\"Miami Beach Procurement Department manages acquisition of goods and services according to City Code, Florida State Statutes, and federal law.\",\"breadcrumb\":{\"@id\":\"https:\\\/\\\/www.miamibeachfl.gov\\\/city-hall\\\/procurement\\\/#breadcrumb\"},\"inLanguage\":\"fr-FR\",\"potentialAction\":[{\"@type\":\"ReadAction\",\"target\":[\"https:\\\/\\\/www.miamibeachfl.gov\\\/city-hall\\\/procurement\\\/\"]}]},{\"@type\":\"ImageObject\",\"inLanguage\":\"fr-FR\",\"@id\":\"https:\\\/\\\/www.miamibeachfl.gov\\\/city-hall\\\/procurement\\\/#primaryimage\",\"url\":\"https:\\\/\\\/www.miamibeachfl.gov\\\/wp-content\\\/uploads\\\/2023\\\/05\\\/businesspeople.jpg\",\"contentUrl\":\"https:\\\/\\\/www.miamibeachfl.gov\\\/wp-content\\\/uploads\\\/2023\\\/05\\\/businesspeople.jpg\",\"width\":299,\"height\":299,\"caption\":\"Business People looking at computer\"},{\"@type\":\"BreadcrumbList\",\"@id\":\"https:\\\/\\\/www.miamibeachfl.gov\\\/city-hall\\\/procurement\\\/#breadcrumb\",\"itemListElement\":[{\"@type\":\"ListItem\",\"position\":1,\"name\":\"Home\",\"item\":\"https:\\\/\\\/www.miamibeachfl.gov\\\/\"},{\"@type\":\"ListItem\",\"position\":2,\"name\":\"City Hall\",\"item\":\"https:\\\/\\\/www.miamibeachfl.gov\\\/city-hall\\\/\"},{\"@type\":\"ListItem\",\"position\":3,\"name\":\"Procurement\"}]},{\"@type\":\"WebSite\",\"@id\":\"https:\\\/\\\/www.miamibeachfl.gov\\\/#website\",\"url\":\"https:\\\/\\\/www.miamibeachfl.gov\\\/\",\"name\":\"City of Miami Beach\",\"description\":\"The official website of the City of Miami Beach. Stay informed, find important information on city services, news, alerts, events, trolley routes, government employment and more.\",\"publisher\":{\"@id\":\"https:\\\/\\\/www.miamibeachfl.gov\\\/#organization\"},\"potentialAction\":[{\"@type\":\"SearchAction\",\"target\":{\"@type\":\"EntryPoint\",\"urlTemplate\":\"https:\\\/\\\/www.miamibeachfl.gov\\\/?s={search_term_string}\"},\"query-input\":{\"@type\":\"PropertyValueSpecification\",\"valueRequired\":true,\"valueName\":\"search_term_string\"}}],\"inLanguage\":\"fr-FR\"},{\"@type\":\"Organization\",\"@id\":\"https:\\\/\\\/www.miamibeachfl.gov\\\/#organization\",\"name\":\"City of Miami Beach\",\"url\":\"https:\\\/\\\/www.miamibeachfl.gov\\\/\",\"logo\":{\"@type\":\"ImageObject\",\"inLanguage\":\"fr-FR\",\"@id\":\"https:\\\/\\\/www.miamibeachfl.gov\\\/#\\\/schema\\\/logo\\\/image\\\/\",\"url\":\"https:\\\/\\\/www.miamibeachfl.gov\\\/wp-content\\\/uploads\\\/2022\\\/06\\\/miamibeach-logoblue.png\",\"contentUrl\":\"https:\\\/\\\/www.miamibeachfl.gov\\\/wp-content\\\/uploads\\\/2022\\\/06\\\/miamibeach-logoblue.png\",\"width\":1962,\"height\":381,\"caption\":\"City of Miami Beach\"},\"image\":{\"@id\":\"https:\\\/\\\/www.miamibeachfl.gov\\\/#\\\/schema\\\/logo\\\/image\\\/\"},\"sameAs\":[\"https:\\\/\\\/www.facebook.com\\\/cityofmiamibeach\",\"https:\\\/\\\/x.com\\\/Miamibeachnews\",\"https:\\\/\\\/www.instagram.com\\\/miamibeachnews\\\/\"],\"description\":\"The official website of the City of Miami Beach. Stay informed, find important information on city services, news, alerts, events, trolley routes, government employment and more.\",\"telephone\":\"305.604.CITY(2489)\",\"legalName\":\"City of Miami Beach\"}]}<\/script>\n<!-- \/ Yoast SEO Premium plugin. -->","yoast_head_json":{"title":"Achats \u2013 Ville de Miami Beach","description":"Le d\u00e9partement des achats de Miami Beach g\u00e8re l&#039;acquisition de biens et de services conform\u00e9ment au code de la ville, aux statuts de l&#039;\u00c9tat de Floride et \u00e0 la loi f\u00e9d\u00e9rale.","robots":{"index":"index","follow":"follow","max-snippet":"max-snippet:-1","max-image-preview":"max-image-preview:large","max-video-preview":"max-video-preview:-1"},"canonical":"https:\/\/www.miamibeachfl.gov\/fr\/city-hall\/procurement\/","og_locale":"fr_FR","og_type":"article","og_title":"Procurement","og_description":"Miami Beach Procurement Department manages acquisition of goods and services according to City Code, Florida State Statutes, and federal law.","og_url":"https:\/\/www.miamibeachfl.gov\/fr\/city-hall\/procurement\/","og_site_name":"City of Miami Beach","article_publisher":"https:\/\/www.facebook.com\/cityofmiamibeach","article_modified_time":"2026-05-01T18:44:18+00:00","og_image":[{"width":299,"height":299,"url":"https:\/\/www.miamibeachfl.gov\/wp-content\/uploads\/2023\/05\/businesspeople.jpg","type":"image\/jpeg"}],"twitter_card":"summary_large_image","twitter_site":"@Miamibeachnews","schema":{"@context":"https:\/\/schema.org","@graph":[{"@type":"WebPage","@id":"https:\/\/www.miamibeachfl.gov\/city-hall\/procurement\/","url":"https:\/\/www.miamibeachfl.gov\/city-hall\/procurement\/","name":"Achats \u2013 Ville de Miami Beach","isPartOf":{"@id":"https:\/\/www.miamibeachfl.gov\/#website"},"primaryImageOfPage":{"@id":"https:\/\/www.miamibeachfl.gov\/city-hall\/procurement\/#primaryimage"},"image":{"@id":"https:\/\/www.miamibeachfl.gov\/city-hall\/procurement\/#primaryimage"},"thumbnailUrl":"https:\/\/www.miamibeachfl.gov\/wp-content\/uploads\/2023\/05\/businesspeople.jpg","datePublished":"2017-08-11T00:09:47+00:00","dateModified":"2026-05-01T18:44:18+00:00","description":"Le d\u00e9partement des achats de Miami Beach g\u00e8re l&#039;acquisition de biens et de services conform\u00e9ment au code de la ville, aux statuts de l&#039;\u00c9tat de Floride et \u00e0 la loi f\u00e9d\u00e9rale.","breadcrumb":{"@id":"https:\/\/www.miamibeachfl.gov\/city-hall\/procurement\/#breadcrumb"},"inLanguage":"fr-FR","potentialAction":[{"@type":"ReadAction","target":["https:\/\/www.miamibeachfl.gov\/city-hall\/procurement\/"]}]},{"@type":"ImageObject","inLanguage":"fr-FR","@id":"https:\/\/www.miamibeachfl.gov\/city-hall\/procurement\/#primaryimage","url":"https:\/\/www.miamibeachfl.gov\/wp-content\/uploads\/2023\/05\/businesspeople.jpg","contentUrl":"https:\/\/www.miamibeachfl.gov\/wp-content\/uploads\/2023\/05\/businesspeople.jpg","width":299,"height":299,"caption":"Business People looking at computer"},{"@type":"BreadcrumbList","@id":"https:\/\/www.miamibeachfl.gov\/city-hall\/procurement\/#breadcrumb","itemListElement":[{"@type":"ListItem","position":1,"name":"Home","item":"https:\/\/www.miamibeachfl.gov\/"},{"@type":"ListItem","position":2,"name":"City Hall","item":"https:\/\/www.miamibeachfl.gov\/city-hall\/"},{"@type":"ListItem","position":3,"name":"Procurement"}]},{"@type":"WebSite","@id":"https:\/\/www.miamibeachfl.gov\/#website","url":"https:\/\/www.miamibeachfl.gov\/","name":"Ville de Miami Beach","description":"Site officiel de la ville de Miami Beach. Restez inform\u00e9 et trouvez des informations importantes sur les services municipaux, les actualit\u00e9s, les alertes, les \u00e9v\u00e9nements, les itin\u00e9raires de tramway, les emplois gouvernementaux et bien plus encore.","publisher":{"@id":"https:\/\/www.miamibeachfl.gov\/#organization"},"potentialAction":[{"@type":"SearchAction","target":{"@type":"EntryPoint","urlTemplate":"https:\/\/www.miamibeachfl.gov\/?s={search_term_string}"},"query-input":{"@type":"PropertyValueSpecification","valueRequired":true,"valueName":"search_term_string"}}],"inLanguage":"fr-FR"},{"@type":"Organization","@id":"https:\/\/www.miamibeachfl.gov\/#organization","name":"Ville de Miami Beach","url":"https:\/\/www.miamibeachfl.gov\/","logo":{"@type":"ImageObject","inLanguage":"fr-FR","@id":"https:\/\/www.miamibeachfl.gov\/#\/schema\/logo\/image\/","url":"https:\/\/www.miamibeachfl.gov\/wp-content\/uploads\/2022\/06\/miamibeach-logoblue.png","contentUrl":"https:\/\/www.miamibeachfl.gov\/wp-content\/uploads\/2022\/06\/miamibeach-logoblue.png","width":1962,"height":381,"caption":"City of Miami Beach"},"image":{"@id":"https:\/\/www.miamibeachfl.gov\/#\/schema\/logo\/image\/"},"sameAs":["https:\/\/www.facebook.com\/cityofmiamibeach","https:\/\/x.com\/Miamibeachnews","https:\/\/www.instagram.com\/miamibeachnews\/"],"description":"Site officiel de la ville de Miami Beach. Restez inform\u00e9 et trouvez des informations importantes sur les services municipaux, les actualit\u00e9s, les alertes, les \u00e9v\u00e9nements, les itin\u00e9raires de tramway, les emplois gouvernementaux et bien plus encore.","telephone":"305.604.CITY(2489)","legalName":"City of Miami Beach"}]}},"_links":{"self":[{"href":"https:\/\/www.miamibeachfl.gov\/fr\/wp-json\/wp\/v2\/pages\/28912","targetHints":{"allow":["GET"]}}],"collection":[{"href":"https:\/\/www.miamibeachfl.gov\/fr\/wp-json\/wp\/v2\/pages"}],"about":[{"href":"https:\/\/www.miamibeachfl.gov\/fr\/wp-json\/wp\/v2\/types\/page"}],"author":[{"embeddable":true,"href":"https:\/\/www.miamibeachfl.gov\/fr\/wp-json\/wp\/v2\/users\/222"}],"replies":[{"embeddable":true,"href":"https:\/\/www.miamibeachfl.gov\/fr\/wp-json\/wp\/v2\/comments?post=28912"}],"version-history":[{"count":12,"href":"https:\/\/www.miamibeachfl.gov\/fr\/wp-json\/wp\/v2\/pages\/28912\/revisions"}],"predecessor-version":[{"id":399960,"href":"https:\/\/www.miamibeachfl.gov\/fr\/wp-json\/wp\/v2\/pages\/28912\/revisions\/399960"}],"up":[{"embeddable":true,"href":"https:\/\/www.miamibeachfl.gov\/fr\/wp-json\/wp\/v2\/pages\/28206"}],"wp:featuredmedia":[{"embeddable":true,"href":"https:\/\/www.miamibeachfl.gov\/fr\/wp-json\/wp\/v2\/media\/260861"}],"wp:attachment":[{"href":"https:\/\/www.miamibeachfl.gov\/fr\/wp-json\/wp\/v2\/media?parent=28912"}],"wp:term":[{"taxonomy":"category","embeddable":true,"href":"https:\/\/www.miamibeachfl.gov\/fr\/wp-json\/wp\/v2\/categories?post=28912"},{"taxonomy":"post_tag","embeddable":true,"href":"https:\/\/www.miamibeachfl.gov\/fr\/wp-json\/wp\/v2\/tags?post=28912"}],"curies":[{"name":"wp","href":"https:\/\/api.w.org\/{rel}","templated":true}]}}