{"id":28933,"date":"2017-08-11T00:10:02","date_gmt":"2017-08-11T00:10:02","guid":{"rendered":"http:\/\/www.miamibeachfl.gov\/city-hall\/public-works\/sanitation-division\/bulk-disposal\/"},"modified":"2026-02-06T12:17:30","modified_gmt":"2026-02-06T17:17:30","slug":"bulk-disposal","status":"publish","type":"page","link":"https:\/\/www.miamibeachfl.gov\/fr\/city-hall\/public-works\/sanitation-division\/bulk-disposal\/","title":{"rendered":"Collecte et d\u00e9p\u00f4t de d\u00e9chets en vrac \u00e0 Miami Beach"},"content":{"rendered":"<img decoding=\"async\" src=\"https:\/\/www.miamibeachfl.gov\/wp-content\/uploads\/2022\/07\/hero-small.jpg\" alt=\"ocean drive art deco buildings\" itemprop=\"image\" height=\"211\" width=\"2395\" title=\"petit h\u00e9ros\" onerror=\"this.style.display='none'\" loading=\"lazy\" \/>\n\t<nav id=\"breadcrumbs\" aria-label=\"Fil d&#039;Ariane\"><a href=\"https:\/\/www.miamibeachfl.gov\/fr\/\">Maison<\/a> &gt; <a href=\"https:\/\/www.miamibeachfl.gov\/fr\/city-hall\/\">l&#039;h\u00f4tel de ville<\/a> &gt; <a href=\"https:\/\/www.miamibeachfl.gov\/fr\/city-hall\/public-works\/\">Travaux publics<\/a> &gt; <a href=\"https:\/\/www.miamibeachfl.gov\/fr\/city-hall\/public-works\/sanitation-division\/\">Division de l&#039;assainissement<\/a> &gt; <strong>Collecte et d\u00e9p\u00f4t de d\u00e9chets en vrac \u00e0 Miami Beach<\/strong><\/nav><h1>\n\t\t\tCollecte et d\u00e9p\u00f4t de d\u00e9chets en vrac \u00e0 Miami Beach\t<\/h1>\n\t<p><strong>Waste Connections of Florida est responsable de la collecte des d\u00e9chets encombrants et des d\u00e9chets verts conform\u00e9ment aux directives suivantes\u00a0:<\/strong><\/p>\n<h2>D\u00c9CHETS EN VRAC<\/h2>\n<p><strong>La collecte des d\u00e9chets encombrants doit \u00eatre programm\u00e9e en appelant directement Waste Connections of Florida au <a href=\"tel:7865152726\">786.515.2726<\/a>;<\/strong><\/p>\n<ul>\n<li>Les propri\u00e9t\u00e9s ont droit \u00e0 <strong>six (6)<\/strong> collectes en vrac gratuites par an;<\/li>\n<li>Veuillez d\u00e9poser les d\u00e9chets encombrants \u00e0 une distance maximale de <strong>24 heures avant<\/strong> \u00e0 la date de ramassage pr\u00e9vue\u00a0;<\/li>\n<li><strong>Les d\u00e9chets en vrac constituent<\/strong> les grosses coupes d&#039;arbustes, les branches d&#039;arbres et les d\u00e9chets de jardin qui ne peuvent pas \u00eatre plac\u00e9s dans une bo\u00eete, un sac ou attach\u00e9s en paquets de 4 pieds de longueur ou moins; les appareils \u00e9lectrom\u00e9nagers tels que les cuisini\u00e8res, les chauffe-eau et les r\u00e9frig\u00e9rateurs (avec les portes retir\u00e9es); les d\u00e9chets provenant de projets de r\u00e9novation ou de r\u00e9paration domiciliaire \u00e0 faire soi-m\u00eame, y compris la moquette (coup\u00e9e \u00e0 des longueurs de 6 pieds ou moins); les cloisons s\u00e8ches et le bois d&#039;\u0153uvre ne d\u00e9passant pas 5 pieds de longueur ou 40 livres; et les meubles (canap\u00e9s, chaises et matelas);<\/li>\n<li><strong>Les d\u00e9chets encombrants ne comprennent PAS<\/strong> d\u00e9chets provenant de l\u2019abattage d\u2019arbres, du d\u00e9frichement de terrains, de la d\u00e9molition de b\u00e2timents, des d\u00e9chets chimiques, de la peinture, des automobiles et des pi\u00e8ces automobiles, des pneus, des batteries, des bateaux, des d\u00e9chets biologiques ou de tout travail effectu\u00e9 par un entrepreneur\u00a0;<\/li>\n<li><strong>Appartements et condos<\/strong>: Les immeubles de neuf (9) unit\u00e9s ou plus, faisant l&#039;objet d&#039;un service priv\u00e9 de collecte des ordures m\u00e9nag\u00e8res, doivent contacter leur fournisseur de services pour la collecte des d\u00e9chets encombrants et des d\u00e9chets verts.<\/li>\n<\/ul>\n<h3>D\u00c9CHETS DE JARDIN<\/h3>\n<ul>\n<li><strong>Les d\u00e9chets de jardin constituent<\/strong> comme boutures d\u2019arbres\/arbustes, tontes de gazon et feuilles de palmier ;<\/li>\n<li>Veuillez d\u00e9poser vos d\u00e9chets sur le trottoir pas plus de <strong>24 heures avant<\/strong> jusqu&#039;\u00e0 7h00 les jours de ramassage de votre semaine\u00a0;<\/li>\n<li>Tous les d\u00e9chets doivent \u00eatre plac\u00e9s dans des sacs\/poubelles ou attach\u00e9s en paquets et <strong>peser moins de 50 livres<\/strong>;<\/li>\n<li>Paquets <strong>ne peut pas mesurer plus de 4 pieds de longueur<\/strong> et<strong> membres ne d\u00e9passant pas 4 pouces de diam\u00e8tre<\/strong>.<\/li>\n<\/ul>\n<p><strong>Les contrevenants aux r\u00e8gles susmentionn\u00e9es se verront infliger une amende allant de $50 \u00e0 $1000. Si la ville doit enlever les d\u00e9chets, le contrevenant se verra \u00e9galement facturer tous les frais d&#039;enl\u00e8vement, en plus des amendes.<\/strong><\/p>\n<hr \/>\n<strong>D\u00c9P\u00d4T GRATUIT DE MAT\u00c9RIEL EN VRAC :<\/strong> Le premier week-end de chaque mois<br \/>\nLes r\u00e9sidents peuvent apporter leurs d\u00e9chets encombrants \u00e0 l&#039;un des endroits indiqu\u00e9s ci-dessous de 8 h \u00e0 18 h.\n<p>Une preuve de r\u00e9sidence \u00e0 Miami Beach est requise (pi\u00e8ce d&#039;identit\u00e9 officielle avec une adresse \u00e0 Miami Beach et\/ou une facture de services publics accompagn\u00e9e d&#039;une pi\u00e8ce d&#039;identit\u00e9 avec photo).<\/p>\n<p>S&#039;il te pla\u00eet <strong>NE PAS<\/strong> D\u00e9barrassez-vous de vos produits chimiques ou dangereux, pneus, peintures ou pi\u00e8ces d\u00e9tach\u00e9es automobiles dans les bennes \u00e0 ordures. Contactez le <strong>Division de l&#039;assainissement \u00e0 <\/strong><a href=\"tel:3056737616\"><strong>305.673.7616<\/strong> <\/a>pour plus d&#039;informations.<\/p>\n<p><strong>Points de d\u00e9p\u00f4t en vrac gratuits :<\/strong><\/p>\n<ul>\n<li>140 McArthur Causeway (Terminal Isle)<\/li>\n<\/ul>\n<ul>\n<li>75e Rue et Dickens Avenue<\/li>\n<\/ul>\n<h3>Dates de d\u00e9p\u00f4t en vrac 2026<\/h3>\n<ul>\n<li>3 et 4 janvier<\/li>\n<li>7 et 8 f\u00e9vrier<\/li>\n<li>7 et 8 mars<\/li>\n<li>4 et 5 avril<\/li>\n<li>2 et 3 mai<\/li>\n<li>6 et 7 juin<\/li>\n<li>4 et 5 juillet<\/li>\n<li>1er et 2 ao\u00fbt<\/li>\n<li>5 et 6 septembre<\/li>\n<li>3 et 4 octobre<\/li>\n<li>7 et 8 novembre<\/li>\n<li>5 et 6 d\u00e9cembre<\/li>\n<\/ul>\n\t\tAcc\u00e9der \u00e0\u2026\t\t\t\n\t\t\t\t\t<ul id=\"menu-public-works-sanitation\"><li id=\"menu-item-364244\"><a href=\"\/fr\/city-hall\/public-works\/sanitation-division\/chemical-waste-disposal\/\">\u00c9limination des d\u00e9chets chimiques<\/a><\/li>\n<li id=\"menu-item-364245\"><a href=\"\/fr\/city-hall\/public-works\/sanitation-division\/commercial-waste-haulers\/\">Transporteurs de d\u00e9chets commerciaux<\/a><\/li>\n<li id=\"menu-item-364246\"><a href=\"\/fr\/city-hall\/public-works\/sanitation-division\/bulk-disposal\/\">Collecte et d\u00e9p\u00f4t de d\u00e9chets en vrac \u00e0 Miami Beach<\/a><\/li>\n<li id=\"menu-item-364247\"><a href=\"\/fr\/city-hall\/public-works\/sanitation-division\/recycling-info\/\">Informations sur le recyclage<\/a><\/li>\n<li id=\"menu-item-364248\"><a href=\"\/fr\/city-hall\/public-works\/sanitation-division\/residential-garbage\/\">D\u00e9chets r\u00e9sidentiels<\/a><\/li>\n<li id=\"menu-item-364249\"><a href=\"\/fr\/city-hall\/public-works\/sanitation-division\/street-cleaning\/\">Programmes de nettoyage des rues \u00e0 Flamingo Park et North Beach<\/a><\/li>\n<\/ul>\t\n\t<div class=\"page-navigation\"><a class=\"prev-page\" href=\"https:\/\/www.miamibeachfl.gov\/fr\/city-hall\/procurement\/bid-opportunities\/current-bid-opportunities\/\">\u2190 Offres d&#039;emploi actuelles<\/a> <a class=\"next-page\" href=\"https:\/\/www.miamibeachfl.gov\/fr\/city-hall\/public-works\/sanitation-division\/residential-garbage\/\">D\u00e9chets r\u00e9sidentiels \u2192<\/a><\/div>","protected":false},"excerpt":{"rendered":"<p>Home &gt; City Hall &gt; Public Works &gt; Sanitation Division &gt; Miami Beach Bulk Waste Pickup and Drop Off Miami [&hellip;]<\/p>\n","protected":false},"author":222,"featured_media":0,"parent":28932,"menu_order":0,"comment_status":"closed","ping_status":"closed","template":"","meta":{"_searchwp_excluded":"","site-sidebar-layout":"default","site-content-layout":"","ast-site-content-layout":"default","site-content-style":"default","site-sidebar-style":"default","ast-global-header-display":"","ast-banner-title-visibility":"","ast-main-header-display":"","ast-hfb-above-header-display":"","ast-hfb-below-header-display":"","ast-hfb-mobile-header-display":"","site-post-title":"","ast-breadcrumbs-content":"","ast-featured-img":"","footer-sml-layout":"","theme-transparent-header-meta":"","adv-header-id-meta":"","stick-header-meta":"","header-above-stick-meta":"","header-main-stick-meta":"","header-below-stick-meta":"","astra-migrate-meta-layouts":"default","ast-page-background-enabled":"default","ast-page-background-meta":{"desktop":{"background-color":"var(--ast-global-color-5)","background-image":"","background-repeat":"repeat","background-position":"center center","background-size":"auto","background-attachment":"scroll","background-type":"","background-media":"","overlay-type":"","overlay-color":"","overlay-opacity":"","overlay-gradient":""},"tablet":{"background-color":"","background-image":"","background-repeat":"repeat","background-position":"center center","background-size":"auto","background-attachment":"scroll","background-type":"","background-media":"","overlay-type":"","overlay-color":"","overlay-opacity":"","overlay-gradient":""},"mobile":{"background-color":"","background-image":"","background-repeat":"repeat","background-position":"center center","background-size":"auto","background-attachment":"scroll","background-type":"","background-media":"","overlay-type":"","overlay-color":"","overlay-opacity":"","overlay-gradient":""}},"ast-content-background-meta":{"desktop":{"background-color":"var(--ast-global-color-4)","background-image":"","background-repeat":"repeat","background-position":"center center","background-size":"auto","background-attachment":"scroll","background-type":"","background-media":"","overlay-type":"","overlay-color":"","overlay-opacity":"","overlay-gradient":""},"tablet":{"background-color":"var(--ast-global-color-4)","background-image":"","background-repeat":"repeat","background-position":"center center","background-size":"auto","background-attachment":"scroll","background-type":"","background-media":"","overlay-type":"","overlay-color":"","overlay-opacity":"","overlay-gradient":""},"mobile":{"background-color":"var(--ast-global-color-4)","background-image":"","background-repeat":"repeat","background-position":"center center","background-size":"auto","background-attachment":"scroll","background-type":"","background-media":"","overlay-type":"","overlay-color":"","overlay-opacity":"","overlay-gradient":""}},"footnotes":""},"categories":[],"tags":[],"class_list":["post-28933","page","type-page","status-publish","hentry"],"yoast_head":"<!-- This site is optimized with the Yoast SEO Premium plugin v27.4 (Yoast SEO v27.4) - https:\/\/yoast.com\/product\/yoast-seo-premium-wordpress\/ -->\n<title>Miami Beach Bulk Waste Pickup and Drop Off - City of Miami Beach<\/title>\n<meta name=\"description\" content=\"%\" \/>\n<meta name=\"robots\" content=\"index, follow, max-snippet:-1, max-image-preview:large, max-video-preview:-1\" \/>\n<link rel=\"canonical\" href=\"https:\/\/www.miamibeachfl.gov\/fr\/city-hall\/public-works\/sanitation-division\/bulk-disposal\/\" \/>\n<meta property=\"og:locale\" content=\"fr_FR\" \/>\n<meta property=\"og:type\" content=\"article\" \/>\n<meta property=\"og:title\" content=\"Miami Beach Bulk Waste Pickup and Drop Off\" \/>\n<meta property=\"og:description\" content=\"%\" \/>\n<meta property=\"og:url\" content=\"https:\/\/www.miamibeachfl.gov\/fr\/city-hall\/public-works\/sanitation-division\/bulk-disposal\/\" \/>\n<meta property=\"og:site_name\" content=\"City of Miami Beach\" \/>\n<meta property=\"article:publisher\" content=\"https:\/\/www.facebook.com\/cityofmiamibeach\" \/>\n<meta property=\"article:modified_time\" content=\"2026-02-06T17:17:30+00:00\" \/>\n<meta property=\"og:image\" content=\"https:\/\/www.miamibeachfl.gov\/wp-content\/uploads\/2022\/07\/hero-small.jpg\" \/>\n<meta name=\"twitter:card\" content=\"summary_large_image\" \/>\n<meta name=\"twitter:site\" content=\"@Miamibeachnews\" \/>\n<script type=\"application\/ld+json\" class=\"yoast-schema-graph\">{\"@context\":\"https:\\\/\\\/schema.org\",\"@graph\":[{\"@type\":\"WebPage\",\"@id\":\"https:\\\/\\\/www.miamibeachfl.gov\\\/city-hall\\\/public-works\\\/sanitation-division\\\/bulk-disposal\\\/\",\"url\":\"https:\\\/\\\/www.miamibeachfl.gov\\\/city-hall\\\/public-works\\\/sanitation-division\\\/bulk-disposal\\\/\",\"name\":\"Miami Beach Bulk Waste Pickup and Drop Off - City of Miami Beach\",\"isPartOf\":{\"@id\":\"https:\\\/\\\/www.miamibeachfl.gov\\\/#website\"},\"primaryImageOfPage\":{\"@id\":\"https:\\\/\\\/www.miamibeachfl.gov\\\/city-hall\\\/public-works\\\/sanitation-division\\\/bulk-disposal\\\/#primaryimage\"},\"image\":{\"@id\":\"https:\\\/\\\/www.miamibeachfl.gov\\\/city-hall\\\/public-works\\\/sanitation-division\\\/bulk-disposal\\\/#primaryimage\"},\"thumbnailUrl\":\"https:\\\/\\\/www.miamibeachfl.gov\\\/wp-content\\\/uploads\\\/2022\\\/07\\\/hero-small.jpg\",\"datePublished\":\"2017-08-11T00:10:02+00:00\",\"dateModified\":\"2026-02-06T17:17:30+00:00\",\"description\":\"%\",\"breadcrumb\":{\"@id\":\"https:\\\/\\\/www.miamibeachfl.gov\\\/city-hall\\\/public-works\\\/sanitation-division\\\/bulk-disposal\\\/#breadcrumb\"},\"inLanguage\":\"fr-FR\",\"potentialAction\":[{\"@type\":\"ReadAction\",\"target\":[\"https:\\\/\\\/www.miamibeachfl.gov\\\/city-hall\\\/public-works\\\/sanitation-division\\\/bulk-disposal\\\/\"]}]},{\"@type\":\"ImageObject\",\"inLanguage\":\"fr-FR\",\"@id\":\"https:\\\/\\\/www.miamibeachfl.gov\\\/city-hall\\\/public-works\\\/sanitation-division\\\/bulk-disposal\\\/#primaryimage\",\"url\":\"https:\\\/\\\/www.miamibeachfl.gov\\\/wp-content\\\/uploads\\\/2022\\\/07\\\/hero-small.jpg\",\"contentUrl\":\"https:\\\/\\\/www.miamibeachfl.gov\\\/wp-content\\\/uploads\\\/2022\\\/07\\\/hero-small.jpg\"},{\"@type\":\"BreadcrumbList\",\"@id\":\"https:\\\/\\\/www.miamibeachfl.gov\\\/city-hall\\\/public-works\\\/sanitation-division\\\/bulk-disposal\\\/#breadcrumb\",\"itemListElement\":[{\"@type\":\"ListItem\",\"position\":1,\"name\":\"Home\",\"item\":\"https:\\\/\\\/www.miamibeachfl.gov\\\/\"},{\"@type\":\"ListItem\",\"position\":2,\"name\":\"City Hall\",\"item\":\"https:\\\/\\\/www.miamibeachfl.gov\\\/city-hall\\\/\"},{\"@type\":\"ListItem\",\"position\":3,\"name\":\"Public Works\",\"item\":\"https:\\\/\\\/www.miamibeachfl.gov\\\/city-hall\\\/public-works\\\/\"},{\"@type\":\"ListItem\",\"position\":4,\"name\":\"Sanitation Division\",\"item\":\"https:\\\/\\\/www.miamibeachfl.gov\\\/city-hall\\\/public-works\\\/sanitation-division\\\/\"},{\"@type\":\"ListItem\",\"position\":5,\"name\":\"Miami Beach Bulk Waste Pickup and Drop Off\"}]},{\"@type\":\"WebSite\",\"@id\":\"https:\\\/\\\/www.miamibeachfl.gov\\\/#website\",\"url\":\"https:\\\/\\\/www.miamibeachfl.gov\\\/\",\"name\":\"City of Miami Beach\",\"description\":\"The official website of the City of Miami Beach. Stay informed, find important information on city services, news, alerts, events, trolley routes, government employment and more.\",\"publisher\":{\"@id\":\"https:\\\/\\\/www.miamibeachfl.gov\\\/#organization\"},\"potentialAction\":[{\"@type\":\"SearchAction\",\"target\":{\"@type\":\"EntryPoint\",\"urlTemplate\":\"https:\\\/\\\/www.miamibeachfl.gov\\\/?s={search_term_string}\"},\"query-input\":{\"@type\":\"PropertyValueSpecification\",\"valueRequired\":true,\"valueName\":\"search_term_string\"}}],\"inLanguage\":\"fr-FR\"},{\"@type\":\"Organization\",\"@id\":\"https:\\\/\\\/www.miamibeachfl.gov\\\/#organization\",\"name\":\"City of Miami Beach\",\"url\":\"https:\\\/\\\/www.miamibeachfl.gov\\\/\",\"logo\":{\"@type\":\"ImageObject\",\"inLanguage\":\"fr-FR\",\"@id\":\"https:\\\/\\\/www.miamibeachfl.gov\\\/#\\\/schema\\\/logo\\\/image\\\/\",\"url\":\"https:\\\/\\\/www.miamibeachfl.gov\\\/wp-content\\\/uploads\\\/2022\\\/06\\\/miamibeach-logoblue.png\",\"contentUrl\":\"https:\\\/\\\/www.miamibeachfl.gov\\\/wp-content\\\/uploads\\\/2022\\\/06\\\/miamibeach-logoblue.png\",\"width\":1962,\"height\":381,\"caption\":\"City of Miami Beach\"},\"image\":{\"@id\":\"https:\\\/\\\/www.miamibeachfl.gov\\\/#\\\/schema\\\/logo\\\/image\\\/\"},\"sameAs\":[\"https:\\\/\\\/www.facebook.com\\\/cityofmiamibeach\",\"https:\\\/\\\/x.com\\\/Miamibeachnews\",\"https:\\\/\\\/www.instagram.com\\\/miamibeachnews\\\/\"],\"description\":\"The official website of the City of Miami Beach. Stay informed, find important information on city services, news, alerts, events, trolley routes, government employment and more.\",\"telephone\":\"305.604.CITY(2489)\",\"legalName\":\"City of Miami Beach\"}]}<\/script>\n<!-- \/ Yoast SEO Premium plugin. -->","yoast_head_json":{"title":"Collecte et d\u00e9p\u00f4t des d\u00e9chets encombrants \u00e0 Miami Beach \u2013 Ville de Miami Beach","description":"%","robots":{"index":"index","follow":"follow","max-snippet":"max-snippet:-1","max-image-preview":"max-image-preview:large","max-video-preview":"max-video-preview:-1"},"canonical":"https:\/\/www.miamibeachfl.gov\/fr\/city-hall\/public-works\/sanitation-division\/bulk-disposal\/","og_locale":"fr_FR","og_type":"article","og_title":"Miami Beach Bulk Waste Pickup and Drop Off","og_description":"%","og_url":"https:\/\/www.miamibeachfl.gov\/fr\/city-hall\/public-works\/sanitation-division\/bulk-disposal\/","og_site_name":"City of Miami Beach","article_publisher":"https:\/\/www.facebook.com\/cityofmiamibeach","article_modified_time":"2026-02-06T17:17:30+00:00","og_image":[{"url":"https:\/\/www.miamibeachfl.gov\/wp-content\/uploads\/2022\/07\/hero-small.jpg","type":"","width":"","height":""}],"twitter_card":"summary_large_image","twitter_site":"@Miamibeachnews","schema":{"@context":"https:\/\/schema.org","@graph":[{"@type":"WebPage","@id":"https:\/\/www.miamibeachfl.gov\/city-hall\/public-works\/sanitation-division\/bulk-disposal\/","url":"https:\/\/www.miamibeachfl.gov\/city-hall\/public-works\/sanitation-division\/bulk-disposal\/","name":"Collecte et d\u00e9p\u00f4t des d\u00e9chets encombrants \u00e0 Miami Beach \u2013 Ville de Miami Beach","isPartOf":{"@id":"https:\/\/www.miamibeachfl.gov\/#website"},"primaryImageOfPage":{"@id":"https:\/\/www.miamibeachfl.gov\/city-hall\/public-works\/sanitation-division\/bulk-disposal\/#primaryimage"},"image":{"@id":"https:\/\/www.miamibeachfl.gov\/city-hall\/public-works\/sanitation-division\/bulk-disposal\/#primaryimage"},"thumbnailUrl":"https:\/\/www.miamibeachfl.gov\/wp-content\/uploads\/2022\/07\/hero-small.jpg","datePublished":"2017-08-11T00:10:02+00:00","dateModified":"2026-02-06T17:17:30+00:00","description":"%","breadcrumb":{"@id":"https:\/\/www.miamibeachfl.gov\/city-hall\/public-works\/sanitation-division\/bulk-disposal\/#breadcrumb"},"inLanguage":"fr-FR","potentialAction":[{"@type":"ReadAction","target":["https:\/\/www.miamibeachfl.gov\/city-hall\/public-works\/sanitation-division\/bulk-disposal\/"]}]},{"@type":"ImageObject","inLanguage":"fr-FR","@id":"https:\/\/www.miamibeachfl.gov\/city-hall\/public-works\/sanitation-division\/bulk-disposal\/#primaryimage","url":"https:\/\/www.miamibeachfl.gov\/wp-content\/uploads\/2022\/07\/hero-small.jpg","contentUrl":"https:\/\/www.miamibeachfl.gov\/wp-content\/uploads\/2022\/07\/hero-small.jpg"},{"@type":"BreadcrumbList","@id":"https:\/\/www.miamibeachfl.gov\/city-hall\/public-works\/sanitation-division\/bulk-disposal\/#breadcrumb","itemListElement":[{"@type":"ListItem","position":1,"name":"Home","item":"https:\/\/www.miamibeachfl.gov\/"},{"@type":"ListItem","position":2,"name":"City Hall","item":"https:\/\/www.miamibeachfl.gov\/city-hall\/"},{"@type":"ListItem","position":3,"name":"Public Works","item":"https:\/\/www.miamibeachfl.gov\/city-hall\/public-works\/"},{"@type":"ListItem","position":4,"name":"Sanitation Division","item":"https:\/\/www.miamibeachfl.gov\/city-hall\/public-works\/sanitation-division\/"},{"@type":"ListItem","position":5,"name":"Miami Beach Bulk Waste Pickup and Drop Off"}]},{"@type":"WebSite","@id":"https:\/\/www.miamibeachfl.gov\/#website","url":"https:\/\/www.miamibeachfl.gov\/","name":"Ville de Miami Beach","description":"Site officiel de la ville de Miami Beach. Restez inform\u00e9 et trouvez des informations importantes sur les services municipaux, les actualit\u00e9s, les alertes, les \u00e9v\u00e9nements, les itin\u00e9raires de tramway, les emplois gouvernementaux et bien plus encore.","publisher":{"@id":"https:\/\/www.miamibeachfl.gov\/#organization"},"potentialAction":[{"@type":"SearchAction","target":{"@type":"EntryPoint","urlTemplate":"https:\/\/www.miamibeachfl.gov\/?s={search_term_string}"},"query-input":{"@type":"PropertyValueSpecification","valueRequired":true,"valueName":"search_term_string"}}],"inLanguage":"fr-FR"},{"@type":"Organization","@id":"https:\/\/www.miamibeachfl.gov\/#organization","name":"Ville de Miami Beach","url":"https:\/\/www.miamibeachfl.gov\/","logo":{"@type":"ImageObject","inLanguage":"fr-FR","@id":"https:\/\/www.miamibeachfl.gov\/#\/schema\/logo\/image\/","url":"https:\/\/www.miamibeachfl.gov\/wp-content\/uploads\/2022\/06\/miamibeach-logoblue.png","contentUrl":"https:\/\/www.miamibeachfl.gov\/wp-content\/uploads\/2022\/06\/miamibeach-logoblue.png","width":1962,"height":381,"caption":"City of Miami Beach"},"image":{"@id":"https:\/\/www.miamibeachfl.gov\/#\/schema\/logo\/image\/"},"sameAs":["https:\/\/www.facebook.com\/cityofmiamibeach","https:\/\/x.com\/Miamibeachnews","https:\/\/www.instagram.com\/miamibeachnews\/"],"description":"Site officiel de la ville de Miami Beach. Restez inform\u00e9 et trouvez des informations importantes sur les services municipaux, les actualit\u00e9s, les alertes, les \u00e9v\u00e9nements, les itin\u00e9raires de tramway, les emplois gouvernementaux et bien plus encore.","telephone":"305.604.CITY(2489)","legalName":"City of Miami Beach"}]}},"_links":{"self":[{"href":"https:\/\/www.miamibeachfl.gov\/fr\/wp-json\/wp\/v2\/pages\/28933","targetHints":{"allow":["GET"]}}],"collection":[{"href":"https:\/\/www.miamibeachfl.gov\/fr\/wp-json\/wp\/v2\/pages"}],"about":[{"href":"https:\/\/www.miamibeachfl.gov\/fr\/wp-json\/wp\/v2\/types\/page"}],"author":[{"embeddable":true,"href":"https:\/\/www.miamibeachfl.gov\/fr\/wp-json\/wp\/v2\/users\/222"}],"replies":[{"embeddable":true,"href":"https:\/\/www.miamibeachfl.gov\/fr\/wp-json\/wp\/v2\/comments?post=28933"}],"version-history":[{"count":4,"href":"https:\/\/www.miamibeachfl.gov\/fr\/wp-json\/wp\/v2\/pages\/28933\/revisions"}],"predecessor-version":[{"id":396191,"href":"https:\/\/www.miamibeachfl.gov\/fr\/wp-json\/wp\/v2\/pages\/28933\/revisions\/396191"}],"up":[{"embeddable":true,"href":"https:\/\/www.miamibeachfl.gov\/fr\/wp-json\/wp\/v2\/pages\/28932"}],"wp:attachment":[{"href":"https:\/\/www.miamibeachfl.gov\/fr\/wp-json\/wp\/v2\/media?parent=28933"}],"wp:term":[{"taxonomy":"category","embeddable":true,"href":"https:\/\/www.miamibeachfl.gov\/fr\/wp-json\/wp\/v2\/categories?post=28933"},{"taxonomy":"post_tag","embeddable":true,"href":"https:\/\/www.miamibeachfl.gov\/fr\/wp-json\/wp\/v2\/tags?post=28933"}],"curies":[{"name":"wp","href":"https:\/\/api.w.org\/{rel}","templated":true}]}}