{"id":28934,"date":"2017-08-11T00:10:03","date_gmt":"2017-08-11T00:10:03","guid":{"rendered":"http:\/\/www.miamibeachfl.gov\/city-hall\/public-works\/sanitation-division\/residential-garbage\/"},"modified":"2025-12-19T08:31:33","modified_gmt":"2025-12-19T13:31:33","slug":"residential-garbage","status":"publish","type":"page","link":"https:\/\/www.miamibeachfl.gov\/fr\/city-hall\/public-works\/sanitation-division\/residential-garbage\/","title":{"rendered":"D\u00e9chets r\u00e9sidentiels"},"content":{"rendered":"<img decoding=\"async\" src=\"https:\/\/www.miamibeachfl.gov\/wp-content\/uploads\/2022\/07\/hero-small.jpg\" alt=\"ocean drive art deco buildings\" itemprop=\"image\" height=\"211\" width=\"2395\" title=\"petit h\u00e9ros\" onerror=\"this.style.display='none'\" loading=\"lazy\" \/>\n<h1>\n\t\t\tD\u00e9chets r\u00e9sidentiels\t<\/h1>\n\t<nav id=\"breadcrumbs\" aria-label=\"Fil d&#039;Ariane\"><a href=\"https:\/\/www.miamibeachfl.gov\/fr\/\">Maison<\/a> &gt; <a href=\"https:\/\/www.miamibeachfl.gov\/fr\/city-hall\/\">l&#039;h\u00f4tel de ville<\/a> &gt; <a href=\"https:\/\/www.miamibeachfl.gov\/fr\/city-hall\/public-works\/\">Travaux publics<\/a> &gt; <a href=\"https:\/\/www.miamibeachfl.gov\/fr\/city-hall\/public-works\/sanitation-division\/\">Division de l&#039;assainissement<\/a> &gt; <strong>D\u00e9chets r\u00e9sidentiels<\/strong><\/nav>\n\t<p>ASSAINISSEMENT \u2013 D\u00c9CHETS R\u00c9SIDENTIELS<\/p>\n<p>Le contrat de la ville pour la collecte des d\u00e9chets r\u00e9sidentiels a \u00e9t\u00e9 attribu\u00e9 \u00e0 Waste Connections of Florida \u00e0 compter du 1er janvier 2019. Waste Connections of Florida est responsable de la collecte des d\u00e9chets m\u00e9nagers (2) fois par semaine comme suit :<\/p>\n<p>Les d\u00e9chets m\u00e9nagers g\u00e9n\u00e9raux (\u00e0 l&#039;exception des vieilles peintures, de l&#039;essence, etc.) sont ramass\u00e9s dans la cour arri\u00e8re ou lat\u00e9rale deux fois par semaine. Les poubelles et les sacs ne peuvent pas peser plus de 22,7 kg. Seuls les d\u00e9chets plac\u00e9s dans les sacs\/poubelles seront ramass\u00e9s.<\/p>\nLes jours de ramassage sont :<br \/>\nDe la 1re Rue \u00e0 la 41e Rue les lundis et jeudis<br \/>\nDe la 42e rue \u00e0 la 67e rue les mardis et vendredis<br \/>\nDe la 68e rue \u00e0 la 87e rue les mercredis et samedis\n<p>Les d\u00e9chets de jardin comprennent les arbres et arbustes coup\u00e9s, l&#039;herbe coup\u00e9e et les feuilles de palmier. Tous les d\u00e9chets doivent \u00eatre plac\u00e9s dans des sacs\/poubelles ou attach\u00e9s en bottes et peser moins de 22,7 kg (maximum de 8 sacs). Les bottes ne doivent pas d\u00e9passer 1,20 m de long et le diam\u00e8tre des branches ne doit pas d\u00e9passer 10 cm. D\u00e9posez vos d\u00e9chets en bordure de rue au plus t\u00f4t 24 heures avant 7 h les jours de collecte.<\/p>\n<p>La d\u00e9chetterie de la ville de Miami Beach est situ\u00e9e au 2800 Meridian Avenue. Elle est ouverte de 7h \u00e0 17h du lundi au samedi, et ferm\u00e9e le dimanche. L&#039;acc\u00e8s est gratuit pour les r\u00e9sidents qui pr\u00e9sentent un justificatif de domicile (pi\u00e8ce d&#039;identit\u00e9 avec photo indiquant l&#039;adresse de Miami Beach ou facture de services publics accompagn\u00e9e d&#039;une pi\u00e8ce d&#039;identit\u00e9 avec photo) et transportent leurs d\u00e9chets verts en voiture, camionnette, SUV, fourgonnette ou remorque. Les entreprises d&#039;am\u00e9nagement paysager utilisant des camionnettes, des fourgonnettes ou des remorques factureront 1\u00a0TP4T20,00 par m\u00e8tre cube.<\/p>\n<p>La collecte des encombrants doit \u00eatre planifi\u00e9e en appelant directement Waste Connections of Florida au 786.515.2726. Les r\u00e9sidents recevront un num\u00e9ro de confirmation et devront suivre les consignes ci-dessous pour la collecte des encombrants\u00a0:<\/p>\n<p>Les d\u00e9chets encombrants comprennent\u00a0: les grosses branches d&#039;arbres, les d\u00e9bris de jardin et les d\u00e9bris de taille importante qui ne peuvent \u00eatre plac\u00e9s dans une poubelle, un sac ou attach\u00e9s en paquets de 1,20\u00a0m (4\u00a0pieds) de longueur ou moins\u00a0; les appareils \u00e9lectrom\u00e9nagers tels que les cuisini\u00e8res, les chauffe-eau et les r\u00e9frig\u00e9rateurs (portes retir\u00e9es)\u00a0; les d\u00e9chets provenant de travaux de r\u00e9novation ou de r\u00e9paration domiciliaire, y compris la moquette (coup\u00e9e en longueurs de 1,80\u00a0m (6\u00a0pieds) ou moins\u00a0; les cloisons s\u00e8ches et le bois d&#039;\u0153uvre ne d\u00e9passant pas 1,50\u00a0m (5\u00a0pieds) de longueur ou 18\u00a0kg (40\u00a0livres)\u00a0; et les meubles (canap\u00e9s, chaises et matelas). Les r\u00e9sidents ont droit \u00e0 cinq collectes en vrac gratuites par an.<\/p>\n<p>Les d\u00e9chets en vrac n&#039;incluent PAS les d\u00e9chets provenant de l&#039;abattage d&#039;arbres, du d\u00e9frichement de terrains, de la d\u00e9molition de b\u00e2timents, des automobiles et des pi\u00e8ces automobiles, des pneus, des batteries, des bateaux, des d\u00e9chets biologiques ou de tout travail effectu\u00e9 par un entrepreneur.<\/p>\n<p>Les d\u00e9chets encombrants ne peuvent pas \u00eatre d\u00e9pos\u00e9s plus de (24) heures avant la date pr\u00e9vue.<\/p>\n<p>Pour toute question et\/ou pr\u00e9occupation concernant la collecte des d\u00e9chets r\u00e9sidentiels, veuillez contacter la Division de l&#039;assainissement au 305.673.7616.<\/p>\n\t\tAcc\u00e9der \u00e0\u2026\t\t\t\n\t\t\t\t\t<ul id=\"menu-public-works-sanitation\"><li id=\"menu-item-364244\"><a href=\"\/fr\/city-hall\/public-works\/sanitation-division\/chemical-waste-disposal\/\">\u00c9limination des d\u00e9chets chimiques<\/a><\/li>\n<li id=\"menu-item-364245\"><a href=\"\/fr\/city-hall\/public-works\/sanitation-division\/commercial-waste-haulers\/\">Transporteurs de d\u00e9chets commerciaux<\/a><\/li>\n<li id=\"menu-item-364246\"><a href=\"\/fr\/city-hall\/public-works\/sanitation-division\/bulk-disposal\/\">Collecte et d\u00e9p\u00f4t de d\u00e9chets en vrac \u00e0 Miami Beach<\/a><\/li>\n<li id=\"menu-item-364247\"><a href=\"\/fr\/city-hall\/public-works\/sanitation-division\/recycling-info\/\">Informations sur le recyclage<\/a><\/li>\n<li id=\"menu-item-364248\"><a href=\"\/fr\/city-hall\/public-works\/sanitation-division\/residential-garbage\/\">D\u00e9chets r\u00e9sidentiels<\/a><\/li>\n<li id=\"menu-item-364249\"><a href=\"\/fr\/city-hall\/public-works\/sanitation-division\/street-cleaning\/\">Programmes de nettoyage des rues \u00e0 Flamingo Park et North Beach<\/a><\/li>\n<\/ul>","protected":false},"excerpt":{"rendered":"<p>Residential Garbage Home &gt; City Hall &gt; Public Works &gt; Sanitation Division &gt; Residential Garbage SANITATION &#8211; RESIDENTIAL GARBAGE The [&hellip;]<\/p>\n","protected":false},"author":222,"featured_media":0,"parent":28932,"menu_order":0,"comment_status":"closed","ping_status":"closed","template":"","meta":{"_searchwp_excluded":"","site-sidebar-layout":"default","site-content-layout":"","ast-site-content-layout":"default","site-content-style":"default","site-sidebar-style":"default","ast-global-header-display":"","ast-banner-title-visibility":"","ast-main-header-display":"","ast-hfb-above-header-display":"","ast-hfb-below-header-display":"","ast-hfb-mobile-header-display":"","site-post-title":"","ast-breadcrumbs-content":"","ast-featured-img":"","footer-sml-layout":"","theme-transparent-header-meta":"","adv-header-id-meta":"","stick-header-meta":"","header-above-stick-meta":"","header-main-stick-meta":"","header-below-stick-meta":"","astra-migrate-meta-layouts":"default","ast-page-background-enabled":"default","ast-page-background-meta":{"desktop":{"background-color":"var(--ast-global-color-5)","background-image":"","background-repeat":"repeat","background-position":"center center","background-size":"auto","background-attachment":"scroll","background-type":"","background-media":"","overlay-type":"","overlay-color":"","overlay-opacity":"","overlay-gradient":""},"tablet":{"background-color":"","background-image":"","background-repeat":"repeat","background-position":"center center","background-size":"auto","background-attachment":"scroll","background-type":"","background-media":"","overlay-type":"","overlay-color":"","overlay-opacity":"","overlay-gradient":""},"mobile":{"background-color":"","background-image":"","background-repeat":"repeat","background-position":"center center","background-size":"auto","background-attachment":"scroll","background-type":"","background-media":"","overlay-type":"","overlay-color":"","overlay-opacity":"","overlay-gradient":""}},"ast-content-background-meta":{"desktop":{"background-color":"var(--ast-global-color-4)","background-image":"","background-repeat":"repeat","background-position":"center center","background-size":"auto","background-attachment":"scroll","background-type":"","background-media":"","overlay-type":"","overlay-color":"","overlay-opacity":"","overlay-gradient":""},"tablet":{"background-color":"var(--ast-global-color-4)","background-image":"","background-repeat":"repeat","background-position":"center center","background-size":"auto","background-attachment":"scroll","background-type":"","background-media":"","overlay-type":"","overlay-color":"","overlay-opacity":"","overlay-gradient":""},"mobile":{"background-color":"var(--ast-global-color-4)","background-image":"","background-repeat":"repeat","background-position":"center center","background-size":"auto","background-attachment":"scroll","background-type":"","background-media":"","overlay-type":"","overlay-color":"","overlay-opacity":"","overlay-gradient":""}},"footnotes":""},"categories":[],"tags":[],"class_list":["post-28934","page","type-page","status-publish","hentry"],"yoast_head":"<!-- This site is optimized with the Yoast SEO Premium plugin v27.4 (Yoast SEO v27.4) - https:\/\/yoast.com\/product\/yoast-seo-premium-wordpress\/ -->\n<title>Residential Garbage - City of Miami Beach<\/title>\n<meta name=\"description\" content=\"%\" \/>\n<meta name=\"robots\" content=\"index, follow, max-snippet:-1, max-image-preview:large, max-video-preview:-1\" \/>\n<link rel=\"canonical\" href=\"https:\/\/www.miamibeachfl.gov\/fr\/city-hall\/public-works\/sanitation-division\/residential-garbage\/\" \/>\n<meta property=\"og:locale\" content=\"fr_FR\" \/>\n<meta property=\"og:type\" content=\"article\" \/>\n<meta property=\"og:title\" content=\"Residential Garbage\" \/>\n<meta property=\"og:description\" content=\"%\" \/>\n<meta property=\"og:url\" content=\"https:\/\/www.miamibeachfl.gov\/fr\/city-hall\/public-works\/sanitation-division\/residential-garbage\/\" \/>\n<meta property=\"og:site_name\" content=\"City of Miami Beach\" \/>\n<meta property=\"article:publisher\" content=\"https:\/\/www.facebook.com\/cityofmiamibeach\" \/>\n<meta property=\"article:modified_time\" content=\"2025-12-19T13:31:33+00:00\" \/>\n<meta property=\"og:image\" content=\"https:\/\/www.miamibeachfl.gov\/wp-content\/uploads\/2022\/07\/hero-small.jpg\" \/>\n<meta name=\"twitter:card\" content=\"summary_large_image\" \/>\n<meta name=\"twitter:site\" content=\"@Miamibeachnews\" \/>\n<script type=\"application\/ld+json\" class=\"yoast-schema-graph\">{\"@context\":\"https:\\\/\\\/schema.org\",\"@graph\":[{\"@type\":\"WebPage\",\"@id\":\"https:\\\/\\\/www.miamibeachfl.gov\\\/city-hall\\\/public-works\\\/sanitation-division\\\/residential-garbage\\\/\",\"url\":\"https:\\\/\\\/www.miamibeachfl.gov\\\/city-hall\\\/public-works\\\/sanitation-division\\\/residential-garbage\\\/\",\"name\":\"Residential Garbage - City of Miami Beach\",\"isPartOf\":{\"@id\":\"https:\\\/\\\/www.miamibeachfl.gov\\\/#website\"},\"primaryImageOfPage\":{\"@id\":\"https:\\\/\\\/www.miamibeachfl.gov\\\/city-hall\\\/public-works\\\/sanitation-division\\\/residential-garbage\\\/#primaryimage\"},\"image\":{\"@id\":\"https:\\\/\\\/www.miamibeachfl.gov\\\/city-hall\\\/public-works\\\/sanitation-division\\\/residential-garbage\\\/#primaryimage\"},\"thumbnailUrl\":\"https:\\\/\\\/www.miamibeachfl.gov\\\/wp-content\\\/uploads\\\/2022\\\/07\\\/hero-small.jpg\",\"datePublished\":\"2017-08-11T00:10:03+00:00\",\"dateModified\":\"2025-12-19T13:31:33+00:00\",\"description\":\"%\",\"breadcrumb\":{\"@id\":\"https:\\\/\\\/www.miamibeachfl.gov\\\/city-hall\\\/public-works\\\/sanitation-division\\\/residential-garbage\\\/#breadcrumb\"},\"inLanguage\":\"fr-FR\",\"potentialAction\":[{\"@type\":\"ReadAction\",\"target\":[\"https:\\\/\\\/www.miamibeachfl.gov\\\/city-hall\\\/public-works\\\/sanitation-division\\\/residential-garbage\\\/\"]}]},{\"@type\":\"ImageObject\",\"inLanguage\":\"fr-FR\",\"@id\":\"https:\\\/\\\/www.miamibeachfl.gov\\\/city-hall\\\/public-works\\\/sanitation-division\\\/residential-garbage\\\/#primaryimage\",\"url\":\"https:\\\/\\\/www.miamibeachfl.gov\\\/wp-content\\\/uploads\\\/2022\\\/07\\\/hero-small.jpg\",\"contentUrl\":\"https:\\\/\\\/www.miamibeachfl.gov\\\/wp-content\\\/uploads\\\/2022\\\/07\\\/hero-small.jpg\"},{\"@type\":\"BreadcrumbList\",\"@id\":\"https:\\\/\\\/www.miamibeachfl.gov\\\/city-hall\\\/public-works\\\/sanitation-division\\\/residential-garbage\\\/#breadcrumb\",\"itemListElement\":[{\"@type\":\"ListItem\",\"position\":1,\"name\":\"Home\",\"item\":\"https:\\\/\\\/www.miamibeachfl.gov\\\/\"},{\"@type\":\"ListItem\",\"position\":2,\"name\":\"City Hall\",\"item\":\"https:\\\/\\\/www.miamibeachfl.gov\\\/city-hall\\\/\"},{\"@type\":\"ListItem\",\"position\":3,\"name\":\"Public Works\",\"item\":\"https:\\\/\\\/www.miamibeachfl.gov\\\/city-hall\\\/public-works\\\/\"},{\"@type\":\"ListItem\",\"position\":4,\"name\":\"Sanitation Division\",\"item\":\"https:\\\/\\\/www.miamibeachfl.gov\\\/city-hall\\\/public-works\\\/sanitation-division\\\/\"},{\"@type\":\"ListItem\",\"position\":5,\"name\":\"Residential Garbage\"}]},{\"@type\":\"WebSite\",\"@id\":\"https:\\\/\\\/www.miamibeachfl.gov\\\/#website\",\"url\":\"https:\\\/\\\/www.miamibeachfl.gov\\\/\",\"name\":\"City of Miami Beach\",\"description\":\"The official website of the City of Miami Beach. Stay informed, find important information on city services, news, alerts, events, trolley routes, government employment and more.\",\"publisher\":{\"@id\":\"https:\\\/\\\/www.miamibeachfl.gov\\\/#organization\"},\"potentialAction\":[{\"@type\":\"SearchAction\",\"target\":{\"@type\":\"EntryPoint\",\"urlTemplate\":\"https:\\\/\\\/www.miamibeachfl.gov\\\/?s={search_term_string}\"},\"query-input\":{\"@type\":\"PropertyValueSpecification\",\"valueRequired\":true,\"valueName\":\"search_term_string\"}}],\"inLanguage\":\"fr-FR\"},{\"@type\":\"Organization\",\"@id\":\"https:\\\/\\\/www.miamibeachfl.gov\\\/#organization\",\"name\":\"City of Miami Beach\",\"url\":\"https:\\\/\\\/www.miamibeachfl.gov\\\/\",\"logo\":{\"@type\":\"ImageObject\",\"inLanguage\":\"fr-FR\",\"@id\":\"https:\\\/\\\/www.miamibeachfl.gov\\\/#\\\/schema\\\/logo\\\/image\\\/\",\"url\":\"https:\\\/\\\/www.miamibeachfl.gov\\\/wp-content\\\/uploads\\\/2022\\\/06\\\/miamibeach-logoblue.png\",\"contentUrl\":\"https:\\\/\\\/www.miamibeachfl.gov\\\/wp-content\\\/uploads\\\/2022\\\/06\\\/miamibeach-logoblue.png\",\"width\":1962,\"height\":381,\"caption\":\"City of Miami Beach\"},\"image\":{\"@id\":\"https:\\\/\\\/www.miamibeachfl.gov\\\/#\\\/schema\\\/logo\\\/image\\\/\"},\"sameAs\":[\"https:\\\/\\\/www.facebook.com\\\/cityofmiamibeach\",\"https:\\\/\\\/x.com\\\/Miamibeachnews\",\"https:\\\/\\\/www.instagram.com\\\/miamibeachnews\\\/\"],\"description\":\"The official website of the City of Miami Beach. Stay informed, find important information on city services, news, alerts, events, trolley routes, government employment and more.\",\"telephone\":\"305.604.CITY(2489)\",\"legalName\":\"City of Miami Beach\"}]}<\/script>\n<!-- \/ Yoast SEO Premium plugin. -->","yoast_head_json":{"title":"D\u00e9chets r\u00e9sidentiels \u2013 Ville de Miami Beach","description":"%","robots":{"index":"index","follow":"follow","max-snippet":"max-snippet:-1","max-image-preview":"max-image-preview:large","max-video-preview":"max-video-preview:-1"},"canonical":"https:\/\/www.miamibeachfl.gov\/fr\/city-hall\/public-works\/sanitation-division\/residential-garbage\/","og_locale":"fr_FR","og_type":"article","og_title":"Residential Garbage","og_description":"%","og_url":"https:\/\/www.miamibeachfl.gov\/fr\/city-hall\/public-works\/sanitation-division\/residential-garbage\/","og_site_name":"City of Miami Beach","article_publisher":"https:\/\/www.facebook.com\/cityofmiamibeach","article_modified_time":"2025-12-19T13:31:33+00:00","og_image":[{"url":"https:\/\/www.miamibeachfl.gov\/wp-content\/uploads\/2022\/07\/hero-small.jpg","type":"","width":"","height":""}],"twitter_card":"summary_large_image","twitter_site":"@Miamibeachnews","schema":{"@context":"https:\/\/schema.org","@graph":[{"@type":"WebPage","@id":"https:\/\/www.miamibeachfl.gov\/city-hall\/public-works\/sanitation-division\/residential-garbage\/","url":"https:\/\/www.miamibeachfl.gov\/city-hall\/public-works\/sanitation-division\/residential-garbage\/","name":"D\u00e9chets r\u00e9sidentiels \u2013 Ville de Miami Beach","isPartOf":{"@id":"https:\/\/www.miamibeachfl.gov\/#website"},"primaryImageOfPage":{"@id":"https:\/\/www.miamibeachfl.gov\/city-hall\/public-works\/sanitation-division\/residential-garbage\/#primaryimage"},"image":{"@id":"https:\/\/www.miamibeachfl.gov\/city-hall\/public-works\/sanitation-division\/residential-garbage\/#primaryimage"},"thumbnailUrl":"https:\/\/www.miamibeachfl.gov\/wp-content\/uploads\/2022\/07\/hero-small.jpg","datePublished":"2017-08-11T00:10:03+00:00","dateModified":"2025-12-19T13:31:33+00:00","description":"%","breadcrumb":{"@id":"https:\/\/www.miamibeachfl.gov\/city-hall\/public-works\/sanitation-division\/residential-garbage\/#breadcrumb"},"inLanguage":"fr-FR","potentialAction":[{"@type":"ReadAction","target":["https:\/\/www.miamibeachfl.gov\/city-hall\/public-works\/sanitation-division\/residential-garbage\/"]}]},{"@type":"ImageObject","inLanguage":"fr-FR","@id":"https:\/\/www.miamibeachfl.gov\/city-hall\/public-works\/sanitation-division\/residential-garbage\/#primaryimage","url":"https:\/\/www.miamibeachfl.gov\/wp-content\/uploads\/2022\/07\/hero-small.jpg","contentUrl":"https:\/\/www.miamibeachfl.gov\/wp-content\/uploads\/2022\/07\/hero-small.jpg"},{"@type":"BreadcrumbList","@id":"https:\/\/www.miamibeachfl.gov\/city-hall\/public-works\/sanitation-division\/residential-garbage\/#breadcrumb","itemListElement":[{"@type":"ListItem","position":1,"name":"Home","item":"https:\/\/www.miamibeachfl.gov\/"},{"@type":"ListItem","position":2,"name":"City Hall","item":"https:\/\/www.miamibeachfl.gov\/city-hall\/"},{"@type":"ListItem","position":3,"name":"Public Works","item":"https:\/\/www.miamibeachfl.gov\/city-hall\/public-works\/"},{"@type":"ListItem","position":4,"name":"Sanitation Division","item":"https:\/\/www.miamibeachfl.gov\/city-hall\/public-works\/sanitation-division\/"},{"@type":"ListItem","position":5,"name":"Residential Garbage"}]},{"@type":"WebSite","@id":"https:\/\/www.miamibeachfl.gov\/#website","url":"https:\/\/www.miamibeachfl.gov\/","name":"Ville de Miami Beach","description":"Site officiel de la ville de Miami Beach. Restez inform\u00e9 et trouvez des informations importantes sur les services municipaux, les actualit\u00e9s, les alertes, les \u00e9v\u00e9nements, les itin\u00e9raires de tramway, les emplois gouvernementaux et bien plus encore.","publisher":{"@id":"https:\/\/www.miamibeachfl.gov\/#organization"},"potentialAction":[{"@type":"SearchAction","target":{"@type":"EntryPoint","urlTemplate":"https:\/\/www.miamibeachfl.gov\/?s={search_term_string}"},"query-input":{"@type":"PropertyValueSpecification","valueRequired":true,"valueName":"search_term_string"}}],"inLanguage":"fr-FR"},{"@type":"Organization","@id":"https:\/\/www.miamibeachfl.gov\/#organization","name":"Ville de Miami Beach","url":"https:\/\/www.miamibeachfl.gov\/","logo":{"@type":"ImageObject","inLanguage":"fr-FR","@id":"https:\/\/www.miamibeachfl.gov\/#\/schema\/logo\/image\/","url":"https:\/\/www.miamibeachfl.gov\/wp-content\/uploads\/2022\/06\/miamibeach-logoblue.png","contentUrl":"https:\/\/www.miamibeachfl.gov\/wp-content\/uploads\/2022\/06\/miamibeach-logoblue.png","width":1962,"height":381,"caption":"City of Miami Beach"},"image":{"@id":"https:\/\/www.miamibeachfl.gov\/#\/schema\/logo\/image\/"},"sameAs":["https:\/\/www.facebook.com\/cityofmiamibeach","https:\/\/x.com\/Miamibeachnews","https:\/\/www.instagram.com\/miamibeachnews\/"],"description":"Site officiel de la ville de Miami Beach. Restez inform\u00e9 et trouvez des informations importantes sur les services municipaux, les actualit\u00e9s, les alertes, les \u00e9v\u00e9nements, les itin\u00e9raires de tramway, les emplois gouvernementaux et bien plus encore.","telephone":"305.604.CITY(2489)","legalName":"City of Miami Beach"}]}},"_links":{"self":[{"href":"https:\/\/www.miamibeachfl.gov\/fr\/wp-json\/wp\/v2\/pages\/28934","targetHints":{"allow":["GET"]}}],"collection":[{"href":"https:\/\/www.miamibeachfl.gov\/fr\/wp-json\/wp\/v2\/pages"}],"about":[{"href":"https:\/\/www.miamibeachfl.gov\/fr\/wp-json\/wp\/v2\/types\/page"}],"author":[{"embeddable":true,"href":"https:\/\/www.miamibeachfl.gov\/fr\/wp-json\/wp\/v2\/users\/222"}],"replies":[{"embeddable":true,"href":"https:\/\/www.miamibeachfl.gov\/fr\/wp-json\/wp\/v2\/comments?post=28934"}],"version-history":[{"count":3,"href":"https:\/\/www.miamibeachfl.gov\/fr\/wp-json\/wp\/v2\/pages\/28934\/revisions"}],"predecessor-version":[{"id":393588,"href":"https:\/\/www.miamibeachfl.gov\/fr\/wp-json\/wp\/v2\/pages\/28934\/revisions\/393588"}],"up":[{"embeddable":true,"href":"https:\/\/www.miamibeachfl.gov\/fr\/wp-json\/wp\/v2\/pages\/28932"}],"wp:attachment":[{"href":"https:\/\/www.miamibeachfl.gov\/fr\/wp-json\/wp\/v2\/media?parent=28934"}],"wp:term":[{"taxonomy":"category","embeddable":true,"href":"https:\/\/www.miamibeachfl.gov\/fr\/wp-json\/wp\/v2\/categories?post=28934"},{"taxonomy":"post_tag","embeddable":true,"href":"https:\/\/www.miamibeachfl.gov\/fr\/wp-json\/wp\/v2\/tags?post=28934"}],"curies":[{"name":"wp","href":"https:\/\/api.w.org\/{rel}","templated":true}]}}