{"id":28936,"date":"2017-08-11T00:10:04","date_gmt":"2017-08-11T00:10:04","guid":{"rendered":"http:\/\/www.miamibeachfl.gov\/city-hall\/public-works\/sanitation-division\/chemical-waste-disposal\/"},"modified":"2026-03-03T09:57:31","modified_gmt":"2026-03-03T14:57:31","slug":"chemical-waste-disposal","status":"publish","type":"page","link":"https:\/\/www.miamibeachfl.gov\/fr\/city-hall\/public-works\/sanitation-division\/chemical-waste-disposal\/","title":{"rendered":"\u00c9limination des d\u00e9chets chimiques"},"content":{"rendered":"<img decoding=\"async\" src=\"https:\/\/www.miamibeachfl.gov\/wp-content\/uploads\/2022\/07\/hero-small.jpg\" alt=\"ocean drive art deco buildings\" itemprop=\"image\" height=\"211\" width=\"2395\" title=\"petit h\u00e9ros\" onerror=\"this.style.display='none'\" loading=\"lazy\" \/>\n<h1>\n\t\t\t\u00c9limination des d\u00e9chets chimiques\t<\/h1>\n\t<nav id=\"breadcrumbs\" aria-label=\"Fil d&#039;Ariane\"><a href=\"https:\/\/www.miamibeachfl.gov\/fr\/\">Maison<\/a> &gt; <a href=\"https:\/\/www.miamibeachfl.gov\/fr\/city-hall\/\">l&#039;h\u00f4tel de ville<\/a> &gt; <a href=\"https:\/\/www.miamibeachfl.gov\/fr\/city-hall\/public-works\/\">Travaux publics<\/a> &gt; <a href=\"https:\/\/www.miamibeachfl.gov\/fr\/city-hall\/public-works\/sanitation-division\/\">Division de l&#039;assainissement<\/a> &gt; <strong>\u00c9limination des d\u00e9chets chimiques<\/strong><\/nav>\n\t<p><b>ASSAINISSEMENT \u2013 D\u00c9CHETS DANGEREUX<\/b><\/p>\n<p>Les r\u00e9sidents peuvent se d\u00e9barrasser de ces d\u00e9chets lors de la collecte biannuelle des d\u00e9chets m\u00e9nagers dangereux de la ville ou dans l&#039;un des centres de collecte du comt\u00e9 de Miami-Dade list\u00e9s ci-dessous. Les collectes de d\u00e9chets dangereux sont programm\u00e9es de 8 h \u00e0 15 h sur le parking de surface de la 40e Rue et de l&#039;avenue Chase. <strong><a href=\"https:\/\/www.mbrisingabove.com\/your-home\/recycling-waste\/recycling\/hhw\/\">Pour les prochains \u00e9v\u00e9nements programm\u00e9s, cliquez ici.<\/a><\/strong><\/p>\n<p>Ne jetez pas les d\u00e9chets m\u00e9nagers dangereux suivants \u00e0 la poubelle, dans les \u00e9gouts ou sur le sol :<\/p>\n<table>\n<tbody>\n<tr>\n<td>\n<table>\n<caption>Articles non jetables<\/caption>\n<tbody>\n<tr>\n<td><b>Automobile<\/b><\/td>\n<td>\u00a0<b>Pelouse et jardin<\/b><\/td>\n<\/tr>\n<tr>\n<td>\u00a0Batteries automobiles<\/td>\n<td>\u00a0R\u00e9pulsif anti-insectes<\/td>\n<\/tr>\n<tr>\n<td>\u00a0Nettoyant pour carburateur<\/td>\n<td>\u00a0Liquide d&#039;allumage pour charbon de bois<\/td>\n<\/tr>\n<tr>\n<td>\u00a0D\u00e9graissant<\/td>\n<td>\u00a0Engrais avec d\u00e9sherbant<\/td>\n<\/tr>\n<tr>\n<td>\u00a0Carburants<\/td>\n<td>\u00a0Tueur d&#039;insectes<\/td>\n<\/tr>\n<tr>\n<td>\u00a0Essence<\/td>\n<td>\u00a0Produits chimiques pour piscine<\/td>\n<\/tr>\n<tr>\n<td>\u00a0Filtres \u00e0 huile<\/td>\n<td>\u00a0Tueur de cafards et de fourmis<\/td>\n<\/tr>\n<tr>\n<td>\u00a0Antigel usag\u00e9<\/td>\n<td>\u00a0App\u00e2t pour rongeurs<\/td>\n<\/tr>\n<tr>\n<td>\u00a0Huile moteur usag\u00e9e<\/td>\n<td>\u00a0D\u00e9sherbant<\/td>\n<\/tr>\n<\/tbody>\n<\/table>\n<\/td>\n<\/tr>\n<tr>\n<td>\n<table>\n<caption>Articles non jetables<\/caption>\n<tbody>\n<tr>\n<td><b>Articles m\u00e9nagers<\/b><\/td>\n<td>\u00a0<b>Am\u00e9liorations domiciliaires<\/b><\/td>\n<\/tr>\n<tr>\n<td>\u00a0Produits a\u00e9rosols*<\/td>\n<td>\u00a0Nettoyants pour b\u00e9ton<\/td>\n<\/tr>\n<tr>\n<td>\u00a0Piles bouton<\/td>\n<td>\u00a0Scellant pour all\u00e9e<\/td>\n<\/tr>\n<tr>\n<td>\u00a0Piles (rechargeables)<\/td>\n<td>\u00a0D\u00e9capant de meubles<\/td>\n<\/tr>\n<tr>\n<td>\u00a0D\u00e9boucheurs de canalisations<\/td>\n<td>\u00a0Colle avec solvants<\/td>\n<\/tr>\n<tr>\n<td>\u00a0Lumi\u00e8res fluorescentes<\/td>\n<td>\u00a0Peinture au latex**<\/td>\n<\/tr>\n<tr>\n<td>\u00a0Boules de naphtaline<\/td>\n<td>\u00a0Peinture \u00e0 l&#039;huile<\/td>\n<\/tr>\n<tr>\n<td>\u00a0Vernis \u00e0 ongles\/Dissolvant<\/td>\n<td>\u00a0D\u00e9capant pour peinture<\/td>\n<\/tr>\n<tr>\n<td>\u00a0Nettoyant pour four<\/td>\n<td>\u00a0Diluant \u00e0 peinture<\/td>\n<\/tr>\n<tr>\n<td>\u00a0Polonais avec solvants<\/td>\n<td>\u00a0Goudron de toiture<\/td>\n<\/tr>\n<tr>\n<td>\u00a0D\u00e9tachants<\/td>\n<td>\u00a0Teinture\/Vernis<\/td>\n<\/tr>\n<tr>\n<td>\u00a0Thermom\u00e8tres (mercure)<\/td>\n<td>\u00a0produits de pr\u00e9servation du bois<\/td>\n<\/tr>\n<\/tbody>\n<\/table>\n<\/td>\n<\/tr>\n<\/tbody>\n<\/table>\n<p>&nbsp;<\/p>\n* Les a\u00e9rosols vides peuvent \u00eatre jet\u00e9s \u00e0 la poubelle<br \/>\n** Dans la mesure du possible, s\u00e9chez la peinture au latex inutilisable et jetez-la \u00e0 la poubelle.\n<p>Le comt\u00e9 dispose de (2) centres permanents de collecte de produits chimiques \u00e0 domicile :<\/p>\n\u2022 West Dade 8831 NW 58 Street<br \/>\n\u2022 South Dade 23707 SW 97 Avenue Gate-B\n<p>Les heures d&#039;ouverture sont de 9 h \u00e0 17 h du mercredi au dimanche et le num\u00e9ro de contact du comt\u00e9 de Miami-Dade est le 305.594.1500.\u00a0 <a href=\"https:\/\/www.miamidade.gov\/global\/service.page?Mduid_service=ser1464798615648535\">Cliquez ici pour visiter le site Web de la collection de produits chimiques de Miami-Dade<\/a><\/p>\n\t\tAcc\u00e9der \u00e0\u2026\t\t\t\n\t\t\t\t\t<ul id=\"menu-public-works-sanitation\"><li id=\"menu-item-364244\"><a href=\"\/fr\/city-hall\/public-works\/sanitation-division\/chemical-waste-disposal\/\">\u00c9limination des d\u00e9chets chimiques<\/a><\/li>\n<li id=\"menu-item-364245\"><a href=\"\/fr\/city-hall\/public-works\/sanitation-division\/commercial-waste-haulers\/\">Transporteurs de d\u00e9chets commerciaux<\/a><\/li>\n<li id=\"menu-item-364246\"><a href=\"\/fr\/city-hall\/public-works\/sanitation-division\/bulk-disposal\/\">Collecte et d\u00e9p\u00f4t de d\u00e9chets en vrac \u00e0 Miami Beach<\/a><\/li>\n<li id=\"menu-item-364247\"><a href=\"\/fr\/city-hall\/public-works\/sanitation-division\/recycling-info\/\">Informations sur le recyclage<\/a><\/li>\n<li id=\"menu-item-364248\"><a href=\"\/fr\/city-hall\/public-works\/sanitation-division\/residential-garbage\/\">D\u00e9chets r\u00e9sidentiels<\/a><\/li>\n<li id=\"menu-item-364249\"><a href=\"\/fr\/city-hall\/public-works\/sanitation-division\/street-cleaning\/\">Programmes de nettoyage des rues \u00e0 Flamingo Park et North Beach<\/a><\/li>\n<\/ul>\t\n\t<div class=\"page-navigation\"><a class=\"prev-page\" href=\"https:\/\/www.miamibeachfl.gov\/fr\/city-hall\/public-works\/sanitation-division\/commercial-waste-haulers\/\">\u2190 Transporteurs de d\u00e9chets commerciaux<\/a> <a class=\"next-page\" href=\"https:\/\/www.miamibeachfl.gov\/fr\/city-hall\/public-works\/sanitation-division\/recycling-info\/\">Informations sur le recyclage \u2192<\/a><\/div>","protected":false},"excerpt":{"rendered":"<p>\u00c9limination des d\u00e9chets chimiques Accueil &gt; H\u00f4tel de ville &gt; Travaux publics &gt; Division de l&#039;assainissement &gt; \u00c9limination des d\u00e9chets chimiques ASSAINISSEMENT \u2013 D\u00c9CHETS DANGEREUX [\u2026]<\/p>","protected":false},"author":222,"featured_media":0,"parent":28932,"menu_order":0,"comment_status":"closed","ping_status":"closed","template":"","meta":{"_searchwp_excluded":"","site-sidebar-layout":"default","site-content-layout":"","ast-site-content-layout":"default","site-content-style":"default","site-sidebar-style":"default","ast-global-header-display":"","ast-banner-title-visibility":"","ast-main-header-display":"","ast-hfb-above-header-display":"","ast-hfb-below-header-display":"","ast-hfb-mobile-header-display":"","site-post-title":"","ast-breadcrumbs-content":"","ast-featured-img":"","footer-sml-layout":"","theme-transparent-header-meta":"","adv-header-id-meta":"","stick-header-meta":"","header-above-stick-meta":"","header-main-stick-meta":"","header-below-stick-meta":"","astra-migrate-meta-layouts":"default","ast-page-background-enabled":"default","ast-page-background-meta":{"desktop":{"background-color":"var(--ast-global-color-5)","background-image":"","background-repeat":"repeat","background-position":"center center","background-size":"auto","background-attachment":"scroll","background-type":"","background-media":"","overlay-type":"","overlay-color":"","overlay-opacity":"","overlay-gradient":""},"tablet":{"background-color":"","background-image":"","background-repeat":"repeat","background-position":"center center","background-size":"auto","background-attachment":"scroll","background-type":"","background-media":"","overlay-type":"","overlay-color":"","overlay-opacity":"","overlay-gradient":""},"mobile":{"background-color":"","background-image":"","background-repeat":"repeat","background-position":"center center","background-size":"auto","background-attachment":"scroll","background-type":"","background-media":"","overlay-type":"","overlay-color":"","overlay-opacity":"","overlay-gradient":""}},"ast-content-background-meta":{"desktop":{"background-color":"var(--ast-global-color-4)","background-image":"","background-repeat":"repeat","background-position":"center center","background-size":"auto","background-attachment":"scroll","background-type":"","background-media":"","overlay-type":"","overlay-color":"","overlay-opacity":"","overlay-gradient":""},"tablet":{"background-color":"var(--ast-global-color-4)","background-image":"","background-repeat":"repeat","background-position":"center center","background-size":"auto","background-attachment":"scroll","background-type":"","background-media":"","overlay-type":"","overlay-color":"","overlay-opacity":"","overlay-gradient":""},"mobile":{"background-color":"var(--ast-global-color-4)","background-image":"","background-repeat":"repeat","background-position":"center center","background-size":"auto","background-attachment":"scroll","background-type":"","background-media":"","overlay-type":"","overlay-color":"","overlay-opacity":"","overlay-gradient":""}},"footnotes":""},"categories":[],"tags":[],"class_list":["post-28936","page","type-page","status-publish","hentry"],"yoast_head":"<!-- This site is optimized with the Yoast SEO Premium plugin v26.6 (Yoast SEO v26.6) - https:\/\/yoast.com\/wordpress\/plugins\/seo\/ -->\n<title>Chemical Waste Disposal - City of Miami Beach<\/title>\n<meta name=\"description\" content=\"%\" \/>\n<meta name=\"robots\" content=\"index, follow, max-snippet:-1, max-image-preview:large, max-video-preview:-1\" \/>\n<link rel=\"canonical\" href=\"https:\/\/www.miamibeachfl.gov\/fr\/city-hall\/public-works\/sanitation-division\/chemical-waste-disposal\/\" \/>\n<meta property=\"og:locale\" content=\"fr_FR\" \/>\n<meta property=\"og:type\" content=\"article\" \/>\n<meta property=\"og:title\" content=\"Chemical Waste Disposal\" \/>\n<meta property=\"og:description\" content=\"%\" \/>\n<meta property=\"og:url\" content=\"https:\/\/www.miamibeachfl.gov\/fr\/city-hall\/public-works\/sanitation-division\/chemical-waste-disposal\/\" \/>\n<meta property=\"og:site_name\" content=\"City of Miami Beach\" \/>\n<meta property=\"article:publisher\" content=\"https:\/\/www.facebook.com\/cityofmiamibeach\" \/>\n<meta property=\"article:modified_time\" content=\"2026-03-03T14:57:31+00:00\" \/>\n<meta property=\"og:image\" content=\"https:\/\/www.miamibeachfl.gov\/wp-content\/uploads\/2022\/07\/hero-small.jpg\" \/>\n<meta name=\"twitter:card\" content=\"summary_large_image\" \/>\n<meta name=\"twitter:site\" content=\"@Miamibeachnews\" \/>\n<script type=\"application\/ld+json\" class=\"yoast-schema-graph\">{\"@context\":\"https:\/\/schema.org\",\"@graph\":[{\"@type\":\"WebPage\",\"@id\":\"https:\/\/www.miamibeachfl.gov\/city-hall\/public-works\/sanitation-division\/chemical-waste-disposal\/\",\"url\":\"https:\/\/www.miamibeachfl.gov\/city-hall\/public-works\/sanitation-division\/chemical-waste-disposal\/\",\"name\":\"Chemical Waste Disposal - City of Miami Beach\",\"isPartOf\":{\"@id\":\"https:\/\/www.miamibeachfl.gov\/#website\"},\"primaryImageOfPage\":{\"@id\":\"https:\/\/www.miamibeachfl.gov\/city-hall\/public-works\/sanitation-division\/chemical-waste-disposal\/#primaryimage\"},\"image\":{\"@id\":\"https:\/\/www.miamibeachfl.gov\/city-hall\/public-works\/sanitation-division\/chemical-waste-disposal\/#primaryimage\"},\"thumbnailUrl\":\"https:\/\/www.miamibeachfl.gov\/wp-content\/uploads\/2022\/07\/hero-small.jpg\",\"datePublished\":\"2017-08-11T00:10:04+00:00\",\"dateModified\":\"2026-03-03T14:57:31+00:00\",\"description\":\"%\",\"breadcrumb\":{\"@id\":\"https:\/\/www.miamibeachfl.gov\/city-hall\/public-works\/sanitation-division\/chemical-waste-disposal\/#breadcrumb\"},\"inLanguage\":\"fr-FR\",\"potentialAction\":[{\"@type\":\"ReadAction\",\"target\":[\"https:\/\/www.miamibeachfl.gov\/city-hall\/public-works\/sanitation-division\/chemical-waste-disposal\/\"]}]},{\"@type\":\"ImageObject\",\"inLanguage\":\"fr-FR\",\"@id\":\"https:\/\/www.miamibeachfl.gov\/city-hall\/public-works\/sanitation-division\/chemical-waste-disposal\/#primaryimage\",\"url\":\"https:\/\/www.miamibeachfl.gov\/wp-content\/uploads\/2022\/07\/hero-small.jpg\",\"contentUrl\":\"https:\/\/www.miamibeachfl.gov\/wp-content\/uploads\/2022\/07\/hero-small.jpg\"},{\"@type\":\"BreadcrumbList\",\"@id\":\"https:\/\/www.miamibeachfl.gov\/city-hall\/public-works\/sanitation-division\/chemical-waste-disposal\/#breadcrumb\",\"itemListElement\":[{\"@type\":\"ListItem\",\"position\":1,\"name\":\"Home\",\"item\":\"https:\/\/www.miamibeachfl.gov\/\"},{\"@type\":\"ListItem\",\"position\":2,\"name\":\"City Hall\",\"item\":\"https:\/\/www.miamibeachfl.gov\/city-hall\/\"},{\"@type\":\"ListItem\",\"position\":3,\"name\":\"Public Works\",\"item\":\"https:\/\/www.miamibeachfl.gov\/city-hall\/public-works\/\"},{\"@type\":\"ListItem\",\"position\":4,\"name\":\"Sanitation Division\",\"item\":\"https:\/\/www.miamibeachfl.gov\/city-hall\/public-works\/sanitation-division\/\"},{\"@type\":\"ListItem\",\"position\":5,\"name\":\"Chemical Waste Disposal\"}]},{\"@type\":\"WebSite\",\"@id\":\"https:\/\/www.miamibeachfl.gov\/#website\",\"url\":\"https:\/\/www.miamibeachfl.gov\/\",\"name\":\"City of Miami Beach\",\"description\":\"The official website of the City of Miami Beach. Stay informed, find important information on city services, news, alerts, events, trolley routes, government employment and more.\",\"publisher\":{\"@id\":\"https:\/\/www.miamibeachfl.gov\/#organization\"},\"potentialAction\":[{\"@type\":\"SearchAction\",\"target\":{\"@type\":\"EntryPoint\",\"urlTemplate\":\"https:\/\/www.miamibeachfl.gov\/?s={search_term_string}\"},\"query-input\":{\"@type\":\"PropertyValueSpecification\",\"valueRequired\":true,\"valueName\":\"search_term_string\"}}],\"inLanguage\":\"fr-FR\"},{\"@type\":\"Organization\",\"@id\":\"https:\/\/www.miamibeachfl.gov\/#organization\",\"name\":\"City of Miami Beach\",\"url\":\"https:\/\/www.miamibeachfl.gov\/\",\"logo\":{\"@type\":\"ImageObject\",\"inLanguage\":\"fr-FR\",\"@id\":\"https:\/\/www.miamibeachfl.gov\/#\/schema\/logo\/image\/\",\"url\":\"https:\/\/www.miamibeachfl.gov\/wp-content\/uploads\/2022\/06\/miamibeach-logoblue.png\",\"contentUrl\":\"https:\/\/www.miamibeachfl.gov\/wp-content\/uploads\/2022\/06\/miamibeach-logoblue.png\",\"width\":1962,\"height\":381,\"caption\":\"City of Miami Beach\"},\"image\":{\"@id\":\"https:\/\/www.miamibeachfl.gov\/#\/schema\/logo\/image\/\"},\"sameAs\":[\"https:\/\/www.facebook.com\/cityofmiamibeach\",\"https:\/\/x.com\/Miamibeachnews\",\"https:\/\/www.instagram.com\/miamibeachnews\/\"],\"description\":\"The official website of the City of Miami Beach. Stay informed, find important information on city services, news, alerts, events, trolley routes, government employment and more.\",\"telephone\":\"305.604.CITY(2489)\",\"legalName\":\"City of Miami Beach\"}]}<\/script>\n<!-- \/ Yoast SEO Premium plugin. -->","yoast_head_json":{"title":"\u00c9limination des d\u00e9chets chimiques \u2013 Ville de Miami Beach","description":"%","robots":{"index":"index","follow":"follow","max-snippet":"max-snippet:-1","max-image-preview":"max-image-preview:large","max-video-preview":"max-video-preview:-1"},"canonical":"https:\/\/www.miamibeachfl.gov\/fr\/city-hall\/public-works\/sanitation-division\/chemical-waste-disposal\/","og_locale":"fr_FR","og_type":"article","og_title":"Chemical Waste Disposal","og_description":"%","og_url":"https:\/\/www.miamibeachfl.gov\/fr\/city-hall\/public-works\/sanitation-division\/chemical-waste-disposal\/","og_site_name":"City of Miami Beach","article_publisher":"https:\/\/www.facebook.com\/cityofmiamibeach","article_modified_time":"2026-03-03T14:57:31+00:00","og_image":[{"url":"https:\/\/www.miamibeachfl.gov\/wp-content\/uploads\/2022\/07\/hero-small.jpg","type":"","width":"","height":""}],"twitter_card":"summary_large_image","twitter_site":"@Miamibeachnews","schema":{"@context":"https:\/\/schema.org","@graph":[{"@type":"WebPage","@id":"https:\/\/www.miamibeachfl.gov\/city-hall\/public-works\/sanitation-division\/chemical-waste-disposal\/","url":"https:\/\/www.miamibeachfl.gov\/city-hall\/public-works\/sanitation-division\/chemical-waste-disposal\/","name":"\u00c9limination des d\u00e9chets chimiques \u2013 Ville de Miami Beach","isPartOf":{"@id":"https:\/\/www.miamibeachfl.gov\/#website"},"primaryImageOfPage":{"@id":"https:\/\/www.miamibeachfl.gov\/city-hall\/public-works\/sanitation-division\/chemical-waste-disposal\/#primaryimage"},"image":{"@id":"https:\/\/www.miamibeachfl.gov\/city-hall\/public-works\/sanitation-division\/chemical-waste-disposal\/#primaryimage"},"thumbnailUrl":"https:\/\/www.miamibeachfl.gov\/wp-content\/uploads\/2022\/07\/hero-small.jpg","datePublished":"2017-08-11T00:10:04+00:00","dateModified":"2026-03-03T14:57:31+00:00","description":"%","breadcrumb":{"@id":"https:\/\/www.miamibeachfl.gov\/city-hall\/public-works\/sanitation-division\/chemical-waste-disposal\/#breadcrumb"},"inLanguage":"fr-FR","potentialAction":[{"@type":"ReadAction","target":["https:\/\/www.miamibeachfl.gov\/city-hall\/public-works\/sanitation-division\/chemical-waste-disposal\/"]}]},{"@type":"ImageObject","inLanguage":"fr-FR","@id":"https:\/\/www.miamibeachfl.gov\/city-hall\/public-works\/sanitation-division\/chemical-waste-disposal\/#primaryimage","url":"https:\/\/www.miamibeachfl.gov\/wp-content\/uploads\/2022\/07\/hero-small.jpg","contentUrl":"https:\/\/www.miamibeachfl.gov\/wp-content\/uploads\/2022\/07\/hero-small.jpg"},{"@type":"BreadcrumbList","@id":"https:\/\/www.miamibeachfl.gov\/city-hall\/public-works\/sanitation-division\/chemical-waste-disposal\/#breadcrumb","itemListElement":[{"@type":"ListItem","position":1,"name":"Home","item":"https:\/\/www.miamibeachfl.gov\/"},{"@type":"ListItem","position":2,"name":"City Hall","item":"https:\/\/www.miamibeachfl.gov\/city-hall\/"},{"@type":"ListItem","position":3,"name":"Public Works","item":"https:\/\/www.miamibeachfl.gov\/city-hall\/public-works\/"},{"@type":"ListItem","position":4,"name":"Sanitation Division","item":"https:\/\/www.miamibeachfl.gov\/city-hall\/public-works\/sanitation-division\/"},{"@type":"ListItem","position":5,"name":"Chemical Waste Disposal"}]},{"@type":"WebSite","@id":"https:\/\/www.miamibeachfl.gov\/#website","url":"https:\/\/www.miamibeachfl.gov\/","name":"Ville de Miami Beach","description":"Site officiel de la ville de Miami Beach. Restez inform\u00e9 et trouvez des informations importantes sur les services municipaux, les actualit\u00e9s, les alertes, les \u00e9v\u00e9nements, les itin\u00e9raires de tramway, les emplois gouvernementaux et bien plus encore.","publisher":{"@id":"https:\/\/www.miamibeachfl.gov\/#organization"},"potentialAction":[{"@type":"SearchAction","target":{"@type":"EntryPoint","urlTemplate":"https:\/\/www.miamibeachfl.gov\/?s={search_term_string}"},"query-input":{"@type":"PropertyValueSpecification","valueRequired":true,"valueName":"search_term_string"}}],"inLanguage":"fr-FR"},{"@type":"Organization","@id":"https:\/\/www.miamibeachfl.gov\/#organization","name":"Ville de Miami Beach","url":"https:\/\/www.miamibeachfl.gov\/","logo":{"@type":"ImageObject","inLanguage":"fr-FR","@id":"https:\/\/www.miamibeachfl.gov\/#\/schema\/logo\/image\/","url":"https:\/\/www.miamibeachfl.gov\/wp-content\/uploads\/2022\/06\/miamibeach-logoblue.png","contentUrl":"https:\/\/www.miamibeachfl.gov\/wp-content\/uploads\/2022\/06\/miamibeach-logoblue.png","width":1962,"height":381,"caption":"City of Miami Beach"},"image":{"@id":"https:\/\/www.miamibeachfl.gov\/#\/schema\/logo\/image\/"},"sameAs":["https:\/\/www.facebook.com\/cityofmiamibeach","https:\/\/x.com\/Miamibeachnews","https:\/\/www.instagram.com\/miamibeachnews\/"],"description":"Site officiel de la ville de Miami Beach. Restez inform\u00e9 et trouvez des informations importantes sur les services municipaux, les actualit\u00e9s, les alertes, les \u00e9v\u00e9nements, les itin\u00e9raires de tramway, les emplois gouvernementaux et bien plus encore.","telephone":"305.604.CITY(2489)","legalName":"City of Miami Beach"}]}},"_links":{"self":[{"href":"https:\/\/www.miamibeachfl.gov\/fr\/wp-json\/wp\/v2\/pages\/28936","targetHints":{"allow":["GET"]}}],"collection":[{"href":"https:\/\/www.miamibeachfl.gov\/fr\/wp-json\/wp\/v2\/pages"}],"about":[{"href":"https:\/\/www.miamibeachfl.gov\/fr\/wp-json\/wp\/v2\/types\/page"}],"author":[{"embeddable":true,"href":"https:\/\/www.miamibeachfl.gov\/fr\/wp-json\/wp\/v2\/users\/222"}],"replies":[{"embeddable":true,"href":"https:\/\/www.miamibeachfl.gov\/fr\/wp-json\/wp\/v2\/comments?post=28936"}],"version-history":[{"count":0,"href":"https:\/\/www.miamibeachfl.gov\/fr\/wp-json\/wp\/v2\/pages\/28936\/revisions"}],"up":[{"embeddable":true,"href":"https:\/\/www.miamibeachfl.gov\/fr\/wp-json\/wp\/v2\/pages\/28932"}],"wp:attachment":[{"href":"https:\/\/www.miamibeachfl.gov\/fr\/wp-json\/wp\/v2\/media?parent=28936"}],"wp:term":[{"taxonomy":"category","embeddable":true,"href":"https:\/\/www.miamibeachfl.gov\/fr\/wp-json\/wp\/v2\/categories?post=28936"},{"taxonomy":"post_tag","embeddable":true,"href":"https:\/\/www.miamibeachfl.gov\/fr\/wp-json\/wp\/v2\/tags?post=28936"}],"curies":[{"name":"wp","href":"https:\/\/api.w.org\/{rel}","templated":true}]}}