{"id":28942,"date":"2017-08-11T00:10:09","date_gmt":"2017-08-11T00:10:09","guid":{"rendered":"http:\/\/www.miamibeachfl.gov\/city-hall\/public-works\/engineering-division\/geographical-information-systems\/"},"modified":"2026-03-03T09:55:33","modified_gmt":"2026-03-03T14:55:33","slug":"geographical-information-systems","status":"publish","type":"page","link":"https:\/\/www.miamibeachfl.gov\/fr\/city-hall\/public-works\/geographical-information-systems\/","title":{"rendered":"Syst\u00e8mes d&#039;information g\u00e9ographique"},"content":{"rendered":"<img decoding=\"async\" src=\"https:\/\/www.miamibeachfl.gov\/wp-content\/uploads\/2022\/07\/hero-small.jpg\" alt=\"ocean drive art deco buildings\" itemprop=\"image\" height=\"211\" width=\"2395\" title=\"petit h\u00e9ros\" onerror=\"this.style.display='none'\" loading=\"lazy\" \/>\n<h1>\n\t\t\tSyst\u00e8mes d&#039;information g\u00e9ographique\t<\/h1>\n\t<nav id=\"breadcrumbs\" aria-label=\"Fil d&#039;Ariane\"><a href=\"https:\/\/www.miamibeachfl.gov\/fr\/\">Maison<\/a> &gt; <a href=\"https:\/\/www.miamibeachfl.gov\/fr\/city-hall\/\">l&#039;h\u00f4tel de ville<\/a> &gt; <a href=\"https:\/\/www.miamibeachfl.gov\/fr\/city-hall\/public-works\/\">Travaux publics<\/a> &gt; <strong>Syst\u00e8mes d&#039;information g\u00e9ographique<\/strong><\/nav>\n\t<p><strong>Syst\u00e8mes d&#039;information g\u00e9ographique (SIG)<\/strong>\u00a0est un domaine technologique en pleine croissance qui int\u00e8gre des caract\u00e9ristiques spatiales li\u00e9es \u00e0 des donn\u00e9es tabulaires afin d&#039;\u00e9valuer les probl\u00e8mes du monde r\u00e9el.<\/p>\n<p>Le ma\u00eetre-mot de cette technologie est \u00ab\u00a0Information\u00a0\u00bb. Un SIG est avant tout un syst\u00e8me d&#039;information. Le deuxi\u00e8me ma\u00eetre-mot est \u00ab\u00a0G\u00e9ographie\u00a0\u00bb. Cela signifie que les donn\u00e9es sont spatiales. Autrement dit, elles sont en quelque sorte r\u00e9f\u00e9renc\u00e9es \u00e0 des emplacements physiques sur la Terre. Un SIG est un syst\u00e8me d&#039;information qui combine des informations spatiales et attributaires. Par exemple, l&#039;emplacement d&#039;une \u00e9cole constitue les donn\u00e9es spatiales. Des donn\u00e9es compl\u00e9mentaires telles que le nom de l&#039;\u00e9cole, le niveau d&#039;enseignement et la capacit\u00e9 d&#039;accueil constituent les donn\u00e9es attributaires. C&#039;est l&#039;association de ces deux types de donn\u00e9es qui fait du SIG un outil de r\u00e9solution de probl\u00e8mes si efficace.<\/p>\n<p>La premi\u00e8re version du SIG \u00e9tait la cartographie informatis\u00e9e, qui impliquait un simple trac\u00e9 lin\u00e9aire pour repr\u00e9senter les caract\u00e9ristiques du terrain. De l\u00e0 est n\u00e9 le concept de superposition de diff\u00e9rentes entit\u00e9s cartographi\u00e9es afin de d\u00e9terminer les sch\u00e9mas et les causes des ph\u00e9nom\u00e8nes spatiaux. \u00c0 sa plus simple expression, le SIG peut \u00eatre consid\u00e9r\u00e9 comme l&#039;\u00e9quivalent high-tech d&#039;une carte. Cependant, le SIG ne se r\u00e9sume pas \u00e0 la cr\u00e9ation d&#039;une carte. Sa v\u00e9ritable puissance r\u00e9side dans l&#039;utilisation de m\u00e9thodes spatiales et statistiques pour analyser les attributs et les informations g\u00e9ographiques. L&#039;Environmental Systems Research Institute, Inc. (ESRI), leader mondial des logiciels SIG, d\u00e9clare\u00a0:<\/p>\n<p><em>Un syst\u00e8me d&#039;information g\u00e9ographique (SIG) est un outil informatique permettant de cartographier et d&#039;analyser l&#039;existant et les \u00e9v\u00e9nements sur Terre. La technologie SIG int\u00e8gre des op\u00e9rations courantes de bases de donn\u00e9es, telles que l&#039;interrogation et l&#039;analyse statistique, aux avantages uniques des cartes en mati\u00e8re de visualisation et d&#039;analyse g\u00e9ographique.<\/em><\/p>\n<p>Parce qu&#039;au moins 70 \u00e0 80 pour cent du travail du gouvernement local implique des questions ou des t\u00e2ches li\u00e9es au territoire ou \u00e0 la g\u00e9ographie, la ville de Miami Beach investit dans des SIG qui peuvent soutenir ou justifier les d\u00e9cisions d&#039;utilisation des terres et aider \u00e0 g\u00e9rer nos services.<\/p>\n<p>Bienvenue sur la page web du Syst\u00e8me d&#039;information g\u00e9ographique (SIG) de la ville de Miami Beach. De la conception des options d&#039;am\u00e9nagement du territoire \u00e0 la r\u00e9solution des infractions en passant par l&#039;identification des tendances en mati\u00e8re de non-respect des r\u00e8gles, le SIG est utilis\u00e9 par votre ville pour am\u00e9liorer les services qu&#039;elle vous offre.<\/p>\n<table>\n<tbody>\n<tr>\n<td colspan=\"2\">Rechercher des cartes\/SIG<\/td>\n<\/tr>\n<tr>\n<td><img decoding=\"async\" title=\"ic\u00f4ne de trafic\" src=\"\/wp-content\/uploads\/2017\/08\/traffic.jpg\" alt=\"traffic icon\" \/><\/td>\n<td><a href=\"https:\/\/gis.miamibeachfl.gov\/benchmarks\">Points de rep\u00e8re de l&#039;enqu\u00eate<\/a> \u2013 localiser des rep\u00e8res<\/td>\n<\/tr>\n<\/tbody>\n<\/table>\n\t\tAcc\u00e9der \u00e0\u2026\t\t\t\n\t\t\t\t\t<ul id=\"menu-public-works-menu\"><li id=\"menu-item-364156\"><a href=\"\/fr\/ada\/\">Informations sur l&#039;ADA<\/a><\/li>\n<li id=\"menu-item-364157\"><a href=\"\/fr\/city-hall\/public-works\/elevator-division\/\">Division des ascenseurs<\/a><\/li>\n<li id=\"menu-item-364158\"><a href=\"\/fr\/city-hall\/public-works\/engineering-division\/\">Division d&#039;ing\u00e9nierie<\/a><\/li>\n<li id=\"menu-item-364159\"><a href=\"\/fr\/city-hall\/public-works\/geographical-information-systems\/\">Syst\u00e8mes d&#039;information g\u00e9ographique<\/a><\/li>\n<li id=\"menu-item-364160\"><a href=\"\/fr\/city-hall\/public-works\/green-space-management-division\/\">Gestion des espaces verts<\/a><\/li>\n<li id=\"menu-item-364161\"><a href=\"\/fr\/city-hall\/public-works\/manual-standards\/\">Normes du manuel<\/a><\/li>\n<li id=\"menu-item-364162\"><a href=\"\/fr\/city-hall\/public-works\/operations-division\/\">Division des op\u00e9rations<\/a><\/li>\n<li id=\"menu-item-364163\"><a href=\"\/fr\/city-hall\/public-works\/process-workflows-and-checklists\/\">Flux de travail et listes de contr\u00f4le du processus d&#039;autorisation<\/a><\/li>\n<li id=\"menu-item-364164\"><a href=\"\/fr\/city-hall\/public-works\/permitting-faq-4\/\">FAQ sur les permis<\/a><\/li>\n<li id=\"menu-item-364165\"><a href=\"\/fr\/city-hall\/public-works\/sanitation-division\/\">Division de l&#039;assainissement<\/a><\/li>\n<li id=\"menu-item-364166\"><a href=\"\/fr\/city-hall\/public-works\/utility-rates\/\">Structures tarifaires des services publics<\/a><\/li>\n<\/ul>\t\n\t<div class=\"page-navigation\"><a class=\"prev-page\" href=\"https:\/\/www.miamibeachfl.gov\/fr\/city-hall\/public-works\/engineering-division\/\">\u2190 Division d&#039;ing\u00e9nierie<\/a> <a class=\"next-page\" href=\"https:\/\/www.miamibeachfl.gov\/fr\/city-hall\/public-works\/elevator-division\/\">Division des ascenseurs \u2192<\/a><\/div>","protected":false},"excerpt":{"rendered":"<p>Geographic Information Systems Home &gt; City Hall &gt; Public Works &gt; Geographic Information Systems Geographic Information Systems (GIS)\u00a0is a rapidly [&hellip;]<\/p>\n","protected":false},"author":222,"featured_media":0,"parent":28931,"menu_order":153,"comment_status":"closed","ping_status":"closed","template":"","meta":{"_searchwp_excluded":"","site-sidebar-layout":"default","site-content-layout":"","ast-site-content-layout":"default","site-content-style":"default","site-sidebar-style":"default","ast-global-header-display":"","ast-banner-title-visibility":"","ast-main-header-display":"","ast-hfb-above-header-display":"","ast-hfb-below-header-display":"","ast-hfb-mobile-header-display":"","site-post-title":"","ast-breadcrumbs-content":"","ast-featured-img":"","footer-sml-layout":"","theme-transparent-header-meta":"","adv-header-id-meta":"","stick-header-meta":"","header-above-stick-meta":"","header-main-stick-meta":"","header-below-stick-meta":"","astra-migrate-meta-layouts":"default","ast-page-background-enabled":"default","ast-page-background-meta":{"desktop":{"background-color":"var(--ast-global-color-5)","background-image":"","background-repeat":"repeat","background-position":"center center","background-size":"auto","background-attachment":"scroll","background-type":"","background-media":"","overlay-type":"","overlay-color":"","overlay-opacity":"","overlay-gradient":""},"tablet":{"background-color":"","background-image":"","background-repeat":"repeat","background-position":"center center","background-size":"auto","background-attachment":"scroll","background-type":"","background-media":"","overlay-type":"","overlay-color":"","overlay-opacity":"","overlay-gradient":""},"mobile":{"background-color":"","background-image":"","background-repeat":"repeat","background-position":"center center","background-size":"auto","background-attachment":"scroll","background-type":"","background-media":"","overlay-type":"","overlay-color":"","overlay-opacity":"","overlay-gradient":""}},"ast-content-background-meta":{"desktop":{"background-color":"var(--ast-global-color-4)","background-image":"","background-repeat":"repeat","background-position":"center center","background-size":"auto","background-attachment":"scroll","background-type":"","background-media":"","overlay-type":"","overlay-color":"","overlay-opacity":"","overlay-gradient":""},"tablet":{"background-color":"var(--ast-global-color-4)","background-image":"","background-repeat":"repeat","background-position":"center center","background-size":"auto","background-attachment":"scroll","background-type":"","background-media":"","overlay-type":"","overlay-color":"","overlay-opacity":"","overlay-gradient":""},"mobile":{"background-color":"var(--ast-global-color-4)","background-image":"","background-repeat":"repeat","background-position":"center center","background-size":"auto","background-attachment":"scroll","background-type":"","background-media":"","overlay-type":"","overlay-color":"","overlay-opacity":"","overlay-gradient":""}},"footnotes":""},"categories":[],"tags":[],"class_list":["post-28942","page","type-page","status-publish","hentry"],"yoast_head":"<!-- This site is optimized with the Yoast SEO Premium plugin v27.4 (Yoast SEO v27.4) - https:\/\/yoast.com\/product\/yoast-seo-premium-wordpress\/ -->\n<title>Geographic Information Systems - City of Miami Beach<\/title>\n<meta name=\"description\" content=\"%\" \/>\n<meta name=\"robots\" content=\"index, follow, max-snippet:-1, max-image-preview:large, max-video-preview:-1\" \/>\n<link rel=\"canonical\" href=\"https:\/\/www.miamibeachfl.gov\/fr\/city-hall\/public-works\/geographical-information-systems\/\" \/>\n<meta property=\"og:locale\" content=\"fr_FR\" \/>\n<meta property=\"og:type\" content=\"article\" \/>\n<meta property=\"og:title\" content=\"Geographic Information Systems\" \/>\n<meta property=\"og:description\" content=\"%\" \/>\n<meta property=\"og:url\" content=\"https:\/\/www.miamibeachfl.gov\/fr\/city-hall\/public-works\/geographical-information-systems\/\" \/>\n<meta property=\"og:site_name\" content=\"City of Miami Beach\" \/>\n<meta property=\"article:publisher\" content=\"https:\/\/www.facebook.com\/cityofmiamibeach\" \/>\n<meta property=\"article:modified_time\" content=\"2026-03-03T14:55:33+00:00\" \/>\n<meta property=\"og:image\" content=\"https:\/\/www.miamibeachfl.gov\/wp-content\/uploads\/2022\/07\/hero-small.jpg\" \/>\n<meta name=\"twitter:card\" content=\"summary_large_image\" \/>\n<meta name=\"twitter:site\" content=\"@Miamibeachnews\" \/>\n<script type=\"application\/ld+json\" class=\"yoast-schema-graph\">{\"@context\":\"https:\\\/\\\/schema.org\",\"@graph\":[{\"@type\":\"WebPage\",\"@id\":\"https:\\\/\\\/www.miamibeachfl.gov\\\/city-hall\\\/public-works\\\/geographical-information-systems\\\/\",\"url\":\"https:\\\/\\\/www.miamibeachfl.gov\\\/city-hall\\\/public-works\\\/geographical-information-systems\\\/\",\"name\":\"Geographic Information Systems - City of Miami Beach\",\"isPartOf\":{\"@id\":\"https:\\\/\\\/www.miamibeachfl.gov\\\/#website\"},\"primaryImageOfPage\":{\"@id\":\"https:\\\/\\\/www.miamibeachfl.gov\\\/city-hall\\\/public-works\\\/geographical-information-systems\\\/#primaryimage\"},\"image\":{\"@id\":\"https:\\\/\\\/www.miamibeachfl.gov\\\/city-hall\\\/public-works\\\/geographical-information-systems\\\/#primaryimage\"},\"thumbnailUrl\":\"https:\\\/\\\/www.miamibeachfl.gov\\\/wp-content\\\/uploads\\\/2022\\\/07\\\/hero-small.jpg\",\"datePublished\":\"2017-08-11T00:10:09+00:00\",\"dateModified\":\"2026-03-03T14:55:33+00:00\",\"description\":\"%\",\"breadcrumb\":{\"@id\":\"https:\\\/\\\/www.miamibeachfl.gov\\\/city-hall\\\/public-works\\\/geographical-information-systems\\\/#breadcrumb\"},\"inLanguage\":\"fr-FR\",\"potentialAction\":[{\"@type\":\"ReadAction\",\"target\":[\"https:\\\/\\\/www.miamibeachfl.gov\\\/city-hall\\\/public-works\\\/geographical-information-systems\\\/\"]}]},{\"@type\":\"ImageObject\",\"inLanguage\":\"fr-FR\",\"@id\":\"https:\\\/\\\/www.miamibeachfl.gov\\\/city-hall\\\/public-works\\\/geographical-information-systems\\\/#primaryimage\",\"url\":\"https:\\\/\\\/www.miamibeachfl.gov\\\/wp-content\\\/uploads\\\/2022\\\/07\\\/hero-small.jpg\",\"contentUrl\":\"https:\\\/\\\/www.miamibeachfl.gov\\\/wp-content\\\/uploads\\\/2022\\\/07\\\/hero-small.jpg\"},{\"@type\":\"BreadcrumbList\",\"@id\":\"https:\\\/\\\/www.miamibeachfl.gov\\\/city-hall\\\/public-works\\\/geographical-information-systems\\\/#breadcrumb\",\"itemListElement\":[{\"@type\":\"ListItem\",\"position\":1,\"name\":\"Home\",\"item\":\"https:\\\/\\\/www.miamibeachfl.gov\\\/\"},{\"@type\":\"ListItem\",\"position\":2,\"name\":\"City Hall\",\"item\":\"https:\\\/\\\/www.miamibeachfl.gov\\\/city-hall\\\/\"},{\"@type\":\"ListItem\",\"position\":3,\"name\":\"Public Works\",\"item\":\"https:\\\/\\\/www.miamibeachfl.gov\\\/city-hall\\\/public-works\\\/\"},{\"@type\":\"ListItem\",\"position\":4,\"name\":\"Geographic Information Systems\"}]},{\"@type\":\"WebSite\",\"@id\":\"https:\\\/\\\/www.miamibeachfl.gov\\\/#website\",\"url\":\"https:\\\/\\\/www.miamibeachfl.gov\\\/\",\"name\":\"City of Miami Beach\",\"description\":\"The official website of the City of Miami Beach. Stay informed, find important information on city services, news, alerts, events, trolley routes, government employment and more.\",\"publisher\":{\"@id\":\"https:\\\/\\\/www.miamibeachfl.gov\\\/#organization\"},\"potentialAction\":[{\"@type\":\"SearchAction\",\"target\":{\"@type\":\"EntryPoint\",\"urlTemplate\":\"https:\\\/\\\/www.miamibeachfl.gov\\\/?s={search_term_string}\"},\"query-input\":{\"@type\":\"PropertyValueSpecification\",\"valueRequired\":true,\"valueName\":\"search_term_string\"}}],\"inLanguage\":\"fr-FR\"},{\"@type\":\"Organization\",\"@id\":\"https:\\\/\\\/www.miamibeachfl.gov\\\/#organization\",\"name\":\"City of Miami Beach\",\"url\":\"https:\\\/\\\/www.miamibeachfl.gov\\\/\",\"logo\":{\"@type\":\"ImageObject\",\"inLanguage\":\"fr-FR\",\"@id\":\"https:\\\/\\\/www.miamibeachfl.gov\\\/#\\\/schema\\\/logo\\\/image\\\/\",\"url\":\"https:\\\/\\\/www.miamibeachfl.gov\\\/wp-content\\\/uploads\\\/2022\\\/06\\\/miamibeach-logoblue.png\",\"contentUrl\":\"https:\\\/\\\/www.miamibeachfl.gov\\\/wp-content\\\/uploads\\\/2022\\\/06\\\/miamibeach-logoblue.png\",\"width\":1962,\"height\":381,\"caption\":\"City of Miami Beach\"},\"image\":{\"@id\":\"https:\\\/\\\/www.miamibeachfl.gov\\\/#\\\/schema\\\/logo\\\/image\\\/\"},\"sameAs\":[\"https:\\\/\\\/www.facebook.com\\\/cityofmiamibeach\",\"https:\\\/\\\/x.com\\\/Miamibeachnews\",\"https:\\\/\\\/www.instagram.com\\\/miamibeachnews\\\/\"],\"description\":\"The official website of the City of Miami Beach. Stay informed, find important information on city services, news, alerts, events, trolley routes, government employment and more.\",\"telephone\":\"305.604.CITY(2489)\",\"legalName\":\"City of Miami Beach\"}]}<\/script>\n<!-- \/ Yoast SEO Premium plugin. -->","yoast_head_json":{"title":"Syst\u00e8mes d&#039;information g\u00e9ographique - Ville de Miami Beach","description":"%","robots":{"index":"index","follow":"follow","max-snippet":"max-snippet:-1","max-image-preview":"max-image-preview:large","max-video-preview":"max-video-preview:-1"},"canonical":"https:\/\/www.miamibeachfl.gov\/fr\/city-hall\/public-works\/geographical-information-systems\/","og_locale":"fr_FR","og_type":"article","og_title":"Geographic Information Systems","og_description":"%","og_url":"https:\/\/www.miamibeachfl.gov\/fr\/city-hall\/public-works\/geographical-information-systems\/","og_site_name":"City of Miami Beach","article_publisher":"https:\/\/www.facebook.com\/cityofmiamibeach","article_modified_time":"2026-03-03T14:55:33+00:00","og_image":[{"url":"https:\/\/www.miamibeachfl.gov\/wp-content\/uploads\/2022\/07\/hero-small.jpg","type":"","width":"","height":""}],"twitter_card":"summary_large_image","twitter_site":"@Miamibeachnews","schema":{"@context":"https:\/\/schema.org","@graph":[{"@type":"WebPage","@id":"https:\/\/www.miamibeachfl.gov\/city-hall\/public-works\/geographical-information-systems\/","url":"https:\/\/www.miamibeachfl.gov\/city-hall\/public-works\/geographical-information-systems\/","name":"Syst\u00e8mes d&#039;information g\u00e9ographique - Ville de Miami Beach","isPartOf":{"@id":"https:\/\/www.miamibeachfl.gov\/#website"},"primaryImageOfPage":{"@id":"https:\/\/www.miamibeachfl.gov\/city-hall\/public-works\/geographical-information-systems\/#primaryimage"},"image":{"@id":"https:\/\/www.miamibeachfl.gov\/city-hall\/public-works\/geographical-information-systems\/#primaryimage"},"thumbnailUrl":"https:\/\/www.miamibeachfl.gov\/wp-content\/uploads\/2022\/07\/hero-small.jpg","datePublished":"2017-08-11T00:10:09+00:00","dateModified":"2026-03-03T14:55:33+00:00","description":"%","breadcrumb":{"@id":"https:\/\/www.miamibeachfl.gov\/city-hall\/public-works\/geographical-information-systems\/#breadcrumb"},"inLanguage":"fr-FR","potentialAction":[{"@type":"ReadAction","target":["https:\/\/www.miamibeachfl.gov\/city-hall\/public-works\/geographical-information-systems\/"]}]},{"@type":"ImageObject","inLanguage":"fr-FR","@id":"https:\/\/www.miamibeachfl.gov\/city-hall\/public-works\/geographical-information-systems\/#primaryimage","url":"https:\/\/www.miamibeachfl.gov\/wp-content\/uploads\/2022\/07\/hero-small.jpg","contentUrl":"https:\/\/www.miamibeachfl.gov\/wp-content\/uploads\/2022\/07\/hero-small.jpg"},{"@type":"BreadcrumbList","@id":"https:\/\/www.miamibeachfl.gov\/city-hall\/public-works\/geographical-information-systems\/#breadcrumb","itemListElement":[{"@type":"ListItem","position":1,"name":"Home","item":"https:\/\/www.miamibeachfl.gov\/"},{"@type":"ListItem","position":2,"name":"City Hall","item":"https:\/\/www.miamibeachfl.gov\/city-hall\/"},{"@type":"ListItem","position":3,"name":"Public Works","item":"https:\/\/www.miamibeachfl.gov\/city-hall\/public-works\/"},{"@type":"ListItem","position":4,"name":"Geographic Information Systems"}]},{"@type":"WebSite","@id":"https:\/\/www.miamibeachfl.gov\/#website","url":"https:\/\/www.miamibeachfl.gov\/","name":"Ville de Miami Beach","description":"Site officiel de la ville de Miami Beach. Restez inform\u00e9 et trouvez des informations importantes sur les services municipaux, les actualit\u00e9s, les alertes, les \u00e9v\u00e9nements, les itin\u00e9raires de tramway, les emplois gouvernementaux et bien plus encore.","publisher":{"@id":"https:\/\/www.miamibeachfl.gov\/#organization"},"potentialAction":[{"@type":"SearchAction","target":{"@type":"EntryPoint","urlTemplate":"https:\/\/www.miamibeachfl.gov\/?s={search_term_string}"},"query-input":{"@type":"PropertyValueSpecification","valueRequired":true,"valueName":"search_term_string"}}],"inLanguage":"fr-FR"},{"@type":"Organization","@id":"https:\/\/www.miamibeachfl.gov\/#organization","name":"Ville de Miami Beach","url":"https:\/\/www.miamibeachfl.gov\/","logo":{"@type":"ImageObject","inLanguage":"fr-FR","@id":"https:\/\/www.miamibeachfl.gov\/#\/schema\/logo\/image\/","url":"https:\/\/www.miamibeachfl.gov\/wp-content\/uploads\/2022\/06\/miamibeach-logoblue.png","contentUrl":"https:\/\/www.miamibeachfl.gov\/wp-content\/uploads\/2022\/06\/miamibeach-logoblue.png","width":1962,"height":381,"caption":"City of Miami Beach"},"image":{"@id":"https:\/\/www.miamibeachfl.gov\/#\/schema\/logo\/image\/"},"sameAs":["https:\/\/www.facebook.com\/cityofmiamibeach","https:\/\/x.com\/Miamibeachnews","https:\/\/www.instagram.com\/miamibeachnews\/"],"description":"Site officiel de la ville de Miami Beach. Restez inform\u00e9 et trouvez des informations importantes sur les services municipaux, les actualit\u00e9s, les alertes, les \u00e9v\u00e9nements, les itin\u00e9raires de tramway, les emplois gouvernementaux et bien plus encore.","telephone":"305.604.CITY(2489)","legalName":"City of Miami Beach"}]}},"_links":{"self":[{"href":"https:\/\/www.miamibeachfl.gov\/fr\/wp-json\/wp\/v2\/pages\/28942","targetHints":{"allow":["GET"]}}],"collection":[{"href":"https:\/\/www.miamibeachfl.gov\/fr\/wp-json\/wp\/v2\/pages"}],"about":[{"href":"https:\/\/www.miamibeachfl.gov\/fr\/wp-json\/wp\/v2\/types\/page"}],"author":[{"embeddable":true,"href":"https:\/\/www.miamibeachfl.gov\/fr\/wp-json\/wp\/v2\/users\/222"}],"replies":[{"embeddable":true,"href":"https:\/\/www.miamibeachfl.gov\/fr\/wp-json\/wp\/v2\/comments?post=28942"}],"version-history":[{"count":1,"href":"https:\/\/www.miamibeachfl.gov\/fr\/wp-json\/wp\/v2\/pages\/28942\/revisions"}],"predecessor-version":[{"id":397019,"href":"https:\/\/www.miamibeachfl.gov\/fr\/wp-json\/wp\/v2\/pages\/28942\/revisions\/397019"}],"up":[{"embeddable":true,"href":"https:\/\/www.miamibeachfl.gov\/fr\/wp-json\/wp\/v2\/pages\/28931"}],"wp:attachment":[{"href":"https:\/\/www.miamibeachfl.gov\/fr\/wp-json\/wp\/v2\/media?parent=28942"}],"wp:term":[{"taxonomy":"category","embeddable":true,"href":"https:\/\/www.miamibeachfl.gov\/fr\/wp-json\/wp\/v2\/categories?post=28942"},{"taxonomy":"post_tag","embeddable":true,"href":"https:\/\/www.miamibeachfl.gov\/fr\/wp-json\/wp\/v2\/tags?post=28942"}],"curies":[{"name":"wp","href":"https:\/\/api.w.org\/{rel}","templated":true}]}}