{"id":28943,"date":"2017-08-11T00:10:10","date_gmt":"2017-08-11T00:10:10","guid":{"rendered":"http:\/\/www.miamibeachfl.gov\/city-hall\/public-works\/elevator-division\/"},"modified":"2025-05-28T17:01:05","modified_gmt":"2025-05-28T21:01:05","slug":"elevator-division","status":"publish","type":"page","link":"https:\/\/www.miamibeachfl.gov\/fr\/city-hall\/public-works\/elevator-division\/","title":{"rendered":"Division des ascenseurs"},"content":{"rendered":"<img decoding=\"async\" src=\"https:\/\/www.miamibeachfl.gov\/wp-content\/uploads\/2022\/07\/hero-small.jpg\" alt=\"ocean drive art deco buildings\" itemprop=\"image\" title=\"petit h\u00e9ros\" onerror=\"this.style.display='none'\" loading='lazy' \/>\n<h1>\n\t\t\tDivision des ascenseurs\t<\/h1>\n\t<nav id=\"breadcrumbs\" aria-label=\"Fil d&#039;Ariane\"><a href=\"https:\/\/www.miamibeachfl.gov\/fr\/\">Maison<\/a> &gt; <a href=\"https:\/\/www.miamibeachfl.gov\/fr\/city-hall\/\">l&#039;h\u00f4tel de ville<\/a> &gt; <a href=\"https:\/\/www.miamibeachfl.gov\/fr\/city-hall\/public-works\/\">Travaux publics<\/a> &gt; <strong>Division des ascenseurs<\/strong><\/nav>\n\t<p>Bienvenue \u00e0 la division de la s\u00e9curit\u00e9 des ascenseurs de la ville de Miami Beach<\/p>\n<p>En vertu des lois de Floride (Elevator Safety Act, chapitre 399, r\u00e8gle 399.13), la Division de la s\u00e9curit\u00e9 des ascenseurs est comp\u00e9tente pour les ascenseurs, escaliers m\u00e9caniques, trottoirs roulants, monte-personnes et \u00e9quipements connexes de la ville de Miami Beach. En vertu de ce contrat, la Division de la s\u00e9curit\u00e9 des ascenseurs est charg\u00e9e d&#039;autoriser l&#039;installation de nouveaux ascenseurs verticaux et la modification de tout ascenseur existant, y compris l&#039;ensemble des inspections et des tests, afin de certifier la conformit\u00e9 des travaux aux exigences de la norme ASME A17.1 et de tout autre code connexe en vigueur au moment du d\u00e9p\u00f4t de la demande de permis. De plus, la Division de la s\u00e9curit\u00e9 des ascenseurs est charg\u00e9e de s&#039;assurer de la s\u00e9curit\u00e9 d&#039;utilisation des ascenseurs verticaux r\u00e9glement\u00e9s en d\u00e9livrant un certificat d&#039;exploitation annuel apr\u00e8s v\u00e9rification d&#039;un rapport d&#039;inspection de conformit\u00e9 approuv\u00e9 et paiement des frais.<\/p>\n<p>La Division de la s\u00e9curit\u00e9 des ascenseurs est charg\u00e9e de faire respecter <a title=\"Chapitre 399, Statuts de Floride (FS)\" href=\"http:\/\/www.leg.state.fl.us\/Statutes\/index.cfm?App_mode=Display_Statute&amp;URL=0300-0399\/0399\/0399ContentsIndex.html&amp;StatuteYear=2013&amp;Title=%2D%3E2013%2D%3EChapter%20399\" target=\"_blank\" rel=\"noopener\"><strong><em>Chapitre 399, Statuts de Floride (FS)<\/em><\/strong><\/a>, \u00a0<a title=\"Code de s\u00e9curit\u00e9 des ascenseurs de Floride, chapitre 61C-5 Code administratif de Floride\" href=\"https:\/\/www.flrules.org\/gateway\/ChapterHome.asp?Chapter=61C-5\" target=\"_blank\" rel=\"noopener\"><strong><em>Code de s\u00e9curit\u00e9 des ascenseurs de Floride, chapitre 61C-5 Code administratif de Floride<\/em><\/strong><\/a>Chapitre 30 du <a title=\"Code du b\u00e2timent de Floride\" href=\"http:\/\/www.floridabuilding.org\/bc\/\" target=\"_blank\" rel=\"noopener\"><strong><em>Code du b\u00e2timent de Floride<\/em><\/strong><\/a>, le code de s\u00e9curit\u00e9 de l&#039;American Society of Mechanical Engineers (ASME) pour les ascenseurs et les escaliers m\u00e9caniques, les normes uniformes de s\u00e9curit\u00e9 incendie du commissaire des incendies de l&#039;\u00c9tat (NFPA 72), des parties du code national de l&#039;\u00e9lectricit\u00e9 (NEC 70) et le <a title=\"Loi sur les Am\u00e9ricains handicap\u00e9s\" href=\"http:\/\/ada.gov\/\" target=\"_blank\" rel=\"noopener\"><strong><em>Loi sur les Am\u00e9ricains handicap\u00e9s<\/em><\/strong><\/a>.<\/p>\n<p>Le personnel de soutien administratif de la ville de Miami Beach traite les licences et les permis d&#039;ascenseurs et v\u00e9rifie l&#039;enregistrement et la licence des entreprises locales de construction d&#039;ascenseurs. La Division de la s\u00e9curit\u00e9 des ascenseurs conserve \u00e9galement les donn\u00e9es d&#039;inspection, d&#039;accidents et de plaintes \u00e0 des fins d&#039;intervention et de suivi. La v\u00e9rification annuelle de l&#039;\u00e9tat des contrats de maintenance et le renouvellement des certificats d&#039;exploitation font \u00e9galement partie de ses missions.<\/p>\n<p>Les inspecteurs de la Division de la s\u00e9curit\u00e9 des ascenseurs m\u00e8nent des enqu\u00eates sur les plaintes, supervisent les inspecteurs priv\u00e9s d&#039;ascenseurs, assurent le suivi des accidents, effectuent des inspections de s\u00e9curit\u00e9 sur site et surveillent les titulaires de permis. Les inspecteurs de la Division de la s\u00e9curit\u00e9 des ascenseurs et les inspecteurs pr\u00e9-enregistr\u00e9s effectuent les inspections annuelles obligatoires et assistent aux tests. Seuls les inspecteurs d&#039;ascenseurs certifi\u00e9s, titulaires du titre d&#039;inspecteur qualifi\u00e9 d&#039;ascenseurs (QEI), inscrits aupr\u00e8s du DBPR\/Bureau of Elevators et pr\u00e9-enregistr\u00e9s aupr\u00e8s de la Ville de Miami Beach, sont habilit\u00e9s \u00e0 effectuer des inspections d&#039;ascenseurs.<\/p>\n<p><em>Conform\u00e9ment au Code de s\u00e9curit\u00e9 des ascenseurs de Floride, chapitre 61C-5, r\u00e8gle 61C-5.006(5), le renouvellement du certificat d&#039;exploitation incombe au propri\u00e9taire ou au locataire de l&#039;ascenseur, lorsque les responsabilit\u00e9s du propri\u00e9taire sont express\u00e9ment attribu\u00e9es par le bail. Il incombe au propri\u00e9taire de s&#039;assurer que toutes les infractions sont respect\u00e9es et que les frais annuels sont pay\u00e9s afin que le certificat d&#039;exploitation ne soit pas retard\u00e9\u00a0!<\/em><\/p>\n<strong>Coordonn\u00e9es:\u00a0<\/strong><br \/>\nDivision de la s\u00e9curit\u00e9 des ascenseurs<br \/>\n1700 Convention Center Drive, 1er \u00e9tage<br \/>\nMiami Beach, Floride 33139<br \/>\nT\u00e9l\u00e9phone : 305-673-7225 Acc\u00e9dez \u00e0\u2026\t\t\t\n\t\t\t\t\t<ul id=\"menu-public-works-elevator\"><li id=\"menu-item-364284\"><a href=\"\/fr\/city-hall\/public-works\/elevator-division\/elevator-faqs\/\">FAQ sur les ascenseurs<\/a><\/li>\n<li id=\"menu-item-364285\"><a href=\"\/fr\/city-hall\/public-works\/elevator-division\/elevator-forms\/\">Formulaires d&#039;ascenseur<\/a><\/li>\n<li id=\"menu-item-364286\"><a href=\"\/fr\/city-hall\/public-works\/elevator-division\/elevator-permit\/\">Permis d&#039;ascenseur<\/a><\/li>\n<li id=\"menu-item-364288\"><a href=\"\/fr\/city-hall\/public-works\/elevator-division\/elevator-status-fees\/\">Frais d&#039;\u00e9tat des ascenseurs<\/a><\/li>\n<li id=\"menu-item-364289\"><a href=\"\/fr\/city-hall\/public-works\/elevator-division\/regulations-requirements\/\">R\u00e8glements et exigences<\/a><\/li>\n<li id=\"menu-item-364290\"><a href=\"\/fr\/city-hall\/public-works\/elevator-division\/prescriptive-based-process\/\">D\u00e9claration des accidents d&#039;ascenseur<\/a><\/li>\n<li id=\"menu-item-364291\"><a href=\"\/fr\/city-hall\/public-works\/elevator-division\/requesting-an-inspection\/\">Demande d&#039;inspection<\/a><\/li>\n<\/ul>\t\n\t<div class=\"page-navigation\"><a class=\"prev-page\" href=\"https:\/\/www.miamibeachfl.gov\/fr\/city-hall\/public-works\/geographical-information-systems\/\">\u2190 Syst\u00e8mes d&#039;information g\u00e9ographique<\/a> <a class=\"next-page\" href=\"https:\/\/www.miamibeachfl.gov\/fr\/city-hall\/public-works\/green-space-management-division\/\">Gestion des espaces verts \u2192<\/a><\/div>","protected":false},"excerpt":{"rendered":"<p>Elevator Division Home &gt; City Hall &gt; Public Works &gt; Elevator Division Welcome to the City of Miami Beach Elevator [&hellip;]<\/p>\n","protected":false},"author":222,"featured_media":0,"parent":28931,"menu_order":153,"comment_status":"closed","ping_status":"closed","template":"","meta":{"_searchwp_excluded":"","site-sidebar-layout":"default","site-content-layout":"","ast-site-content-layout":"default","site-content-style":"default","site-sidebar-style":"default","ast-global-header-display":"","ast-banner-title-visibility":"","ast-main-header-display":"","ast-hfb-above-header-display":"","ast-hfb-below-header-display":"","ast-hfb-mobile-header-display":"","site-post-title":"","ast-breadcrumbs-content":"","ast-featured-img":"","footer-sml-layout":"","theme-transparent-header-meta":"","adv-header-id-meta":"","stick-header-meta":"","header-above-stick-meta":"","header-main-stick-meta":"","header-below-stick-meta":"","astra-migrate-meta-layouts":"default","ast-page-background-enabled":"default","ast-page-background-meta":{"desktop":{"background-color":"var(--ast-global-color-5)","background-image":"","background-repeat":"repeat","background-position":"center center","background-size":"auto","background-attachment":"scroll","background-type":"","background-media":"","overlay-type":"","overlay-color":"","overlay-opacity":"","overlay-gradient":""},"tablet":{"background-color":"","background-image":"","background-repeat":"repeat","background-position":"center center","background-size":"auto","background-attachment":"scroll","background-type":"","background-media":"","overlay-type":"","overlay-color":"","overlay-opacity":"","overlay-gradient":""},"mobile":{"background-color":"","background-image":"","background-repeat":"repeat","background-position":"center center","background-size":"auto","background-attachment":"scroll","background-type":"","background-media":"","overlay-type":"","overlay-color":"","overlay-opacity":"","overlay-gradient":""}},"ast-content-background-meta":{"desktop":{"background-color":"var(--ast-global-color-4)","background-image":"","background-repeat":"repeat","background-position":"center center","background-size":"auto","background-attachment":"scroll","background-type":"","background-media":"","overlay-type":"","overlay-color":"","overlay-opacity":"","overlay-gradient":""},"tablet":{"background-color":"var(--ast-global-color-4)","background-image":"","background-repeat":"repeat","background-position":"center center","background-size":"auto","background-attachment":"scroll","background-type":"","background-media":"","overlay-type":"","overlay-color":"","overlay-opacity":"","overlay-gradient":""},"mobile":{"background-color":"var(--ast-global-color-4)","background-image":"","background-repeat":"repeat","background-position":"center center","background-size":"auto","background-attachment":"scroll","background-type":"","background-media":"","overlay-type":"","overlay-color":"","overlay-opacity":"","overlay-gradient":""}},"footnotes":""},"categories":[],"tags":[],"class_list":["post-28943","page","type-page","status-publish","hentry"],"yoast_head":"<!-- This site is optimized with the Yoast SEO Premium plugin v27.4 (Yoast SEO v27.4) - https:\/\/yoast.com\/product\/yoast-seo-premium-wordpress\/ -->\n<title>Elevator Division - City of Miami Beach<\/title>\n<meta name=\"description\" content=\"%\" \/>\n<meta name=\"robots\" content=\"index, follow, max-snippet:-1, max-image-preview:large, max-video-preview:-1\" \/>\n<link rel=\"canonical\" href=\"https:\/\/www.miamibeachfl.gov\/fr\/city-hall\/public-works\/elevator-division\/\" \/>\n<meta property=\"og:locale\" content=\"fr_FR\" \/>\n<meta property=\"og:type\" content=\"article\" \/>\n<meta property=\"og:title\" content=\"Elevator Division\" \/>\n<meta property=\"og:description\" content=\"%\" \/>\n<meta property=\"og:url\" content=\"https:\/\/www.miamibeachfl.gov\/fr\/city-hall\/public-works\/elevator-division\/\" \/>\n<meta property=\"og:site_name\" content=\"City of Miami Beach\" \/>\n<meta property=\"article:publisher\" content=\"https:\/\/www.facebook.com\/cityofmiamibeach\" \/>\n<meta property=\"article:modified_time\" content=\"2025-05-28T21:01:05+00:00\" \/>\n<meta property=\"og:image\" content=\"https:\/\/www.miamibeachfl.gov\/wp-content\/uploads\/2022\/07\/hero-small.jpg\" \/>\n<meta name=\"twitter:card\" content=\"summary_large_image\" \/>\n<meta name=\"twitter:site\" content=\"@Miamibeachnews\" \/>\n<script type=\"application\/ld+json\" class=\"yoast-schema-graph\">{\"@context\":\"https:\\\/\\\/schema.org\",\"@graph\":[{\"@type\":\"WebPage\",\"@id\":\"https:\\\/\\\/www.miamibeachfl.gov\\\/city-hall\\\/public-works\\\/elevator-division\\\/\",\"url\":\"https:\\\/\\\/www.miamibeachfl.gov\\\/city-hall\\\/public-works\\\/elevator-division\\\/\",\"name\":\"Elevator Division - City of Miami Beach\",\"isPartOf\":{\"@id\":\"https:\\\/\\\/www.miamibeachfl.gov\\\/#website\"},\"primaryImageOfPage\":{\"@id\":\"https:\\\/\\\/www.miamibeachfl.gov\\\/city-hall\\\/public-works\\\/elevator-division\\\/#primaryimage\"},\"image\":{\"@id\":\"https:\\\/\\\/www.miamibeachfl.gov\\\/city-hall\\\/public-works\\\/elevator-division\\\/#primaryimage\"},\"thumbnailUrl\":\"https:\\\/\\\/www.miamibeachfl.gov\\\/wp-content\\\/uploads\\\/2022\\\/07\\\/hero-small.jpg\",\"datePublished\":\"2017-08-11T00:10:10+00:00\",\"dateModified\":\"2025-05-28T21:01:05+00:00\",\"description\":\"%\",\"breadcrumb\":{\"@id\":\"https:\\\/\\\/www.miamibeachfl.gov\\\/city-hall\\\/public-works\\\/elevator-division\\\/#breadcrumb\"},\"inLanguage\":\"fr-FR\",\"potentialAction\":[{\"@type\":\"ReadAction\",\"target\":[\"https:\\\/\\\/www.miamibeachfl.gov\\\/city-hall\\\/public-works\\\/elevator-division\\\/\"]}]},{\"@type\":\"ImageObject\",\"inLanguage\":\"fr-FR\",\"@id\":\"https:\\\/\\\/www.miamibeachfl.gov\\\/city-hall\\\/public-works\\\/elevator-division\\\/#primaryimage\",\"url\":\"https:\\\/\\\/www.miamibeachfl.gov\\\/wp-content\\\/uploads\\\/2022\\\/07\\\/hero-small.jpg\",\"contentUrl\":\"https:\\\/\\\/www.miamibeachfl.gov\\\/wp-content\\\/uploads\\\/2022\\\/07\\\/hero-small.jpg\"},{\"@type\":\"BreadcrumbList\",\"@id\":\"https:\\\/\\\/www.miamibeachfl.gov\\\/city-hall\\\/public-works\\\/elevator-division\\\/#breadcrumb\",\"itemListElement\":[{\"@type\":\"ListItem\",\"position\":1,\"name\":\"Home\",\"item\":\"https:\\\/\\\/www.miamibeachfl.gov\\\/\"},{\"@type\":\"ListItem\",\"position\":2,\"name\":\"City Hall\",\"item\":\"https:\\\/\\\/www.miamibeachfl.gov\\\/city-hall\\\/\"},{\"@type\":\"ListItem\",\"position\":3,\"name\":\"Public Works\",\"item\":\"https:\\\/\\\/www.miamibeachfl.gov\\\/city-hall\\\/public-works\\\/\"},{\"@type\":\"ListItem\",\"position\":4,\"name\":\"Elevator Division\"}]},{\"@type\":\"WebSite\",\"@id\":\"https:\\\/\\\/www.miamibeachfl.gov\\\/#website\",\"url\":\"https:\\\/\\\/www.miamibeachfl.gov\\\/\",\"name\":\"City of Miami Beach\",\"description\":\"The official website of the City of Miami Beach. Stay informed, find important information on city services, news, alerts, events, trolley routes, government employment and more.\",\"publisher\":{\"@id\":\"https:\\\/\\\/www.miamibeachfl.gov\\\/#organization\"},\"potentialAction\":[{\"@type\":\"SearchAction\",\"target\":{\"@type\":\"EntryPoint\",\"urlTemplate\":\"https:\\\/\\\/www.miamibeachfl.gov\\\/?s={search_term_string}\"},\"query-input\":{\"@type\":\"PropertyValueSpecification\",\"valueRequired\":true,\"valueName\":\"search_term_string\"}}],\"inLanguage\":\"fr-FR\"},{\"@type\":\"Organization\",\"@id\":\"https:\\\/\\\/www.miamibeachfl.gov\\\/#organization\",\"name\":\"City of Miami Beach\",\"url\":\"https:\\\/\\\/www.miamibeachfl.gov\\\/\",\"logo\":{\"@type\":\"ImageObject\",\"inLanguage\":\"fr-FR\",\"@id\":\"https:\\\/\\\/www.miamibeachfl.gov\\\/#\\\/schema\\\/logo\\\/image\\\/\",\"url\":\"https:\\\/\\\/www.miamibeachfl.gov\\\/wp-content\\\/uploads\\\/2022\\\/06\\\/miamibeach-logoblue.png\",\"contentUrl\":\"https:\\\/\\\/www.miamibeachfl.gov\\\/wp-content\\\/uploads\\\/2022\\\/06\\\/miamibeach-logoblue.png\",\"width\":1962,\"height\":381,\"caption\":\"City of Miami Beach\"},\"image\":{\"@id\":\"https:\\\/\\\/www.miamibeachfl.gov\\\/#\\\/schema\\\/logo\\\/image\\\/\"},\"sameAs\":[\"https:\\\/\\\/www.facebook.com\\\/cityofmiamibeach\",\"https:\\\/\\\/x.com\\\/Miamibeachnews\",\"https:\\\/\\\/www.instagram.com\\\/miamibeachnews\\\/\"],\"description\":\"The official website of the City of Miami Beach. Stay informed, find important information on city services, news, alerts, events, trolley routes, government employment and more.\",\"telephone\":\"305.604.CITY(2489)\",\"legalName\":\"City of Miami Beach\"}]}<\/script>\n<!-- \/ Yoast SEO Premium plugin. -->","yoast_head_json":{"title":"Division des ascenseurs \u2013 Ville de Miami Beach","description":"%","robots":{"index":"index","follow":"follow","max-snippet":"max-snippet:-1","max-image-preview":"max-image-preview:large","max-video-preview":"max-video-preview:-1"},"canonical":"https:\/\/www.miamibeachfl.gov\/fr\/city-hall\/public-works\/elevator-division\/","og_locale":"fr_FR","og_type":"article","og_title":"Elevator Division","og_description":"%","og_url":"https:\/\/www.miamibeachfl.gov\/fr\/city-hall\/public-works\/elevator-division\/","og_site_name":"City of Miami Beach","article_publisher":"https:\/\/www.facebook.com\/cityofmiamibeach","article_modified_time":"2025-05-28T21:01:05+00:00","og_image":[{"url":"https:\/\/www.miamibeachfl.gov\/wp-content\/uploads\/2022\/07\/hero-small.jpg","type":"","width":"","height":""}],"twitter_card":"summary_large_image","twitter_site":"@Miamibeachnews","schema":{"@context":"https:\/\/schema.org","@graph":[{"@type":"WebPage","@id":"https:\/\/www.miamibeachfl.gov\/city-hall\/public-works\/elevator-division\/","url":"https:\/\/www.miamibeachfl.gov\/city-hall\/public-works\/elevator-division\/","name":"Division des ascenseurs \u2013 Ville de Miami Beach","isPartOf":{"@id":"https:\/\/www.miamibeachfl.gov\/#website"},"primaryImageOfPage":{"@id":"https:\/\/www.miamibeachfl.gov\/city-hall\/public-works\/elevator-division\/#primaryimage"},"image":{"@id":"https:\/\/www.miamibeachfl.gov\/city-hall\/public-works\/elevator-division\/#primaryimage"},"thumbnailUrl":"https:\/\/www.miamibeachfl.gov\/wp-content\/uploads\/2022\/07\/hero-small.jpg","datePublished":"2017-08-11T00:10:10+00:00","dateModified":"2025-05-28T21:01:05+00:00","description":"%","breadcrumb":{"@id":"https:\/\/www.miamibeachfl.gov\/city-hall\/public-works\/elevator-division\/#breadcrumb"},"inLanguage":"fr-FR","potentialAction":[{"@type":"ReadAction","target":["https:\/\/www.miamibeachfl.gov\/city-hall\/public-works\/elevator-division\/"]}]},{"@type":"ImageObject","inLanguage":"fr-FR","@id":"https:\/\/www.miamibeachfl.gov\/city-hall\/public-works\/elevator-division\/#primaryimage","url":"https:\/\/www.miamibeachfl.gov\/wp-content\/uploads\/2022\/07\/hero-small.jpg","contentUrl":"https:\/\/www.miamibeachfl.gov\/wp-content\/uploads\/2022\/07\/hero-small.jpg"},{"@type":"BreadcrumbList","@id":"https:\/\/www.miamibeachfl.gov\/city-hall\/public-works\/elevator-division\/#breadcrumb","itemListElement":[{"@type":"ListItem","position":1,"name":"Home","item":"https:\/\/www.miamibeachfl.gov\/"},{"@type":"ListItem","position":2,"name":"City Hall","item":"https:\/\/www.miamibeachfl.gov\/city-hall\/"},{"@type":"ListItem","position":3,"name":"Public Works","item":"https:\/\/www.miamibeachfl.gov\/city-hall\/public-works\/"},{"@type":"ListItem","position":4,"name":"Elevator Division"}]},{"@type":"WebSite","@id":"https:\/\/www.miamibeachfl.gov\/#website","url":"https:\/\/www.miamibeachfl.gov\/","name":"Ville de Miami Beach","description":"Site officiel de la ville de Miami Beach. Restez inform\u00e9 et trouvez des informations importantes sur les services municipaux, les actualit\u00e9s, les alertes, les \u00e9v\u00e9nements, les itin\u00e9raires de tramway, les emplois gouvernementaux et bien plus encore.","publisher":{"@id":"https:\/\/www.miamibeachfl.gov\/#organization"},"potentialAction":[{"@type":"SearchAction","target":{"@type":"EntryPoint","urlTemplate":"https:\/\/www.miamibeachfl.gov\/?s={search_term_string}"},"query-input":{"@type":"PropertyValueSpecification","valueRequired":true,"valueName":"search_term_string"}}],"inLanguage":"fr-FR"},{"@type":"Organization","@id":"https:\/\/www.miamibeachfl.gov\/#organization","name":"Ville de Miami Beach","url":"https:\/\/www.miamibeachfl.gov\/","logo":{"@type":"ImageObject","inLanguage":"fr-FR","@id":"https:\/\/www.miamibeachfl.gov\/#\/schema\/logo\/image\/","url":"https:\/\/www.miamibeachfl.gov\/wp-content\/uploads\/2022\/06\/miamibeach-logoblue.png","contentUrl":"https:\/\/www.miamibeachfl.gov\/wp-content\/uploads\/2022\/06\/miamibeach-logoblue.png","width":1962,"height":381,"caption":"City of Miami Beach"},"image":{"@id":"https:\/\/www.miamibeachfl.gov\/#\/schema\/logo\/image\/"},"sameAs":["https:\/\/www.facebook.com\/cityofmiamibeach","https:\/\/x.com\/Miamibeachnews","https:\/\/www.instagram.com\/miamibeachnews\/"],"description":"Site officiel de la ville de Miami Beach. Restez inform\u00e9 et trouvez des informations importantes sur les services municipaux, les actualit\u00e9s, les alertes, les \u00e9v\u00e9nements, les itin\u00e9raires de tramway, les emplois gouvernementaux et bien plus encore.","telephone":"305.604.CITY(2489)","legalName":"City of Miami Beach"}]}},"_links":{"self":[{"href":"https:\/\/www.miamibeachfl.gov\/fr\/wp-json\/wp\/v2\/pages\/28943","targetHints":{"allow":["GET"]}}],"collection":[{"href":"https:\/\/www.miamibeachfl.gov\/fr\/wp-json\/wp\/v2\/pages"}],"about":[{"href":"https:\/\/www.miamibeachfl.gov\/fr\/wp-json\/wp\/v2\/types\/page"}],"author":[{"embeddable":true,"href":"https:\/\/www.miamibeachfl.gov\/fr\/wp-json\/wp\/v2\/users\/222"}],"replies":[{"embeddable":true,"href":"https:\/\/www.miamibeachfl.gov\/fr\/wp-json\/wp\/v2\/comments?post=28943"}],"version-history":[{"count":1,"href":"https:\/\/www.miamibeachfl.gov\/fr\/wp-json\/wp\/v2\/pages\/28943\/revisions"}],"predecessor-version":[{"id":374590,"href":"https:\/\/www.miamibeachfl.gov\/fr\/wp-json\/wp\/v2\/pages\/28943\/revisions\/374590"}],"up":[{"embeddable":true,"href":"https:\/\/www.miamibeachfl.gov\/fr\/wp-json\/wp\/v2\/pages\/28931"}],"wp:attachment":[{"href":"https:\/\/www.miamibeachfl.gov\/fr\/wp-json\/wp\/v2\/media?parent=28943"}],"wp:term":[{"taxonomy":"category","embeddable":true,"href":"https:\/\/www.miamibeachfl.gov\/fr\/wp-json\/wp\/v2\/categories?post=28943"},{"taxonomy":"post_tag","embeddable":true,"href":"https:\/\/www.miamibeachfl.gov\/fr\/wp-json\/wp\/v2\/tags?post=28943"}],"curies":[{"name":"wp","href":"https:\/\/api.w.org\/{rel}","templated":true}]}}