{"id":28979,"date":"2017-08-11T00:10:35","date_gmt":"2017-08-11T00:10:35","guid":{"rendered":"http:\/\/www.miamibeachfl.gov\/city-hall\/public-works\/table-of-contents-details\/section-1-a-surveying-standards-and-requirements\/"},"modified":"2018-01-26T15:33:01","modified_gmt":"2018-01-26T20:33:01","slug":"section-1-a-surveying-standards-and-requirements","status":"publish","type":"page","link":"https:\/\/www.miamibeachfl.gov\/fr\/city-hall\/public-works\/engineering-division\/section-1-a-surveying-standards-and-requirements\/","title":{"rendered":"Section 1 A. Normes et exigences en mati\u00e8re d&#039;arpentage"},"content":{"rendered":"<\/p>\n<table>\n<caption>SECTION 1 CRIT\u00c8RES DE CONCEPTION ET DE PRODUCTION DE PLANS STANDARD<\/caption>\n<tbody>\n<tr>\n<td>\n<p><strong>SECTION 1 CRIT\u00c8RES DE CONCEPTION ET DE PRODUCTION DE PLANS STANDARD<\/strong><\/p>\n<p><strong>A. Normes et exigences en mati\u00e8re d&#039;arpentage<\/strong><\/p>\n<p>Exigences relatives aux lev\u00e9s topographiques dans l&#039;emprise de la ville<\/p>\n<p>L&#039;arpentage sera r\u00e9alis\u00e9 par un g\u00e9om\u00e8tre-expert de l&#039;\u00c9tat de Floride, conform\u00e9ment au chapitre 472.027 des statuts de Floride, et devra respecter les normes techniques minimales d\u00e9finies au chapitre 61G17-6 de la loi sur les normes d&#039;urbanisme (FAC). Tous les fichiers d&#039;arpentage seront pr\u00e9par\u00e9s au format AutoCAD conform\u00e9ment aux normes de la ville de Miami Beach.<\/p>\n<p>Exigences g\u00e9n\u00e9rales : Au minimum, les relev\u00e9s topographiques porteront sur les points suivants :<\/p>\n<p>\u2022 \u00c9tablir une ligne de base avec des stations de 100 pieds. Les bornes requises par le chapitre 61G17-6 du Code administratif de Floride et le chapitre 472.027 des Statuts de Floride seront plac\u00e9es par l&#039;arpenteur le long de la ligne de base \u00e0 tous les changements d&#039;alignement, aux points de courbure, aux angles d&#039;\u00eelot et \u00e0 toutes les intersections de rues. La ligne de base du lev\u00e9 sera li\u00e9e \u00e0 l&#039;emprise et aux bornes fonci\u00e8res sectionn\u00e9es. Chaque arpenteur sera responsable de l&#039;obtention des informations sur l&#039;emprise \u00e0 partir des archives disponibles.<\/p>\n<p>\u2022 Le g\u00e9om\u00e8tre-expert \u00e9tablira des rep\u00e8res \u00e0 des emplacements pratiques le long du corridor, qui seront utilis\u00e9s pendant les phases de conception et de construction du projet. Au minimum, des rep\u00e8res permanents seront install\u00e9s tous les 300 m\u00e8tres le long du trac\u00e9. Le g\u00e9om\u00e8tre-expert raccordera au moins deux bornes gouvernementales existantes au circuit vertical et effectuera des coupes transversales tous les 30 m\u00e8tres le long de l&#039;ensemble du corridor du projet. Les rep\u00e8res seront d\u00e9riv\u00e9s des rep\u00e8res gouvernementaux existants et int\u00e9gr\u00e9s au syst\u00e8me propos\u00e9 selon les proc\u00e9dures de deuxi\u00e8me ordre, classe II. Une liste compl\u00e8te des emplacements des rep\u00e8res devra accompagner les donn\u00e9es du lev\u00e9.<\/p>\n<p>\u2022 Les \u00e9l\u00e9vations des sections transversales doivent d\u00e9finir toutes les ruptures de pente telles que les intersections, les foss\u00e9s, les bords de chauss\u00e9e, l&#039;axe central de la chauss\u00e9e, les bordures et les caniveaux, les bords de trottoir, les connexions d&#039;all\u00e9e, la ligne d&#039;emprise, le bord du d\u00e9calage d&#039;emprise de 25 pieds, les empi\u00e8tements (naturels et int\u00e9gr\u00e9s), etc.<\/p>\n<p>\u2022 L&#039;arpenteur doit localiser et identifier toutes les am\u00e9liorations de surface visibles et les caract\u00e9ristiques topographiques qui existent le long de la largeur du corridor, telles que les suivantes :<\/p>\n<p>\u2022 Bo\u00eetes \u00e0 vannes existantes, bo\u00eetes de compteurs d&#039;eau\/\u00e9lectricit\u00e9, bo\u00eetes de tirage \u00e9lectriques, colonnes montantes de t\u00e9l\u00e9phone\/c\u00e2ble, cl\u00f4tures, bornes d&#039;incendie, etc.<\/p>\n<p>\u2022 Services publics a\u00e9riens et souterrains, \u00e9l\u00e9vations invers\u00e9es des services publics souterrains accessibles, poteaux \u00e9lectriques en bois et en b\u00e9ton, ponceaux, garde-corps, limites de chauss\u00e9e, murs de t\u00eate, murs d&#039;extr\u00e9mit\u00e9, regards, chambres fortes, bo\u00eetes aux lettres, all\u00e9es, rues secondaires, arbres, am\u00e9nagement paysager, signalisation routi\u00e8re et toute autre am\u00e9lioration constat\u00e9e. Veuillez noter que le relev\u00e9 pr\u00e9cisera le mat\u00e9riau et la hauteur des cl\u00f4tures, les limites des v\u00e9g\u00e9taux d&#039;am\u00e9nagement paysager et les mat\u00e9riaux de construction des all\u00e9es, ainsi que les empi\u00e8tements sur la propri\u00e9t\u00e9 priv\u00e9e (am\u00e9nagement paysager, surplombs, am\u00e9liorations, etc.).<\/p>\n<p>\u2022 Les limites de l\u2019enqu\u00eate doivent inclure l\u2019ensemble de l\u2019emprise et un chevauchement suppl\u00e9mentaire de 25 pieds de chaque c\u00f4t\u00e9 de l\u2019emprise.<\/p>\n<p>\u2022 Tous les emplacements doivent \u00eatre li\u00e9s au syst\u00e8me de coordonn\u00e9es du plan de l&#039;\u00c9tat de Floride, zone Est (NAD 83\/90).<\/p>\n<p>\u2022 Tous les contr\u00f4les verticaux doivent \u00eatre conformes au r\u00e9f\u00e9rentiel de la ville de Miami Beach (r\u00e9f\u00e9rence moyenne des basses eaux de la baie).<\/p>\n<p>\u2022 Les donn\u00e9es d\u2019enqu\u00eate indiqueront la g\u00e9om\u00e9trie des parcelles de propri\u00e9t\u00e9 priv\u00e9e du p\u00e9rim\u00e8tre (y compris les cl\u00f4tures, l\u2019am\u00e9nagement paysager et les all\u00e9es).<\/p>\n<p>L&#039;arpenteur doit coordonner avec chaque agence de services publics afin d&#039;identifier l&#039;emplacement de tous les services publics souterrains existants au cas o\u00f9 ces informations seraient n\u00e9cessaires.\n<\/p>\n<\/td>\n<\/tr>\n<\/tbody>\n<\/table>\n<p>\u00a0<\/p>","protected":false},"excerpt":{"rendered":"<p>SECTION 1 STANDARD DESIGN AND PLAN PRODUCTION CRITERIA SECTION 1 STANDARD DESIGN AND PLAN PRODUCTION CRITERIA A. Surveying Standards and [&hellip;]<\/p>\n","protected":false},"author":222,"featured_media":0,"parent":28940,"menu_order":183,"comment_status":"closed","ping_status":"closed","template":"","meta":{"_searchwp_excluded":"","site-sidebar-layout":"default","site-content-layout":"","ast-site-content-layout":"default","site-content-style":"default","site-sidebar-style":"default","ast-global-header-display":"","ast-banner-title-visibility":"","ast-main-header-display":"","ast-hfb-above-header-display":"","ast-hfb-below-header-display":"","ast-hfb-mobile-header-display":"","site-post-title":"","ast-breadcrumbs-content":"","ast-featured-img":"","footer-sml-layout":"","theme-transparent-header-meta":"","adv-header-id-meta":"","stick-header-meta":"","header-above-stick-meta":"","header-main-stick-meta":"","header-below-stick-meta":"","astra-migrate-meta-layouts":"default","ast-page-background-enabled":"default","ast-page-background-meta":{"desktop":{"background-color":"var(--ast-global-color-5)","background-image":"","background-repeat":"repeat","background-position":"center center","background-size":"auto","background-attachment":"scroll","background-type":"","background-media":"","overlay-type":"","overlay-color":"","overlay-opacity":"","overlay-gradient":""},"tablet":{"background-color":"","background-image":"","background-repeat":"repeat","background-position":"center center","background-size":"auto","background-attachment":"scroll","background-type":"","background-media":"","overlay-type":"","overlay-color":"","overlay-opacity":"","overlay-gradient":""},"mobile":{"background-color":"","background-image":"","background-repeat":"repeat","background-position":"center center","background-size":"auto","background-attachment":"scroll","background-type":"","background-media":"","overlay-type":"","overlay-color":"","overlay-opacity":"","overlay-gradient":""}},"ast-content-background-meta":{"desktop":{"background-color":"var(--ast-global-color-4)","background-image":"","background-repeat":"repeat","background-position":"center center","background-size":"auto","background-attachment":"scroll","background-type":"","background-media":"","overlay-type":"","overlay-color":"","overlay-opacity":"","overlay-gradient":""},"tablet":{"background-color":"var(--ast-global-color-4)","background-image":"","background-repeat":"repeat","background-position":"center center","background-size":"auto","background-attachment":"scroll","background-type":"","background-media":"","overlay-type":"","overlay-color":"","overlay-opacity":"","overlay-gradient":""},"mobile":{"background-color":"var(--ast-global-color-4)","background-image":"","background-repeat":"repeat","background-position":"center center","background-size":"auto","background-attachment":"scroll","background-type":"","background-media":"","overlay-type":"","overlay-color":"","overlay-opacity":"","overlay-gradient":""}},"footnotes":""},"categories":[],"tags":[],"class_list":["post-28979","page","type-page","status-publish","hentry"],"yoast_head":"<!-- This site is optimized with the Yoast SEO Premium plugin v27.4 (Yoast SEO v27.4) - https:\/\/yoast.com\/product\/yoast-seo-premium-wordpress\/ -->\n<title>Section 1  A. Surveying Standards And Requirements - City of Miami Beach<\/title>\n<meta name=\"description\" content=\"%\" \/>\n<meta name=\"robots\" content=\"index, follow, max-snippet:-1, max-image-preview:large, max-video-preview:-1\" \/>\n<link rel=\"canonical\" href=\"https:\/\/www.miamibeachfl.gov\/fr\/city-hall\/public-works\/engineering-division\/section-1-a-surveying-standards-and-requirements\/\" \/>\n<meta property=\"og:locale\" content=\"fr_FR\" \/>\n<meta property=\"og:type\" content=\"article\" \/>\n<meta property=\"og:title\" content=\"Section 1  A. Surveying Standards And Requirements\" \/>\n<meta property=\"og:description\" content=\"%\" \/>\n<meta property=\"og:url\" content=\"https:\/\/www.miamibeachfl.gov\/fr\/city-hall\/public-works\/engineering-division\/section-1-a-surveying-standards-and-requirements\/\" \/>\n<meta property=\"og:site_name\" content=\"City of Miami Beach\" \/>\n<meta property=\"article:publisher\" content=\"https:\/\/www.facebook.com\/cityofmiamibeach\" \/>\n<meta property=\"article:modified_time\" content=\"2018-01-26T20:33:01+00:00\" \/>\n<meta property=\"og:image\" content=\"https:\/\/www.miamibeachfl.gov\/wp-content\/uploads\/2024\/01\/1000pxSquare-miamibeach-aerial-southpointview.jpeg\" \/>\n\t<meta property=\"og:image:width\" content=\"1000\" \/>\n\t<meta property=\"og:image:height\" content=\"1000\" \/>\n\t<meta property=\"og:image:type\" content=\"image\/jpeg\" \/>\n<meta name=\"twitter:card\" content=\"summary_large_image\" \/>\n<meta name=\"twitter:site\" content=\"@Miamibeachnews\" \/>\n<script type=\"application\/ld+json\" class=\"yoast-schema-graph\">{\"@context\":\"https:\\\/\\\/schema.org\",\"@graph\":[{\"@type\":\"WebPage\",\"@id\":\"https:\\\/\\\/www.miamibeachfl.gov\\\/city-hall\\\/public-works\\\/engineering-division\\\/section-1-a-surveying-standards-and-requirements\\\/\",\"url\":\"https:\\\/\\\/www.miamibeachfl.gov\\\/city-hall\\\/public-works\\\/engineering-division\\\/section-1-a-surveying-standards-and-requirements\\\/\",\"name\":\"Section 1 A. Surveying Standards And Requirements - City of Miami Beach\",\"isPartOf\":{\"@id\":\"https:\\\/\\\/www.miamibeachfl.gov\\\/#website\"},\"datePublished\":\"2017-08-11T00:10:35+00:00\",\"dateModified\":\"2018-01-26T20:33:01+00:00\",\"description\":\"%\",\"breadcrumb\":{\"@id\":\"https:\\\/\\\/www.miamibeachfl.gov\\\/city-hall\\\/public-works\\\/engineering-division\\\/section-1-a-surveying-standards-and-requirements\\\/#breadcrumb\"},\"inLanguage\":\"fr-FR\",\"potentialAction\":[{\"@type\":\"ReadAction\",\"target\":[\"https:\\\/\\\/www.miamibeachfl.gov\\\/city-hall\\\/public-works\\\/engineering-division\\\/section-1-a-surveying-standards-and-requirements\\\/\"]}]},{\"@type\":\"BreadcrumbList\",\"@id\":\"https:\\\/\\\/www.miamibeachfl.gov\\\/city-hall\\\/public-works\\\/engineering-division\\\/section-1-a-surveying-standards-and-requirements\\\/#breadcrumb\",\"itemListElement\":[{\"@type\":\"ListItem\",\"position\":1,\"name\":\"Home\",\"item\":\"https:\\\/\\\/www.miamibeachfl.gov\\\/\"},{\"@type\":\"ListItem\",\"position\":2,\"name\":\"City Hall\",\"item\":\"https:\\\/\\\/www.miamibeachfl.gov\\\/city-hall\\\/\"},{\"@type\":\"ListItem\",\"position\":3,\"name\":\"Public Works\",\"item\":\"https:\\\/\\\/www.miamibeachfl.gov\\\/city-hall\\\/public-works\\\/\"},{\"@type\":\"ListItem\",\"position\":4,\"name\":\"Engineering Division\",\"item\":\"https:\\\/\\\/www.miamibeachfl.gov\\\/city-hall\\\/public-works\\\/engineering-division\\\/\"},{\"@type\":\"ListItem\",\"position\":5,\"name\":\"Section 1 A. Surveying Standards And Requirements\"}]},{\"@type\":\"WebSite\",\"@id\":\"https:\\\/\\\/www.miamibeachfl.gov\\\/#website\",\"url\":\"https:\\\/\\\/www.miamibeachfl.gov\\\/\",\"name\":\"City of Miami Beach\",\"description\":\"The official website of the City of Miami Beach. Stay informed, find important information on city services, news, alerts, events, trolley routes, government employment and more.\",\"publisher\":{\"@id\":\"https:\\\/\\\/www.miamibeachfl.gov\\\/#organization\"},\"potentialAction\":[{\"@type\":\"SearchAction\",\"target\":{\"@type\":\"EntryPoint\",\"urlTemplate\":\"https:\\\/\\\/www.miamibeachfl.gov\\\/?s={search_term_string}\"},\"query-input\":{\"@type\":\"PropertyValueSpecification\",\"valueRequired\":true,\"valueName\":\"search_term_string\"}}],\"inLanguage\":\"fr-FR\"},{\"@type\":\"Organization\",\"@id\":\"https:\\\/\\\/www.miamibeachfl.gov\\\/#organization\",\"name\":\"City of Miami Beach\",\"url\":\"https:\\\/\\\/www.miamibeachfl.gov\\\/\",\"logo\":{\"@type\":\"ImageObject\",\"inLanguage\":\"fr-FR\",\"@id\":\"https:\\\/\\\/www.miamibeachfl.gov\\\/#\\\/schema\\\/logo\\\/image\\\/\",\"url\":\"https:\\\/\\\/www.miamibeachfl.gov\\\/wp-content\\\/uploads\\\/2022\\\/06\\\/miamibeach-logoblue.png\",\"contentUrl\":\"https:\\\/\\\/www.miamibeachfl.gov\\\/wp-content\\\/uploads\\\/2022\\\/06\\\/miamibeach-logoblue.png\",\"width\":1962,\"height\":381,\"caption\":\"City of Miami Beach\"},\"image\":{\"@id\":\"https:\\\/\\\/www.miamibeachfl.gov\\\/#\\\/schema\\\/logo\\\/image\\\/\"},\"sameAs\":[\"https:\\\/\\\/www.facebook.com\\\/cityofmiamibeach\",\"https:\\\/\\\/x.com\\\/Miamibeachnews\",\"https:\\\/\\\/www.instagram.com\\\/miamibeachnews\\\/\"],\"description\":\"The official website of the City of Miami Beach. Stay informed, find important information on city services, news, alerts, events, trolley routes, government employment and more.\",\"telephone\":\"305.604.CITY(2489)\",\"legalName\":\"City of Miami Beach\"}]}<\/script>\n<!-- \/ Yoast SEO Premium plugin. -->","yoast_head_json":{"title":"Section 1 A. Normes et exigences en mati\u00e8re d&#039;arpentage - Ville de Miami Beach","description":"%","robots":{"index":"index","follow":"follow","max-snippet":"max-snippet:-1","max-image-preview":"max-image-preview:large","max-video-preview":"max-video-preview:-1"},"canonical":"https:\/\/www.miamibeachfl.gov\/fr\/city-hall\/public-works\/engineering-division\/section-1-a-surveying-standards-and-requirements\/","og_locale":"fr_FR","og_type":"article","og_title":"Section 1  A. Surveying Standards And Requirements","og_description":"%","og_url":"https:\/\/www.miamibeachfl.gov\/fr\/city-hall\/public-works\/engineering-division\/section-1-a-surveying-standards-and-requirements\/","og_site_name":"City of Miami Beach","article_publisher":"https:\/\/www.facebook.com\/cityofmiamibeach","article_modified_time":"2018-01-26T20:33:01+00:00","og_image":[{"width":1000,"height":1000,"url":"https:\/\/www.miamibeachfl.gov\/wp-content\/uploads\/2024\/01\/1000pxSquare-miamibeach-aerial-southpointview.jpeg","type":"image\/jpeg"}],"twitter_card":"summary_large_image","twitter_site":"@Miamibeachnews","schema":{"@context":"https:\/\/schema.org","@graph":[{"@type":"WebPage","@id":"https:\/\/www.miamibeachfl.gov\/city-hall\/public-works\/engineering-division\/section-1-a-surveying-standards-and-requirements\/","url":"https:\/\/www.miamibeachfl.gov\/city-hall\/public-works\/engineering-division\/section-1-a-surveying-standards-and-requirements\/","name":"Section 1 A. Normes et exigences en mati\u00e8re d&#039;arpentage - Ville de Miami Beach","isPartOf":{"@id":"https:\/\/www.miamibeachfl.gov\/#website"},"datePublished":"2017-08-11T00:10:35+00:00","dateModified":"2018-01-26T20:33:01+00:00","description":"%","breadcrumb":{"@id":"https:\/\/www.miamibeachfl.gov\/city-hall\/public-works\/engineering-division\/section-1-a-surveying-standards-and-requirements\/#breadcrumb"},"inLanguage":"fr-FR","potentialAction":[{"@type":"ReadAction","target":["https:\/\/www.miamibeachfl.gov\/city-hall\/public-works\/engineering-division\/section-1-a-surveying-standards-and-requirements\/"]}]},{"@type":"BreadcrumbList","@id":"https:\/\/www.miamibeachfl.gov\/city-hall\/public-works\/engineering-division\/section-1-a-surveying-standards-and-requirements\/#breadcrumb","itemListElement":[{"@type":"ListItem","position":1,"name":"Home","item":"https:\/\/www.miamibeachfl.gov\/"},{"@type":"ListItem","position":2,"name":"City Hall","item":"https:\/\/www.miamibeachfl.gov\/city-hall\/"},{"@type":"ListItem","position":3,"name":"Public Works","item":"https:\/\/www.miamibeachfl.gov\/city-hall\/public-works\/"},{"@type":"ListItem","position":4,"name":"Engineering Division","item":"https:\/\/www.miamibeachfl.gov\/city-hall\/public-works\/engineering-division\/"},{"@type":"ListItem","position":5,"name":"Section 1 A. Surveying Standards And Requirements"}]},{"@type":"WebSite","@id":"https:\/\/www.miamibeachfl.gov\/#website","url":"https:\/\/www.miamibeachfl.gov\/","name":"Ville de Miami Beach","description":"Site officiel de la ville de Miami Beach. Restez inform\u00e9 et trouvez des informations importantes sur les services municipaux, les actualit\u00e9s, les alertes, les \u00e9v\u00e9nements, les itin\u00e9raires de tramway, les emplois gouvernementaux et bien plus encore.","publisher":{"@id":"https:\/\/www.miamibeachfl.gov\/#organization"},"potentialAction":[{"@type":"SearchAction","target":{"@type":"EntryPoint","urlTemplate":"https:\/\/www.miamibeachfl.gov\/?s={search_term_string}"},"query-input":{"@type":"PropertyValueSpecification","valueRequired":true,"valueName":"search_term_string"}}],"inLanguage":"fr-FR"},{"@type":"Organization","@id":"https:\/\/www.miamibeachfl.gov\/#organization","name":"Ville de Miami Beach","url":"https:\/\/www.miamibeachfl.gov\/","logo":{"@type":"ImageObject","inLanguage":"fr-FR","@id":"https:\/\/www.miamibeachfl.gov\/#\/schema\/logo\/image\/","url":"https:\/\/www.miamibeachfl.gov\/wp-content\/uploads\/2022\/06\/miamibeach-logoblue.png","contentUrl":"https:\/\/www.miamibeachfl.gov\/wp-content\/uploads\/2022\/06\/miamibeach-logoblue.png","width":1962,"height":381,"caption":"City of Miami Beach"},"image":{"@id":"https:\/\/www.miamibeachfl.gov\/#\/schema\/logo\/image\/"},"sameAs":["https:\/\/www.facebook.com\/cityofmiamibeach","https:\/\/x.com\/Miamibeachnews","https:\/\/www.instagram.com\/miamibeachnews\/"],"description":"Site officiel de la ville de Miami Beach. Restez inform\u00e9 et trouvez des informations importantes sur les services municipaux, les actualit\u00e9s, les alertes, les \u00e9v\u00e9nements, les itin\u00e9raires de tramway, les emplois gouvernementaux et bien plus encore.","telephone":"305.604.CITY(2489)","legalName":"City of Miami Beach"}]}},"_links":{"self":[{"href":"https:\/\/www.miamibeachfl.gov\/fr\/wp-json\/wp\/v2\/pages\/28979","targetHints":{"allow":["GET"]}}],"collection":[{"href":"https:\/\/www.miamibeachfl.gov\/fr\/wp-json\/wp\/v2\/pages"}],"about":[{"href":"https:\/\/www.miamibeachfl.gov\/fr\/wp-json\/wp\/v2\/types\/page"}],"author":[{"embeddable":true,"href":"https:\/\/www.miamibeachfl.gov\/fr\/wp-json\/wp\/v2\/users\/222"}],"replies":[{"embeddable":true,"href":"https:\/\/www.miamibeachfl.gov\/fr\/wp-json\/wp\/v2\/comments?post=28979"}],"version-history":[{"count":0,"href":"https:\/\/www.miamibeachfl.gov\/fr\/wp-json\/wp\/v2\/pages\/28979\/revisions"}],"up":[{"embeddable":true,"href":"https:\/\/www.miamibeachfl.gov\/fr\/wp-json\/wp\/v2\/pages\/28940"}],"wp:attachment":[{"href":"https:\/\/www.miamibeachfl.gov\/fr\/wp-json\/wp\/v2\/media?parent=28979"}],"wp:term":[{"taxonomy":"category","embeddable":true,"href":"https:\/\/www.miamibeachfl.gov\/fr\/wp-json\/wp\/v2\/categories?post=28979"},{"taxonomy":"post_tag","embeddable":true,"href":"https:\/\/www.miamibeachfl.gov\/fr\/wp-json\/wp\/v2\/tags?post=28979"}],"curies":[{"name":"wp","href":"https:\/\/api.w.org\/{rel}","templated":true}]}}