{"id":29094,"date":"2017-08-11T00:11:50","date_gmt":"2017-08-11T00:11:50","guid":{"rendered":"http:\/\/www.miamibeachfl.gov\/city-hall\/public-works\/table-of-contents-details\/section-4-b-right-of-way-and-easement-modifications\/"},"modified":"2018-01-26T15:35:04","modified_gmt":"2018-01-26T20:35:04","slug":"section-4-b-right-of-way-and-easement-modifications","status":"publish","type":"page","link":"https:\/\/www.miamibeachfl.gov\/fr\/city-hall\/public-works\/engineering-division\/section-4-b-right-of-way-and-easement-modifications\/","title":{"rendered":"Section 4 B. Modifications du droit de passage et des servitudes"},"content":{"rendered":"<\/p>\n<table>\n<caption>Modifications du droit de passage et de la servitude<\/caption>\n<tbody>\n<tr>\n<td>\n<p><strong>ARTICLE 4 DISPOSITIONS PARTICULI\u00c8RES RELATIVES AU DROIT DE PASSAGE, \u00c0 LA SERVITUDE ET \u00c0 L&#039;UTILISATION DU TERRITOIRE<\/strong><\/p>\n<p><strong>B. Modifications du droit de passage et de la servitude<\/strong><\/p>\n<p>Les modifications de droit de passage et de servitude comprennent g\u00e9n\u00e9ralement les \u00e9l\u00e9ments suivants :<\/p>\n<p>I- Lib\u00e9ration d&#039;une rue, d&#039;une ruelle ou d&#039;une portion d&#039;emprise par la Ville. Ces emprises peuvent \u00eatre loties ou d\u00e9di\u00e9es et peuvent \u00eatre assorties de droits de r\u00e9version pour les propri\u00e9taires adjacents.<\/p>\n<p>II- Abandon d&#039;une servitude de service public ou \u00e9change d&#039;une servitude de service public existante contre une servitude \u00e9quivalente ailleurs (relocalisation de servitudes). Il peut \u00e9galement s&#039;agir de servitudes loties ou d\u00e9di\u00e9es\/enregistr\u00e9es, soit pour des services publics, soit pour des acc\u00e8s.<\/p>\n<p>I. Vacance d&#039;une rue, d&#039;une ruelle ou d&#039;une portion d&#039;emprise :<\/p>\n<p>Suite \u00e0 un examen par le Comit\u00e9 d&#039;utilisation des terres des crit\u00e8res\/normes pour consid\u00e9rer l&#039;abandon\/la lib\u00e9ration de rues ou d&#039;autres droits de passage, le maire de la ville de Miami Beach et la commission municipale ont recommand\u00e9, le 26 juillet 1989, un examen au cas par cas de ces vacances.<\/p>\n<p>Comme indiqu\u00e9 dans ces crit\u00e8res\/normes, dans les cas pr\u00e9c\u00e9dents de vacance et dans l&#039;ordonnance 92-2783 incorpor\u00e9e \u00e0 l&#039;article II du Code de la ville, voici les exigences et les proc\u00e9dures pour solliciter la vacance de rues ou d&#039;autres droits de passage dans la ville :<\/p>\n<p>Le demandeur qui demande l&#039;annulation d&#039;une rue, d&#039;une ruelle ou d&#039;une portion d&#039;emprise doit soumettre :<\/p>\n<p>\u00a01. Des frais de dossier non remboursables de $5 000,00 $ qui seront appliqu\u00e9s \u00e0 la valeur fonci\u00e8re estim\u00e9e de l&#039;emprise lib\u00e9r\u00e9e.<\/p>\n<p>\u00a02. Un titre de propri\u00e9t\u00e9, un engagement de propri\u00e9t\u00e9 ou l&#039;avis d&#039;un avocat sur le titre de propri\u00e9t\u00e9 du terrain faisant l&#039;objet de la demande.<\/p>\n<p>\u00a03. Une d\u00e9claration du demandeur indiquant comment l&#039;achat et la cession de ce droit de passage sont dans le meilleur int\u00e9r\u00eat du bien-\u00eatre du grand public.<\/p>\n<p>\u00a04. Un relev\u00e9 topographique r\u00e9cent effectu\u00e9 par un g\u00e9om\u00e8tre agr\u00e9\u00e9 de la propri\u00e9t\u00e9 du demandeur et de la propri\u00e9t\u00e9 de la Ville concern\u00e9e<\/p>\n<p>\u00a05. Un plan indiquant l\u2019emplacement exact et la description de l\u2019emprise de la Ville en question, avec les am\u00e9liorations et l\u2019utilisation propos\u00e9es.<\/p>\n<p>\u00a06. Une carte montrant la propri\u00e9t\u00e9 en question et les propri\u00e9t\u00e9s dans un rayon de 375 pieds mis en \u00e9vidence<\/p>\n<p>\u00a07. Une liste des propri\u00e9taires dans un rayon de 375 pieds et leurs adresses postales sur des \u00e9tiquettes gomm\u00e9es.<\/p>\n<p>\u00a08. Une lettre certifi\u00e9e attestant de la source et de l&#039;exhaustivit\u00e9 de la liste des biens immobiliers mentionn\u00e9e ci-dessus. D\u00e8s r\u00e9ception de ces documents, le service des Travaux publics de la Ville et le bureau du procureur de la Ville examineront la demande et obtiendront l&#039;engagement du demandeur concernant les points suivants\u00a0:<\/p>\n<p>\u00a0\u00a0a) Les droits et besoins de la Ville et des autres services publics en mati\u00e8re de servitude d&#039;utilit\u00e9 publique doivent \u00eatre examin\u00e9s et pris en compte. Les frais de relocalisation sont \u00e0 la charge du demandeur.<\/p>\n<p>\u00a0\u00a0b) Mettre en \u0153uvre les exigences de l\u2019article II ci-joint, sections 82-36 \u00e0 82-40 du Code de la ville, selon le cas.<\/p>\n<p>Une fois les exigences mentionn\u00e9es ci-dessus remplies, une audience publique sera programm\u00e9e lors d&#039;une r\u00e9union de la Commission, des annonces publiques seront publi\u00e9es dans les journaux locaux et des avis seront envoy\u00e9s aux propri\u00e9taires pour la liste de diffusion fournie.<\/p>\n<p>La Commission municipale \u00e9valuera les recommandations et l&#039;analyse de l&#039;administration sur la base de crit\u00e8res similaires \u00e0 ceux de l&#039;octroi ou du refus d&#039;un permis r\u00e9vocable comme indiqu\u00e9 dans les articles 82 \u00e0 94 du Code municipal lors de l&#039;audience publique et approuvera, refusera ou renverra pour examen plus approfondi au Comit\u00e9 d&#039;utilisation des terres.\u00a0<\/p>\n<p>II. Abandon d&#039;une servitude d&#039;utilit\u00e9 publique ou \u00e9change d&#039;une servitude d&#039;utilit\u00e9 publique existante avec une servitude \u00e9quivalente ailleurs (Relocalisation des servitudes).<\/p>\n<p>Conform\u00e9ment aux pr\u00e9c\u00e9dents en mati\u00e8re de servitudes vacantes\/abandonn\u00e9es ou de relocalisations, voici les exigences et proc\u00e9dures \u00e0 suivre pour abandonner ou \u00e9changer une servitude de service public :<\/p>\n<p>\u00a01. Le demandeur doit soumettre une \u00e9tude r\u00e9cente de la propri\u00e9t\u00e9 o\u00f9 se trouve la servitude.<\/p>\n<p>\u00a02. Le demandeur doit soumettre un titre de propri\u00e9t\u00e9 ou une preuve de propri\u00e9t\u00e9 de la propri\u00e9t\u00e9 o\u00f9 la servitude est situ\u00e9e et\/ou sera d\u00e9plac\u00e9e.<\/p>\n<p>\u00a03. Une lettre expliquant la raison de la demande d&#039;abandon\/de d\u00e9placement de la servitude, accompagn\u00e9e d&#039;un examen de conception ou d&#039;ordonnances finales du Conseil de pr\u00e9servation historique montrant les conflits entre la construction propos\u00e9e et la servitude, doit \u00eatre soumise.<\/p>\n<p>\u00a04. Le demandeur doit obtenir et soumettre des lettres de non-objection ou des accords de relocalisation aupr\u00e8s de toutes les entreprises de services publics desservant la ville. Tous les frais de relocalisation ou de retrait des services publics existants seront \u00e0 la charge du demandeur.<\/p>\n<p>\u00a05. Le demandeur doit pr\u00e9parer et soumettre une \u00e9tude et une description l\u00e9gale de la servitude nouvelle ou propos\u00e9e, ainsi qu&#039;un document de servitude qui sera examin\u00e9 par la Ville.<\/p>\n<p>\u00a06. Suite \u00e0 l&#039;examen par le service des travaux publics de la ville et le bureau du procureur de la ville et \u00e0 l&#039;approbation formelle des documents de servitude accord\u00e9s, le demandeur ex\u00e9cute et soumet \u00e0 la ville deux originaux des documents de servitude accord\u00e9s.<\/p>\n<p>\u00a07. Les Travaux publics pr\u00e9senteront les documents \u00e0 la Commission municipale pour examiner l&#039;approbation de l&#039;abandon ou de l&#039;\u00e9change de la servitude, g\u00e9n\u00e9ralement sous r\u00e9serve que le demandeur termine la relocalisation des services publics municipaux existants ou d\u00e9pose une caution pour le co\u00fbt de cette relocalisation.<\/p>\n<p>\u00a08. Le demandeur enregistre et soumet \u00e0 la ville la preuve des documents enregistr\u00e9s aupr\u00e8s du greffier du comt\u00e9 de Miami-Dade.<\/p>\n<\/td>\n<\/tr>\n<\/tbody>\n<\/table>\n<p>\u00a0<\/p>","protected":false},"excerpt":{"rendered":"<p>Right-of-Way and Easement Modifications SECTION 4 RIGHT-OF-WAY, EASEMENT AND LAND USE SPECIAL PROVISIONS B. Right-of-Way and Easement Modifications Right-of way [&hellip;]<\/p>\n","protected":false},"author":222,"featured_media":0,"parent":28940,"menu_order":183,"comment_status":"closed","ping_status":"closed","template":"","meta":{"_searchwp_excluded":"","site-sidebar-layout":"default","site-content-layout":"","ast-site-content-layout":"default","site-content-style":"default","site-sidebar-style":"default","ast-global-header-display":"","ast-banner-title-visibility":"","ast-main-header-display":"","ast-hfb-above-header-display":"","ast-hfb-below-header-display":"","ast-hfb-mobile-header-display":"","site-post-title":"","ast-breadcrumbs-content":"","ast-featured-img":"","footer-sml-layout":"","theme-transparent-header-meta":"","adv-header-id-meta":"","stick-header-meta":"","header-above-stick-meta":"","header-main-stick-meta":"","header-below-stick-meta":"","astra-migrate-meta-layouts":"default","ast-page-background-enabled":"default","ast-page-background-meta":{"desktop":{"background-color":"var(--ast-global-color-5)","background-image":"","background-repeat":"repeat","background-position":"center center","background-size":"auto","background-attachment":"scroll","background-type":"","background-media":"","overlay-type":"","overlay-color":"","overlay-opacity":"","overlay-gradient":""},"tablet":{"background-color":"","background-image":"","background-repeat":"repeat","background-position":"center center","background-size":"auto","background-attachment":"scroll","background-type":"","background-media":"","overlay-type":"","overlay-color":"","overlay-opacity":"","overlay-gradient":""},"mobile":{"background-color":"","background-image":"","background-repeat":"repeat","background-position":"center center","background-size":"auto","background-attachment":"scroll","background-type":"","background-media":"","overlay-type":"","overlay-color":"","overlay-opacity":"","overlay-gradient":""}},"ast-content-background-meta":{"desktop":{"background-color":"var(--ast-global-color-4)","background-image":"","background-repeat":"repeat","background-position":"center center","background-size":"auto","background-attachment":"scroll","background-type":"","background-media":"","overlay-type":"","overlay-color":"","overlay-opacity":"","overlay-gradient":""},"tablet":{"background-color":"var(--ast-global-color-4)","background-image":"","background-repeat":"repeat","background-position":"center center","background-size":"auto","background-attachment":"scroll","background-type":"","background-media":"","overlay-type":"","overlay-color":"","overlay-opacity":"","overlay-gradient":""},"mobile":{"background-color":"var(--ast-global-color-4)","background-image":"","background-repeat":"repeat","background-position":"center center","background-size":"auto","background-attachment":"scroll","background-type":"","background-media":"","overlay-type":"","overlay-color":"","overlay-opacity":"","overlay-gradient":""}},"footnotes":""},"categories":[],"tags":[],"class_list":["post-29094","page","type-page","status-publish","hentry"],"yoast_head":"<!-- This site is optimized with the Yoast SEO Premium plugin v27.4 (Yoast SEO v27.4) - https:\/\/yoast.com\/product\/yoast-seo-premium-wordpress\/ -->\n<title>Section 4  B. Right Of Way And Easement Modifications - City of Miami Beach<\/title>\n<meta name=\"description\" content=\"%\" \/>\n<meta name=\"robots\" content=\"index, follow, max-snippet:-1, max-image-preview:large, max-video-preview:-1\" \/>\n<link rel=\"canonical\" href=\"https:\/\/www.miamibeachfl.gov\/fr\/city-hall\/public-works\/engineering-division\/section-4-b-right-of-way-and-easement-modifications\/\" \/>\n<meta property=\"og:locale\" content=\"fr_FR\" \/>\n<meta property=\"og:type\" content=\"article\" \/>\n<meta property=\"og:title\" content=\"Section 4  B. Right Of Way And Easement Modifications\" \/>\n<meta property=\"og:description\" content=\"%\" \/>\n<meta property=\"og:url\" content=\"https:\/\/www.miamibeachfl.gov\/fr\/city-hall\/public-works\/engineering-division\/section-4-b-right-of-way-and-easement-modifications\/\" \/>\n<meta property=\"og:site_name\" content=\"City of Miami Beach\" \/>\n<meta property=\"article:publisher\" content=\"https:\/\/www.facebook.com\/cityofmiamibeach\" \/>\n<meta property=\"article:modified_time\" content=\"2018-01-26T20:35:04+00:00\" \/>\n<meta property=\"og:image\" content=\"https:\/\/www.miamibeachfl.gov\/wp-content\/uploads\/2024\/01\/1000pxSquare-miamibeach-aerial-southpointview.jpeg\" \/>\n\t<meta property=\"og:image:width\" content=\"1000\" \/>\n\t<meta property=\"og:image:height\" content=\"1000\" \/>\n\t<meta property=\"og:image:type\" content=\"image\/jpeg\" \/>\n<meta name=\"twitter:card\" content=\"summary_large_image\" \/>\n<meta name=\"twitter:site\" content=\"@Miamibeachnews\" \/>\n<script type=\"application\/ld+json\" class=\"yoast-schema-graph\">{\"@context\":\"https:\\\/\\\/schema.org\",\"@graph\":[{\"@type\":\"WebPage\",\"@id\":\"https:\\\/\\\/www.miamibeachfl.gov\\\/city-hall\\\/public-works\\\/engineering-division\\\/section-4-b-right-of-way-and-easement-modifications\\\/\",\"url\":\"https:\\\/\\\/www.miamibeachfl.gov\\\/city-hall\\\/public-works\\\/engineering-division\\\/section-4-b-right-of-way-and-easement-modifications\\\/\",\"name\":\"Section 4 B. Right Of Way And Easement Modifications - City of Miami Beach\",\"isPartOf\":{\"@id\":\"https:\\\/\\\/www.miamibeachfl.gov\\\/#website\"},\"datePublished\":\"2017-08-11T00:11:50+00:00\",\"dateModified\":\"2018-01-26T20:35:04+00:00\",\"description\":\"%\",\"breadcrumb\":{\"@id\":\"https:\\\/\\\/www.miamibeachfl.gov\\\/city-hall\\\/public-works\\\/engineering-division\\\/section-4-b-right-of-way-and-easement-modifications\\\/#breadcrumb\"},\"inLanguage\":\"fr-FR\",\"potentialAction\":[{\"@type\":\"ReadAction\",\"target\":[\"https:\\\/\\\/www.miamibeachfl.gov\\\/city-hall\\\/public-works\\\/engineering-division\\\/section-4-b-right-of-way-and-easement-modifications\\\/\"]}]},{\"@type\":\"BreadcrumbList\",\"@id\":\"https:\\\/\\\/www.miamibeachfl.gov\\\/city-hall\\\/public-works\\\/engineering-division\\\/section-4-b-right-of-way-and-easement-modifications\\\/#breadcrumb\",\"itemListElement\":[{\"@type\":\"ListItem\",\"position\":1,\"name\":\"Home\",\"item\":\"https:\\\/\\\/www.miamibeachfl.gov\\\/\"},{\"@type\":\"ListItem\",\"position\":2,\"name\":\"City Hall\",\"item\":\"https:\\\/\\\/www.miamibeachfl.gov\\\/city-hall\\\/\"},{\"@type\":\"ListItem\",\"position\":3,\"name\":\"Public Works\",\"item\":\"https:\\\/\\\/www.miamibeachfl.gov\\\/city-hall\\\/public-works\\\/\"},{\"@type\":\"ListItem\",\"position\":4,\"name\":\"Engineering Division\",\"item\":\"https:\\\/\\\/www.miamibeachfl.gov\\\/city-hall\\\/public-works\\\/engineering-division\\\/\"},{\"@type\":\"ListItem\",\"position\":5,\"name\":\"Section 4 B. Right Of Way And Easement Modifications\"}]},{\"@type\":\"WebSite\",\"@id\":\"https:\\\/\\\/www.miamibeachfl.gov\\\/#website\",\"url\":\"https:\\\/\\\/www.miamibeachfl.gov\\\/\",\"name\":\"City of Miami Beach\",\"description\":\"The official website of the City of Miami Beach. Stay informed, find important information on city services, news, alerts, events, trolley routes, government employment and more.\",\"publisher\":{\"@id\":\"https:\\\/\\\/www.miamibeachfl.gov\\\/#organization\"},\"potentialAction\":[{\"@type\":\"SearchAction\",\"target\":{\"@type\":\"EntryPoint\",\"urlTemplate\":\"https:\\\/\\\/www.miamibeachfl.gov\\\/?s={search_term_string}\"},\"query-input\":{\"@type\":\"PropertyValueSpecification\",\"valueRequired\":true,\"valueName\":\"search_term_string\"}}],\"inLanguage\":\"fr-FR\"},{\"@type\":\"Organization\",\"@id\":\"https:\\\/\\\/www.miamibeachfl.gov\\\/#organization\",\"name\":\"City of Miami Beach\",\"url\":\"https:\\\/\\\/www.miamibeachfl.gov\\\/\",\"logo\":{\"@type\":\"ImageObject\",\"inLanguage\":\"fr-FR\",\"@id\":\"https:\\\/\\\/www.miamibeachfl.gov\\\/#\\\/schema\\\/logo\\\/image\\\/\",\"url\":\"https:\\\/\\\/www.miamibeachfl.gov\\\/wp-content\\\/uploads\\\/2022\\\/06\\\/miamibeach-logoblue.png\",\"contentUrl\":\"https:\\\/\\\/www.miamibeachfl.gov\\\/wp-content\\\/uploads\\\/2022\\\/06\\\/miamibeach-logoblue.png\",\"width\":1962,\"height\":381,\"caption\":\"City of Miami Beach\"},\"image\":{\"@id\":\"https:\\\/\\\/www.miamibeachfl.gov\\\/#\\\/schema\\\/logo\\\/image\\\/\"},\"sameAs\":[\"https:\\\/\\\/www.facebook.com\\\/cityofmiamibeach\",\"https:\\\/\\\/x.com\\\/Miamibeachnews\",\"https:\\\/\\\/www.instagram.com\\\/miamibeachnews\\\/\"],\"description\":\"The official website of the City of Miami Beach. Stay informed, find important information on city services, news, alerts, events, trolley routes, government employment and more.\",\"telephone\":\"305.604.CITY(2489)\",\"legalName\":\"City of Miami Beach\"}]}<\/script>\n<!-- \/ Yoast SEO Premium plugin. -->","yoast_head_json":{"title":"Section 4 B. Modifications des droits de passage et des servitudes - Ville de Miami Beach","description":"%","robots":{"index":"index","follow":"follow","max-snippet":"max-snippet:-1","max-image-preview":"max-image-preview:large","max-video-preview":"max-video-preview:-1"},"canonical":"https:\/\/www.miamibeachfl.gov\/fr\/city-hall\/public-works\/engineering-division\/section-4-b-right-of-way-and-easement-modifications\/","og_locale":"fr_FR","og_type":"article","og_title":"Section 4  B. Right Of Way And Easement Modifications","og_description":"%","og_url":"https:\/\/www.miamibeachfl.gov\/fr\/city-hall\/public-works\/engineering-division\/section-4-b-right-of-way-and-easement-modifications\/","og_site_name":"City of Miami Beach","article_publisher":"https:\/\/www.facebook.com\/cityofmiamibeach","article_modified_time":"2018-01-26T20:35:04+00:00","og_image":[{"width":1000,"height":1000,"url":"https:\/\/www.miamibeachfl.gov\/wp-content\/uploads\/2024\/01\/1000pxSquare-miamibeach-aerial-southpointview.jpeg","type":"image\/jpeg"}],"twitter_card":"summary_large_image","twitter_site":"@Miamibeachnews","schema":{"@context":"https:\/\/schema.org","@graph":[{"@type":"WebPage","@id":"https:\/\/www.miamibeachfl.gov\/city-hall\/public-works\/engineering-division\/section-4-b-right-of-way-and-easement-modifications\/","url":"https:\/\/www.miamibeachfl.gov\/city-hall\/public-works\/engineering-division\/section-4-b-right-of-way-and-easement-modifications\/","name":"Section 4 B. Modifications des droits de passage et des servitudes - Ville de Miami Beach","isPartOf":{"@id":"https:\/\/www.miamibeachfl.gov\/#website"},"datePublished":"2017-08-11T00:11:50+00:00","dateModified":"2018-01-26T20:35:04+00:00","description":"%","breadcrumb":{"@id":"https:\/\/www.miamibeachfl.gov\/city-hall\/public-works\/engineering-division\/section-4-b-right-of-way-and-easement-modifications\/#breadcrumb"},"inLanguage":"fr-FR","potentialAction":[{"@type":"ReadAction","target":["https:\/\/www.miamibeachfl.gov\/city-hall\/public-works\/engineering-division\/section-4-b-right-of-way-and-easement-modifications\/"]}]},{"@type":"BreadcrumbList","@id":"https:\/\/www.miamibeachfl.gov\/city-hall\/public-works\/engineering-division\/section-4-b-right-of-way-and-easement-modifications\/#breadcrumb","itemListElement":[{"@type":"ListItem","position":1,"name":"Home","item":"https:\/\/www.miamibeachfl.gov\/"},{"@type":"ListItem","position":2,"name":"City Hall","item":"https:\/\/www.miamibeachfl.gov\/city-hall\/"},{"@type":"ListItem","position":3,"name":"Public Works","item":"https:\/\/www.miamibeachfl.gov\/city-hall\/public-works\/"},{"@type":"ListItem","position":4,"name":"Engineering Division","item":"https:\/\/www.miamibeachfl.gov\/city-hall\/public-works\/engineering-division\/"},{"@type":"ListItem","position":5,"name":"Section 4 B. Right Of Way And Easement Modifications"}]},{"@type":"WebSite","@id":"https:\/\/www.miamibeachfl.gov\/#website","url":"https:\/\/www.miamibeachfl.gov\/","name":"Ville de Miami Beach","description":"Site officiel de la ville de Miami Beach. Restez inform\u00e9 et trouvez des informations importantes sur les services municipaux, les actualit\u00e9s, les alertes, les \u00e9v\u00e9nements, les itin\u00e9raires de tramway, les emplois gouvernementaux et bien plus encore.","publisher":{"@id":"https:\/\/www.miamibeachfl.gov\/#organization"},"potentialAction":[{"@type":"SearchAction","target":{"@type":"EntryPoint","urlTemplate":"https:\/\/www.miamibeachfl.gov\/?s={search_term_string}"},"query-input":{"@type":"PropertyValueSpecification","valueRequired":true,"valueName":"search_term_string"}}],"inLanguage":"fr-FR"},{"@type":"Organization","@id":"https:\/\/www.miamibeachfl.gov\/#organization","name":"Ville de Miami Beach","url":"https:\/\/www.miamibeachfl.gov\/","logo":{"@type":"ImageObject","inLanguage":"fr-FR","@id":"https:\/\/www.miamibeachfl.gov\/#\/schema\/logo\/image\/","url":"https:\/\/www.miamibeachfl.gov\/wp-content\/uploads\/2022\/06\/miamibeach-logoblue.png","contentUrl":"https:\/\/www.miamibeachfl.gov\/wp-content\/uploads\/2022\/06\/miamibeach-logoblue.png","width":1962,"height":381,"caption":"City of Miami Beach"},"image":{"@id":"https:\/\/www.miamibeachfl.gov\/#\/schema\/logo\/image\/"},"sameAs":["https:\/\/www.facebook.com\/cityofmiamibeach","https:\/\/x.com\/Miamibeachnews","https:\/\/www.instagram.com\/miamibeachnews\/"],"description":"Site officiel de la ville de Miami Beach. Restez inform\u00e9 et trouvez des informations importantes sur les services municipaux, les actualit\u00e9s, les alertes, les \u00e9v\u00e9nements, les itin\u00e9raires de tramway, les emplois gouvernementaux et bien plus encore.","telephone":"305.604.CITY(2489)","legalName":"City of Miami Beach"}]}},"_links":{"self":[{"href":"https:\/\/www.miamibeachfl.gov\/fr\/wp-json\/wp\/v2\/pages\/29094","targetHints":{"allow":["GET"]}}],"collection":[{"href":"https:\/\/www.miamibeachfl.gov\/fr\/wp-json\/wp\/v2\/pages"}],"about":[{"href":"https:\/\/www.miamibeachfl.gov\/fr\/wp-json\/wp\/v2\/types\/page"}],"author":[{"embeddable":true,"href":"https:\/\/www.miamibeachfl.gov\/fr\/wp-json\/wp\/v2\/users\/222"}],"replies":[{"embeddable":true,"href":"https:\/\/www.miamibeachfl.gov\/fr\/wp-json\/wp\/v2\/comments?post=29094"}],"version-history":[{"count":0,"href":"https:\/\/www.miamibeachfl.gov\/fr\/wp-json\/wp\/v2\/pages\/29094\/revisions"}],"up":[{"embeddable":true,"href":"https:\/\/www.miamibeachfl.gov\/fr\/wp-json\/wp\/v2\/pages\/28940"}],"wp:attachment":[{"href":"https:\/\/www.miamibeachfl.gov\/fr\/wp-json\/wp\/v2\/media?parent=29094"}],"wp:term":[{"taxonomy":"category","embeddable":true,"href":"https:\/\/www.miamibeachfl.gov\/fr\/wp-json\/wp\/v2\/categories?post=29094"},{"taxonomy":"post_tag","embeddable":true,"href":"https:\/\/www.miamibeachfl.gov\/fr\/wp-json\/wp\/v2\/tags?post=29094"}],"curies":[{"name":"wp","href":"https:\/\/api.w.org\/{rel}","templated":true}]}}