{"id":29097,"date":"2017-08-11T00:11:51","date_gmt":"2017-08-11T00:11:51","guid":{"rendered":"http:\/\/www.miamibeachfl.gov\/city-hall\/public-works\/table-of-contents-details\/section-5-10-disposal-of-surplus-and-unsuitable-material\/"},"modified":"2018-01-26T14:09:16","modified_gmt":"2018-01-26T19:09:16","slug":"section-5-10-disposal-of-surplus-and-unsuitable-material","status":"publish","type":"page","link":"https:\/\/www.miamibeachfl.gov\/fr\/city-hall\/public-works\/engineering-division\/section-5-1-general\/section-5-10-disposal-of-surplus-and-unsuitable-material\/","title":{"rendered":"Section 5 10. \u00c9limination des mat\u00e9riaux exc\u00e9dentaires et inadapt\u00e9s"},"content":{"rendered":"<\/p>\n<table>\n<caption>\u00c9limination des mat\u00e9riaux exc\u00e9dentaires et inadapt\u00e9s<\/caption>\n<tbody>\n<tr>\n<td>\n<p><strong>SECTION 5 CHANTIER ET TRAVAUX ROUTIERS<\/p>\n<p>10. \u00c9limination des mat\u00e9riaux exc\u00e9dentaires et inadapt\u00e9s.<\/strong><\/p>\n<p>A. Propri\u00e9t\u00e9 des mat\u00e9riaux excav\u00e9s :<\/p>\n<p>Le propri\u00e9taire de tous les mat\u00e9riaux excav\u00e9s appropri\u00e9s doit rester sur le territoire du D\u00e9partement jusqu&#039;\u00e0 ce que les exigences finales en mati\u00e8re de mat\u00e9riaux de remblai ou de remblayage soient satisfaites. Sauf disposition contraire des plans ou dispositions particuli\u00e8res, tout surplus de mat\u00e9riaux restant et non n\u00e9cessaire aux travaux devient la propri\u00e9t\u00e9 de l&#039;Entrepreneur et doit \u00eatre \u00e9limin\u00e9 par lui, hors de l&#039;emprise, \u00e0 la satisfaction de l&#039;Ing\u00e9nieur.<\/p>\n<p>Dans les zones urbaines ou autres o\u00f9 le stockage temporaire de mat\u00e9riaux appropri\u00e9s apparemment exc\u00e9dentaires dans l&#039;emprise est impossible, l&#039;entrepreneur peut stocker les mat\u00e9riaux hors de l&#039;emprise, dans des zones qu&#039;il a pr\u00e9vues. Jusqu&#039;\u00e0 ce que ces mat\u00e9riaux soient n\u00e9cessaires au chantier ou d\u00e9clar\u00e9s exc\u00e9dentaires, l&#039;entrepreneur peut, avec l&#039;approbation \u00e9crite de l&#039;ing\u00e9nieur, se d\u00e9barrasser de ces mat\u00e9riaux exc\u00e9dentaires, \u00e0 condition de remplacer \u00e0 ses frais toute partie des mat\u00e9riaux \u00e9limin\u00e9s n\u00e9cessaire \u00e0 l&#039;ex\u00e9cution du chantier par des mat\u00e9riaux tout aussi appropri\u00e9s.<\/p>\n<p>Aucune indemnisation suppl\u00e9mentaire ne sera accord\u00e9e pour toute nouvelle manipulation impliqu\u00e9e dans le cadre des dispositions du pr\u00e9sent sous-article.<\/p>\n<p>B. Exigences g\u00e9n\u00e9rales pour l&#039;\u00e9limination : Les d\u00e9blais excav\u00e9s ou autres mat\u00e9riaux impropres \u00e0 la construction de la chauss\u00e9e doivent \u00eatre \u00e9limin\u00e9s comme indiqu\u00e9 dans les plans ou, si les plans n&#039;indiquent pas l&#039;\u00e9limination, les mat\u00e9riaux deviennent la propri\u00e9t\u00e9 de l&#039;entrepreneur et doivent \u00eatre \u00e9limin\u00e9s par lui en dehors de l&#039;emprise.<\/p>\n<p>C. \u00c9limination des d\u00e9blais sur les talus\u00a0: Par d\u00e9rogation aux dispositions de l\u2019article\u00a0120-5.2, apr\u00e8s approbation de l\u2019Ing\u00e9nieur, dans les zones rurales non am\u00e9nag\u00e9es, les d\u00e9blais (mat\u00e9riaux A-8) peuvent \u00eatre d\u00e9pos\u00e9s sur les talus ou stock\u00e9s le long de la chauss\u00e9e, \u00e0 condition de respecter une distance libre d\u2019au moins six pieds entre les limites de nivellement de la chauss\u00e9e et les d\u00e9blais, et de les traiter de mani\u00e8re \u00e0 pr\u00e9senter un aspect raisonnablement soign\u00e9. De plus, l\u2019\u00e9limination de ces d\u00e9blais sur les talus peut \u00e9galement \u00eatre autoris\u00e9e dans les zones am\u00e9nag\u00e9es lorsque, de l\u2019avis de l\u2019Ing\u00e9nieur, cela donnera un aspect esth\u00e9tique agr\u00e9able et n\u2019aura aucun effet n\u00e9faste sur les am\u00e9nagements adjacents. Lorsque des d\u00e9blais ou autres mat\u00e9riaux inappropri\u00e9s sont autoris\u00e9s \u00e0 \u00eatre d\u00e9pos\u00e9s \u00e0 l\u2019int\u00e9rieur des limites de l\u2019emprise, ces mat\u00e9riaux ne doivent pas \u00eatre plac\u00e9s de mani\u00e8re \u00e0 g\u00eaner l\u2019\u00e9coulement des eaux des canaux ou des foss\u00e9s lat\u00e9raux. L\u2019Ing\u00e9nieur d\u00e9terminera les limites adjacentes aux canaux \u00e0 l\u2019int\u00e9rieur desquelles ces mat\u00e9riaux ne doivent pas \u00eatre d\u00e9pos\u00e9s.<\/p>\n<p>D. \u00c9limination des mat\u00e9riaux de pavage\u00a0: Sauf indication contraire dans les plans, les mat\u00e9riaux de pavage excav\u00e9s lors de l\u2019enl\u00e8vement des chauss\u00e9es existantes, tels que les pav\u00e9s, les blocs d\u2019asphalte, les dalles de b\u00e9ton, les pierres calcaires, les trottoirs, les bordures et les caniveaux, etc., deviennent la propri\u00e9t\u00e9 de l\u2019entrepreneur et doivent \u00eatre \u00e9limin\u00e9s par lui hors de l\u2019emprise. Si les mat\u00e9riaux restent la propri\u00e9t\u00e9 du Minist\u00e8re, ils doivent \u00eatre dispos\u00e9s en tas ordonn\u00e9s, conform\u00e9ment aux instructions.<\/p>\n<p>E. Zones d&#039;\u00e9limination : Lorsque les plans ou les sp\u00e9cifications exigent que l&#039;entrepreneur \u00e9limine les mat\u00e9riaux excav\u00e9s \u00e0 l&#039;ext\u00e9rieur de l&#039;emprise et que la zone d&#039;\u00e9limination n&#039;est pas indiqu\u00e9e dans les documents contractuels, l&#039;entrepreneur doit fournir la zone d&#039;\u00e9limination sans compensation suppl\u00e9mentaire.<\/p>\n<p>Les zones pr\u00e9vues par l&#039;entrepreneur pour l&#039;\u00e9limination des mat\u00e9riaux de pavage enlev\u00e9s doivent \u00eatre hors de vue du chantier et \u00e0 au moins 90 m\u00e8tres de l&#039;emprise la plus proche de toute route entretenue par l&#039;\u00c9tat. Cette limite de 90 m\u00e8tres ne s&#039;applique toutefois pas si les mat\u00e9riaux sont enterr\u00e9s.<\/p>\n<\/td>\n<\/tr>\n<\/tbody>\n<\/table>\n<p>\u00a0<\/p>","protected":false},"excerpt":{"rendered":"<p>\u00c9limination des mat\u00e9riaux exc\u00e9dentaires et impropres SECTION 5 CHANTIER ET TRAVAUX ROUTIERS 10. \u00c9limination des mat\u00e9riaux exc\u00e9dentaires et impropres. A. [\u2026]<\/p>","protected":false},"author":222,"featured_media":0,"parent":29096,"menu_order":0,"comment_status":"closed","ping_status":"closed","template":"","meta":{"_searchwp_excluded":"","site-sidebar-layout":"default","site-content-layout":"","ast-site-content-layout":"default","site-content-style":"default","site-sidebar-style":"default","ast-global-header-display":"","ast-banner-title-visibility":"","ast-main-header-display":"","ast-hfb-above-header-display":"","ast-hfb-below-header-display":"","ast-hfb-mobile-header-display":"","site-post-title":"","ast-breadcrumbs-content":"","ast-featured-img":"","footer-sml-layout":"","theme-transparent-header-meta":"","adv-header-id-meta":"","stick-header-meta":"","header-above-stick-meta":"","header-main-stick-meta":"","header-below-stick-meta":"","astra-migrate-meta-layouts":"default","ast-page-background-enabled":"default","ast-page-background-meta":{"desktop":{"background-color":"var(--ast-global-color-5)","background-image":"","background-repeat":"repeat","background-position":"center center","background-size":"auto","background-attachment":"scroll","background-type":"","background-media":"","overlay-type":"","overlay-color":"","overlay-opacity":"","overlay-gradient":""},"tablet":{"background-color":"","background-image":"","background-repeat":"repeat","background-position":"center center","background-size":"auto","background-attachment":"scroll","background-type":"","background-media":"","overlay-type":"","overlay-color":"","overlay-opacity":"","overlay-gradient":""},"mobile":{"background-color":"","background-image":"","background-repeat":"repeat","background-position":"center center","background-size":"auto","background-attachment":"scroll","background-type":"","background-media":"","overlay-type":"","overlay-color":"","overlay-opacity":"","overlay-gradient":""}},"ast-content-background-meta":{"desktop":{"background-color":"var(--ast-global-color-4)","background-image":"","background-repeat":"repeat","background-position":"center center","background-size":"auto","background-attachment":"scroll","background-type":"","background-media":"","overlay-type":"","overlay-color":"","overlay-opacity":"","overlay-gradient":""},"tablet":{"background-color":"var(--ast-global-color-4)","background-image":"","background-repeat":"repeat","background-position":"center center","background-size":"auto","background-attachment":"scroll","background-type":"","background-media":"","overlay-type":"","overlay-color":"","overlay-opacity":"","overlay-gradient":""},"mobile":{"background-color":"var(--ast-global-color-4)","background-image":"","background-repeat":"repeat","background-position":"center center","background-size":"auto","background-attachment":"scroll","background-type":"","background-media":"","overlay-type":"","overlay-color":"","overlay-opacity":"","overlay-gradient":""}},"footnotes":""},"categories":[],"tags":[],"class_list":["post-29097","page","type-page","status-publish","hentry"],"yoast_head":"<!-- This site is optimized with the Yoast SEO Premium plugin v26.6 (Yoast SEO v26.6) - https:\/\/yoast.com\/wordpress\/plugins\/seo\/ -->\n<title>Section 5  10. Disposal Of Surplus And Unsuitable Material - City of Miami Beach<\/title>\n<meta name=\"description\" content=\"%\" \/>\n<meta name=\"robots\" content=\"index, follow, max-snippet:-1, max-image-preview:large, max-video-preview:-1\" \/>\n<link rel=\"canonical\" href=\"https:\/\/www.miamibeachfl.gov\/fr\/city-hall\/public-works\/engineering-division\/section-5-1-general\/section-5-10-disposal-of-surplus-and-unsuitable-material\/\" \/>\n<meta property=\"og:locale\" content=\"fr_FR\" \/>\n<meta property=\"og:type\" content=\"article\" \/>\n<meta property=\"og:title\" content=\"Section 5  10. Disposal Of Surplus And Unsuitable Material\" \/>\n<meta property=\"og:description\" content=\"%\" \/>\n<meta property=\"og:url\" content=\"https:\/\/www.miamibeachfl.gov\/fr\/city-hall\/public-works\/engineering-division\/section-5-1-general\/section-5-10-disposal-of-surplus-and-unsuitable-material\/\" \/>\n<meta property=\"og:site_name\" content=\"City of Miami Beach\" \/>\n<meta property=\"article:publisher\" content=\"https:\/\/www.facebook.com\/cityofmiamibeach\" \/>\n<meta property=\"article:modified_time\" content=\"2018-01-26T19:09:16+00:00\" \/>\n<meta property=\"og:image\" content=\"https:\/\/www.miamibeachfl.gov\/wp-content\/uploads\/2024\/01\/1000pxSquare-miamibeach-aerial-southpointview.jpeg\" \/>\n\t<meta property=\"og:image:width\" content=\"1000\" \/>\n\t<meta property=\"og:image:height\" content=\"1000\" \/>\n\t<meta property=\"og:image:type\" content=\"image\/jpeg\" \/>\n<meta name=\"twitter:card\" content=\"summary_large_image\" \/>\n<meta name=\"twitter:site\" content=\"@Miamibeachnews\" \/>\n<script type=\"application\/ld+json\" class=\"yoast-schema-graph\">{\"@context\":\"https:\/\/schema.org\",\"@graph\":[{\"@type\":\"WebPage\",\"@id\":\"https:\/\/www.miamibeachfl.gov\/city-hall\/public-works\/engineering-division\/section-5-1-general\/section-5-10-disposal-of-surplus-and-unsuitable-material\/\",\"url\":\"https:\/\/www.miamibeachfl.gov\/city-hall\/public-works\/engineering-division\/section-5-1-general\/section-5-10-disposal-of-surplus-and-unsuitable-material\/\",\"name\":\"Section 5 10. Disposal Of Surplus And Unsuitable Material - City of Miami Beach\",\"isPartOf\":{\"@id\":\"https:\/\/www.miamibeachfl.gov\/#website\"},\"datePublished\":\"2017-08-11T00:11:51+00:00\",\"dateModified\":\"2018-01-26T19:09:16+00:00\",\"description\":\"%\",\"breadcrumb\":{\"@id\":\"https:\/\/www.miamibeachfl.gov\/city-hall\/public-works\/engineering-division\/section-5-1-general\/section-5-10-disposal-of-surplus-and-unsuitable-material\/#breadcrumb\"},\"inLanguage\":\"fr-FR\",\"potentialAction\":[{\"@type\":\"ReadAction\",\"target\":[\"https:\/\/www.miamibeachfl.gov\/city-hall\/public-works\/engineering-division\/section-5-1-general\/section-5-10-disposal-of-surplus-and-unsuitable-material\/\"]}]},{\"@type\":\"BreadcrumbList\",\"@id\":\"https:\/\/www.miamibeachfl.gov\/city-hall\/public-works\/engineering-division\/section-5-1-general\/section-5-10-disposal-of-surplus-and-unsuitable-material\/#breadcrumb\",\"itemListElement\":[{\"@type\":\"ListItem\",\"position\":1,\"name\":\"Home\",\"item\":\"https:\/\/www.miamibeachfl.gov\/\"},{\"@type\":\"ListItem\",\"position\":2,\"name\":\"City Hall\",\"item\":\"https:\/\/www.miamibeachfl.gov\/city-hall\/\"},{\"@type\":\"ListItem\",\"position\":3,\"name\":\"Public Works\",\"item\":\"https:\/\/www.miamibeachfl.gov\/city-hall\/public-works\/\"},{\"@type\":\"ListItem\",\"position\":4,\"name\":\"Engineering Division\",\"item\":\"https:\/\/www.miamibeachfl.gov\/city-hall\/public-works\/engineering-division\/\"},{\"@type\":\"ListItem\",\"position\":5,\"name\":\"Section 5 1. General\",\"item\":\"https:\/\/www.miamibeachfl.gov\/city-hall\/public-works\/engineering-division\/section-5-1-general\/\"},{\"@type\":\"ListItem\",\"position\":6,\"name\":\"Section 5 10. Disposal Of Surplus And Unsuitable Material\"}]},{\"@type\":\"WebSite\",\"@id\":\"https:\/\/www.miamibeachfl.gov\/#website\",\"url\":\"https:\/\/www.miamibeachfl.gov\/\",\"name\":\"City of Miami Beach\",\"description\":\"The official website of the City of Miami Beach. Stay informed, find important information on city services, news, alerts, events, trolley routes, government employment and more.\",\"publisher\":{\"@id\":\"https:\/\/www.miamibeachfl.gov\/#organization\"},\"potentialAction\":[{\"@type\":\"SearchAction\",\"target\":{\"@type\":\"EntryPoint\",\"urlTemplate\":\"https:\/\/www.miamibeachfl.gov\/?s={search_term_string}\"},\"query-input\":{\"@type\":\"PropertyValueSpecification\",\"valueRequired\":true,\"valueName\":\"search_term_string\"}}],\"inLanguage\":\"fr-FR\"},{\"@type\":\"Organization\",\"@id\":\"https:\/\/www.miamibeachfl.gov\/#organization\",\"name\":\"City of Miami Beach\",\"url\":\"https:\/\/www.miamibeachfl.gov\/\",\"logo\":{\"@type\":\"ImageObject\",\"inLanguage\":\"fr-FR\",\"@id\":\"https:\/\/www.miamibeachfl.gov\/#\/schema\/logo\/image\/\",\"url\":\"https:\/\/www.miamibeachfl.gov\/wp-content\/uploads\/2022\/06\/miamibeach-logoblue.png\",\"contentUrl\":\"https:\/\/www.miamibeachfl.gov\/wp-content\/uploads\/2022\/06\/miamibeach-logoblue.png\",\"width\":1962,\"height\":381,\"caption\":\"City of Miami Beach\"},\"image\":{\"@id\":\"https:\/\/www.miamibeachfl.gov\/#\/schema\/logo\/image\/\"},\"sameAs\":[\"https:\/\/www.facebook.com\/cityofmiamibeach\",\"https:\/\/x.com\/Miamibeachnews\",\"https:\/\/www.instagram.com\/miamibeachnews\/\"],\"description\":\"The official website of the City of Miami Beach. Stay informed, find important information on city services, news, alerts, events, trolley routes, government employment and more.\",\"telephone\":\"305.604.CITY(2489)\",\"legalName\":\"City of Miami Beach\"}]}<\/script>\n<!-- \/ Yoast SEO Premium plugin. -->","yoast_head_json":{"title":"Section 5 10. \u00c9limination des mat\u00e9riaux exc\u00e9dentaires et inadapt\u00e9s - Ville de Miami Beach","description":"%","robots":{"index":"index","follow":"follow","max-snippet":"max-snippet:-1","max-image-preview":"max-image-preview:large","max-video-preview":"max-video-preview:-1"},"canonical":"https:\/\/www.miamibeachfl.gov\/fr\/city-hall\/public-works\/engineering-division\/section-5-1-general\/section-5-10-disposal-of-surplus-and-unsuitable-material\/","og_locale":"fr_FR","og_type":"article","og_title":"Section 5  10. Disposal Of Surplus And Unsuitable Material","og_description":"%","og_url":"https:\/\/www.miamibeachfl.gov\/fr\/city-hall\/public-works\/engineering-division\/section-5-1-general\/section-5-10-disposal-of-surplus-and-unsuitable-material\/","og_site_name":"City of Miami Beach","article_publisher":"https:\/\/www.facebook.com\/cityofmiamibeach","article_modified_time":"2018-01-26T19:09:16+00:00","og_image":[{"width":1000,"height":1000,"url":"https:\/\/www.miamibeachfl.gov\/wp-content\/uploads\/2024\/01\/1000pxSquare-miamibeach-aerial-southpointview.jpeg","type":"image\/jpeg"}],"twitter_card":"summary_large_image","twitter_site":"@Miamibeachnews","schema":{"@context":"https:\/\/schema.org","@graph":[{"@type":"WebPage","@id":"https:\/\/www.miamibeachfl.gov\/city-hall\/public-works\/engineering-division\/section-5-1-general\/section-5-10-disposal-of-surplus-and-unsuitable-material\/","url":"https:\/\/www.miamibeachfl.gov\/city-hall\/public-works\/engineering-division\/section-5-1-general\/section-5-10-disposal-of-surplus-and-unsuitable-material\/","name":"Section 5 10. \u00c9limination des mat\u00e9riaux exc\u00e9dentaires et inadapt\u00e9s - Ville de Miami Beach","isPartOf":{"@id":"https:\/\/www.miamibeachfl.gov\/#website"},"datePublished":"2017-08-11T00:11:51+00:00","dateModified":"2018-01-26T19:09:16+00:00","description":"%","breadcrumb":{"@id":"https:\/\/www.miamibeachfl.gov\/city-hall\/public-works\/engineering-division\/section-5-1-general\/section-5-10-disposal-of-surplus-and-unsuitable-material\/#breadcrumb"},"inLanguage":"fr-FR","potentialAction":[{"@type":"ReadAction","target":["https:\/\/www.miamibeachfl.gov\/city-hall\/public-works\/engineering-division\/section-5-1-general\/section-5-10-disposal-of-surplus-and-unsuitable-material\/"]}]},{"@type":"BreadcrumbList","@id":"https:\/\/www.miamibeachfl.gov\/city-hall\/public-works\/engineering-division\/section-5-1-general\/section-5-10-disposal-of-surplus-and-unsuitable-material\/#breadcrumb","itemListElement":[{"@type":"ListItem","position":1,"name":"Home","item":"https:\/\/www.miamibeachfl.gov\/"},{"@type":"ListItem","position":2,"name":"City Hall","item":"https:\/\/www.miamibeachfl.gov\/city-hall\/"},{"@type":"ListItem","position":3,"name":"Public Works","item":"https:\/\/www.miamibeachfl.gov\/city-hall\/public-works\/"},{"@type":"ListItem","position":4,"name":"Engineering Division","item":"https:\/\/www.miamibeachfl.gov\/city-hall\/public-works\/engineering-division\/"},{"@type":"ListItem","position":5,"name":"Section 5 1. General","item":"https:\/\/www.miamibeachfl.gov\/city-hall\/public-works\/engineering-division\/section-5-1-general\/"},{"@type":"ListItem","position":6,"name":"Section 5 10. Disposal Of Surplus And Unsuitable Material"}]},{"@type":"WebSite","@id":"https:\/\/www.miamibeachfl.gov\/#website","url":"https:\/\/www.miamibeachfl.gov\/","name":"Ville de Miami Beach","description":"Site officiel de la ville de Miami Beach. Restez inform\u00e9 et trouvez des informations importantes sur les services municipaux, les actualit\u00e9s, les alertes, les \u00e9v\u00e9nements, les itin\u00e9raires de tramway, les emplois gouvernementaux et bien plus encore.","publisher":{"@id":"https:\/\/www.miamibeachfl.gov\/#organization"},"potentialAction":[{"@type":"SearchAction","target":{"@type":"EntryPoint","urlTemplate":"https:\/\/www.miamibeachfl.gov\/?s={search_term_string}"},"query-input":{"@type":"PropertyValueSpecification","valueRequired":true,"valueName":"search_term_string"}}],"inLanguage":"fr-FR"},{"@type":"Organization","@id":"https:\/\/www.miamibeachfl.gov\/#organization","name":"Ville de Miami Beach","url":"https:\/\/www.miamibeachfl.gov\/","logo":{"@type":"ImageObject","inLanguage":"fr-FR","@id":"https:\/\/www.miamibeachfl.gov\/#\/schema\/logo\/image\/","url":"https:\/\/www.miamibeachfl.gov\/wp-content\/uploads\/2022\/06\/miamibeach-logoblue.png","contentUrl":"https:\/\/www.miamibeachfl.gov\/wp-content\/uploads\/2022\/06\/miamibeach-logoblue.png","width":1962,"height":381,"caption":"City of Miami Beach"},"image":{"@id":"https:\/\/www.miamibeachfl.gov\/#\/schema\/logo\/image\/"},"sameAs":["https:\/\/www.facebook.com\/cityofmiamibeach","https:\/\/x.com\/Miamibeachnews","https:\/\/www.instagram.com\/miamibeachnews\/"],"description":"Site officiel de la ville de Miami Beach. Restez inform\u00e9 et trouvez des informations importantes sur les services municipaux, les actualit\u00e9s, les alertes, les \u00e9v\u00e9nements, les itin\u00e9raires de tramway, les emplois gouvernementaux et bien plus encore.","telephone":"305.604.CITY(2489)","legalName":"City of Miami Beach"}]}},"_links":{"self":[{"href":"https:\/\/www.miamibeachfl.gov\/fr\/wp-json\/wp\/v2\/pages\/29097","targetHints":{"allow":["GET"]}}],"collection":[{"href":"https:\/\/www.miamibeachfl.gov\/fr\/wp-json\/wp\/v2\/pages"}],"about":[{"href":"https:\/\/www.miamibeachfl.gov\/fr\/wp-json\/wp\/v2\/types\/page"}],"author":[{"embeddable":true,"href":"https:\/\/www.miamibeachfl.gov\/fr\/wp-json\/wp\/v2\/users\/222"}],"replies":[{"embeddable":true,"href":"https:\/\/www.miamibeachfl.gov\/fr\/wp-json\/wp\/v2\/comments?post=29097"}],"version-history":[{"count":0,"href":"https:\/\/www.miamibeachfl.gov\/fr\/wp-json\/wp\/v2\/pages\/29097\/revisions"}],"up":[{"embeddable":true,"href":"https:\/\/www.miamibeachfl.gov\/fr\/wp-json\/wp\/v2\/pages\/29096"}],"wp:attachment":[{"href":"https:\/\/www.miamibeachfl.gov\/fr\/wp-json\/wp\/v2\/media?parent=29097"}],"wp:term":[{"taxonomy":"category","embeddable":true,"href":"https:\/\/www.miamibeachfl.gov\/fr\/wp-json\/wp\/v2\/categories?post=29097"},{"taxonomy":"post_tag","embeddable":true,"href":"https:\/\/www.miamibeachfl.gov\/fr\/wp-json\/wp\/v2\/tags?post=29097"}],"curies":[{"name":"wp","href":"https:\/\/api.w.org\/{rel}","templated":true}]}}