{"id":29124,"date":"2017-08-11T00:12:06","date_gmt":"2017-08-11T00:12:06","guid":{"rendered":"http:\/\/www.miamibeachfl.gov\/city-hall\/public-works\/table-of-contents-details\/section-7-4-special-considerations\/"},"modified":"2018-01-26T15:36:51","modified_gmt":"2018-01-26T20:36:51","slug":"section-7-4-special-considerations","status":"publish","type":"page","link":"https:\/\/www.miamibeachfl.gov\/fr\/city-hall\/public-works\/engineering-division\/section-7-4-special-considerations\/","title":{"rendered":"Section 7 4. Consid\u00e9rations particuli\u00e8res"},"content":{"rendered":"<\/p>\n<p><strong>SECTION 7 SYST\u00c8ME DE COLLECTE GRAVIQUE DES \u00c9GOUTS SANITAIRES<\/p>\n<p>4. CONSID\u00c9RATIONS PARTICULI\u00c8RES<\/strong><\/p>\n<p>A. . Crit\u00e8res de conception :<\/p>\n<p>1. Pentes minimales : Les conduites d&#039;\u00e9gout gravitaires doivent \u00eatre con\u00e7ues et construites pour atteindre des vitesses de r\u00e9curage, lorsqu&#039;elles s&#039;\u00e9coulent \u00e0 plein r\u00e9gime, d&#039;au moins 2,0 pieds par seconde, sur la base de la formule de Manning utilisant une valeur \u00ab n \u00bb de 0,013.<\/p>\n<p>2. Dimensions minimales des conduites\u00a0: Les conduites d&#039;\u00e9gout gravitaires doivent avoir un diam\u00e8tre minimal de 8 pouces. Les conduites lat\u00e9rales doivent avoir un diam\u00e8tre minimal de 6 pouces pour les r\u00e9sidences unifamiliales et de 8 pouces pour les immeubles multifamiliaux et non r\u00e9sidentiels. Elles doivent \u00eatre raccord\u00e9es \u00e0 la conduite principale par un regard.<\/p>\n<p>3. Des regards doivent \u00eatre install\u00e9s \u00e0 l&#039;extr\u00e9mit\u00e9 de chaque ligne, \u00e0 tous les changements de pente, de taille ou d&#039;alignement, \u00e0 toutes les intersections de conduites principales et avec des distances de ligne ne d\u00e9passant pas 400 pieds entre les regards.<\/p>\n<p>4. Lorsque les conduites d&#039;\u00e9gout gravitaires se croisent au-dessus des lignes de flottaison, le tuyau d&#039;\u00e9gout sur une distance de 6 pieds (s\u00e9paration de tuyau \u00e0 tuyau) de chaque c\u00f4t\u00e9 du croisement doit \u00eatre en DIP ou en PVC C900\/C905, sans joint plus proche horizontalement \u00e0 moins de 3 pieds du croisement (s\u00e9paration de tuyau \u00e0 tuyau).<\/p>\n<p>5. Les mat\u00e9riaux de tuyauterie suivants doivent \u00eatre utilis\u00e9s en fonction de la profondeur verticale de la couverture et des emplacements, sauf indication contraire des calculs en raison d&#039;une charge particuli\u00e8re ou d&#039;autres conditions :<\/p>\n<p>a) Zone de rigole non pav\u00e9e :<\/p>\n<p>\u00a0 COUVERTURE &lt; 30\u2033-36\u2033 : Utilisez un tuyau en PVC C-900 ou en fonte ductile.<\/p>\n<p>\u00a0 COUVERTURE &gt; 3 pieds : SDR 35 ou C-900<\/p>\n<p>\nb) Zones pav\u00e9es :<\/p>\n<p>\u00a0COUVERTURE &lt; 30\u2033-36\u2033 : Utilisez un tuyau en PVC C-900 ou en fonte ductile avec une dalle de b\u00e9ton par-dessus, conform\u00e9ment aux d\u00e9tails standard.<\/p>\n<p>\u00a0COUVERTURE &gt; 3 pieds : Utilisez un tuyau en PVC C-900 ou en fonte ductile.<\/p>\n<p>B. L&#039;entrepreneur doit se conformer \u00e0 toutes les dispositions applicables de la loi de 1970 sur la s\u00e9curit\u00e9 et la sant\u00e9 au travail, en g\u00e9n\u00e9ral, ainsi qu&#039;\u00e0 toutes ses modifications et r\u00e9visions ult\u00e9rieures, et plus particuli\u00e8rement aux dispositions relatives \u00e0 l&#039;acc\u00e8s aux espaces confin\u00e9s et \u00e0 la loi sur la s\u00e9curit\u00e9 des tranch\u00e9es. Les co\u00fbts de mise en conformit\u00e9 doivent \u00eatre inclus dans le co\u00fbt unitaire de l&#039;installation des canalisations.<\/p>\n<p>C. L&#039;entrepreneur est tenu de fournir un plan de maintenance de la circulation (MT) approuv\u00e9 et de mener ses op\u00e9rations de mani\u00e8re \u00e0 ce que, gr\u00e2ce \u00e0 des dispositifs d&#039;avertissement tels que des c\u00f4nes de signalisation, des barri\u00e8res et des feux de signalisation, et \u00e0 l&#039;intervention de personnel tel que des signaleurs et des policiers en uniforme, le public soit d\u00fbment averti des dangers du chantier, comme l&#039;ing\u00e9nieur municipal le juge n\u00e9cessaire. En cas de travaux dans les regards, l&#039;entrepreneur doit pr\u00e9voir des mesures de s\u00e9curit\u00e9 pour parer \u00e0 toute d\u00e9faillance structurelle et\/ou inondation \u00e9ventuelle. Ces mesures peuvent inclure, sans s&#039;y limiter, des \u00e9chelles en position pour permettre une \u00e9vacuation rapide\u00a0; des harnais de s\u00e9curit\u00e9\u00a0; du mat\u00e9riel de pompage de secours\u00a0; des r\u00e9serves d&#039;air suppl\u00e9mentaires\u00a0; et toute autre mesure requise par la situation et les bonnes pratiques de construction.<\/p>\n<p>D. Les anneaux de rehausse ne seront pas autoris\u00e9s pour ajuster les regards \u00e0 la pente finale, sauf approbation sp\u00e9cifique de l&#039;ing\u00e9nieur de la ville.<\/p>\n<p>E. Pompage de d\u00e9rivation des \u00e9gouts :<\/p>\n<p>1. Le d\u00e9bit des \u00e9gouts sanitaires doit \u00eatre contr\u00f4l\u00e9 sur le tron\u00e7on de canalisation et les stations de pompage o\u00f9 les travaux sont effectu\u00e9s. En aucun cas, des portions du r\u00e9seau ne peuvent \u00eatre mises hors service pendant une dur\u00e9e sup\u00e9rieure \u00e0 celle approuv\u00e9e par le Service des travaux publics de la Ville.<\/p>\n<p>2. L&#039;entrepreneur sera responsable d&#039;\u00e9valuer les conditions et les capacit\u00e9s des conduites d&#039;\u00e9gout et des stations de pompage existantes, en coordination avec le service des travaux publics de la ville de Miami Beach, et de tenir compte des d\u00e9bits dans le plan de travail du projet afin de mettre en \u0153uvre un plan de pompage de d\u00e9rivation acceptable sans frais suppl\u00e9mentaires pour la ville.<\/p>\n<p>3. Un pompage de d\u00e9rivation sera n\u00e9cessaire pour toute reconstruction d&#039;\u00e9gouts et de stations de pompage entra\u00eenant la fermeture des installations existantes. L&#039;entrepreneur devra fournir les pompes, conduits et autres \u00e9quipements n\u00e9cessaires non seulement pour d\u00e9tourner le d\u00e9bit autour de la station de pompage, du regard ou de la section de canalisation concern\u00e9e, mais aussi pour acheminer le d\u00e9bit vers les conduites d&#039;\u00e9gout et\/ou les stations de pompage en aval, sans surco\u00fbt.<\/p>\n<p>4. Les syst\u00e8mes de d\u00e9rivation doivent avoir une capacit\u00e9 suffisante pour g\u00e9rer les d\u00e9bits existants et les d\u00e9bits suppl\u00e9mentaires pouvant survenir en p\u00e9riode de mar\u00e9e haute ou de pluie. Outre le syst\u00e8me de pompage de d\u00e9rivation principal, un syst\u00e8me de pompage de secours, tel qu&#039;un camion-citerne d&#039;une capacit\u00e9 minimale de 1\u00a0000 gallons, doit \u00eatre disponible dans l&#039;heure qui suit en cas d&#039;urgence.<\/p>\n<p>5. L\u2019entrepreneur sera responsable de fournir la main-d\u2019\u0153uvre, l\u2019\u00e9nergie et la supervision n\u00e9cessaires \u00e0 la mise en place et \u00e0 l\u2019exploitation des syst\u00e8mes de pompage et de d\u00e9rivation.<\/p>\n<p>6. Lorsque le pompage est en cours, tous les moteurs de pompe doivent \u00eatre \u00e9quip\u00e9s de mani\u00e8re \u00e0 r\u00e9duire au minimum le bruit de la pompe afin de se conformer aux ordonnances de la Ville sur le bruit.<\/p>\n<p>7. L&#039;entrepreneur doit assurer la pr\u00e9sence permanente de personnel lors des op\u00e9rations de contournement des \u00e9gouts sanitaires. Le contournement des \u00e9gouts sanitaires sur les routes ou dans les zones de circulation pi\u00e9tonne ne doit pas constituer un danger pour les pi\u00e9tons ou la circulation.<\/p>\n<p>8. L&#039;entrepreneur doit fournir un plan d&#039;entretien de la circulation (MOT) approuv\u00e9 et obtenir tous les permis de passage et r\u00e9glementaires requis avant de commencer tout travail.<\/p>\n<p>F. Tel que construit :<\/p>\n<p>Avant la r\u00e9ception d\u00e9finitive, deux exemplaires des plans d&#039;ex\u00e9cution certifi\u00e9s par un g\u00e9om\u00e8tre-expert et cartographe agr\u00e9\u00e9 de Floride (PSM) doivent \u00eatre fournis \u00e0 la Ville pour approbation et r\u00e9ception des conduites d&#039;\u00e9gout principales, des regards, des canalisations lat\u00e9rales et des regards de curage, ainsi qu&#039;une copie du support num\u00e9rique produisant ces plans d&#039;ex\u00e9cution. Les plans d&#039;ex\u00e9cution doivent indiquer les num\u00e9ros de station et les d\u00e9calages horizontaux par rapport \u00e0 la ligne de base et aux lignes d&#039;emprise sur un plan \u00e0 l&#039;\u00e9chelle d&#039;au moins 1\u2033 = 50 pieds pour tous les regards, les d\u00e9rivations, les canalisations lat\u00e9rales, les regards de curage, etc., en alignement horizontal, ainsi qu&#039;un profil \u00e0 l&#039;\u00e9chelle verticale d&#039;au moins 1\u2033 = 2 pieds, avec les cotes de l&#039;inversion de la direction pour tous les regards, d\u00e9rivations et au moins tous les 50 pieds environ. Les plans et profils d&#039;ex\u00e9cution doivent \u00e9galement indiquer toutes les canalisations d&#039;\u00e9gout et canalisations lat\u00e9rales abandonn\u00e9es et bouch\u00e9es dans les limites du projet.<\/p>","protected":false},"excerpt":{"rendered":"<p>SECTION 7 SANITARY SEWER GRAVITY COLLECTION SYSTEM 4. SPECIAL CONSIDERATIONS A.\u00a0.\u00a0Design criteria: 1.\u00a0Minimum slopes: Gravity sewer mains shall be designed [&hellip;]<\/p>\n","protected":false},"author":222,"featured_media":0,"parent":28940,"menu_order":183,"comment_status":"closed","ping_status":"closed","template":"","meta":{"_searchwp_excluded":"","site-sidebar-layout":"default","site-content-layout":"","ast-site-content-layout":"default","site-content-style":"default","site-sidebar-style":"default","ast-global-header-display":"","ast-banner-title-visibility":"","ast-main-header-display":"","ast-hfb-above-header-display":"","ast-hfb-below-header-display":"","ast-hfb-mobile-header-display":"","site-post-title":"","ast-breadcrumbs-content":"","ast-featured-img":"","footer-sml-layout":"","theme-transparent-header-meta":"","adv-header-id-meta":"","stick-header-meta":"","header-above-stick-meta":"","header-main-stick-meta":"","header-below-stick-meta":"","astra-migrate-meta-layouts":"default","ast-page-background-enabled":"default","ast-page-background-meta":{"desktop":{"background-color":"var(--ast-global-color-5)","background-image":"","background-repeat":"repeat","background-position":"center center","background-size":"auto","background-attachment":"scroll","background-type":"","background-media":"","overlay-type":"","overlay-color":"","overlay-opacity":"","overlay-gradient":""},"tablet":{"background-color":"","background-image":"","background-repeat":"repeat","background-position":"center center","background-size":"auto","background-attachment":"scroll","background-type":"","background-media":"","overlay-type":"","overlay-color":"","overlay-opacity":"","overlay-gradient":""},"mobile":{"background-color":"","background-image":"","background-repeat":"repeat","background-position":"center center","background-size":"auto","background-attachment":"scroll","background-type":"","background-media":"","overlay-type":"","overlay-color":"","overlay-opacity":"","overlay-gradient":""}},"ast-content-background-meta":{"desktop":{"background-color":"var(--ast-global-color-4)","background-image":"","background-repeat":"repeat","background-position":"center center","background-size":"auto","background-attachment":"scroll","background-type":"","background-media":"","overlay-type":"","overlay-color":"","overlay-opacity":"","overlay-gradient":""},"tablet":{"background-color":"var(--ast-global-color-4)","background-image":"","background-repeat":"repeat","background-position":"center center","background-size":"auto","background-attachment":"scroll","background-type":"","background-media":"","overlay-type":"","overlay-color":"","overlay-opacity":"","overlay-gradient":""},"mobile":{"background-color":"var(--ast-global-color-4)","background-image":"","background-repeat":"repeat","background-position":"center center","background-size":"auto","background-attachment":"scroll","background-type":"","background-media":"","overlay-type":"","overlay-color":"","overlay-opacity":"","overlay-gradient":""}},"footnotes":""},"categories":[],"tags":[],"class_list":["post-29124","page","type-page","status-publish","hentry"],"yoast_head":"<!-- This site is optimized with the Yoast SEO Premium plugin v27.4 (Yoast SEO v27.4) - https:\/\/yoast.com\/product\/yoast-seo-premium-wordpress\/ -->\n<title>Section 7  4. Special Considerations - City of Miami Beach<\/title>\n<meta name=\"description\" content=\"%\" \/>\n<meta name=\"robots\" content=\"index, follow, max-snippet:-1, max-image-preview:large, max-video-preview:-1\" \/>\n<link rel=\"canonical\" href=\"https:\/\/www.miamibeachfl.gov\/fr\/city-hall\/public-works\/engineering-division\/section-7-4-special-considerations\/\" \/>\n<meta property=\"og:locale\" content=\"fr_FR\" \/>\n<meta property=\"og:type\" content=\"article\" \/>\n<meta property=\"og:title\" content=\"Section 7  4. Special Considerations\" \/>\n<meta property=\"og:description\" content=\"%\" \/>\n<meta property=\"og:url\" content=\"https:\/\/www.miamibeachfl.gov\/fr\/city-hall\/public-works\/engineering-division\/section-7-4-special-considerations\/\" \/>\n<meta property=\"og:site_name\" content=\"City of Miami Beach\" \/>\n<meta property=\"article:publisher\" content=\"https:\/\/www.facebook.com\/cityofmiamibeach\" \/>\n<meta property=\"article:modified_time\" content=\"2018-01-26T20:36:51+00:00\" \/>\n<meta property=\"og:image\" content=\"https:\/\/www.miamibeachfl.gov\/wp-content\/uploads\/2024\/01\/1000pxSquare-miamibeach-aerial-southpointview.jpeg\" \/>\n\t<meta property=\"og:image:width\" content=\"1000\" \/>\n\t<meta property=\"og:image:height\" content=\"1000\" \/>\n\t<meta property=\"og:image:type\" content=\"image\/jpeg\" \/>\n<meta name=\"twitter:card\" content=\"summary_large_image\" \/>\n<meta name=\"twitter:site\" content=\"@Miamibeachnews\" \/>\n<script type=\"application\/ld+json\" class=\"yoast-schema-graph\">{\"@context\":\"https:\\\/\\\/schema.org\",\"@graph\":[{\"@type\":\"WebPage\",\"@id\":\"https:\\\/\\\/www.miamibeachfl.gov\\\/city-hall\\\/public-works\\\/engineering-division\\\/section-7-4-special-considerations\\\/\",\"url\":\"https:\\\/\\\/www.miamibeachfl.gov\\\/city-hall\\\/public-works\\\/engineering-division\\\/section-7-4-special-considerations\\\/\",\"name\":\"Section 7 4. Special Considerations - City of Miami Beach\",\"isPartOf\":{\"@id\":\"https:\\\/\\\/www.miamibeachfl.gov\\\/#website\"},\"datePublished\":\"2017-08-11T00:12:06+00:00\",\"dateModified\":\"2018-01-26T20:36:51+00:00\",\"description\":\"%\",\"breadcrumb\":{\"@id\":\"https:\\\/\\\/www.miamibeachfl.gov\\\/city-hall\\\/public-works\\\/engineering-division\\\/section-7-4-special-considerations\\\/#breadcrumb\"},\"inLanguage\":\"fr-FR\",\"potentialAction\":[{\"@type\":\"ReadAction\",\"target\":[\"https:\\\/\\\/www.miamibeachfl.gov\\\/city-hall\\\/public-works\\\/engineering-division\\\/section-7-4-special-considerations\\\/\"]}]},{\"@type\":\"BreadcrumbList\",\"@id\":\"https:\\\/\\\/www.miamibeachfl.gov\\\/city-hall\\\/public-works\\\/engineering-division\\\/section-7-4-special-considerations\\\/#breadcrumb\",\"itemListElement\":[{\"@type\":\"ListItem\",\"position\":1,\"name\":\"Home\",\"item\":\"https:\\\/\\\/www.miamibeachfl.gov\\\/\"},{\"@type\":\"ListItem\",\"position\":2,\"name\":\"City Hall\",\"item\":\"https:\\\/\\\/www.miamibeachfl.gov\\\/city-hall\\\/\"},{\"@type\":\"ListItem\",\"position\":3,\"name\":\"Public Works\",\"item\":\"https:\\\/\\\/www.miamibeachfl.gov\\\/city-hall\\\/public-works\\\/\"},{\"@type\":\"ListItem\",\"position\":4,\"name\":\"Engineering Division\",\"item\":\"https:\\\/\\\/www.miamibeachfl.gov\\\/city-hall\\\/public-works\\\/engineering-division\\\/\"},{\"@type\":\"ListItem\",\"position\":5,\"name\":\"Section 7 4. Special Considerations\"}]},{\"@type\":\"WebSite\",\"@id\":\"https:\\\/\\\/www.miamibeachfl.gov\\\/#website\",\"url\":\"https:\\\/\\\/www.miamibeachfl.gov\\\/\",\"name\":\"City of Miami Beach\",\"description\":\"The official website of the City of Miami Beach. Stay informed, find important information on city services, news, alerts, events, trolley routes, government employment and more.\",\"publisher\":{\"@id\":\"https:\\\/\\\/www.miamibeachfl.gov\\\/#organization\"},\"potentialAction\":[{\"@type\":\"SearchAction\",\"target\":{\"@type\":\"EntryPoint\",\"urlTemplate\":\"https:\\\/\\\/www.miamibeachfl.gov\\\/?s={search_term_string}\"},\"query-input\":{\"@type\":\"PropertyValueSpecification\",\"valueRequired\":true,\"valueName\":\"search_term_string\"}}],\"inLanguage\":\"fr-FR\"},{\"@type\":\"Organization\",\"@id\":\"https:\\\/\\\/www.miamibeachfl.gov\\\/#organization\",\"name\":\"City of Miami Beach\",\"url\":\"https:\\\/\\\/www.miamibeachfl.gov\\\/\",\"logo\":{\"@type\":\"ImageObject\",\"inLanguage\":\"fr-FR\",\"@id\":\"https:\\\/\\\/www.miamibeachfl.gov\\\/#\\\/schema\\\/logo\\\/image\\\/\",\"url\":\"https:\\\/\\\/www.miamibeachfl.gov\\\/wp-content\\\/uploads\\\/2022\\\/06\\\/miamibeach-logoblue.png\",\"contentUrl\":\"https:\\\/\\\/www.miamibeachfl.gov\\\/wp-content\\\/uploads\\\/2022\\\/06\\\/miamibeach-logoblue.png\",\"width\":1962,\"height\":381,\"caption\":\"City of Miami Beach\"},\"image\":{\"@id\":\"https:\\\/\\\/www.miamibeachfl.gov\\\/#\\\/schema\\\/logo\\\/image\\\/\"},\"sameAs\":[\"https:\\\/\\\/www.facebook.com\\\/cityofmiamibeach\",\"https:\\\/\\\/x.com\\\/Miamibeachnews\",\"https:\\\/\\\/www.instagram.com\\\/miamibeachnews\\\/\"],\"description\":\"The official website of the City of Miami Beach. Stay informed, find important information on city services, news, alerts, events, trolley routes, government employment and more.\",\"telephone\":\"305.604.CITY(2489)\",\"legalName\":\"City of Miami Beach\"}]}<\/script>\n<!-- \/ Yoast SEO Premium plugin. -->","yoast_head_json":{"title":"Section 7 4. Consid\u00e9rations particuli\u00e8res - Ville de Miami Beach","description":"%","robots":{"index":"index","follow":"follow","max-snippet":"max-snippet:-1","max-image-preview":"max-image-preview:large","max-video-preview":"max-video-preview:-1"},"canonical":"https:\/\/www.miamibeachfl.gov\/fr\/city-hall\/public-works\/engineering-division\/section-7-4-special-considerations\/","og_locale":"fr_FR","og_type":"article","og_title":"Section 7  4. Special Considerations","og_description":"%","og_url":"https:\/\/www.miamibeachfl.gov\/fr\/city-hall\/public-works\/engineering-division\/section-7-4-special-considerations\/","og_site_name":"City of Miami Beach","article_publisher":"https:\/\/www.facebook.com\/cityofmiamibeach","article_modified_time":"2018-01-26T20:36:51+00:00","og_image":[{"width":1000,"height":1000,"url":"https:\/\/www.miamibeachfl.gov\/wp-content\/uploads\/2024\/01\/1000pxSquare-miamibeach-aerial-southpointview.jpeg","type":"image\/jpeg"}],"twitter_card":"summary_large_image","twitter_site":"@Miamibeachnews","schema":{"@context":"https:\/\/schema.org","@graph":[{"@type":"WebPage","@id":"https:\/\/www.miamibeachfl.gov\/city-hall\/public-works\/engineering-division\/section-7-4-special-considerations\/","url":"https:\/\/www.miamibeachfl.gov\/city-hall\/public-works\/engineering-division\/section-7-4-special-considerations\/","name":"Section 7 4. Consid\u00e9rations particuli\u00e8res - Ville de Miami Beach","isPartOf":{"@id":"https:\/\/www.miamibeachfl.gov\/#website"},"datePublished":"2017-08-11T00:12:06+00:00","dateModified":"2018-01-26T20:36:51+00:00","description":"%","breadcrumb":{"@id":"https:\/\/www.miamibeachfl.gov\/city-hall\/public-works\/engineering-division\/section-7-4-special-considerations\/#breadcrumb"},"inLanguage":"fr-FR","potentialAction":[{"@type":"ReadAction","target":["https:\/\/www.miamibeachfl.gov\/city-hall\/public-works\/engineering-division\/section-7-4-special-considerations\/"]}]},{"@type":"BreadcrumbList","@id":"https:\/\/www.miamibeachfl.gov\/city-hall\/public-works\/engineering-division\/section-7-4-special-considerations\/#breadcrumb","itemListElement":[{"@type":"ListItem","position":1,"name":"Home","item":"https:\/\/www.miamibeachfl.gov\/"},{"@type":"ListItem","position":2,"name":"City Hall","item":"https:\/\/www.miamibeachfl.gov\/city-hall\/"},{"@type":"ListItem","position":3,"name":"Public Works","item":"https:\/\/www.miamibeachfl.gov\/city-hall\/public-works\/"},{"@type":"ListItem","position":4,"name":"Engineering Division","item":"https:\/\/www.miamibeachfl.gov\/city-hall\/public-works\/engineering-division\/"},{"@type":"ListItem","position":5,"name":"Section 7 4. Special Considerations"}]},{"@type":"WebSite","@id":"https:\/\/www.miamibeachfl.gov\/#website","url":"https:\/\/www.miamibeachfl.gov\/","name":"Ville de Miami Beach","description":"Site officiel de la ville de Miami Beach. Restez inform\u00e9 et trouvez des informations importantes sur les services municipaux, les actualit\u00e9s, les alertes, les \u00e9v\u00e9nements, les itin\u00e9raires de tramway, les emplois gouvernementaux et bien plus encore.","publisher":{"@id":"https:\/\/www.miamibeachfl.gov\/#organization"},"potentialAction":[{"@type":"SearchAction","target":{"@type":"EntryPoint","urlTemplate":"https:\/\/www.miamibeachfl.gov\/?s={search_term_string}"},"query-input":{"@type":"PropertyValueSpecification","valueRequired":true,"valueName":"search_term_string"}}],"inLanguage":"fr-FR"},{"@type":"Organization","@id":"https:\/\/www.miamibeachfl.gov\/#organization","name":"Ville de Miami Beach","url":"https:\/\/www.miamibeachfl.gov\/","logo":{"@type":"ImageObject","inLanguage":"fr-FR","@id":"https:\/\/www.miamibeachfl.gov\/#\/schema\/logo\/image\/","url":"https:\/\/www.miamibeachfl.gov\/wp-content\/uploads\/2022\/06\/miamibeach-logoblue.png","contentUrl":"https:\/\/www.miamibeachfl.gov\/wp-content\/uploads\/2022\/06\/miamibeach-logoblue.png","width":1962,"height":381,"caption":"City of Miami Beach"},"image":{"@id":"https:\/\/www.miamibeachfl.gov\/#\/schema\/logo\/image\/"},"sameAs":["https:\/\/www.facebook.com\/cityofmiamibeach","https:\/\/x.com\/Miamibeachnews","https:\/\/www.instagram.com\/miamibeachnews\/"],"description":"Site officiel de la ville de Miami Beach. Restez inform\u00e9 et trouvez des informations importantes sur les services municipaux, les actualit\u00e9s, les alertes, les \u00e9v\u00e9nements, les itin\u00e9raires de tramway, les emplois gouvernementaux et bien plus encore.","telephone":"305.604.CITY(2489)","legalName":"City of Miami Beach"}]}},"_links":{"self":[{"href":"https:\/\/www.miamibeachfl.gov\/fr\/wp-json\/wp\/v2\/pages\/29124","targetHints":{"allow":["GET"]}}],"collection":[{"href":"https:\/\/www.miamibeachfl.gov\/fr\/wp-json\/wp\/v2\/pages"}],"about":[{"href":"https:\/\/www.miamibeachfl.gov\/fr\/wp-json\/wp\/v2\/types\/page"}],"author":[{"embeddable":true,"href":"https:\/\/www.miamibeachfl.gov\/fr\/wp-json\/wp\/v2\/users\/222"}],"replies":[{"embeddable":true,"href":"https:\/\/www.miamibeachfl.gov\/fr\/wp-json\/wp\/v2\/comments?post=29124"}],"version-history":[{"count":0,"href":"https:\/\/www.miamibeachfl.gov\/fr\/wp-json\/wp\/v2\/pages\/29124\/revisions"}],"up":[{"embeddable":true,"href":"https:\/\/www.miamibeachfl.gov\/fr\/wp-json\/wp\/v2\/pages\/28940"}],"wp:attachment":[{"href":"https:\/\/www.miamibeachfl.gov\/fr\/wp-json\/wp\/v2\/media?parent=29124"}],"wp:term":[{"taxonomy":"category","embeddable":true,"href":"https:\/\/www.miamibeachfl.gov\/fr\/wp-json\/wp\/v2\/categories?post=29124"},{"taxonomy":"post_tag","embeddable":true,"href":"https:\/\/www.miamibeachfl.gov\/fr\/wp-json\/wp\/v2\/tags?post=29124"}],"curies":[{"name":"wp","href":"https:\/\/api.w.org\/{rel}","templated":true}]}}