{"id":29210,"date":"2017-08-11T00:13:03","date_gmt":"2017-08-11T00:13:03","guid":{"rendered":"http:\/\/www.miamibeachfl.gov\/city-hall\/fire-police-pension\/documents-forms\/board-meeting-minutes\/"},"modified":"2026-04-08T10:52:03","modified_gmt":"2026-04-08T14:52:03","slug":"board-meeting-minutes","status":"publish","type":"page","link":"https:\/\/www.miamibeachfl.gov\/fr\/city-hall\/fire-police-pension\/board-meeting-minutes\/","title":{"rendered":"Proc\u00e8s-verbal de la r\u00e9union du conseil d&#039;administration"},"content":{"rendered":"<figure itemscope itemtype=\"https:\/\/schema.org\/ImageObject\">\n\t\t\t\t<img decoding=\"async\" src=\"https:\/\/www.miamibeachfl.gov\/wp-content\/uploads\/2022\/07\/hero-small.jpg\" alt=\"ocean drive art deco buildings\" height=\"211\" width=\"2395\" title=\"petit h\u00e9ros\" onerror=\"this.style.display='none'\" loading=\"lazy\" \/>\n\t<\/figure>\n<h1>\n\t\t\tProc\u00e8s-verbal de la r\u00e9union du conseil d&#039;administration\t<\/h1>\n\t<nav id=\"breadcrumbs\" aria-label=\"Fil d&#039;Ariane\"><a href=\"https:\/\/www.miamibeachfl.gov\/fr\/\">Maison<\/a> &gt; <a href=\"https:\/\/www.miamibeachfl.gov\/fr\/city-hall\/\">l&#039;h\u00f4tel de ville<\/a> &gt; <a href=\"https:\/\/www.miamibeachfl.gov\/fr\/city-hall\/fire-police-pension\/\">Pension des pompiers et de la police<\/a> &gt; <strong>Proc\u00e8s-verbal de la r\u00e9union du conseil d&#039;administration<\/strong><\/nav>\n\t<strong>2023<br \/>\n<\/strong><a href=\"https:\/\/www.miamibeachfl.gov\/wp-content\/uploads\/2023\/03\/Minutes-January-19-2023-Fire-and-Police-Pension.pdf\">19 janvier 2023<\/a><br \/>\n<a href=\"https:\/\/www.miamibeachfl.gov\/wp-content\/uploads\/2023\/07\/Minutes-March-16-2023-Fire-and-Police-Pension-1.pdf\">16 mars 2023<\/a><br \/>\n<a href=\"https:\/\/www.miamibeachfl.gov\/wp-content\/uploads\/2023\/05\/Minutes-April-20-2023-Fire-and-Police-Pension.pdf\">20 avril 2023<\/a><br \/>\n<a href=\"https:\/\/www.miamibeachfl.gov\/wp-content\/uploads\/2023\/06\/Minutes-May-18-2023-Fire-Police-Pension.pdf\">18 mai 2023<\/a><br \/>\n<a href=\"https:\/\/www.miamibeachfl.gov\/wp-content\/uploads\/2023\/07\/Minutes-June-15-2023-Fire-and-Police-Pension.pdf\">15 juin 2023<\/a><br \/>\n<a href=\"https:\/\/www.miamibeachfl.gov\/wp-content\/uploads\/2023\/11\/Minutes-July-13-2023-Fire-and-Police-Pension.pdf\">13 juillet 2023<\/a><br \/>\n<a href=\"https:\/\/www.miamibeachfl.gov\/wp-content\/uploads\/2024\/03\/09-21-2023.pdf\">21 septembre 2023<\/a><br \/>\n<a href=\"https:\/\/www.miamibeachfl.gov\/wp-content\/uploads\/2023\/12\/Approved-Minutes-October-19-2023-Fire-and-Police-Pension.pdf\">19 octobre 2023<\/a><br \/>\n<a href=\"https:\/\/www.miamibeachfl.gov\/wp-content\/uploads\/2024\/03\/November-16-2023-F-P-Pension-Minutes.pdf\">16 novembre 2023<\/a>\n<strong>2024<br \/>\n<\/strong><a href=\"https:\/\/www.miamibeachfl.gov\/wp-content\/uploads\/2024\/03\/January-18-2024-F-P-Pension-Minutes.pdf\">18 janvier 2024<br \/>\n<\/a><a href=\"https:\/\/www.miamibeachfl.gov\/wp-content\/uploads\/2024\/03\/Approved-Minutes-from-February-15-2024-Fire-and-Police-Pension-Board.pdf\">15 f\u00e9vrier 2024<\/a><br \/>\n<a href=\"https:\/\/www.miamibeachfl.gov\/wp-content\/uploads\/2024\/05\/Minutes-03-21-2024-Fire-and-Police-Pension-1.pdf\">21 mars 2024<\/a><br \/>\n<a href=\"https:\/\/www.miamibeachfl.gov\/wp-content\/uploads\/2024\/05\/Minutes-04-18-2024-Fire-and-Police-Pension.pdf\">18 avril 2024<\/a><br \/>\n<a href=\"https:\/\/www.miamibeachfl.gov\/wp-content\/uploads\/2024\/06\/Approved-Minutes-May-16-2024-Fire-and-Police-Pension.pdf\">16 mai 2024<\/a><br \/>\n<a href=\"https:\/\/www.miamibeachfl.gov\/wp-content\/uploads\/2024\/07\/Approved-Minutes-June-20-2024-Fire-and-Police-Pension.pdf\">20 juin 2024<\/a><br \/>\n<a href=\"https:\/\/www.miamibeachfl.gov\/wp-content\/uploads\/2025\/11\/06-28-2024-Evaluation-Committee-Meeting.pdf\">28 juin 2024 \u2013 R\u00e9union du comit\u00e9<\/a><br \/>\n<a href=\"https:\/\/www.miamibeachfl.gov\/wp-content\/uploads\/2025\/11\/07-17-2024-Evaluation-Committe-Meeting.pdf\">17 juillet 2024 \u2013 R\u00e9union du comit\u00e9<\/a><br \/>\n<a href=\"https:\/\/www.miamibeachfl.gov\/wp-content\/uploads\/2024\/08\/Approved-Minutes-July-18-2024-Fire-and-Police-Pension-Board-Meeting-1.pdf\">18 juillet 2024<\/a><br \/>\n<a href=\"https:\/\/www.miamibeachfl.gov\/wp-content\/uploads\/2025\/11\/07-31-2024-Evaluation-Committee-Meeting.pdf\">31 juillet 2024 \u2013 R\u00e9union du comit\u00e9<\/a><br \/>\n<a href=\"https:\/\/www.miamibeachfl.gov\/wp-content\/uploads\/2024\/09\/Approved-Minutes-August-15-2024-Fire-and-Police-Pension-Board-Meeting.pdf\">15 ao\u00fbt 2024<\/a><br \/>\n<a href=\"https:\/\/www.miamibeachfl.gov\/wp-content\/uploads\/2024\/10\/Approved-Minutes-September-19-2024-Fire-and-Police-Pension-Board-Meeting.pdf\">19 septembre 2024<\/a><br \/>\n<a href=\"https:\/\/www.miamibeachfl.gov\/wp-content\/uploads\/2025\/11\/10-15-2024-Special-Meeting.pdf\">15 octobre 2024 \u2013 R\u00e9union sp\u00e9ciale<\/a><br \/>\n<a href=\"https:\/\/www.miamibeachfl.gov\/wp-content\/uploads\/2024\/11\/Approved-Minutes-October-17-2024-Fire-and-Police-Pension-Board-Meeting.pdf\">17 octobre 2024<\/a><br \/>\n<a href=\"https:\/\/www.miamibeachfl.gov\/wp-content\/uploads\/2025\/01\/Approved-Minutes-November-21-2024-Fire-and-Police-Pension-Board-Meeting.pdf\">21 novembre 2024<\/a>\n<strong>2025<br \/>\n<\/strong><a href=\"https:\/\/www.miamibeachfl.gov\/wp-content\/uploads\/2025\/02\/Minutes-01-16-2025.pdf\">16 janvier 2025<\/a><br \/>\n<a href=\"https:\/\/www.miamibeachfl.gov\/wp-content\/uploads\/2025\/11\/02-13-2025-Committee-Meeting.pdf\">13 f\u00e9vrier 2025 \u2013 R\u00e9union du comit\u00e9<\/a><br \/>\n<a href=\"https:\/\/www.miamibeachfl.gov\/wp-content\/uploads\/2025\/03\/Approved-Minutes-February-20-2025-Fire-and-Police-Pension-Board.pdf\">20 f\u00e9vrier 2025<\/a><br \/>\n<a href=\"https:\/\/www.miamibeachfl.gov\/wp-content\/uploads\/2025\/04\/Minutes-Fire-and-Police-Pension-Board-Meeting-March-20-2025.pdf\">20 mars 2025<\/a><br \/>\n<a href=\"https:\/\/www.miamibeachfl.gov\/wp-content\/uploads\/2025\/11\/04-14-2025-Special-Meeting.pdf\">14 avril 2025 \u2013 R\u00e9union sp\u00e9ciale<\/a><br \/>\n<a href=\"https:\/\/www.miamibeachfl.gov\/wp-content\/uploads\/2025\/05\/Fire-Police-Pension-Board-Meeting-April-17-2025-Minutes-1.pdf\">17 avril 2025<\/a><br \/>\n<a href=\"https:\/\/www.miamibeachfl.gov\/wp-content\/uploads\/2025\/07\/May-15-2025-Fire-and-Police-Pension-Board-Meeting-Minutes.pdf\">15 mai 2025<\/a><br \/>\n<a href=\"https:\/\/www.miamibeachfl.gov\/wp-content\/uploads\/2025\/10\/Approved-Minutes-June-18-2025-Fire-and-Police-Pension-Board-Meeting.pdf\">18 juin 2025<br \/>\n<\/a><a href=\"https:\/\/www.miamibeachfl.gov\/wp-content\/uploads\/2025\/10\/Approved-Minutes-July-17-2025-Fire-and-Police-Pension-Board-Meeting.pdf\">17 juillet 2025<\/a><br \/>\n<a href=\"https:\/\/www.miamibeachfl.gov\/wp-content\/uploads\/2025\/10\/Approved-Minutes-September-18-2025-Fire-and-Police-Pension-Board-Meeting.pdf\">18 septembre 2025<\/a><br \/>\n<a href=\"https:\/\/www.miamibeachfl.gov\/wp-content\/uploads\/2026\/02\/Minutes-Fire-and-Police-Pension-Board-Meeting-October-16-2025.pdf\">16 octobre 2025<\/a><br \/>\n<a href=\"https:\/\/www.miamibeachfl.gov\/wp-content\/uploads\/2026\/02\/Minutes-November-20-2025-Fire-and-Police-Pension-Board-Meeting.pdf\">20 novembre 2025<\/a>\n<strong>2026<br \/>\n<\/strong><a href=\"https:\/\/www.miamibeachfl.gov\/wp-content\/uploads\/2026\/04\/Minutes-Fire-and-Police-Pension-Board-Meeting-January-15-2026.pdf\">15 janvier 2026<\/a><br \/>\n<a href=\"https:\/\/www.miamibeachfl.gov\/wp-content\/uploads\/2026\/04\/February-19-2026-Minutes-Fire-and-Police-Pension-1.pdf\">19 f\u00e9vrier 2026<\/a><br \/>\n<strong><br \/>\n<\/strong>\n<p>&nbsp;<\/p>\n<p>&nbsp;<\/p>\n<p>&nbsp;<\/p>\n<p>&nbsp;<\/p>\n\t\tAcc\u00e9der \u00e0\u2026\t\t\t\n\t\t\t\t\t<ul id=\"menu-fire-and-police-pension-menu\"><li id=\"menu-item-364038\"><a href=\"\/fr\/city-hall\/fire-police-pension\/actuarial-information\/\">Informations actuarielles<\/a><\/li>\n<li id=\"menu-item-364039\"><a href=\"\/fr\/city-hall\/fire-police-pension\/announcements-2\/\">Annonces<\/a><\/li>\n<li id=\"menu-item-364040\"><a href=\"\/fr\/city-hall\/fire-police-pension\/board-meeting-dates\/\">Dates des r\u00e9unions du conseil d&#039;administration<\/a><\/li>\n<li id=\"menu-item-364041\"><a href=\"\/fr\/city-hall\/fire-police-pension\/financial-statements\/\">\u00c9tats financiers<\/a><\/li>\n<li id=\"menu-item-364042\"><a href=\"\/fr\/city-hall\/fire-police-pension\/investment-information\/\">Informations sur les investissements<\/a><\/li>\n<li id=\"menu-item-364043\"><a href=\"\/fr\/city-hall\/fire-police-pension\/professional-service-providers\/\">Fournisseurs de services professionnels<\/a><\/li>\n<li id=\"menu-item-364044\"><a href=\"\/fr\/city-hall\/fire-police-pension\/retiree-information\/\">Informations pour les retrait\u00e9s<\/a><\/li>\n<li id=\"menu-item-364045\"><a href=\"\/fr\/city-hall\/fire-police-pension\/summary-plan-description\/\">Description sommaire du plan<\/a><\/li>\n<\/ul>\t\n\t<div class=\"page-navigation\"><a class=\"prev-page\" href=\"https:\/\/www.miamibeachfl.gov\/fr\/residents\/neighborhood-affairs-division\/active-projects\/other\/\">\u2190 Autre<\/a> <a class=\"next-page\" href=\"https:\/\/www.miamibeachfl.gov\/fr\/city-hall\/fire-police-pension\/additional-information\/\">Informations compl\u00e9mentaires sur la pension des pompiers et des policiers \u2192<\/a><\/div>","protected":false},"excerpt":{"rendered":"<p>Proc\u00e8s-verbal de la r\u00e9union du conseil d&#039;administration Accueil &gt; H\u00f4tel de ville &gt; Caisse de retraite des pompiers et des policiers &gt; Proc\u00e8s-verbal de la r\u00e9union du conseil d&#039;administration du 19 janvier 2023 [\u2026]<\/p>","protected":false},"author":222,"featured_media":0,"parent":29204,"menu_order":231,"comment_status":"closed","ping_status":"closed","template":"","meta":{"_searchwp_excluded":"","site-sidebar-layout":"default","site-content-layout":"","ast-site-content-layout":"default","site-content-style":"default","site-sidebar-style":"default","ast-global-header-display":"","ast-banner-title-visibility":"","ast-main-header-display":"","ast-hfb-above-header-display":"","ast-hfb-below-header-display":"","ast-hfb-mobile-header-display":"","site-post-title":"","ast-breadcrumbs-content":"","ast-featured-img":"","footer-sml-layout":"","theme-transparent-header-meta":"","adv-header-id-meta":"","stick-header-meta":"","header-above-stick-meta":"","header-main-stick-meta":"","header-below-stick-meta":"","astra-migrate-meta-layouts":"default","ast-page-background-enabled":"default","ast-page-background-meta":{"desktop":{"background-color":"var(--ast-global-color-5)","background-image":"","background-repeat":"repeat","background-position":"center center","background-size":"auto","background-attachment":"scroll","background-type":"","background-media":"","overlay-type":"","overlay-color":"","overlay-opacity":"","overlay-gradient":""},"tablet":{"background-color":"","background-image":"","background-repeat":"repeat","background-position":"center center","background-size":"auto","background-attachment":"scroll","background-type":"","background-media":"","overlay-type":"","overlay-color":"","overlay-opacity":"","overlay-gradient":""},"mobile":{"background-color":"","background-image":"","background-repeat":"repeat","background-position":"center center","background-size":"auto","background-attachment":"scroll","background-type":"","background-media":"","overlay-type":"","overlay-color":"","overlay-opacity":"","overlay-gradient":""}},"ast-content-background-meta":{"desktop":{"background-color":"var(--ast-global-color-4)","background-image":"","background-repeat":"repeat","background-position":"center center","background-size":"auto","background-attachment":"scroll","background-type":"","background-media":"","overlay-type":"","overlay-color":"","overlay-opacity":"","overlay-gradient":""},"tablet":{"background-color":"var(--ast-global-color-4)","background-image":"","background-repeat":"repeat","background-position":"center center","background-size":"auto","background-attachment":"scroll","background-type":"","background-media":"","overlay-type":"","overlay-color":"","overlay-opacity":"","overlay-gradient":""},"mobile":{"background-color":"var(--ast-global-color-4)","background-image":"","background-repeat":"repeat","background-position":"center center","background-size":"auto","background-attachment":"scroll","background-type":"","background-media":"","overlay-type":"","overlay-color":"","overlay-opacity":"","overlay-gradient":""}},"footnotes":""},"categories":[1],"tags":[],"class_list":["post-29210","page","type-page","status-publish","hentry","category-uncategorized"],"yoast_head":"<!-- This site is optimized with the Yoast SEO Premium plugin v26.6 (Yoast SEO v26.6) - https:\/\/yoast.com\/wordpress\/plugins\/seo\/ -->\n<title>Board Meeting Minutes - City of Miami Beach<\/title>\n<meta name=\"description\" content=\"%\" \/>\n<meta name=\"robots\" content=\"index, follow, max-snippet:-1, max-image-preview:large, max-video-preview:-1\" \/>\n<link rel=\"canonical\" href=\"https:\/\/www.miamibeachfl.gov\/fr\/city-hall\/fire-police-pension\/board-meeting-minutes\/\" \/>\n<meta property=\"og:locale\" content=\"fr_FR\" \/>\n<meta property=\"og:type\" content=\"article\" \/>\n<meta property=\"og:title\" content=\"Board Meeting Minutes\" \/>\n<meta property=\"og:description\" content=\"%\" \/>\n<meta property=\"og:url\" content=\"https:\/\/www.miamibeachfl.gov\/fr\/city-hall\/fire-police-pension\/board-meeting-minutes\/\" \/>\n<meta property=\"og:site_name\" content=\"City of Miami Beach\" \/>\n<meta property=\"article:publisher\" content=\"https:\/\/www.facebook.com\/cityofmiamibeach\" \/>\n<meta property=\"article:modified_time\" content=\"2026-04-08T14:52:03+00:00\" \/>\n<meta property=\"og:image\" content=\"https:\/\/www.miamibeachfl.gov\/wp-content\/uploads\/2022\/07\/hero-small.jpg\" \/>\n<meta name=\"twitter:card\" content=\"summary_large_image\" \/>\n<meta name=\"twitter:site\" content=\"@Miamibeachnews\" \/>\n<script type=\"application\/ld+json\" class=\"yoast-schema-graph\">{\"@context\":\"https:\/\/schema.org\",\"@graph\":[{\"@type\":\"WebPage\",\"@id\":\"https:\/\/www.miamibeachfl.gov\/city-hall\/fire-police-pension\/board-meeting-minutes\/\",\"url\":\"https:\/\/www.miamibeachfl.gov\/city-hall\/fire-police-pension\/board-meeting-minutes\/\",\"name\":\"Board Meeting Minutes - City of Miami Beach\",\"isPartOf\":{\"@id\":\"https:\/\/www.miamibeachfl.gov\/#website\"},\"primaryImageOfPage\":{\"@id\":\"https:\/\/www.miamibeachfl.gov\/city-hall\/fire-police-pension\/board-meeting-minutes\/#primaryimage\"},\"image\":{\"@id\":\"https:\/\/www.miamibeachfl.gov\/city-hall\/fire-police-pension\/board-meeting-minutes\/#primaryimage\"},\"thumbnailUrl\":\"https:\/\/www.miamibeachfl.gov\/wp-content\/uploads\/2022\/07\/hero-small.jpg\",\"datePublished\":\"2017-08-11T00:13:03+00:00\",\"dateModified\":\"2026-04-08T14:52:03+00:00\",\"description\":\"%\",\"breadcrumb\":{\"@id\":\"https:\/\/www.miamibeachfl.gov\/city-hall\/fire-police-pension\/board-meeting-minutes\/#breadcrumb\"},\"inLanguage\":\"fr-FR\",\"potentialAction\":[{\"@type\":\"ReadAction\",\"target\":[\"https:\/\/www.miamibeachfl.gov\/city-hall\/fire-police-pension\/board-meeting-minutes\/\"]}]},{\"@type\":\"ImageObject\",\"inLanguage\":\"fr-FR\",\"@id\":\"https:\/\/www.miamibeachfl.gov\/city-hall\/fire-police-pension\/board-meeting-minutes\/#primaryimage\",\"url\":\"https:\/\/www.miamibeachfl.gov\/wp-content\/uploads\/2022\/07\/hero-small.jpg\",\"contentUrl\":\"https:\/\/www.miamibeachfl.gov\/wp-content\/uploads\/2022\/07\/hero-small.jpg\"},{\"@type\":\"BreadcrumbList\",\"@id\":\"https:\/\/www.miamibeachfl.gov\/city-hall\/fire-police-pension\/board-meeting-minutes\/#breadcrumb\",\"itemListElement\":[{\"@type\":\"ListItem\",\"position\":1,\"name\":\"Home\",\"item\":\"https:\/\/www.miamibeachfl.gov\/\"},{\"@type\":\"ListItem\",\"position\":2,\"name\":\"City Hall\",\"item\":\"https:\/\/www.miamibeachfl.gov\/city-hall\/\"},{\"@type\":\"ListItem\",\"position\":3,\"name\":\"Fire &amp; Police Pension\",\"item\":\"https:\/\/www.miamibeachfl.gov\/city-hall\/fire-police-pension\/\"},{\"@type\":\"ListItem\",\"position\":4,\"name\":\"Board Meeting Minutes\"}]},{\"@type\":\"WebSite\",\"@id\":\"https:\/\/www.miamibeachfl.gov\/#website\",\"url\":\"https:\/\/www.miamibeachfl.gov\/\",\"name\":\"City of Miami Beach\",\"description\":\"The official website of the City of Miami Beach. Stay informed, find important information on city services, news, alerts, events, trolley routes, government employment and more.\",\"publisher\":{\"@id\":\"https:\/\/www.miamibeachfl.gov\/#organization\"},\"potentialAction\":[{\"@type\":\"SearchAction\",\"target\":{\"@type\":\"EntryPoint\",\"urlTemplate\":\"https:\/\/www.miamibeachfl.gov\/?s={search_term_string}\"},\"query-input\":{\"@type\":\"PropertyValueSpecification\",\"valueRequired\":true,\"valueName\":\"search_term_string\"}}],\"inLanguage\":\"fr-FR\"},{\"@type\":\"Organization\",\"@id\":\"https:\/\/www.miamibeachfl.gov\/#organization\",\"name\":\"City of Miami Beach\",\"url\":\"https:\/\/www.miamibeachfl.gov\/\",\"logo\":{\"@type\":\"ImageObject\",\"inLanguage\":\"fr-FR\",\"@id\":\"https:\/\/www.miamibeachfl.gov\/#\/schema\/logo\/image\/\",\"url\":\"https:\/\/www.miamibeachfl.gov\/wp-content\/uploads\/2022\/06\/miamibeach-logoblue.png\",\"contentUrl\":\"https:\/\/www.miamibeachfl.gov\/wp-content\/uploads\/2022\/06\/miamibeach-logoblue.png\",\"width\":1962,\"height\":381,\"caption\":\"City of Miami Beach\"},\"image\":{\"@id\":\"https:\/\/www.miamibeachfl.gov\/#\/schema\/logo\/image\/\"},\"sameAs\":[\"https:\/\/www.facebook.com\/cityofmiamibeach\",\"https:\/\/x.com\/Miamibeachnews\",\"https:\/\/www.instagram.com\/miamibeachnews\/\"],\"description\":\"The official website of the City of Miami Beach. Stay informed, find important information on city services, news, alerts, events, trolley routes, government employment and more.\",\"telephone\":\"305.604.CITY(2489)\",\"legalName\":\"City of Miami Beach\"}]}<\/script>\n<!-- \/ Yoast SEO Premium plugin. -->","yoast_head_json":{"title":"Proc\u00e8s-verbal de la r\u00e9union du conseil d&#039;administration de la ville de Miami Beach","description":"%","robots":{"index":"index","follow":"follow","max-snippet":"max-snippet:-1","max-image-preview":"max-image-preview:large","max-video-preview":"max-video-preview:-1"},"canonical":"https:\/\/www.miamibeachfl.gov\/fr\/city-hall\/fire-police-pension\/board-meeting-minutes\/","og_locale":"fr_FR","og_type":"article","og_title":"Board Meeting Minutes","og_description":"%","og_url":"https:\/\/www.miamibeachfl.gov\/fr\/city-hall\/fire-police-pension\/board-meeting-minutes\/","og_site_name":"City of Miami Beach","article_publisher":"https:\/\/www.facebook.com\/cityofmiamibeach","article_modified_time":"2026-04-08T14:52:03+00:00","og_image":[{"url":"https:\/\/www.miamibeachfl.gov\/wp-content\/uploads\/2022\/07\/hero-small.jpg","type":"","width":"","height":""}],"twitter_card":"summary_large_image","twitter_site":"@Miamibeachnews","schema":{"@context":"https:\/\/schema.org","@graph":[{"@type":"WebPage","@id":"https:\/\/www.miamibeachfl.gov\/city-hall\/fire-police-pension\/board-meeting-minutes\/","url":"https:\/\/www.miamibeachfl.gov\/city-hall\/fire-police-pension\/board-meeting-minutes\/","name":"Proc\u00e8s-verbal de la r\u00e9union du conseil d&#039;administration de la ville de Miami Beach","isPartOf":{"@id":"https:\/\/www.miamibeachfl.gov\/#website"},"primaryImageOfPage":{"@id":"https:\/\/www.miamibeachfl.gov\/city-hall\/fire-police-pension\/board-meeting-minutes\/#primaryimage"},"image":{"@id":"https:\/\/www.miamibeachfl.gov\/city-hall\/fire-police-pension\/board-meeting-minutes\/#primaryimage"},"thumbnailUrl":"https:\/\/www.miamibeachfl.gov\/wp-content\/uploads\/2022\/07\/hero-small.jpg","datePublished":"2017-08-11T00:13:03+00:00","dateModified":"2026-04-08T14:52:03+00:00","description":"%","breadcrumb":{"@id":"https:\/\/www.miamibeachfl.gov\/city-hall\/fire-police-pension\/board-meeting-minutes\/#breadcrumb"},"inLanguage":"fr-FR","potentialAction":[{"@type":"ReadAction","target":["https:\/\/www.miamibeachfl.gov\/city-hall\/fire-police-pension\/board-meeting-minutes\/"]}]},{"@type":"ImageObject","inLanguage":"fr-FR","@id":"https:\/\/www.miamibeachfl.gov\/city-hall\/fire-police-pension\/board-meeting-minutes\/#primaryimage","url":"https:\/\/www.miamibeachfl.gov\/wp-content\/uploads\/2022\/07\/hero-small.jpg","contentUrl":"https:\/\/www.miamibeachfl.gov\/wp-content\/uploads\/2022\/07\/hero-small.jpg"},{"@type":"BreadcrumbList","@id":"https:\/\/www.miamibeachfl.gov\/city-hall\/fire-police-pension\/board-meeting-minutes\/#breadcrumb","itemListElement":[{"@type":"ListItem","position":1,"name":"Home","item":"https:\/\/www.miamibeachfl.gov\/"},{"@type":"ListItem","position":2,"name":"City Hall","item":"https:\/\/www.miamibeachfl.gov\/city-hall\/"},{"@type":"ListItem","position":3,"name":"Fire &amp; Police Pension","item":"https:\/\/www.miamibeachfl.gov\/city-hall\/fire-police-pension\/"},{"@type":"ListItem","position":4,"name":"Board Meeting Minutes"}]},{"@type":"WebSite","@id":"https:\/\/www.miamibeachfl.gov\/#website","url":"https:\/\/www.miamibeachfl.gov\/","name":"Ville de Miami Beach","description":"Site officiel de la ville de Miami Beach. Restez inform\u00e9 et trouvez des informations importantes sur les services municipaux, les actualit\u00e9s, les alertes, les \u00e9v\u00e9nements, les itin\u00e9raires de tramway, les emplois gouvernementaux et bien plus encore.","publisher":{"@id":"https:\/\/www.miamibeachfl.gov\/#organization"},"potentialAction":[{"@type":"SearchAction","target":{"@type":"EntryPoint","urlTemplate":"https:\/\/www.miamibeachfl.gov\/?s={search_term_string}"},"query-input":{"@type":"PropertyValueSpecification","valueRequired":true,"valueName":"search_term_string"}}],"inLanguage":"fr-FR"},{"@type":"Organization","@id":"https:\/\/www.miamibeachfl.gov\/#organization","name":"Ville de Miami Beach","url":"https:\/\/www.miamibeachfl.gov\/","logo":{"@type":"ImageObject","inLanguage":"fr-FR","@id":"https:\/\/www.miamibeachfl.gov\/#\/schema\/logo\/image\/","url":"https:\/\/www.miamibeachfl.gov\/wp-content\/uploads\/2022\/06\/miamibeach-logoblue.png","contentUrl":"https:\/\/www.miamibeachfl.gov\/wp-content\/uploads\/2022\/06\/miamibeach-logoblue.png","width":1962,"height":381,"caption":"City of Miami Beach"},"image":{"@id":"https:\/\/www.miamibeachfl.gov\/#\/schema\/logo\/image\/"},"sameAs":["https:\/\/www.facebook.com\/cityofmiamibeach","https:\/\/x.com\/Miamibeachnews","https:\/\/www.instagram.com\/miamibeachnews\/"],"description":"Site officiel de la ville de Miami Beach. Restez inform\u00e9 et trouvez des informations importantes sur les services municipaux, les actualit\u00e9s, les alertes, les \u00e9v\u00e9nements, les itin\u00e9raires de tramway, les emplois gouvernementaux et bien plus encore.","telephone":"305.604.CITY(2489)","legalName":"City of Miami Beach"}]}},"_links":{"self":[{"href":"https:\/\/www.miamibeachfl.gov\/fr\/wp-json\/wp\/v2\/pages\/29210","targetHints":{"allow":["GET"]}}],"collection":[{"href":"https:\/\/www.miamibeachfl.gov\/fr\/wp-json\/wp\/v2\/pages"}],"about":[{"href":"https:\/\/www.miamibeachfl.gov\/fr\/wp-json\/wp\/v2\/types\/page"}],"author":[{"embeddable":true,"href":"https:\/\/www.miamibeachfl.gov\/fr\/wp-json\/wp\/v2\/users\/222"}],"replies":[{"embeddable":true,"href":"https:\/\/www.miamibeachfl.gov\/fr\/wp-json\/wp\/v2\/comments?post=29210"}],"version-history":[{"count":0,"href":"https:\/\/www.miamibeachfl.gov\/fr\/wp-json\/wp\/v2\/pages\/29210\/revisions"}],"up":[{"embeddable":true,"href":"https:\/\/www.miamibeachfl.gov\/fr\/wp-json\/wp\/v2\/pages\/29204"}],"wp:attachment":[{"href":"https:\/\/www.miamibeachfl.gov\/fr\/wp-json\/wp\/v2\/media?parent=29210"}],"wp:term":[{"taxonomy":"category","embeddable":true,"href":"https:\/\/www.miamibeachfl.gov\/fr\/wp-json\/wp\/v2\/categories?post=29210"},{"taxonomy":"post_tag","embeddable":true,"href":"https:\/\/www.miamibeachfl.gov\/fr\/wp-json\/wp\/v2\/tags?post=29210"}],"curies":[{"name":"wp","href":"https:\/\/api.w.org\/{rel}","templated":true}]}}