{"id":292892,"date":"2024-03-21T10:46:34","date_gmt":"2024-03-21T14:46:34","guid":{"rendered":"https:\/\/www.miamibeachfl.gov\/?page_id=292892"},"modified":"2026-03-27T14:40:35","modified_gmt":"2026-03-27T18:40:35","slug":"ad-hoc-city-lighting-plan-advisory-committee","status":"publish","type":"page","link":"https:\/\/www.miamibeachfl.gov\/fr\/city-hall\/city-clerk\/boards-and-committees\/ad-hoc-city-lighting-plan-advisory-committee\/","title":{"rendered":"Comit\u00e9 consultatif sp\u00e9cial du plan d&#039;\u00e9clairage de la ville"},"content":{"rendered":"<h1>\n\t\t\tComit\u00e9 consultatif sp\u00e9cial du plan d&#039;\u00e9clairage de la ville\t<\/h1>\nMenu du greffier municipal\t\t\t\n\t\t\t\t\t<ul id=\"menu-city-clerk\"><li id=\"menu-item-317005\"><a href=\"\/fr\/city-hall\/city-clerk\/\">greffier de la ville<\/a><\/li>\n<li id=\"menu-item-258831\"><a href=\"\/fr\/city-hall\/city-clerk\/public-records-request\/\">documents publics<\/a><\/li>\n<li id=\"menu-item-258832\"><a href=\"\/fr\/city-hall\/city-clerk\/meetings-and-agendas\/\">Ordres du jour<\/a><\/li>\n<li id=\"menu-item-258833\"><a href=\"\/fr\/city-hall\/city-clerk\/forms\/\">Formulaires<\/a><\/li>\n<li id=\"menu-item-258834\"><a href=\"\/fr\/city-hall\/city-clerk\/boards-and-committees\/\">Conseils et comit\u00e9s<\/a><\/li>\n<li id=\"menu-item-258835\"><a href=\"\/fr\/city-hall\/city-clerk\/election-information\/\">Informations \u00e9lectorales<\/a><\/li>\n<li id=\"menu-item-258836\"><a href=\"\/fr\/city-hall\/city-clerk\/notification-system\/\">Notifications<\/a><\/li>\n<li id=\"menu-item-258837\"><a href=\"\/fr\/city-hall\/city-clerk\/public-records-request\/additional-contacts\/\">Contactez-nous<\/a><\/li>\n<\/ul>\t\nMenu du greffier municipal \u00d7\t\t\t\t\t\t<ul id=\"menu-city-clerk-1\"><li id=\"menu-item-317005\"><a href=\"\/fr\/city-hall\/city-clerk\/\">greffier de la ville<\/a><\/li>\n<li id=\"menu-item-258831\"><a href=\"\/fr\/city-hall\/city-clerk\/public-records-request\/\">documents publics<\/a><\/li>\n<li id=\"menu-item-258832\"><a href=\"\/fr\/city-hall\/city-clerk\/meetings-and-agendas\/\">Ordres du jour<\/a><\/li>\n<li id=\"menu-item-258833\"><a href=\"\/fr\/city-hall\/city-clerk\/forms\/\">Formulaires<\/a><\/li>\n<li id=\"menu-item-258834\"><a href=\"\/fr\/city-hall\/city-clerk\/boards-and-committees\/\">Conseils et comit\u00e9s<\/a><\/li>\n<li id=\"menu-item-258835\"><a href=\"\/fr\/city-hall\/city-clerk\/election-information\/\">Informations \u00e9lectorales<\/a><\/li>\n<li id=\"menu-item-258836\"><a href=\"\/fr\/city-hall\/city-clerk\/notification-system\/\">Notifications<\/a><\/li>\n<li id=\"menu-item-258837\"><a href=\"\/fr\/city-hall\/city-clerk\/public-records-request\/additional-contacts\/\">Contactez-nous<\/a><\/li>\n<\/ul>\t\t\t\t\n\t<p><strong>A. Objectif<\/strong><\/p>\n<p>1. L&#039;objectif du Comit\u00e9 consultatif sp\u00e9cial sur le plan d&#039;\u00e9clairage de la ville (le \u00ab Comit\u00e9 \u00bb) est d&#039;examiner l&#039;infrastructure d&#039;\u00e9clairage existante, d&#039;identifier les domaines \u00e0 am\u00e9liorer et de faire des recommandations \u00e0 la Ville concernant un plan d&#039;\u00e9clairage complet pour la ville de Miami Beach qui aborde la s\u00e9curit\u00e9, l&#039;esth\u00e9tique, la fonctionnalit\u00e9 et l&#039;efficacit\u00e9 \u00e9nerg\u00e9tique de l&#039;\u00e9clairage dans les espaces publics, les emprises et les zones commerciales et r\u00e9sidentielles au profit des r\u00e9sidents et des visiteurs.<\/p>\n<p>2. Le Comit\u00e9 prend en compte les aspects fonctionnels, tels que la visibilit\u00e9 et la s\u00e9curit\u00e9, ainsi que les \u00e9l\u00e9ments esth\u00e9tiques comme l\u2019ambiance et l\u2019\u00e9clairage architectural.<\/p>\n<p>3. Le Comit\u00e9 fera des recommandations concernant les \u00e9l\u00e9ments suivants qui seraient abord\u00e9s dans un plan d\u2019\u00e9clairage global :<\/p>\na. S\u00fbret\u00e9 et s\u00e9curit\u00e9 (\u00e9clairage public et espaces publics).<br \/>\nb. Impact environnemental.<br \/>\nc. \u00c9clairage architectural pour les monuments, les b\u00e2timents publics et les monuments<br \/>\nd. Efficacit\u00e9 \u00e9nerg\u00e9tique.<br \/>\ne. Lignes directrices pour la conception de l\u2019\u00e9clairage des structures commerciales et r\u00e9sidentielles.<br \/>\nf. Toutes autres questions que le maire et la commission municipale d\u00e9termineront en les renvoyant au comit\u00e9.\n<p>4. Le Comit\u00e9 se r\u00e9unira mensuellement, ou aussi souvent qu&#039;il le jugera n\u00e9cessaire pour formuler ses recommandations finales. Son mandat expirera au bout d&#039;un (1) an, sauf d\u00e9cision du maire et de la commission municipale de le prolonger.<\/p>\n<p><strong>B. Composition des membres<\/strong><\/p>\n<p>1. Le Comit\u00e9 sera compos\u00e9 de sept (7) personnes nomm\u00e9es \u00e0 titre g\u00e9n\u00e9ral par le maire et la Commission municipale en tant qu&#039;organe.<\/p>\n<p>2. Crit\u00e8res d&#039;adh\u00e9sion minimum au Comit\u00e9\u00a0: les personnes doivent r\u00e9sider dans la Ville depuis au moins deux (2) ans, ou justifier d&#039;une participation dans une entreprise \u00e9tablie dans la Ville, ou d&#039;un lien de travail avec celle-ci, depuis au moins deux (2) ans. Des exceptions \u00e0 ce qui pr\u00e9c\u00e8de peuvent \u00eatre approuv\u00e9es par un vote majoritaire de la Commission municipale pour le membre ing\u00e9nieur \u00e9lectricien.<\/p>\n<p>3. La composition du Comit\u00e9 est la suivante :<\/p>\n<p>a. Membres r\u00e9sidents.<\/p>\ni. Au moins deux (2) des sept membres doivent actuellement r\u00e9sider dans la r\u00e9gion de North Beach, g\u00e9n\u00e9ralement consid\u00e9r\u00e9e comme la partie de Miami Beach situ\u00e9e au nord de la 63e rue.<br \/>\nii. Au moins deux (2) des sept membres doivent actuellement r\u00e9sider dans la zone de Mid Beach, g\u00e9n\u00e9ralement consid\u00e9r\u00e9e comme la partie de Miami Beach situ\u00e9e au sud de la 63e rue et au nord de la 23e rue.<br \/>\niii. Au moins deux (2) des sept membres doivent actuellement r\u00e9sider dans la r\u00e9gion de South Beach, g\u00e9n\u00e9ralement consid\u00e9r\u00e9e comme la partie de Miami Beach situ\u00e9e au sud de la 23e rue.\n<p>b. Membre technique. Au moins un (1) des sept membres doit \u00eatre ing\u00e9nieur \u00e9lectricien, de pr\u00e9f\u00e9rence sp\u00e9cialis\u00e9 en \u00e9clairage urbain.<\/p>\n<p>4. Le maire et la commission municipale prendront en compte les crit\u00e8res suppl\u00e9mentaires suivants lors des nominations :<\/p>\n<p>a. Connaissances et exp\u00e9rience applicables et pertinentes \u00e0 l\u2019objectif du Comit\u00e9.<\/p>\n<p>b. Service communautaire pass\u00e9 et pr\u00e9sent, en particulier r\u00f4les de leadership et exp\u00e9rience au sein d\u2019autres comit\u00e9s consultatifs ou conseils.<\/p>\n\t\t\t<a href=\"https:\/\/www.miamibeachfl.gov\/wp-content\/uploads\/2026\/03\/Searchable-Report-1.pdf\" target=\"_blank\" rel=\"noopener\">\n\t\t\t\t\t\tD\u00e9tails de l&#039;adh\u00e9sion (conditions, postes, titres)\n\t\t\t\t\t<\/a>\n\t\t\t<a href=\"https:\/\/www.miamibeachfl.gov\/wp-content\/uploads\/2026\/03\/Vacancy-Report-by-Commissioners-2-1.pdf\" target=\"_blank\" rel=\"noopener\">\n\t\t\t\t\t\tPostes vacants\n\t\t\t\t\t<\/a>\n\t\t\t<a href=\"https:\/\/www.miamibeachfl.gov\/wp-content\/uploads\/2026\/03\/Liaison-Contact-Information.pdf\" target=\"_blank\" rel=\"noopener\">\n\t\t\t\t\t\tCoordonn\u00e9es de Liaison\n\t\t\t\t\t<\/a>\n\t\t\t<iframe loading=\"lazy\" src=\"https:\/\/docmgmt.miamibeachfl.gov\/WebLink\/Browse.aspx?id=120704&#038;dbid=0&#038;repo=CityClerk\" frameborder=\"0\" width=\"100%\" height=\"100%\" allowfullscreen><\/iframe>\t\t\t\n\t\t\t<a href=\"javascript:void(0)\" title=\"Cliquez ici\" target=\"_self\"  data-modal=  \"role=\"button\"\" aria-label=\"Rechercher dans les archives\">\n\t\t\t\t\t\t\t\t\t\t\tRechercher dans les archives\n\t\t<\/a>\n\t\t\t<iframe loading=\"lazy\" src=\"https:\/\/miamibeach.novusagenda.com\/agendapublic\/meetingsgeneral.aspx\" frameborder=\"0\" width=\"100%\" height=\"100%\" allowfullscreen><\/iframe>\t\t\t\n\t\t\t<a href=\"javascript:void(0)\" title=\"Cliquez ici\" target=\"_self\"  data-modal=  \"role=\"button\"\" aria-label=\"Rechercher les ordres du jour et les proc\u00e8s-verbaux\">\n\t\t\t\t\t\t\t\t\t\t\tRechercher les ordres du jour et les proc\u00e8s-verbaux\n\t\t<\/a>\n\t\t\t<a href=\"https:\/\/www.miamibeachfl.gov\/fr\/city-hall\/city-clerk-new\/contactus\/\" target=\"_self\">\n\t\t\t\t\t\tContactez-nous\n\t\t\t\t\t<\/a>\n\t\t<h3>Demandes d&#039;acc\u00e8s aux documents publics<\/h3>\t\t\t\n\t\t\t\t<p>Visitez le site de demande d&#039;archives publiques de la ville de Miami Beach. Soumettez une nouvelle demande, v\u00e9rifiez son statut et consultez les archives des demandes d&#039;archives.<\/p>\n<p>Si vous avez des questions sur les archives publiques, veuillez appeler le bureau du greffier de la ville de Miami Beach au 305-673-7411.\u00a0<\/p>\n\t\t\t<a href=\"https:\/\/miamibeachfl.justfoia.com\/publicportal\/home\/track\" title=\"Cliquez ici\" target=\"_blank\" rel=\"noopener\"  role=\"button\" aria-label=\"Soumettre une demande\">\n\t\t\t\t\t\t\t\t\t\t\tSoumettre une demande\n\t\t<\/a>","protected":false},"excerpt":{"rendered":"<p>Comit\u00e9 consultatif sp\u00e9cial du plan d&#039;\u00e9clairage de la ville Menu du greffier municipal Archives publiques Ordres du jour Formulaires Conseils et comit\u00e9s \u00c9lection [\u2026]<\/p>","protected":false},"author":286,"featured_media":0,"parent":258819,"menu_order":32,"comment_status":"closed","ping_status":"closed","template":"","meta":{"_searchwp_excluded":"","site-sidebar-layout":"default","site-content-layout":"","ast-site-content-layout":"default","site-content-style":"default","site-sidebar-style":"default","ast-global-header-display":"","ast-banner-title-visibility":"","ast-main-header-display":"","ast-hfb-above-header-display":"","ast-hfb-below-header-display":"","ast-hfb-mobile-header-display":"","site-post-title":"","ast-breadcrumbs-content":"","ast-featured-img":"","footer-sml-layout":"","theme-transparent-header-meta":"","adv-header-id-meta":"","stick-header-meta":"","header-above-stick-meta":"","header-main-stick-meta":"","header-below-stick-meta":"","astra-migrate-meta-layouts":"default","ast-page-background-enabled":"default","ast-page-background-meta":{"desktop":{"background-color":"var(--ast-global-color-5)","background-image":"","background-repeat":"repeat","background-position":"center center","background-size":"auto","background-attachment":"scroll","background-type":"","background-media":"","overlay-type":"","overlay-color":"","overlay-opacity":"","overlay-gradient":""},"tablet":{"background-color":"","background-image":"","background-repeat":"repeat","background-position":"center center","background-size":"auto","background-attachment":"scroll","background-type":"","background-media":"","overlay-type":"","overlay-color":"","overlay-opacity":"","overlay-gradient":""},"mobile":{"background-color":"","background-image":"","background-repeat":"repeat","background-position":"center center","background-size":"auto","background-attachment":"scroll","background-type":"","background-media":"","overlay-type":"","overlay-color":"","overlay-opacity":"","overlay-gradient":""}},"ast-content-background-meta":{"desktop":{"background-color":"var(--ast-global-color-4)","background-image":"","background-repeat":"repeat","background-position":"center center","background-size":"auto","background-attachment":"scroll","background-type":"","background-media":"","overlay-type":"","overlay-color":"","overlay-opacity":"","overlay-gradient":""},"tablet":{"background-color":"var(--ast-global-color-4)","background-image":"","background-repeat":"repeat","background-position":"center center","background-size":"auto","background-attachment":"scroll","background-type":"","background-media":"","overlay-type":"","overlay-color":"","overlay-opacity":"","overlay-gradient":""},"mobile":{"background-color":"var(--ast-global-color-4)","background-image":"","background-repeat":"repeat","background-position":"center center","background-size":"auto","background-attachment":"scroll","background-type":"","background-media":"","overlay-type":"","overlay-color":"","overlay-opacity":"","overlay-gradient":""}},"footnotes":""},"categories":[],"tags":[1038,920],"class_list":["post-292892","page","type-page","status-publish","hentry","tag-bandc-committees","tag-boards-and-committees"],"yoast_head":"<!-- This site is optimized with the Yoast SEO Premium plugin v26.6 (Yoast SEO v26.6) - https:\/\/yoast.com\/wordpress\/plugins\/seo\/ -->\n<title>Ad Hoc City Lighting Plan Advisory Committee - City of Miami Beach<\/title>\n<meta name=\"description\" content=\"%\" \/>\n<meta name=\"robots\" content=\"index, follow, max-snippet:-1, max-image-preview:large, max-video-preview:-1\" \/>\n<link rel=\"canonical\" href=\"https:\/\/www.miamibeachfl.gov\/fr\/city-hall\/city-clerk\/boards-and-committees\/ad-hoc-city-lighting-plan-advisory-committee\/\" \/>\n<meta property=\"og:locale\" content=\"fr_FR\" \/>\n<meta property=\"og:type\" content=\"article\" \/>\n<meta property=\"og:title\" content=\"Ad Hoc City Lighting Plan Advisory Committee\" \/>\n<meta property=\"og:description\" content=\"%\" \/>\n<meta property=\"og:url\" content=\"https:\/\/www.miamibeachfl.gov\/fr\/city-hall\/city-clerk\/boards-and-committees\/ad-hoc-city-lighting-plan-advisory-committee\/\" \/>\n<meta property=\"og:site_name\" content=\"City of Miami Beach\" \/>\n<meta property=\"article:publisher\" content=\"https:\/\/www.facebook.com\/cityofmiamibeach\" \/>\n<meta property=\"article:modified_time\" content=\"2026-03-27T18:40:35+00:00\" \/>\n<meta property=\"og:image\" content=\"https:\/\/www.miamibeachfl.gov\/wp-content\/uploads\/2024\/01\/1000pxSquare-miamibeach-aerial-southpointview.jpeg\" \/>\n\t<meta property=\"og:image:width\" content=\"1000\" \/>\n\t<meta property=\"og:image:height\" content=\"1000\" \/>\n\t<meta property=\"og:image:type\" content=\"image\/jpeg\" \/>\n<meta name=\"twitter:card\" content=\"summary_large_image\" \/>\n<meta name=\"twitter:site\" content=\"@Miamibeachnews\" \/>\n<script type=\"application\/ld+json\" class=\"yoast-schema-graph\">{\"@context\":\"https:\/\/schema.org\",\"@graph\":[{\"@type\":\"WebPage\",\"@id\":\"https:\/\/www.miamibeachfl.gov\/city-hall\/city-clerk\/boards-and-committees\/ad-hoc-city-lighting-plan-advisory-committee\/\",\"url\":\"https:\/\/www.miamibeachfl.gov\/city-hall\/city-clerk\/boards-and-committees\/ad-hoc-city-lighting-plan-advisory-committee\/\",\"name\":\"Ad Hoc City Lighting Plan Advisory Committee - City of Miami Beach\",\"isPartOf\":{\"@id\":\"https:\/\/www.miamibeachfl.gov\/#website\"},\"datePublished\":\"2024-03-21T14:46:34+00:00\",\"dateModified\":\"2026-03-27T18:40:35+00:00\",\"description\":\"%\",\"breadcrumb\":{\"@id\":\"https:\/\/www.miamibeachfl.gov\/city-hall\/city-clerk\/boards-and-committees\/ad-hoc-city-lighting-plan-advisory-committee\/#breadcrumb\"},\"inLanguage\":\"fr-FR\",\"potentialAction\":[{\"@type\":\"ReadAction\",\"target\":[\"https:\/\/www.miamibeachfl.gov\/city-hall\/city-clerk\/boards-and-committees\/ad-hoc-city-lighting-plan-advisory-committee\/\"]}]},{\"@type\":\"BreadcrumbList\",\"@id\":\"https:\/\/www.miamibeachfl.gov\/city-hall\/city-clerk\/boards-and-committees\/ad-hoc-city-lighting-plan-advisory-committee\/#breadcrumb\",\"itemListElement\":[{\"@type\":\"ListItem\",\"position\":1,\"name\":\"Home\",\"item\":\"https:\/\/www.miamibeachfl.gov\/\"},{\"@type\":\"ListItem\",\"position\":2,\"name\":\"City Hall\",\"item\":\"https:\/\/www.miamibeachfl.gov\/city-hall\/\"},{\"@type\":\"ListItem\",\"position\":3,\"name\":\"City Clerk\",\"item\":\"https:\/\/www.miamibeachfl.gov\/city-hall\/city-clerk\/\"},{\"@type\":\"ListItem\",\"position\":4,\"name\":\"Boards and Committees\",\"item\":\"https:\/\/www.miamibeachfl.gov\/city-hall\/city-clerk\/boards-and-committees\/\"},{\"@type\":\"ListItem\",\"position\":5,\"name\":\"Ad Hoc City Lighting Plan Advisory Committee\"}]},{\"@type\":\"WebSite\",\"@id\":\"https:\/\/www.miamibeachfl.gov\/#website\",\"url\":\"https:\/\/www.miamibeachfl.gov\/\",\"name\":\"City of Miami Beach\",\"description\":\"The official website of the City of Miami Beach. Stay informed, find important information on city services, news, alerts, events, trolley routes, government employment and more.\",\"publisher\":{\"@id\":\"https:\/\/www.miamibeachfl.gov\/#organization\"},\"potentialAction\":[{\"@type\":\"SearchAction\",\"target\":{\"@type\":\"EntryPoint\",\"urlTemplate\":\"https:\/\/www.miamibeachfl.gov\/?s={search_term_string}\"},\"query-input\":{\"@type\":\"PropertyValueSpecification\",\"valueRequired\":true,\"valueName\":\"search_term_string\"}}],\"inLanguage\":\"fr-FR\"},{\"@type\":\"Organization\",\"@id\":\"https:\/\/www.miamibeachfl.gov\/#organization\",\"name\":\"City of Miami Beach\",\"url\":\"https:\/\/www.miamibeachfl.gov\/\",\"logo\":{\"@type\":\"ImageObject\",\"inLanguage\":\"fr-FR\",\"@id\":\"https:\/\/www.miamibeachfl.gov\/#\/schema\/logo\/image\/\",\"url\":\"https:\/\/www.miamibeachfl.gov\/wp-content\/uploads\/2022\/06\/miamibeach-logoblue.png\",\"contentUrl\":\"https:\/\/www.miamibeachfl.gov\/wp-content\/uploads\/2022\/06\/miamibeach-logoblue.png\",\"width\":1962,\"height\":381,\"caption\":\"City of Miami Beach\"},\"image\":{\"@id\":\"https:\/\/www.miamibeachfl.gov\/#\/schema\/logo\/image\/\"},\"sameAs\":[\"https:\/\/www.facebook.com\/cityofmiamibeach\",\"https:\/\/x.com\/Miamibeachnews\",\"https:\/\/www.instagram.com\/miamibeachnews\/\"],\"description\":\"The official website of the City of Miami Beach. Stay informed, find important information on city services, news, alerts, events, trolley routes, government employment and more.\",\"telephone\":\"305.604.CITY(2489)\",\"legalName\":\"City of Miami Beach\"}]}<\/script>\n<!-- \/ Yoast SEO Premium plugin. -->","yoast_head_json":{"title":"Comit\u00e9 consultatif sp\u00e9cial sur le plan d&#039;\u00e9clairage de la ville - Ville de Miami Beach","description":"%","robots":{"index":"index","follow":"follow","max-snippet":"max-snippet:-1","max-image-preview":"max-image-preview:large","max-video-preview":"max-video-preview:-1"},"canonical":"https:\/\/www.miamibeachfl.gov\/fr\/city-hall\/city-clerk\/boards-and-committees\/ad-hoc-city-lighting-plan-advisory-committee\/","og_locale":"fr_FR","og_type":"article","og_title":"Ad Hoc City Lighting Plan Advisory Committee","og_description":"%","og_url":"https:\/\/www.miamibeachfl.gov\/fr\/city-hall\/city-clerk\/boards-and-committees\/ad-hoc-city-lighting-plan-advisory-committee\/","og_site_name":"City of Miami Beach","article_publisher":"https:\/\/www.facebook.com\/cityofmiamibeach","article_modified_time":"2026-03-27T18:40:35+00:00","og_image":[{"width":1000,"height":1000,"url":"https:\/\/www.miamibeachfl.gov\/wp-content\/uploads\/2024\/01\/1000pxSquare-miamibeach-aerial-southpointview.jpeg","type":"image\/jpeg"}],"twitter_card":"summary_large_image","twitter_site":"@Miamibeachnews","schema":{"@context":"https:\/\/schema.org","@graph":[{"@type":"WebPage","@id":"https:\/\/www.miamibeachfl.gov\/city-hall\/city-clerk\/boards-and-committees\/ad-hoc-city-lighting-plan-advisory-committee\/","url":"https:\/\/www.miamibeachfl.gov\/city-hall\/city-clerk\/boards-and-committees\/ad-hoc-city-lighting-plan-advisory-committee\/","name":"Comit\u00e9 consultatif sp\u00e9cial sur le plan d&#039;\u00e9clairage de la ville - Ville de Miami Beach","isPartOf":{"@id":"https:\/\/www.miamibeachfl.gov\/#website"},"datePublished":"2024-03-21T14:46:34+00:00","dateModified":"2026-03-27T18:40:35+00:00","description":"%","breadcrumb":{"@id":"https:\/\/www.miamibeachfl.gov\/city-hall\/city-clerk\/boards-and-committees\/ad-hoc-city-lighting-plan-advisory-committee\/#breadcrumb"},"inLanguage":"fr-FR","potentialAction":[{"@type":"ReadAction","target":["https:\/\/www.miamibeachfl.gov\/city-hall\/city-clerk\/boards-and-committees\/ad-hoc-city-lighting-plan-advisory-committee\/"]}]},{"@type":"BreadcrumbList","@id":"https:\/\/www.miamibeachfl.gov\/city-hall\/city-clerk\/boards-and-committees\/ad-hoc-city-lighting-plan-advisory-committee\/#breadcrumb","itemListElement":[{"@type":"ListItem","position":1,"name":"Home","item":"https:\/\/www.miamibeachfl.gov\/"},{"@type":"ListItem","position":2,"name":"City Hall","item":"https:\/\/www.miamibeachfl.gov\/city-hall\/"},{"@type":"ListItem","position":3,"name":"City Clerk","item":"https:\/\/www.miamibeachfl.gov\/city-hall\/city-clerk\/"},{"@type":"ListItem","position":4,"name":"Boards and Committees","item":"https:\/\/www.miamibeachfl.gov\/city-hall\/city-clerk\/boards-and-committees\/"},{"@type":"ListItem","position":5,"name":"Ad Hoc City Lighting Plan Advisory Committee"}]},{"@type":"WebSite","@id":"https:\/\/www.miamibeachfl.gov\/#website","url":"https:\/\/www.miamibeachfl.gov\/","name":"Ville de Miami Beach","description":"Site officiel de la ville de Miami Beach. Restez inform\u00e9 et trouvez des informations importantes sur les services municipaux, les actualit\u00e9s, les alertes, les \u00e9v\u00e9nements, les itin\u00e9raires de tramway, les emplois gouvernementaux et bien plus encore.","publisher":{"@id":"https:\/\/www.miamibeachfl.gov\/#organization"},"potentialAction":[{"@type":"SearchAction","target":{"@type":"EntryPoint","urlTemplate":"https:\/\/www.miamibeachfl.gov\/?s={search_term_string}"},"query-input":{"@type":"PropertyValueSpecification","valueRequired":true,"valueName":"search_term_string"}}],"inLanguage":"fr-FR"},{"@type":"Organization","@id":"https:\/\/www.miamibeachfl.gov\/#organization","name":"Ville de Miami Beach","url":"https:\/\/www.miamibeachfl.gov\/","logo":{"@type":"ImageObject","inLanguage":"fr-FR","@id":"https:\/\/www.miamibeachfl.gov\/#\/schema\/logo\/image\/","url":"https:\/\/www.miamibeachfl.gov\/wp-content\/uploads\/2022\/06\/miamibeach-logoblue.png","contentUrl":"https:\/\/www.miamibeachfl.gov\/wp-content\/uploads\/2022\/06\/miamibeach-logoblue.png","width":1962,"height":381,"caption":"City of Miami Beach"},"image":{"@id":"https:\/\/www.miamibeachfl.gov\/#\/schema\/logo\/image\/"},"sameAs":["https:\/\/www.facebook.com\/cityofmiamibeach","https:\/\/x.com\/Miamibeachnews","https:\/\/www.instagram.com\/miamibeachnews\/"],"description":"Site officiel de la ville de Miami Beach. Restez inform\u00e9 et trouvez des informations importantes sur les services municipaux, les actualit\u00e9s, les alertes, les \u00e9v\u00e9nements, les itin\u00e9raires de tramway, les emplois gouvernementaux et bien plus encore.","telephone":"305.604.CITY(2489)","legalName":"City of Miami Beach"}]}},"_links":{"self":[{"href":"https:\/\/www.miamibeachfl.gov\/fr\/wp-json\/wp\/v2\/pages\/292892","targetHints":{"allow":["GET"]}}],"collection":[{"href":"https:\/\/www.miamibeachfl.gov\/fr\/wp-json\/wp\/v2\/pages"}],"about":[{"href":"https:\/\/www.miamibeachfl.gov\/fr\/wp-json\/wp\/v2\/types\/page"}],"author":[{"embeddable":true,"href":"https:\/\/www.miamibeachfl.gov\/fr\/wp-json\/wp\/v2\/users\/286"}],"replies":[{"embeddable":true,"href":"https:\/\/www.miamibeachfl.gov\/fr\/wp-json\/wp\/v2\/comments?post=292892"}],"version-history":[{"count":0,"href":"https:\/\/www.miamibeachfl.gov\/fr\/wp-json\/wp\/v2\/pages\/292892\/revisions"}],"up":[{"embeddable":true,"href":"https:\/\/www.miamibeachfl.gov\/fr\/wp-json\/wp\/v2\/pages\/258819"}],"wp:attachment":[{"href":"https:\/\/www.miamibeachfl.gov\/fr\/wp-json\/wp\/v2\/media?parent=292892"}],"wp:term":[{"taxonomy":"category","embeddable":true,"href":"https:\/\/www.miamibeachfl.gov\/fr\/wp-json\/wp\/v2\/categories?post=292892"},{"taxonomy":"post_tag","embeddable":true,"href":"https:\/\/www.miamibeachfl.gov\/fr\/wp-json\/wp\/v2\/tags?post=292892"}],"curies":[{"name":"wp","href":"https:\/\/api.w.org\/{rel}","templated":true}]}}