{"id":295052,"date":"2024-04-01T15:28:53","date_gmt":"2024-04-01T19:28:53","guid":{"rendered":"https:\/\/www.miamibeachfl.gov\/?page_id=295052"},"modified":"2025-05-25T15:48:02","modified_gmt":"2025-05-25T19:48:02","slug":"live-local-act-inventory-list","status":"publish","type":"page","link":"https:\/\/www.miamibeachfl.gov\/fr\/city-hall\/housing-and-community-development\/housing-and-community\/community-development\/live-local-act-inventory-list\/","title":{"rendered":"Liste d&#039;inventaire des lois locales en direct"},"content":{"rendered":"<h2>\n\t\t\tListe d&#039;inventaire des lois locales en direct\t<\/h2>\nLogement et communaut\u00e9\t\t\t\n\t\t\t\t\t<ul id=\"menu-housing-and-community-services\"><li id=\"menu-item-273929\"><a href=\"\/fr\/city-hall\/housing-and-community-development\/\">H &amp; C Home<\/a><\/li>\n<li id=\"menu-item-273934\" aria-haspopup=\"true\"><a aria-expanded=\"false\" href=\"\/fr\/city-hall\/housing-and-community-development\/housing-and-community\/\">Logement et communaut\u00e9<\/a>\n<ul>\n\t<li id=\"menu-item-273935\" aria-haspopup=\"true\"><a aria-expanded=\"false\" href=\"\/fr\/city-hall\/housing-and-community-development\/housing-and-community\/community-development\/\">D\u00e9veloppement communautaire<\/a>\n\t<ul>\n\t\t<li id=\"menu-item-295056\"><a href=\"\/fr\/city-hall\/housing-and-community-development\/housing-and-community\/community-development\/live-local-act-inventory-list\/\">Liste d&#039;inventaire des lois locales en direct<\/a><\/li>\n\t<\/ul>\n<\/li>\n\t<li id=\"menu-item-273936\" aria-haspopup=\"true\"><a aria-expanded=\"false\" href=\"\/fr\/city-hall\/housing-and-community-development\/housing-and-community\/\/housing-services\/\">Services de logement<\/a>\n\t<ul>\n\t\t<li id=\"menu-item-275063\"><a href=\"\/fr\/city-hall\/housing-and-community-development\/housing-and-community\/housing-services\/firsttimehomebuyer\/\">Premier acheteur d&#039;une maison<\/a><\/li>\n\t\t<li id=\"menu-item-275064\"><a href=\"\/fr\/city-hall\/housing-and-community-development\/housing-and-community\/housing-services\/ship\/\">BATEAU<\/a><\/li>\n\t\t<li id=\"menu-item-275065\"><a href=\"\/fr\/city-hall\/housing-and-community-development\/housing-and-community\/housing-services\/fairhousing\/\">Logement \u00e9quitable<\/a><\/li>\n\t\t<li id=\"menu-item-335207\"><a href=\"\/fr\/city-hall\/housing-and-community-development\/housing-and-community\/housing-services\/housing-program\/\">Programme de remboursement des frais de demande de location<\/a><\/li>\n\t<\/ul>\n<\/li>\n<\/ul>\n<\/li>\n<li id=\"menu-item-273937\"><a href=\"\/fr\/city-hall\/housing-and-community-development\/residential-housing\/\">Logements r\u00e9sidentiels<\/a><\/li>\n<li id=\"menu-item-273933\"><a href=\"\/fr\/city-hall\/housing-and-community-development\/homeless-outreach\/\">Sensibilisation aux sans-abri<\/a><\/li>\n<li id=\"menu-item-273930\" aria-haspopup=\"true\"><a aria-expanded=\"false\" href=\"\/fr\/city-hall\/housing-and-community-development\/community-services\/\">Services communautaires<\/a>\n<ul>\n\t<li id=\"menu-item-273931\" aria-haspopup=\"true\"><a aria-expanded=\"false\" href=\"\/fr\/city-hall\/housing-and-community-development\/community-services\/elder-services\/\">Services aux a\u00een\u00e9s<\/a>\n\t<ul>\n\t\t<li id=\"menu-item-279801\"><a href=\"\/fr\/city-hall\/housing-and-community-development\/community-services\/elder-services\/senior-centers\/\">Centres pour personnes \u00e2g\u00e9es<\/a><\/li>\n\t<\/ul>\n<\/li>\n\t<li id=\"menu-item-273932\"><a href=\"\/fr\/city-hall\/housing-and-community-development\/community-services\/youth-services\/\">Services jeunesse<\/a><\/li>\n\t<li id=\"menu-item-274595\"><a href=\"\/fr\/city-hall\/housing-and-community-development\/community-services\/#communityserviceslocations\">Emplacements<\/a><\/li>\n<\/ul>\n<\/li>\n<\/ul>\t\nLogement et communaut\u00e9 \u00d7\t\t\t\t\t\t<ul id=\"menu-housing-and-community-services-1\"><li id=\"menu-item-273929\"><a href=\"\/fr\/city-hall\/housing-and-community-development\/\">H &amp; C Home<\/a><\/li>\n<li id=\"menu-item-273934\" aria-haspopup=\"true\"><a aria-expanded=\"false\" href=\"\/fr\/city-hall\/housing-and-community-development\/housing-and-community\/\">Logement et communaut\u00e9<\/a>\n<ul>\n\t<li id=\"menu-item-273935\" aria-haspopup=\"true\"><a aria-expanded=\"false\" href=\"\/fr\/city-hall\/housing-and-community-development\/housing-and-community\/community-development\/\">D\u00e9veloppement communautaire<\/a>\n\t<ul>\n\t\t<li id=\"menu-item-295056\"><a href=\"\/fr\/city-hall\/housing-and-community-development\/housing-and-community\/community-development\/live-local-act-inventory-list\/\">Liste d&#039;inventaire des lois locales en direct<\/a><\/li>\n\t<\/ul>\n<\/li>\n\t<li id=\"menu-item-273936\" aria-haspopup=\"true\"><a aria-expanded=\"false\" href=\"\/fr\/city-hall\/housing-and-community-development\/housing-and-community\/\/housing-services\/\">Services de logement<\/a>\n\t<ul>\n\t\t<li id=\"menu-item-275063\"><a href=\"\/fr\/city-hall\/housing-and-community-development\/housing-and-community\/housing-services\/firsttimehomebuyer\/\">Premier acheteur d&#039;une maison<\/a><\/li>\n\t\t<li id=\"menu-item-275064\"><a href=\"\/fr\/city-hall\/housing-and-community-development\/housing-and-community\/housing-services\/ship\/\">BATEAU<\/a><\/li>\n\t\t<li id=\"menu-item-275065\"><a href=\"\/fr\/city-hall\/housing-and-community-development\/housing-and-community\/housing-services\/fairhousing\/\">Logement \u00e9quitable<\/a><\/li>\n\t\t<li id=\"menu-item-335207\"><a href=\"\/fr\/city-hall\/housing-and-community-development\/housing-and-community\/housing-services\/housing-program\/\">Programme de remboursement des frais de demande de location<\/a><\/li>\n\t<\/ul>\n<\/li>\n<\/ul>\n<\/li>\n<li id=\"menu-item-273937\"><a href=\"\/fr\/city-hall\/housing-and-community-development\/residential-housing\/\">Logements r\u00e9sidentiels<\/a><\/li>\n<li id=\"menu-item-273933\"><a href=\"\/fr\/city-hall\/housing-and-community-development\/homeless-outreach\/\">Sensibilisation aux sans-abri<\/a><\/li>\n<li id=\"menu-item-273930\" aria-haspopup=\"true\"><a aria-expanded=\"false\" href=\"\/fr\/city-hall\/housing-and-community-development\/community-services\/\">Services communautaires<\/a>\n<ul>\n\t<li id=\"menu-item-273931\" aria-haspopup=\"true\"><a aria-expanded=\"false\" href=\"\/fr\/city-hall\/housing-and-community-development\/community-services\/elder-services\/\">Services aux a\u00een\u00e9s<\/a>\n\t<ul>\n\t\t<li id=\"menu-item-279801\"><a href=\"\/fr\/city-hall\/housing-and-community-development\/community-services\/elder-services\/senior-centers\/\">Centres pour personnes \u00e2g\u00e9es<\/a><\/li>\n\t<\/ul>\n<\/li>\n\t<li id=\"menu-item-273932\"><a href=\"\/fr\/city-hall\/housing-and-community-development\/community-services\/youth-services\/\">Services jeunesse<\/a><\/li>\n\t<li id=\"menu-item-274595\"><a href=\"\/fr\/city-hall\/housing-and-community-development\/community-services\/#communityserviceslocations\">Emplacements<\/a><\/li>\n<\/ul>\n<\/li>\n<\/ul>\t\t\t\t\n\t<p>Conform\u00e9ment aux statuts de la Floride <a href=\"http:\/\/www.leg.state.fl.us\/statutes\/index.cfm?App_mode=Display_Statute&amp;Search_String=&amp;URL=0100-0199\/0166\/Sections\/0166.0451.html\">166.0451<\/a>Vous trouverez ci-dessous la liste des parcelles appartenant \u00e0 la Ville de Miami Beach, g\u00e9r\u00e9es par le Bureau du Logement et des Services Communautaires de la Ville, susceptibles d&#039;\u00eatre am\u00e9nag\u00e9es en logements sociaux. Aux fins des statuts cit\u00e9s, le terme \u00ab\u00a0social\u00a0\u00bb a la m\u00eame signification que celle indiqu\u00e9e dans le chapitre 420.0004(3) des Statuts de Floride. Veuillez noter que la cession ou la vente de tout ou partie des lots list\u00e9s ici est \u00e0 la seule discr\u00e9tion du maire et de la Commission de la Ville de Miami Beach. <i>Avis de non-responsabilit\u00e9 : Certains des lots mentionn\u00e9s dans cette liste peuvent avoir des restrictions en raison de leur source de financement d&#039;origine.<\/i><\/p>\n<ul>\n<li>Appartements Barclay Plaza, 1940 Park Avenue, Miami Beach, FL 33141<\/li>\n<\/ul>\n\t\t\t\t<img decoding=\"async\" src=\"https:\/\/www.miamibeachfl.gov\/wp-content\/uploads\/bb-plugin\/cache\/Alba-Tarre1000sq-circle.jpg\" alt=\"Alba-Tarre1000sq\" title=\"Alba-Tarre1000sq\" itemprop=\"image\"\/>\n\t\t\t\t \n\t\t<h3>Alba Tarre<\/h3>Directeur de d\u00e9partement Nous nous engageons \u00e0 r\u00e9pondre aux besoins de nos r\u00e9sidents en fournissant un service et un soutien de la plus haute qualit\u00e9 tout en assurant la satisfaction du client \u00e0 chaque interaction.\t\t\t\t\t\t\t\n\t\t\t\t<a href=\"mailto:albatarre@miamibeachfl.gov\" target=\"_self\">\t\t\t\t\n\t\t<\/a><a href=\"tel:305.673.7491\" target=\"_self\">\t\t\t\t\n\t\t<\/a>\t\t\t\t \n\t<ul>\n\t\t<li><a href=\"\/fr\/city-hall\/housing-and-community-development\/community-services\/#communityserviceslocations\" target=\"_self\"  aria-label=\"Acc\u00e9dez \u00e0 \/city-hall\/housing-and-community-development\/community-services\/#communityserviceslocations\">\t\t\t\t\n\t\t<h3>Emplacements<\/h3><p>765 17e Rue\u00a0<\/p><\/a><\/li><li><a href=\"tel:3056737491\" target=\"_self\"  aria-label=\"Aller au t\u00e9l:3056737491\">\t\t\t\t\n\t\t<h3>Num\u00e9ro principal :<\/h3><p>305.673.7491<\/p><\/a><\/li><li><a href=\"mailto:albatarre@miamibeachfl.gov\" target=\"_self\"  aria-label=\"Allez \u00e0 mailto:albatarre@miamibeachfl.gov\">\t\t\t\t\n\t\t<h3>E-mail:<\/h3><p><a href=\"mailto:albatarre@miamibeachfl.gov\">albatarre@miamibeachfl.gov<\/a><\/p><\/a><\/li><li><a href=\"mailto:Firedepartment@miamibeachfl.gov\" target=\"_self\"  aria-label=\"Allez \u00e0 mailto:Firedepartment@miamibeachfl.gov\">\t\t\t\t\n\t\t<h3>Heures d&#039;ouverture :<\/h3><p>Lundi \u2013 Vendredi<br \/>8h30 \u2013 17h<\/p><\/a><\/li>\t<\/ul>","protected":false},"excerpt":{"rendered":"<p>Liste d&#039;inventaire de la loi Live Local Act Logement et communaut\u00e9 H &amp; C Accueil Logement et communaut\u00e9 D\u00e9veloppement communautaire Loi Live Local Act [\u2026]<\/p>","protected":false},"author":329,"featured_media":0,"parent":274814,"menu_order":0,"comment_status":"closed","ping_status":"closed","template":"","meta":{"_searchwp_excluded":"","site-sidebar-layout":"default","site-content-layout":"","ast-site-content-layout":"default","site-content-style":"default","site-sidebar-style":"default","ast-global-header-display":"","ast-banner-title-visibility":"","ast-main-header-display":"","ast-hfb-above-header-display":"","ast-hfb-below-header-display":"","ast-hfb-mobile-header-display":"","site-post-title":"","ast-breadcrumbs-content":"","ast-featured-img":"","footer-sml-layout":"","theme-transparent-header-meta":"","adv-header-id-meta":"","stick-header-meta":"","header-above-stick-meta":"","header-main-stick-meta":"","header-below-stick-meta":"","astra-migrate-meta-layouts":"default","ast-page-background-enabled":"default","ast-page-background-meta":{"desktop":{"background-color":"var(--ast-global-color-5)","background-image":"","background-repeat":"repeat","background-position":"center center","background-size":"auto","background-attachment":"scroll","background-type":"","background-media":"","overlay-type":"","overlay-color":"","overlay-opacity":"","overlay-gradient":""},"tablet":{"background-color":"","background-image":"","background-repeat":"repeat","background-position":"center center","background-size":"auto","background-attachment":"scroll","background-type":"","background-media":"","overlay-type":"","overlay-color":"","overlay-opacity":"","overlay-gradient":""},"mobile":{"background-color":"","background-image":"","background-repeat":"repeat","background-position":"center center","background-size":"auto","background-attachment":"scroll","background-type":"","background-media":"","overlay-type":"","overlay-color":"","overlay-opacity":"","overlay-gradient":""}},"ast-content-background-meta":{"desktop":{"background-color":"var(--ast-global-color-4)","background-image":"","background-repeat":"repeat","background-position":"center center","background-size":"auto","background-attachment":"scroll","background-type":"","background-media":"","overlay-type":"","overlay-color":"","overlay-opacity":"","overlay-gradient":""},"tablet":{"background-color":"var(--ast-global-color-4)","background-image":"","background-repeat":"repeat","background-position":"center center","background-size":"auto","background-attachment":"scroll","background-type":"","background-media":"","overlay-type":"","overlay-color":"","overlay-opacity":"","overlay-gradient":""},"mobile":{"background-color":"var(--ast-global-color-4)","background-image":"","background-repeat":"repeat","background-position":"center center","background-size":"auto","background-attachment":"scroll","background-type":"","background-media":"","overlay-type":"","overlay-color":"","overlay-opacity":"","overlay-gradient":""}},"footnotes":""},"categories":[],"tags":[1106],"class_list":["post-295052","page","type-page","status-publish","hentry","tag-housing-and-community-development"],"yoast_head":"<!-- This site is optimized with the Yoast SEO Premium plugin v26.6 (Yoast SEO v26.6) - https:\/\/yoast.com\/wordpress\/plugins\/seo\/ -->\n<title>Live Local Act Inventory List - City of Miami Beach<\/title>\n<meta name=\"description\" content=\"%\" \/>\n<meta name=\"robots\" content=\"index, follow, max-snippet:-1, max-image-preview:large, max-video-preview:-1\" \/>\n<link rel=\"canonical\" href=\"https:\/\/www.miamibeachfl.gov\/fr\/city-hall\/housing-and-community-development\/housing-and-community\/community-development\/live-local-act-inventory-list\/\" \/>\n<meta property=\"og:locale\" content=\"fr_FR\" \/>\n<meta property=\"og:type\" content=\"article\" \/>\n<meta property=\"og:title\" content=\"Live Local Act Inventory List\" \/>\n<meta property=\"og:description\" content=\"%\" \/>\n<meta property=\"og:url\" content=\"https:\/\/www.miamibeachfl.gov\/fr\/city-hall\/housing-and-community-development\/housing-and-community\/community-development\/live-local-act-inventory-list\/\" \/>\n<meta property=\"og:site_name\" content=\"City of Miami Beach\" \/>\n<meta property=\"article:publisher\" content=\"https:\/\/www.facebook.com\/cityofmiamibeach\" \/>\n<meta property=\"article:modified_time\" content=\"2025-05-25T19:48:02+00:00\" \/>\n<meta property=\"og:image\" content=\"https:\/\/www.miamibeachfl.gov\/wp-content\/uploads\/bb-plugin\/cache\/Alba-Tarre1000sq-circle.jpg\" \/>\n<meta name=\"twitter:card\" content=\"summary_large_image\" \/>\n<meta name=\"twitter:site\" content=\"@Miamibeachnews\" \/>\n<script type=\"application\/ld+json\" class=\"yoast-schema-graph\">{\"@context\":\"https:\/\/schema.org\",\"@graph\":[{\"@type\":\"WebPage\",\"@id\":\"https:\/\/www.miamibeachfl.gov\/city-hall\/housing-and-community-development\/housing-and-community\/community-development\/live-local-act-inventory-list\/\",\"url\":\"https:\/\/www.miamibeachfl.gov\/city-hall\/housing-and-community-development\/housing-and-community\/community-development\/live-local-act-inventory-list\/\",\"name\":\"Live Local Act Inventory List - City of Miami Beach\",\"isPartOf\":{\"@id\":\"https:\/\/www.miamibeachfl.gov\/#website\"},\"primaryImageOfPage\":{\"@id\":\"https:\/\/www.miamibeachfl.gov\/city-hall\/housing-and-community-development\/housing-and-community\/community-development\/live-local-act-inventory-list\/#primaryimage\"},\"image\":{\"@id\":\"https:\/\/www.miamibeachfl.gov\/city-hall\/housing-and-community-development\/housing-and-community\/community-development\/live-local-act-inventory-list\/#primaryimage\"},\"thumbnailUrl\":\"https:\/\/www.miamibeachfl.gov\/wp-content\/uploads\/bb-plugin\/cache\/Alba-Tarre1000sq-circle.jpg\",\"datePublished\":\"2024-04-01T19:28:53+00:00\",\"dateModified\":\"2025-05-25T19:48:02+00:00\",\"description\":\"%\",\"breadcrumb\":{\"@id\":\"https:\/\/www.miamibeachfl.gov\/city-hall\/housing-and-community-development\/housing-and-community\/community-development\/live-local-act-inventory-list\/#breadcrumb\"},\"inLanguage\":\"fr-FR\",\"potentialAction\":[{\"@type\":\"ReadAction\",\"target\":[\"https:\/\/www.miamibeachfl.gov\/city-hall\/housing-and-community-development\/housing-and-community\/community-development\/live-local-act-inventory-list\/\"]}]},{\"@type\":\"ImageObject\",\"inLanguage\":\"fr-FR\",\"@id\":\"https:\/\/www.miamibeachfl.gov\/city-hall\/housing-and-community-development\/housing-and-community\/community-development\/live-local-act-inventory-list\/#primaryimage\",\"url\":\"https:\/\/www.miamibeachfl.gov\/wp-content\/uploads\/bb-plugin\/cache\/Alba-Tarre1000sq-circle.jpg\",\"contentUrl\":\"https:\/\/www.miamibeachfl.gov\/wp-content\/uploads\/bb-plugin\/cache\/Alba-Tarre1000sq-circle.jpg\"},{\"@type\":\"BreadcrumbList\",\"@id\":\"https:\/\/www.miamibeachfl.gov\/city-hall\/housing-and-community-development\/housing-and-community\/community-development\/live-local-act-inventory-list\/#breadcrumb\",\"itemListElement\":[{\"@type\":\"ListItem\",\"position\":1,\"name\":\"Home\",\"item\":\"https:\/\/www.miamibeachfl.gov\/\"},{\"@type\":\"ListItem\",\"position\":2,\"name\":\"City Hall\",\"item\":\"https:\/\/www.miamibeachfl.gov\/city-hall\/\"},{\"@type\":\"ListItem\",\"position\":3,\"name\":\"Housing &#038; Community Services\",\"item\":\"https:\/\/www.miamibeachfl.gov\/city-hall\/housing-and-community-development\/\"},{\"@type\":\"ListItem\",\"position\":4,\"name\":\"Housing and Community Development\",\"item\":\"https:\/\/www.miamibeachfl.gov\/city-hall\/housing-and-community-development\/housing-and-community\/\"},{\"@type\":\"ListItem\",\"position\":5,\"name\":\"Community Development\",\"item\":\"https:\/\/www.miamibeachfl.gov\/city-hall\/housing-and-community-development\/housing-and-community\/community-development\/\"},{\"@type\":\"ListItem\",\"position\":6,\"name\":\"Live Local Act Inventory List\"}]},{\"@type\":\"WebSite\",\"@id\":\"https:\/\/www.miamibeachfl.gov\/#website\",\"url\":\"https:\/\/www.miamibeachfl.gov\/\",\"name\":\"City of Miami Beach\",\"description\":\"The official website of the City of Miami Beach. Stay informed, find important information on city services, news, alerts, events, trolley routes, government employment and more.\",\"publisher\":{\"@id\":\"https:\/\/www.miamibeachfl.gov\/#organization\"},\"potentialAction\":[{\"@type\":\"SearchAction\",\"target\":{\"@type\":\"EntryPoint\",\"urlTemplate\":\"https:\/\/www.miamibeachfl.gov\/?s={search_term_string}\"},\"query-input\":{\"@type\":\"PropertyValueSpecification\",\"valueRequired\":true,\"valueName\":\"search_term_string\"}}],\"inLanguage\":\"fr-FR\"},{\"@type\":\"Organization\",\"@id\":\"https:\/\/www.miamibeachfl.gov\/#organization\",\"name\":\"City of Miami Beach\",\"url\":\"https:\/\/www.miamibeachfl.gov\/\",\"logo\":{\"@type\":\"ImageObject\",\"inLanguage\":\"fr-FR\",\"@id\":\"https:\/\/www.miamibeachfl.gov\/#\/schema\/logo\/image\/\",\"url\":\"https:\/\/www.miamibeachfl.gov\/wp-content\/uploads\/2022\/06\/miamibeach-logoblue.png\",\"contentUrl\":\"https:\/\/www.miamibeachfl.gov\/wp-content\/uploads\/2022\/06\/miamibeach-logoblue.png\",\"width\":1962,\"height\":381,\"caption\":\"City of Miami Beach\"},\"image\":{\"@id\":\"https:\/\/www.miamibeachfl.gov\/#\/schema\/logo\/image\/\"},\"sameAs\":[\"https:\/\/www.facebook.com\/cityofmiamibeach\",\"https:\/\/x.com\/Miamibeachnews\",\"https:\/\/www.instagram.com\/miamibeachnews\/\"],\"description\":\"The official website of the City of Miami Beach. Stay informed, find important information on city services, news, alerts, events, trolley routes, government employment and more.\",\"telephone\":\"305.604.CITY(2489)\",\"legalName\":\"City of Miami Beach\"}]}<\/script>\n<!-- \/ Yoast SEO Premium plugin. -->","yoast_head_json":{"title":"Liste d&#039;inventaire des programmes Live Local Act - Ville de Miami Beach","description":"%","robots":{"index":"index","follow":"follow","max-snippet":"max-snippet:-1","max-image-preview":"max-image-preview:large","max-video-preview":"max-video-preview:-1"},"canonical":"https:\/\/www.miamibeachfl.gov\/fr\/city-hall\/housing-and-community-development\/housing-and-community\/community-development\/live-local-act-inventory-list\/","og_locale":"fr_FR","og_type":"article","og_title":"Live Local Act Inventory List","og_description":"%","og_url":"https:\/\/www.miamibeachfl.gov\/fr\/city-hall\/housing-and-community-development\/housing-and-community\/community-development\/live-local-act-inventory-list\/","og_site_name":"City of Miami Beach","article_publisher":"https:\/\/www.facebook.com\/cityofmiamibeach","article_modified_time":"2025-05-25T19:48:02+00:00","og_image":[{"url":"https:\/\/www.miamibeachfl.gov\/wp-content\/uploads\/bb-plugin\/cache\/Alba-Tarre1000sq-circle.jpg","type":"","width":"","height":""}],"twitter_card":"summary_large_image","twitter_site":"@Miamibeachnews","schema":{"@context":"https:\/\/schema.org","@graph":[{"@type":"WebPage","@id":"https:\/\/www.miamibeachfl.gov\/city-hall\/housing-and-community-development\/housing-and-community\/community-development\/live-local-act-inventory-list\/","url":"https:\/\/www.miamibeachfl.gov\/city-hall\/housing-and-community-development\/housing-and-community\/community-development\/live-local-act-inventory-list\/","name":"Liste d&#039;inventaire des programmes Live Local Act - Ville de Miami Beach","isPartOf":{"@id":"https:\/\/www.miamibeachfl.gov\/#website"},"primaryImageOfPage":{"@id":"https:\/\/www.miamibeachfl.gov\/city-hall\/housing-and-community-development\/housing-and-community\/community-development\/live-local-act-inventory-list\/#primaryimage"},"image":{"@id":"https:\/\/www.miamibeachfl.gov\/city-hall\/housing-and-community-development\/housing-and-community\/community-development\/live-local-act-inventory-list\/#primaryimage"},"thumbnailUrl":"https:\/\/www.miamibeachfl.gov\/wp-content\/uploads\/bb-plugin\/cache\/Alba-Tarre1000sq-circle.jpg","datePublished":"2024-04-01T19:28:53+00:00","dateModified":"2025-05-25T19:48:02+00:00","description":"%","breadcrumb":{"@id":"https:\/\/www.miamibeachfl.gov\/city-hall\/housing-and-community-development\/housing-and-community\/community-development\/live-local-act-inventory-list\/#breadcrumb"},"inLanguage":"fr-FR","potentialAction":[{"@type":"ReadAction","target":["https:\/\/www.miamibeachfl.gov\/city-hall\/housing-and-community-development\/housing-and-community\/community-development\/live-local-act-inventory-list\/"]}]},{"@type":"ImageObject","inLanguage":"fr-FR","@id":"https:\/\/www.miamibeachfl.gov\/city-hall\/housing-and-community-development\/housing-and-community\/community-development\/live-local-act-inventory-list\/#primaryimage","url":"https:\/\/www.miamibeachfl.gov\/wp-content\/uploads\/bb-plugin\/cache\/Alba-Tarre1000sq-circle.jpg","contentUrl":"https:\/\/www.miamibeachfl.gov\/wp-content\/uploads\/bb-plugin\/cache\/Alba-Tarre1000sq-circle.jpg"},{"@type":"BreadcrumbList","@id":"https:\/\/www.miamibeachfl.gov\/city-hall\/housing-and-community-development\/housing-and-community\/community-development\/live-local-act-inventory-list\/#breadcrumb","itemListElement":[{"@type":"ListItem","position":1,"name":"Home","item":"https:\/\/www.miamibeachfl.gov\/"},{"@type":"ListItem","position":2,"name":"City Hall","item":"https:\/\/www.miamibeachfl.gov\/city-hall\/"},{"@type":"ListItem","position":3,"name":"Housing &#038; Community Services","item":"https:\/\/www.miamibeachfl.gov\/city-hall\/housing-and-community-development\/"},{"@type":"ListItem","position":4,"name":"Housing and Community Development","item":"https:\/\/www.miamibeachfl.gov\/city-hall\/housing-and-community-development\/housing-and-community\/"},{"@type":"ListItem","position":5,"name":"Community Development","item":"https:\/\/www.miamibeachfl.gov\/city-hall\/housing-and-community-development\/housing-and-community\/community-development\/"},{"@type":"ListItem","position":6,"name":"Live Local Act Inventory List"}]},{"@type":"WebSite","@id":"https:\/\/www.miamibeachfl.gov\/#website","url":"https:\/\/www.miamibeachfl.gov\/","name":"Ville de Miami Beach","description":"Site officiel de la ville de Miami Beach. Restez inform\u00e9 et trouvez des informations importantes sur les services municipaux, les actualit\u00e9s, les alertes, les \u00e9v\u00e9nements, les itin\u00e9raires de tramway, les emplois gouvernementaux et bien plus encore.","publisher":{"@id":"https:\/\/www.miamibeachfl.gov\/#organization"},"potentialAction":[{"@type":"SearchAction","target":{"@type":"EntryPoint","urlTemplate":"https:\/\/www.miamibeachfl.gov\/?s={search_term_string}"},"query-input":{"@type":"PropertyValueSpecification","valueRequired":true,"valueName":"search_term_string"}}],"inLanguage":"fr-FR"},{"@type":"Organization","@id":"https:\/\/www.miamibeachfl.gov\/#organization","name":"Ville de Miami Beach","url":"https:\/\/www.miamibeachfl.gov\/","logo":{"@type":"ImageObject","inLanguage":"fr-FR","@id":"https:\/\/www.miamibeachfl.gov\/#\/schema\/logo\/image\/","url":"https:\/\/www.miamibeachfl.gov\/wp-content\/uploads\/2022\/06\/miamibeach-logoblue.png","contentUrl":"https:\/\/www.miamibeachfl.gov\/wp-content\/uploads\/2022\/06\/miamibeach-logoblue.png","width":1962,"height":381,"caption":"City of Miami Beach"},"image":{"@id":"https:\/\/www.miamibeachfl.gov\/#\/schema\/logo\/image\/"},"sameAs":["https:\/\/www.facebook.com\/cityofmiamibeach","https:\/\/x.com\/Miamibeachnews","https:\/\/www.instagram.com\/miamibeachnews\/"],"description":"Site officiel de la ville de Miami Beach. Restez inform\u00e9 et trouvez des informations importantes sur les services municipaux, les actualit\u00e9s, les alertes, les \u00e9v\u00e9nements, les itin\u00e9raires de tramway, les emplois gouvernementaux et bien plus encore.","telephone":"305.604.CITY(2489)","legalName":"City of Miami Beach"}]}},"_links":{"self":[{"href":"https:\/\/www.miamibeachfl.gov\/fr\/wp-json\/wp\/v2\/pages\/295052","targetHints":{"allow":["GET"]}}],"collection":[{"href":"https:\/\/www.miamibeachfl.gov\/fr\/wp-json\/wp\/v2\/pages"}],"about":[{"href":"https:\/\/www.miamibeachfl.gov\/fr\/wp-json\/wp\/v2\/types\/page"}],"author":[{"embeddable":true,"href":"https:\/\/www.miamibeachfl.gov\/fr\/wp-json\/wp\/v2\/users\/329"}],"replies":[{"embeddable":true,"href":"https:\/\/www.miamibeachfl.gov\/fr\/wp-json\/wp\/v2\/comments?post=295052"}],"version-history":[{"count":0,"href":"https:\/\/www.miamibeachfl.gov\/fr\/wp-json\/wp\/v2\/pages\/295052\/revisions"}],"up":[{"embeddable":true,"href":"https:\/\/www.miamibeachfl.gov\/fr\/wp-json\/wp\/v2\/pages\/274814"}],"wp:attachment":[{"href":"https:\/\/www.miamibeachfl.gov\/fr\/wp-json\/wp\/v2\/media?parent=295052"}],"wp:term":[{"taxonomy":"category","embeddable":true,"href":"https:\/\/www.miamibeachfl.gov\/fr\/wp-json\/wp\/v2\/categories?post=295052"},{"taxonomy":"post_tag","embeddable":true,"href":"https:\/\/www.miamibeachfl.gov\/fr\/wp-json\/wp\/v2\/tags?post=295052"}],"curies":[{"name":"wp","href":"https:\/\/api.w.org\/{rel}","templated":true}]}}