{"id":295463,"date":"2024-04-03T15:25:51","date_gmt":"2024-04-03T19:25:51","guid":{"rendered":"https:\/\/www.miamibeachfl.gov\/?page_id=295463"},"modified":"2025-05-25T15:45:18","modified_gmt":"2025-05-25T19:45:18","slug":"all-stars-summer-camp-waitlist","status":"publish","type":"page","link":"https:\/\/www.miamibeachfl.gov\/fr\/city-hall\/housing-and-community-development\/community-services\/youth-services\/all-stars-summer-camp-waitlist\/","title":{"rendered":"Liste d&#039;attente du camp d&#039;\u00e9t\u00e9 All Stars"},"content":{"rendered":"<h2>\n\t\t\tCamp d&#039;\u00e9t\u00e9 All Stars\t<\/h2>\nLogement et communaut\u00e9\t\t\t\n\t\t\t\t\t<ul id=\"menu-housing-and-community-services\"><li id=\"menu-item-273929\"><a href=\"\/fr\/city-hall\/housing-and-community-development\/\">H &amp; C Home<\/a><\/li>\n<li id=\"menu-item-273934\" aria-haspopup=\"true\"><a aria-expanded=\"false\" href=\"\/fr\/city-hall\/housing-and-community-development\/housing-and-community\/\">Logement et communaut\u00e9<\/a>\n<ul>\n\t<li id=\"menu-item-273935\" aria-haspopup=\"true\"><a aria-expanded=\"false\" href=\"\/fr\/city-hall\/housing-and-community-development\/housing-and-community\/community-development\/\">D\u00e9veloppement communautaire<\/a>\n\t<ul>\n\t\t<li id=\"menu-item-295056\"><a href=\"\/fr\/city-hall\/housing-and-community-development\/housing-and-community\/community-development\/live-local-act-inventory-list\/\">Liste d&#039;inventaire des lois locales en direct<\/a><\/li>\n\t<\/ul>\n<\/li>\n\t<li id=\"menu-item-273936\" aria-haspopup=\"true\"><a aria-expanded=\"false\" href=\"\/fr\/city-hall\/housing-and-community-development\/housing-and-community\/\/housing-services\/\">Services de logement<\/a>\n\t<ul>\n\t\t<li id=\"menu-item-275063\"><a href=\"\/fr\/city-hall\/housing-and-community-development\/housing-and-community\/housing-services\/firsttimehomebuyer\/\">Premier acheteur d&#039;une maison<\/a><\/li>\n\t\t<li id=\"menu-item-275064\"><a href=\"\/fr\/city-hall\/housing-and-community-development\/housing-and-community\/housing-services\/ship\/\">BATEAU<\/a><\/li>\n\t\t<li id=\"menu-item-275065\"><a href=\"\/fr\/city-hall\/housing-and-community-development\/housing-and-community\/housing-services\/fairhousing\/\">Logement \u00e9quitable<\/a><\/li>\n\t\t<li id=\"menu-item-335207\"><a href=\"\/fr\/city-hall\/housing-and-community-development\/housing-and-community\/housing-services\/housing-program\/\">Programme de remboursement des frais de demande de location<\/a><\/li>\n\t<\/ul>\n<\/li>\n<\/ul>\n<\/li>\n<li id=\"menu-item-273937\"><a href=\"\/fr\/city-hall\/housing-and-community-development\/residential-housing\/\">Logements r\u00e9sidentiels<\/a><\/li>\n<li id=\"menu-item-273933\"><a href=\"\/fr\/city-hall\/housing-and-community-development\/homeless-outreach\/\">Sensibilisation aux sans-abri<\/a><\/li>\n<li id=\"menu-item-273930\" aria-haspopup=\"true\"><a aria-expanded=\"false\" href=\"\/fr\/city-hall\/housing-and-community-development\/community-services\/\">Services communautaires<\/a>\n<ul>\n\t<li id=\"menu-item-273931\" aria-haspopup=\"true\"><a aria-expanded=\"false\" href=\"\/fr\/city-hall\/housing-and-community-development\/community-services\/elder-services\/\">Services aux a\u00een\u00e9s<\/a>\n\t<ul>\n\t\t<li id=\"menu-item-279801\"><a href=\"\/fr\/city-hall\/housing-and-community-development\/community-services\/elder-services\/senior-centers\/\">Centres pour personnes \u00e2g\u00e9es<\/a><\/li>\n\t<\/ul>\n<\/li>\n\t<li id=\"menu-item-273932\"><a href=\"\/fr\/city-hall\/housing-and-community-development\/community-services\/youth-services\/\">Services jeunesse<\/a><\/li>\n\t<li id=\"menu-item-274595\"><a href=\"\/fr\/city-hall\/housing-and-community-development\/community-services\/#communityserviceslocations\">Emplacements<\/a><\/li>\n<\/ul>\n<\/li>\n<\/ul>\t\nLogement et communaut\u00e9 \u00d7\t\t\t\t\t\t<ul id=\"menu-housing-and-community-services-1\"><li id=\"menu-item-273929\"><a href=\"\/fr\/city-hall\/housing-and-community-development\/\">H &amp; C Home<\/a><\/li>\n<li id=\"menu-item-273934\" aria-haspopup=\"true\"><a aria-expanded=\"false\" href=\"\/fr\/city-hall\/housing-and-community-development\/housing-and-community\/\">Logement et communaut\u00e9<\/a>\n<ul>\n\t<li id=\"menu-item-273935\" aria-haspopup=\"true\"><a aria-expanded=\"false\" href=\"\/fr\/city-hall\/housing-and-community-development\/housing-and-community\/community-development\/\">D\u00e9veloppement communautaire<\/a>\n\t<ul>\n\t\t<li id=\"menu-item-295056\"><a href=\"\/fr\/city-hall\/housing-and-community-development\/housing-and-community\/community-development\/live-local-act-inventory-list\/\">Liste d&#039;inventaire des lois locales en direct<\/a><\/li>\n\t<\/ul>\n<\/li>\n\t<li id=\"menu-item-273936\" aria-haspopup=\"true\"><a aria-expanded=\"false\" href=\"\/fr\/city-hall\/housing-and-community-development\/housing-and-community\/\/housing-services\/\">Services de logement<\/a>\n\t<ul>\n\t\t<li id=\"menu-item-275063\"><a href=\"\/fr\/city-hall\/housing-and-community-development\/housing-and-community\/housing-services\/firsttimehomebuyer\/\">Premier acheteur d&#039;une maison<\/a><\/li>\n\t\t<li id=\"menu-item-275064\"><a href=\"\/fr\/city-hall\/housing-and-community-development\/housing-and-community\/housing-services\/ship\/\">BATEAU<\/a><\/li>\n\t\t<li id=\"menu-item-275065\"><a href=\"\/fr\/city-hall\/housing-and-community-development\/housing-and-community\/housing-services\/fairhousing\/\">Logement \u00e9quitable<\/a><\/li>\n\t\t<li id=\"menu-item-335207\"><a href=\"\/fr\/city-hall\/housing-and-community-development\/housing-and-community\/housing-services\/housing-program\/\">Programme de remboursement des frais de demande de location<\/a><\/li>\n\t<\/ul>\n<\/li>\n<\/ul>\n<\/li>\n<li id=\"menu-item-273937\"><a href=\"\/fr\/city-hall\/housing-and-community-development\/residential-housing\/\">Logements r\u00e9sidentiels<\/a><\/li>\n<li id=\"menu-item-273933\"><a href=\"\/fr\/city-hall\/housing-and-community-development\/homeless-outreach\/\">Sensibilisation aux sans-abri<\/a><\/li>\n<li id=\"menu-item-273930\" aria-haspopup=\"true\"><a aria-expanded=\"false\" href=\"\/fr\/city-hall\/housing-and-community-development\/community-services\/\">Services communautaires<\/a>\n<ul>\n\t<li id=\"menu-item-273931\" aria-haspopup=\"true\"><a aria-expanded=\"false\" href=\"\/fr\/city-hall\/housing-and-community-development\/community-services\/elder-services\/\">Services aux a\u00een\u00e9s<\/a>\n\t<ul>\n\t\t<li id=\"menu-item-279801\"><a href=\"\/fr\/city-hall\/housing-and-community-development\/community-services\/elder-services\/senior-centers\/\">Centres pour personnes \u00e2g\u00e9es<\/a><\/li>\n\t<\/ul>\n<\/li>\n\t<li id=\"menu-item-273932\"><a href=\"\/fr\/city-hall\/housing-and-community-development\/community-services\/youth-services\/\">Services jeunesse<\/a><\/li>\n\t<li id=\"menu-item-274595\"><a href=\"\/fr\/city-hall\/housing-and-community-development\/community-services\/#communityserviceslocations\">Emplacements<\/a><\/li>\n<\/ul>\n<\/li>\n<\/ul>\t\t\t\t\n\t\n\t<p><strong>Pour toute question, contactez-nous au <\/strong><a href=\"mailto:AllstarsProgram@miamibeachfl.gov\"><strong>AllstarsProgram@miamibeachfl.gov<\/strong><\/a> <strong>ou 305-673-7491.<\/strong><\/p>\n\t\t\t\t<img decoding=\"async\" src=\"https:\/\/www.miamibeachfl.gov\/wp-content\/uploads\/bb-plugin\/cache\/Alba-Tarre1000sq-circle.jpg\" alt=\"Alba-Tarre1000sq\" title=\"Alba-Tarre1000sq\" itemprop=\"image\"\/>\n\t\t\t\t \n\t\t<h3>Alba Tarre<\/h3>Directeur de d\u00e9partement Nous nous engageons \u00e0 r\u00e9pondre aux besoins de nos r\u00e9sidents en fournissant un service et un soutien de la plus haute qualit\u00e9 tout en assurant la satisfaction du client \u00e0 chaque interaction.\t\t\t\t\t\t\t\n\t\t\t\t<a href=\"mailto:albatarre@miamibeachfl.gov\" target=\"_self\">\t\t\t\t\n\t\t<\/a><a href=\"tel:305.673.7491\" target=\"_self\">\t\t\t\t\n\t\t<\/a>\t\t\t\t \n\t<ul>\n\t\t<li><a href=\"\/fr\/city-hall\/housing-and-community-development\/community-services\/#communityserviceslocations\" target=\"_self\"  aria-label=\"Acc\u00e9dez \u00e0 \/city-hall\/housing-and-community-development\/community-services\/#communityserviceslocations\">\t\t\t\t\n\t\t<h3>Emplacements<\/h3><p>765 17e Rue\u00a0<\/p><\/a><\/li><li><a href=\"tel:3056737491\" target=\"_self\"  aria-label=\"Aller au t\u00e9l:3056737491\">\t\t\t\t\n\t\t<h3>Num\u00e9ro principal :<\/h3><p>305.673.7491<\/p><\/a><\/li><li><a href=\"mailto:albatarre@miamibeachfl.gov\" target=\"_self\"  aria-label=\"Allez \u00e0 mailto:albatarre@miamibeachfl.gov\">\t\t\t\t\n\t\t<h3>E-mail:<\/h3><p><a href=\"mailto:albatarre@miamibeachfl.gov\">albatarre@miamibeachfl.gov<\/a><\/p><\/a><\/li><li><a href=\"mailto:Firedepartment@miamibeachfl.gov\" target=\"_self\"  aria-label=\"Allez \u00e0 mailto:Firedepartment@miamibeachfl.gov\">\t\t\t\t\n\t\t<h3>Heures d&#039;ouverture :<\/h3><p>Lundi \u2013 Vendredi<br \/>8h30 \u2013 17h<\/p><\/a><\/li>\t<\/ul>","protected":false},"excerpt":{"rendered":"<p>All Stars Summer Camp Housing &#038; Community H &#038; C Home Housing &#038; Community Community Development Live Local Act Inventory [&hellip;]<\/p>\n","protected":false},"author":329,"featured_media":0,"parent":273919,"menu_order":0,"comment_status":"closed","ping_status":"closed","template":"","meta":{"_searchwp_excluded":"","site-sidebar-layout":"default","site-content-layout":"","ast-site-content-layout":"default","site-content-style":"default","site-sidebar-style":"default","ast-global-header-display":"","ast-banner-title-visibility":"","ast-main-header-display":"","ast-hfb-above-header-display":"","ast-hfb-below-header-display":"","ast-hfb-mobile-header-display":"","site-post-title":"","ast-breadcrumbs-content":"","ast-featured-img":"","footer-sml-layout":"","theme-transparent-header-meta":"","adv-header-id-meta":"","stick-header-meta":"","header-above-stick-meta":"","header-main-stick-meta":"","header-below-stick-meta":"","astra-migrate-meta-layouts":"default","ast-page-background-enabled":"default","ast-page-background-meta":{"desktop":{"background-color":"var(--ast-global-color-5)","background-image":"","background-repeat":"repeat","background-position":"center center","background-size":"auto","background-attachment":"scroll","background-type":"","background-media":"","overlay-type":"","overlay-color":"","overlay-opacity":"","overlay-gradient":""},"tablet":{"background-color":"","background-image":"","background-repeat":"repeat","background-position":"center center","background-size":"auto","background-attachment":"scroll","background-type":"","background-media":"","overlay-type":"","overlay-color":"","overlay-opacity":"","overlay-gradient":""},"mobile":{"background-color":"","background-image":"","background-repeat":"repeat","background-position":"center center","background-size":"auto","background-attachment":"scroll","background-type":"","background-media":"","overlay-type":"","overlay-color":"","overlay-opacity":"","overlay-gradient":""}},"ast-content-background-meta":{"desktop":{"background-color":"var(--ast-global-color-4)","background-image":"","background-repeat":"repeat","background-position":"center center","background-size":"auto","background-attachment":"scroll","background-type":"","background-media":"","overlay-type":"","overlay-color":"","overlay-opacity":"","overlay-gradient":""},"tablet":{"background-color":"var(--ast-global-color-4)","background-image":"","background-repeat":"repeat","background-position":"center center","background-size":"auto","background-attachment":"scroll","background-type":"","background-media":"","overlay-type":"","overlay-color":"","overlay-opacity":"","overlay-gradient":""},"mobile":{"background-color":"var(--ast-global-color-4)","background-image":"","background-repeat":"repeat","background-position":"center center","background-size":"auto","background-attachment":"scroll","background-type":"","background-media":"","overlay-type":"","overlay-color":"","overlay-opacity":"","overlay-gradient":""}},"footnotes":""},"categories":[],"tags":[1106],"class_list":["post-295463","page","type-page","status-publish","hentry","tag-housing-and-community-development"],"yoast_head":"<!-- This site is optimized with the Yoast SEO Premium plugin v26.6 (Yoast SEO v26.6) - https:\/\/yoast.com\/wordpress\/plugins\/seo\/ -->\n<title>All Stars Summer Camp Waitlist - City of Miami Beach<\/title>\n<meta name=\"description\" content=\"%\" \/>\n<meta name=\"robots\" content=\"index, follow, max-snippet:-1, max-image-preview:large, max-video-preview:-1\" \/>\n<link rel=\"canonical\" href=\"https:\/\/www.miamibeachfl.gov\/fr\/city-hall\/housing-and-community-development\/community-services\/youth-services\/all-stars-summer-camp-waitlist\/\" \/>\n<meta property=\"og:locale\" content=\"fr_FR\" \/>\n<meta property=\"og:type\" content=\"article\" \/>\n<meta property=\"og:title\" content=\"All Stars Summer Camp Waitlist\" \/>\n<meta property=\"og:description\" content=\"%\" \/>\n<meta property=\"og:url\" content=\"https:\/\/www.miamibeachfl.gov\/fr\/city-hall\/housing-and-community-development\/community-services\/youth-services\/all-stars-summer-camp-waitlist\/\" \/>\n<meta property=\"og:site_name\" content=\"City of Miami Beach\" \/>\n<meta property=\"article:publisher\" content=\"https:\/\/www.facebook.com\/cityofmiamibeach\" \/>\n<meta property=\"article:modified_time\" content=\"2025-05-25T19:45:18+00:00\" \/>\n<meta property=\"og:image\" content=\"https:\/\/www.miamibeachfl.gov\/wp-content\/uploads\/bb-plugin\/cache\/Alba-Tarre1000sq-circle.jpg\" \/>\n<meta name=\"twitter:card\" content=\"summary_large_image\" \/>\n<meta name=\"twitter:site\" content=\"@Miamibeachnews\" \/>\n<script type=\"application\/ld+json\" class=\"yoast-schema-graph\">{\"@context\":\"https:\/\/schema.org\",\"@graph\":[{\"@type\":\"WebPage\",\"@id\":\"https:\/\/www.miamibeachfl.gov\/city-hall\/housing-and-community-development\/community-services\/youth-services\/all-stars-summer-camp-waitlist\/\",\"url\":\"https:\/\/www.miamibeachfl.gov\/city-hall\/housing-and-community-development\/community-services\/youth-services\/all-stars-summer-camp-waitlist\/\",\"name\":\"All Stars Summer Camp Waitlist - City of Miami Beach\",\"isPartOf\":{\"@id\":\"https:\/\/www.miamibeachfl.gov\/#website\"},\"primaryImageOfPage\":{\"@id\":\"https:\/\/www.miamibeachfl.gov\/city-hall\/housing-and-community-development\/community-services\/youth-services\/all-stars-summer-camp-waitlist\/#primaryimage\"},\"image\":{\"@id\":\"https:\/\/www.miamibeachfl.gov\/city-hall\/housing-and-community-development\/community-services\/youth-services\/all-stars-summer-camp-waitlist\/#primaryimage\"},\"thumbnailUrl\":\"https:\/\/www.miamibeachfl.gov\/wp-content\/uploads\/bb-plugin\/cache\/Alba-Tarre1000sq-circle.jpg\",\"datePublished\":\"2024-04-03T19:25:51+00:00\",\"dateModified\":\"2025-05-25T19:45:18+00:00\",\"description\":\"%\",\"breadcrumb\":{\"@id\":\"https:\/\/www.miamibeachfl.gov\/city-hall\/housing-and-community-development\/community-services\/youth-services\/all-stars-summer-camp-waitlist\/#breadcrumb\"},\"inLanguage\":\"fr-FR\",\"potentialAction\":[{\"@type\":\"ReadAction\",\"target\":[\"https:\/\/www.miamibeachfl.gov\/city-hall\/housing-and-community-development\/community-services\/youth-services\/all-stars-summer-camp-waitlist\/\"]}]},{\"@type\":\"ImageObject\",\"inLanguage\":\"fr-FR\",\"@id\":\"https:\/\/www.miamibeachfl.gov\/city-hall\/housing-and-community-development\/community-services\/youth-services\/all-stars-summer-camp-waitlist\/#primaryimage\",\"url\":\"https:\/\/www.miamibeachfl.gov\/wp-content\/uploads\/bb-plugin\/cache\/Alba-Tarre1000sq-circle.jpg\",\"contentUrl\":\"https:\/\/www.miamibeachfl.gov\/wp-content\/uploads\/bb-plugin\/cache\/Alba-Tarre1000sq-circle.jpg\"},{\"@type\":\"BreadcrumbList\",\"@id\":\"https:\/\/www.miamibeachfl.gov\/city-hall\/housing-and-community-development\/community-services\/youth-services\/all-stars-summer-camp-waitlist\/#breadcrumb\",\"itemListElement\":[{\"@type\":\"ListItem\",\"position\":1,\"name\":\"Home\",\"item\":\"https:\/\/www.miamibeachfl.gov\/\"},{\"@type\":\"ListItem\",\"position\":2,\"name\":\"City Hall\",\"item\":\"https:\/\/www.miamibeachfl.gov\/city-hall\/\"},{\"@type\":\"ListItem\",\"position\":3,\"name\":\"Housing &#038; Community Services\",\"item\":\"https:\/\/www.miamibeachfl.gov\/city-hall\/housing-and-community-development\/\"},{\"@type\":\"ListItem\",\"position\":4,\"name\":\"Community Services\",\"item\":\"https:\/\/www.miamibeachfl.gov\/city-hall\/housing-and-community-development\/community-services\/\"},{\"@type\":\"ListItem\",\"position\":5,\"name\":\"Youth Services\",\"item\":\"https:\/\/www.miamibeachfl.gov\/city-hall\/housing-and-community-development\/community-services\/youth-services\/\"},{\"@type\":\"ListItem\",\"position\":6,\"name\":\"All Stars Summer Camp Waitlist\"}]},{\"@type\":\"WebSite\",\"@id\":\"https:\/\/www.miamibeachfl.gov\/#website\",\"url\":\"https:\/\/www.miamibeachfl.gov\/\",\"name\":\"City of Miami Beach\",\"description\":\"The official website of the City of Miami Beach. Stay informed, find important information on city services, news, alerts, events, trolley routes, government employment and more.\",\"publisher\":{\"@id\":\"https:\/\/www.miamibeachfl.gov\/#organization\"},\"potentialAction\":[{\"@type\":\"SearchAction\",\"target\":{\"@type\":\"EntryPoint\",\"urlTemplate\":\"https:\/\/www.miamibeachfl.gov\/?s={search_term_string}\"},\"query-input\":{\"@type\":\"PropertyValueSpecification\",\"valueRequired\":true,\"valueName\":\"search_term_string\"}}],\"inLanguage\":\"fr-FR\"},{\"@type\":\"Organization\",\"@id\":\"https:\/\/www.miamibeachfl.gov\/#organization\",\"name\":\"City of Miami Beach\",\"url\":\"https:\/\/www.miamibeachfl.gov\/\",\"logo\":{\"@type\":\"ImageObject\",\"inLanguage\":\"fr-FR\",\"@id\":\"https:\/\/www.miamibeachfl.gov\/#\/schema\/logo\/image\/\",\"url\":\"https:\/\/www.miamibeachfl.gov\/wp-content\/uploads\/2022\/06\/miamibeach-logoblue.png\",\"contentUrl\":\"https:\/\/www.miamibeachfl.gov\/wp-content\/uploads\/2022\/06\/miamibeach-logoblue.png\",\"width\":1962,\"height\":381,\"caption\":\"City of Miami Beach\"},\"image\":{\"@id\":\"https:\/\/www.miamibeachfl.gov\/#\/schema\/logo\/image\/\"},\"sameAs\":[\"https:\/\/www.facebook.com\/cityofmiamibeach\",\"https:\/\/x.com\/Miamibeachnews\",\"https:\/\/www.instagram.com\/miamibeachnews\/\"],\"description\":\"The official website of the City of Miami Beach. Stay informed, find important information on city services, news, alerts, events, trolley routes, government employment and more.\",\"telephone\":\"305.604.CITY(2489)\",\"legalName\":\"City of Miami Beach\"}]}<\/script>\n<!-- \/ Yoast SEO Premium plugin. -->","yoast_head_json":{"title":"Liste d&#039;attente pour le camp d&#039;\u00e9t\u00e9 All Stars - Ville de Miami Beach","description":"%","robots":{"index":"index","follow":"follow","max-snippet":"max-snippet:-1","max-image-preview":"max-image-preview:large","max-video-preview":"max-video-preview:-1"},"canonical":"https:\/\/www.miamibeachfl.gov\/fr\/city-hall\/housing-and-community-development\/community-services\/youth-services\/all-stars-summer-camp-waitlist\/","og_locale":"fr_FR","og_type":"article","og_title":"All Stars Summer Camp Waitlist","og_description":"%","og_url":"https:\/\/www.miamibeachfl.gov\/fr\/city-hall\/housing-and-community-development\/community-services\/youth-services\/all-stars-summer-camp-waitlist\/","og_site_name":"City of Miami Beach","article_publisher":"https:\/\/www.facebook.com\/cityofmiamibeach","article_modified_time":"2025-05-25T19:45:18+00:00","og_image":[{"url":"https:\/\/www.miamibeachfl.gov\/wp-content\/uploads\/bb-plugin\/cache\/Alba-Tarre1000sq-circle.jpg","type":"","width":"","height":""}],"twitter_card":"summary_large_image","twitter_site":"@Miamibeachnews","schema":{"@context":"https:\/\/schema.org","@graph":[{"@type":"WebPage","@id":"https:\/\/www.miamibeachfl.gov\/city-hall\/housing-and-community-development\/community-services\/youth-services\/all-stars-summer-camp-waitlist\/","url":"https:\/\/www.miamibeachfl.gov\/city-hall\/housing-and-community-development\/community-services\/youth-services\/all-stars-summer-camp-waitlist\/","name":"Liste d&#039;attente pour le camp d&#039;\u00e9t\u00e9 All Stars - Ville de Miami Beach","isPartOf":{"@id":"https:\/\/www.miamibeachfl.gov\/#website"},"primaryImageOfPage":{"@id":"https:\/\/www.miamibeachfl.gov\/city-hall\/housing-and-community-development\/community-services\/youth-services\/all-stars-summer-camp-waitlist\/#primaryimage"},"image":{"@id":"https:\/\/www.miamibeachfl.gov\/city-hall\/housing-and-community-development\/community-services\/youth-services\/all-stars-summer-camp-waitlist\/#primaryimage"},"thumbnailUrl":"https:\/\/www.miamibeachfl.gov\/wp-content\/uploads\/bb-plugin\/cache\/Alba-Tarre1000sq-circle.jpg","datePublished":"2024-04-03T19:25:51+00:00","dateModified":"2025-05-25T19:45:18+00:00","description":"%","breadcrumb":{"@id":"https:\/\/www.miamibeachfl.gov\/city-hall\/housing-and-community-development\/community-services\/youth-services\/all-stars-summer-camp-waitlist\/#breadcrumb"},"inLanguage":"fr-FR","potentialAction":[{"@type":"ReadAction","target":["https:\/\/www.miamibeachfl.gov\/city-hall\/housing-and-community-development\/community-services\/youth-services\/all-stars-summer-camp-waitlist\/"]}]},{"@type":"ImageObject","inLanguage":"fr-FR","@id":"https:\/\/www.miamibeachfl.gov\/city-hall\/housing-and-community-development\/community-services\/youth-services\/all-stars-summer-camp-waitlist\/#primaryimage","url":"https:\/\/www.miamibeachfl.gov\/wp-content\/uploads\/bb-plugin\/cache\/Alba-Tarre1000sq-circle.jpg","contentUrl":"https:\/\/www.miamibeachfl.gov\/wp-content\/uploads\/bb-plugin\/cache\/Alba-Tarre1000sq-circle.jpg"},{"@type":"BreadcrumbList","@id":"https:\/\/www.miamibeachfl.gov\/city-hall\/housing-and-community-development\/community-services\/youth-services\/all-stars-summer-camp-waitlist\/#breadcrumb","itemListElement":[{"@type":"ListItem","position":1,"name":"Home","item":"https:\/\/www.miamibeachfl.gov\/"},{"@type":"ListItem","position":2,"name":"City Hall","item":"https:\/\/www.miamibeachfl.gov\/city-hall\/"},{"@type":"ListItem","position":3,"name":"Housing &#038; Community Services","item":"https:\/\/www.miamibeachfl.gov\/city-hall\/housing-and-community-development\/"},{"@type":"ListItem","position":4,"name":"Community Services","item":"https:\/\/www.miamibeachfl.gov\/city-hall\/housing-and-community-development\/community-services\/"},{"@type":"ListItem","position":5,"name":"Youth Services","item":"https:\/\/www.miamibeachfl.gov\/city-hall\/housing-and-community-development\/community-services\/youth-services\/"},{"@type":"ListItem","position":6,"name":"All Stars Summer Camp Waitlist"}]},{"@type":"WebSite","@id":"https:\/\/www.miamibeachfl.gov\/#website","url":"https:\/\/www.miamibeachfl.gov\/","name":"Ville de Miami Beach","description":"Site officiel de la ville de Miami Beach. Restez inform\u00e9 et trouvez des informations importantes sur les services municipaux, les actualit\u00e9s, les alertes, les \u00e9v\u00e9nements, les itin\u00e9raires de tramway, les emplois gouvernementaux et bien plus encore.","publisher":{"@id":"https:\/\/www.miamibeachfl.gov\/#organization"},"potentialAction":[{"@type":"SearchAction","target":{"@type":"EntryPoint","urlTemplate":"https:\/\/www.miamibeachfl.gov\/?s={search_term_string}"},"query-input":{"@type":"PropertyValueSpecification","valueRequired":true,"valueName":"search_term_string"}}],"inLanguage":"fr-FR"},{"@type":"Organization","@id":"https:\/\/www.miamibeachfl.gov\/#organization","name":"Ville de Miami Beach","url":"https:\/\/www.miamibeachfl.gov\/","logo":{"@type":"ImageObject","inLanguage":"fr-FR","@id":"https:\/\/www.miamibeachfl.gov\/#\/schema\/logo\/image\/","url":"https:\/\/www.miamibeachfl.gov\/wp-content\/uploads\/2022\/06\/miamibeach-logoblue.png","contentUrl":"https:\/\/www.miamibeachfl.gov\/wp-content\/uploads\/2022\/06\/miamibeach-logoblue.png","width":1962,"height":381,"caption":"City of Miami Beach"},"image":{"@id":"https:\/\/www.miamibeachfl.gov\/#\/schema\/logo\/image\/"},"sameAs":["https:\/\/www.facebook.com\/cityofmiamibeach","https:\/\/x.com\/Miamibeachnews","https:\/\/www.instagram.com\/miamibeachnews\/"],"description":"Site officiel de la ville de Miami Beach. Restez inform\u00e9 et trouvez des informations importantes sur les services municipaux, les actualit\u00e9s, les alertes, les \u00e9v\u00e9nements, les itin\u00e9raires de tramway, les emplois gouvernementaux et bien plus encore.","telephone":"305.604.CITY(2489)","legalName":"City of Miami Beach"}]}},"_links":{"self":[{"href":"https:\/\/www.miamibeachfl.gov\/fr\/wp-json\/wp\/v2\/pages\/295463","targetHints":{"allow":["GET"]}}],"collection":[{"href":"https:\/\/www.miamibeachfl.gov\/fr\/wp-json\/wp\/v2\/pages"}],"about":[{"href":"https:\/\/www.miamibeachfl.gov\/fr\/wp-json\/wp\/v2\/types\/page"}],"author":[{"embeddable":true,"href":"https:\/\/www.miamibeachfl.gov\/fr\/wp-json\/wp\/v2\/users\/329"}],"replies":[{"embeddable":true,"href":"https:\/\/www.miamibeachfl.gov\/fr\/wp-json\/wp\/v2\/comments?post=295463"}],"version-history":[{"count":0,"href":"https:\/\/www.miamibeachfl.gov\/fr\/wp-json\/wp\/v2\/pages\/295463\/revisions"}],"up":[{"embeddable":true,"href":"https:\/\/www.miamibeachfl.gov\/fr\/wp-json\/wp\/v2\/pages\/273919"}],"wp:attachment":[{"href":"https:\/\/www.miamibeachfl.gov\/fr\/wp-json\/wp\/v2\/media?parent=295463"}],"wp:term":[{"taxonomy":"category","embeddable":true,"href":"https:\/\/www.miamibeachfl.gov\/fr\/wp-json\/wp\/v2\/categories?post=295463"},{"taxonomy":"post_tag","embeddable":true,"href":"https:\/\/www.miamibeachfl.gov\/fr\/wp-json\/wp\/v2\/tags?post=295463"}],"curies":[{"name":"wp","href":"https:\/\/api.w.org\/{rel}","templated":true}]}}