{"id":298231,"date":"2024-04-18T16:48:21","date_gmt":"2024-04-18T20:48:21","guid":{"rendered":"https:\/\/www.miamibeachfl.gov\/?page_id=298231"},"modified":"2026-04-07T16:49:57","modified_gmt":"2026-04-07T20:49:57","slug":"trolleytrackerapps","status":"publish","type":"page","link":"https:\/\/www.miamibeachfl.gov\/fr\/city-hall\/transportation\/trolley\/trolleytrackerapps\/","title":{"rendered":"Applications de suivi de chariot"},"content":{"rendered":"<h1>\n\t\t\tApplication de suivi de chariot\t<\/h1>\n\t<nav id=\"breadcrumbs\" aria-label=\"Fil d&#039;Ariane\"><a href=\"https:\/\/www.miamibeachfl.gov\/fr\/\">Maison<\/a> &gt; <a href=\"https:\/\/www.miamibeachfl.gov\/fr\/city-hall\/\">l&#039;h\u00f4tel de ville<\/a> &gt; <a href=\"https:\/\/www.miamibeachfl.gov\/fr\/city-hall\/transportation\/\">Transports et mobilit\u00e9<\/a> &gt; <a href=\"https:\/\/www.miamibeachfl.gov\/fr\/city-hall\/transportation\/trolley\/\">Tramway gratuit dans toute la ville<\/a> &gt; <strong>Applications de suivi de chariot<\/strong><\/nav>\n\t<p>Planifiez votre balade gratuite avec notre <a href=\"#mbtrolleytracker\"><strong>Suivi des chariots \u00e0 Miami Beach<\/strong><\/a> \u2013 ou t\u00e9l\u00e9chargez le <strong><a href=\"#transitapp\">Application de transport en commun<\/a>.\u00a0<\/strong><\/p>\n<p><strong><a href=\"https:\/\/www.miamibeachfl.gov\/fr\/city-hall\/transportation\/water-taxi\/\">Cliquez ici pour consulter la page d&#039;information sur les taxis fluviaux.<\/a><\/strong>. <strong><a href=\"https:\/\/www.miamibeachfl.gov\/fr\/visit-miami-beach\/getting-around\/\">Consultez les ressources pour vous d\u00e9placer.<\/a><\/strong><\/p>\n\t<iframe loading=\"lazy\" src=\"https:\/\/maps.trilliumtransit.com\/map\/feed\/miamibeach-fl-us\" width=\"100%\" height=\"1300\" title=\"description_du_contenu_iframe\">\n  <!-- Optional fallback content for browsers that don't support iframes -->\n  <p><a href=\"https:\/\/maps.trilliumtransit.com\/map\/feed\/miamibeach-fl-us\">Votre navigateur ne prend pas en charge cette fonction, cliquez ici pour voir le suivi du chariot<\/a><\/p>\n<\/iframe>\n\t\t\tApplication de transport en commun\n\t\t\t\t<p>L&#039;application Transit vous permet de suivre les tramways en temps r\u00e9el gr\u00e2ce \u00e0 des fonctionnalit\u00e9s suppl\u00e9mentaires con\u00e7ues pour optimiser votre exp\u00e9rience de d\u00e9placement. La ville prend en charge l&#039;abonnement premium \u00ab\u00a0Royale\u00a0\u00bb \u00e0 l&#039;application. Tous nos utilisateurs peuvent ainsi acc\u00e9der gratuitement \u00e0 ces fonctionnalit\u00e9s premium pour suivre les tramways \u00e0 Miami Beach.<\/p>\n\t<p><strong>Commencez \u00e0 utiliser Transit App en trois \u00e9tapes faciles\u00a0:<\/strong><\/p>\n<strong>1. T\u00e9l\u00e9chargez l&#039;application :<br \/>\n<\/strong><br \/>\n<a href=\"https:\/\/itunes.apple.com\/app\/apple-store\/id498151501?pt=2090552&amp;ct=website-homepage&amp;mt=8\"><img loading=\"lazy\" decoding=\"async\" src=\"https:\/\/www.miamibeachfl.gov\/wp-content\/uploads\/2024\/01\/AppleStoreButton.png\" alt=\"Download App from Apple Store Button\" width=\"211\" height=\"63\" \/><\/a>\n<p><a href=\"https:\/\/play.google.com\/store\/apps\/details?id=com.thetransitapp.droid&amp;referrer=utm_source%3Dtransit%26utm_medium%3Dwebsite-homepage%26utm_campaign%3Dwebsite-homepage\"><img loading=\"lazy\" decoding=\"async\" src=\"https:\/\/www.miamibeachfl.gov\/wp-content\/uploads\/2024\/01\/GooglePlayButton.png\" alt=\"Download app on Google Play\" width=\"212\" height=\"63\" \/><\/a><\/p>\n<p><strong>2. Ouvrez l&#039;application.<\/strong><\/p>\n<p><strong>3. Recherchez les itin\u00e9raires des tramways de Miami Beach pour commencer \u00e0 suivre en temps r\u00e9el.<\/strong><\/p>\n\t\t\t<a href=\"https:\/\/transitapp.com\/\" target=\"_self\">\n\t\t\t\t\t\tVisitez le site Web de Transit App pour plus d&#039;informations\n\t\t\t\t\t<\/a>\n\t<p>Alternativement, notre \u00e9quipe du service client est disponible au <a href=\"tel:3056737117\">305.673.7117<\/a> pour fournir directement l&#039;heure d&#039;arriv\u00e9e pr\u00e9vue des tramways. Les usagers peuvent \u00e9galement envoyer par SMS le num\u00e9ro d&#039;arr\u00eat de la Ville de Miami Beach (affich\u00e9 sur tous les panneaux d&#039;arr\u00eat de tramway) \u00e0 <a href=\"tel:7869814545\">786.981.4545<\/a> pour recevoir les heures d&#039;arriv\u00e9e par SMS.<\/p>\n<p>Le service de tramway gratuit de la ville de Miami Beach fonctionne 15 heures par jour, de 8 h \u00e0 23 h, 7 jours sur 7, \u00e0 une fr\u00e9quence de service moyenne d&#039;environ 20 minutes sur chaque itin\u00e9raire.<\/p>\n\t<p><strong>Besoin d&#039;une assistance suppl\u00e9mentaire ?<\/strong> Si vous avez besoin d&#039;aide avec l&#039;application Transit ou si vous avez d&#039;autres questions sur les services de tramway de Miami Beach, veuillez contacter notre service client au <a href=\"mailto:trolley@miamibeachfl.gov\">trolley@miamibeachfl.gov<\/a><\/p>\n<p><strong>L&#039;ancien fournisseur de suivi de tramway de la ville, TSO Mobile, n&#039;est plus en service.<\/strong><\/p>","protected":false},"excerpt":{"rendered":"<p>Accueil &gt; H\u00f4tel de ville &gt; Transports et mobilit\u00e9 &gt; Tramway gratuit dans toute la ville &gt; Plan d&#039;applications de suivi de tramway [\u2026]<\/p>","protected":false},"author":222,"featured_media":0,"parent":28744,"menu_order":31,"comment_status":"closed","ping_status":"closed","template":"","meta":{"_searchwp_excluded":"","site-sidebar-layout":"default","site-content-layout":"","ast-site-content-layout":"default","site-content-style":"default","site-sidebar-style":"default","ast-global-header-display":"","ast-banner-title-visibility":"","ast-main-header-display":"","ast-hfb-above-header-display":"","ast-hfb-below-header-display":"","ast-hfb-mobile-header-display":"","site-post-title":"","ast-breadcrumbs-content":"","ast-featured-img":"","footer-sml-layout":"","theme-transparent-header-meta":"","adv-header-id-meta":"","stick-header-meta":"","header-above-stick-meta":"","header-main-stick-meta":"","header-below-stick-meta":"","astra-migrate-meta-layouts":"default","ast-page-background-enabled":"default","ast-page-background-meta":{"desktop":{"background-color":"var(--ast-global-color-5)","background-image":"","background-repeat":"repeat","background-position":"center center","background-size":"auto","background-attachment":"scroll","background-type":"","background-media":"","overlay-type":"","overlay-color":"","overlay-opacity":"","overlay-gradient":""},"tablet":{"background-color":"","background-image":"","background-repeat":"repeat","background-position":"center center","background-size":"auto","background-attachment":"scroll","background-type":"","background-media":"","overlay-type":"","overlay-color":"","overlay-opacity":"","overlay-gradient":""},"mobile":{"background-color":"","background-image":"","background-repeat":"repeat","background-position":"center center","background-size":"auto","background-attachment":"scroll","background-type":"","background-media":"","overlay-type":"","overlay-color":"","overlay-opacity":"","overlay-gradient":""}},"ast-content-background-meta":{"desktop":{"background-color":"var(--ast-global-color-4)","background-image":"","background-repeat":"repeat","background-position":"center center","background-size":"auto","background-attachment":"scroll","background-type":"","background-media":"","overlay-type":"","overlay-color":"","overlay-opacity":"","overlay-gradient":""},"tablet":{"background-color":"var(--ast-global-color-4)","background-image":"","background-repeat":"repeat","background-position":"center center","background-size":"auto","background-attachment":"scroll","background-type":"","background-media":"","overlay-type":"","overlay-color":"","overlay-opacity":"","overlay-gradient":""},"mobile":{"background-color":"var(--ast-global-color-4)","background-image":"","background-repeat":"repeat","background-position":"center center","background-size":"auto","background-attachment":"scroll","background-type":"","background-media":"","overlay-type":"","overlay-color":"","overlay-opacity":"","overlay-gradient":""}},"footnotes":""},"categories":[],"tags":[1002],"class_list":["post-298231","page","type-page","status-publish","hentry","tag-app-egov-page"],"yoast_head":"<!-- This site is optimized with the Yoast SEO Premium plugin v26.6 (Yoast SEO v26.6) - https:\/\/yoast.com\/wordpress\/plugins\/seo\/ -->\n<title>Trolley Tracker Apps - City of Miami Beach<\/title>\n<meta name=\"description\" content=\"Track Miami Beach trolleys in real-time with Trolley Tracker Apps. Download the Transit App for a seamless riding experience.\" \/>\n<meta name=\"robots\" content=\"index, follow, max-snippet:-1, max-image-preview:large, max-video-preview:-1\" \/>\n<link rel=\"canonical\" href=\"https:\/\/www.miamibeachfl.gov\/fr\/city-hall\/transportation\/trolley\/trolleytrackerapps\/\" \/>\n<meta property=\"og:locale\" content=\"fr_FR\" \/>\n<meta property=\"og:type\" content=\"article\" \/>\n<meta property=\"og:title\" content=\"Trolley Tracker Apps\" \/>\n<meta property=\"og:description\" content=\"Track Miami Beach trolleys in real-time with Trolley Tracker Apps. Download the Transit App for a seamless riding experience.\" \/>\n<meta property=\"og:url\" content=\"https:\/\/www.miamibeachfl.gov\/fr\/city-hall\/transportation\/trolley\/trolleytrackerapps\/\" \/>\n<meta property=\"og:site_name\" content=\"City of Miami Beach\" \/>\n<meta property=\"article:publisher\" content=\"https:\/\/www.facebook.com\/cityofmiamibeach\" \/>\n<meta property=\"article:modified_time\" content=\"2026-04-07T20:49:57+00:00\" \/>\n<meta property=\"og:image\" content=\"https:\/\/www.miamibeachfl.gov\/wp-content\/uploads\/2024\/01\/AppleStoreButton.png\" \/>\n<meta name=\"twitter:card\" content=\"summary_large_image\" \/>\n<meta name=\"twitter:site\" content=\"@Miamibeachnews\" \/>\n<script type=\"application\/ld+json\" class=\"yoast-schema-graph\">{\"@context\":\"https:\/\/schema.org\",\"@graph\":[{\"@type\":\"WebPage\",\"@id\":\"https:\/\/www.miamibeachfl.gov\/city-hall\/transportation\/trolley\/trolleytrackerapps\/\",\"url\":\"https:\/\/www.miamibeachfl.gov\/city-hall\/transportation\/trolley\/trolleytrackerapps\/\",\"name\":\"Trolley Tracker Apps - City of Miami Beach\",\"isPartOf\":{\"@id\":\"https:\/\/www.miamibeachfl.gov\/#website\"},\"primaryImageOfPage\":{\"@id\":\"https:\/\/www.miamibeachfl.gov\/city-hall\/transportation\/trolley\/trolleytrackerapps\/#primaryimage\"},\"image\":{\"@id\":\"https:\/\/www.miamibeachfl.gov\/city-hall\/transportation\/trolley\/trolleytrackerapps\/#primaryimage\"},\"thumbnailUrl\":\"https:\/\/www.miamibeachfl.gov\/wp-content\/uploads\/2024\/01\/AppleStoreButton.png\",\"datePublished\":\"2024-04-18T20:48:21+00:00\",\"dateModified\":\"2026-04-07T20:49:57+00:00\",\"description\":\"Track Miami Beach trolleys in real-time with Trolley Tracker Apps. Download the Transit App for a seamless riding experience.\",\"breadcrumb\":{\"@id\":\"https:\/\/www.miamibeachfl.gov\/city-hall\/transportation\/trolley\/trolleytrackerapps\/#breadcrumb\"},\"inLanguage\":\"fr-FR\",\"potentialAction\":[{\"@type\":\"ReadAction\",\"target\":[\"https:\/\/www.miamibeachfl.gov\/city-hall\/transportation\/trolley\/trolleytrackerapps\/\"]}]},{\"@type\":\"ImageObject\",\"inLanguage\":\"fr-FR\",\"@id\":\"https:\/\/www.miamibeachfl.gov\/city-hall\/transportation\/trolley\/trolleytrackerapps\/#primaryimage\",\"url\":\"https:\/\/www.miamibeachfl.gov\/wp-content\/uploads\/2024\/01\/AppleStoreButton.png\",\"contentUrl\":\"https:\/\/www.miamibeachfl.gov\/wp-content\/uploads\/2024\/01\/AppleStoreButton.png\"},{\"@type\":\"BreadcrumbList\",\"@id\":\"https:\/\/www.miamibeachfl.gov\/city-hall\/transportation\/trolley\/trolleytrackerapps\/#breadcrumb\",\"itemListElement\":[{\"@type\":\"ListItem\",\"position\":1,\"name\":\"Home\",\"item\":\"https:\/\/www.miamibeachfl.gov\/\"},{\"@type\":\"ListItem\",\"position\":2,\"name\":\"City Hall\",\"item\":\"https:\/\/www.miamibeachfl.gov\/city-hall\/\"},{\"@type\":\"ListItem\",\"position\":3,\"name\":\"Transportation &#038; Mobility\",\"item\":\"https:\/\/www.miamibeachfl.gov\/city-hall\/transportation\/\"},{\"@type\":\"ListItem\",\"position\":4,\"name\":\"Citywide Free Trolley\",\"item\":\"https:\/\/www.miamibeachfl.gov\/city-hall\/transportation\/trolley\/\"},{\"@type\":\"ListItem\",\"position\":5,\"name\":\"Trolley Tracker Apps\"}]},{\"@type\":\"WebSite\",\"@id\":\"https:\/\/www.miamibeachfl.gov\/#website\",\"url\":\"https:\/\/www.miamibeachfl.gov\/\",\"name\":\"City of Miami Beach\",\"description\":\"The official website of the City of Miami Beach. Stay informed, find important information on city services, news, alerts, events, trolley routes, government employment and more.\",\"publisher\":{\"@id\":\"https:\/\/www.miamibeachfl.gov\/#organization\"},\"potentialAction\":[{\"@type\":\"SearchAction\",\"target\":{\"@type\":\"EntryPoint\",\"urlTemplate\":\"https:\/\/www.miamibeachfl.gov\/?s={search_term_string}\"},\"query-input\":{\"@type\":\"PropertyValueSpecification\",\"valueRequired\":true,\"valueName\":\"search_term_string\"}}],\"inLanguage\":\"fr-FR\"},{\"@type\":\"Organization\",\"@id\":\"https:\/\/www.miamibeachfl.gov\/#organization\",\"name\":\"City of Miami Beach\",\"url\":\"https:\/\/www.miamibeachfl.gov\/\",\"logo\":{\"@type\":\"ImageObject\",\"inLanguage\":\"fr-FR\",\"@id\":\"https:\/\/www.miamibeachfl.gov\/#\/schema\/logo\/image\/\",\"url\":\"https:\/\/www.miamibeachfl.gov\/wp-content\/uploads\/2022\/06\/miamibeach-logoblue.png\",\"contentUrl\":\"https:\/\/www.miamibeachfl.gov\/wp-content\/uploads\/2022\/06\/miamibeach-logoblue.png\",\"width\":1962,\"height\":381,\"caption\":\"City of Miami Beach\"},\"image\":{\"@id\":\"https:\/\/www.miamibeachfl.gov\/#\/schema\/logo\/image\/\"},\"sameAs\":[\"https:\/\/www.facebook.com\/cityofmiamibeach\",\"https:\/\/x.com\/Miamibeachnews\",\"https:\/\/www.instagram.com\/miamibeachnews\/\"],\"description\":\"The official website of the City of Miami Beach. Stay informed, find important information on city services, news, alerts, events, trolley routes, government employment and more.\",\"telephone\":\"305.604.CITY(2489)\",\"legalName\":\"City of Miami Beach\"}]}<\/script>\n<!-- \/ Yoast SEO Premium plugin. -->","yoast_head_json":{"title":"Applications de suivi des chariots \u2013 Ville de Miami Beach","description":"Track Miami Beach trolleys in real-time with Trolley Tracker Apps. Download the Transit App for a seamless riding experience.","robots":{"index":"index","follow":"follow","max-snippet":"max-snippet:-1","max-image-preview":"max-image-preview:large","max-video-preview":"max-video-preview:-1"},"canonical":"https:\/\/www.miamibeachfl.gov\/fr\/city-hall\/transportation\/trolley\/trolleytrackerapps\/","og_locale":"fr_FR","og_type":"article","og_title":"Trolley Tracker Apps","og_description":"Track Miami Beach trolleys in real-time with Trolley Tracker Apps. Download the Transit App for a seamless riding experience.","og_url":"https:\/\/www.miamibeachfl.gov\/fr\/city-hall\/transportation\/trolley\/trolleytrackerapps\/","og_site_name":"City of Miami Beach","article_publisher":"https:\/\/www.facebook.com\/cityofmiamibeach","article_modified_time":"2026-04-07T20:49:57+00:00","og_image":[{"url":"https:\/\/www.miamibeachfl.gov\/wp-content\/uploads\/2024\/01\/AppleStoreButton.png","type":"","width":"","height":""}],"twitter_card":"summary_large_image","twitter_site":"@Miamibeachnews","schema":{"@context":"https:\/\/schema.org","@graph":[{"@type":"WebPage","@id":"https:\/\/www.miamibeachfl.gov\/city-hall\/transportation\/trolley\/trolleytrackerapps\/","url":"https:\/\/www.miamibeachfl.gov\/city-hall\/transportation\/trolley\/trolleytrackerapps\/","name":"Applications de suivi des chariots \u2013 Ville de Miami Beach","isPartOf":{"@id":"https:\/\/www.miamibeachfl.gov\/#website"},"primaryImageOfPage":{"@id":"https:\/\/www.miamibeachfl.gov\/city-hall\/transportation\/trolley\/trolleytrackerapps\/#primaryimage"},"image":{"@id":"https:\/\/www.miamibeachfl.gov\/city-hall\/transportation\/trolley\/trolleytrackerapps\/#primaryimage"},"thumbnailUrl":"https:\/\/www.miamibeachfl.gov\/wp-content\/uploads\/2024\/01\/AppleStoreButton.png","datePublished":"2024-04-18T20:48:21+00:00","dateModified":"2026-04-07T20:49:57+00:00","description":"Track Miami Beach trolleys in real-time with Trolley Tracker Apps. Download the Transit App for a seamless riding experience.","breadcrumb":{"@id":"https:\/\/www.miamibeachfl.gov\/city-hall\/transportation\/trolley\/trolleytrackerapps\/#breadcrumb"},"inLanguage":"fr-FR","potentialAction":[{"@type":"ReadAction","target":["https:\/\/www.miamibeachfl.gov\/city-hall\/transportation\/trolley\/trolleytrackerapps\/"]}]},{"@type":"ImageObject","inLanguage":"fr-FR","@id":"https:\/\/www.miamibeachfl.gov\/city-hall\/transportation\/trolley\/trolleytrackerapps\/#primaryimage","url":"https:\/\/www.miamibeachfl.gov\/wp-content\/uploads\/2024\/01\/AppleStoreButton.png","contentUrl":"https:\/\/www.miamibeachfl.gov\/wp-content\/uploads\/2024\/01\/AppleStoreButton.png"},{"@type":"BreadcrumbList","@id":"https:\/\/www.miamibeachfl.gov\/city-hall\/transportation\/trolley\/trolleytrackerapps\/#breadcrumb","itemListElement":[{"@type":"ListItem","position":1,"name":"Home","item":"https:\/\/www.miamibeachfl.gov\/"},{"@type":"ListItem","position":2,"name":"City Hall","item":"https:\/\/www.miamibeachfl.gov\/city-hall\/"},{"@type":"ListItem","position":3,"name":"Transportation &#038; Mobility","item":"https:\/\/www.miamibeachfl.gov\/city-hall\/transportation\/"},{"@type":"ListItem","position":4,"name":"Citywide Free Trolley","item":"https:\/\/www.miamibeachfl.gov\/city-hall\/transportation\/trolley\/"},{"@type":"ListItem","position":5,"name":"Trolley Tracker Apps"}]},{"@type":"WebSite","@id":"https:\/\/www.miamibeachfl.gov\/#website","url":"https:\/\/www.miamibeachfl.gov\/","name":"Ville de Miami Beach","description":"Site officiel de la ville de Miami Beach. Restez inform\u00e9 et trouvez des informations importantes sur les services municipaux, les actualit\u00e9s, les alertes, les \u00e9v\u00e9nements, les itin\u00e9raires de tramway, les emplois gouvernementaux et bien plus encore.","publisher":{"@id":"https:\/\/www.miamibeachfl.gov\/#organization"},"potentialAction":[{"@type":"SearchAction","target":{"@type":"EntryPoint","urlTemplate":"https:\/\/www.miamibeachfl.gov\/?s={search_term_string}"},"query-input":{"@type":"PropertyValueSpecification","valueRequired":true,"valueName":"search_term_string"}}],"inLanguage":"fr-FR"},{"@type":"Organization","@id":"https:\/\/www.miamibeachfl.gov\/#organization","name":"Ville de Miami Beach","url":"https:\/\/www.miamibeachfl.gov\/","logo":{"@type":"ImageObject","inLanguage":"fr-FR","@id":"https:\/\/www.miamibeachfl.gov\/#\/schema\/logo\/image\/","url":"https:\/\/www.miamibeachfl.gov\/wp-content\/uploads\/2022\/06\/miamibeach-logoblue.png","contentUrl":"https:\/\/www.miamibeachfl.gov\/wp-content\/uploads\/2022\/06\/miamibeach-logoblue.png","width":1962,"height":381,"caption":"City of Miami Beach"},"image":{"@id":"https:\/\/www.miamibeachfl.gov\/#\/schema\/logo\/image\/"},"sameAs":["https:\/\/www.facebook.com\/cityofmiamibeach","https:\/\/x.com\/Miamibeachnews","https:\/\/www.instagram.com\/miamibeachnews\/"],"description":"Site officiel de la ville de Miami Beach. Restez inform\u00e9 et trouvez des informations importantes sur les services municipaux, les actualit\u00e9s, les alertes, les \u00e9v\u00e9nements, les itin\u00e9raires de tramway, les emplois gouvernementaux et bien plus encore.","telephone":"305.604.CITY(2489)","legalName":"City of Miami Beach"}]}},"_links":{"self":[{"href":"https:\/\/www.miamibeachfl.gov\/fr\/wp-json\/wp\/v2\/pages\/298231","targetHints":{"allow":["GET"]}}],"collection":[{"href":"https:\/\/www.miamibeachfl.gov\/fr\/wp-json\/wp\/v2\/pages"}],"about":[{"href":"https:\/\/www.miamibeachfl.gov\/fr\/wp-json\/wp\/v2\/types\/page"}],"author":[{"embeddable":true,"href":"https:\/\/www.miamibeachfl.gov\/fr\/wp-json\/wp\/v2\/users\/222"}],"replies":[{"embeddable":true,"href":"https:\/\/www.miamibeachfl.gov\/fr\/wp-json\/wp\/v2\/comments?post=298231"}],"version-history":[{"count":0,"href":"https:\/\/www.miamibeachfl.gov\/fr\/wp-json\/wp\/v2\/pages\/298231\/revisions"}],"up":[{"embeddable":true,"href":"https:\/\/www.miamibeachfl.gov\/fr\/wp-json\/wp\/v2\/pages\/28744"}],"wp:attachment":[{"href":"https:\/\/www.miamibeachfl.gov\/fr\/wp-json\/wp\/v2\/media?parent=298231"}],"wp:term":[{"taxonomy":"category","embeddable":true,"href":"https:\/\/www.miamibeachfl.gov\/fr\/wp-json\/wp\/v2\/categories?post=298231"},{"taxonomy":"post_tag","embeddable":true,"href":"https:\/\/www.miamibeachfl.gov\/fr\/wp-json\/wp\/v2\/tags?post=298231"}],"curies":[{"name":"wp","href":"https:\/\/api.w.org\/{rel}","templated":true}]}}