{"id":314491,"date":"2024-05-20T17:23:35","date_gmt":"2024-05-20T21:23:35","guid":{"rendered":"https:\/\/www.miamibeachfl.gov\/?page_id=314491"},"modified":"2026-01-27T11:11:10","modified_gmt":"2026-01-27T16:11:10","slug":"additional-contacts","status":"publish","type":"page","link":"https:\/\/www.miamibeachfl.gov\/fr\/city-hall\/facilities-and-fleet-management\/additional-contacts\/","title":{"rendered":"Contacts suppl\u00e9mentaires"},"content":{"rendered":"<h1>\n\t\t<a href=\"\/fr\/city-hall\/facilities-and-fleet-management\/\" title=\"Gestion des installations et de la flotte\"  target=\"_self\">\n\t\t\tGestion des installations et de la flotte\t\t<\/a>\n\t<\/h1>\nMenu des parcs et loisirs\t\t\t\n\t\t\t\t\t<ul id=\"menu-facilities-and-fleet-management\"><li id=\"menu-item-318139\"><a href=\"https:\/\/www.miamibeachfl.gov\/fr\/city-hall\/facilities-and-fleet-management\/asset-management\/\">Gestion d&#039;actifs<\/a><\/li>\n<li id=\"menu-item-318138\"><a href=\"https:\/\/www.miamibeachfl.gov\/fr\/city-hall\/facilities-and-fleet-management\/facilities-management\/\">Gestion des installations<\/a><\/li>\n<li id=\"menu-item-318137\"><a href=\"https:\/\/www.miamibeachfl.gov\/fr\/city-hall\/facilities-and-fleet-management\/fleet-management\/\">Gestion de flotte<\/a><\/li>\n<li id=\"menu-item-317111\"><a href=\"https:\/\/apps.miamibeachfl.gov\/egovweb\">Signaler un probl\u00e8me<\/a><\/li>\n<li id=\"menu-item-317110\"><a href=\"https:\/\/www.miamibeachfl.gov\/fr\/city-hall\/facilities-and-fleet-management\/beach-concessions\/\">Permis de concession de plage<\/a><\/li>\n<\/ul>\t\nMenu Parcs et loisirs \u00d7\t\t\t\t\t\t<ul id=\"menu-facilities-and-fleet-management-1\"><li id=\"menu-item-318139\"><a href=\"https:\/\/www.miamibeachfl.gov\/fr\/city-hall\/facilities-and-fleet-management\/asset-management\/\">Gestion d&#039;actifs<\/a><\/li>\n<li id=\"menu-item-318138\"><a href=\"https:\/\/www.miamibeachfl.gov\/fr\/city-hall\/facilities-and-fleet-management\/facilities-management\/\">Gestion des installations<\/a><\/li>\n<li id=\"menu-item-318137\"><a href=\"https:\/\/www.miamibeachfl.gov\/fr\/city-hall\/facilities-and-fleet-management\/fleet-management\/\">Gestion de flotte<\/a><\/li>\n<li id=\"menu-item-317111\"><a href=\"https:\/\/apps.miamibeachfl.gov\/egovweb\">Signaler un probl\u00e8me<\/a><\/li>\n<li id=\"menu-item-317110\"><a href=\"https:\/\/www.miamibeachfl.gov\/fr\/city-hall\/facilities-and-fleet-management\/beach-concessions\/\">Permis de concession de plage<\/a><\/li>\n<\/ul>\t\t\t\t\n\t\t\t<h2>\n\t\t\tcontacts\t<\/h2>\n\t<strong>John Rebar<\/strong><br \/>\nDirecteur des parcs, des installations, de la flotte et des plages\n<hr \/>\n<strong>\u00c9lisabeth Miro<\/strong><br \/>\nGestion des installations et de la flotte, directeur adjoint<br \/>\n<a href=\"mailto:elizabethmiro@miamibeachfl.gov\">elizabethmiro@miamibeachfl.gov<\/a>\n\t\t<h3>Gestion d&#039;actifs<\/h3>\n\t<strong>Ozzie Dominguez<\/strong><br \/>\nDirecteur de la division Gestion d&#039;actifs<br \/>\n<a href=\"mailto:ozziedominguez@miamibeachfl.gov\">ozziedominguez@miamibeachfl.gov<\/a>\n<strong>Kevin Sanchez<\/strong><br \/>\nGestionnaire d&#039;actifs immobiliers<br \/>\n<a href=\"mailto:kevinsanchez@miamibeachfl.gov\">kevinsanchez@miamibeachfl.gov<\/a>\n<strong>Jean Carlos Vasquez<br \/>\n<\/strong>Gestionnaire d&#039;actifs immobiliers<br \/>\n<a href=\"mailto:jeancarlosvasquez@miamibeachfl.gov\">jeancarlosvasquez@miamibeachfl.gov<\/a>\n<strong>Santiago Sellan<\/strong><br \/>\nAdministrateur de la conformit\u00e9 des contrats<br \/>\n<a href=\"mailto:santiagosellan@miamibeachfl.gov\">santiagosellan@miamibeachfl.gov<\/a>\n<p>&nbsp;<\/p>\n<p>&nbsp;<\/p>\n\t\t<h3>Gestion des installations<\/h3>\n\t<strong>Daniel Alzuri<\/strong><br \/>\nGestion des installations et de la flotte, directeur adjoint<br \/>\n<a href=\"mailto:danielalzuri@miamibeachfl.gov\">danielalzuri@miamibeachfl.gov<\/a>\n<strong>Frank Garcia<\/strong><br \/>\nDirecteur de la division de la gestion des installations<br \/>\n<a href=\"mailto:franciscogarcia@miamibeachfl.gov\">franciscogarcia@miamibeachfl.gov<\/a>\n<strong>Javier Llanes<\/strong><br \/>\nSuperviseur des op\u00e9rations<br \/>\n<a href=\"mailto:javierllanes@miamibeachfl.gov\">javierllanes@miamibeachfl.gov<\/a>\n<strong>Faustino Fernandez-Blanco<\/strong><br \/>\nResponsable de zone d&#039;installations<br \/>\n<a href=\"mailto:faustinofernandezblanco@miamibeachfl.gov\">faustinofernandezblanco@miamibeachfl.gov<\/a>\n<strong>Cody Croye<\/strong><br \/>\nResponsable de zone d&#039;installations<br \/>\n<a href=\"mailto:codycroye@miamibeachfl.gov\">codycroye@miamibeachfl.gov<\/a>\n<strong>Ariel Morales<\/strong><br \/>\nResponsable de zone d&#039;installations<br \/>\n<a href=\"mailto:arielmorales@miamibeachfl.gov\">arielmorales@miamibeachfl.gov<\/a>\n<strong>Giacomo Natteri<\/strong><br \/>\nResponsable de zone d&#039;installations<br \/>\n<a href=\"mailto:giacomonatteri@miamibeachfl.gov\">giacomonatteri@miamibeachfl.gov<\/a>\n<strong>Charles Premdas<\/strong><br \/>\nResponsable de zone d&#039;installations<br \/>\n<a href=\"mailto:charlespremdas@miamibeachfl.gov\">charlespremdas@miamibeachfl.gov<\/a>\n<strong>Frank Dome<\/strong><br \/>\nResponsable de zone d&#039;installations<br \/>\n<a href=\"mailto:charlespremdas@miamibeachfl.gov\">frankdome1@miamibeachfl.gov<\/a>\n<strong>Olga Sanchez<\/strong><br \/>\nCoordonnateur principal des projets d&#039;investissement en installations<br \/>\n<a href=\"mailto:olgasanchez@miamibeachfl.gov\">olgasanchez@miamibeachfl.gov<\/a>\n<strong>Martin Calcano<\/strong><br \/>\nCoordonnateur des projets d&#039;investissement en installations<br \/>\n<a href=\"mailto:martincalcano@miamibeachfl.gov\">martincalcano@miamibeachfl.gov<\/a>\n<strong>Karla Lopez Jaime<\/strong><br \/>\nCoordonnateur des projets d&#039;investissement en installations<br \/>\n<a href=\"mailto:karlalopez@miamibeachfl.gov\">karlalopez@miamibeachfl.gov<\/a>\n<strong>St\u00e9phanie Gonzales<\/strong><br \/>\nResponsable des services administratifs<br \/>\n<a href=\"mailto:stephanygonzales@miamibeachfl.gov\">stephanygonzales@miamibeachfl.gov<\/a>\n<strong>Jenny Hernandez<\/strong><br \/>\nDirecteur commercial<br \/>\n<a href=\"mailto:jennyhernandez@miamibeachfl.gov\">jennyhernandez@miamibeachfl.gov<\/a>\n<strong>Jessica Alani<\/strong><br \/>\nAnalyste financier II<br \/>\n<a href=\"mailto:jessicaalani@miamibeachfl.gov\">jessicaalani@miamibeachfl.gov<\/a>\n<strong>Santiago Sellan<\/strong><br \/>\nAdministrateur de la conformit\u00e9 des contrats<br \/>\n<a href=\"mailto:santiagosellan@miamibeachfl.gov\">santiagosellan@miamibeachfl.gov<\/a>\n\t\t<h3>Gestion de flotte<\/h3>\n\t<strong>Carlos Berriz<br \/>\n<\/strong>Directeur de la division de gestion de flotte<br \/>\n<a href=\"mailto:carlosberriz@miamibeachfl.gov\">carlosberriz@miamibeachfl.gov<\/a>\n<strong>Javier del Rio<\/strong><br \/>\nDirecteur adjoint de la division de gestion de flotte<br \/>\n<a href=\"mailto:javierdelrio@miamibeachfl.gov\">javierdelrio@miamibeachfl.gov<\/a>\n<strong>Alian Gonzalez<\/strong><br \/>\nGestionnaire de flotte<br \/>\n<a href=\"mailto:aliangonzalez@miamibeachfl.gov\">aliangonzalez@miamibeachfl.gov<\/a>\n<strong>Aida Rodriguez<\/strong><br \/>\nResponsable administratif principal<br \/>\n<a href=\"mailto:aidarodriguez@miamibeachfl.gov\">aidarodriguez@miamibeachfl.gov<\/a>\n<strong>Monica Matteo-Salinas<\/strong><br \/>\nAssoci\u00e9 de bureau V<br \/>\n<a href=\"mailto:carolinehernandez@miamibeachfl.gov\">monicasalinas@miamibeachfl.gov<\/a>\n<strong>Caroline Hernandez<\/strong><br \/>\nAssoci\u00e9 de bureau III<br \/>\n<a href=\"mailto:carolinehernandez@miamibeachfl.gov\">carolinehernandez@miamibeachfl.gov<\/a>\n<strong>Rafael Avila<\/strong><br \/>\nsuperviseur des op\u00e9rations de flotte<br \/>\n<a href=\"mailto:rafaelavila@miamibeachfl.gov\">rafaelavila@miamibeachfl.gov<\/a>\n<strong>Jared Johnson<\/strong><br \/>\nRepr\u00e9sentant du service de flotte<br \/>\n<a href=\"mailto:jaredjohnson@miamibeachfl.gov\">jaredjohnson@miamibeachfl.gov<\/a>\n<strong>Frank Dome III<\/strong><br \/>\nRepr\u00e9sentant du service de flotte<br \/>\n<a href=\"mailto:frankdome@miamibeachfl.gov\">frankdome@miamibeachfl.gov<\/a>\n\t\t<h3>John Rebar<\/h3>Directeur des parcs, des installations, de la flotte et des plages\n\t<ul>\n\t\t<li>\t\t\t\t\n\t\t<h3>Si\u00e8ge social :<\/h3><p><strong>1833, chemin Bay,<\/strong><br \/><strong>Miami Beach, FL 33139<\/strong><\/p><\/li><li>\t\t\t\t\n\t\t<h3>Num\u00e9ro principal :<\/h3><p><strong>305.673.7631<\/strong><\/p><\/li><li>\t\t\t\t\n\t\t<h3>Heures d&#039;ouverture :<\/h3><p><strong>Lundi \u2013 Vendredi<\/strong><br \/>7h30 \u2013 17h00<\/p><\/li><li>\t\t\t\t\n\t\t<h3>Informations de contact suppl\u00e9mentaires<\/h3><p><strong><a href=\"https:\/\/www.miamibeachfl.gov\/fr\/city-hall\/facilities-and-fleet-management\/additional-contacts\/\">Cliquez ici pour consulter la page de contact<\/a><\/strong><\/p><\/li>\t<\/ul>","protected":false},"excerpt":{"rendered":"<p>Facilities &#038; Fleet Management Parks &#038; Recreation Menu Asset Management Facilities Management Fleet Management Report an Issue Beach Concessions Permit [&hellip;]<\/p>\n","protected":false},"author":329,"featured_media":0,"parent":314040,"menu_order":0,"comment_status":"closed","ping_status":"closed","template":"","meta":{"_searchwp_excluded":"","site-sidebar-layout":"default","site-content-layout":"","ast-site-content-layout":"default","site-content-style":"default","site-sidebar-style":"default","ast-global-header-display":"","ast-banner-title-visibility":"","ast-main-header-display":"","ast-hfb-above-header-display":"","ast-hfb-below-header-display":"","ast-hfb-mobile-header-display":"","site-post-title":"","ast-breadcrumbs-content":"","ast-featured-img":"","footer-sml-layout":"","theme-transparent-header-meta":"","adv-header-id-meta":"","stick-header-meta":"","header-above-stick-meta":"","header-main-stick-meta":"","header-below-stick-meta":"","astra-migrate-meta-layouts":"default","ast-page-background-enabled":"default","ast-page-background-meta":{"desktop":{"background-color":"var(--ast-global-color-5)","background-image":"","background-repeat":"repeat","background-position":"center center","background-size":"auto","background-attachment":"scroll","background-type":"","background-media":"","overlay-type":"","overlay-color":"","overlay-opacity":"","overlay-gradient":""},"tablet":{"background-color":"","background-image":"","background-repeat":"repeat","background-position":"center center","background-size":"auto","background-attachment":"scroll","background-type":"","background-media":"","overlay-type":"","overlay-color":"","overlay-opacity":"","overlay-gradient":""},"mobile":{"background-color":"","background-image":"","background-repeat":"repeat","background-position":"center center","background-size":"auto","background-attachment":"scroll","background-type":"","background-media":"","overlay-type":"","overlay-color":"","overlay-opacity":"","overlay-gradient":""}},"ast-content-background-meta":{"desktop":{"background-color":"var(--ast-global-color-4)","background-image":"","background-repeat":"repeat","background-position":"center center","background-size":"auto","background-attachment":"scroll","background-type":"","background-media":"","overlay-type":"","overlay-color":"","overlay-opacity":"","overlay-gradient":""},"tablet":{"background-color":"var(--ast-global-color-4)","background-image":"","background-repeat":"repeat","background-position":"center center","background-size":"auto","background-attachment":"scroll","background-type":"","background-media":"","overlay-type":"","overlay-color":"","overlay-opacity":"","overlay-gradient":""},"mobile":{"background-color":"var(--ast-global-color-4)","background-image":"","background-repeat":"repeat","background-position":"center center","background-size":"auto","background-attachment":"scroll","background-type":"","background-media":"","overlay-type":"","overlay-color":"","overlay-opacity":"","overlay-gradient":""}},"footnotes":""},"categories":[],"tags":[],"class_list":["post-314491","page","type-page","status-publish","hentry"],"yoast_head":"<!-- This site is optimized with the Yoast SEO Premium plugin v27.4 (Yoast SEO v27.4) - https:\/\/yoast.com\/product\/yoast-seo-premium-wordpress\/ -->\n<title>Additional Contacts - City of Miami Beach<\/title>\n<meta name=\"description\" content=\"%\" \/>\n<meta name=\"robots\" content=\"index, follow, max-snippet:-1, max-image-preview:large, max-video-preview:-1\" \/>\n<link rel=\"canonical\" href=\"https:\/\/www.miamibeachfl.gov\/fr\/city-hall\/facilities-and-fleet-management\/additional-contacts\/\" \/>\n<meta property=\"og:locale\" content=\"fr_FR\" \/>\n<meta property=\"og:type\" content=\"article\" \/>\n<meta property=\"og:title\" content=\"Additional Contacts\" \/>\n<meta property=\"og:description\" content=\"%\" \/>\n<meta property=\"og:url\" content=\"https:\/\/www.miamibeachfl.gov\/fr\/city-hall\/facilities-and-fleet-management\/additional-contacts\/\" \/>\n<meta property=\"og:site_name\" content=\"City of Miami Beach\" \/>\n<meta property=\"article:publisher\" content=\"https:\/\/www.facebook.com\/cityofmiamibeach\" \/>\n<meta property=\"article:modified_time\" content=\"2026-01-27T16:11:10+00:00\" \/>\n<meta property=\"og:image\" content=\"https:\/\/www.miamibeachfl.gov\/wp-content\/uploads\/2024\/01\/1000pxSquare-miamibeach-aerial-southpointview.jpeg\" \/>\n\t<meta property=\"og:image:width\" content=\"1000\" \/>\n\t<meta property=\"og:image:height\" content=\"1000\" \/>\n\t<meta property=\"og:image:type\" content=\"image\/jpeg\" \/>\n<meta name=\"twitter:card\" content=\"summary_large_image\" \/>\n<meta name=\"twitter:site\" content=\"@Miamibeachnews\" \/>\n<script type=\"application\/ld+json\" class=\"yoast-schema-graph\">{\"@context\":\"https:\\\/\\\/schema.org\",\"@graph\":[{\"@type\":\"WebPage\",\"@id\":\"https:\\\/\\\/www.miamibeachfl.gov\\\/city-hall\\\/facilities-and-fleet-management\\\/additional-contacts\\\/\",\"url\":\"https:\\\/\\\/www.miamibeachfl.gov\\\/city-hall\\\/facilities-and-fleet-management\\\/additional-contacts\\\/\",\"name\":\"Additional Contacts - City of Miami Beach\",\"isPartOf\":{\"@id\":\"https:\\\/\\\/www.miamibeachfl.gov\\\/#website\"},\"datePublished\":\"2024-05-20T21:23:35+00:00\",\"dateModified\":\"2026-01-27T16:11:10+00:00\",\"description\":\"%\",\"breadcrumb\":{\"@id\":\"https:\\\/\\\/www.miamibeachfl.gov\\\/city-hall\\\/facilities-and-fleet-management\\\/additional-contacts\\\/#breadcrumb\"},\"inLanguage\":\"fr-FR\",\"potentialAction\":[{\"@type\":\"ReadAction\",\"target\":[\"https:\\\/\\\/www.miamibeachfl.gov\\\/city-hall\\\/facilities-and-fleet-management\\\/additional-contacts\\\/\"]}]},{\"@type\":\"BreadcrumbList\",\"@id\":\"https:\\\/\\\/www.miamibeachfl.gov\\\/city-hall\\\/facilities-and-fleet-management\\\/additional-contacts\\\/#breadcrumb\",\"itemListElement\":[{\"@type\":\"ListItem\",\"position\":1,\"name\":\"Home\",\"item\":\"https:\\\/\\\/www.miamibeachfl.gov\\\/\"},{\"@type\":\"ListItem\",\"position\":2,\"name\":\"City Hall\",\"item\":\"https:\\\/\\\/www.miamibeachfl.gov\\\/city-hall\\\/\"},{\"@type\":\"ListItem\",\"position\":3,\"name\":\"Facilities &#038; Fleet Management\",\"item\":\"https:\\\/\\\/www.miamibeachfl.gov\\\/city-hall\\\/facilities-and-fleet-management\\\/\"},{\"@type\":\"ListItem\",\"position\":4,\"name\":\"Additional Contacts\"}]},{\"@type\":\"WebSite\",\"@id\":\"https:\\\/\\\/www.miamibeachfl.gov\\\/#website\",\"url\":\"https:\\\/\\\/www.miamibeachfl.gov\\\/\",\"name\":\"City of Miami Beach\",\"description\":\"The official website of the City of Miami Beach. Stay informed, find important information on city services, news, alerts, events, trolley routes, government employment and more.\",\"publisher\":{\"@id\":\"https:\\\/\\\/www.miamibeachfl.gov\\\/#organization\"},\"potentialAction\":[{\"@type\":\"SearchAction\",\"target\":{\"@type\":\"EntryPoint\",\"urlTemplate\":\"https:\\\/\\\/www.miamibeachfl.gov\\\/?s={search_term_string}\"},\"query-input\":{\"@type\":\"PropertyValueSpecification\",\"valueRequired\":true,\"valueName\":\"search_term_string\"}}],\"inLanguage\":\"fr-FR\"},{\"@type\":\"Organization\",\"@id\":\"https:\\\/\\\/www.miamibeachfl.gov\\\/#organization\",\"name\":\"City of Miami Beach\",\"url\":\"https:\\\/\\\/www.miamibeachfl.gov\\\/\",\"logo\":{\"@type\":\"ImageObject\",\"inLanguage\":\"fr-FR\",\"@id\":\"https:\\\/\\\/www.miamibeachfl.gov\\\/#\\\/schema\\\/logo\\\/image\\\/\",\"url\":\"https:\\\/\\\/www.miamibeachfl.gov\\\/wp-content\\\/uploads\\\/2022\\\/06\\\/miamibeach-logoblue.png\",\"contentUrl\":\"https:\\\/\\\/www.miamibeachfl.gov\\\/wp-content\\\/uploads\\\/2022\\\/06\\\/miamibeach-logoblue.png\",\"width\":1962,\"height\":381,\"caption\":\"City of Miami Beach\"},\"image\":{\"@id\":\"https:\\\/\\\/www.miamibeachfl.gov\\\/#\\\/schema\\\/logo\\\/image\\\/\"},\"sameAs\":[\"https:\\\/\\\/www.facebook.com\\\/cityofmiamibeach\",\"https:\\\/\\\/x.com\\\/Miamibeachnews\",\"https:\\\/\\\/www.instagram.com\\\/miamibeachnews\\\/\"],\"description\":\"The official website of the City of Miami Beach. Stay informed, find important information on city services, news, alerts, events, trolley routes, government employment and more.\",\"telephone\":\"305.604.CITY(2489)\",\"legalName\":\"City of Miami Beach\"}]}<\/script>\n<!-- \/ Yoast SEO Premium plugin. -->","yoast_head_json":{"title":"Contacts suppl\u00e9mentaires \u2013 Ville de Miami Beach","description":"%","robots":{"index":"index","follow":"follow","max-snippet":"max-snippet:-1","max-image-preview":"max-image-preview:large","max-video-preview":"max-video-preview:-1"},"canonical":"https:\/\/www.miamibeachfl.gov\/fr\/city-hall\/facilities-and-fleet-management\/additional-contacts\/","og_locale":"fr_FR","og_type":"article","og_title":"Additional Contacts","og_description":"%","og_url":"https:\/\/www.miamibeachfl.gov\/fr\/city-hall\/facilities-and-fleet-management\/additional-contacts\/","og_site_name":"City of Miami Beach","article_publisher":"https:\/\/www.facebook.com\/cityofmiamibeach","article_modified_time":"2026-01-27T16:11:10+00:00","og_image":[{"width":1000,"height":1000,"url":"https:\/\/www.miamibeachfl.gov\/wp-content\/uploads\/2024\/01\/1000pxSquare-miamibeach-aerial-southpointview.jpeg","type":"image\/jpeg"}],"twitter_card":"summary_large_image","twitter_site":"@Miamibeachnews","schema":{"@context":"https:\/\/schema.org","@graph":[{"@type":"WebPage","@id":"https:\/\/www.miamibeachfl.gov\/city-hall\/facilities-and-fleet-management\/additional-contacts\/","url":"https:\/\/www.miamibeachfl.gov\/city-hall\/facilities-and-fleet-management\/additional-contacts\/","name":"Contacts suppl\u00e9mentaires \u2013 Ville de Miami Beach","isPartOf":{"@id":"https:\/\/www.miamibeachfl.gov\/#website"},"datePublished":"2024-05-20T21:23:35+00:00","dateModified":"2026-01-27T16:11:10+00:00","description":"%","breadcrumb":{"@id":"https:\/\/www.miamibeachfl.gov\/city-hall\/facilities-and-fleet-management\/additional-contacts\/#breadcrumb"},"inLanguage":"fr-FR","potentialAction":[{"@type":"ReadAction","target":["https:\/\/www.miamibeachfl.gov\/city-hall\/facilities-and-fleet-management\/additional-contacts\/"]}]},{"@type":"BreadcrumbList","@id":"https:\/\/www.miamibeachfl.gov\/city-hall\/facilities-and-fleet-management\/additional-contacts\/#breadcrumb","itemListElement":[{"@type":"ListItem","position":1,"name":"Home","item":"https:\/\/www.miamibeachfl.gov\/"},{"@type":"ListItem","position":2,"name":"City Hall","item":"https:\/\/www.miamibeachfl.gov\/city-hall\/"},{"@type":"ListItem","position":3,"name":"Facilities &#038; Fleet Management","item":"https:\/\/www.miamibeachfl.gov\/city-hall\/facilities-and-fleet-management\/"},{"@type":"ListItem","position":4,"name":"Additional Contacts"}]},{"@type":"WebSite","@id":"https:\/\/www.miamibeachfl.gov\/#website","url":"https:\/\/www.miamibeachfl.gov\/","name":"Ville de Miami Beach","description":"Site officiel de la ville de Miami Beach. Restez inform\u00e9 et trouvez des informations importantes sur les services municipaux, les actualit\u00e9s, les alertes, les \u00e9v\u00e9nements, les itin\u00e9raires de tramway, les emplois gouvernementaux et bien plus encore.","publisher":{"@id":"https:\/\/www.miamibeachfl.gov\/#organization"},"potentialAction":[{"@type":"SearchAction","target":{"@type":"EntryPoint","urlTemplate":"https:\/\/www.miamibeachfl.gov\/?s={search_term_string}"},"query-input":{"@type":"PropertyValueSpecification","valueRequired":true,"valueName":"search_term_string"}}],"inLanguage":"fr-FR"},{"@type":"Organization","@id":"https:\/\/www.miamibeachfl.gov\/#organization","name":"Ville de Miami Beach","url":"https:\/\/www.miamibeachfl.gov\/","logo":{"@type":"ImageObject","inLanguage":"fr-FR","@id":"https:\/\/www.miamibeachfl.gov\/#\/schema\/logo\/image\/","url":"https:\/\/www.miamibeachfl.gov\/wp-content\/uploads\/2022\/06\/miamibeach-logoblue.png","contentUrl":"https:\/\/www.miamibeachfl.gov\/wp-content\/uploads\/2022\/06\/miamibeach-logoblue.png","width":1962,"height":381,"caption":"City of Miami Beach"},"image":{"@id":"https:\/\/www.miamibeachfl.gov\/#\/schema\/logo\/image\/"},"sameAs":["https:\/\/www.facebook.com\/cityofmiamibeach","https:\/\/x.com\/Miamibeachnews","https:\/\/www.instagram.com\/miamibeachnews\/"],"description":"Site officiel de la ville de Miami Beach. Restez inform\u00e9 et trouvez des informations importantes sur les services municipaux, les actualit\u00e9s, les alertes, les \u00e9v\u00e9nements, les itin\u00e9raires de tramway, les emplois gouvernementaux et bien plus encore.","telephone":"305.604.CITY(2489)","legalName":"City of Miami Beach"}]}},"_links":{"self":[{"href":"https:\/\/www.miamibeachfl.gov\/fr\/wp-json\/wp\/v2\/pages\/314491","targetHints":{"allow":["GET"]}}],"collection":[{"href":"https:\/\/www.miamibeachfl.gov\/fr\/wp-json\/wp\/v2\/pages"}],"about":[{"href":"https:\/\/www.miamibeachfl.gov\/fr\/wp-json\/wp\/v2\/types\/page"}],"author":[{"embeddable":true,"href":"https:\/\/www.miamibeachfl.gov\/fr\/wp-json\/wp\/v2\/users\/329"}],"replies":[{"embeddable":true,"href":"https:\/\/www.miamibeachfl.gov\/fr\/wp-json\/wp\/v2\/comments?post=314491"}],"version-history":[{"count":3,"href":"https:\/\/www.miamibeachfl.gov\/fr\/wp-json\/wp\/v2\/pages\/314491\/revisions"}],"predecessor-version":[{"id":395595,"href":"https:\/\/www.miamibeachfl.gov\/fr\/wp-json\/wp\/v2\/pages\/314491\/revisions\/395595"}],"up":[{"embeddable":true,"href":"https:\/\/www.miamibeachfl.gov\/fr\/wp-json\/wp\/v2\/pages\/314040"}],"wp:attachment":[{"href":"https:\/\/www.miamibeachfl.gov\/fr\/wp-json\/wp\/v2\/media?parent=314491"}],"wp:term":[{"taxonomy":"category","embeddable":true,"href":"https:\/\/www.miamibeachfl.gov\/fr\/wp-json\/wp\/v2\/categories?post=314491"},{"taxonomy":"post_tag","embeddable":true,"href":"https:\/\/www.miamibeachfl.gov\/fr\/wp-json\/wp\/v2\/tags?post=314491"}],"curies":[{"name":"wp","href":"https:\/\/api.w.org\/{rel}","templated":true}]}}