{"id":317371,"date":"2024-05-30T11:01:55","date_gmt":"2024-05-30T15:01:55","guid":{"rendered":"https:\/\/www.miamibeachfl.gov\/?page_id=317371"},"modified":"2025-09-25T11:58:00","modified_gmt":"2025-09-25T15:58:00","slug":"asset-management","status":"publish","type":"page","link":"https:\/\/www.miamibeachfl.gov\/fr\/city-hall\/facilities-and-fleet-management\/asset-management\/","title":{"rendered":"Gestion d&#039;actifs"},"content":{"rendered":"<h1>\n\t\t<a href=\"\/fr\/city-hall\/facilities-and-fleet-management\/\" title=\"Gestion des installations et de la flotte\"  target=\"_self\">\n\t\t\tGestion des installations et de la flotte\t\t<\/a>\n\t<\/h1>\nMenu de gestion des installations\/flotte\t\t\t\n\t\t\t\t\t<ul id=\"menu-facilities-and-fleet-management\"><li id=\"menu-item-318139\"><a href=\"https:\/\/www.miamibeachfl.gov\/fr\/city-hall\/facilities-and-fleet-management\/asset-management\/\">Gestion d&#039;actifs<\/a><\/li>\n<li id=\"menu-item-318138\"><a href=\"https:\/\/www.miamibeachfl.gov\/fr\/city-hall\/facilities-and-fleet-management\/facilities-management\/\">Gestion des installations<\/a><\/li>\n<li id=\"menu-item-318137\"><a href=\"https:\/\/www.miamibeachfl.gov\/fr\/city-hall\/facilities-and-fleet-management\/fleet-management\/\">Gestion de flotte<\/a><\/li>\n<li id=\"menu-item-317111\"><a href=\"https:\/\/apps.miamibeachfl.gov\/egovweb\">Signaler un probl\u00e8me<\/a><\/li>\n<li id=\"menu-item-317110\"><a href=\"https:\/\/www.miamibeachfl.gov\/fr\/city-hall\/facilities-and-fleet-management\/beach-concessions\/\">Permis de concession de plage<\/a><\/li>\n<\/ul>\t\nMenu Gestion des installations\/flotte \u00d7\t\t\t\t\t\t<ul id=\"menu-facilities-and-fleet-management-1\"><li id=\"menu-item-318139\"><a href=\"https:\/\/www.miamibeachfl.gov\/fr\/city-hall\/facilities-and-fleet-management\/asset-management\/\">Gestion d&#039;actifs<\/a><\/li>\n<li id=\"menu-item-318138\"><a href=\"https:\/\/www.miamibeachfl.gov\/fr\/city-hall\/facilities-and-fleet-management\/facilities-management\/\">Gestion des installations<\/a><\/li>\n<li id=\"menu-item-318137\"><a href=\"https:\/\/www.miamibeachfl.gov\/fr\/city-hall\/facilities-and-fleet-management\/fleet-management\/\">Gestion de flotte<\/a><\/li>\n<li id=\"menu-item-317111\"><a href=\"https:\/\/apps.miamibeachfl.gov\/egovweb\">Signaler un probl\u00e8me<\/a><\/li>\n<li id=\"menu-item-317110\"><a href=\"https:\/\/www.miamibeachfl.gov\/fr\/city-hall\/facilities-and-fleet-management\/beach-concessions\/\">Permis de concession de plage<\/a><\/li>\n<\/ul>\t\t\t\t\n\t\t<h3>Gestion d&#039;actifs<\/h3>\n\t<p>La Division de la gestion d&#039;actifs est responsable de la gestion d&#039;un portefeuille de plus de 388 parcelles \u00e0 usage commercial, gouvernemental, mixte et r\u00e9sidentiel, totalisant environ 2,7 millions de m\u00e8tres carr\u00e9s. Cette Division est charg\u00e9e d&#039;\u00e9laborer des normes en fonction du d\u00e9veloppement \u00e9conomique, d&#039;ajuster l&#039;IPC \u00e0 la valeur actuelle du march\u00e9, d&#039;optimiser les transactions immobili\u00e8res, d&#039;optimiser l&#039;espace et de maximiser la valeur du parc immobilier. Elle g\u00e8re \u00e9galement plus de 160 concessions et baux.<\/p>\n\t\t<h3>Contacts<\/h3>\n\t<strong>\u00c9lisabeth Miro<br \/>\n<\/strong>Gestion des installations et de la flotte, directeur adjoint<br \/>\n<a href=\"mailto:elizabethmiro@miamibeachfl.gov\">elizabethmiro@miamibeachfl.gov<\/a>\n<strong>Ozzie Dominguez<\/strong><br \/>\nDirecteur de la division Gestion d&#039;actifs<br \/>\n<a href=\"mailto:ozziedominguez@miamibeachfl.gov\">ozziedominguez@miamibeachfl.gov<\/a>\n<strong>Kevin Sanchez<\/strong><br \/>\nGestionnaire d&#039;actifs immobiliers<br \/>\n<a href=\"mailto:kevinsanchez@miamibeachfl.gov\">kevinsanchez@miamibeachfl.gov<\/a>\n<strong>Jean Carlos Vasquez<br \/>\n<\/strong>Gestionnaire d&#039;actifs immobiliers<br \/>\n<a href=\"mailto:jeancarlosvasquez@miamibeachfl.gov\">jeancarlosvasquez@miamibeachfl.gov<\/a>\n<strong>Santiago Sellan<\/strong><br \/>\nAdministrateur de la conformit\u00e9 des contrats<br \/>\n<a href=\"mailto:santiagosellan@miamibeachfl.gov\">santiagosellan@miamibeachfl.gov<\/a>\n<p>&nbsp;<\/p>\n<p>&nbsp;<\/p>\n\t\t<h3>\u00c9lisabeth Miro<\/h3>Directeur adjoint de la gestion des installations et de la flotte\n\t<ul>\n\t\t<li><a href=\"https:\/\/maps.app.goo.gl\/P2U27MCrP7DEyQqp8\" target=\"_blank\" rel=\"noopener\" aria-label=\"Acc\u00e9dez \u00e0 https:\/\/maps.app.goo.gl\/P2U27MCrP7DEyQqp8\">\t\t\t\t\n\t\t<h3>Si\u00e8ge social :<\/h3><p>1833, chemin Bay,<br \/>Miami Beach, FL 33139<\/p><\/a><\/li><li><a href=\"tel:3056737631\" target=\"_self\"  aria-label=\"Aller au t\u00e9l:3056737631\">\t\t\t\t\n\t\t<h3>Num\u00e9ro principal :<\/h3><p>305.673.7631<\/p><\/a><\/li><li>\t\t\t\t\n\t\t<h3>Heures d&#039;ouverture :<\/h3><p>Lundi \u2013 Vendredi<br \/>7h30 \u2013 17h00<\/p><\/li><li><a href=\"https:\/\/www.miamibeachfl.gov\/fr\/city-hall\/facilities-and-fleet-management\/additional-contacts\/\" target=\"_self\"  aria-label=\"Acc\u00e9dez \u00e0 https:\/\/www.miamibeachfl.gov\/city-hall\/facilities-and-fleet-management\/additional-contacts\/\">\t\t\t\t\n\t\t<h3>Informations de contact suppl\u00e9mentaires<\/h3><\/a><\/li>\t<\/ul>","protected":false},"excerpt":{"rendered":"<p>Facilities &#038; Fleet Management Facilities\/Fleet Management Menu Asset Management Facilities Management Fleet Management Report an Issue Beach Concessions Permit Facilities\/Fleet [&hellip;]<\/p>\n","protected":false},"author":329,"featured_media":0,"parent":314040,"menu_order":147,"comment_status":"closed","ping_status":"closed","template":"","meta":{"_searchwp_excluded":"","site-sidebar-layout":"default","site-content-layout":"","ast-site-content-layout":"default","site-content-style":"default","site-sidebar-style":"default","ast-global-header-display":"","ast-banner-title-visibility":"","ast-main-header-display":"","ast-hfb-above-header-display":"","ast-hfb-below-header-display":"","ast-hfb-mobile-header-display":"","site-post-title":"","ast-breadcrumbs-content":"","ast-featured-img":"","footer-sml-layout":"","theme-transparent-header-meta":"","adv-header-id-meta":"","stick-header-meta":"","header-above-stick-meta":"","header-main-stick-meta":"","header-below-stick-meta":"","astra-migrate-meta-layouts":"default","ast-page-background-enabled":"default","ast-page-background-meta":{"desktop":{"background-color":"var(--ast-global-color-5)","background-image":"","background-repeat":"repeat","background-position":"center center","background-size":"auto","background-attachment":"scroll","background-type":"","background-media":"","overlay-type":"","overlay-color":"","overlay-opacity":"","overlay-gradient":""},"tablet":{"background-color":"","background-image":"","background-repeat":"repeat","background-position":"center center","background-size":"auto","background-attachment":"scroll","background-type":"","background-media":"","overlay-type":"","overlay-color":"","overlay-opacity":"","overlay-gradient":""},"mobile":{"background-color":"","background-image":"","background-repeat":"repeat","background-position":"center center","background-size":"auto","background-attachment":"scroll","background-type":"","background-media":"","overlay-type":"","overlay-color":"","overlay-opacity":"","overlay-gradient":""}},"ast-content-background-meta":{"desktop":{"background-color":"var(--ast-global-color-4)","background-image":"","background-repeat":"repeat","background-position":"center center","background-size":"auto","background-attachment":"scroll","background-type":"","background-media":"","overlay-type":"","overlay-color":"","overlay-opacity":"","overlay-gradient":""},"tablet":{"background-color":"var(--ast-global-color-4)","background-image":"","background-repeat":"repeat","background-position":"center center","background-size":"auto","background-attachment":"scroll","background-type":"","background-media":"","overlay-type":"","overlay-color":"","overlay-opacity":"","overlay-gradient":""},"mobile":{"background-color":"var(--ast-global-color-4)","background-image":"","background-repeat":"repeat","background-position":"center center","background-size":"auto","background-attachment":"scroll","background-type":"","background-media":"","overlay-type":"","overlay-color":"","overlay-opacity":"","overlay-gradient":""}},"footnotes":""},"categories":[1],"tags":[],"class_list":["post-317371","page","type-page","status-publish","hentry","category-uncategorized"],"yoast_head":"<!-- This site is optimized with the Yoast SEO Premium plugin v27.4 (Yoast SEO v27.4) - https:\/\/yoast.com\/product\/yoast-seo-premium-wordpress\/ -->\n<title>Asset Management - City of Miami Beach<\/title>\n<meta name=\"description\" content=\"%\" \/>\n<meta name=\"robots\" content=\"index, follow, max-snippet:-1, max-image-preview:large, max-video-preview:-1\" \/>\n<link rel=\"canonical\" href=\"https:\/\/www.miamibeachfl.gov\/fr\/city-hall\/facilities-and-fleet-management\/asset-management\/\" \/>\n<meta property=\"og:locale\" content=\"fr_FR\" \/>\n<meta property=\"og:type\" content=\"article\" \/>\n<meta property=\"og:title\" content=\"Asset Management\" \/>\n<meta property=\"og:description\" content=\"%\" \/>\n<meta property=\"og:url\" content=\"https:\/\/www.miamibeachfl.gov\/fr\/city-hall\/facilities-and-fleet-management\/asset-management\/\" \/>\n<meta property=\"og:site_name\" content=\"City of Miami Beach\" \/>\n<meta property=\"article:publisher\" content=\"https:\/\/www.facebook.com\/cityofmiamibeach\" \/>\n<meta property=\"article:modified_time\" content=\"2025-09-25T15:58:00+00:00\" \/>\n<meta property=\"og:image\" content=\"https:\/\/www.miamibeachfl.gov\/wp-content\/uploads\/2024\/01\/1000pxSquare-miamibeach-aerial-southpointview.jpeg\" \/>\n\t<meta property=\"og:image:width\" content=\"1000\" \/>\n\t<meta property=\"og:image:height\" content=\"1000\" \/>\n\t<meta property=\"og:image:type\" content=\"image\/jpeg\" \/>\n<meta name=\"twitter:card\" content=\"summary_large_image\" \/>\n<meta name=\"twitter:site\" content=\"@Miamibeachnews\" \/>\n<script type=\"application\/ld+json\" class=\"yoast-schema-graph\">{\"@context\":\"https:\\\/\\\/schema.org\",\"@graph\":[{\"@type\":\"WebPage\",\"@id\":\"https:\\\/\\\/www.miamibeachfl.gov\\\/city-hall\\\/facilities-and-fleet-management\\\/asset-management\\\/\",\"url\":\"https:\\\/\\\/www.miamibeachfl.gov\\\/city-hall\\\/facilities-and-fleet-management\\\/asset-management\\\/\",\"name\":\"Asset Management - City of Miami Beach\",\"isPartOf\":{\"@id\":\"https:\\\/\\\/www.miamibeachfl.gov\\\/#website\"},\"datePublished\":\"2024-05-30T15:01:55+00:00\",\"dateModified\":\"2025-09-25T15:58:00+00:00\",\"description\":\"%\",\"breadcrumb\":{\"@id\":\"https:\\\/\\\/www.miamibeachfl.gov\\\/city-hall\\\/facilities-and-fleet-management\\\/asset-management\\\/#breadcrumb\"},\"inLanguage\":\"fr-FR\",\"potentialAction\":[{\"@type\":\"ReadAction\",\"target\":[\"https:\\\/\\\/www.miamibeachfl.gov\\\/city-hall\\\/facilities-and-fleet-management\\\/asset-management\\\/\"]}]},{\"@type\":\"BreadcrumbList\",\"@id\":\"https:\\\/\\\/www.miamibeachfl.gov\\\/city-hall\\\/facilities-and-fleet-management\\\/asset-management\\\/#breadcrumb\",\"itemListElement\":[{\"@type\":\"ListItem\",\"position\":1,\"name\":\"Home\",\"item\":\"https:\\\/\\\/www.miamibeachfl.gov\\\/\"},{\"@type\":\"ListItem\",\"position\":2,\"name\":\"City Hall\",\"item\":\"https:\\\/\\\/www.miamibeachfl.gov\\\/city-hall\\\/\"},{\"@type\":\"ListItem\",\"position\":3,\"name\":\"Facilities &#038; Fleet Management\",\"item\":\"https:\\\/\\\/www.miamibeachfl.gov\\\/city-hall\\\/facilities-and-fleet-management\\\/\"},{\"@type\":\"ListItem\",\"position\":4,\"name\":\"Asset Management\"}]},{\"@type\":\"WebSite\",\"@id\":\"https:\\\/\\\/www.miamibeachfl.gov\\\/#website\",\"url\":\"https:\\\/\\\/www.miamibeachfl.gov\\\/\",\"name\":\"City of Miami Beach\",\"description\":\"The official website of the City of Miami Beach. Stay informed, find important information on city services, news, alerts, events, trolley routes, government employment and more.\",\"publisher\":{\"@id\":\"https:\\\/\\\/www.miamibeachfl.gov\\\/#organization\"},\"potentialAction\":[{\"@type\":\"SearchAction\",\"target\":{\"@type\":\"EntryPoint\",\"urlTemplate\":\"https:\\\/\\\/www.miamibeachfl.gov\\\/?s={search_term_string}\"},\"query-input\":{\"@type\":\"PropertyValueSpecification\",\"valueRequired\":true,\"valueName\":\"search_term_string\"}}],\"inLanguage\":\"fr-FR\"},{\"@type\":\"Organization\",\"@id\":\"https:\\\/\\\/www.miamibeachfl.gov\\\/#organization\",\"name\":\"City of Miami Beach\",\"url\":\"https:\\\/\\\/www.miamibeachfl.gov\\\/\",\"logo\":{\"@type\":\"ImageObject\",\"inLanguage\":\"fr-FR\",\"@id\":\"https:\\\/\\\/www.miamibeachfl.gov\\\/#\\\/schema\\\/logo\\\/image\\\/\",\"url\":\"https:\\\/\\\/www.miamibeachfl.gov\\\/wp-content\\\/uploads\\\/2022\\\/06\\\/miamibeach-logoblue.png\",\"contentUrl\":\"https:\\\/\\\/www.miamibeachfl.gov\\\/wp-content\\\/uploads\\\/2022\\\/06\\\/miamibeach-logoblue.png\",\"width\":1962,\"height\":381,\"caption\":\"City of Miami Beach\"},\"image\":{\"@id\":\"https:\\\/\\\/www.miamibeachfl.gov\\\/#\\\/schema\\\/logo\\\/image\\\/\"},\"sameAs\":[\"https:\\\/\\\/www.facebook.com\\\/cityofmiamibeach\",\"https:\\\/\\\/x.com\\\/Miamibeachnews\",\"https:\\\/\\\/www.instagram.com\\\/miamibeachnews\\\/\"],\"description\":\"The official website of the City of Miami Beach. Stay informed, find important information on city services, news, alerts, events, trolley routes, government employment and more.\",\"telephone\":\"305.604.CITY(2489)\",\"legalName\":\"City of Miami Beach\"}]}<\/script>\n<!-- \/ Yoast SEO Premium plugin. -->","yoast_head_json":{"title":"Gestion d&#039;actifs - Ville de Miami Beach","description":"%","robots":{"index":"index","follow":"follow","max-snippet":"max-snippet:-1","max-image-preview":"max-image-preview:large","max-video-preview":"max-video-preview:-1"},"canonical":"https:\/\/www.miamibeachfl.gov\/fr\/city-hall\/facilities-and-fleet-management\/asset-management\/","og_locale":"fr_FR","og_type":"article","og_title":"Asset Management","og_description":"%","og_url":"https:\/\/www.miamibeachfl.gov\/fr\/city-hall\/facilities-and-fleet-management\/asset-management\/","og_site_name":"City of Miami Beach","article_publisher":"https:\/\/www.facebook.com\/cityofmiamibeach","article_modified_time":"2025-09-25T15:58:00+00:00","og_image":[{"width":1000,"height":1000,"url":"https:\/\/www.miamibeachfl.gov\/wp-content\/uploads\/2024\/01\/1000pxSquare-miamibeach-aerial-southpointview.jpeg","type":"image\/jpeg"}],"twitter_card":"summary_large_image","twitter_site":"@Miamibeachnews","schema":{"@context":"https:\/\/schema.org","@graph":[{"@type":"WebPage","@id":"https:\/\/www.miamibeachfl.gov\/city-hall\/facilities-and-fleet-management\/asset-management\/","url":"https:\/\/www.miamibeachfl.gov\/city-hall\/facilities-and-fleet-management\/asset-management\/","name":"Gestion d&#039;actifs - Ville de Miami Beach","isPartOf":{"@id":"https:\/\/www.miamibeachfl.gov\/#website"},"datePublished":"2024-05-30T15:01:55+00:00","dateModified":"2025-09-25T15:58:00+00:00","description":"%","breadcrumb":{"@id":"https:\/\/www.miamibeachfl.gov\/city-hall\/facilities-and-fleet-management\/asset-management\/#breadcrumb"},"inLanguage":"fr-FR","potentialAction":[{"@type":"ReadAction","target":["https:\/\/www.miamibeachfl.gov\/city-hall\/facilities-and-fleet-management\/asset-management\/"]}]},{"@type":"BreadcrumbList","@id":"https:\/\/www.miamibeachfl.gov\/city-hall\/facilities-and-fleet-management\/asset-management\/#breadcrumb","itemListElement":[{"@type":"ListItem","position":1,"name":"Home","item":"https:\/\/www.miamibeachfl.gov\/"},{"@type":"ListItem","position":2,"name":"City Hall","item":"https:\/\/www.miamibeachfl.gov\/city-hall\/"},{"@type":"ListItem","position":3,"name":"Facilities &#038; Fleet Management","item":"https:\/\/www.miamibeachfl.gov\/city-hall\/facilities-and-fleet-management\/"},{"@type":"ListItem","position":4,"name":"Asset Management"}]},{"@type":"WebSite","@id":"https:\/\/www.miamibeachfl.gov\/#website","url":"https:\/\/www.miamibeachfl.gov\/","name":"Ville de Miami Beach","description":"Site officiel de la ville de Miami Beach. Restez inform\u00e9 et trouvez des informations importantes sur les services municipaux, les actualit\u00e9s, les alertes, les \u00e9v\u00e9nements, les itin\u00e9raires de tramway, les emplois gouvernementaux et bien plus encore.","publisher":{"@id":"https:\/\/www.miamibeachfl.gov\/#organization"},"potentialAction":[{"@type":"SearchAction","target":{"@type":"EntryPoint","urlTemplate":"https:\/\/www.miamibeachfl.gov\/?s={search_term_string}"},"query-input":{"@type":"PropertyValueSpecification","valueRequired":true,"valueName":"search_term_string"}}],"inLanguage":"fr-FR"},{"@type":"Organization","@id":"https:\/\/www.miamibeachfl.gov\/#organization","name":"Ville de Miami Beach","url":"https:\/\/www.miamibeachfl.gov\/","logo":{"@type":"ImageObject","inLanguage":"fr-FR","@id":"https:\/\/www.miamibeachfl.gov\/#\/schema\/logo\/image\/","url":"https:\/\/www.miamibeachfl.gov\/wp-content\/uploads\/2022\/06\/miamibeach-logoblue.png","contentUrl":"https:\/\/www.miamibeachfl.gov\/wp-content\/uploads\/2022\/06\/miamibeach-logoblue.png","width":1962,"height":381,"caption":"City of Miami Beach"},"image":{"@id":"https:\/\/www.miamibeachfl.gov\/#\/schema\/logo\/image\/"},"sameAs":["https:\/\/www.facebook.com\/cityofmiamibeach","https:\/\/x.com\/Miamibeachnews","https:\/\/www.instagram.com\/miamibeachnews\/"],"description":"Site officiel de la ville de Miami Beach. Restez inform\u00e9 et trouvez des informations importantes sur les services municipaux, les actualit\u00e9s, les alertes, les \u00e9v\u00e9nements, les itin\u00e9raires de tramway, les emplois gouvernementaux et bien plus encore.","telephone":"305.604.CITY(2489)","legalName":"City of Miami Beach"}]}},"_links":{"self":[{"href":"https:\/\/www.miamibeachfl.gov\/fr\/wp-json\/wp\/v2\/pages\/317371","targetHints":{"allow":["GET"]}}],"collection":[{"href":"https:\/\/www.miamibeachfl.gov\/fr\/wp-json\/wp\/v2\/pages"}],"about":[{"href":"https:\/\/www.miamibeachfl.gov\/fr\/wp-json\/wp\/v2\/types\/page"}],"author":[{"embeddable":true,"href":"https:\/\/www.miamibeachfl.gov\/fr\/wp-json\/wp\/v2\/users\/329"}],"replies":[{"embeddable":true,"href":"https:\/\/www.miamibeachfl.gov\/fr\/wp-json\/wp\/v2\/comments?post=317371"}],"version-history":[{"count":2,"href":"https:\/\/www.miamibeachfl.gov\/fr\/wp-json\/wp\/v2\/pages\/317371\/revisions"}],"predecessor-version":[{"id":389380,"href":"https:\/\/www.miamibeachfl.gov\/fr\/wp-json\/wp\/v2\/pages\/317371\/revisions\/389380"}],"up":[{"embeddable":true,"href":"https:\/\/www.miamibeachfl.gov\/fr\/wp-json\/wp\/v2\/pages\/314040"}],"wp:attachment":[{"href":"https:\/\/www.miamibeachfl.gov\/fr\/wp-json\/wp\/v2\/media?parent=317371"}],"wp:term":[{"taxonomy":"category","embeddable":true,"href":"https:\/\/www.miamibeachfl.gov\/fr\/wp-json\/wp\/v2\/categories?post=317371"},{"taxonomy":"post_tag","embeddable":true,"href":"https:\/\/www.miamibeachfl.gov\/fr\/wp-json\/wp\/v2\/tags?post=317371"}],"curies":[{"name":"wp","href":"https:\/\/api.w.org\/{rel}","templated":true}]}}