{"id":319992,"date":"2024-06-06T11:37:42","date_gmt":"2024-06-06T15:37:42","guid":{"rendered":"https:\/\/www.miamibeachfl.gov\/?page_id=319992"},"modified":"2025-05-25T17:09:37","modified_gmt":"2025-05-25T21:09:37","slug":"archive","status":"publish","type":"page","link":"https:\/\/www.miamibeachfl.gov\/fr\/city-hall\/city-clerk\/meetings-and-agendas\/archive\/","title":{"rendered":"Archive"},"content":{"rendered":"<h1>\n\t\t\tOrdres du jour\t<\/h1>\nMenu des parcs et loisirs\t\t\t\n\t\t\t\t\t<ul id=\"menu-city-clerk\"><li id=\"menu-item-317005\"><a href=\"\/fr\/city-hall\/city-clerk\/\">greffier de la ville<\/a><\/li>\n<li id=\"menu-item-258831\"><a href=\"\/fr\/city-hall\/city-clerk\/public-records-request\/\">documents publics<\/a><\/li>\n<li id=\"menu-item-258832\"><a href=\"\/fr\/city-hall\/city-clerk\/meetings-and-agendas\/\">Ordres du jour<\/a><\/li>\n<li id=\"menu-item-258833\"><a href=\"\/fr\/city-hall\/city-clerk\/forms\/\">Formulaires<\/a><\/li>\n<li id=\"menu-item-258834\"><a href=\"\/fr\/city-hall\/city-clerk\/boards-and-committees\/\">Conseils et comit\u00e9s<\/a><\/li>\n<li id=\"menu-item-258835\"><a href=\"\/fr\/city-hall\/city-clerk\/election-information\/\">Informations \u00e9lectorales<\/a><\/li>\n<li id=\"menu-item-258836\"><a href=\"\/fr\/city-hall\/city-clerk\/notification-system\/\">Notifications<\/a><\/li>\n<li id=\"menu-item-258837\"><a href=\"\/fr\/city-hall\/city-clerk\/public-records-request\/additional-contacts\/\">Contactez-nous<\/a><\/li>\n<\/ul>\t\nMenu Parcs et loisirs \u00d7\t\t\t\t\t\t<ul id=\"menu-city-clerk-1\"><li id=\"menu-item-317005\"><a href=\"\/fr\/city-hall\/city-clerk\/\">greffier de la ville<\/a><\/li>\n<li id=\"menu-item-258831\"><a href=\"\/fr\/city-hall\/city-clerk\/public-records-request\/\">documents publics<\/a><\/li>\n<li id=\"menu-item-258832\"><a href=\"\/fr\/city-hall\/city-clerk\/meetings-and-agendas\/\">Ordres du jour<\/a><\/li>\n<li id=\"menu-item-258833\"><a href=\"\/fr\/city-hall\/city-clerk\/forms\/\">Formulaires<\/a><\/li>\n<li id=\"menu-item-258834\"><a href=\"\/fr\/city-hall\/city-clerk\/boards-and-committees\/\">Conseils et comit\u00e9s<\/a><\/li>\n<li id=\"menu-item-258835\"><a href=\"\/fr\/city-hall\/city-clerk\/election-information\/\">Informations \u00e9lectorales<\/a><\/li>\n<li id=\"menu-item-258836\"><a href=\"\/fr\/city-hall\/city-clerk\/notification-system\/\">Notifications<\/a><\/li>\n<li id=\"menu-item-258837\"><a href=\"\/fr\/city-hall\/city-clerk\/public-records-request\/additional-contacts\/\">Contactez-nous<\/a><\/li>\n<\/ul>\t\t\t\t\n\t<iframe loading=\"lazy\" title=\"Voir les r\u00e9unions de la Commission et du Conseil\" src=\"https:\/\/miamibeach.novusagenda.com\/agendapublic\/meetingsgeneral.aspx\" name=\"cityofmiamibeach\" width=\"100%\" height=\"900\" frameborder=\"0\"><\/iframe>\n\t\t\t<a href=\"https:\/\/www.miamibeachfl.gov\/fr\/city-hall\/city-clerk\/special-magistrate\/\" target=\"_blank\" rel=\"noopener\">\n\t\t\t\t\t\tMAGISTRAT SP\u00c9CIAL<br \/> Ordres du jour et informations\n\t\t\t\t\t<\/a>\n\t\t\t<a href=\"https:\/\/www.miamibeachfl.gov\/fr\/city-hall\/city-clerk\/agenda-archive-main-page-2\/\" target=\"_blank\" rel=\"noopener\">\n\t\t\t\t\t\tProchaines r\u00e9unions de la Commission et du Comit\u00e9 de la Commission\n\t\t\t\t\t<\/a>\n\t\t\t<a href=\"https:\/\/www.miamibeachfl.gov\/fr\/city-hall\/city-clerk\/agenda-archive-main-page-2\/archive\/\" target=\"_blank\" rel=\"noopener\">\n\t\t\t\t\t\tOrdres du jour et proc\u00e8s-verbaux des r\u00e9unions de la Commission et du Comit\u00e9 de la Commission avant le 26 juin 2024\n\t\t\t\t\t<\/a>\n\t\t\t<a href=\"https:\/\/www.miamibeachfl.gov\/fr\/city-hall\/city-clerk\/agenda-archive-main-page-2\/archive\/\" target=\"_blank\" rel=\"noopener\">\n\t\t\t\t\t\tOrdres du jour et proc\u00e8s-verbaux des r\u00e9unions des commissions d&#039;am\u00e9nagement du territoire avant le 9 juillet 2024\n\t\t\t\t\t<\/a>\n\t\t\t<a href=\"https:\/\/docmgmt.miamibeachfl.gov\/WebLink\/Browse.aspx?id=217585&#038;dbid=0&#038;repo=CityClerk&#038;cr=1\" target=\"_blank\" rel=\"noopener\">\n\t\t\t\t\t\tOrdre du jour des r\u00e9unions de la Commission et ordre du jour apr\u00e8s les actions men\u00e9es avant le 20 juillet 2016\n\t\t\t\t\t<\/a>\n\t\t\t<a href=\"https:\/\/www.miamibeachfl.gov\/fr\/city-hall\/city-clerk\/agenda-archive-main-page-2\/archived-agendas-after-actions-schedules\/\" target=\"_blank\" rel=\"noopener\">\n\t\t\t\t\t\tRapports apr\u00e8s action et proc\u00e8s-verbaux des r\u00e9unions des commissions d&#039;am\u00e9nagement du territoire avant mars 2016\n\t\t\t\t\t<\/a>","protected":false},"excerpt":{"rendered":"<p>Ordres du jour Parcs et loisirs Menu Greffier de la ville Archives publiques Ordres du jour Formulaires Conseils et comit\u00e9s Informations \u00e9lectorales Avis Contactez-nous Parcs [\u2026]<\/p>","protected":false},"author":329,"featured_media":0,"parent":319949,"menu_order":0,"comment_status":"closed","ping_status":"closed","template":"","meta":{"_searchwp_excluded":"","site-sidebar-layout":"default","site-content-layout":"","ast-site-content-layout":"default","site-content-style":"default","site-sidebar-style":"default","ast-global-header-display":"","ast-banner-title-visibility":"","ast-main-header-display":"","ast-hfb-above-header-display":"","ast-hfb-below-header-display":"","ast-hfb-mobile-header-display":"","site-post-title":"","ast-breadcrumbs-content":"","ast-featured-img":"","footer-sml-layout":"","theme-transparent-header-meta":"","adv-header-id-meta":"","stick-header-meta":"","header-above-stick-meta":"","header-main-stick-meta":"","header-below-stick-meta":"","astra-migrate-meta-layouts":"default","ast-page-background-enabled":"default","ast-page-background-meta":{"desktop":{"background-color":"var(--ast-global-color-5)","background-image":"","background-repeat":"repeat","background-position":"center center","background-size":"auto","background-attachment":"scroll","background-type":"","background-media":"","overlay-type":"","overlay-color":"","overlay-opacity":"","overlay-gradient":""},"tablet":{"background-color":"","background-image":"","background-repeat":"repeat","background-position":"center center","background-size":"auto","background-attachment":"scroll","background-type":"","background-media":"","overlay-type":"","overlay-color":"","overlay-opacity":"","overlay-gradient":""},"mobile":{"background-color":"","background-image":"","background-repeat":"repeat","background-position":"center center","background-size":"auto","background-attachment":"scroll","background-type":"","background-media":"","overlay-type":"","overlay-color":"","overlay-opacity":"","overlay-gradient":""}},"ast-content-background-meta":{"desktop":{"background-color":"var(--ast-global-color-4)","background-image":"","background-repeat":"repeat","background-position":"center center","background-size":"auto","background-attachment":"scroll","background-type":"","background-media":"","overlay-type":"","overlay-color":"","overlay-opacity":"","overlay-gradient":""},"tablet":{"background-color":"var(--ast-global-color-4)","background-image":"","background-repeat":"repeat","background-position":"center center","background-size":"auto","background-attachment":"scroll","background-type":"","background-media":"","overlay-type":"","overlay-color":"","overlay-opacity":"","overlay-gradient":""},"mobile":{"background-color":"var(--ast-global-color-4)","background-image":"","background-repeat":"repeat","background-position":"center center","background-size":"auto","background-attachment":"scroll","background-type":"","background-media":"","overlay-type":"","overlay-color":"","overlay-opacity":"","overlay-gradient":""}},"footnotes":""},"categories":[],"tags":[],"class_list":["post-319992","page","type-page","status-publish","hentry"],"yoast_head":"<!-- This site is optimized with the Yoast SEO Premium plugin v26.6 (Yoast SEO v26.6) - https:\/\/yoast.com\/wordpress\/plugins\/seo\/ -->\n<title>Archive - City of Miami Beach<\/title>\n<meta name=\"description\" content=\"%\" \/>\n<meta name=\"robots\" content=\"index, follow, max-snippet:-1, max-image-preview:large, max-video-preview:-1\" \/>\n<link rel=\"canonical\" href=\"https:\/\/www.miamibeachfl.gov\/fr\/city-hall\/city-clerk\/meetings-and-agendas\/archive\/\" \/>\n<meta property=\"og:locale\" content=\"fr_FR\" \/>\n<meta property=\"og:type\" content=\"article\" \/>\n<meta property=\"og:title\" content=\"Archive\" \/>\n<meta property=\"og:description\" content=\"%\" \/>\n<meta property=\"og:url\" content=\"https:\/\/www.miamibeachfl.gov\/fr\/city-hall\/city-clerk\/meetings-and-agendas\/archive\/\" \/>\n<meta property=\"og:site_name\" content=\"City of Miami Beach\" \/>\n<meta property=\"article:publisher\" content=\"https:\/\/www.facebook.com\/cityofmiamibeach\" \/>\n<meta property=\"article:modified_time\" content=\"2025-05-25T21:09:37+00:00\" \/>\n<meta property=\"og:image\" content=\"https:\/\/www.miamibeachfl.gov\/wp-content\/uploads\/2024\/01\/1000pxSquare-miamibeach-aerial-southpointview.jpeg\" \/>\n\t<meta property=\"og:image:width\" content=\"1000\" \/>\n\t<meta property=\"og:image:height\" content=\"1000\" \/>\n\t<meta property=\"og:image:type\" content=\"image\/jpeg\" \/>\n<meta name=\"twitter:card\" content=\"summary_large_image\" \/>\n<meta name=\"twitter:site\" content=\"@Miamibeachnews\" \/>\n<script type=\"application\/ld+json\" class=\"yoast-schema-graph\">{\"@context\":\"https:\/\/schema.org\",\"@graph\":[{\"@type\":\"WebPage\",\"@id\":\"https:\/\/www.miamibeachfl.gov\/city-hall\/city-clerk\/meetings-and-agendas\/archive\/\",\"url\":\"https:\/\/www.miamibeachfl.gov\/city-hall\/city-clerk\/meetings-and-agendas\/archive\/\",\"name\":\"Archive - City of Miami Beach\",\"isPartOf\":{\"@id\":\"https:\/\/www.miamibeachfl.gov\/#website\"},\"datePublished\":\"2024-06-06T15:37:42+00:00\",\"dateModified\":\"2025-05-25T21:09:37+00:00\",\"description\":\"%\",\"breadcrumb\":{\"@id\":\"https:\/\/www.miamibeachfl.gov\/city-hall\/city-clerk\/meetings-and-agendas\/archive\/#breadcrumb\"},\"inLanguage\":\"fr-FR\",\"potentialAction\":[{\"@type\":\"ReadAction\",\"target\":[\"https:\/\/www.miamibeachfl.gov\/city-hall\/city-clerk\/meetings-and-agendas\/archive\/\"]}]},{\"@type\":\"BreadcrumbList\",\"@id\":\"https:\/\/www.miamibeachfl.gov\/city-hall\/city-clerk\/meetings-and-agendas\/archive\/#breadcrumb\",\"itemListElement\":[{\"@type\":\"ListItem\",\"position\":1,\"name\":\"Home\",\"item\":\"https:\/\/www.miamibeachfl.gov\/\"},{\"@type\":\"ListItem\",\"position\":2,\"name\":\"City Hall\",\"item\":\"https:\/\/www.miamibeachfl.gov\/city-hall\/\"},{\"@type\":\"ListItem\",\"position\":3,\"name\":\"City Clerk\",\"item\":\"https:\/\/www.miamibeachfl.gov\/city-hall\/city-clerk\/\"},{\"@type\":\"ListItem\",\"position\":4,\"name\":\"City of Miami Beach Meetings and Agendas\",\"item\":\"https:\/\/www.miamibeachfl.gov\/city-hall\/city-clerk\/meetings-and-agendas\/\"},{\"@type\":\"ListItem\",\"position\":5,\"name\":\"Archive\"}]},{\"@type\":\"WebSite\",\"@id\":\"https:\/\/www.miamibeachfl.gov\/#website\",\"url\":\"https:\/\/www.miamibeachfl.gov\/\",\"name\":\"City of Miami Beach\",\"description\":\"The official website of the City of Miami Beach. Stay informed, find important information on city services, news, alerts, events, trolley routes, government employment and more.\",\"publisher\":{\"@id\":\"https:\/\/www.miamibeachfl.gov\/#organization\"},\"potentialAction\":[{\"@type\":\"SearchAction\",\"target\":{\"@type\":\"EntryPoint\",\"urlTemplate\":\"https:\/\/www.miamibeachfl.gov\/?s={search_term_string}\"},\"query-input\":{\"@type\":\"PropertyValueSpecification\",\"valueRequired\":true,\"valueName\":\"search_term_string\"}}],\"inLanguage\":\"fr-FR\"},{\"@type\":\"Organization\",\"@id\":\"https:\/\/www.miamibeachfl.gov\/#organization\",\"name\":\"City of Miami Beach\",\"url\":\"https:\/\/www.miamibeachfl.gov\/\",\"logo\":{\"@type\":\"ImageObject\",\"inLanguage\":\"fr-FR\",\"@id\":\"https:\/\/www.miamibeachfl.gov\/#\/schema\/logo\/image\/\",\"url\":\"https:\/\/www.miamibeachfl.gov\/wp-content\/uploads\/2022\/06\/miamibeach-logoblue.png\",\"contentUrl\":\"https:\/\/www.miamibeachfl.gov\/wp-content\/uploads\/2022\/06\/miamibeach-logoblue.png\",\"width\":1962,\"height\":381,\"caption\":\"City of Miami Beach\"},\"image\":{\"@id\":\"https:\/\/www.miamibeachfl.gov\/#\/schema\/logo\/image\/\"},\"sameAs\":[\"https:\/\/www.facebook.com\/cityofmiamibeach\",\"https:\/\/x.com\/Miamibeachnews\",\"https:\/\/www.instagram.com\/miamibeachnews\/\"],\"description\":\"The official website of the City of Miami Beach. Stay informed, find important information on city services, news, alerts, events, trolley routes, government employment and more.\",\"telephone\":\"305.604.CITY(2489)\",\"legalName\":\"City of Miami Beach\"}]}<\/script>\n<!-- \/ Yoast SEO Premium plugin. -->","yoast_head_json":{"title":"Archives - Ville de Miami Beach","description":"%","robots":{"index":"index","follow":"follow","max-snippet":"max-snippet:-1","max-image-preview":"max-image-preview:large","max-video-preview":"max-video-preview:-1"},"canonical":"https:\/\/www.miamibeachfl.gov\/fr\/city-hall\/city-clerk\/meetings-and-agendas\/archive\/","og_locale":"fr_FR","og_type":"article","og_title":"Archive","og_description":"%","og_url":"https:\/\/www.miamibeachfl.gov\/fr\/city-hall\/city-clerk\/meetings-and-agendas\/archive\/","og_site_name":"City of Miami Beach","article_publisher":"https:\/\/www.facebook.com\/cityofmiamibeach","article_modified_time":"2025-05-25T21:09:37+00:00","og_image":[{"width":1000,"height":1000,"url":"https:\/\/www.miamibeachfl.gov\/wp-content\/uploads\/2024\/01\/1000pxSquare-miamibeach-aerial-southpointview.jpeg","type":"image\/jpeg"}],"twitter_card":"summary_large_image","twitter_site":"@Miamibeachnews","schema":{"@context":"https:\/\/schema.org","@graph":[{"@type":"WebPage","@id":"https:\/\/www.miamibeachfl.gov\/city-hall\/city-clerk\/meetings-and-agendas\/archive\/","url":"https:\/\/www.miamibeachfl.gov\/city-hall\/city-clerk\/meetings-and-agendas\/archive\/","name":"Archives - Ville de Miami Beach","isPartOf":{"@id":"https:\/\/www.miamibeachfl.gov\/#website"},"datePublished":"2024-06-06T15:37:42+00:00","dateModified":"2025-05-25T21:09:37+00:00","description":"%","breadcrumb":{"@id":"https:\/\/www.miamibeachfl.gov\/city-hall\/city-clerk\/meetings-and-agendas\/archive\/#breadcrumb"},"inLanguage":"fr-FR","potentialAction":[{"@type":"ReadAction","target":["https:\/\/www.miamibeachfl.gov\/city-hall\/city-clerk\/meetings-and-agendas\/archive\/"]}]},{"@type":"BreadcrumbList","@id":"https:\/\/www.miamibeachfl.gov\/city-hall\/city-clerk\/meetings-and-agendas\/archive\/#breadcrumb","itemListElement":[{"@type":"ListItem","position":1,"name":"Home","item":"https:\/\/www.miamibeachfl.gov\/"},{"@type":"ListItem","position":2,"name":"City Hall","item":"https:\/\/www.miamibeachfl.gov\/city-hall\/"},{"@type":"ListItem","position":3,"name":"City Clerk","item":"https:\/\/www.miamibeachfl.gov\/city-hall\/city-clerk\/"},{"@type":"ListItem","position":4,"name":"City of Miami Beach Meetings and Agendas","item":"https:\/\/www.miamibeachfl.gov\/city-hall\/city-clerk\/meetings-and-agendas\/"},{"@type":"ListItem","position":5,"name":"Archive"}]},{"@type":"WebSite","@id":"https:\/\/www.miamibeachfl.gov\/#website","url":"https:\/\/www.miamibeachfl.gov\/","name":"Ville de Miami Beach","description":"Site officiel de la ville de Miami Beach. Restez inform\u00e9 et trouvez des informations importantes sur les services municipaux, les actualit\u00e9s, les alertes, les \u00e9v\u00e9nements, les itin\u00e9raires de tramway, les emplois gouvernementaux et bien plus encore.","publisher":{"@id":"https:\/\/www.miamibeachfl.gov\/#organization"},"potentialAction":[{"@type":"SearchAction","target":{"@type":"EntryPoint","urlTemplate":"https:\/\/www.miamibeachfl.gov\/?s={search_term_string}"},"query-input":{"@type":"PropertyValueSpecification","valueRequired":true,"valueName":"search_term_string"}}],"inLanguage":"fr-FR"},{"@type":"Organization","@id":"https:\/\/www.miamibeachfl.gov\/#organization","name":"Ville de Miami Beach","url":"https:\/\/www.miamibeachfl.gov\/","logo":{"@type":"ImageObject","inLanguage":"fr-FR","@id":"https:\/\/www.miamibeachfl.gov\/#\/schema\/logo\/image\/","url":"https:\/\/www.miamibeachfl.gov\/wp-content\/uploads\/2022\/06\/miamibeach-logoblue.png","contentUrl":"https:\/\/www.miamibeachfl.gov\/wp-content\/uploads\/2022\/06\/miamibeach-logoblue.png","width":1962,"height":381,"caption":"City of Miami Beach"},"image":{"@id":"https:\/\/www.miamibeachfl.gov\/#\/schema\/logo\/image\/"},"sameAs":["https:\/\/www.facebook.com\/cityofmiamibeach","https:\/\/x.com\/Miamibeachnews","https:\/\/www.instagram.com\/miamibeachnews\/"],"description":"Site officiel de la ville de Miami Beach. Restez inform\u00e9 et trouvez des informations importantes sur les services municipaux, les actualit\u00e9s, les alertes, les \u00e9v\u00e9nements, les itin\u00e9raires de tramway, les emplois gouvernementaux et bien plus encore.","telephone":"305.604.CITY(2489)","legalName":"City of Miami Beach"}]}},"_links":{"self":[{"href":"https:\/\/www.miamibeachfl.gov\/fr\/wp-json\/wp\/v2\/pages\/319992","targetHints":{"allow":["GET"]}}],"collection":[{"href":"https:\/\/www.miamibeachfl.gov\/fr\/wp-json\/wp\/v2\/pages"}],"about":[{"href":"https:\/\/www.miamibeachfl.gov\/fr\/wp-json\/wp\/v2\/types\/page"}],"author":[{"embeddable":true,"href":"https:\/\/www.miamibeachfl.gov\/fr\/wp-json\/wp\/v2\/users\/329"}],"replies":[{"embeddable":true,"href":"https:\/\/www.miamibeachfl.gov\/fr\/wp-json\/wp\/v2\/comments?post=319992"}],"version-history":[{"count":0,"href":"https:\/\/www.miamibeachfl.gov\/fr\/wp-json\/wp\/v2\/pages\/319992\/revisions"}],"up":[{"embeddable":true,"href":"https:\/\/www.miamibeachfl.gov\/fr\/wp-json\/wp\/v2\/pages\/319949"}],"wp:attachment":[{"href":"https:\/\/www.miamibeachfl.gov\/fr\/wp-json\/wp\/v2\/media?parent=319992"}],"wp:term":[{"taxonomy":"category","embeddable":true,"href":"https:\/\/www.miamibeachfl.gov\/fr\/wp-json\/wp\/v2\/categories?post=319992"},{"taxonomy":"post_tag","embeddable":true,"href":"https:\/\/www.miamibeachfl.gov\/fr\/wp-json\/wp\/v2\/tags?post=319992"}],"curies":[{"name":"wp","href":"https:\/\/api.w.org\/{rel}","templated":true}]}}