{"id":321349,"date":"2024-06-14T09:35:51","date_gmt":"2024-06-14T13:35:51","guid":{"rendered":"https:\/\/www.miamibeachfl.gov\/?page_id=321349"},"modified":"2025-06-07T10:05:50","modified_gmt":"2025-06-07T14:05:50","slug":"citizen-police-academy-hate-crime-prevention","status":"publish","type":"page","link":"https:\/\/www.miamibeachfl.gov\/fr\/yourmbpd\/citizen-police-academy-hate-crime-prevention\/","title":{"rendered":"Acad\u00e9mie de police citoyenne Pr\u00e9vention des crimes haineux"},"content":{"rendered":"<a href=\"\/fr\/yourmbpd\/\"  target=\"_self\" itemprop=\"url\">\n\t\t\t\t<img decoding=\"async\" src=\"https:\/\/www.miamibeachfl.gov\/wp-content\/uploads\/2019\/12\/badge-for-banner.png\" alt=\"badge for banner\" itemprop=\"image\" title=\"badge pour banni\u00e8re\" onerror=\"this.style.display='none'\" loading='lazy' \/>\n\t\t\t\t<\/a>\n<h3>\n\t\t<a href=\"\/fr\/yourmbpd\/leadership\/\" title=\"DIRECTION\"  target=\"_self\">\n\t\t\tDIRECTION\t\t<\/a>\n\t<\/h3>\n<h3>\n\t\t<a href=\"\/fr\/yourmbpd\/neighborhoods\/\" title=\"QUARTIERS\"  target=\"_self\">\n\t\t\tQUARTIERS\t\t<\/a>\n\t<\/h3>\n<h3>\n\t\t<a href=\"\/fr\/yourmbpd\/services\/\" title=\"SERVICES\"  target=\"_self\">\n\t\t\tSERVICES\t\t<\/a>\n\t<\/h3>\n\t\t\t\t<img decoding=\"async\" src=\"https:\/\/www.miamibeachfl.gov\/wp-content\/uploads\/2024\/06\/mbpd-lgbtqphoto.png\" alt=\"mbpd\" itemprop=\"image\" title=\"mbpd-lgbtqphoto\" onerror=\"this.style.display='none'\" loading='lazy' \/>\n<h1>\n\t\t\tAcad\u00e9mie de police citoyenne<br \/>Pr\u00e9vention des crimes haineux\t<\/h1>\n<h3>\n\t\t\tArr\u00eatez la haine. Ne soyez pas une victime.\t<\/h3>\n\t<p>La communaut\u00e9 LGBTQIA+ est extr\u00eamement vuln\u00e9rable aux actes de violence non provoqu\u00e9s. C&#039;est pourquoi le service de police de Miami Beach a lanc\u00e9 sa campagne de pr\u00e9vention des crimes haineux et de sensibilisation aux ressources. L&#039;objectif est de lutter proactivement contre la tendance croissante des crimes haineux, en particulier ceux visant la communaut\u00e9 LGBTQIA+, gr\u00e2ce \u00e0 une strat\u00e9gie globale. L&#039;objectif ultime est d&#039;am\u00e9liorer la s\u00e9curit\u00e9 publique et la qualit\u00e9 de vie de tous ceux qui vivent, travaillent et visitent la ville de Miami Beach.<\/p>\n<p>La campagne comprend plusieurs initiatives visant \u00e0 promouvoir des moyens concrets de pr\u00e9venir le harc\u00e8lement et les abus fond\u00e9s sur les pr\u00e9jug\u00e9s. Ces initiatives comprennent des programmes \u00e9ducatifs, une collaboration communautaire et des efforts de pr\u00e9vention. \u00ab\u00a0Halte \u00e0 la haine. Ne soyez pas une victime\u00a0!\u00a0\u00bb La campagne de pr\u00e9vention et de sensibilisation aux crimes haineux du service de police de Miami Beach comprend le programme \u00ab\u00a0Halte \u00e0 la haine. Ne soyez pas une victime\u00a0\u00bb, qui fait partie de son volet \u00e9ducatif.<\/p>\n<p>Ce programme interactif de huit semaines est con\u00e7u pour les populations vuln\u00e9rables, y compris, mais sans s&#039;y limiter, la communaut\u00e9 LGBTQIA+, afin de r\u00e9duire leurs risques de devenir victimes de crimes motiv\u00e9s par des pr\u00e9jug\u00e9s.<\/p>\n<h3>\n\t\t\tLes cours auront lieu le jeudi soir de 18h \u00e0 21h dans la salle de formation du d\u00e9partement de police de Miami Beach.\t<\/h3>\n<h3>\n\t\t\tLe programme est gratuit et tout le mat\u00e9riel de cours sera fourni.\t<\/h3>\n\t\t\t\t<a href=\"https:\/\/www.miamibeachfl.gov\/wp-content\/uploads\/2024\/06\/MBPDHateCrimePreventionandResourceAwarenessBrochure-.pdf\"  target=\"_blank\" rel=\"noopener\"  itemprop=\"url\">\n\t\t\t\t<img decoding=\"async\" src=\"https:\/\/www.miamibeachfl.gov\/wp-content\/uploads\/2024\/06\/mbpdlgbtqprogrambrocure-thumb.jpeg\" alt=\"mbpd lgbtq brochure thumb\" itemprop=\"image\" title=\"brochure du programme mbpdlgbtq-thumb\" onerror=\"this.style.display='none'\" loading='lazy' \/>\n\t\t\t\t<\/a>\n<h4>\n\t\t\tT\u00e9l\u00e9charger la brochure \t<\/h4>\n<h3>\n\t\t\tProgramme d&#039;\u00e9tudes\t<\/h3>\n<h3>\n\t\t\tLe programme couvre une vari\u00e9t\u00e9 de sujets, notamment :\t<\/h3>\n\t\t\t\t\t<a href=\"#\"  id=\"fl-accordion--label-0\" tabindex=\"0\" aria-controls=\"fl-accordion--panel-0\"> Semaine 1 : Introduction.<\/a>\n\t\t\t\t\t\t\t\t\t\t\t<a href=\"#\" id=\"fl-accordion--icon-0\"  tabindex=\"0\"><i title=\"D\u00e9velopper\">D\u00e9velopper<\/i><\/a>\n\t\t\t\t\t<p>L&#039;\u00e9tat-major du service de police de Miami Beach accueillera les participants et pr\u00e9sentera le service, sa mission, ses objectifs, ses initiatives sp\u00e9ciales et ses d\u00e9fis. L&#039;agent de liaison LGBTQIA+ du service pr\u00e9sentera \u00e9galement les initiatives LGBTQIA+, notamment les programmes \u00ab\u00a0Endroit s\u00fbr\u00a0\u00bb et \u00ab\u00a0Halte \u00e0 la haine. Ne soyez pas victime\u00a0\u00bb.<\/p>\n\t\t\t\t\t<a href=\"#\"  id=\"fl-accordion--label-1\" tabindex=\"0\" aria-controls=\"fl-accordion--panel-1\"> Semaine 2 : Vol d\u2019identit\u00e9 et fraude \u2013 Applications de rencontres sur les r\u00e9seaux sociaux.<\/a>\n\t\t\t\t\t\t\t\t\t\t\t<a href=\"#\" id=\"fl-accordion--icon-1\"  tabindex=\"0\"><i title=\"D\u00e9velopper\">D\u00e9velopper<\/i><\/a>\n\t\t\t\t\t<p>Au cours de cette session, les participants apprendront \u00e0 identifier et \u00e0 d\u00e9tecter les signes avant-coureurs d&#039;une fraude ou d&#039;un vol d&#039;identit\u00e9. Ils apprendront \u00e9galement \u00e0 r\u00e9agir de mani\u00e8re appropri\u00e9e pour pr\u00e9venir et att\u00e9nuer le vol d&#039;identit\u00e9. De plus, les formateurs aborderont le probl\u00e8me de la sous-d\u00e9claration des crimes motiv\u00e9s par des pr\u00e9jug\u00e9s.<\/p>\n\t\t\t\t\t<a href=\"#\"  id=\"fl-accordion--label-2\" tabindex=\"0\" aria-controls=\"fl-accordion--panel-2\"> Semaine 3 : Formation \u00e0 la diversit\u00e9 sur l\u2019identit\u00e9 de genre et l\u2019expression de genre.<\/a>\n\t\t\t\t\t\t\t\t\t\t\t<a href=\"#\" id=\"fl-accordion--icon-2\"  tabindex=\"0\"><i title=\"D\u00e9velopper\">D\u00e9velopper<\/i><\/a>\n\t\t\t\t\t<p>Cette s\u00e9ance se concentrera sur les \u00e9l\u00e9ments essentiels du sexe biologique, de l&#039;identit\u00e9 de genre et de l&#039;expression de genre. Au cours de cette s\u00e9ance, les participants examineront les statistiques, la terminologie et les ressources, et discuteront des moyens de devenir un alli\u00e9 trans.<\/p>\n\t\t\t\t\t<a href=\"#\"  id=\"fl-accordion--label-3\" tabindex=\"0\" aria-controls=\"fl-accordion--panel-3\"> Semaine 4 : Autod\u00e9fense et tactiques d\u00e9fensives.<\/a>\n\t\t\t\t\t\t\t\t\t\t\t<a href=\"#\" id=\"fl-accordion--icon-3\"  tabindex=\"0\"><i title=\"D\u00e9velopper\">D\u00e9velopper<\/i><\/a>\n\t\t\t\t\t<p>L&#039;objectif de cette le\u00e7on est d&#039;apprendre aux participants \u00e0 ne pas se comporter comme une victime. Plus pr\u00e9cis\u00e9ment, elle leur apprendra \u00e0 contrecarrer proactivement le plan d&#039;un agresseur, de mani\u00e8re pr\u00e9ventive et avec l&#039;\u00e9tat d&#039;esprit appropri\u00e9.<\/p>\n\t\t\t\t\t<a href=\"#\"  id=\"fl-accordion--label-4\" tabindex=\"0\" aria-controls=\"fl-accordion--panel-4\"> Semaine 5 : Formation et pr\u00e9sentation sur les tireurs actifs.<\/a>\n\t\t\t\t\t\t\t\t\t\t\t<a href=\"#\" id=\"fl-accordion--icon-4\"  tabindex=\"0\"><i title=\"D\u00e9velopper\">D\u00e9velopper<\/i><\/a>\n\t\t\t\t\t<p>Cette s\u00e9ance permettra aux participants de comprendre l&#039;historique, les statistiques, les interventions et les pratiques de pr\u00e9vention associ\u00e9es \u00e0 une fusillade ou une attaque. Elle comprendra \u00e9galement une pr\u00e9sentation sur la fusillade du club Pulse.<\/p>\n\t\t\t\t\t<a href=\"#\"  id=\"fl-accordion--label-5\" tabindex=\"0\" aria-controls=\"fl-accordion--panel-5\"> Semaine 6 : Formation \u00e0 la d\u00e9sescalade.<\/a>\n\t\t\t\t\t\t\t\t\t\t\t<a href=\"#\" id=\"fl-accordion--icon-5\"  tabindex=\"0\"><i title=\"D\u00e9velopper\">D\u00e9velopper<\/i><\/a>\n\t\t\t\t\t<p>Cette s\u00e9ance aidera \u00e0 reconna\u00eetre les signaux non verbaux, verbaux et physiques et \u00e0 agir avec pr\u00e9cision pour d\u00e9samorcer les situations d&#039;escalade via le simulateur de formation en r\u00e9alit\u00e9 virtuelle de pointe du d\u00e9partement.<\/p>\n\t\t\t\t\t<a href=\"#\"  id=\"fl-accordion--label-6\" tabindex=\"0\" aria-controls=\"fl-accordion--panel-6\"> Semaine 7 : Instruction et pratique des armes \u00e0 feu.<\/a>\n\t\t\t\t\t\t\t\t\t\t\t<a href=\"#\" id=\"fl-accordion--icon-6\"  tabindex=\"0\"><i title=\"D\u00e9velopper\">D\u00e9velopper<\/i><\/a>\n\t\t\t\t\t<p>Le module de formation sur les armes \u00e0 feu permet aux participants de se familiariser avec les armes \u00e0 feu, notamment leur nomenclature, leur entretien et leur maintenance. Au cours de cette session, les participants se rendront au stand de tir du MBPD, o\u00f9 ils recevront une introduction aux fondamentaux du tir.<\/p>\n\t\t\t\t\t<a href=\"#\"  id=\"fl-accordion--label-7\" tabindex=\"0\" aria-controls=\"fl-accordion--panel-7\"> Semaine 8 : Conclusion.<\/a>\n\t\t\t\t\t\t\t\t\t\t\t<a href=\"#\" id=\"fl-accordion--icon-7\"  tabindex=\"0\"><i title=\"D\u00e9velopper\">D\u00e9velopper<\/i><\/a>\n\t\t\t\t\t<p>Au cours de cette derni\u00e8re s\u00e9ance, les participants r\u00e9fl\u00e9chiront \u00e0 ce qu\u2019ils ont appris pendant le programme et recevront un certificat d\u2019ach\u00e8vement.<\/p>\n<h3>\n\t\t\tFormulaire d&#039;inscription :\t<\/h3>\n\t<p>\u00a9 2025 Copyright Ville de Miami Beach.<\/p>\n\t\t\t<a href=\"\/fr\/\" target=\"_self\">\n\t\t\t\t\t\t\tSite Web de la ville de Miami Beach\n\t\t\t\t\t<\/a>\n\t\t\t<a href=\"\/fr\/policies-disclaimers\/\" target=\"_self\">\n\t\t\t\t\t\t\tPolitiques et avis de non-responsabilit\u00e9\n\t\t\t\t\t<\/a>\n\t\t\t<a href=\"\/fr\/accessibility\/\" target=\"_self\">\n\t\t\t\t\t\t\tAccessibilit\u00e9\n\t\t\t\t\t<\/a>\n\t\t\t<a href=\"\/fr\/policies-disclaimers\/#cookies\" target=\"_self\">\n\t\t\t\t\t\t\tParam\u00e8tres des cookies\n\t\t\t\t\t<\/a>","protected":false},"excerpt":{"rendered":"<p>LEADERSHIP NEIGHBORHOODS SERVICES Citizen Police AcademyHate Crime Prevention Stop the Hate. Don&#8217;t be a Victim The LGBTQIA+ community is acutely [&hellip;]<\/p>\n","protected":false},"author":222,"featured_media":0,"parent":120936,"menu_order":0,"comment_status":"closed","ping_status":"closed","template":"","meta":{"_searchwp_excluded":"","site-sidebar-layout":"default","site-content-layout":"","ast-site-content-layout":"","site-content-style":"default","site-sidebar-style":"default","ast-global-header-display":"disabled","ast-banner-title-visibility":"","ast-main-header-display":"","ast-hfb-above-header-display":"","ast-hfb-below-header-display":"","ast-hfb-mobile-header-display":"","site-post-title":"","ast-breadcrumbs-content":"","ast-featured-img":"","footer-sml-layout":"disabled","theme-transparent-header-meta":"","adv-header-id-meta":"","stick-header-meta":"","header-above-stick-meta":"","header-main-stick-meta":"","header-below-stick-meta":"","astra-migrate-meta-layouts":"default","ast-page-background-enabled":"default","ast-page-background-meta":{"desktop":{"background-color":"var(--ast-global-color-5)","background-image":"","background-repeat":"repeat","background-position":"center center","background-size":"auto","background-attachment":"scroll","background-type":"","background-media":"","overlay-type":"","overlay-color":"","overlay-opacity":"","overlay-gradient":""},"tablet":{"background-color":"","background-image":"","background-repeat":"repeat","background-position":"center center","background-size":"auto","background-attachment":"scroll","background-type":"","background-media":"","overlay-type":"","overlay-color":"","overlay-opacity":"","overlay-gradient":""},"mobile":{"background-color":"","background-image":"","background-repeat":"repeat","background-position":"center center","background-size":"auto","background-attachment":"scroll","background-type":"","background-media":"","overlay-type":"","overlay-color":"","overlay-opacity":"","overlay-gradient":""}},"ast-content-background-meta":{"desktop":{"background-color":"var(--ast-global-color-4)","background-image":"","background-repeat":"repeat","background-position":"center center","background-size":"auto","background-attachment":"scroll","background-type":"","background-media":"","overlay-type":"","overlay-color":"","overlay-opacity":"","overlay-gradient":""},"tablet":{"background-color":"var(--ast-global-color-4)","background-image":"","background-repeat":"repeat","background-position":"center center","background-size":"auto","background-attachment":"scroll","background-type":"","background-media":"","overlay-type":"","overlay-color":"","overlay-opacity":"","overlay-gradient":""},"mobile":{"background-color":"var(--ast-global-color-4)","background-image":"","background-repeat":"repeat","background-position":"center center","background-size":"auto","background-attachment":"scroll","background-type":"","background-media":"","overlay-type":"","overlay-color":"","overlay-opacity":"","overlay-gradient":""}},"footnotes":""},"categories":[],"tags":[],"class_list":["post-321349","page","type-page","status-publish","hentry"],"yoast_head":"<!-- This site is optimized with the Yoast SEO Premium plugin v27.4 (Yoast SEO v27.4) - https:\/\/yoast.com\/product\/yoast-seo-premium-wordpress\/ -->\n<title>Citizen Police Academy Hate Crime Prevention - City of Miami Beach<\/title>\n<meta name=\"description\" content=\"The LGBTQIA+ community is acutely vulnerable to unprovoked acts of violence. As a result, the department launched the Miami Beach Police Department&#039;s Hate Crime Prevention and Resource Awareness Campaign.\" \/>\n<meta name=\"robots\" content=\"index, follow, max-snippet:-1, max-image-preview:large, max-video-preview:-1\" \/>\n<link rel=\"canonical\" href=\"https:\/\/www.miamibeachfl.gov\/fr\/yourmbpd\/citizen-police-academy-hate-crime-prevention\/\" \/>\n<meta property=\"og:locale\" content=\"fr_FR\" \/>\n<meta property=\"og:type\" content=\"article\" \/>\n<meta property=\"og:title\" content=\"Citizen Police Academy Hate Crime Prevention\" \/>\n<meta property=\"og:description\" content=\"The LGBTQIA+ community is acutely vulnerable to unprovoked acts of violence. As a result, the department launched the Miami Beach Police Department&#039;s Hate Crime Prevention and Resource Awareness Campaign.\" \/>\n<meta property=\"og:url\" content=\"https:\/\/www.miamibeachfl.gov\/fr\/yourmbpd\/citizen-police-academy-hate-crime-prevention\/\" \/>\n<meta property=\"og:site_name\" content=\"City of Miami Beach\" \/>\n<meta property=\"article:publisher\" content=\"https:\/\/www.facebook.com\/cityofmiamibeach\" \/>\n<meta property=\"article:modified_time\" content=\"2025-06-07T14:05:50+00:00\" \/>\n<meta property=\"og:image\" content=\"https:\/\/www.miamibeachfl.gov\/wp-content\/uploads\/2019\/12\/badge-for-banner.png\" \/>\n<meta name=\"twitter:card\" content=\"summary_large_image\" \/>\n<meta name=\"twitter:site\" content=\"@Miamibeachnews\" \/>\n<script type=\"application\/ld+json\" class=\"yoast-schema-graph\">{\"@context\":\"https:\\\/\\\/schema.org\",\"@graph\":[{\"@type\":\"WebPage\",\"@id\":\"https:\\\/\\\/www.miamibeachfl.gov\\\/yourmbpd\\\/citizen-police-academy-hate-crime-prevention\\\/\",\"url\":\"https:\\\/\\\/www.miamibeachfl.gov\\\/yourmbpd\\\/citizen-police-academy-hate-crime-prevention\\\/\",\"name\":\"Citizen Police Academy Hate Crime Prevention - City of Miami Beach\",\"isPartOf\":{\"@id\":\"https:\\\/\\\/www.miamibeachfl.gov\\\/#website\"},\"primaryImageOfPage\":{\"@id\":\"https:\\\/\\\/www.miamibeachfl.gov\\\/yourmbpd\\\/citizen-police-academy-hate-crime-prevention\\\/#primaryimage\"},\"image\":{\"@id\":\"https:\\\/\\\/www.miamibeachfl.gov\\\/yourmbpd\\\/citizen-police-academy-hate-crime-prevention\\\/#primaryimage\"},\"thumbnailUrl\":\"https:\\\/\\\/www.miamibeachfl.gov\\\/wp-content\\\/uploads\\\/2019\\\/12\\\/badge-for-banner.png\",\"datePublished\":\"2024-06-14T13:35:51+00:00\",\"dateModified\":\"2025-06-07T14:05:50+00:00\",\"description\":\"The LGBTQIA+ community is acutely vulnerable to unprovoked acts of violence. As a result, the department launched the Miami Beach Police Department's Hate Crime Prevention and Resource Awareness Campaign.\",\"breadcrumb\":{\"@id\":\"https:\\\/\\\/www.miamibeachfl.gov\\\/yourmbpd\\\/citizen-police-academy-hate-crime-prevention\\\/#breadcrumb\"},\"inLanguage\":\"fr-FR\",\"potentialAction\":[{\"@type\":\"ReadAction\",\"target\":[\"https:\\\/\\\/www.miamibeachfl.gov\\\/yourmbpd\\\/citizen-police-academy-hate-crime-prevention\\\/\"]}]},{\"@type\":\"ImageObject\",\"inLanguage\":\"fr-FR\",\"@id\":\"https:\\\/\\\/www.miamibeachfl.gov\\\/yourmbpd\\\/citizen-police-academy-hate-crime-prevention\\\/#primaryimage\",\"url\":\"https:\\\/\\\/www.miamibeachfl.gov\\\/wp-content\\\/uploads\\\/2019\\\/12\\\/badge-for-banner.png\",\"contentUrl\":\"https:\\\/\\\/www.miamibeachfl.gov\\\/wp-content\\\/uploads\\\/2019\\\/12\\\/badge-for-banner.png\"},{\"@type\":\"BreadcrumbList\",\"@id\":\"https:\\\/\\\/www.miamibeachfl.gov\\\/yourmbpd\\\/citizen-police-academy-hate-crime-prevention\\\/#breadcrumb\",\"itemListElement\":[{\"@type\":\"ListItem\",\"position\":1,\"name\":\"Home\",\"item\":\"https:\\\/\\\/www.miamibeachfl.gov\\\/\"},{\"@type\":\"ListItem\",\"position\":2,\"name\":\"Police\",\"item\":\"https:\\\/\\\/www.miamibeachfl.gov\\\/yourmbpd\\\/\"},{\"@type\":\"ListItem\",\"position\":3,\"name\":\"Citizen Police Academy Hate Crime Prevention\"}]},{\"@type\":\"WebSite\",\"@id\":\"https:\\\/\\\/www.miamibeachfl.gov\\\/#website\",\"url\":\"https:\\\/\\\/www.miamibeachfl.gov\\\/\",\"name\":\"City of Miami Beach\",\"description\":\"The official website of the City of Miami Beach. Stay informed, find important information on city services, news, alerts, events, trolley routes, government employment and more.\",\"publisher\":{\"@id\":\"https:\\\/\\\/www.miamibeachfl.gov\\\/#organization\"},\"potentialAction\":[{\"@type\":\"SearchAction\",\"target\":{\"@type\":\"EntryPoint\",\"urlTemplate\":\"https:\\\/\\\/www.miamibeachfl.gov\\\/?s={search_term_string}\"},\"query-input\":{\"@type\":\"PropertyValueSpecification\",\"valueRequired\":true,\"valueName\":\"search_term_string\"}}],\"inLanguage\":\"fr-FR\"},{\"@type\":\"Organization\",\"@id\":\"https:\\\/\\\/www.miamibeachfl.gov\\\/#organization\",\"name\":\"City of Miami Beach\",\"url\":\"https:\\\/\\\/www.miamibeachfl.gov\\\/\",\"logo\":{\"@type\":\"ImageObject\",\"inLanguage\":\"fr-FR\",\"@id\":\"https:\\\/\\\/www.miamibeachfl.gov\\\/#\\\/schema\\\/logo\\\/image\\\/\",\"url\":\"https:\\\/\\\/www.miamibeachfl.gov\\\/wp-content\\\/uploads\\\/2022\\\/06\\\/miamibeach-logoblue.png\",\"contentUrl\":\"https:\\\/\\\/www.miamibeachfl.gov\\\/wp-content\\\/uploads\\\/2022\\\/06\\\/miamibeach-logoblue.png\",\"width\":1962,\"height\":381,\"caption\":\"City of Miami Beach\"},\"image\":{\"@id\":\"https:\\\/\\\/www.miamibeachfl.gov\\\/#\\\/schema\\\/logo\\\/image\\\/\"},\"sameAs\":[\"https:\\\/\\\/www.facebook.com\\\/cityofmiamibeach\",\"https:\\\/\\\/x.com\\\/Miamibeachnews\",\"https:\\\/\\\/www.instagram.com\\\/miamibeachnews\\\/\"],\"description\":\"The official website of the City of Miami Beach. Stay informed, find important information on city services, news, alerts, events, trolley routes, government employment and more.\",\"telephone\":\"305.604.CITY(2489)\",\"legalName\":\"City of Miami Beach\"}]}<\/script>\n<!-- \/ Yoast SEO Premium plugin. -->","yoast_head_json":{"title":"Acad\u00e9mie de police citoyenne\u00a0: pr\u00e9vention des crimes haineux\u00a0\u2013 Ville de Miami Beach","description":"La communaut\u00e9 LGBTQIA+ est extr\u00eamement vuln\u00e9rable aux actes de violence non provoqu\u00e9s. C&#039;est pourquoi le d\u00e9partement de police de Miami Beach a lanc\u00e9 sa campagne de pr\u00e9vention des crimes haineux et de sensibilisation aux ressources.","robots":{"index":"index","follow":"follow","max-snippet":"max-snippet:-1","max-image-preview":"max-image-preview:large","max-video-preview":"max-video-preview:-1"},"canonical":"https:\/\/www.miamibeachfl.gov\/fr\/yourmbpd\/citizen-police-academy-hate-crime-prevention\/","og_locale":"fr_FR","og_type":"article","og_title":"Citizen Police Academy Hate Crime Prevention","og_description":"The LGBTQIA+ community is acutely vulnerable to unprovoked acts of violence. As a result, the department launched the Miami Beach Police Department's Hate Crime Prevention and Resource Awareness Campaign.","og_url":"https:\/\/www.miamibeachfl.gov\/fr\/yourmbpd\/citizen-police-academy-hate-crime-prevention\/","og_site_name":"City of Miami Beach","article_publisher":"https:\/\/www.facebook.com\/cityofmiamibeach","article_modified_time":"2025-06-07T14:05:50+00:00","og_image":[{"url":"https:\/\/www.miamibeachfl.gov\/wp-content\/uploads\/2019\/12\/badge-for-banner.png","type":"","width":"","height":""}],"twitter_card":"summary_large_image","twitter_site":"@Miamibeachnews","schema":{"@context":"https:\/\/schema.org","@graph":[{"@type":"WebPage","@id":"https:\/\/www.miamibeachfl.gov\/yourmbpd\/citizen-police-academy-hate-crime-prevention\/","url":"https:\/\/www.miamibeachfl.gov\/yourmbpd\/citizen-police-academy-hate-crime-prevention\/","name":"Acad\u00e9mie de police citoyenne\u00a0: pr\u00e9vention des crimes haineux\u00a0\u2013 Ville de Miami Beach","isPartOf":{"@id":"https:\/\/www.miamibeachfl.gov\/#website"},"primaryImageOfPage":{"@id":"https:\/\/www.miamibeachfl.gov\/yourmbpd\/citizen-police-academy-hate-crime-prevention\/#primaryimage"},"image":{"@id":"https:\/\/www.miamibeachfl.gov\/yourmbpd\/citizen-police-academy-hate-crime-prevention\/#primaryimage"},"thumbnailUrl":"https:\/\/www.miamibeachfl.gov\/wp-content\/uploads\/2019\/12\/badge-for-banner.png","datePublished":"2024-06-14T13:35:51+00:00","dateModified":"2025-06-07T14:05:50+00:00","description":"La communaut\u00e9 LGBTQIA+ est extr\u00eamement vuln\u00e9rable aux actes de violence non provoqu\u00e9s. C&#039;est pourquoi le d\u00e9partement de police de Miami Beach a lanc\u00e9 sa campagne de pr\u00e9vention des crimes haineux et de sensibilisation aux ressources.","breadcrumb":{"@id":"https:\/\/www.miamibeachfl.gov\/yourmbpd\/citizen-police-academy-hate-crime-prevention\/#breadcrumb"},"inLanguage":"fr-FR","potentialAction":[{"@type":"ReadAction","target":["https:\/\/www.miamibeachfl.gov\/yourmbpd\/citizen-police-academy-hate-crime-prevention\/"]}]},{"@type":"ImageObject","inLanguage":"fr-FR","@id":"https:\/\/www.miamibeachfl.gov\/yourmbpd\/citizen-police-academy-hate-crime-prevention\/#primaryimage","url":"https:\/\/www.miamibeachfl.gov\/wp-content\/uploads\/2019\/12\/badge-for-banner.png","contentUrl":"https:\/\/www.miamibeachfl.gov\/wp-content\/uploads\/2019\/12\/badge-for-banner.png"},{"@type":"BreadcrumbList","@id":"https:\/\/www.miamibeachfl.gov\/yourmbpd\/citizen-police-academy-hate-crime-prevention\/#breadcrumb","itemListElement":[{"@type":"ListItem","position":1,"name":"Home","item":"https:\/\/www.miamibeachfl.gov\/"},{"@type":"ListItem","position":2,"name":"Police","item":"https:\/\/www.miamibeachfl.gov\/yourmbpd\/"},{"@type":"ListItem","position":3,"name":"Citizen Police Academy Hate Crime Prevention"}]},{"@type":"WebSite","@id":"https:\/\/www.miamibeachfl.gov\/#website","url":"https:\/\/www.miamibeachfl.gov\/","name":"Ville de Miami Beach","description":"Site officiel de la ville de Miami Beach. Restez inform\u00e9 et trouvez des informations importantes sur les services municipaux, les actualit\u00e9s, les alertes, les \u00e9v\u00e9nements, les itin\u00e9raires de tramway, les emplois gouvernementaux et bien plus encore.","publisher":{"@id":"https:\/\/www.miamibeachfl.gov\/#organization"},"potentialAction":[{"@type":"SearchAction","target":{"@type":"EntryPoint","urlTemplate":"https:\/\/www.miamibeachfl.gov\/?s={search_term_string}"},"query-input":{"@type":"PropertyValueSpecification","valueRequired":true,"valueName":"search_term_string"}}],"inLanguage":"fr-FR"},{"@type":"Organization","@id":"https:\/\/www.miamibeachfl.gov\/#organization","name":"Ville de Miami Beach","url":"https:\/\/www.miamibeachfl.gov\/","logo":{"@type":"ImageObject","inLanguage":"fr-FR","@id":"https:\/\/www.miamibeachfl.gov\/#\/schema\/logo\/image\/","url":"https:\/\/www.miamibeachfl.gov\/wp-content\/uploads\/2022\/06\/miamibeach-logoblue.png","contentUrl":"https:\/\/www.miamibeachfl.gov\/wp-content\/uploads\/2022\/06\/miamibeach-logoblue.png","width":1962,"height":381,"caption":"City of Miami Beach"},"image":{"@id":"https:\/\/www.miamibeachfl.gov\/#\/schema\/logo\/image\/"},"sameAs":["https:\/\/www.facebook.com\/cityofmiamibeach","https:\/\/x.com\/Miamibeachnews","https:\/\/www.instagram.com\/miamibeachnews\/"],"description":"Site officiel de la ville de Miami Beach. Restez inform\u00e9 et trouvez des informations importantes sur les services municipaux, les actualit\u00e9s, les alertes, les \u00e9v\u00e9nements, les itin\u00e9raires de tramway, les emplois gouvernementaux et bien plus encore.","telephone":"305.604.CITY(2489)","legalName":"City of Miami Beach"}]}},"_links":{"self":[{"href":"https:\/\/www.miamibeachfl.gov\/fr\/wp-json\/wp\/v2\/pages\/321349","targetHints":{"allow":["GET"]}}],"collection":[{"href":"https:\/\/www.miamibeachfl.gov\/fr\/wp-json\/wp\/v2\/pages"}],"about":[{"href":"https:\/\/www.miamibeachfl.gov\/fr\/wp-json\/wp\/v2\/types\/page"}],"author":[{"embeddable":true,"href":"https:\/\/www.miamibeachfl.gov\/fr\/wp-json\/wp\/v2\/users\/222"}],"replies":[{"embeddable":true,"href":"https:\/\/www.miamibeachfl.gov\/fr\/wp-json\/wp\/v2\/comments?post=321349"}],"version-history":[{"count":5,"href":"https:\/\/www.miamibeachfl.gov\/fr\/wp-json\/wp\/v2\/pages\/321349\/revisions"}],"predecessor-version":[{"id":375639,"href":"https:\/\/www.miamibeachfl.gov\/fr\/wp-json\/wp\/v2\/pages\/321349\/revisions\/375639"}],"up":[{"embeddable":true,"href":"https:\/\/www.miamibeachfl.gov\/fr\/wp-json\/wp\/v2\/pages\/120936"}],"wp:attachment":[{"href":"https:\/\/www.miamibeachfl.gov\/fr\/wp-json\/wp\/v2\/media?parent=321349"}],"wp:term":[{"taxonomy":"category","embeddable":true,"href":"https:\/\/www.miamibeachfl.gov\/fr\/wp-json\/wp\/v2\/categories?post=321349"},{"taxonomy":"post_tag","embeddable":true,"href":"https:\/\/www.miamibeachfl.gov\/fr\/wp-json\/wp\/v2\/tags?post=321349"}],"curies":[{"name":"wp","href":"https:\/\/api.w.org\/{rel}","templated":true}]}}